{"id":219340,"date":"2026-04-21T00:53:57","date_gmt":"2026-04-21T06:53:57","guid":{"rendered":"https:\/\/compuviper.mx\/tienda\/producto\/acteck-ac-936743-teclado-aurean-pro-ta477g-alambrico-usb-multimedia-iluminacion-rgb-anti-ghosting-105-teclas-membrana-espaol-negro\/"},"modified":"2026-04-21T00:53:58","modified_gmt":"2026-04-21T06:53:58","slug":"acteck-ac-9367437506215936743-teclado-aurean-pro-ta477g-alambrico-usb-multimedia-iluminacion-rgb-anti-ghosting-105-teclas-membrana-espaol-negro-ac-936743","status":"publish","type":"product","link":"https:\/\/compuviper.mx\/tienda\/producto\/acteck-ac-9367437506215936743-teclado-aurean-pro-ta477g-alambrico-usb-multimedia-iluminacion-rgb-anti-ghosting-105-teclas-membrana-espaol-negro-ac-936743\/","title":{"rendered":"Acteck Ac-936743,7506215936743 Teclado  Aurean Pro Ta477g \/ Alambrico Usb \/ Multimedia \/ Iluminacion Rgb \/ Anti-ghosting \/ 105 Teclas\/ Membrana \/ Espa?ol \/ Negro \/ Ac-936743"},"content":{"rendered":"<table class=\"descripcion\">\n<tr>\n<td>Especificaciones<\/td>\n<\/tr>\n<tr>\n<td>\u0095 producto: teclado<\/td>\n<\/tr>\n<tr>\n<td>\u0095 modelo: ac-936743<\/td>\n<\/tr>\n<tr>\n<td>\u0095 material: abs<\/td>\n<\/tr>\n<tr>\n<td>\u0095 color: negro<\/td>\n<\/tr>\n<tr>\n<td>\u0095 dimensiones: 441 x 178 x 34 mm<\/td>\n<\/tr>\n<tr>\n<td>\u0095 peso: 650 g<\/td>\n<\/tr>\n<tr>\n<td>\u0095 compatibilidad: windows, mac os, android<\/td>\n<\/tr>\n<tr>\n<td>\u0095 idioma: multi &#8211; lenguaje<\/td>\n<\/tr>\n<tr>\n<td>\u0095 switch: membrana<\/td>\n<\/tr>\n<tr>\n<td>\u0095 anti-ghosting: 100%<\/td>\n<\/tr>\n<tr>\n<td>\u0095 conectividad: alambrica usb<\/td>\n<\/tr>\n<tr>\n<td>\u0095 tipo de cable: pvc<\/td>\n<\/tr>\n<tr>\n<td>\u0095 longitud del cable: 1.4 m<\/td>\n<\/tr>\n<tr>\n<td>\u0095 tipo de teclas: tapas inyectadas, 8 millones de clicks<\/td>\n<\/tr>\n<tr>\n<td>\u0095 n\u00famero de teclas totales: 105<\/td>\n<\/tr>\n<tr>\n<td>\u0095 iluminaci\u00f3n<\/td>\n<\/tr>\n<tr>\n<td>      o tipo:  rgb<\/td>\n<\/tr>\n<tr>\n<td>      o modos: 1<\/td>\n<\/tr>\n<tr>\n<td>\u0095 caracter\u00edstica el\u00e9ctrica: 5 vcc<\/td>\n<\/tr>\n<\/table>\n","protected":false},"excerpt":{"rendered":"<p>Teclado acteck aurean pro ta477g \/ alambrico usb \/ multimedia \/ iluminacion rgb \/ anti-ghosting \/ 105 teclas\/ membrana \/ espa\u00f1ol \/ negro \/ ac-936743<\/p>\n","protected":false},"featured_media":242671,"comment_status":"open","ping_status":"open","template":"","meta":[],"product_cat":[1713,1716],"product_tag":[1582],"acf":[],"yoast_head":"<!-- This site is optimized with the Yoast SEO plugin v21.7 - https:\/\/yoast.com\/wordpress\/plugins\/seo\/ -->\n<title>[ Acteck ] &#129351; Ac-936743,7506215936743 Teclado Aurean Pro Ta477g \/ Alambrico Usb \/ Multimedia \/ Iluminacion Rgb \/ Anti-ghosting \/ 105 Teclas\/ Membrana \/ Espa\u00f1ol \/ Negro \/ Ac-936743<\/title>\n<meta name=\"description\" content=\"Compra Ac-936743,7506215936743 Teclado Aurean Pro Ta477g \/ Alambrico Usb \/ Multimedia \/ Iluminacion Rgb \/ Anti-ghosting \/ 105 Teclas\/ Membrana \/ Espa\u00f1ol \/ Negro \/ Ac-936743 + Env\u00edo a domicilio + Pago seguro + Garant\u00eda\" \/>\n<meta name=\"robots\" content=\"index, follow, max-snippet:-1, max-image-preview:large, max-video-preview:-1\" \/>\n<link rel=\"canonical\" href=\"https:\/\/compuviper.mx\/tienda\/producto\/acteck-ac-9367437506215936743-teclado-aurean-pro-ta477g-alambrico-usb-multimedia-iluminacion-rgb-anti-ghosting-105-teclas-membrana-espaol-negro-ac-936743\/\" \/>\n<meta property=\"og:locale\" content=\"es_MX\" \/>\n<meta property=\"og:type\" content=\"article\" \/>\n<meta property=\"og:title\" content=\"[ Acteck ] &#129351; Ac-936743,7506215936743 Teclado Aurean Pro Ta477g \/ Alambrico Usb \/ Multimedia \/ Iluminacion Rgb \/ Anti-ghosting \/ 105 Teclas\/ Membrana \/ Espa\u00f1ol \/ Negro \/ Ac-936743\" \/>\n<meta property=\"og:description\" content=\"Compra Ac-936743,7506215936743 Teclado Aurean Pro Ta477g \/ Alambrico Usb \/ Multimedia \/ Iluminacion Rgb \/ Anti-ghosting \/ 105 Teclas\/ Membrana \/ Espa\u00f1ol \/ Negro \/ Ac-936743 + Env\u00edo a domicilio + Pago seguro + Garant\u00eda\" \/>\n<meta property=\"og:url\" content=\"https:\/\/compuviper.mx\/tienda\/producto\/acteck-ac-9367437506215936743-teclado-aurean-pro-ta477g-alambrico-usb-multimedia-iluminacion-rgb-anti-ghosting-105-teclas-membrana-espaol-negro-ac-936743\/\" \/>\n<meta property=\"og:site_name\" content=\"Compuviper\" \/>\n<meta property=\"article:publisher\" content=\"https:\/\/www.facebook.com\/compuviper\" \/>\n<meta property=\"article:modified_time\" content=\"2026-04-21T06:53:58+00:00\" \/>\n<meta property=\"og:image\" content=\"https:\/\/compuviper.mx\/tienda\/wp-content\/uploads\/2024\/09\/Teclado-acteck-aurean-pro-ta477g-alambrico-usb-multimedia-iluminacion-rgb-anti-ghosting-105-teclas-membrana-espanol-negro-ac-936743.jpg\" \/>\n\t<meta property=\"og:image:width\" content=\"200\" \/>\n\t<meta property=\"og:image:height\" content=\"200\" \/>\n\t<meta property=\"og:image:type\" content=\"image\/jpeg\" \/>\n<meta name=\"twitter:card\" content=\"summary_large_image\" \/>\n<meta name=\"twitter:label1\" content=\"Precio\" \/>\n\t<meta name=\"twitter:data1\" content=\"&#36;208 con IVA\" \/>\n\t<meta name=\"twitter:label2\" content=\"Availability\" \/>\n\t<meta name=\"twitter:data2\" content=\"On backorder\" \/>\n<script type=\"application\/ld+json\" class=\"yoast-schema-graph\">{\"@context\":\"https:\/\/schema.org\",\"@graph\":[{\"@type\":\"WebPage\",\"@id\":\"https:\/\/compuviper.mx\/tienda\/producto\/acteck-ac-9367437506215936743-teclado-aurean-pro-ta477g-alambrico-usb-multimedia-iluminacion-rgb-anti-ghosting-105-teclas-membrana-espaol-negro-ac-936743\/\",\"url\":\"https:\/\/compuviper.mx\/tienda\/producto\/acteck-ac-9367437506215936743-teclado-aurean-pro-ta477g-alambrico-usb-multimedia-iluminacion-rgb-anti-ghosting-105-teclas-membrana-espaol-negro-ac-936743\/\",\"name\":\"[ Acteck ] &#129351; Ac-936743,7506215936743 Teclado Aurean Pro Ta477g \/ Alambrico Usb \/ Multimedia \/ Iluminacion Rgb \/ Anti-ghosting \/ 105 Teclas\/ Membrana \/ Espa\u00f1ol \/ Negro \/ Ac-936743\",\"isPartOf\":{\"@id\":\"https:\/\/compuviper.mx\/tienda\/#website\"},\"datePublished\":\"2026-04-21T06:53:57+00:00\",\"dateModified\":\"2026-04-21T06:53:58+00:00\",\"description\":\"Compra Ac-936743,7506215936743 Teclado Aurean Pro Ta477g \/ Alambrico Usb \/ Multimedia \/ Iluminacion Rgb \/ Anti-ghosting \/ 105 Teclas\/ Membrana \/ Espa\u00f1ol \/ Negro \/ Ac-936743 + Env\u00edo a domicilio + Pago seguro + Garant\u00eda\",\"breadcrumb\":{\"@id\":\"https:\/\/compuviper.mx\/tienda\/producto\/acteck-ac-9367437506215936743-teclado-aurean-pro-ta477g-alambrico-usb-multimedia-iluminacion-rgb-anti-ghosting-105-teclas-membrana-espaol-negro-ac-936743\/#breadcrumb\"},\"inLanguage\":\"es-MX\",\"potentialAction\":[{\"@type\":\"ReadAction\",\"target\":[\"https:\/\/compuviper.mx\/tienda\/producto\/acteck-ac-9367437506215936743-teclado-aurean-pro-ta477g-alambrico-usb-multimedia-iluminacion-rgb-anti-ghosting-105-teclas-membrana-espaol-negro-ac-936743\/\"]}]},{\"@type\":\"BreadcrumbList\",\"@id\":\"https:\/\/compuviper.mx\/tienda\/producto\/acteck-ac-9367437506215936743-teclado-aurean-pro-ta477g-alambrico-usb-multimedia-iluminacion-rgb-anti-ghosting-105-teclas-membrana-espaol-negro-ac-936743\/#breadcrumb\",\"itemListElement\":[{\"@type\":\"ListItem\",\"position\":1,\"name\":\"Inicio\",\"item\":\"https:\/\/compuviper.mx\/tienda\/\"},{\"@type\":\"ListItem\",\"position\":2,\"name\":\"Productos\",\"item\":\"https:\/\/compuviper.mx\/tienda\/productos\/\"},{\"@type\":\"ListItem\",\"position\":3,\"name\":\"Teclados\",\"item\":\"https:\/\/compuviper.mx\/tienda\/categoria-producto\/teclados\/\"},{\"@type\":\"ListItem\",\"position\":4,\"name\":\"Multimedia\",\"item\":\"https:\/\/compuviper.mx\/tienda\/categoria-producto\/teclados\/multimedia\/\"},{\"@type\":\"ListItem\",\"position\":5,\"name\":\"Acteck Ac-936743,7506215936743 Teclado Aurean Pro Ta477g \/ Alambrico Usb \/ Multimedia \/ Iluminacion Rgb \/ Anti-ghosting \/ 105 Teclas\/ Membrana \/ Espa?ol \/ Negro \/ Ac-936743\"}]},{\"@type\":\"WebSite\",\"@id\":\"https:\/\/compuviper.mx\/tienda\/#website\",\"url\":\"https:\/\/compuviper.mx\/tienda\/\",\"name\":\"Compuviper\",\"description\":\"Proveedor de Computadoras, Laptops, Servidores, Monitores, Puntos de Venta, Teclados,   Impresoras, T\u00f3ner, C\u00e1maras de Seguridad y m\u00e1s en tu tienda en l\u00ednea\",\"publisher\":{\"@id\":\"https:\/\/compuviper.mx\/tienda\/#organization\"},\"potentialAction\":[{\"@type\":\"SearchAction\",\"target\":{\"@type\":\"EntryPoint\",\"urlTemplate\":\"https:\/\/compuviper.mx\/tienda\/?s={search_term_string}\"},\"query-input\":\"required name=search_term_string\"}],\"inLanguage\":\"es-MX\"},{\"@type\":\"Organization\",\"@id\":\"https:\/\/compuviper.mx\/tienda\/#organization\",\"name\":\"Compuviper\",\"url\":\"https:\/\/compuviper.mx\/tienda\/\",\"logo\":{\"@type\":\"ImageObject\",\"inLanguage\":\"es-MX\",\"@id\":\"https:\/\/compuviper.mx\/tienda\/#\/schema\/logo\/image\/\",\"url\":\"https:\/\/compuviper.mx\/tienda\/wp-content\/uploads\/2021\/08\/Logo-Compuviper-10.png\",\"contentUrl\":\"https:\/\/compuviper.mx\/tienda\/wp-content\/uploads\/2021\/08\/Logo-Compuviper-10.png\",\"width\":1000,\"height\":500,\"caption\":\"Compuviper\"},\"image\":{\"@id\":\"https:\/\/compuviper.mx\/tienda\/#\/schema\/logo\/image\/\"},\"sameAs\":[\"https:\/\/www.facebook.com\/compuviper\",\"https:\/\/www.youtube.com\/channel\/UCf73dERp9Y3cfOq7q8BhLjA?view_as=subscriber\"]}]}<\/script>\n<meta property=\"product:brand\" content=\"ACTECK\" \/>\n<meta property=\"product:price:amount\" content=\"208\" \/>\n<meta property=\"product:price:currency\" content=\"MXN\" \/>\n<meta property=\"og:availability\" content=\"backorder\" \/>\n<meta property=\"product:availability\" content=\"available for order\" \/>\n<meta property=\"product:retailer_item_id\" content=\"AC-936743,7506215936743\" \/>\n<meta property=\"product:condition\" content=\"new\" \/>\n<!-- \/ Yoast SEO plugin. -->","yoast_head_json":{"title":"[ Acteck ] &#129351; Ac-936743,7506215936743 Teclado Aurean Pro Ta477g \/ Alambrico Usb \/ Multimedia \/ Iluminacion Rgb \/ Anti-ghosting \/ 105 Teclas\/ Membrana \/ Espa\u00f1ol \/ Negro \/ Ac-936743","description":"Compra Ac-936743,7506215936743 Teclado Aurean Pro Ta477g \/ Alambrico Usb \/ Multimedia \/ Iluminacion Rgb \/ Anti-ghosting \/ 105 Teclas\/ Membrana \/ Espa\u00f1ol \/ Negro \/ Ac-936743 + Env\u00edo a domicilio + Pago seguro + Garant\u00eda","robots":{"index":"index","follow":"follow","max-snippet":"max-snippet:-1","max-image-preview":"max-image-preview:large","max-video-preview":"max-video-preview:-1"},"canonical":"https:\/\/compuviper.mx\/tienda\/producto\/acteck-ac-9367437506215936743-teclado-aurean-pro-ta477g-alambrico-usb-multimedia-iluminacion-rgb-anti-ghosting-105-teclas-membrana-espaol-negro-ac-936743\/","og_locale":"es_MX","og_type":"article","og_title":"[ Acteck ] &#129351; Ac-936743,7506215936743 Teclado Aurean Pro Ta477g \/ Alambrico Usb \/ Multimedia \/ Iluminacion Rgb \/ Anti-ghosting \/ 105 Teclas\/ Membrana \/ Espa\u00f1ol \/ Negro \/ Ac-936743","og_description":"Compra Ac-936743,7506215936743 Teclado Aurean Pro Ta477g \/ Alambrico Usb \/ Multimedia \/ Iluminacion Rgb \/ Anti-ghosting \/ 105 Teclas\/ Membrana \/ Espa\u00f1ol \/ Negro \/ Ac-936743 + Env\u00edo a domicilio + Pago seguro + Garant\u00eda","og_url":"https:\/\/compuviper.mx\/tienda\/producto\/acteck-ac-9367437506215936743-teclado-aurean-pro-ta477g-alambrico-usb-multimedia-iluminacion-rgb-anti-ghosting-105-teclas-membrana-espaol-negro-ac-936743\/","og_site_name":"Compuviper","article_publisher":"https:\/\/www.facebook.com\/compuviper","article_modified_time":"2026-04-21T06:53:58+00:00","og_image":[{"width":200,"height":200,"url":"https:\/\/compuviper.mx\/tienda\/wp-content\/uploads\/2024\/09\/Teclado-acteck-aurean-pro-ta477g-alambrico-usb-multimedia-iluminacion-rgb-anti-ghosting-105-teclas-membrana-espanol-negro-ac-936743.jpg","type":"image\/jpeg"}],"twitter_card":"summary_large_image","twitter_misc":{"Precio":"&#36;208 con IVA","Availability":"On backorder"},"schema":{"@context":"https:\/\/schema.org","@graph":[{"@type":"WebPage","@id":"https:\/\/compuviper.mx\/tienda\/producto\/acteck-ac-9367437506215936743-teclado-aurean-pro-ta477g-alambrico-usb-multimedia-iluminacion-rgb-anti-ghosting-105-teclas-membrana-espaol-negro-ac-936743\/","url":"https:\/\/compuviper.mx\/tienda\/producto\/acteck-ac-9367437506215936743-teclado-aurean-pro-ta477g-alambrico-usb-multimedia-iluminacion-rgb-anti-ghosting-105-teclas-membrana-espaol-negro-ac-936743\/","name":"[ Acteck ] &#129351; Ac-936743,7506215936743 Teclado Aurean Pro Ta477g \/ Alambrico Usb \/ Multimedia \/ Iluminacion Rgb \/ Anti-ghosting \/ 105 Teclas\/ Membrana \/ Espa\u00f1ol \/ Negro \/ Ac-936743","isPartOf":{"@id":"https:\/\/compuviper.mx\/tienda\/#website"},"datePublished":"2026-04-21T06:53:57+00:00","dateModified":"2026-04-21T06:53:58+00:00","description":"Compra Ac-936743,7506215936743 Teclado Aurean Pro Ta477g \/ Alambrico Usb \/ Multimedia \/ Iluminacion Rgb \/ Anti-ghosting \/ 105 Teclas\/ Membrana \/ Espa\u00f1ol \/ Negro \/ Ac-936743 + Env\u00edo a domicilio + Pago seguro + Garant\u00eda","breadcrumb":{"@id":"https:\/\/compuviper.mx\/tienda\/producto\/acteck-ac-9367437506215936743-teclado-aurean-pro-ta477g-alambrico-usb-multimedia-iluminacion-rgb-anti-ghosting-105-teclas-membrana-espaol-negro-ac-936743\/#breadcrumb"},"inLanguage":"es-MX","potentialAction":[{"@type":"ReadAction","target":["https:\/\/compuviper.mx\/tienda\/producto\/acteck-ac-9367437506215936743-teclado-aurean-pro-ta477g-alambrico-usb-multimedia-iluminacion-rgb-anti-ghosting-105-teclas-membrana-espaol-negro-ac-936743\/"]}]},{"@type":"BreadcrumbList","@id":"https:\/\/compuviper.mx\/tienda\/producto\/acteck-ac-9367437506215936743-teclado-aurean-pro-ta477g-alambrico-usb-multimedia-iluminacion-rgb-anti-ghosting-105-teclas-membrana-espaol-negro-ac-936743\/#breadcrumb","itemListElement":[{"@type":"ListItem","position":1,"name":"Inicio","item":"https:\/\/compuviper.mx\/tienda\/"},{"@type":"ListItem","position":2,"name":"Productos","item":"https:\/\/compuviper.mx\/tienda\/productos\/"},{"@type":"ListItem","position":3,"name":"Teclados","item":"https:\/\/compuviper.mx\/tienda\/categoria-producto\/teclados\/"},{"@type":"ListItem","position":4,"name":"Multimedia","item":"https:\/\/compuviper.mx\/tienda\/categoria-producto\/teclados\/multimedia\/"},{"@type":"ListItem","position":5,"name":"Acteck Ac-936743,7506215936743 Teclado Aurean Pro Ta477g \/ Alambrico Usb \/ Multimedia \/ Iluminacion Rgb \/ Anti-ghosting \/ 105 Teclas\/ Membrana \/ Espa?ol \/ Negro \/ Ac-936743"}]},{"@type":"WebSite","@id":"https:\/\/compuviper.mx\/tienda\/#website","url":"https:\/\/compuviper.mx\/tienda\/","name":"Compuviper","description":"Proveedor de Computadoras, Laptops, Servidores, Monitores, Puntos de Venta, Teclados,   Impresoras, T\u00f3ner, C\u00e1maras de Seguridad y m\u00e1s en tu tienda en l\u00ednea","publisher":{"@id":"https:\/\/compuviper.mx\/tienda\/#organization"},"potentialAction":[{"@type":"SearchAction","target":{"@type":"EntryPoint","urlTemplate":"https:\/\/compuviper.mx\/tienda\/?s={search_term_string}"},"query-input":"required name=search_term_string"}],"inLanguage":"es-MX"},{"@type":"Organization","@id":"https:\/\/compuviper.mx\/tienda\/#organization","name":"Compuviper","url":"https:\/\/compuviper.mx\/tienda\/","logo":{"@type":"ImageObject","inLanguage":"es-MX","@id":"https:\/\/compuviper.mx\/tienda\/#\/schema\/logo\/image\/","url":"https:\/\/compuviper.mx\/tienda\/wp-content\/uploads\/2021\/08\/Logo-Compuviper-10.png","contentUrl":"https:\/\/compuviper.mx\/tienda\/wp-content\/uploads\/2021\/08\/Logo-Compuviper-10.png","width":1000,"height":500,"caption":"Compuviper"},"image":{"@id":"https:\/\/compuviper.mx\/tienda\/#\/schema\/logo\/image\/"},"sameAs":["https:\/\/www.facebook.com\/compuviper","https:\/\/www.youtube.com\/channel\/UCf73dERp9Y3cfOq7q8BhLjA?view_as=subscriber"]}]},"product_brand":"ACTECK","product_price_amount":"208","product_price_currency":"MXN","og_availability":"backorder","product_availability":"available for order","product_retailer_item_id":"AC-936743,7506215936743","product_condition":"new"},"_links":{"self":[{"href":"https:\/\/compuviper.mx\/tienda\/wp-json\/wp\/v2\/product\/219340"}],"collection":[{"href":"https:\/\/compuviper.mx\/tienda\/wp-json\/wp\/v2\/product"}],"about":[{"href":"https:\/\/compuviper.mx\/tienda\/wp-json\/wp\/v2\/types\/product"}],"replies":[{"embeddable":true,"href":"https:\/\/compuviper.mx\/tienda\/wp-json\/wp\/v2\/comments?post=219340"}],"wp:featuredmedia":[{"embeddable":true,"href":"https:\/\/compuviper.mx\/tienda\/wp-json\/wp\/v2\/media\/242671"}],"wp:attachment":[{"href":"https:\/\/compuviper.mx\/tienda\/wp-json\/wp\/v2\/media?parent=219340"}],"wp:term":[{"taxonomy":"product_cat","embeddable":true,"href":"https:\/\/compuviper.mx\/tienda\/wp-json\/wp\/v2\/product_cat?post=219340"},{"taxonomy":"product_tag","embeddable":true,"href":"https:\/\/compuviper.mx\/tienda\/wp-json\/wp\/v2\/product_tag?post=219340"}],"curies":[{"name":"wp","href":"https:\/\/api.w.org\/{rel}","templated":true}]}}