{"id":219332,"date":"2026-04-02T00:43:44","date_gmt":"2026-04-02T06:43:44","guid":{"rendered":"https:\/\/compuviper.mx\/tienda\/producto\/balam-rush-br-932691-teclado-gamer-dominate-gkx775-alambrico-optomecanico-rgb-antighosting-reposamuecas-programable-multimedia-win-linux-mac-xbox-one-ps4-117-teclas-negro\/"},"modified":"2026-04-02T00:43:44","modified_gmt":"2026-04-02T06:43:44","slug":"balam-rush-br-9326917506215932691-teclado-gamer-dominate-gkx775-alambrico-optomecanico-rgb-antighosting-reposamuecas-programable-multimedia-win-linux-mac-xbox-one-ps4-117-teclas","status":"publish","type":"product","link":"https:\/\/compuviper.mx\/tienda\/producto\/balam-rush-br-9326917506215932691-teclado-gamer-dominate-gkx775-alambrico-optomecanico-rgb-antighosting-reposamuecas-programable-multimedia-win-linux-mac-xbox-one-ps4-117-teclas\/","title":{"rendered":"Balam Rush Br-932691,7506215932691 Teclado Gamer  Dominate Gkx775 \/ Alambrico Optomecanico \/ Rgb \/ Antighosting \/ Reposamu?ecas \/ Programable \/ Multimedia \/ Win -linux -mac -xbox One -ps4 \/ 117 Teclas \/ Negro \/ Br-932691"},"content":{"rendered":"<table class=\"descripcion\">\n<tr>\n<td>Teclado gamer balam rush dominate gkx775 \/ alambrico optomecanico \/ rgb \/ antighosting \/ reposamu\u00f1ecas \/ programable \/ multimedia \/ win -linux -mac -xbox one -ps4 \/ 117 teclas \/ negro \/ br-932691<\/td>\n<\/tr>\n<tr>\n<td> and #9654; iluminaci\u00f3n rgb<\/td>\n<\/tr>\n<tr>\n<td> and #9654; switch optomec\u00e1nico azul<\/td>\n<\/tr>\n<tr>\n<td> and #9654; anti-ghosting nkro<\/td>\n<\/tr>\n<tr>\n<td> and #9654; reposamu\u00f1ecas magn\u00e9tico<\/td>\n<\/tr>\n<tr>\n<td> and #9654; teclas programables<\/td>\n<\/tr>\n<tr>\n<td> and #9654; funciones multimedia<\/td>\n<\/tr>\n<tr>\n<td> and #9654; software de configuraci\u00f3n<\/td>\n<\/tr>\n<tr>\n<td> and #9654; compatible con windows,<\/td>\n<\/tr>\n<tr>\n<td>Linux, mac, xbox one y ps4<\/td>\n<\/tr>\n<tr>\n<td>Nombre de producto: teclado alambrico<\/td>\n<\/tr>\n<tr>\n<td>Codigo de producto: br-932691<\/td>\n<\/tr>\n<tr>\n<td>Tipo: optomecanico<\/td>\n<\/tr>\n<tr>\n<td>Tipo de switch: azul<\/td>\n<\/tr>\n<tr>\n<td>Formato: completo (100 %)<\/td>\n<\/tr>\n<tr>\n<td>Idioma: espa\u00f1ol (es)<\/td>\n<\/tr>\n<tr>\n<td>Compatibilidad:<\/td>\n<\/tr>\n<tr>\n<td>\u0095 pc: windows, linux, macos<\/td>\n<\/tr>\n<tr>\n<td>\u0095 consolas videojuegos: xbox one, ps4<\/td>\n<\/tr>\n<tr>\n<td>Conectividad:<\/td>\n<\/tr>\n<tr>\n<td>\u0095 modo: alambrico<\/td>\n<\/tr>\n<tr>\n<td>\u0095 conexion: usb<\/td>\n<\/tr>\n<tr>\n<td>\u0095 cable: 1.7 m<\/td>\n<\/tr>\n<tr>\n<td>\u0095 emparejamiento: n\/a<\/td>\n<\/tr>\n<tr>\n<td>\u0095 ahorro de energia: n\/a<\/td>\n<\/tr>\n<tr>\n<td>Teclas:<\/td>\n<\/tr>\n<tr>\n<td>\u0095 cantidad: 105<\/td>\n<\/tr>\n<tr>\n<td>\u0095 programables: 105<\/td>\n<\/tr>\n<tr>\n<td>\u0095 teclas multimedia: 2<\/td>\n<\/tr>\n<tr>\n<td>Touchpad: n\/a<\/td>\n<\/tr>\n<tr>\n<td>Iluminacion:<\/td>\n<\/tr>\n<tr>\n<td>\u0095 tipo: rgb<\/td>\n<\/tr>\n<tr>\n<td>\u0095 ajuste: teclas + software***<\/td>\n<\/tr>\n<tr>\n<td>Energia:<\/td>\n<\/tr>\n<tr>\n<td>\u0095 consumo dispositivo: 5 vc.c. 775 ma<\/td>\n<\/tr>\n<tr>\n<td>\u0095 consumo receptor: n\/a<\/td>\n<\/tr>\n<tr>\n<td>Reposamu\u00f1ecas: removible<\/td>\n<\/tr>\n<tr>\n<td>Materiales: aluminio + plastico<\/td>\n<\/tr>\n<tr>\n<td>Color: negro con gris<\/td>\n<\/tr>\n<tr>\n<td>Dimensiones (l * w * h): 43.5 cm * 20 cm * 4 cm<\/td>\n<\/tr>\n<tr>\n<td>Peso: 866 g<\/td>\n<\/tr>\n<tr>\n<td>Garantia: 18 meses<\/td>\n<\/tr>\n<\/table>\n","protected":false},"excerpt":{"rendered":"<p>Teclado gamer balam rush dominate gkx775 \/ alambrico optomecanico \/ rgb \/ antighosting \/ reposamu\u00f1ecas \/ programable \/ multimedia \/ win -linux -mac -xbox one -ps4 \/ 117 teclas \/ negro \/ br-932691<\/p>\n","protected":false},"featured_media":219333,"comment_status":"open","ping_status":"open","template":"","meta":[],"product_cat":[1713,1718],"product_tag":[2097],"acf":[],"yoast_head":"<!-- This site is optimized with the Yoast SEO plugin v21.7 - https:\/\/yoast.com\/wordpress\/plugins\/seo\/ -->\n<title>[ Balam Rush ] &#129351; Br-932691,7506215932691 Teclado Gamer Dominate Gkx775 \/ Alambrico Optomecanico \/ Rgb \/ Antighosting \/ Reposamu\u00f1ecas \/ Programable \/ Multimedia \/ Win -linux -mac -xbox One -ps4 \/ 117 Teclas \/ Negro \/ Br-932691<\/title>\n<meta name=\"description\" content=\"Compra Br-932691,7506215932691 Teclado Gamer Dominate Gkx775 \/ Alambrico Optomecanico \/ Rgb \/ Antighosting \/ Reposamu\u00f1ecas \/ Programable \/ Multimedia \/ Win -linux -mac -xbox One -ps4 \/ 117 Teclas \/ Negro \/ Br-932691 + Env\u00edo a domicilio + Pago seguro + Garant\u00eda\" \/>\n<meta name=\"robots\" content=\"index, follow, max-snippet:-1, max-image-preview:large, max-video-preview:-1\" \/>\n<link rel=\"canonical\" href=\"https:\/\/compuviper.mx\/tienda\/producto\/balam-rush-br-9326917506215932691-teclado-gamer-dominate-gkx775-alambrico-optomecanico-rgb-antighosting-reposamuecas-programable-multimedia-win-linux-mac-xbox-one-ps4-117-teclas\/\" \/>\n<meta property=\"og:locale\" content=\"es_MX\" \/>\n<meta property=\"og:type\" content=\"article\" \/>\n<meta property=\"og:title\" content=\"[ Balam Rush ] &#129351; Br-932691,7506215932691 Teclado Gamer Dominate Gkx775 \/ Alambrico Optomecanico \/ Rgb \/ Antighosting \/ Reposamu\u00f1ecas \/ Programable \/ Multimedia \/ Win -linux -mac -xbox One -ps4 \/ 117 Teclas \/ Negro \/ Br-932691\" \/>\n<meta property=\"og:description\" content=\"Compra Br-932691,7506215932691 Teclado Gamer Dominate Gkx775 \/ Alambrico Optomecanico \/ Rgb \/ Antighosting \/ Reposamu\u00f1ecas \/ Programable \/ Multimedia \/ Win -linux -mac -xbox One -ps4 \/ 117 Teclas \/ Negro \/ Br-932691 + Env\u00edo a domicilio + Pago seguro + Garant\u00eda\" \/>\n<meta property=\"og:url\" content=\"https:\/\/compuviper.mx\/tienda\/producto\/balam-rush-br-9326917506215932691-teclado-gamer-dominate-gkx775-alambrico-optomecanico-rgb-antighosting-reposamuecas-programable-multimedia-win-linux-mac-xbox-one-ps4-117-teclas\/\" \/>\n<meta property=\"og:site_name\" content=\"Compuviper\" \/>\n<meta property=\"article:publisher\" content=\"https:\/\/www.facebook.com\/compuviper\" \/>\n<meta property=\"og:image\" content=\"https:\/\/compuviper.mx\/tienda\/wp-content\/uploads\/2023\/12\/Teclado-gamer-balam-rush-dominate-gkx775-alambrico-optomecanico-rgb-antighosting-reposamunecas-programable-multimedia-win-linux-mac-xbox-one-ps4-117-teclas-negro-br-932691.jpg\" \/>\n\t<meta property=\"og:image:width\" content=\"200\" \/>\n\t<meta property=\"og:image:height\" content=\"200\" \/>\n\t<meta property=\"og:image:type\" content=\"image\/jpeg\" \/>\n<meta name=\"twitter:card\" content=\"summary_large_image\" \/>\n<meta name=\"twitter:label1\" content=\"Precio\" \/>\n\t<meta name=\"twitter:data1\" content=\"&#36;1,954 con IVA\" \/>\n\t<meta name=\"twitter:label2\" content=\"Availability\" \/>\n\t<meta name=\"twitter:data2\" content=\"In stock\" \/>\n<script type=\"application\/ld+json\" class=\"yoast-schema-graph\">{\"@context\":\"https:\/\/schema.org\",\"@graph\":[{\"@type\":\"WebPage\",\"@id\":\"https:\/\/compuviper.mx\/tienda\/producto\/balam-rush-br-9326917506215932691-teclado-gamer-dominate-gkx775-alambrico-optomecanico-rgb-antighosting-reposamuecas-programable-multimedia-win-linux-mac-xbox-one-ps4-117-teclas\/\",\"url\":\"https:\/\/compuviper.mx\/tienda\/producto\/balam-rush-br-9326917506215932691-teclado-gamer-dominate-gkx775-alambrico-optomecanico-rgb-antighosting-reposamuecas-programable-multimedia-win-linux-mac-xbox-one-ps4-117-teclas\/\",\"name\":\"[ Balam Rush ] &#129351; Br-932691,7506215932691 Teclado Gamer Dominate Gkx775 \/ Alambrico Optomecanico \/ Rgb \/ Antighosting \/ Reposamu\u00f1ecas \/ Programable \/ Multimedia \/ Win -linux -mac -xbox One -ps4 \/ 117 Teclas \/ Negro \/ Br-932691\",\"isPartOf\":{\"@id\":\"https:\/\/compuviper.mx\/tienda\/#website\"},\"datePublished\":\"2026-04-02T06:43:44+00:00\",\"dateModified\":\"2026-04-02T06:43:44+00:00\",\"description\":\"Compra Br-932691,7506215932691 Teclado Gamer Dominate Gkx775 \/ Alambrico Optomecanico \/ Rgb \/ Antighosting \/ Reposamu\u00f1ecas \/ Programable \/ Multimedia \/ Win -linux -mac -xbox One -ps4 \/ 117 Teclas \/ Negro \/ Br-932691 + Env\u00edo a domicilio + Pago seguro + Garant\u00eda\",\"breadcrumb\":{\"@id\":\"https:\/\/compuviper.mx\/tienda\/producto\/balam-rush-br-9326917506215932691-teclado-gamer-dominate-gkx775-alambrico-optomecanico-rgb-antighosting-reposamuecas-programable-multimedia-win-linux-mac-xbox-one-ps4-117-teclas\/#breadcrumb\"},\"inLanguage\":\"es-MX\",\"potentialAction\":[{\"@type\":\"ReadAction\",\"target\":[\"https:\/\/compuviper.mx\/tienda\/producto\/balam-rush-br-9326917506215932691-teclado-gamer-dominate-gkx775-alambrico-optomecanico-rgb-antighosting-reposamuecas-programable-multimedia-win-linux-mac-xbox-one-ps4-117-teclas\/\"]}]},{\"@type\":\"BreadcrumbList\",\"@id\":\"https:\/\/compuviper.mx\/tienda\/producto\/balam-rush-br-9326917506215932691-teclado-gamer-dominate-gkx775-alambrico-optomecanico-rgb-antighosting-reposamuecas-programable-multimedia-win-linux-mac-xbox-one-ps4-117-teclas\/#breadcrumb\",\"itemListElement\":[{\"@type\":\"ListItem\",\"position\":1,\"name\":\"Inicio\",\"item\":\"https:\/\/compuviper.mx\/tienda\/\"},{\"@type\":\"ListItem\",\"position\":2,\"name\":\"Productos\",\"item\":\"https:\/\/compuviper.mx\/tienda\/productos\/\"},{\"@type\":\"ListItem\",\"position\":3,\"name\":\"Teclados\",\"item\":\"https:\/\/compuviper.mx\/tienda\/categoria-producto\/teclados\/\"},{\"@type\":\"ListItem\",\"position\":4,\"name\":\"Gamers\",\"item\":\"https:\/\/compuviper.mx\/tienda\/categoria-producto\/teclados\/gamers\/\"},{\"@type\":\"ListItem\",\"position\":5,\"name\":\"Balam Rush Br-932691,7506215932691 Teclado Gamer Dominate Gkx775 \/ Alambrico Optomecanico \/ Rgb \/ Antighosting \/ Reposamu?ecas \/ Programable \/ Multimedia \/ Win -linux -mac -xbox One -ps4 \/ 117 Teclas \/ Negro \/ Br-932691\"}]},{\"@type\":\"WebSite\",\"@id\":\"https:\/\/compuviper.mx\/tienda\/#website\",\"url\":\"https:\/\/compuviper.mx\/tienda\/\",\"name\":\"Compuviper\",\"description\":\"Proveedor de Computadoras, Laptops, Servidores, Monitores, Puntos de Venta, Teclados,   Impresoras, T\u00f3ner, C\u00e1maras de Seguridad y m\u00e1s en tu tienda en l\u00ednea\",\"publisher\":{\"@id\":\"https:\/\/compuviper.mx\/tienda\/#organization\"},\"potentialAction\":[{\"@type\":\"SearchAction\",\"target\":{\"@type\":\"EntryPoint\",\"urlTemplate\":\"https:\/\/compuviper.mx\/tienda\/?s={search_term_string}\"},\"query-input\":\"required name=search_term_string\"}],\"inLanguage\":\"es-MX\"},{\"@type\":\"Organization\",\"@id\":\"https:\/\/compuviper.mx\/tienda\/#organization\",\"name\":\"Compuviper\",\"url\":\"https:\/\/compuviper.mx\/tienda\/\",\"logo\":{\"@type\":\"ImageObject\",\"inLanguage\":\"es-MX\",\"@id\":\"https:\/\/compuviper.mx\/tienda\/#\/schema\/logo\/image\/\",\"url\":\"https:\/\/compuviper.mx\/tienda\/wp-content\/uploads\/2021\/08\/Logo-Compuviper-10.png\",\"contentUrl\":\"https:\/\/compuviper.mx\/tienda\/wp-content\/uploads\/2021\/08\/Logo-Compuviper-10.png\",\"width\":1000,\"height\":500,\"caption\":\"Compuviper\"},\"image\":{\"@id\":\"https:\/\/compuviper.mx\/tienda\/#\/schema\/logo\/image\/\"},\"sameAs\":[\"https:\/\/www.facebook.com\/compuviper\",\"https:\/\/www.youtube.com\/channel\/UCf73dERp9Y3cfOq7q8BhLjA?view_as=subscriber\"]}]}<\/script>\n<meta property=\"product:brand\" content=\"Balam Rush\" \/>\n<meta property=\"product:price:amount\" content=\"1954\" \/>\n<meta property=\"product:price:currency\" content=\"MXN\" \/>\n<meta property=\"og:availability\" content=\"instock\" \/>\n<meta property=\"product:availability\" content=\"instock\" \/>\n<meta property=\"product:retailer_item_id\" content=\"BR-932691,7506215932691\" \/>\n<meta property=\"product:condition\" content=\"new\" \/>\n<!-- \/ Yoast SEO plugin. -->","yoast_head_json":{"title":"[ Balam Rush ] &#129351; Br-932691,7506215932691 Teclado Gamer Dominate Gkx775 \/ Alambrico Optomecanico \/ Rgb \/ Antighosting \/ Reposamu\u00f1ecas \/ Programable \/ Multimedia \/ Win -linux -mac -xbox One -ps4 \/ 117 Teclas \/ Negro \/ Br-932691","description":"Compra Br-932691,7506215932691 Teclado Gamer Dominate Gkx775 \/ Alambrico Optomecanico \/ Rgb \/ Antighosting \/ Reposamu\u00f1ecas \/ Programable \/ Multimedia \/ Win -linux -mac -xbox One -ps4 \/ 117 Teclas \/ Negro \/ Br-932691 + Env\u00edo a domicilio + Pago seguro + Garant\u00eda","robots":{"index":"index","follow":"follow","max-snippet":"max-snippet:-1","max-image-preview":"max-image-preview:large","max-video-preview":"max-video-preview:-1"},"canonical":"https:\/\/compuviper.mx\/tienda\/producto\/balam-rush-br-9326917506215932691-teclado-gamer-dominate-gkx775-alambrico-optomecanico-rgb-antighosting-reposamuecas-programable-multimedia-win-linux-mac-xbox-one-ps4-117-teclas\/","og_locale":"es_MX","og_type":"article","og_title":"[ Balam Rush ] &#129351; Br-932691,7506215932691 Teclado Gamer Dominate Gkx775 \/ Alambrico Optomecanico \/ Rgb \/ Antighosting \/ Reposamu\u00f1ecas \/ Programable \/ Multimedia \/ Win -linux -mac -xbox One -ps4 \/ 117 Teclas \/ Negro \/ Br-932691","og_description":"Compra Br-932691,7506215932691 Teclado Gamer Dominate Gkx775 \/ Alambrico Optomecanico \/ Rgb \/ Antighosting \/ Reposamu\u00f1ecas \/ Programable \/ Multimedia \/ Win -linux -mac -xbox One -ps4 \/ 117 Teclas \/ Negro \/ Br-932691 + Env\u00edo a domicilio + Pago seguro + Garant\u00eda","og_url":"https:\/\/compuviper.mx\/tienda\/producto\/balam-rush-br-9326917506215932691-teclado-gamer-dominate-gkx775-alambrico-optomecanico-rgb-antighosting-reposamuecas-programable-multimedia-win-linux-mac-xbox-one-ps4-117-teclas\/","og_site_name":"Compuviper","article_publisher":"https:\/\/www.facebook.com\/compuviper","og_image":[{"width":200,"height":200,"url":"https:\/\/compuviper.mx\/tienda\/wp-content\/uploads\/2023\/12\/Teclado-gamer-balam-rush-dominate-gkx775-alambrico-optomecanico-rgb-antighosting-reposamunecas-programable-multimedia-win-linux-mac-xbox-one-ps4-117-teclas-negro-br-932691.jpg","type":"image\/jpeg"}],"twitter_card":"summary_large_image","twitter_misc":{"Precio":"&#36;1,954 con IVA","Availability":"In stock"},"schema":{"@context":"https:\/\/schema.org","@graph":[{"@type":"WebPage","@id":"https:\/\/compuviper.mx\/tienda\/producto\/balam-rush-br-9326917506215932691-teclado-gamer-dominate-gkx775-alambrico-optomecanico-rgb-antighosting-reposamuecas-programable-multimedia-win-linux-mac-xbox-one-ps4-117-teclas\/","url":"https:\/\/compuviper.mx\/tienda\/producto\/balam-rush-br-9326917506215932691-teclado-gamer-dominate-gkx775-alambrico-optomecanico-rgb-antighosting-reposamuecas-programable-multimedia-win-linux-mac-xbox-one-ps4-117-teclas\/","name":"[ Balam Rush ] &#129351; Br-932691,7506215932691 Teclado Gamer Dominate Gkx775 \/ Alambrico Optomecanico \/ Rgb \/ Antighosting \/ Reposamu\u00f1ecas \/ Programable \/ Multimedia \/ Win -linux -mac -xbox One -ps4 \/ 117 Teclas \/ Negro \/ Br-932691","isPartOf":{"@id":"https:\/\/compuviper.mx\/tienda\/#website"},"datePublished":"2026-04-02T06:43:44+00:00","dateModified":"2026-04-02T06:43:44+00:00","description":"Compra Br-932691,7506215932691 Teclado Gamer Dominate Gkx775 \/ Alambrico Optomecanico \/ Rgb \/ Antighosting \/ Reposamu\u00f1ecas \/ Programable \/ Multimedia \/ Win -linux -mac -xbox One -ps4 \/ 117 Teclas \/ Negro \/ Br-932691 + Env\u00edo a domicilio + Pago seguro + Garant\u00eda","breadcrumb":{"@id":"https:\/\/compuviper.mx\/tienda\/producto\/balam-rush-br-9326917506215932691-teclado-gamer-dominate-gkx775-alambrico-optomecanico-rgb-antighosting-reposamuecas-programable-multimedia-win-linux-mac-xbox-one-ps4-117-teclas\/#breadcrumb"},"inLanguage":"es-MX","potentialAction":[{"@type":"ReadAction","target":["https:\/\/compuviper.mx\/tienda\/producto\/balam-rush-br-9326917506215932691-teclado-gamer-dominate-gkx775-alambrico-optomecanico-rgb-antighosting-reposamuecas-programable-multimedia-win-linux-mac-xbox-one-ps4-117-teclas\/"]}]},{"@type":"BreadcrumbList","@id":"https:\/\/compuviper.mx\/tienda\/producto\/balam-rush-br-9326917506215932691-teclado-gamer-dominate-gkx775-alambrico-optomecanico-rgb-antighosting-reposamuecas-programable-multimedia-win-linux-mac-xbox-one-ps4-117-teclas\/#breadcrumb","itemListElement":[{"@type":"ListItem","position":1,"name":"Inicio","item":"https:\/\/compuviper.mx\/tienda\/"},{"@type":"ListItem","position":2,"name":"Productos","item":"https:\/\/compuviper.mx\/tienda\/productos\/"},{"@type":"ListItem","position":3,"name":"Teclados","item":"https:\/\/compuviper.mx\/tienda\/categoria-producto\/teclados\/"},{"@type":"ListItem","position":4,"name":"Gamers","item":"https:\/\/compuviper.mx\/tienda\/categoria-producto\/teclados\/gamers\/"},{"@type":"ListItem","position":5,"name":"Balam Rush Br-932691,7506215932691 Teclado Gamer Dominate Gkx775 \/ Alambrico Optomecanico \/ Rgb \/ Antighosting \/ Reposamu?ecas \/ Programable \/ Multimedia \/ Win -linux -mac -xbox One -ps4 \/ 117 Teclas \/ Negro \/ Br-932691"}]},{"@type":"WebSite","@id":"https:\/\/compuviper.mx\/tienda\/#website","url":"https:\/\/compuviper.mx\/tienda\/","name":"Compuviper","description":"Proveedor de Computadoras, Laptops, Servidores, Monitores, Puntos de Venta, Teclados,   Impresoras, T\u00f3ner, C\u00e1maras de Seguridad y m\u00e1s en tu tienda en l\u00ednea","publisher":{"@id":"https:\/\/compuviper.mx\/tienda\/#organization"},"potentialAction":[{"@type":"SearchAction","target":{"@type":"EntryPoint","urlTemplate":"https:\/\/compuviper.mx\/tienda\/?s={search_term_string}"},"query-input":"required name=search_term_string"}],"inLanguage":"es-MX"},{"@type":"Organization","@id":"https:\/\/compuviper.mx\/tienda\/#organization","name":"Compuviper","url":"https:\/\/compuviper.mx\/tienda\/","logo":{"@type":"ImageObject","inLanguage":"es-MX","@id":"https:\/\/compuviper.mx\/tienda\/#\/schema\/logo\/image\/","url":"https:\/\/compuviper.mx\/tienda\/wp-content\/uploads\/2021\/08\/Logo-Compuviper-10.png","contentUrl":"https:\/\/compuviper.mx\/tienda\/wp-content\/uploads\/2021\/08\/Logo-Compuviper-10.png","width":1000,"height":500,"caption":"Compuviper"},"image":{"@id":"https:\/\/compuviper.mx\/tienda\/#\/schema\/logo\/image\/"},"sameAs":["https:\/\/www.facebook.com\/compuviper","https:\/\/www.youtube.com\/channel\/UCf73dERp9Y3cfOq7q8BhLjA?view_as=subscriber"]}]},"product_brand":"Balam Rush","product_price_amount":"1954","product_price_currency":"MXN","og_availability":"instock","product_availability":"instock","product_retailer_item_id":"BR-932691,7506215932691","product_condition":"new"},"_links":{"self":[{"href":"https:\/\/compuviper.mx\/tienda\/wp-json\/wp\/v2\/product\/219332"}],"collection":[{"href":"https:\/\/compuviper.mx\/tienda\/wp-json\/wp\/v2\/product"}],"about":[{"href":"https:\/\/compuviper.mx\/tienda\/wp-json\/wp\/v2\/types\/product"}],"replies":[{"embeddable":true,"href":"https:\/\/compuviper.mx\/tienda\/wp-json\/wp\/v2\/comments?post=219332"}],"wp:featuredmedia":[{"embeddable":true,"href":"https:\/\/compuviper.mx\/tienda\/wp-json\/wp\/v2\/media\/219333"}],"wp:attachment":[{"href":"https:\/\/compuviper.mx\/tienda\/wp-json\/wp\/v2\/media?parent=219332"}],"wp:term":[{"taxonomy":"product_cat","embeddable":true,"href":"https:\/\/compuviper.mx\/tienda\/wp-json\/wp\/v2\/product_cat?post=219332"},{"taxonomy":"product_tag","embeddable":true,"href":"https:\/\/compuviper.mx\/tienda\/wp-json\/wp\/v2\/product_tag?post=219332"}],"curies":[{"name":"wp","href":"https:\/\/api.w.org\/{rel}","templated":true}]}}