{"id":219274,"date":"2026-04-02T00:43:39","date_gmt":"2026-04-02T06:43:39","guid":{"rendered":"https:\/\/compuviper.mx\/tienda\/producto\/logitech-920-010846-teclado-mx-mechanical-mini-grafito-iluminado-inalambrico-bolt-bluetooth-usb-c-usb\/"},"modified":"2026-04-02T00:43:39","modified_gmt":"2026-04-02T06:43:39","slug":"logitech-920-010846-teclado-mx-mechanical-mini-grafito-iluminado-inalambrico-bolt-bluetooth-usb-c-usb","status":"publish","type":"product","link":"https:\/\/compuviper.mx\/tienda\/producto\/logitech-920-010846-teclado-mx-mechanical-mini-grafito-iluminado-inalambrico-bolt-bluetooth-usb-c-usb\/","title":{"rendered":"Logitech 920-010846 Teclado  Mx Mechanical Mini Grafito Iluminado Inalambrico Bolt Bluetooth Usb-c Usb"},"content":{"rendered":"<table class=\"descripcion\">\n<tr>\n<td>Mx mechanical<\/td>\n<\/tr>\n<tr>\n<td>Altura: 26,10 mm (incluidas las teclas)<\/td>\n<\/tr>\n<tr>\n<td>Ancho: 433,85 mm<\/td>\n<\/tr>\n<tr>\n<td>Profundidad: 131,55 mm<\/td>\n<\/tr>\n<tr>\n<td>Peso: 828 g<\/td>\n<\/tr>\n<tr>\n<td>Mx mechanical mini<\/td>\n<\/tr>\n<tr>\n<td>Altura: 26,10 mm (incluidas las teclas)<\/td>\n<\/tr>\n<tr>\n<td>Ancho: 312,60 mm<\/td>\n<\/tr>\n<tr>\n<td>Profundidad: 131,55 mm<\/td>\n<\/tr>\n<tr>\n<td>Peso: 612 g<\/td>\n<\/tr>\n<tr>\n<td>Receptor logi bolt (incluido en ambos productos)<\/td>\n<\/tr>\n<tr>\n<td>Altura: 18,4 mm<\/td>\n<\/tr>\n<tr>\n<td>Ancho: 23,1 mm<\/td>\n<\/tr>\n<tr>\n<td>Profundidad: 6,6 mm<\/td>\n<\/tr>\n<tr>\n<td>Peso: 2 g<\/td>\n<\/tr>\n<tr>\n<td>Especificaciones t\u00e9cnicas<\/td>\n<\/tr>\n<tr>\n<td>Conexi\u00f3n por bluetooth o logi bolt 1no compatible con tecnolog\u00eda de receptor usb logitech unifying<\/td>\n<\/tr>\n<tr>\n<td>Easy-switch: conecta hasta tres dispositivos y alterna entre ellos<\/td>\n<\/tr>\n<tr>\n<td>Retroiluminaci\u00f3n activada por sensor de proximidad de manos<\/td>\n<\/tr>\n<tr>\n<td>Sensor de luz ambiental con ajuste autom\u00e1tico<\/td>\n<\/tr>\n<tr>\n<td>Alcance inal\u00e1mbrico de 10 m 2el radio de acci\u00f3n inal\u00e1mbrico depende del entorno operativo y de la<\/td>\n<\/tr>\n<tr>\n<td>Configuraci\u00f3n de dispositivos.<\/td>\n<\/tr>\n<tr>\n<td>Recargable por usb-c: hasta 15 d\u00edas (o hasta 10 meses con la retroiluminaci\u00f3n desactivada) 3la duraci\u00f3n de las bater\u00edas depende del uso y de los dispositivos<\/td>\n<\/tr>\n<tr>\n<td>Conmutador de encendido\/apagado<\/td>\n<\/tr>\n<tr>\n<td>Indicadores de bloqueo de may\u00fasculas y carga<\/td>\n<\/tr>\n<tr>\n<td>Compatible con mouse preparado para logitech flow<\/td>\n<\/tr>\n<tr>\n<td>Mx mechanical es compatible con el reposamanos mx<\/td>\n<\/tr>\n<tr>\n<td>Pilas: bater\u00eda recargable li-po (1500 mah)<\/td>\n<\/tr>\n<tr>\n<td>Software opcional: logi options+ y logitech flow<\/td>\n<\/tr>\n<tr>\n<td>Atenci\u00f3n: es posible que filevault est\u00e9 activado en tu computadora macos, lo que te podr\u00eda impedir ingresar tu contrase\u00f1a al iniciar o reiniciar con una conexi\u00f3n por bluetooth. en este caso, se debe usar el receptor usb logi bolt<\/td>\n<\/tr>\n<tr>\n<td>Sostenibilidad<\/td>\n<\/tr>\n<tr>\n<td>Pl\u00e1stico en grafito<\/td>\n<\/tr>\n<tr>\n<td>Mx mechanical: 45% de material reciclado posconsumo 4excluye pl\u00e1sticos del conjunto de cableado impreso (pwa), el cable fcc, cables y el empaque<\/td>\n<\/tr>\n<tr>\n<td>Mx mechanical mini: 47% de material reciclado posconsumo 5excluye pl\u00e1sticos del conjunto de cableado impreso (pwa), el cable fcc, cables y el empaque<\/td>\n<\/tr>\n<tr>\n<td>Cubierta superior: aluminio bajo en carbono<\/td>\n<\/tr>\n<tr>\n<td>Empacado de papel: certificaci\u00f3n fsc\u0099<\/td>\n<\/tr>\n<tr>\n<td>Con certificaci\u00f3n carbon neutral<\/td>\n<\/tr>\n<tr>\n<td>Informaci\u00f3n de garant\u00eda<\/td>\n<\/tr>\n<tr>\n<td>Un a\u00f1o de garant\u00eda de hardware limitada<\/td>\n<\/tr>\n<\/table>\n","protected":false},"excerpt":{"rendered":"<p>Tener m\u00e1s opciones es una gran ventaja. Personaliza tu teclado, comprueba la carga de la bater\u00eda, selecciona efectos de retroiluminaci\u00f3n,cambia las funciones de las teclas fn y asigna perfiles espec\u00edficos de aplicaci\u00f3n en el mejorado logi options+ que es m\u00e1s f\u00e1cil de usar que nunca18requiere software logitech options+, disponible para windows y macos. Personalizaciones innumerables. Logi options+19requiere software logitech options+, disponible para windows y macos te permite personalizar toda la fila f a cualquier funci\u00f3n que necesites. Cambia f\u00e1cilmente la prioridad de la fila f y pasa de funciones de teclas f a funciones especiales o personalizaciones espec\u00edficas de aplicaci\u00f3n. Trabaja de forma perfecta. Al instalar el software logi options+ se activa logitech flow cuando se empareja con un mouse mx. Tu teclado mx sigue a tu mouse por los dispositivos, para que puedas controlar varias computadoras, en varios sistemas operativos, en un fluido flujo de trabajo. Iluminaci\u00f3n inteligente. Desempe\u00f1o constante. La teclas con retroiluminaci\u00f3n se encienden m\u00e1gicamente al detectar la proximidad de las manos, y se ajustan autom\u00e1ticamente seg\u00fan las condiciones de iluminaci\u00f3n existentes. El resultado es un \u00f3ptimo consumo de bater\u00eda. Adem\u00e1s ambos teclados ofrecen diversos efectos de retroiluminaci\u00f3n inmersiva para atraerte a tu flujo de trabajo. Puedes alternar entre los efectos en logi options+14requiere software logi options+, disponible para windows y macos o simplemente presionando la tecla fn y la tecla de bombilla al mismo tiempo. Siente el desempe\u00f1o. Interruptores de teclas mec\u00e1nicos con una agradable protuberancia t\u00e1ctil para una respuesta precisa, restablecimiento de teclas reactivo y menos ruido para no molestar a los que te rodean.<\/p>\n","protected":false},"featured_media":219275,"comment_status":"open","ping_status":"open","template":"","meta":[],"product_cat":[1713,1716],"product_tag":[1500],"acf":[],"yoast_head":"<!-- This site is optimized with the Yoast SEO plugin v21.7 - https:\/\/yoast.com\/wordpress\/plugins\/seo\/ -->\n<title>[ Logitech ] &#129351; 920-010846 Teclado Mx Mechanical Mini Grafito Iluminado Inalambrico Bolt Bluetooth Usb-c Usb<\/title>\n<meta name=\"description\" content=\"Compra 920-010846 Teclado Mx Mechanical Mini Grafito Iluminado Inalambrico Bolt Bluetooth Usb-c Usb + Env\u00edo a domicilio + Pago seguro + Garant\u00eda\" \/>\n<meta name=\"robots\" content=\"index, follow, max-snippet:-1, max-image-preview:large, max-video-preview:-1\" \/>\n<link rel=\"canonical\" href=\"https:\/\/compuviper.mx\/tienda\/producto\/logitech-920-010846-teclado-mx-mechanical-mini-grafito-iluminado-inalambrico-bolt-bluetooth-usb-c-usb\/\" \/>\n<meta property=\"og:locale\" content=\"es_MX\" \/>\n<meta property=\"og:type\" content=\"article\" \/>\n<meta property=\"og:title\" content=\"[ Logitech ] &#129351; 920-010846 Teclado Mx Mechanical Mini Grafito Iluminado Inalambrico Bolt Bluetooth Usb-c Usb\" \/>\n<meta property=\"og:description\" content=\"Compra 920-010846 Teclado Mx Mechanical Mini Grafito Iluminado Inalambrico Bolt Bluetooth Usb-c Usb + Env\u00edo a domicilio + Pago seguro + Garant\u00eda\" \/>\n<meta property=\"og:url\" content=\"https:\/\/compuviper.mx\/tienda\/producto\/logitech-920-010846-teclado-mx-mechanical-mini-grafito-iluminado-inalambrico-bolt-bluetooth-usb-c-usb\/\" \/>\n<meta property=\"og:site_name\" content=\"Compuviper\" \/>\n<meta property=\"article:publisher\" content=\"https:\/\/www.facebook.com\/compuviper\" \/>\n<meta property=\"og:image\" content=\"https:\/\/compuviper.mx\/tienda\/wp-content\/uploads\/2023\/12\/Teclado-logitech-mx-mechanical-mini-grafito-iluminado-inalambrico-bolt-bluetooth-usb-c-usb.jpg\" \/>\n\t<meta property=\"og:image:width\" content=\"200\" \/>\n\t<meta property=\"og:image:height\" content=\"200\" \/>\n\t<meta property=\"og:image:type\" content=\"image\/jpeg\" \/>\n<meta name=\"twitter:card\" content=\"summary_large_image\" \/>\n<meta name=\"twitter:label1\" content=\"Precio\" \/>\n\t<meta name=\"twitter:data1\" content=\"&#36;2,735 &#36;1,915 con IVA\" \/>\n\t<meta name=\"twitter:label2\" content=\"Availability\" \/>\n\t<meta name=\"twitter:data2\" content=\"In stock\" \/>\n<script type=\"application\/ld+json\" class=\"yoast-schema-graph\">{\"@context\":\"https:\/\/schema.org\",\"@graph\":[{\"@type\":\"WebPage\",\"@id\":\"https:\/\/compuviper.mx\/tienda\/producto\/logitech-920-010846-teclado-mx-mechanical-mini-grafito-iluminado-inalambrico-bolt-bluetooth-usb-c-usb\/\",\"url\":\"https:\/\/compuviper.mx\/tienda\/producto\/logitech-920-010846-teclado-mx-mechanical-mini-grafito-iluminado-inalambrico-bolt-bluetooth-usb-c-usb\/\",\"name\":\"[ Logitech ] &#129351; 920-010846 Teclado Mx Mechanical Mini Grafito Iluminado Inalambrico Bolt Bluetooth Usb-c Usb\",\"isPartOf\":{\"@id\":\"https:\/\/compuviper.mx\/tienda\/#website\"},\"datePublished\":\"2026-04-02T06:43:39+00:00\",\"dateModified\":\"2026-04-02T06:43:39+00:00\",\"description\":\"Compra 920-010846 Teclado Mx Mechanical Mini Grafito Iluminado Inalambrico Bolt Bluetooth Usb-c Usb + Env\u00edo a domicilio + Pago seguro + Garant\u00eda\",\"breadcrumb\":{\"@id\":\"https:\/\/compuviper.mx\/tienda\/producto\/logitech-920-010846-teclado-mx-mechanical-mini-grafito-iluminado-inalambrico-bolt-bluetooth-usb-c-usb\/#breadcrumb\"},\"inLanguage\":\"es-MX\",\"potentialAction\":[{\"@type\":\"ReadAction\",\"target\":[\"https:\/\/compuviper.mx\/tienda\/producto\/logitech-920-010846-teclado-mx-mechanical-mini-grafito-iluminado-inalambrico-bolt-bluetooth-usb-c-usb\/\"]}]},{\"@type\":\"BreadcrumbList\",\"@id\":\"https:\/\/compuviper.mx\/tienda\/producto\/logitech-920-010846-teclado-mx-mechanical-mini-grafito-iluminado-inalambrico-bolt-bluetooth-usb-c-usb\/#breadcrumb\",\"itemListElement\":[{\"@type\":\"ListItem\",\"position\":1,\"name\":\"Inicio\",\"item\":\"https:\/\/compuviper.mx\/tienda\/\"},{\"@type\":\"ListItem\",\"position\":2,\"name\":\"Productos\",\"item\":\"https:\/\/compuviper.mx\/tienda\/productos\/\"},{\"@type\":\"ListItem\",\"position\":3,\"name\":\"Teclados\",\"item\":\"https:\/\/compuviper.mx\/tienda\/categoria-producto\/teclados\/\"},{\"@type\":\"ListItem\",\"position\":4,\"name\":\"Multimedia\",\"item\":\"https:\/\/compuviper.mx\/tienda\/categoria-producto\/teclados\/multimedia\/\"},{\"@type\":\"ListItem\",\"position\":5,\"name\":\"Logitech 920-010846 Teclado Mx Mechanical Mini Grafito Iluminado Inalambrico Bolt Bluetooth Usb-c Usb\"}]},{\"@type\":\"WebSite\",\"@id\":\"https:\/\/compuviper.mx\/tienda\/#website\",\"url\":\"https:\/\/compuviper.mx\/tienda\/\",\"name\":\"Compuviper\",\"description\":\"Proveedor de Computadoras, Laptops, Servidores, Monitores, Puntos de Venta, Teclados,   Impresoras, T\u00f3ner, C\u00e1maras de Seguridad y m\u00e1s en tu tienda en l\u00ednea\",\"publisher\":{\"@id\":\"https:\/\/compuviper.mx\/tienda\/#organization\"},\"potentialAction\":[{\"@type\":\"SearchAction\",\"target\":{\"@type\":\"EntryPoint\",\"urlTemplate\":\"https:\/\/compuviper.mx\/tienda\/?s={search_term_string}\"},\"query-input\":\"required name=search_term_string\"}],\"inLanguage\":\"es-MX\"},{\"@type\":\"Organization\",\"@id\":\"https:\/\/compuviper.mx\/tienda\/#organization\",\"name\":\"Compuviper\",\"url\":\"https:\/\/compuviper.mx\/tienda\/\",\"logo\":{\"@type\":\"ImageObject\",\"inLanguage\":\"es-MX\",\"@id\":\"https:\/\/compuviper.mx\/tienda\/#\/schema\/logo\/image\/\",\"url\":\"https:\/\/compuviper.mx\/tienda\/wp-content\/uploads\/2021\/08\/Logo-Compuviper-10.png\",\"contentUrl\":\"https:\/\/compuviper.mx\/tienda\/wp-content\/uploads\/2021\/08\/Logo-Compuviper-10.png\",\"width\":1000,\"height\":500,\"caption\":\"Compuviper\"},\"image\":{\"@id\":\"https:\/\/compuviper.mx\/tienda\/#\/schema\/logo\/image\/\"},\"sameAs\":[\"https:\/\/www.facebook.com\/compuviper\",\"https:\/\/www.youtube.com\/channel\/UCf73dERp9Y3cfOq7q8BhLjA?view_as=subscriber\"]}]}<\/script>\n<meta property=\"product:brand\" content=\"LOGITECH\" \/>\n<meta property=\"product:price:amount\" content=\"1915\" \/>\n<meta property=\"product:price:currency\" content=\"MXN\" \/>\n<meta property=\"og:availability\" content=\"instock\" \/>\n<meta property=\"product:availability\" content=\"instock\" \/>\n<meta property=\"product:retailer_item_id\" content=\"920-010846\" \/>\n<meta property=\"product:condition\" content=\"new\" \/>\n<!-- \/ Yoast SEO plugin. -->","yoast_head_json":{"title":"[ Logitech ] &#129351; 920-010846 Teclado Mx Mechanical Mini Grafito Iluminado Inalambrico Bolt Bluetooth Usb-c Usb","description":"Compra 920-010846 Teclado Mx Mechanical Mini Grafito Iluminado Inalambrico Bolt Bluetooth Usb-c Usb + Env\u00edo a domicilio + Pago seguro + Garant\u00eda","robots":{"index":"index","follow":"follow","max-snippet":"max-snippet:-1","max-image-preview":"max-image-preview:large","max-video-preview":"max-video-preview:-1"},"canonical":"https:\/\/compuviper.mx\/tienda\/producto\/logitech-920-010846-teclado-mx-mechanical-mini-grafito-iluminado-inalambrico-bolt-bluetooth-usb-c-usb\/","og_locale":"es_MX","og_type":"article","og_title":"[ Logitech ] &#129351; 920-010846 Teclado Mx Mechanical Mini Grafito Iluminado Inalambrico Bolt Bluetooth Usb-c Usb","og_description":"Compra 920-010846 Teclado Mx Mechanical Mini Grafito Iluminado Inalambrico Bolt Bluetooth Usb-c Usb + Env\u00edo a domicilio + Pago seguro + Garant\u00eda","og_url":"https:\/\/compuviper.mx\/tienda\/producto\/logitech-920-010846-teclado-mx-mechanical-mini-grafito-iluminado-inalambrico-bolt-bluetooth-usb-c-usb\/","og_site_name":"Compuviper","article_publisher":"https:\/\/www.facebook.com\/compuviper","og_image":[{"width":200,"height":200,"url":"https:\/\/compuviper.mx\/tienda\/wp-content\/uploads\/2023\/12\/Teclado-logitech-mx-mechanical-mini-grafito-iluminado-inalambrico-bolt-bluetooth-usb-c-usb.jpg","type":"image\/jpeg"}],"twitter_card":"summary_large_image","twitter_misc":{"Precio":"&#36;2,735 &#36;1,915 con IVA","Availability":"In stock"},"schema":{"@context":"https:\/\/schema.org","@graph":[{"@type":"WebPage","@id":"https:\/\/compuviper.mx\/tienda\/producto\/logitech-920-010846-teclado-mx-mechanical-mini-grafito-iluminado-inalambrico-bolt-bluetooth-usb-c-usb\/","url":"https:\/\/compuviper.mx\/tienda\/producto\/logitech-920-010846-teclado-mx-mechanical-mini-grafito-iluminado-inalambrico-bolt-bluetooth-usb-c-usb\/","name":"[ Logitech ] &#129351; 920-010846 Teclado Mx Mechanical Mini Grafito Iluminado Inalambrico Bolt Bluetooth Usb-c Usb","isPartOf":{"@id":"https:\/\/compuviper.mx\/tienda\/#website"},"datePublished":"2026-04-02T06:43:39+00:00","dateModified":"2026-04-02T06:43:39+00:00","description":"Compra 920-010846 Teclado Mx Mechanical Mini Grafito Iluminado Inalambrico Bolt Bluetooth Usb-c Usb + Env\u00edo a domicilio + Pago seguro + Garant\u00eda","breadcrumb":{"@id":"https:\/\/compuviper.mx\/tienda\/producto\/logitech-920-010846-teclado-mx-mechanical-mini-grafito-iluminado-inalambrico-bolt-bluetooth-usb-c-usb\/#breadcrumb"},"inLanguage":"es-MX","potentialAction":[{"@type":"ReadAction","target":["https:\/\/compuviper.mx\/tienda\/producto\/logitech-920-010846-teclado-mx-mechanical-mini-grafito-iluminado-inalambrico-bolt-bluetooth-usb-c-usb\/"]}]},{"@type":"BreadcrumbList","@id":"https:\/\/compuviper.mx\/tienda\/producto\/logitech-920-010846-teclado-mx-mechanical-mini-grafito-iluminado-inalambrico-bolt-bluetooth-usb-c-usb\/#breadcrumb","itemListElement":[{"@type":"ListItem","position":1,"name":"Inicio","item":"https:\/\/compuviper.mx\/tienda\/"},{"@type":"ListItem","position":2,"name":"Productos","item":"https:\/\/compuviper.mx\/tienda\/productos\/"},{"@type":"ListItem","position":3,"name":"Teclados","item":"https:\/\/compuviper.mx\/tienda\/categoria-producto\/teclados\/"},{"@type":"ListItem","position":4,"name":"Multimedia","item":"https:\/\/compuviper.mx\/tienda\/categoria-producto\/teclados\/multimedia\/"},{"@type":"ListItem","position":5,"name":"Logitech 920-010846 Teclado Mx Mechanical Mini Grafito Iluminado Inalambrico Bolt Bluetooth Usb-c Usb"}]},{"@type":"WebSite","@id":"https:\/\/compuviper.mx\/tienda\/#website","url":"https:\/\/compuviper.mx\/tienda\/","name":"Compuviper","description":"Proveedor de Computadoras, Laptops, Servidores, Monitores, Puntos de Venta, Teclados,   Impresoras, T\u00f3ner, C\u00e1maras de Seguridad y m\u00e1s en tu tienda en l\u00ednea","publisher":{"@id":"https:\/\/compuviper.mx\/tienda\/#organization"},"potentialAction":[{"@type":"SearchAction","target":{"@type":"EntryPoint","urlTemplate":"https:\/\/compuviper.mx\/tienda\/?s={search_term_string}"},"query-input":"required name=search_term_string"}],"inLanguage":"es-MX"},{"@type":"Organization","@id":"https:\/\/compuviper.mx\/tienda\/#organization","name":"Compuviper","url":"https:\/\/compuviper.mx\/tienda\/","logo":{"@type":"ImageObject","inLanguage":"es-MX","@id":"https:\/\/compuviper.mx\/tienda\/#\/schema\/logo\/image\/","url":"https:\/\/compuviper.mx\/tienda\/wp-content\/uploads\/2021\/08\/Logo-Compuviper-10.png","contentUrl":"https:\/\/compuviper.mx\/tienda\/wp-content\/uploads\/2021\/08\/Logo-Compuviper-10.png","width":1000,"height":500,"caption":"Compuviper"},"image":{"@id":"https:\/\/compuviper.mx\/tienda\/#\/schema\/logo\/image\/"},"sameAs":["https:\/\/www.facebook.com\/compuviper","https:\/\/www.youtube.com\/channel\/UCf73dERp9Y3cfOq7q8BhLjA?view_as=subscriber"]}]},"product_brand":"LOGITECH","product_price_amount":"1915","product_price_currency":"MXN","og_availability":"instock","product_availability":"instock","product_retailer_item_id":"920-010846","product_condition":"new"},"_links":{"self":[{"href":"https:\/\/compuviper.mx\/tienda\/wp-json\/wp\/v2\/product\/219274"}],"collection":[{"href":"https:\/\/compuviper.mx\/tienda\/wp-json\/wp\/v2\/product"}],"about":[{"href":"https:\/\/compuviper.mx\/tienda\/wp-json\/wp\/v2\/types\/product"}],"replies":[{"embeddable":true,"href":"https:\/\/compuviper.mx\/tienda\/wp-json\/wp\/v2\/comments?post=219274"}],"wp:featuredmedia":[{"embeddable":true,"href":"https:\/\/compuviper.mx\/tienda\/wp-json\/wp\/v2\/media\/219275"}],"wp:attachment":[{"href":"https:\/\/compuviper.mx\/tienda\/wp-json\/wp\/v2\/media?parent=219274"}],"wp:term":[{"taxonomy":"product_cat","embeddable":true,"href":"https:\/\/compuviper.mx\/tienda\/wp-json\/wp\/v2\/product_cat?post=219274"},{"taxonomy":"product_tag","embeddable":true,"href":"https:\/\/compuviper.mx\/tienda\/wp-json\/wp\/v2\/product_tag?post=219274"}],"curies":[{"name":"wp","href":"https:\/\/api.w.org\/{rel}","templated":true}]}}