{"id":219268,"date":"2026-04-21T00:53:50","date_gmt":"2026-04-21T06:53:50","guid":{"rendered":"https:\/\/compuviper.mx\/tienda\/producto\/logitech-920-010910-teclado-signature-k650-grafito-inalambrico-usb-logi-bolt-bluetooth-multidispositivos\/"},"modified":"2026-04-21T00:53:50","modified_gmt":"2026-04-21T06:53:50","slug":"logitech-920-010910-teclado-signature-k650-inalambrico-receptor-usb-bolt-espaol-grafito","status":"publish","type":"product","link":"https:\/\/compuviper.mx\/tienda\/producto\/logitech-920-010910-teclado-signature-k650-inalambrico-receptor-usb-bolt-espaol-grafito\/","title":{"rendered":"Logitech 920-010910 Teclado  Signature K650 Inalambrico Receptor Usb Bolt (espa?ol) Grafito"},"content":{"rendered":"<table class=\"descripcion\">\n<tr>\n<td>Dimensiones<\/td>\n<\/tr>\n<tr>\n<td>Altura: 193,5 mm<\/td>\n<\/tr>\n<tr>\n<td>Ancho: 457,3 mm<\/td>\n<\/tr>\n<tr>\n<td>Profundidad: 24 mm<\/td>\n<\/tr>\n<tr>\n<td>Peso: 700,23 g sin receptor (1,8 g) y con 2 bater\u00edas aa alcalinas (48,23 g)<\/td>\n<\/tr>\n<tr>\n<td>Especificaciones t\u00e9cnicas<\/td>\n<\/tr>\n<tr>\n<td>Tipo de conexi\u00f3n<\/td>\n<\/tr>\n<tr>\n<td>Tecnolog\u00eda inal\u00e1mbrica bluetooth\u00ae de bajo consumo (bluetooth 5.1) o receptor usb logi bolt.<\/td>\n<\/tr>\n<tr>\n<td>Radio de acci\u00f3n inal\u00e1mbrico: 10 m 1el radio de acci\u00f3n inal\u00e1mbrico depende de las condiciones de uso, del entorno y de los dispositivos.<\/td>\n<\/tr>\n<tr>\n<td>Bater\u00eda<\/td>\n<\/tr>\n<tr>\n<td>Duraci\u00f3n de la bater\u00eda: 36 meses 2la duraci\u00f3n de las bater\u00edas depende del uso y del equipo.<\/td>\n<\/tr>\n<tr>\n<td>Indicador luminoso<\/td>\n<\/tr>\n<tr>\n<td>Indicadores luminosos: bloqueo de may\u00fasculas, tecla de conexi\u00f3n y estado de bater\u00edas<\/td>\n<\/tr>\n<tr>\n<td>Software opcional<\/td>\n<\/tr>\n<tr>\n<td>Compatible con logi options+ en macos 10.15 o posteriores y windows\u00ae 10, windows 11 o posteriores<\/td>\n<\/tr>\n<tr>\n<td>Sostenibilidad<\/td>\n<\/tr>\n<tr>\n<td>Pl\u00e1stico en grafito: 28% de material reciclado posconsumo 3excluye pl\u00e1sticos del conjunto de cableado impreso (pwa), cables y empaque.<\/td>\n<\/tr>\n<tr>\n<td>Pl\u00e1stico en blanco crudo: 21% de material reciclado posconsumo 4excluye pl\u00e1sticos del conjunto de cableado impreso (pwa), cables y empaque<\/td>\n<\/tr>\n<tr>\n<td>Informaci\u00f3n de garant\u00eda<\/td>\n<\/tr>\n<tr>\n<td>Un a\u00f1o de garant\u00eda de hardware limitada<\/td>\n<\/tr>\n<tr>\n<td>N\u00famero de referencia<\/td>\n<\/tr>\n<tr>\n<td>Grafito ingl\u00e9s: 920-010964<\/td>\n<\/tr>\n<tr>\n<td>Blanco crudo ingl\u00e9s: 920-010910<\/td>\n<\/tr>\n<\/table>\n","protected":false},"excerpt":{"rendered":"<p>Signature k650 se adapta perfectamente a tus necesidades diarias en el trabajo con accesos directos mejorados y reposamanos integrado. Obt\u00e9n el confort que necesitas por largas horas en tu escritorio. Con un dise\u00f1o resistente a salpicaduras*, f\u00e1cil de limpiar y hasta 36 meses de duraci\u00f3n de las bater\u00edas**, puedes moverlo de forma c\u00f3moda y sencilla sin cables que estorben. * hasta 60 ml. ** la duraci\u00f3n de las bater\u00edas depende del uso y de los dispositivos.<\/p>\n","protected":false},"featured_media":219269,"comment_status":"open","ping_status":"open","template":"","meta":[],"product_cat":[1713,1716],"product_tag":[1500],"acf":[],"yoast_head":"<!-- This site is optimized with the Yoast SEO plugin v21.7 - https:\/\/yoast.com\/wordpress\/plugins\/seo\/ -->\n<title>[ Logitech ] &#129351; 920-010910 Teclado Signature K650 Inalambrico Receptor Usb Bolt (espa\u00f1ol) Grafito<\/title>\n<meta name=\"description\" content=\"Compra 920-010910 Teclado Signature K650 Inalambrico Receptor Usb Bolt (espa\u00f1ol) Grafito + Env\u00edo a domicilio + Pago seguro + Garant\u00eda\" \/>\n<meta name=\"robots\" content=\"index, follow, max-snippet:-1, max-image-preview:large, max-video-preview:-1\" \/>\n<link rel=\"canonical\" href=\"https:\/\/compuviper.mx\/tienda\/producto\/logitech-920-010910-teclado-signature-k650-inalambrico-receptor-usb-bolt-espaol-grafito\/\" \/>\n<meta property=\"og:locale\" content=\"es_MX\" \/>\n<meta property=\"og:type\" content=\"article\" \/>\n<meta property=\"og:title\" content=\"[ Logitech ] &#129351; 920-010910 Teclado Signature K650 Inalambrico Receptor Usb Bolt (espa\u00f1ol) Grafito\" \/>\n<meta property=\"og:description\" content=\"Compra 920-010910 Teclado Signature K650 Inalambrico Receptor Usb Bolt (espa\u00f1ol) Grafito + Env\u00edo a domicilio + Pago seguro + Garant\u00eda\" \/>\n<meta property=\"og:url\" content=\"https:\/\/compuviper.mx\/tienda\/producto\/logitech-920-010910-teclado-signature-k650-inalambrico-receptor-usb-bolt-espaol-grafito\/\" \/>\n<meta property=\"og:site_name\" content=\"Compuviper\" \/>\n<meta property=\"article:publisher\" content=\"https:\/\/www.facebook.com\/compuviper\" \/>\n<meta property=\"og:image\" content=\"https:\/\/compuviper.mx\/tienda\/wp-content\/uploads\/2023\/12\/Teclado-logitech-signature-k650-grafito-inalambrico-usb-logi-bolt-bluetooth-multidispositivos.jpg\" \/>\n\t<meta property=\"og:image:width\" content=\"200\" \/>\n\t<meta property=\"og:image:height\" content=\"200\" \/>\n\t<meta property=\"og:image:type\" content=\"image\/jpeg\" \/>\n<meta name=\"twitter:card\" content=\"summary_large_image\" \/>\n<meta name=\"twitter:label1\" content=\"Precio\" \/>\n\t<meta name=\"twitter:data1\" content=\"&#36;1,012 con IVA\" \/>\n\t<meta name=\"twitter:label2\" content=\"Availability\" \/>\n\t<meta name=\"twitter:data2\" content=\"In stock\" \/>\n<script type=\"application\/ld+json\" class=\"yoast-schema-graph\">{\"@context\":\"https:\/\/schema.org\",\"@graph\":[{\"@type\":\"WebPage\",\"@id\":\"https:\/\/compuviper.mx\/tienda\/producto\/logitech-920-010910-teclado-signature-k650-inalambrico-receptor-usb-bolt-espaol-grafito\/\",\"url\":\"https:\/\/compuviper.mx\/tienda\/producto\/logitech-920-010910-teclado-signature-k650-inalambrico-receptor-usb-bolt-espaol-grafito\/\",\"name\":\"[ Logitech ] &#129351; 920-010910 Teclado Signature K650 Inalambrico Receptor Usb Bolt (espa\u00f1ol) Grafito\",\"isPartOf\":{\"@id\":\"https:\/\/compuviper.mx\/tienda\/#website\"},\"datePublished\":\"2026-04-21T06:53:50+00:00\",\"dateModified\":\"2026-04-21T06:53:50+00:00\",\"description\":\"Compra 920-010910 Teclado Signature K650 Inalambrico Receptor Usb Bolt (espa\u00f1ol) Grafito + Env\u00edo a domicilio + Pago seguro + Garant\u00eda\",\"breadcrumb\":{\"@id\":\"https:\/\/compuviper.mx\/tienda\/producto\/logitech-920-010910-teclado-signature-k650-inalambrico-receptor-usb-bolt-espaol-grafito\/#breadcrumb\"},\"inLanguage\":\"es-MX\",\"potentialAction\":[{\"@type\":\"ReadAction\",\"target\":[\"https:\/\/compuviper.mx\/tienda\/producto\/logitech-920-010910-teclado-signature-k650-inalambrico-receptor-usb-bolt-espaol-grafito\/\"]}]},{\"@type\":\"BreadcrumbList\",\"@id\":\"https:\/\/compuviper.mx\/tienda\/producto\/logitech-920-010910-teclado-signature-k650-inalambrico-receptor-usb-bolt-espaol-grafito\/#breadcrumb\",\"itemListElement\":[{\"@type\":\"ListItem\",\"position\":1,\"name\":\"Inicio\",\"item\":\"https:\/\/compuviper.mx\/tienda\/\"},{\"@type\":\"ListItem\",\"position\":2,\"name\":\"Productos\",\"item\":\"https:\/\/compuviper.mx\/tienda\/productos\/\"},{\"@type\":\"ListItem\",\"position\":3,\"name\":\"Teclados\",\"item\":\"https:\/\/compuviper.mx\/tienda\/categoria-producto\/teclados\/\"},{\"@type\":\"ListItem\",\"position\":4,\"name\":\"Multimedia\",\"item\":\"https:\/\/compuviper.mx\/tienda\/categoria-producto\/teclados\/multimedia\/\"},{\"@type\":\"ListItem\",\"position\":5,\"name\":\"Logitech 920-010910 Teclado Signature K650 Inalambrico Receptor Usb Bolt (espa?ol) Grafito\"}]},{\"@type\":\"WebSite\",\"@id\":\"https:\/\/compuviper.mx\/tienda\/#website\",\"url\":\"https:\/\/compuviper.mx\/tienda\/\",\"name\":\"Compuviper\",\"description\":\"Proveedor de Computadoras, Laptops, Servidores, Monitores, Puntos de Venta, Teclados,   Impresoras, T\u00f3ner, C\u00e1maras de Seguridad y m\u00e1s en tu tienda en l\u00ednea\",\"publisher\":{\"@id\":\"https:\/\/compuviper.mx\/tienda\/#organization\"},\"potentialAction\":[{\"@type\":\"SearchAction\",\"target\":{\"@type\":\"EntryPoint\",\"urlTemplate\":\"https:\/\/compuviper.mx\/tienda\/?s={search_term_string}\"},\"query-input\":\"required name=search_term_string\"}],\"inLanguage\":\"es-MX\"},{\"@type\":\"Organization\",\"@id\":\"https:\/\/compuviper.mx\/tienda\/#organization\",\"name\":\"Compuviper\",\"url\":\"https:\/\/compuviper.mx\/tienda\/\",\"logo\":{\"@type\":\"ImageObject\",\"inLanguage\":\"es-MX\",\"@id\":\"https:\/\/compuviper.mx\/tienda\/#\/schema\/logo\/image\/\",\"url\":\"https:\/\/compuviper.mx\/tienda\/wp-content\/uploads\/2021\/08\/Logo-Compuviper-10.png\",\"contentUrl\":\"https:\/\/compuviper.mx\/tienda\/wp-content\/uploads\/2021\/08\/Logo-Compuviper-10.png\",\"width\":1000,\"height\":500,\"caption\":\"Compuviper\"},\"image\":{\"@id\":\"https:\/\/compuviper.mx\/tienda\/#\/schema\/logo\/image\/\"},\"sameAs\":[\"https:\/\/www.facebook.com\/compuviper\",\"https:\/\/www.youtube.com\/channel\/UCf73dERp9Y3cfOq7q8BhLjA?view_as=subscriber\"]}]}<\/script>\n<meta property=\"product:brand\" content=\"LOGITECH\" \/>\n<meta property=\"product:price:amount\" content=\"1012\" \/>\n<meta property=\"product:price:currency\" content=\"MXN\" \/>\n<meta property=\"og:availability\" content=\"instock\" \/>\n<meta property=\"product:availability\" content=\"instock\" \/>\n<meta property=\"product:retailer_item_id\" content=\"920-010910\" \/>\n<meta property=\"product:condition\" content=\"new\" \/>\n<!-- \/ Yoast SEO plugin. -->","yoast_head_json":{"title":"[ Logitech ] &#129351; 920-010910 Teclado Signature K650 Inalambrico Receptor Usb Bolt (espa\u00f1ol) Grafito","description":"Compra 920-010910 Teclado Signature K650 Inalambrico Receptor Usb Bolt (espa\u00f1ol) Grafito + Env\u00edo a domicilio + Pago seguro + Garant\u00eda","robots":{"index":"index","follow":"follow","max-snippet":"max-snippet:-1","max-image-preview":"max-image-preview:large","max-video-preview":"max-video-preview:-1"},"canonical":"https:\/\/compuviper.mx\/tienda\/producto\/logitech-920-010910-teclado-signature-k650-inalambrico-receptor-usb-bolt-espaol-grafito\/","og_locale":"es_MX","og_type":"article","og_title":"[ Logitech ] &#129351; 920-010910 Teclado Signature K650 Inalambrico Receptor Usb Bolt (espa\u00f1ol) Grafito","og_description":"Compra 920-010910 Teclado Signature K650 Inalambrico Receptor Usb Bolt (espa\u00f1ol) Grafito + Env\u00edo a domicilio + Pago seguro + Garant\u00eda","og_url":"https:\/\/compuviper.mx\/tienda\/producto\/logitech-920-010910-teclado-signature-k650-inalambrico-receptor-usb-bolt-espaol-grafito\/","og_site_name":"Compuviper","article_publisher":"https:\/\/www.facebook.com\/compuviper","og_image":[{"width":200,"height":200,"url":"https:\/\/compuviper.mx\/tienda\/wp-content\/uploads\/2023\/12\/Teclado-logitech-signature-k650-grafito-inalambrico-usb-logi-bolt-bluetooth-multidispositivos.jpg","type":"image\/jpeg"}],"twitter_card":"summary_large_image","twitter_misc":{"Precio":"&#36;1,012 con IVA","Availability":"In stock"},"schema":{"@context":"https:\/\/schema.org","@graph":[{"@type":"WebPage","@id":"https:\/\/compuviper.mx\/tienda\/producto\/logitech-920-010910-teclado-signature-k650-inalambrico-receptor-usb-bolt-espaol-grafito\/","url":"https:\/\/compuviper.mx\/tienda\/producto\/logitech-920-010910-teclado-signature-k650-inalambrico-receptor-usb-bolt-espaol-grafito\/","name":"[ Logitech ] &#129351; 920-010910 Teclado Signature K650 Inalambrico Receptor Usb Bolt (espa\u00f1ol) Grafito","isPartOf":{"@id":"https:\/\/compuviper.mx\/tienda\/#website"},"datePublished":"2026-04-21T06:53:50+00:00","dateModified":"2026-04-21T06:53:50+00:00","description":"Compra 920-010910 Teclado Signature K650 Inalambrico Receptor Usb Bolt (espa\u00f1ol) Grafito + Env\u00edo a domicilio + Pago seguro + Garant\u00eda","breadcrumb":{"@id":"https:\/\/compuviper.mx\/tienda\/producto\/logitech-920-010910-teclado-signature-k650-inalambrico-receptor-usb-bolt-espaol-grafito\/#breadcrumb"},"inLanguage":"es-MX","potentialAction":[{"@type":"ReadAction","target":["https:\/\/compuviper.mx\/tienda\/producto\/logitech-920-010910-teclado-signature-k650-inalambrico-receptor-usb-bolt-espaol-grafito\/"]}]},{"@type":"BreadcrumbList","@id":"https:\/\/compuviper.mx\/tienda\/producto\/logitech-920-010910-teclado-signature-k650-inalambrico-receptor-usb-bolt-espaol-grafito\/#breadcrumb","itemListElement":[{"@type":"ListItem","position":1,"name":"Inicio","item":"https:\/\/compuviper.mx\/tienda\/"},{"@type":"ListItem","position":2,"name":"Productos","item":"https:\/\/compuviper.mx\/tienda\/productos\/"},{"@type":"ListItem","position":3,"name":"Teclados","item":"https:\/\/compuviper.mx\/tienda\/categoria-producto\/teclados\/"},{"@type":"ListItem","position":4,"name":"Multimedia","item":"https:\/\/compuviper.mx\/tienda\/categoria-producto\/teclados\/multimedia\/"},{"@type":"ListItem","position":5,"name":"Logitech 920-010910 Teclado Signature K650 Inalambrico Receptor Usb Bolt (espa?ol) Grafito"}]},{"@type":"WebSite","@id":"https:\/\/compuviper.mx\/tienda\/#website","url":"https:\/\/compuviper.mx\/tienda\/","name":"Compuviper","description":"Proveedor de Computadoras, Laptops, Servidores, Monitores, Puntos de Venta, Teclados,   Impresoras, T\u00f3ner, C\u00e1maras de Seguridad y m\u00e1s en tu tienda en l\u00ednea","publisher":{"@id":"https:\/\/compuviper.mx\/tienda\/#organization"},"potentialAction":[{"@type":"SearchAction","target":{"@type":"EntryPoint","urlTemplate":"https:\/\/compuviper.mx\/tienda\/?s={search_term_string}"},"query-input":"required name=search_term_string"}],"inLanguage":"es-MX"},{"@type":"Organization","@id":"https:\/\/compuviper.mx\/tienda\/#organization","name":"Compuviper","url":"https:\/\/compuviper.mx\/tienda\/","logo":{"@type":"ImageObject","inLanguage":"es-MX","@id":"https:\/\/compuviper.mx\/tienda\/#\/schema\/logo\/image\/","url":"https:\/\/compuviper.mx\/tienda\/wp-content\/uploads\/2021\/08\/Logo-Compuviper-10.png","contentUrl":"https:\/\/compuviper.mx\/tienda\/wp-content\/uploads\/2021\/08\/Logo-Compuviper-10.png","width":1000,"height":500,"caption":"Compuviper"},"image":{"@id":"https:\/\/compuviper.mx\/tienda\/#\/schema\/logo\/image\/"},"sameAs":["https:\/\/www.facebook.com\/compuviper","https:\/\/www.youtube.com\/channel\/UCf73dERp9Y3cfOq7q8BhLjA?view_as=subscriber"]}]},"product_brand":"LOGITECH","product_price_amount":"1012","product_price_currency":"MXN","og_availability":"instock","product_availability":"instock","product_retailer_item_id":"920-010910","product_condition":"new"},"_links":{"self":[{"href":"https:\/\/compuviper.mx\/tienda\/wp-json\/wp\/v2\/product\/219268"}],"collection":[{"href":"https:\/\/compuviper.mx\/tienda\/wp-json\/wp\/v2\/product"}],"about":[{"href":"https:\/\/compuviper.mx\/tienda\/wp-json\/wp\/v2\/types\/product"}],"replies":[{"embeddable":true,"href":"https:\/\/compuviper.mx\/tienda\/wp-json\/wp\/v2\/comments?post=219268"}],"wp:featuredmedia":[{"embeddable":true,"href":"https:\/\/compuviper.mx\/tienda\/wp-json\/wp\/v2\/media\/219269"}],"wp:attachment":[{"href":"https:\/\/compuviper.mx\/tienda\/wp-json\/wp\/v2\/media?parent=219268"}],"wp:term":[{"taxonomy":"product_cat","embeddable":true,"href":"https:\/\/compuviper.mx\/tienda\/wp-json\/wp\/v2\/product_cat?post=219268"},{"taxonomy":"product_tag","embeddable":true,"href":"https:\/\/compuviper.mx\/tienda\/wp-json\/wp\/v2\/product_tag?post=219268"}],"curies":[{"name":"wp","href":"https:\/\/api.w.org\/{rel}","templated":true}]}}