{"id":219232,"date":"2026-04-07T00:41:59","date_gmt":"2026-04-07T06:41:59","guid":{"rendered":"https:\/\/compuviper.mx\/tienda\/producto\/logitech-920-010476-teclado-mx-keys-mini-graphite-iluminado-master-series-inalambrico-bolt-bluetooth-usb-c-usb\/"},"modified":"2026-04-07T00:42:00","modified_gmt":"2026-04-07T06:42:00","slug":"logitech-920-010476-teclado-mx-keys-mini-inalambrico-bluetooth-recargable-espaol-graphite","status":"publish","type":"product","link":"https:\/\/compuviper.mx\/tienda\/producto\/logitech-920-010476-teclado-mx-keys-mini-inalambrico-bluetooth-recargable-espaol-graphite\/","title":{"rendered":"Logitech 920-010476 Teclado  Mx Keys Mini Inalambrico Bluetooth Recargable (espa?ol) Graphite"},"content":{"rendered":"<table class=\"descripcion\">\n<tr>\n<td>Especificaciones y detalles<\/td>\n<\/tr>\n<tr>\n<td>Dimensiones<\/td>\n<\/tr>\n<tr>\n<td>Teclado mx keys mini<\/td>\n<\/tr>\n<tr>\n<td>Altura: 131,95 mm<\/td>\n<\/tr>\n<tr>\n<td>Ancho: 295,99 mm<\/td>\n<\/tr>\n<tr>\n<td>Profundidad: 20,97 mm<\/td>\n<\/tr>\n<tr>\n<td>Peso: 506,4 g<\/td>\n<\/tr>\n<tr>\n<td>Requisitos del sistema<\/td>\n<\/tr>\n<tr>\n<td>Requisitos<\/td>\n<\/tr>\n<tr>\n<td>Conexi\u00f3n a internet para descargas de software<\/td>\n<\/tr>\n<tr>\n<td>Software logitech options en macos y windows<\/td>\n<\/tr>\n<tr>\n<td>Dispositivo con bluetooth de bajo consumo utilizable con teclado<\/td>\n<\/tr>\n<tr>\n<td>Bluetooth<\/td>\n<\/tr>\n<tr>\n<td>Requiere: bluetooth low energy<\/td>\n<\/tr>\n<tr>\n<td>Windows 10, 11 or later<\/td>\n<\/tr>\n<tr>\n<td>Macos 10.15 o posteriores<\/td>\n<\/tr>\n<tr>\n<td>Chrome os\u0099 6las funciones b\u00e1sicas de los dispositivos se admitir\u00e1n sin software para sistemas operativos distintos de windows\u00ae y macos<\/td>\n<\/tr>\n<tr>\n<td>Linux\u00ae 7las funciones b\u00e1sicas de los dispositivos se admitir\u00e1n sin software para sistemas operativos distintos de windows\u00ae y macos<\/td>\n<\/tr>\n<tr>\n<td>Ios 13.4 o posteriores 8las funciones b\u00e1sicas de los dispositivos se admitir\u00e1n sin software para sistemas operativos distintos de windows\u00ae y macos<\/td>\n<\/tr>\n<tr>\n<td>Ipados 14 o posteriores 9las funciones b\u00e1sicas de los dispositivos se admitir\u00e1n sin software para sistemas operativos distintos de windows\u00ae y macos<\/td>\n<\/tr>\n<tr>\n<td>Android\u0099 5.0 o posteriores 10las funciones b\u00e1sicas de los dispositivos se admitir\u00e1n sin software para sistemas operativos distintos de windows\u00ae y macos<\/td>\n<\/tr>\n<tr>\n<td>Compatibilidad<\/td>\n<\/tr>\n<tr>\n<td>Compatible con receptor usb logi bolt (no incluido)<\/td>\n<\/tr>\n<tr>\n<td>Los productos inal\u00e1mbricos logi bolt no se emparejar\u00e1n con otros receptores usb logitech.<\/td>\n<\/tr>\n<tr>\n<td>Especificaciones t\u00e9cnicas<\/td>\n<\/tr>\n<tr>\n<td>Teclado inal\u00e1mbrico minimalista iluminado<\/td>\n<\/tr>\n<tr>\n<td>Conexi\u00f3n mediante tecnolog\u00eda bluetooth de bajo consumo<\/td>\n<\/tr>\n<tr>\n<td>Teclas con funci\u00f3n easy-switch para conectar tres dispositivos y alternar f\u00e1cilmente entre ellos<\/td>\n<\/tr>\n<tr>\n<td>Radio de acci\u00f3n inal\u00e1mbrico de 10 metros 11el radio de acci\u00f3n inal\u00e1mbrico depende del entorno operativo y de la configuraci\u00f3n de dispositivos.<\/td>\n<\/tr>\n<tr>\n<td>Sensores de proximidad de las manos que activan la retroiluminaci\u00f3n<\/td>\n<\/tr>\n<tr>\n<td>Sensores de luz ambiental que ajustan el brillo de la retroiluminaci\u00f3n<\/td>\n<\/tr>\n<tr>\n<td>Recargable por usb-c. una carga completa dura 10 d\u00edas (o hasta 5 meses con la retroiluminaci\u00f3n desactivada 12la duraci\u00f3n de las bater\u00edas depende del uso y de los dispositivos.<\/td>\n<\/tr>\n<tr>\n<td>Conmutador de encendido\/apagado<\/td>\n<\/tr>\n<tr>\n<td>Indicadores luminosos de bloqueo de may\u00fasculas y carga de bater\u00eda<\/td>\n<\/tr>\n<tr>\n<td>Compatible con mouse preparado para logitech flow<\/td>\n<\/tr>\n<tr>\n<td>Atenci\u00f3n: filevault<\/td>\n<\/tr>\n<tr>\n<td>Filevault es un sistema de cifrado disponible en algunos equipos mac. cuando est\u00e1 activado, puede impedir que los dispositivos bluetooth se conecten con la computadora si a\u00fan no iniciaste sesi\u00f3n. si tienes filevault activado, aconsejamos la compra del receptor usb logi bolt compatible.<\/td>\n<\/tr>\n<tr>\n<td>Sostenibilidad<\/td>\n<\/tr>\n<tr>\n<td>Pl\u00e1stico en grafito: 30% de material reciclado posconsumo 13excepto el empaque y pl\u00e1stico de la placa de circuito impreso (pcb).<\/td>\n<\/tr>\n<tr>\n<td>Pl\u00e1stico gris p\u00e1lido: 12% de material reciclado posconsumo 14excepto el empaque y pl\u00e1stico de la placa de circuito impreso (pcb).<\/td>\n<\/tr>\n<tr>\n<td>Pl\u00e1stico en rosado: 12% de material reciclado posconsumo 15excepto el empaque y pl\u00e1stico de la placa de circuito impreso (pcb).<\/td>\n<\/tr>\n<tr>\n<td>Empacado de papel: certificaci\u00f3n para fsc\u0099<\/td>\n<\/tr>\n<tr>\n<td>Contenido de la caja<\/td>\n<\/tr>\n<tr>\n<td>Teclado universal<\/td>\n<\/tr>\n<tr>\n<td>Cable de carga usb-c (usb-a a usb-c)<\/td>\n<\/tr>\n<tr>\n<td>Documentaci\u00f3n del usuario<\/td>\n<\/tr>\n<tr>\n<td>Informaci\u00f3n de garant\u00eda<\/td>\n<\/tr>\n<tr>\n<td>Un a\u00f1o de garant\u00eda de hardware limitada<\/td>\n<\/tr>\n<tr>\n<td>N\u00famero de referencia<\/td>\n<\/tr>\n<tr>\n<td>Gris p\u00e1lido: 920-010477<\/td>\n<\/tr>\n<tr>\n<td>Grafito: 920-010476<\/td>\n<\/tr>\n<tr>\n<td>Rosado: 920-010<\/td>\n<\/tr>\n<\/table>\n","protected":false},"excerpt":{"rendered":"<p>The master series by logitech. M\u00e1s peque\u00f1o. M\u00e1s inteligente. M\u00e1s poderoso. Mx keys mini. Master it. Con un mini. \u00e9ste es mx keys mini, un teclado minimalista hecho para creadores. Un formato m\u00e1s peque\u00f1o y teclas m\u00e1s inteligentes potencian la capacidad de crear y hacer cosas. Tama\u00f1o m\u00ednimo, confort m\u00e1ximo. Trabaja con un teclado minimalista que maximiza la accesibilidad de cada tecla, comando y acceso directo. El formato minimalista favorece la alineaci\u00f3n de los hombros y el acercamiento del mouse al teclado. As\u00ed hay que mover menos la mano y se mejoran la postura y la ergonom\u00eda. Teclas contorneadas para las yemas de los dedos. Las teclas para pulsaciones perfectas hacen cada acci\u00f3n fluida, natural y precisa. Las teclas esf\u00e9ricas c\u00f3ncavas reflejan la forma de las yemas de los dedos, y sus bordes redondeados proporcionan una respuesta perfecta sin importar d\u00f3nde presiones la tecla. Cada una de las teclas tiene un recubrimiento mate destinado a facilitar el movimiento de los dedos sobre la superficie. Escritura fluida. Cada pulsaci\u00f3n de tecla en mx keys mini es fluida, natural y precisa. Una mayor estabilidad de las teclas reduce el ruido y optimiza la capacidad de respuesta, para que sientas las pulsaciones sin tener que o\u00edrlas. Todo el armaz\u00f3n de mx keys mini se asienta en una sola placa met\u00e1lica, lo que aporta gran solidez a la construcci\u00f3n para que nunca se deslice por el escritorio. Con teclas de emojis, dictado y silencio\/reactivaci\u00f3n de micr\u00f3fono. Con teclas fn m\u00e1s inteligentes1requiere software logitech options, disponible para windows\u00ae y macos en www.Logitech.Com\/options ahora puedes enviar emojis, silenciar y reactivar el micr\u00f3fono, y activar la funci\u00f3n de voz a texto. Tecla de dictado2la funci\u00f3n de dictado la suministran windows\u00ae y macos, y actualmente s\u00f3lo est\u00e1 disponible para ciertos idiomas y regiones. M\u00e1s informaci\u00f3n en logitech.Com\/support\/osdictation. Presiona esta tecla para hablar y escribir lo que digas en un campo de texto seleccionado. Tecla de emojis. Abre al instante la ventana de emojis para poder enviar  and #129392;   and #129315; o  and #128293;r\u00e1pidamente. Silenciar\/reactivar micr\u00f3fono. Presiona esta tecla para desactivar y reactivar el micr\u00f3fono y hacer tus videollamadas perfectas. Iluminaci\u00f3n inteligente. M\u00e1s inteligente. Los sensores de proximidad detectan tus manos y el teclado se ilumina cuando acercas los dedos. Las teclas con retroiluminaci\u00f3n se ajustan autom\u00e1ticamente a las condiciones de iluminaci\u00f3n y se apagan cuando el usuario se aleja, as\u00ed se conserva la energ\u00eda para los momentos de inspiraci\u00f3n. La intensidad de retroiluminaci\u00f3n se adapta autom\u00e1ticamente a las condiciones luminosas. Tambi\u00e9n se puede establecer manualmente. Carga r\u00e1pida, conexi\u00f3n m\u00e1s r\u00e1pida. Mx keys mini conserva la energ\u00eda hasta 10 d\u00edas con una carga completa, o hasta 5 meses con la retroiluminaci\u00f3n desactivada3la duraci\u00f3n de las bater\u00edas depende del uso y de los dispositivos. Usa el cable de carga usb-c para recargar la energ\u00eda. Empareja f\u00e1cilmente mx keys mini a tres dispositivos, mediante bluetooth\u00ae de bajo consumo, sin necesidad de ocupar puertos usb. 10 d\u00edas. Con una carga completa. Hasta. 5 meses. Con la retroiluminaci\u00f3n apagada. Creaci\u00f3n fluida con flow. Mx keys mini sigue al cursor de mx anywhere 3 o mx master 3 con flow, para que escribas en varios dispositivos con total fluidez. Puedes transferir archivos, documentos e im\u00e1genes entre dispositivos y sistemas operativos mac y windows\u00ae4se requiere software logitech options, disponible para windows\u00ae y macos en www.Logitech.Com\/options<\/p>\n","protected":false},"featured_media":219233,"comment_status":"open","ping_status":"open","template":"","meta":[],"product_cat":[1713,1716],"product_tag":[1500],"acf":[],"yoast_head":"<!-- This site is optimized with the Yoast SEO plugin v21.7 - https:\/\/yoast.com\/wordpress\/plugins\/seo\/ -->\n<title>[ Logitech ] &#129351; 920-010476 Teclado Mx Keys Mini Inalambrico Bluetooth Recargable (espa\u00f1ol) Graphite<\/title>\n<meta name=\"description\" content=\"Compra 920-010476 Teclado Mx Keys Mini Inalambrico Bluetooth Recargable (espa\u00f1ol) Graphite + Env\u00edo a domicilio + Pago seguro + Garant\u00eda\" \/>\n<meta name=\"robots\" content=\"index, follow, max-snippet:-1, max-image-preview:large, max-video-preview:-1\" \/>\n<link rel=\"canonical\" href=\"https:\/\/compuviper.mx\/tienda\/producto\/logitech-920-010476-teclado-mx-keys-mini-inalambrico-bluetooth-recargable-espaol-graphite\/\" \/>\n<meta property=\"og:locale\" content=\"es_MX\" \/>\n<meta property=\"og:type\" content=\"article\" \/>\n<meta property=\"og:title\" content=\"[ Logitech ] &#129351; 920-010476 Teclado Mx Keys Mini Inalambrico Bluetooth Recargable (espa\u00f1ol) Graphite\" \/>\n<meta property=\"og:description\" content=\"Compra 920-010476 Teclado Mx Keys Mini Inalambrico Bluetooth Recargable (espa\u00f1ol) Graphite + Env\u00edo a domicilio + Pago seguro + Garant\u00eda\" \/>\n<meta property=\"og:url\" content=\"https:\/\/compuviper.mx\/tienda\/producto\/logitech-920-010476-teclado-mx-keys-mini-inalambrico-bluetooth-recargable-espaol-graphite\/\" \/>\n<meta property=\"og:site_name\" content=\"Compuviper\" \/>\n<meta property=\"article:publisher\" content=\"https:\/\/www.facebook.com\/compuviper\" \/>\n<meta property=\"article:modified_time\" content=\"2026-04-07T06:42:00+00:00\" \/>\n<meta property=\"og:image\" content=\"https:\/\/compuviper.mx\/tienda\/wp-content\/uploads\/2023\/12\/Teclado-logitech-mx-keys-mini-graphite-iluminado-master-series-inalambrico-bolt-bluetooth-usb-c-usb.jpg\" \/>\n\t<meta property=\"og:image:width\" content=\"200\" \/>\n\t<meta property=\"og:image:height\" content=\"200\" \/>\n\t<meta property=\"og:image:type\" content=\"image\/jpeg\" \/>\n<meta name=\"twitter:card\" content=\"summary_large_image\" \/>\n<meta name=\"twitter:label1\" content=\"Precio\" \/>\n\t<meta name=\"twitter:data1\" content=\"&#36;1,967 con IVA\" \/>\n\t<meta name=\"twitter:label2\" content=\"Availability\" \/>\n\t<meta name=\"twitter:data2\" content=\"In stock\" \/>\n<script type=\"application\/ld+json\" class=\"yoast-schema-graph\">{\"@context\":\"https:\/\/schema.org\",\"@graph\":[{\"@type\":\"WebPage\",\"@id\":\"https:\/\/compuviper.mx\/tienda\/producto\/logitech-920-010476-teclado-mx-keys-mini-inalambrico-bluetooth-recargable-espaol-graphite\/\",\"url\":\"https:\/\/compuviper.mx\/tienda\/producto\/logitech-920-010476-teclado-mx-keys-mini-inalambrico-bluetooth-recargable-espaol-graphite\/\",\"name\":\"[ Logitech ] &#129351; 920-010476 Teclado Mx Keys Mini Inalambrico Bluetooth Recargable (espa\u00f1ol) Graphite\",\"isPartOf\":{\"@id\":\"https:\/\/compuviper.mx\/tienda\/#website\"},\"datePublished\":\"2026-04-07T06:41:59+00:00\",\"dateModified\":\"2026-04-07T06:42:00+00:00\",\"description\":\"Compra 920-010476 Teclado Mx Keys Mini Inalambrico Bluetooth Recargable (espa\u00f1ol) Graphite + Env\u00edo a domicilio + Pago seguro + Garant\u00eda\",\"breadcrumb\":{\"@id\":\"https:\/\/compuviper.mx\/tienda\/producto\/logitech-920-010476-teclado-mx-keys-mini-inalambrico-bluetooth-recargable-espaol-graphite\/#breadcrumb\"},\"inLanguage\":\"es-MX\",\"potentialAction\":[{\"@type\":\"ReadAction\",\"target\":[\"https:\/\/compuviper.mx\/tienda\/producto\/logitech-920-010476-teclado-mx-keys-mini-inalambrico-bluetooth-recargable-espaol-graphite\/\"]}]},{\"@type\":\"BreadcrumbList\",\"@id\":\"https:\/\/compuviper.mx\/tienda\/producto\/logitech-920-010476-teclado-mx-keys-mini-inalambrico-bluetooth-recargable-espaol-graphite\/#breadcrumb\",\"itemListElement\":[{\"@type\":\"ListItem\",\"position\":1,\"name\":\"Inicio\",\"item\":\"https:\/\/compuviper.mx\/tienda\/\"},{\"@type\":\"ListItem\",\"position\":2,\"name\":\"Productos\",\"item\":\"https:\/\/compuviper.mx\/tienda\/productos\/\"},{\"@type\":\"ListItem\",\"position\":3,\"name\":\"Teclados\",\"item\":\"https:\/\/compuviper.mx\/tienda\/categoria-producto\/teclados\/\"},{\"@type\":\"ListItem\",\"position\":4,\"name\":\"Multimedia\",\"item\":\"https:\/\/compuviper.mx\/tienda\/categoria-producto\/teclados\/multimedia\/\"},{\"@type\":\"ListItem\",\"position\":5,\"name\":\"Logitech 920-010476 Teclado Mx Keys Mini Inalambrico Bluetooth Recargable (espa?ol) Graphite\"}]},{\"@type\":\"WebSite\",\"@id\":\"https:\/\/compuviper.mx\/tienda\/#website\",\"url\":\"https:\/\/compuviper.mx\/tienda\/\",\"name\":\"Compuviper\",\"description\":\"Proveedor de Computadoras, Laptops, Servidores, Monitores, Puntos de Venta, Teclados,   Impresoras, T\u00f3ner, C\u00e1maras de Seguridad y m\u00e1s en tu tienda en l\u00ednea\",\"publisher\":{\"@id\":\"https:\/\/compuviper.mx\/tienda\/#organization\"},\"potentialAction\":[{\"@type\":\"SearchAction\",\"target\":{\"@type\":\"EntryPoint\",\"urlTemplate\":\"https:\/\/compuviper.mx\/tienda\/?s={search_term_string}\"},\"query-input\":\"required name=search_term_string\"}],\"inLanguage\":\"es-MX\"},{\"@type\":\"Organization\",\"@id\":\"https:\/\/compuviper.mx\/tienda\/#organization\",\"name\":\"Compuviper\",\"url\":\"https:\/\/compuviper.mx\/tienda\/\",\"logo\":{\"@type\":\"ImageObject\",\"inLanguage\":\"es-MX\",\"@id\":\"https:\/\/compuviper.mx\/tienda\/#\/schema\/logo\/image\/\",\"url\":\"https:\/\/compuviper.mx\/tienda\/wp-content\/uploads\/2021\/08\/Logo-Compuviper-10.png\",\"contentUrl\":\"https:\/\/compuviper.mx\/tienda\/wp-content\/uploads\/2021\/08\/Logo-Compuviper-10.png\",\"width\":1000,\"height\":500,\"caption\":\"Compuviper\"},\"image\":{\"@id\":\"https:\/\/compuviper.mx\/tienda\/#\/schema\/logo\/image\/\"},\"sameAs\":[\"https:\/\/www.facebook.com\/compuviper\",\"https:\/\/www.youtube.com\/channel\/UCf73dERp9Y3cfOq7q8BhLjA?view_as=subscriber\"]}]}<\/script>\n<meta property=\"product:brand\" content=\"LOGITECH\" \/>\n<meta property=\"product:price:amount\" content=\"1967\" \/>\n<meta property=\"product:price:currency\" content=\"MXN\" \/>\n<meta property=\"og:availability\" content=\"instock\" \/>\n<meta property=\"product:availability\" content=\"instock\" \/>\n<meta property=\"product:retailer_item_id\" content=\"920-010476\" \/>\n<meta property=\"product:condition\" content=\"new\" \/>\n<!-- \/ Yoast SEO plugin. -->","yoast_head_json":{"title":"[ Logitech ] &#129351; 920-010476 Teclado Mx Keys Mini Inalambrico Bluetooth Recargable (espa\u00f1ol) Graphite","description":"Compra 920-010476 Teclado Mx Keys Mini Inalambrico Bluetooth Recargable (espa\u00f1ol) Graphite + Env\u00edo a domicilio + Pago seguro + Garant\u00eda","robots":{"index":"index","follow":"follow","max-snippet":"max-snippet:-1","max-image-preview":"max-image-preview:large","max-video-preview":"max-video-preview:-1"},"canonical":"https:\/\/compuviper.mx\/tienda\/producto\/logitech-920-010476-teclado-mx-keys-mini-inalambrico-bluetooth-recargable-espaol-graphite\/","og_locale":"es_MX","og_type":"article","og_title":"[ Logitech ] &#129351; 920-010476 Teclado Mx Keys Mini Inalambrico Bluetooth Recargable (espa\u00f1ol) Graphite","og_description":"Compra 920-010476 Teclado Mx Keys Mini Inalambrico Bluetooth Recargable (espa\u00f1ol) Graphite + Env\u00edo a domicilio + Pago seguro + Garant\u00eda","og_url":"https:\/\/compuviper.mx\/tienda\/producto\/logitech-920-010476-teclado-mx-keys-mini-inalambrico-bluetooth-recargable-espaol-graphite\/","og_site_name":"Compuviper","article_publisher":"https:\/\/www.facebook.com\/compuviper","article_modified_time":"2026-04-07T06:42:00+00:00","og_image":[{"width":200,"height":200,"url":"https:\/\/compuviper.mx\/tienda\/wp-content\/uploads\/2023\/12\/Teclado-logitech-mx-keys-mini-graphite-iluminado-master-series-inalambrico-bolt-bluetooth-usb-c-usb.jpg","type":"image\/jpeg"}],"twitter_card":"summary_large_image","twitter_misc":{"Precio":"&#36;1,967 con IVA","Availability":"In stock"},"schema":{"@context":"https:\/\/schema.org","@graph":[{"@type":"WebPage","@id":"https:\/\/compuviper.mx\/tienda\/producto\/logitech-920-010476-teclado-mx-keys-mini-inalambrico-bluetooth-recargable-espaol-graphite\/","url":"https:\/\/compuviper.mx\/tienda\/producto\/logitech-920-010476-teclado-mx-keys-mini-inalambrico-bluetooth-recargable-espaol-graphite\/","name":"[ Logitech ] &#129351; 920-010476 Teclado Mx Keys Mini Inalambrico Bluetooth Recargable (espa\u00f1ol) Graphite","isPartOf":{"@id":"https:\/\/compuviper.mx\/tienda\/#website"},"datePublished":"2026-04-07T06:41:59+00:00","dateModified":"2026-04-07T06:42:00+00:00","description":"Compra 920-010476 Teclado Mx Keys Mini Inalambrico Bluetooth Recargable (espa\u00f1ol) Graphite + Env\u00edo a domicilio + Pago seguro + Garant\u00eda","breadcrumb":{"@id":"https:\/\/compuviper.mx\/tienda\/producto\/logitech-920-010476-teclado-mx-keys-mini-inalambrico-bluetooth-recargable-espaol-graphite\/#breadcrumb"},"inLanguage":"es-MX","potentialAction":[{"@type":"ReadAction","target":["https:\/\/compuviper.mx\/tienda\/producto\/logitech-920-010476-teclado-mx-keys-mini-inalambrico-bluetooth-recargable-espaol-graphite\/"]}]},{"@type":"BreadcrumbList","@id":"https:\/\/compuviper.mx\/tienda\/producto\/logitech-920-010476-teclado-mx-keys-mini-inalambrico-bluetooth-recargable-espaol-graphite\/#breadcrumb","itemListElement":[{"@type":"ListItem","position":1,"name":"Inicio","item":"https:\/\/compuviper.mx\/tienda\/"},{"@type":"ListItem","position":2,"name":"Productos","item":"https:\/\/compuviper.mx\/tienda\/productos\/"},{"@type":"ListItem","position":3,"name":"Teclados","item":"https:\/\/compuviper.mx\/tienda\/categoria-producto\/teclados\/"},{"@type":"ListItem","position":4,"name":"Multimedia","item":"https:\/\/compuviper.mx\/tienda\/categoria-producto\/teclados\/multimedia\/"},{"@type":"ListItem","position":5,"name":"Logitech 920-010476 Teclado Mx Keys Mini Inalambrico Bluetooth Recargable (espa?ol) Graphite"}]},{"@type":"WebSite","@id":"https:\/\/compuviper.mx\/tienda\/#website","url":"https:\/\/compuviper.mx\/tienda\/","name":"Compuviper","description":"Proveedor de Computadoras, Laptops, Servidores, Monitores, Puntos de Venta, Teclados,   Impresoras, T\u00f3ner, C\u00e1maras de Seguridad y m\u00e1s en tu tienda en l\u00ednea","publisher":{"@id":"https:\/\/compuviper.mx\/tienda\/#organization"},"potentialAction":[{"@type":"SearchAction","target":{"@type":"EntryPoint","urlTemplate":"https:\/\/compuviper.mx\/tienda\/?s={search_term_string}"},"query-input":"required name=search_term_string"}],"inLanguage":"es-MX"},{"@type":"Organization","@id":"https:\/\/compuviper.mx\/tienda\/#organization","name":"Compuviper","url":"https:\/\/compuviper.mx\/tienda\/","logo":{"@type":"ImageObject","inLanguage":"es-MX","@id":"https:\/\/compuviper.mx\/tienda\/#\/schema\/logo\/image\/","url":"https:\/\/compuviper.mx\/tienda\/wp-content\/uploads\/2021\/08\/Logo-Compuviper-10.png","contentUrl":"https:\/\/compuviper.mx\/tienda\/wp-content\/uploads\/2021\/08\/Logo-Compuviper-10.png","width":1000,"height":500,"caption":"Compuviper"},"image":{"@id":"https:\/\/compuviper.mx\/tienda\/#\/schema\/logo\/image\/"},"sameAs":["https:\/\/www.facebook.com\/compuviper","https:\/\/www.youtube.com\/channel\/UCf73dERp9Y3cfOq7q8BhLjA?view_as=subscriber"]}]},"product_brand":"LOGITECH","product_price_amount":"1967","product_price_currency":"MXN","og_availability":"instock","product_availability":"instock","product_retailer_item_id":"920-010476","product_condition":"new"},"_links":{"self":[{"href":"https:\/\/compuviper.mx\/tienda\/wp-json\/wp\/v2\/product\/219232"}],"collection":[{"href":"https:\/\/compuviper.mx\/tienda\/wp-json\/wp\/v2\/product"}],"about":[{"href":"https:\/\/compuviper.mx\/tienda\/wp-json\/wp\/v2\/types\/product"}],"replies":[{"embeddable":true,"href":"https:\/\/compuviper.mx\/tienda\/wp-json\/wp\/v2\/comments?post=219232"}],"wp:featuredmedia":[{"embeddable":true,"href":"https:\/\/compuviper.mx\/tienda\/wp-json\/wp\/v2\/media\/219233"}],"wp:attachment":[{"href":"https:\/\/compuviper.mx\/tienda\/wp-json\/wp\/v2\/media?parent=219232"}],"wp:term":[{"taxonomy":"product_cat","embeddable":true,"href":"https:\/\/compuviper.mx\/tienda\/wp-json\/wp\/v2\/product_cat?post=219232"},{"taxonomy":"product_tag","embeddable":true,"href":"https:\/\/compuviper.mx\/tienda\/wp-json\/wp\/v2\/product_tag?post=219232"}],"curies":[{"name":"wp","href":"https:\/\/api.w.org\/{rel}","templated":true}]}}