{"id":219228,"date":"2026-04-02T23:14:08","date_gmt":"2026-04-03T05:14:08","guid":{"rendered":"https:\/\/compuviper.mx\/tienda\/producto\/ocelot-gaming-ok-tkl2-teclado-alambrico-tipo-mecanico-tkl-switch-rojo-full-rgb-estructura-de-abs\/"},"modified":"2026-04-02T23:14:08","modified_gmt":"2026-04-03T05:14:08","slug":"ocelot-gaming-ok-tkl2-teclado-mecanico-switch-rojo-full-rgb-88-teclas-anthigosting-usb-color-negro","status":"publish","type":"product","link":"https:\/\/compuviper.mx\/tienda\/producto\/ocelot-gaming-ok-tkl2-teclado-mecanico-switch-rojo-full-rgb-88-teclas-anthigosting-usb-color-negro\/","title":{"rendered":"Ocelot Gaming Ok-tkl2 Teclado Mecanico   \/ Switch Rojo \/ Full Rgb \/ 88 Teclas \/ Anthigosting \/ Usb \/ Color Negro"},"content":{"rendered":"<table class=\"descripcion\">\n<tr>\n<td>Teclado mecanico tkl<\/td>\n<\/tr>\n<tr>\n<td>Estrucutra tipo abs<\/td>\n<\/tr>\n<tr>\n<td>Switch rojo tiepo de vida de 50 millones de clicks<\/td>\n<\/tr>\n<tr>\n<td>Teclas totalmente antighosting<\/td>\n<\/tr>\n<tr>\n<td>Iluminaci\u00f3n completamente rgb para mayor personalizaci\u00f3n<\/td>\n<\/tr>\n<tr>\n<td>18 estilos de iluminaci\u00f3n<\/td>\n<\/tr>\n<tr>\n<td>Cable recubierto en nylon de 1.5m<\/td>\n<\/tr>\n<\/table>\n","protected":false},"excerpt":{"rendered":"<p>Teclado mecanico tkl Estrucutra tipo abs Switch rojo tiepo de vida de 50 millones de clicks Teclas totalmente antighosting Iluminaci\u00f3n completamente rgb para mayor personalizaci\u00f3n 18 estilos de iluminaci\u00f3n Cable recubierto en nylon de 1.5m<\/p>\n","protected":false},"featured_media":219229,"comment_status":"open","ping_status":"open","template":"","meta":[],"product_cat":[1713,1718],"product_tag":[2019],"acf":[],"yoast_head":"<!-- This site is optimized with the Yoast SEO plugin v21.7 - https:\/\/yoast.com\/wordpress\/plugins\/seo\/ -->\n<title>[ Ocelot Gaming ] &#129351; Ok-tkl2 Teclado Mecanico \/ Switch Rojo \/ Full Rgb \/ 88 Teclas \/ Anthigosting \/ Usb \/ Color Negro<\/title>\n<meta name=\"description\" content=\"Compra Ok-tkl2 Teclado Mecanico \/ Switch Rojo \/ Full Rgb \/ 88 Teclas \/ Anthigosting \/ Usb \/ Color Negro + Env\u00edo a domicilio + Pago seguro + Garant\u00eda\" \/>\n<meta name=\"robots\" content=\"index, follow, max-snippet:-1, max-image-preview:large, max-video-preview:-1\" \/>\n<link rel=\"canonical\" href=\"https:\/\/compuviper.mx\/tienda\/producto\/ocelot-gaming-ok-tkl2-teclado-mecanico-switch-rojo-full-rgb-88-teclas-anthigosting-usb-color-negro\/\" \/>\n<meta property=\"og:locale\" content=\"es_MX\" \/>\n<meta property=\"og:type\" content=\"article\" \/>\n<meta property=\"og:title\" content=\"[ Ocelot Gaming ] &#129351; Ok-tkl2 Teclado Mecanico \/ Switch Rojo \/ Full Rgb \/ 88 Teclas \/ Anthigosting \/ Usb \/ Color Negro\" \/>\n<meta property=\"og:description\" content=\"Compra Ok-tkl2 Teclado Mecanico \/ Switch Rojo \/ Full Rgb \/ 88 Teclas \/ Anthigosting \/ Usb \/ Color Negro + Env\u00edo a domicilio + Pago seguro + Garant\u00eda\" \/>\n<meta property=\"og:url\" content=\"https:\/\/compuviper.mx\/tienda\/producto\/ocelot-gaming-ok-tkl2-teclado-mecanico-switch-rojo-full-rgb-88-teclas-anthigosting-usb-color-negro\/\" \/>\n<meta property=\"og:site_name\" content=\"Compuviper\" \/>\n<meta property=\"article:publisher\" content=\"https:\/\/www.facebook.com\/compuviper\" \/>\n<meta property=\"og:image\" content=\"https:\/\/compuviper.mx\/tienda\/wp-content\/uploads\/2023\/12\/Teclado-alambrico-tipo-mecanico-tkl-switch-rojo-full-rgb-estructura-de-abs.jpg\" \/>\n\t<meta property=\"og:image:width\" content=\"200\" \/>\n\t<meta property=\"og:image:height\" content=\"200\" \/>\n\t<meta property=\"og:image:type\" content=\"image\/jpeg\" \/>\n<meta name=\"twitter:card\" content=\"summary_large_image\" \/>\n<meta name=\"twitter:label1\" content=\"Precio\" \/>\n\t<meta name=\"twitter:data1\" content=\"&#36;323 con IVA\" \/>\n\t<meta name=\"twitter:label2\" content=\"Availability\" \/>\n\t<meta name=\"twitter:data2\" content=\"In stock\" \/>\n<script type=\"application\/ld+json\" class=\"yoast-schema-graph\">{\"@context\":\"https:\/\/schema.org\",\"@graph\":[{\"@type\":\"WebPage\",\"@id\":\"https:\/\/compuviper.mx\/tienda\/producto\/ocelot-gaming-ok-tkl2-teclado-mecanico-switch-rojo-full-rgb-88-teclas-anthigosting-usb-color-negro\/\",\"url\":\"https:\/\/compuviper.mx\/tienda\/producto\/ocelot-gaming-ok-tkl2-teclado-mecanico-switch-rojo-full-rgb-88-teclas-anthigosting-usb-color-negro\/\",\"name\":\"[ Ocelot Gaming ] &#129351; Ok-tkl2 Teclado Mecanico \/ Switch Rojo \/ Full Rgb \/ 88 Teclas \/ Anthigosting \/ Usb \/ Color Negro\",\"isPartOf\":{\"@id\":\"https:\/\/compuviper.mx\/tienda\/#website\"},\"datePublished\":\"2026-04-03T05:14:08+00:00\",\"dateModified\":\"2026-04-03T05:14:08+00:00\",\"description\":\"Compra Ok-tkl2 Teclado Mecanico \/ Switch Rojo \/ Full Rgb \/ 88 Teclas \/ Anthigosting \/ Usb \/ Color Negro + Env\u00edo a domicilio + Pago seguro + Garant\u00eda\",\"breadcrumb\":{\"@id\":\"https:\/\/compuviper.mx\/tienda\/producto\/ocelot-gaming-ok-tkl2-teclado-mecanico-switch-rojo-full-rgb-88-teclas-anthigosting-usb-color-negro\/#breadcrumb\"},\"inLanguage\":\"es-MX\",\"potentialAction\":[{\"@type\":\"ReadAction\",\"target\":[\"https:\/\/compuviper.mx\/tienda\/producto\/ocelot-gaming-ok-tkl2-teclado-mecanico-switch-rojo-full-rgb-88-teclas-anthigosting-usb-color-negro\/\"]}]},{\"@type\":\"BreadcrumbList\",\"@id\":\"https:\/\/compuviper.mx\/tienda\/producto\/ocelot-gaming-ok-tkl2-teclado-mecanico-switch-rojo-full-rgb-88-teclas-anthigosting-usb-color-negro\/#breadcrumb\",\"itemListElement\":[{\"@type\":\"ListItem\",\"position\":1,\"name\":\"Inicio\",\"item\":\"https:\/\/compuviper.mx\/tienda\/\"},{\"@type\":\"ListItem\",\"position\":2,\"name\":\"Productos\",\"item\":\"https:\/\/compuviper.mx\/tienda\/productos\/\"},{\"@type\":\"ListItem\",\"position\":3,\"name\":\"Teclados\",\"item\":\"https:\/\/compuviper.mx\/tienda\/categoria-producto\/teclados\/\"},{\"@type\":\"ListItem\",\"position\":4,\"name\":\"Gamers\",\"item\":\"https:\/\/compuviper.mx\/tienda\/categoria-producto\/teclados\/gamers\/\"},{\"@type\":\"ListItem\",\"position\":5,\"name\":\"Ocelot Gaming Ok-tkl2 Teclado Mecanico \/ Switch Rojo \/ Full Rgb \/ 88 Teclas \/ Anthigosting \/ Usb \/ Color Negro\"}]},{\"@type\":\"WebSite\",\"@id\":\"https:\/\/compuviper.mx\/tienda\/#website\",\"url\":\"https:\/\/compuviper.mx\/tienda\/\",\"name\":\"Compuviper\",\"description\":\"Proveedor de Computadoras, Laptops, Servidores, Monitores, Puntos de Venta, Teclados,   Impresoras, T\u00f3ner, C\u00e1maras de Seguridad y m\u00e1s en tu tienda en l\u00ednea\",\"publisher\":{\"@id\":\"https:\/\/compuviper.mx\/tienda\/#organization\"},\"potentialAction\":[{\"@type\":\"SearchAction\",\"target\":{\"@type\":\"EntryPoint\",\"urlTemplate\":\"https:\/\/compuviper.mx\/tienda\/?s={search_term_string}\"},\"query-input\":\"required name=search_term_string\"}],\"inLanguage\":\"es-MX\"},{\"@type\":\"Organization\",\"@id\":\"https:\/\/compuviper.mx\/tienda\/#organization\",\"name\":\"Compuviper\",\"url\":\"https:\/\/compuviper.mx\/tienda\/\",\"logo\":{\"@type\":\"ImageObject\",\"inLanguage\":\"es-MX\",\"@id\":\"https:\/\/compuviper.mx\/tienda\/#\/schema\/logo\/image\/\",\"url\":\"https:\/\/compuviper.mx\/tienda\/wp-content\/uploads\/2021\/08\/Logo-Compuviper-10.png\",\"contentUrl\":\"https:\/\/compuviper.mx\/tienda\/wp-content\/uploads\/2021\/08\/Logo-Compuviper-10.png\",\"width\":1000,\"height\":500,\"caption\":\"Compuviper\"},\"image\":{\"@id\":\"https:\/\/compuviper.mx\/tienda\/#\/schema\/logo\/image\/\"},\"sameAs\":[\"https:\/\/www.facebook.com\/compuviper\",\"https:\/\/www.youtube.com\/channel\/UCf73dERp9Y3cfOq7q8BhLjA?view_as=subscriber\"]}]}<\/script>\n<meta property=\"product:brand\" content=\"OCELOT GAMING\" \/>\n<meta property=\"product:price:amount\" content=\"323\" \/>\n<meta property=\"product:price:currency\" content=\"MXN\" \/>\n<meta property=\"og:availability\" content=\"instock\" \/>\n<meta property=\"product:availability\" content=\"instock\" \/>\n<meta property=\"product:retailer_item_id\" content=\"OK-TKL2\" \/>\n<meta property=\"product:condition\" content=\"new\" \/>\n<!-- \/ Yoast SEO plugin. -->","yoast_head_json":{"title":"[ Ocelot Gaming ] &#129351; Ok-tkl2 Teclado Mecanico \/ Switch Rojo \/ Full Rgb \/ 88 Teclas \/ Anthigosting \/ Usb \/ Color Negro","description":"Compra Ok-tkl2 Teclado Mecanico \/ Switch Rojo \/ Full Rgb \/ 88 Teclas \/ Anthigosting \/ Usb \/ Color Negro + Env\u00edo a domicilio + Pago seguro + Garant\u00eda","robots":{"index":"index","follow":"follow","max-snippet":"max-snippet:-1","max-image-preview":"max-image-preview:large","max-video-preview":"max-video-preview:-1"},"canonical":"https:\/\/compuviper.mx\/tienda\/producto\/ocelot-gaming-ok-tkl2-teclado-mecanico-switch-rojo-full-rgb-88-teclas-anthigosting-usb-color-negro\/","og_locale":"es_MX","og_type":"article","og_title":"[ Ocelot Gaming ] &#129351; Ok-tkl2 Teclado Mecanico \/ Switch Rojo \/ Full Rgb \/ 88 Teclas \/ Anthigosting \/ Usb \/ Color Negro","og_description":"Compra Ok-tkl2 Teclado Mecanico \/ Switch Rojo \/ Full Rgb \/ 88 Teclas \/ Anthigosting \/ Usb \/ Color Negro + Env\u00edo a domicilio + Pago seguro + Garant\u00eda","og_url":"https:\/\/compuviper.mx\/tienda\/producto\/ocelot-gaming-ok-tkl2-teclado-mecanico-switch-rojo-full-rgb-88-teclas-anthigosting-usb-color-negro\/","og_site_name":"Compuviper","article_publisher":"https:\/\/www.facebook.com\/compuviper","og_image":[{"width":200,"height":200,"url":"https:\/\/compuviper.mx\/tienda\/wp-content\/uploads\/2023\/12\/Teclado-alambrico-tipo-mecanico-tkl-switch-rojo-full-rgb-estructura-de-abs.jpg","type":"image\/jpeg"}],"twitter_card":"summary_large_image","twitter_misc":{"Precio":"&#36;323 con IVA","Availability":"In stock"},"schema":{"@context":"https:\/\/schema.org","@graph":[{"@type":"WebPage","@id":"https:\/\/compuviper.mx\/tienda\/producto\/ocelot-gaming-ok-tkl2-teclado-mecanico-switch-rojo-full-rgb-88-teclas-anthigosting-usb-color-negro\/","url":"https:\/\/compuviper.mx\/tienda\/producto\/ocelot-gaming-ok-tkl2-teclado-mecanico-switch-rojo-full-rgb-88-teclas-anthigosting-usb-color-negro\/","name":"[ Ocelot Gaming ] &#129351; Ok-tkl2 Teclado Mecanico \/ Switch Rojo \/ Full Rgb \/ 88 Teclas \/ Anthigosting \/ Usb \/ Color Negro","isPartOf":{"@id":"https:\/\/compuviper.mx\/tienda\/#website"},"datePublished":"2026-04-03T05:14:08+00:00","dateModified":"2026-04-03T05:14:08+00:00","description":"Compra Ok-tkl2 Teclado Mecanico \/ Switch Rojo \/ Full Rgb \/ 88 Teclas \/ Anthigosting \/ Usb \/ Color Negro + Env\u00edo a domicilio + Pago seguro + Garant\u00eda","breadcrumb":{"@id":"https:\/\/compuviper.mx\/tienda\/producto\/ocelot-gaming-ok-tkl2-teclado-mecanico-switch-rojo-full-rgb-88-teclas-anthigosting-usb-color-negro\/#breadcrumb"},"inLanguage":"es-MX","potentialAction":[{"@type":"ReadAction","target":["https:\/\/compuviper.mx\/tienda\/producto\/ocelot-gaming-ok-tkl2-teclado-mecanico-switch-rojo-full-rgb-88-teclas-anthigosting-usb-color-negro\/"]}]},{"@type":"BreadcrumbList","@id":"https:\/\/compuviper.mx\/tienda\/producto\/ocelot-gaming-ok-tkl2-teclado-mecanico-switch-rojo-full-rgb-88-teclas-anthigosting-usb-color-negro\/#breadcrumb","itemListElement":[{"@type":"ListItem","position":1,"name":"Inicio","item":"https:\/\/compuviper.mx\/tienda\/"},{"@type":"ListItem","position":2,"name":"Productos","item":"https:\/\/compuviper.mx\/tienda\/productos\/"},{"@type":"ListItem","position":3,"name":"Teclados","item":"https:\/\/compuviper.mx\/tienda\/categoria-producto\/teclados\/"},{"@type":"ListItem","position":4,"name":"Gamers","item":"https:\/\/compuviper.mx\/tienda\/categoria-producto\/teclados\/gamers\/"},{"@type":"ListItem","position":5,"name":"Ocelot Gaming Ok-tkl2 Teclado Mecanico \/ Switch Rojo \/ Full Rgb \/ 88 Teclas \/ Anthigosting \/ Usb \/ Color Negro"}]},{"@type":"WebSite","@id":"https:\/\/compuviper.mx\/tienda\/#website","url":"https:\/\/compuviper.mx\/tienda\/","name":"Compuviper","description":"Proveedor de Computadoras, Laptops, Servidores, Monitores, Puntos de Venta, Teclados,   Impresoras, T\u00f3ner, C\u00e1maras de Seguridad y m\u00e1s en tu tienda en l\u00ednea","publisher":{"@id":"https:\/\/compuviper.mx\/tienda\/#organization"},"potentialAction":[{"@type":"SearchAction","target":{"@type":"EntryPoint","urlTemplate":"https:\/\/compuviper.mx\/tienda\/?s={search_term_string}"},"query-input":"required name=search_term_string"}],"inLanguage":"es-MX"},{"@type":"Organization","@id":"https:\/\/compuviper.mx\/tienda\/#organization","name":"Compuviper","url":"https:\/\/compuviper.mx\/tienda\/","logo":{"@type":"ImageObject","inLanguage":"es-MX","@id":"https:\/\/compuviper.mx\/tienda\/#\/schema\/logo\/image\/","url":"https:\/\/compuviper.mx\/tienda\/wp-content\/uploads\/2021\/08\/Logo-Compuviper-10.png","contentUrl":"https:\/\/compuviper.mx\/tienda\/wp-content\/uploads\/2021\/08\/Logo-Compuviper-10.png","width":1000,"height":500,"caption":"Compuviper"},"image":{"@id":"https:\/\/compuviper.mx\/tienda\/#\/schema\/logo\/image\/"},"sameAs":["https:\/\/www.facebook.com\/compuviper","https:\/\/www.youtube.com\/channel\/UCf73dERp9Y3cfOq7q8BhLjA?view_as=subscriber"]}]},"product_brand":"OCELOT GAMING","product_price_amount":"323","product_price_currency":"MXN","og_availability":"instock","product_availability":"instock","product_retailer_item_id":"OK-TKL2","product_condition":"new"},"_links":{"self":[{"href":"https:\/\/compuviper.mx\/tienda\/wp-json\/wp\/v2\/product\/219228"}],"collection":[{"href":"https:\/\/compuviper.mx\/tienda\/wp-json\/wp\/v2\/product"}],"about":[{"href":"https:\/\/compuviper.mx\/tienda\/wp-json\/wp\/v2\/types\/product"}],"replies":[{"embeddable":true,"href":"https:\/\/compuviper.mx\/tienda\/wp-json\/wp\/v2\/comments?post=219228"}],"wp:featuredmedia":[{"embeddable":true,"href":"https:\/\/compuviper.mx\/tienda\/wp-json\/wp\/v2\/media\/219229"}],"wp:attachment":[{"href":"https:\/\/compuviper.mx\/tienda\/wp-json\/wp\/v2\/media?parent=219228"}],"wp:term":[{"taxonomy":"product_cat","embeddable":true,"href":"https:\/\/compuviper.mx\/tienda\/wp-json\/wp\/v2\/product_cat?post=219228"},{"taxonomy":"product_tag","embeddable":true,"href":"https:\/\/compuviper.mx\/tienda\/wp-json\/wp\/v2\/product_tag?post=219228"}],"curies":[{"name":"wp","href":"https:\/\/api.w.org\/{rel}","templated":true}]}}