{"id":219214,"date":"2026-04-07T00:41:58","date_gmt":"2026-04-07T06:41:58","guid":{"rendered":"https:\/\/compuviper.mx\/tienda\/producto\/tech-zone-tz20comb02-ina-teclado-mouse-techzone-inalambrico-ranura-soporte-azul\/"},"modified":"2026-04-07T00:41:58","modified_gmt":"2026-04-07T06:41:58","slug":"tech-zone-accesorios-tz20comb02-ina-teclado-mouse-techzone-inalambrico-ranura-soporte-azul","status":"publish","type":"product","link":"https:\/\/compuviper.mx\/tienda\/producto\/tech-zone-accesorios-tz20comb02-ina-teclado-mouse-techzone-inalambrico-ranura-soporte-azul\/","title":{"rendered":"Tech Zone Accesorios Tz20comb02-ina Teclado\/mouse Techzone  Inalambrico Ranura Soporte Azul"},"content":{"rendered":"<table class=\"descripcion\">\n<tr>\n<td>Tecnolog\u00eda inal\u00e1mbrica de 2.40ghz<\/td>\n<\/tr>\n<tr>\n<td>    teclas resistentes al desgaste.<\/td>\n<\/tr>\n<tr>\n<td>    multilenguaje.<\/td>\n<\/tr>\n<tr>\n<td>    estructura ergon\u00f3mico.<\/td>\n<\/tr>\n<tr>\n<td>    tipo qwerty.<\/td>\n<\/tr>\n<tr>\n<td>    mouse \u00f3ptico.<\/td>\n<\/tr>\n<tr>\n<td>    3 botones de operaci\u00f3n.<\/td>\n<\/tr>\n<tr>\n<td>    dise\u00f1o plug  and  play.<\/td>\n<\/tr>\n<\/table>\n","protected":false},"excerpt":{"rendered":"<p>Obtendr\u00e1s 2 accesorios de \u00faltima generaci\u00f3n para que realices tus actividades cotidianas con libertad de movimiento.     Conexi\u00f3n con nano receptor usb con alcance de hasta 10 m, s\u00f3lo debes conectarlo a un puerto disponible de tu computadora y comenzar a utilizarlos.     Kit de teclado y mouse inal\u00e1mbrico techzone multimedia de 2.4 ghz.     Dise\u00f1o ergonomico con ranura que soporta un dispositivo adicional smartphone o tablet.     El rat\u00f3n inal\u00e1mbrico techzone es perfecto para realizar tus proyectos con libertad de movimiento, cuenta con una resoluci\u00f3n de 1,600 dpi.     Su sensor \u00f3ptico te brinda respuestas instant\u00e1neas a tus instrucciones, para un desplazamiento fluido en tu monitor.     105 teclas con durabilidad de hasta 5 millones de pulsaciones con caracteres claramente marcados y resistentes al desgaste.<\/p>\n","protected":false},"featured_media":219215,"comment_status":"open","ping_status":"open","template":"","meta":[],"product_cat":[1711,1712],"product_tag":[2233],"acf":[],"yoast_head":"<!-- This site is optimized with the Yoast SEO plugin v21.7 - https:\/\/yoast.com\/wordpress\/plugins\/seo\/ -->\n<title>[ Tech Zone Accesorios ] &#129351; Tz20comb02-ina Teclado\/mouse Techzone Inalambrico Ranura Soporte Azul<\/title>\n<meta name=\"description\" content=\"Compra Tz20comb02-ina Teclado\/mouse Techzone Inalambrico Ranura Soporte Azul + Env\u00edo a domicilio + Pago seguro + Garant\u00eda\" \/>\n<meta name=\"robots\" content=\"index, follow, max-snippet:-1, max-image-preview:large, max-video-preview:-1\" \/>\n<link rel=\"canonical\" href=\"https:\/\/compuviper.mx\/tienda\/producto\/tech-zone-accesorios-tz20comb02-ina-teclado-mouse-techzone-inalambrico-ranura-soporte-azul\/\" \/>\n<meta property=\"og:locale\" content=\"es_MX\" \/>\n<meta property=\"og:type\" content=\"article\" \/>\n<meta property=\"og:title\" content=\"[ Tech Zone Accesorios ] &#129351; Tz20comb02-ina Teclado\/mouse Techzone Inalambrico Ranura Soporte Azul\" \/>\n<meta property=\"og:description\" content=\"Compra Tz20comb02-ina Teclado\/mouse Techzone Inalambrico Ranura Soporte Azul + Env\u00edo a domicilio + Pago seguro + Garant\u00eda\" \/>\n<meta property=\"og:url\" content=\"https:\/\/compuviper.mx\/tienda\/producto\/tech-zone-accesorios-tz20comb02-ina-teclado-mouse-techzone-inalambrico-ranura-soporte-azul\/\" \/>\n<meta property=\"og:site_name\" content=\"Compuviper\" \/>\n<meta property=\"article:publisher\" content=\"https:\/\/www.facebook.com\/compuviper\" \/>\n<meta property=\"og:image\" content=\"https:\/\/compuviper.mx\/tienda\/wp-content\/uploads\/2023\/12\/Tecladomouse-techzone-tz20comb02-ina-inalambrico-ranura-soporte-azul.jpg\" \/>\n\t<meta property=\"og:image:width\" content=\"200\" \/>\n\t<meta property=\"og:image:height\" content=\"200\" \/>\n\t<meta property=\"og:image:type\" content=\"image\/jpeg\" \/>\n<meta name=\"twitter:card\" content=\"summary_large_image\" \/>\n<meta name=\"twitter:label1\" content=\"Precio\" \/>\n\t<meta name=\"twitter:data1\" content=\"&#36;323 con IVA\" \/>\n\t<meta name=\"twitter:label2\" content=\"Availability\" \/>\n\t<meta name=\"twitter:data2\" content=\"In stock\" \/>\n<script type=\"application\/ld+json\" class=\"yoast-schema-graph\">{\"@context\":\"https:\/\/schema.org\",\"@graph\":[{\"@type\":\"WebPage\",\"@id\":\"https:\/\/compuviper.mx\/tienda\/producto\/tech-zone-accesorios-tz20comb02-ina-teclado-mouse-techzone-inalambrico-ranura-soporte-azul\/\",\"url\":\"https:\/\/compuviper.mx\/tienda\/producto\/tech-zone-accesorios-tz20comb02-ina-teclado-mouse-techzone-inalambrico-ranura-soporte-azul\/\",\"name\":\"[ Tech Zone Accesorios ] &#129351; Tz20comb02-ina Teclado\/mouse Techzone Inalambrico Ranura Soporte Azul\",\"isPartOf\":{\"@id\":\"https:\/\/compuviper.mx\/tienda\/#website\"},\"datePublished\":\"2026-04-07T06:41:58+00:00\",\"dateModified\":\"2026-04-07T06:41:58+00:00\",\"description\":\"Compra Tz20comb02-ina Teclado\/mouse Techzone Inalambrico Ranura Soporte Azul + Env\u00edo a domicilio + Pago seguro + Garant\u00eda\",\"breadcrumb\":{\"@id\":\"https:\/\/compuviper.mx\/tienda\/producto\/tech-zone-accesorios-tz20comb02-ina-teclado-mouse-techzone-inalambrico-ranura-soporte-azul\/#breadcrumb\"},\"inLanguage\":\"es-MX\",\"potentialAction\":[{\"@type\":\"ReadAction\",\"target\":[\"https:\/\/compuviper.mx\/tienda\/producto\/tech-zone-accesorios-tz20comb02-ina-teclado-mouse-techzone-inalambrico-ranura-soporte-azul\/\"]}]},{\"@type\":\"BreadcrumbList\",\"@id\":\"https:\/\/compuviper.mx\/tienda\/producto\/tech-zone-accesorios-tz20comb02-ina-teclado-mouse-techzone-inalambrico-ranura-soporte-azul\/#breadcrumb\",\"itemListElement\":[{\"@type\":\"ListItem\",\"position\":1,\"name\":\"Inicio\",\"item\":\"https:\/\/compuviper.mx\/tienda\/\"},{\"@type\":\"ListItem\",\"position\":2,\"name\":\"Productos\",\"item\":\"https:\/\/compuviper.mx\/tienda\/productos\/\"},{\"@type\":\"ListItem\",\"position\":3,\"name\":\"Teclado Y Mouse\",\"item\":\"https:\/\/compuviper.mx\/tienda\/categoria-producto\/teclado-y-mouse\/\"},{\"@type\":\"ListItem\",\"position\":4,\"name\":\"Sin Categor\u00eda\",\"item\":\"https:\/\/compuviper.mx\/tienda\/categoria-producto\/teclado-y-mouse\/sin-categoria-teclado-y-mouse\/\"},{\"@type\":\"ListItem\",\"position\":5,\"name\":\"Tech Zone Accesorios Tz20comb02-ina Teclado\/mouse Techzone Inalambrico Ranura Soporte Azul\"}]},{\"@type\":\"WebSite\",\"@id\":\"https:\/\/compuviper.mx\/tienda\/#website\",\"url\":\"https:\/\/compuviper.mx\/tienda\/\",\"name\":\"Compuviper\",\"description\":\"Proveedor de Computadoras, Laptops, Servidores, Monitores, Puntos de Venta, Teclados,   Impresoras, T\u00f3ner, C\u00e1maras de Seguridad y m\u00e1s en tu tienda en l\u00ednea\",\"publisher\":{\"@id\":\"https:\/\/compuviper.mx\/tienda\/#organization\"},\"potentialAction\":[{\"@type\":\"SearchAction\",\"target\":{\"@type\":\"EntryPoint\",\"urlTemplate\":\"https:\/\/compuviper.mx\/tienda\/?s={search_term_string}\"},\"query-input\":\"required name=search_term_string\"}],\"inLanguage\":\"es-MX\"},{\"@type\":\"Organization\",\"@id\":\"https:\/\/compuviper.mx\/tienda\/#organization\",\"name\":\"Compuviper\",\"url\":\"https:\/\/compuviper.mx\/tienda\/\",\"logo\":{\"@type\":\"ImageObject\",\"inLanguage\":\"es-MX\",\"@id\":\"https:\/\/compuviper.mx\/tienda\/#\/schema\/logo\/image\/\",\"url\":\"https:\/\/compuviper.mx\/tienda\/wp-content\/uploads\/2021\/08\/Logo-Compuviper-10.png\",\"contentUrl\":\"https:\/\/compuviper.mx\/tienda\/wp-content\/uploads\/2021\/08\/Logo-Compuviper-10.png\",\"width\":1000,\"height\":500,\"caption\":\"Compuviper\"},\"image\":{\"@id\":\"https:\/\/compuviper.mx\/tienda\/#\/schema\/logo\/image\/\"},\"sameAs\":[\"https:\/\/www.facebook.com\/compuviper\",\"https:\/\/www.youtube.com\/channel\/UCf73dERp9Y3cfOq7q8BhLjA?view_as=subscriber\"]}]}<\/script>\n<meta property=\"product:brand\" content=\"Tech Zone Accesorios\" \/>\n<meta property=\"product:price:amount\" content=\"323\" \/>\n<meta property=\"product:price:currency\" content=\"MXN\" \/>\n<meta property=\"og:availability\" content=\"instock\" \/>\n<meta property=\"product:availability\" content=\"instock\" \/>\n<meta property=\"product:retailer_item_id\" content=\"TZ20COMB02-INA\" \/>\n<meta property=\"product:condition\" content=\"new\" \/>\n<!-- \/ Yoast SEO plugin. -->","yoast_head_json":{"title":"[ Tech Zone Accesorios ] &#129351; Tz20comb02-ina Teclado\/mouse Techzone Inalambrico Ranura Soporte Azul","description":"Compra Tz20comb02-ina Teclado\/mouse Techzone Inalambrico Ranura Soporte Azul + Env\u00edo a domicilio + Pago seguro + Garant\u00eda","robots":{"index":"index","follow":"follow","max-snippet":"max-snippet:-1","max-image-preview":"max-image-preview:large","max-video-preview":"max-video-preview:-1"},"canonical":"https:\/\/compuviper.mx\/tienda\/producto\/tech-zone-accesorios-tz20comb02-ina-teclado-mouse-techzone-inalambrico-ranura-soporte-azul\/","og_locale":"es_MX","og_type":"article","og_title":"[ Tech Zone Accesorios ] &#129351; Tz20comb02-ina Teclado\/mouse Techzone Inalambrico Ranura Soporte Azul","og_description":"Compra Tz20comb02-ina Teclado\/mouse Techzone Inalambrico Ranura Soporte Azul + Env\u00edo a domicilio + Pago seguro + Garant\u00eda","og_url":"https:\/\/compuviper.mx\/tienda\/producto\/tech-zone-accesorios-tz20comb02-ina-teclado-mouse-techzone-inalambrico-ranura-soporte-azul\/","og_site_name":"Compuviper","article_publisher":"https:\/\/www.facebook.com\/compuviper","og_image":[{"width":200,"height":200,"url":"https:\/\/compuviper.mx\/tienda\/wp-content\/uploads\/2023\/12\/Tecladomouse-techzone-tz20comb02-ina-inalambrico-ranura-soporte-azul.jpg","type":"image\/jpeg"}],"twitter_card":"summary_large_image","twitter_misc":{"Precio":"&#36;323 con IVA","Availability":"In stock"},"schema":{"@context":"https:\/\/schema.org","@graph":[{"@type":"WebPage","@id":"https:\/\/compuviper.mx\/tienda\/producto\/tech-zone-accesorios-tz20comb02-ina-teclado-mouse-techzone-inalambrico-ranura-soporte-azul\/","url":"https:\/\/compuviper.mx\/tienda\/producto\/tech-zone-accesorios-tz20comb02-ina-teclado-mouse-techzone-inalambrico-ranura-soporte-azul\/","name":"[ Tech Zone Accesorios ] &#129351; Tz20comb02-ina Teclado\/mouse Techzone Inalambrico Ranura Soporte Azul","isPartOf":{"@id":"https:\/\/compuviper.mx\/tienda\/#website"},"datePublished":"2026-04-07T06:41:58+00:00","dateModified":"2026-04-07T06:41:58+00:00","description":"Compra Tz20comb02-ina Teclado\/mouse Techzone Inalambrico Ranura Soporte Azul + Env\u00edo a domicilio + Pago seguro + Garant\u00eda","breadcrumb":{"@id":"https:\/\/compuviper.mx\/tienda\/producto\/tech-zone-accesorios-tz20comb02-ina-teclado-mouse-techzone-inalambrico-ranura-soporte-azul\/#breadcrumb"},"inLanguage":"es-MX","potentialAction":[{"@type":"ReadAction","target":["https:\/\/compuviper.mx\/tienda\/producto\/tech-zone-accesorios-tz20comb02-ina-teclado-mouse-techzone-inalambrico-ranura-soporte-azul\/"]}]},{"@type":"BreadcrumbList","@id":"https:\/\/compuviper.mx\/tienda\/producto\/tech-zone-accesorios-tz20comb02-ina-teclado-mouse-techzone-inalambrico-ranura-soporte-azul\/#breadcrumb","itemListElement":[{"@type":"ListItem","position":1,"name":"Inicio","item":"https:\/\/compuviper.mx\/tienda\/"},{"@type":"ListItem","position":2,"name":"Productos","item":"https:\/\/compuviper.mx\/tienda\/productos\/"},{"@type":"ListItem","position":3,"name":"Teclado Y Mouse","item":"https:\/\/compuviper.mx\/tienda\/categoria-producto\/teclado-y-mouse\/"},{"@type":"ListItem","position":4,"name":"Sin Categor\u00eda","item":"https:\/\/compuviper.mx\/tienda\/categoria-producto\/teclado-y-mouse\/sin-categoria-teclado-y-mouse\/"},{"@type":"ListItem","position":5,"name":"Tech Zone Accesorios Tz20comb02-ina Teclado\/mouse Techzone Inalambrico Ranura Soporte Azul"}]},{"@type":"WebSite","@id":"https:\/\/compuviper.mx\/tienda\/#website","url":"https:\/\/compuviper.mx\/tienda\/","name":"Compuviper","description":"Proveedor de Computadoras, Laptops, Servidores, Monitores, Puntos de Venta, Teclados,   Impresoras, T\u00f3ner, C\u00e1maras de Seguridad y m\u00e1s en tu tienda en l\u00ednea","publisher":{"@id":"https:\/\/compuviper.mx\/tienda\/#organization"},"potentialAction":[{"@type":"SearchAction","target":{"@type":"EntryPoint","urlTemplate":"https:\/\/compuviper.mx\/tienda\/?s={search_term_string}"},"query-input":"required name=search_term_string"}],"inLanguage":"es-MX"},{"@type":"Organization","@id":"https:\/\/compuviper.mx\/tienda\/#organization","name":"Compuviper","url":"https:\/\/compuviper.mx\/tienda\/","logo":{"@type":"ImageObject","inLanguage":"es-MX","@id":"https:\/\/compuviper.mx\/tienda\/#\/schema\/logo\/image\/","url":"https:\/\/compuviper.mx\/tienda\/wp-content\/uploads\/2021\/08\/Logo-Compuviper-10.png","contentUrl":"https:\/\/compuviper.mx\/tienda\/wp-content\/uploads\/2021\/08\/Logo-Compuviper-10.png","width":1000,"height":500,"caption":"Compuviper"},"image":{"@id":"https:\/\/compuviper.mx\/tienda\/#\/schema\/logo\/image\/"},"sameAs":["https:\/\/www.facebook.com\/compuviper","https:\/\/www.youtube.com\/channel\/UCf73dERp9Y3cfOq7q8BhLjA?view_as=subscriber"]}]},"product_brand":"Tech Zone Accesorios","product_price_amount":"323","product_price_currency":"MXN","og_availability":"instock","product_availability":"instock","product_retailer_item_id":"TZ20COMB02-INA","product_condition":"new"},"_links":{"self":[{"href":"https:\/\/compuviper.mx\/tienda\/wp-json\/wp\/v2\/product\/219214"}],"collection":[{"href":"https:\/\/compuviper.mx\/tienda\/wp-json\/wp\/v2\/product"}],"about":[{"href":"https:\/\/compuviper.mx\/tienda\/wp-json\/wp\/v2\/types\/product"}],"replies":[{"embeddable":true,"href":"https:\/\/compuviper.mx\/tienda\/wp-json\/wp\/v2\/comments?post=219214"}],"wp:featuredmedia":[{"embeddable":true,"href":"https:\/\/compuviper.mx\/tienda\/wp-json\/wp\/v2\/media\/219215"}],"wp:attachment":[{"href":"https:\/\/compuviper.mx\/tienda\/wp-json\/wp\/v2\/media?parent=219214"}],"wp:term":[{"taxonomy":"product_cat","embeddable":true,"href":"https:\/\/compuviper.mx\/tienda\/wp-json\/wp\/v2\/product_cat?post=219214"},{"taxonomy":"product_tag","embeddable":true,"href":"https:\/\/compuviper.mx\/tienda\/wp-json\/wp\/v2\/product_tag?post=219214"}],"curies":[{"name":"wp","href":"https:\/\/api.w.org\/{rel}","templated":true}]}}