{"id":219182,"date":"2026-04-09T00:51:24","date_gmt":"2026-04-09T06:51:24","guid":{"rendered":"https:\/\/compuviper.mx\/tienda\/producto\/logitech-920-009845-teclado-ergo-k860-partido-inalmbrico-usb-bluetooth-5-0-multidispositivos-unifying-hasta-10-mts-de-distancia-para-pc-mac\/"},"modified":"2026-04-09T00:51:25","modified_gmt":"2026-04-09T06:51:25","slug":"logitech-920-009845-teclado-ergo-k860-partido-inalmbrico-usb-bluetooth-5-0-multidispositivos-unifying-hasta-10-mts-de-distancia-para-pc-mac","status":"publish","type":"product","link":"https:\/\/compuviper.mx\/tienda\/producto\/logitech-920-009845-teclado-ergo-k860-partido-inalmbrico-usb-bluetooth-5-0-multidispositivos-unifying-hasta-10-mts-de-distancia-para-pc-mac\/","title":{"rendered":"Logitech 920-009845 Teclado  Ergo K860 Partido Inal?mbrico Usb Bluetooth 5.0 Multidispositivos Unifying Hasta 10 Mts De Distancia Para Pc\/mac"},"content":{"rendered":"<table class=\"descripcion\">\n<tr>\n<td>Dimensiones<\/td>\n<\/tr>\n<tr>\n<td>Altura: 233 mm<\/td>\n<\/tr>\n<tr>\n<td>Anchura: 456 mm<\/td>\n<\/tr>\n<tr>\n<td>Profundidad: 48 mm<\/td>\n<\/tr>\n<tr>\n<td>Peso: 1160 g<\/td>\n<\/tr>\n<tr>\n<td>Requisitos del sistema<\/td>\n<\/tr>\n<tr>\n<td>Conectividad<\/td>\n<\/tr>\n<tr>\n<td>Bluetooth\u00ae 5.0 (requiere compatibilidad con bluetooth y hid de teclado)<\/td>\n<\/tr>\n<tr>\n<td>Receptor usb (requiere un puerto usb a)<\/td>\n<\/tr>\n<tr>\n<td>Conexi\u00f3n bluetooth<\/td>\n<\/tr>\n<tr>\n<td>Bluetooth de bajo consumo<\/td>\n<\/tr>\n<tr>\n<td>Windows\u00ae 8,10 o posterior<\/td>\n<\/tr>\n<tr>\n<td>Macos 10.13 o posterior<\/td>\n<\/tr>\n<tr>\n<td>Receptor usb<\/td>\n<\/tr>\n<tr>\n<td>Windows 7,8,10 o posterior<\/td>\n<\/tr>\n<tr>\n<td>Macos 10.13 o posterior<\/td>\n<\/tr>\n<tr>\n<td>Especificaciones t\u00e9cnicas<\/td>\n<\/tr>\n<tr>\n<td>Compatibilidad de conexi\u00f3n<\/td>\n<\/tr>\n<tr>\n<td>Receptor usb de 2,4 ghz<\/td>\n<\/tr>\n<tr>\n<td>Tecnolog\u00eda bluetooth de bajo consumo<\/td>\n<\/tr>\n<tr>\n<td>Software compatible<\/td>\n<\/tr>\n<tr>\n<td>Logitech options\u0099 en macos 10.11 y posteriores, y windows 7 y posteriores<\/td>\n<\/tr>\n<tr>\n<td>Tipo de bater\u00eda<\/td>\n<\/tr>\n<tr>\n<td>2 bater\u00edas aaa<\/td>\n<\/tr>\n<tr>\n<td>Radio de acci\u00f3n inal\u00e1mbrico<\/td>\n<\/tr>\n<tr>\n<td>Radio de acci\u00f3n inal\u00e1mbrico de 10 m 4el radio de acci\u00f3n inal\u00e1mbrico depende del entorno operativo y de la configuraci\u00f3n de dispositivos.<\/td>\n<\/tr>\n<tr>\n<td>Cifrado inal\u00e1mbrico 5cifrado inal\u00e1mbrico entre el teclado y el ordenador o el dispositivo m\u00f3vil conectado.<\/td>\n<\/tr>\n<tr>\n<td>Contenido de la caja<\/td>\n<\/tr>\n<tr>\n<td>Teclado ergon\u00f3mico<\/td>\n<\/tr>\n<tr>\n<td>Receptor usb<\/td>\n<\/tr>\n<tr>\n<td>2 bater\u00edas aaa<\/td>\n<\/tr>\n<tr>\n<td>Gu\u00eda de inicio r\u00e1pido<\/td>\n<\/tr>\n<tr>\n<td>Informaci\u00f3n de garant\u00eda<\/td>\n<\/tr>\n<tr>\n<td>Un a\u00f1o de garant\u00eda de hardware limitada<\/td>\n<\/tr>\n<tr>\n<td>N\u00famero de referencia<\/td>\n<\/tr>\n<tr>\n<td>920-009<\/td>\n<\/tr>\n<\/table>\n","protected":false},"excerpt":{"rendered":"<p>Una mejor experiencia de escritura. Presentamos el ergo k860, un teclado partido ergon\u00f3mico dise\u00f1ado para disfrutar de una postura mejor, reducir la tensi\u00f3n y tener m\u00e1s soporte. Escribir\u00e1s con m\u00e1s naturalidad con un teclado curvado y partido que mejora la postura. La forma inclinada reduce la tensi\u00f3n muscular en las mu\u00f1ecas y los antebrazos. As\u00ed, las manos y los hombros permanecen relajados. Ver video. Una mejor experiencia de escritura. Mejorar. Postura. Reducir. Tensi\u00f3n. 54%1en comparaci\u00f3n con un teclado logitech tradicional sin reposamanos. M\u00e1s de soporte para las mu\u00f1ecas. Mejor postura, mejores resultados. La estructura de teclas curvada del ergo k860 permite colocar las manos, las mu\u00f1ecas y los antebrazos en una postura m\u00e1s natural. Notar\u00e1s que las manos no est\u00e1n en tensi\u00f3n en el teclado. Se ha demostrado que ergo k860 reduce un 21% la actividad muscular2en comparaci\u00f3n con un teclado logitech tradicional sin reposamanosdel trapecio superior, un m\u00fasculo clave en el centro de la espalda que estabiliza y facilita el movimiento de los hombros y del cuello. Tres capas de comodidad y soporte. El reposamu\u00f1ecas acolchado coloca los antebrazos justo por encima del teclado, lo que ofrece un 54% m\u00e1s de soporte de las mu\u00f1ecas y reduce la flexi\u00f3n de las mu\u00f1ecas en un 25%.3en comparaci\u00f3n con un teclado logitech tradicional sin reposamanos. 1. Capa de superficie: 0,5 mm de tejido con recubrimiento suave al tacto, duradero, resistente a las manchas y f\u00e1cil de limpiar. 2. Capa de soporte: 2 mm de espuma de alta densidad proporcionan una sensaci\u00f3n de comodidad y firmeza que dispersa por igual la presi\u00f3n. 3. Capa de confort: 4 mm de espuma viscoel\u00e1stica ofrecen una sensaci\u00f3n agradable y personalizada que mejora la sensaci\u00f3n de comodidad y relajaci\u00f3n. Elevaci\u00f3n de las mu\u00f1ecas. Mant\u00e9n las mu\u00f1ecas en una postura c\u00f3moda y natural, sentado y de pie, con una innovadora funci\u00f3n de elevaci\u00f3n de palmas. La inclinaci\u00f3n de las patas ajustables de 0\u00b0, -4\u00b0 y -7\u00b0 eleva las palmas a la posici\u00f3n ergon\u00f3mica \u00f3ptima seg\u00fan tu configuraci\u00f3n exclusiva. Precisi\u00f3n sin esfuerzo con teclas para pulsaciones perfectas. Una experiencia de escritura fluida y ultraprecisa sin comprometer la velocidad ni la precisi\u00f3n. Tus dedos se deslizan con total fluidez por la superficie mate de las teclas. Y los detalles t\u00e1ctiles ayudan a orientar los dedos y a mantener la concentraci\u00f3n. El teclado partido y la curva convexa fomentan una colocaci\u00f3n de manos y dedos m\u00e1s natural.<\/p>\n","protected":false},"featured_media":219183,"comment_status":"open","ping_status":"open","template":"","meta":[],"product_cat":[1720,1713],"product_tag":[1500],"acf":[],"yoast_head":"<!-- This site is optimized with the Yoast SEO plugin v21.7 - https:\/\/yoast.com\/wordpress\/plugins\/seo\/ -->\n<title>[ Logitech ] &#129351; 920-009845 Teclado Ergo K860 Partido Inal\u00e1mbrico Usb Bluetooth 5.0 Multidispositivos Unifying Hasta 10 Mts De Distancia Para Pc\/mac<\/title>\n<meta name=\"description\" content=\"Compra 920-009845 Teclado Ergo K860 Partido Inal\u00e1mbrico Usb Bluetooth 5.0 Multidispositivos Unifying Hasta 10 Mts De Distancia Para Pc\/mac + Env\u00edo a domicilio + Pago seguro + Garant\u00eda\" \/>\n<meta name=\"robots\" content=\"index, follow, max-snippet:-1, max-image-preview:large, max-video-preview:-1\" \/>\n<link rel=\"canonical\" href=\"https:\/\/compuviper.mx\/tienda\/producto\/logitech-920-009845-teclado-ergo-k860-partido-inalmbrico-usb-bluetooth-5-0-multidispositivos-unifying-hasta-10-mts-de-distancia-para-pc-mac\/\" \/>\n<meta property=\"og:locale\" content=\"es_MX\" \/>\n<meta property=\"og:type\" content=\"article\" \/>\n<meta property=\"og:title\" content=\"[ Logitech ] &#129351; 920-009845 Teclado Ergo K860 Partido Inal\u00e1mbrico Usb Bluetooth 5.0 Multidispositivos Unifying Hasta 10 Mts De Distancia Para Pc\/mac\" \/>\n<meta property=\"og:description\" content=\"Compra 920-009845 Teclado Ergo K860 Partido Inal\u00e1mbrico Usb Bluetooth 5.0 Multidispositivos Unifying Hasta 10 Mts De Distancia Para Pc\/mac + Env\u00edo a domicilio + Pago seguro + Garant\u00eda\" \/>\n<meta property=\"og:url\" content=\"https:\/\/compuviper.mx\/tienda\/producto\/logitech-920-009845-teclado-ergo-k860-partido-inalmbrico-usb-bluetooth-5-0-multidispositivos-unifying-hasta-10-mts-de-distancia-para-pc-mac\/\" \/>\n<meta property=\"og:site_name\" content=\"Compuviper\" \/>\n<meta property=\"article:publisher\" content=\"https:\/\/www.facebook.com\/compuviper\" \/>\n<meta property=\"article:modified_time\" content=\"2026-04-09T06:51:25+00:00\" \/>\n<meta property=\"og:image\" content=\"https:\/\/compuviper.mx\/tienda\/wp-content\/uploads\/2023\/12\/Teclado-logitech-ergo-k860-partido-inalambrico-usb-bluetooth-5.0-multidispositivos-unifying-hasta-10-mts-de-distancia-para-pcmac.jpg\" \/>\n\t<meta property=\"og:image:width\" content=\"200\" \/>\n\t<meta property=\"og:image:height\" content=\"200\" \/>\n\t<meta property=\"og:image:type\" content=\"image\/jpeg\" \/>\n<meta name=\"twitter:card\" content=\"summary_large_image\" \/>\n<meta name=\"twitter:label1\" content=\"Precio\" \/>\n\t<meta name=\"twitter:data1\" content=\"&#36;2,248 con IVA\" \/>\n\t<meta name=\"twitter:label2\" content=\"Availability\" \/>\n\t<meta name=\"twitter:data2\" content=\"In stock\" \/>\n<script type=\"application\/ld+json\" class=\"yoast-schema-graph\">{\"@context\":\"https:\/\/schema.org\",\"@graph\":[{\"@type\":\"WebPage\",\"@id\":\"https:\/\/compuviper.mx\/tienda\/producto\/logitech-920-009845-teclado-ergo-k860-partido-inalmbrico-usb-bluetooth-5-0-multidispositivos-unifying-hasta-10-mts-de-distancia-para-pc-mac\/\",\"url\":\"https:\/\/compuviper.mx\/tienda\/producto\/logitech-920-009845-teclado-ergo-k860-partido-inalmbrico-usb-bluetooth-5-0-multidispositivos-unifying-hasta-10-mts-de-distancia-para-pc-mac\/\",\"name\":\"[ Logitech ] &#129351; 920-009845 Teclado Ergo K860 Partido Inal\u00e1mbrico Usb Bluetooth 5.0 Multidispositivos Unifying Hasta 10 Mts De Distancia Para Pc\/mac\",\"isPartOf\":{\"@id\":\"https:\/\/compuviper.mx\/tienda\/#website\"},\"datePublished\":\"2026-04-09T06:51:24+00:00\",\"dateModified\":\"2026-04-09T06:51:25+00:00\",\"description\":\"Compra 920-009845 Teclado Ergo K860 Partido Inal\u00e1mbrico Usb Bluetooth 5.0 Multidispositivos Unifying Hasta 10 Mts De Distancia Para Pc\/mac + Env\u00edo a domicilio + Pago seguro + Garant\u00eda\",\"breadcrumb\":{\"@id\":\"https:\/\/compuviper.mx\/tienda\/producto\/logitech-920-009845-teclado-ergo-k860-partido-inalmbrico-usb-bluetooth-5-0-multidispositivos-unifying-hasta-10-mts-de-distancia-para-pc-mac\/#breadcrumb\"},\"inLanguage\":\"es-MX\",\"potentialAction\":[{\"@type\":\"ReadAction\",\"target\":[\"https:\/\/compuviper.mx\/tienda\/producto\/logitech-920-009845-teclado-ergo-k860-partido-inalmbrico-usb-bluetooth-5-0-multidispositivos-unifying-hasta-10-mts-de-distancia-para-pc-mac\/\"]}]},{\"@type\":\"BreadcrumbList\",\"@id\":\"https:\/\/compuviper.mx\/tienda\/producto\/logitech-920-009845-teclado-ergo-k860-partido-inalmbrico-usb-bluetooth-5-0-multidispositivos-unifying-hasta-10-mts-de-distancia-para-pc-mac\/#breadcrumb\",\"itemListElement\":[{\"@type\":\"ListItem\",\"position\":1,\"name\":\"Inicio\",\"item\":\"https:\/\/compuviper.mx\/tienda\/\"},{\"@type\":\"ListItem\",\"position\":2,\"name\":\"Productos\",\"item\":\"https:\/\/compuviper.mx\/tienda\/productos\/\"},{\"@type\":\"ListItem\",\"position\":3,\"name\":\"Teclados\",\"item\":\"https:\/\/compuviper.mx\/tienda\/categoria-producto\/teclados\/\"},{\"@type\":\"ListItem\",\"position\":4,\"name\":\"Sin Categor\u00eda\",\"item\":\"https:\/\/compuviper.mx\/tienda\/categoria-producto\/teclados\/sin-categoria-teclados\/\"},{\"@type\":\"ListItem\",\"position\":5,\"name\":\"Logitech 920-009845 Teclado Ergo K860 Partido Inal?mbrico Usb Bluetooth 5.0 Multidispositivos Unifying Hasta 10 Mts De Distancia Para Pc\/mac\"}]},{\"@type\":\"WebSite\",\"@id\":\"https:\/\/compuviper.mx\/tienda\/#website\",\"url\":\"https:\/\/compuviper.mx\/tienda\/\",\"name\":\"Compuviper\",\"description\":\"Proveedor de Computadoras, Laptops, Servidores, Monitores, Puntos de Venta, Teclados,   Impresoras, T\u00f3ner, C\u00e1maras de Seguridad y m\u00e1s en tu tienda en l\u00ednea\",\"publisher\":{\"@id\":\"https:\/\/compuviper.mx\/tienda\/#organization\"},\"potentialAction\":[{\"@type\":\"SearchAction\",\"target\":{\"@type\":\"EntryPoint\",\"urlTemplate\":\"https:\/\/compuviper.mx\/tienda\/?s={search_term_string}\"},\"query-input\":\"required name=search_term_string\"}],\"inLanguage\":\"es-MX\"},{\"@type\":\"Organization\",\"@id\":\"https:\/\/compuviper.mx\/tienda\/#organization\",\"name\":\"Compuviper\",\"url\":\"https:\/\/compuviper.mx\/tienda\/\",\"logo\":{\"@type\":\"ImageObject\",\"inLanguage\":\"es-MX\",\"@id\":\"https:\/\/compuviper.mx\/tienda\/#\/schema\/logo\/image\/\",\"url\":\"https:\/\/compuviper.mx\/tienda\/wp-content\/uploads\/2021\/08\/Logo-Compuviper-10.png\",\"contentUrl\":\"https:\/\/compuviper.mx\/tienda\/wp-content\/uploads\/2021\/08\/Logo-Compuviper-10.png\",\"width\":1000,\"height\":500,\"caption\":\"Compuviper\"},\"image\":{\"@id\":\"https:\/\/compuviper.mx\/tienda\/#\/schema\/logo\/image\/\"},\"sameAs\":[\"https:\/\/www.facebook.com\/compuviper\",\"https:\/\/www.youtube.com\/channel\/UCf73dERp9Y3cfOq7q8BhLjA?view_as=subscriber\"]}]}<\/script>\n<meta property=\"product:brand\" content=\"LOGITECH\" \/>\n<meta property=\"product:price:amount\" content=\"2248\" \/>\n<meta property=\"product:price:currency\" content=\"MXN\" \/>\n<meta property=\"og:availability\" content=\"instock\" \/>\n<meta property=\"product:availability\" content=\"instock\" \/>\n<meta property=\"product:retailer_item_id\" content=\"920-009845\" \/>\n<meta property=\"product:condition\" content=\"new\" \/>\n<!-- \/ Yoast SEO plugin. -->","yoast_head_json":{"title":"[ Logitech ] &#129351; 920-009845 Teclado Ergo K860 Partido Inal\u00e1mbrico Usb Bluetooth 5.0 Multidispositivos Unifying Hasta 10 Mts De Distancia Para Pc\/mac","description":"Compra 920-009845 Teclado Ergo K860 Partido Inal\u00e1mbrico Usb Bluetooth 5.0 Multidispositivos Unifying Hasta 10 Mts De Distancia Para Pc\/mac + Env\u00edo a domicilio + Pago seguro + Garant\u00eda","robots":{"index":"index","follow":"follow","max-snippet":"max-snippet:-1","max-image-preview":"max-image-preview:large","max-video-preview":"max-video-preview:-1"},"canonical":"https:\/\/compuviper.mx\/tienda\/producto\/logitech-920-009845-teclado-ergo-k860-partido-inalmbrico-usb-bluetooth-5-0-multidispositivos-unifying-hasta-10-mts-de-distancia-para-pc-mac\/","og_locale":"es_MX","og_type":"article","og_title":"[ Logitech ] &#129351; 920-009845 Teclado Ergo K860 Partido Inal\u00e1mbrico Usb Bluetooth 5.0 Multidispositivos Unifying Hasta 10 Mts De Distancia Para Pc\/mac","og_description":"Compra 920-009845 Teclado Ergo K860 Partido Inal\u00e1mbrico Usb Bluetooth 5.0 Multidispositivos Unifying Hasta 10 Mts De Distancia Para Pc\/mac + Env\u00edo a domicilio + Pago seguro + Garant\u00eda","og_url":"https:\/\/compuviper.mx\/tienda\/producto\/logitech-920-009845-teclado-ergo-k860-partido-inalmbrico-usb-bluetooth-5-0-multidispositivos-unifying-hasta-10-mts-de-distancia-para-pc-mac\/","og_site_name":"Compuviper","article_publisher":"https:\/\/www.facebook.com\/compuviper","article_modified_time":"2026-04-09T06:51:25+00:00","og_image":[{"width":200,"height":200,"url":"https:\/\/compuviper.mx\/tienda\/wp-content\/uploads\/2023\/12\/Teclado-logitech-ergo-k860-partido-inalambrico-usb-bluetooth-5.0-multidispositivos-unifying-hasta-10-mts-de-distancia-para-pcmac.jpg","type":"image\/jpeg"}],"twitter_card":"summary_large_image","twitter_misc":{"Precio":"&#36;2,248 con IVA","Availability":"In stock"},"schema":{"@context":"https:\/\/schema.org","@graph":[{"@type":"WebPage","@id":"https:\/\/compuviper.mx\/tienda\/producto\/logitech-920-009845-teclado-ergo-k860-partido-inalmbrico-usb-bluetooth-5-0-multidispositivos-unifying-hasta-10-mts-de-distancia-para-pc-mac\/","url":"https:\/\/compuviper.mx\/tienda\/producto\/logitech-920-009845-teclado-ergo-k860-partido-inalmbrico-usb-bluetooth-5-0-multidispositivos-unifying-hasta-10-mts-de-distancia-para-pc-mac\/","name":"[ Logitech ] &#129351; 920-009845 Teclado Ergo K860 Partido Inal\u00e1mbrico Usb Bluetooth 5.0 Multidispositivos Unifying Hasta 10 Mts De Distancia Para Pc\/mac","isPartOf":{"@id":"https:\/\/compuviper.mx\/tienda\/#website"},"datePublished":"2026-04-09T06:51:24+00:00","dateModified":"2026-04-09T06:51:25+00:00","description":"Compra 920-009845 Teclado Ergo K860 Partido Inal\u00e1mbrico Usb Bluetooth 5.0 Multidispositivos Unifying Hasta 10 Mts De Distancia Para Pc\/mac + Env\u00edo a domicilio + Pago seguro + Garant\u00eda","breadcrumb":{"@id":"https:\/\/compuviper.mx\/tienda\/producto\/logitech-920-009845-teclado-ergo-k860-partido-inalmbrico-usb-bluetooth-5-0-multidispositivos-unifying-hasta-10-mts-de-distancia-para-pc-mac\/#breadcrumb"},"inLanguage":"es-MX","potentialAction":[{"@type":"ReadAction","target":["https:\/\/compuviper.mx\/tienda\/producto\/logitech-920-009845-teclado-ergo-k860-partido-inalmbrico-usb-bluetooth-5-0-multidispositivos-unifying-hasta-10-mts-de-distancia-para-pc-mac\/"]}]},{"@type":"BreadcrumbList","@id":"https:\/\/compuviper.mx\/tienda\/producto\/logitech-920-009845-teclado-ergo-k860-partido-inalmbrico-usb-bluetooth-5-0-multidispositivos-unifying-hasta-10-mts-de-distancia-para-pc-mac\/#breadcrumb","itemListElement":[{"@type":"ListItem","position":1,"name":"Inicio","item":"https:\/\/compuviper.mx\/tienda\/"},{"@type":"ListItem","position":2,"name":"Productos","item":"https:\/\/compuviper.mx\/tienda\/productos\/"},{"@type":"ListItem","position":3,"name":"Teclados","item":"https:\/\/compuviper.mx\/tienda\/categoria-producto\/teclados\/"},{"@type":"ListItem","position":4,"name":"Sin Categor\u00eda","item":"https:\/\/compuviper.mx\/tienda\/categoria-producto\/teclados\/sin-categoria-teclados\/"},{"@type":"ListItem","position":5,"name":"Logitech 920-009845 Teclado Ergo K860 Partido Inal?mbrico Usb Bluetooth 5.0 Multidispositivos Unifying Hasta 10 Mts De Distancia Para Pc\/mac"}]},{"@type":"WebSite","@id":"https:\/\/compuviper.mx\/tienda\/#website","url":"https:\/\/compuviper.mx\/tienda\/","name":"Compuviper","description":"Proveedor de Computadoras, Laptops, Servidores, Monitores, Puntos de Venta, Teclados,   Impresoras, T\u00f3ner, C\u00e1maras de Seguridad y m\u00e1s en tu tienda en l\u00ednea","publisher":{"@id":"https:\/\/compuviper.mx\/tienda\/#organization"},"potentialAction":[{"@type":"SearchAction","target":{"@type":"EntryPoint","urlTemplate":"https:\/\/compuviper.mx\/tienda\/?s={search_term_string}"},"query-input":"required name=search_term_string"}],"inLanguage":"es-MX"},{"@type":"Organization","@id":"https:\/\/compuviper.mx\/tienda\/#organization","name":"Compuviper","url":"https:\/\/compuviper.mx\/tienda\/","logo":{"@type":"ImageObject","inLanguage":"es-MX","@id":"https:\/\/compuviper.mx\/tienda\/#\/schema\/logo\/image\/","url":"https:\/\/compuviper.mx\/tienda\/wp-content\/uploads\/2021\/08\/Logo-Compuviper-10.png","contentUrl":"https:\/\/compuviper.mx\/tienda\/wp-content\/uploads\/2021\/08\/Logo-Compuviper-10.png","width":1000,"height":500,"caption":"Compuviper"},"image":{"@id":"https:\/\/compuviper.mx\/tienda\/#\/schema\/logo\/image\/"},"sameAs":["https:\/\/www.facebook.com\/compuviper","https:\/\/www.youtube.com\/channel\/UCf73dERp9Y3cfOq7q8BhLjA?view_as=subscriber"]}]},"product_brand":"LOGITECH","product_price_amount":"2248","product_price_currency":"MXN","og_availability":"instock","product_availability":"instock","product_retailer_item_id":"920-009845","product_condition":"new"},"_links":{"self":[{"href":"https:\/\/compuviper.mx\/tienda\/wp-json\/wp\/v2\/product\/219182"}],"collection":[{"href":"https:\/\/compuviper.mx\/tienda\/wp-json\/wp\/v2\/product"}],"about":[{"href":"https:\/\/compuviper.mx\/tienda\/wp-json\/wp\/v2\/types\/product"}],"replies":[{"embeddable":true,"href":"https:\/\/compuviper.mx\/tienda\/wp-json\/wp\/v2\/comments?post=219182"}],"wp:featuredmedia":[{"embeddable":true,"href":"https:\/\/compuviper.mx\/tienda\/wp-json\/wp\/v2\/media\/219183"}],"wp:attachment":[{"href":"https:\/\/compuviper.mx\/tienda\/wp-json\/wp\/v2\/media?parent=219182"}],"wp:term":[{"taxonomy":"product_cat","embeddable":true,"href":"https:\/\/compuviper.mx\/tienda\/wp-json\/wp\/v2\/product_cat?post=219182"},{"taxonomy":"product_tag","embeddable":true,"href":"https:\/\/compuviper.mx\/tienda\/wp-json\/wp\/v2\/product_tag?post=219182"}],"curies":[{"name":"wp","href":"https:\/\/api.w.org\/{rel}","templated":true}]}}