{"id":219177,"date":"2026-04-02T23:14:07","date_gmt":"2026-04-03T05:14:07","guid":{"rendered":"https:\/\/compuviper.mx\/tienda\/producto\/acteck-ac-931755-kit-creator-mk440-teclado-y-mouse-inalambrico-receptor-usb-105-teclas-optico-1000-dpi-negro\/"},"modified":"2026-04-02T23:14:07","modified_gmt":"2026-04-03T05:14:07","slug":"acteck-ac-9317557506215931755-kit-creator-mk440-teclado-y-mouse-inalambrico-receptor-usb-105-teclas-optico-1000-dpi-negro-ac-931755","status":"publish","type":"product","link":"https:\/\/compuviper.mx\/tienda\/producto\/acteck-ac-9317557506215931755-kit-creator-mk440-teclado-y-mouse-inalambrico-receptor-usb-105-teclas-optico-1000-dpi-negro-ac-931755\/","title":{"rendered":"Acteck Ac-931755,7506215931755 Kit  Creator Mk440 \/ Teclado Y Mouse \/ Inalambrico \/ Receptor Usb \/ 105 Teclas \/ Optico \/ 1000 Dpi \/ Negro \/ Ac-931755"},"content":{"rendered":"<table class=\"descripcion\">\n<tr>\n<td>Teclado conetividad: inalambrica<\/td>\n<\/tr>\n<tr>\n<td>Conexion: receptor usb 2.4 ghz<\/td>\n<\/tr>\n<tr>\n<td>Compatibilidad: windows xp \/ vista \/  7 \/ 8 \/ 8.1 \/ 10<\/td>\n<\/tr>\n<tr>\n<td>Teclas: 105<\/td>\n<\/tr>\n<tr>\n<td>Consumo: 1.5vc.c. 80ma<\/td>\n<\/tr>\n<tr>\n<td>Consumo del receptor: 5vc.c. 30ma<\/td>\n<\/tr>\n<tr>\n<td> dimensiones: 44 * 14 * 2.4 cm<\/td>\n<\/tr>\n<tr>\n<td>Material: pl\u00e1stico<\/td>\n<\/tr>\n<tr>\n<td>Peso:   376 g<\/td>\n<\/tr>\n<tr>\n<td>Mouse conetividad: inalambrica<\/td>\n<\/tr>\n<tr>\n<td>Conexion: receptor usb 2.4 ghz<\/td>\n<\/tr>\n<tr>\n<td>Compatibilidad: windows xp \/ vista \/7 \/ 8 \/ 8.1 \/ 10<\/td>\n<\/tr>\n<tr>\n<td>Botones: 2 + scroll<\/td>\n<\/tr>\n<tr>\n<td>Consumo: 1.5vc.c. 15ma<\/td>\n<\/tr>\n<tr>\n<td>Consumo del receptor: 5vc.c. 30ma<\/td>\n<\/tr>\n<tr>\n<td>Dimensiones: 10.8 * 5.9 * 3.5 cm<\/td>\n<\/tr>\n<tr>\n<td>Material: plastico<\/td>\n<\/tr>\n<tr>\n<td>Peso: 43.5 g<\/td>\n<\/tr>\n<tr>\n<td>1 teclado<\/td>\n<\/tr>\n<tr>\n<td>1 mouse<\/td>\n<\/tr>\n<tr>\n<td>1 receptor usb<\/td>\n<\/tr>\n<tr>\n<td>1 baterias aaa<\/td>\n<\/tr>\n<tr>\n<td>1 bateria aa<\/td>\n<\/tr>\n<tr>\n<td>1 manual de usuario poliza de garantia<\/td>\n<\/tr>\n<tr>\n<td>Empaque dimensiones: 52 * 4.5 * 14.7 cm<\/td>\n<\/tr>\n<tr>\n<td>Piezas por master: 20<\/td>\n<\/tr>\n<\/table>\n","protected":false},"excerpt":{"rendered":"<p>Si eres un apasionado por lo que haces frente al monitor: traemos a ti una combinacion de teclado y mouse que se conectan a tu equipo sin cables. La solucion perfecta para ejecutar todo lo que tienes en mente y llevar tus proyectos hasta la realizacion est\u00e1 en tus manos. Si puedes escribirlo, puedes realizarlo. Sabemos que podemos ser quienes te ayuden a hacerlo: con tecnolog\u00eda acteck para escritura y movimiento en computo.<\/p>\n","protected":false},"featured_media":219178,"comment_status":"open","ping_status":"open","template":"","meta":[],"product_cat":[1711,1712],"product_tag":[1582],"acf":[],"yoast_head":"<!-- This site is optimized with the Yoast SEO plugin v21.7 - https:\/\/yoast.com\/wordpress\/plugins\/seo\/ -->\n<title>[ Acteck ] &#129351; Ac-931755,7506215931755 Kit Creator Mk440 \/ Teclado Y Mouse \/ Inalambrico \/ Receptor Usb \/ 105 Teclas \/ Optico \/ 1000 Dpi \/ Negro \/ Ac-931755<\/title>\n<meta name=\"description\" content=\"Compra Ac-931755,7506215931755 Kit Creator Mk440 \/ Teclado Y Mouse \/ Inalambrico \/ Receptor Usb \/ 105 Teclas \/ Optico \/ 1000 Dpi \/ Negro \/ Ac-931755 + Env\u00edo a domicilio + Pago seguro + Garant\u00eda\" \/>\n<meta name=\"robots\" content=\"index, follow, max-snippet:-1, max-image-preview:large, max-video-preview:-1\" \/>\n<link rel=\"canonical\" href=\"https:\/\/compuviper.mx\/tienda\/producto\/acteck-ac-9317557506215931755-kit-creator-mk440-teclado-y-mouse-inalambrico-receptor-usb-105-teclas-optico-1000-dpi-negro-ac-931755\/\" \/>\n<meta property=\"og:locale\" content=\"es_MX\" \/>\n<meta property=\"og:type\" content=\"article\" \/>\n<meta property=\"og:title\" content=\"[ Acteck ] &#129351; Ac-931755,7506215931755 Kit Creator Mk440 \/ Teclado Y Mouse \/ Inalambrico \/ Receptor Usb \/ 105 Teclas \/ Optico \/ 1000 Dpi \/ Negro \/ Ac-931755\" \/>\n<meta property=\"og:description\" content=\"Compra Ac-931755,7506215931755 Kit Creator Mk440 \/ Teclado Y Mouse \/ Inalambrico \/ Receptor Usb \/ 105 Teclas \/ Optico \/ 1000 Dpi \/ Negro \/ Ac-931755 + Env\u00edo a domicilio + Pago seguro + Garant\u00eda\" \/>\n<meta property=\"og:url\" content=\"https:\/\/compuviper.mx\/tienda\/producto\/acteck-ac-9317557506215931755-kit-creator-mk440-teclado-y-mouse-inalambrico-receptor-usb-105-teclas-optico-1000-dpi-negro-ac-931755\/\" \/>\n<meta property=\"og:site_name\" content=\"Compuviper\" \/>\n<meta property=\"article:publisher\" content=\"https:\/\/www.facebook.com\/compuviper\" \/>\n<meta property=\"og:image\" content=\"https:\/\/compuviper.mx\/tienda\/wp-content\/uploads\/2023\/12\/Kit-acteck-creator-mk440-teclado-y-mouse-inalambrico-receptor-usb-105-teclas-optico-1000-dpi-negro-ac-931755.jpg\" \/>\n\t<meta property=\"og:image:width\" content=\"200\" \/>\n\t<meta property=\"og:image:height\" content=\"200\" \/>\n\t<meta property=\"og:image:type\" content=\"image\/jpeg\" \/>\n<meta name=\"twitter:card\" content=\"summary_large_image\" \/>\n<meta name=\"twitter:label1\" content=\"Precio\" \/>\n\t<meta name=\"twitter:data1\" content=\"&#36;207 &#36;186 con IVA\" \/>\n\t<meta name=\"twitter:label2\" content=\"Availability\" \/>\n\t<meta name=\"twitter:data2\" content=\"In stock\" \/>\n<script type=\"application\/ld+json\" class=\"yoast-schema-graph\">{\"@context\":\"https:\/\/schema.org\",\"@graph\":[{\"@type\":\"WebPage\",\"@id\":\"https:\/\/compuviper.mx\/tienda\/producto\/acteck-ac-9317557506215931755-kit-creator-mk440-teclado-y-mouse-inalambrico-receptor-usb-105-teclas-optico-1000-dpi-negro-ac-931755\/\",\"url\":\"https:\/\/compuviper.mx\/tienda\/producto\/acteck-ac-9317557506215931755-kit-creator-mk440-teclado-y-mouse-inalambrico-receptor-usb-105-teclas-optico-1000-dpi-negro-ac-931755\/\",\"name\":\"[ Acteck ] &#129351; Ac-931755,7506215931755 Kit Creator Mk440 \/ Teclado Y Mouse \/ Inalambrico \/ Receptor Usb \/ 105 Teclas \/ Optico \/ 1000 Dpi \/ Negro \/ Ac-931755\",\"isPartOf\":{\"@id\":\"https:\/\/compuviper.mx\/tienda\/#website\"},\"datePublished\":\"2026-04-03T05:14:07+00:00\",\"dateModified\":\"2026-04-03T05:14:07+00:00\",\"description\":\"Compra Ac-931755,7506215931755 Kit Creator Mk440 \/ Teclado Y Mouse \/ Inalambrico \/ Receptor Usb \/ 105 Teclas \/ Optico \/ 1000 Dpi \/ Negro \/ Ac-931755 + Env\u00edo a domicilio + Pago seguro + Garant\u00eda\",\"breadcrumb\":{\"@id\":\"https:\/\/compuviper.mx\/tienda\/producto\/acteck-ac-9317557506215931755-kit-creator-mk440-teclado-y-mouse-inalambrico-receptor-usb-105-teclas-optico-1000-dpi-negro-ac-931755\/#breadcrumb\"},\"inLanguage\":\"es-MX\",\"potentialAction\":[{\"@type\":\"ReadAction\",\"target\":[\"https:\/\/compuviper.mx\/tienda\/producto\/acteck-ac-9317557506215931755-kit-creator-mk440-teclado-y-mouse-inalambrico-receptor-usb-105-teclas-optico-1000-dpi-negro-ac-931755\/\"]}]},{\"@type\":\"BreadcrumbList\",\"@id\":\"https:\/\/compuviper.mx\/tienda\/producto\/acteck-ac-9317557506215931755-kit-creator-mk440-teclado-y-mouse-inalambrico-receptor-usb-105-teclas-optico-1000-dpi-negro-ac-931755\/#breadcrumb\",\"itemListElement\":[{\"@type\":\"ListItem\",\"position\":1,\"name\":\"Inicio\",\"item\":\"https:\/\/compuviper.mx\/tienda\/\"},{\"@type\":\"ListItem\",\"position\":2,\"name\":\"Productos\",\"item\":\"https:\/\/compuviper.mx\/tienda\/productos\/\"},{\"@type\":\"ListItem\",\"position\":3,\"name\":\"Teclado Y Mouse\",\"item\":\"https:\/\/compuviper.mx\/tienda\/categoria-producto\/teclado-y-mouse\/\"},{\"@type\":\"ListItem\",\"position\":4,\"name\":\"Sin Categor\u00eda\",\"item\":\"https:\/\/compuviper.mx\/tienda\/categoria-producto\/teclado-y-mouse\/sin-categoria-teclado-y-mouse\/\"},{\"@type\":\"ListItem\",\"position\":5,\"name\":\"Acteck Ac-931755,7506215931755 Kit Creator Mk440 \/ Teclado Y Mouse \/ Inalambrico \/ Receptor Usb \/ 105 Teclas \/ Optico \/ 1000 Dpi \/ Negro \/ Ac-931755\"}]},{\"@type\":\"WebSite\",\"@id\":\"https:\/\/compuviper.mx\/tienda\/#website\",\"url\":\"https:\/\/compuviper.mx\/tienda\/\",\"name\":\"Compuviper\",\"description\":\"Proveedor de Computadoras, Laptops, Servidores, Monitores, Puntos de Venta, Teclados,   Impresoras, T\u00f3ner, C\u00e1maras de Seguridad y m\u00e1s en tu tienda en l\u00ednea\",\"publisher\":{\"@id\":\"https:\/\/compuviper.mx\/tienda\/#organization\"},\"potentialAction\":[{\"@type\":\"SearchAction\",\"target\":{\"@type\":\"EntryPoint\",\"urlTemplate\":\"https:\/\/compuviper.mx\/tienda\/?s={search_term_string}\"},\"query-input\":\"required name=search_term_string\"}],\"inLanguage\":\"es-MX\"},{\"@type\":\"Organization\",\"@id\":\"https:\/\/compuviper.mx\/tienda\/#organization\",\"name\":\"Compuviper\",\"url\":\"https:\/\/compuviper.mx\/tienda\/\",\"logo\":{\"@type\":\"ImageObject\",\"inLanguage\":\"es-MX\",\"@id\":\"https:\/\/compuviper.mx\/tienda\/#\/schema\/logo\/image\/\",\"url\":\"https:\/\/compuviper.mx\/tienda\/wp-content\/uploads\/2021\/08\/Logo-Compuviper-10.png\",\"contentUrl\":\"https:\/\/compuviper.mx\/tienda\/wp-content\/uploads\/2021\/08\/Logo-Compuviper-10.png\",\"width\":1000,\"height\":500,\"caption\":\"Compuviper\"},\"image\":{\"@id\":\"https:\/\/compuviper.mx\/tienda\/#\/schema\/logo\/image\/\"},\"sameAs\":[\"https:\/\/www.facebook.com\/compuviper\",\"https:\/\/www.youtube.com\/channel\/UCf73dERp9Y3cfOq7q8BhLjA?view_as=subscriber\"]}]}<\/script>\n<meta property=\"product:brand\" content=\"ACTECK\" \/>\n<meta property=\"product:price:amount\" content=\"186\" \/>\n<meta property=\"product:price:currency\" content=\"MXN\" \/>\n<meta property=\"og:availability\" content=\"instock\" \/>\n<meta property=\"product:availability\" content=\"instock\" \/>\n<meta property=\"product:retailer_item_id\" content=\"AC-931755,7506215931755\" \/>\n<meta property=\"product:condition\" content=\"new\" \/>\n<!-- \/ Yoast SEO plugin. -->","yoast_head_json":{"title":"[ Acteck ] &#129351; Ac-931755,7506215931755 Kit Creator Mk440 \/ Teclado Y Mouse \/ Inalambrico \/ Receptor Usb \/ 105 Teclas \/ Optico \/ 1000 Dpi \/ Negro \/ Ac-931755","description":"Compra Ac-931755,7506215931755 Kit Creator Mk440 \/ Teclado Y Mouse \/ Inalambrico \/ Receptor Usb \/ 105 Teclas \/ Optico \/ 1000 Dpi \/ Negro \/ Ac-931755 + Env\u00edo a domicilio + Pago seguro + Garant\u00eda","robots":{"index":"index","follow":"follow","max-snippet":"max-snippet:-1","max-image-preview":"max-image-preview:large","max-video-preview":"max-video-preview:-1"},"canonical":"https:\/\/compuviper.mx\/tienda\/producto\/acteck-ac-9317557506215931755-kit-creator-mk440-teclado-y-mouse-inalambrico-receptor-usb-105-teclas-optico-1000-dpi-negro-ac-931755\/","og_locale":"es_MX","og_type":"article","og_title":"[ Acteck ] &#129351; Ac-931755,7506215931755 Kit Creator Mk440 \/ Teclado Y Mouse \/ Inalambrico \/ Receptor Usb \/ 105 Teclas \/ Optico \/ 1000 Dpi \/ Negro \/ Ac-931755","og_description":"Compra Ac-931755,7506215931755 Kit Creator Mk440 \/ Teclado Y Mouse \/ Inalambrico \/ Receptor Usb \/ 105 Teclas \/ Optico \/ 1000 Dpi \/ Negro \/ Ac-931755 + Env\u00edo a domicilio + Pago seguro + Garant\u00eda","og_url":"https:\/\/compuviper.mx\/tienda\/producto\/acteck-ac-9317557506215931755-kit-creator-mk440-teclado-y-mouse-inalambrico-receptor-usb-105-teclas-optico-1000-dpi-negro-ac-931755\/","og_site_name":"Compuviper","article_publisher":"https:\/\/www.facebook.com\/compuviper","og_image":[{"width":200,"height":200,"url":"https:\/\/compuviper.mx\/tienda\/wp-content\/uploads\/2023\/12\/Kit-acteck-creator-mk440-teclado-y-mouse-inalambrico-receptor-usb-105-teclas-optico-1000-dpi-negro-ac-931755.jpg","type":"image\/jpeg"}],"twitter_card":"summary_large_image","twitter_misc":{"Precio":"&#36;207 &#36;186 con IVA","Availability":"In stock"},"schema":{"@context":"https:\/\/schema.org","@graph":[{"@type":"WebPage","@id":"https:\/\/compuviper.mx\/tienda\/producto\/acteck-ac-9317557506215931755-kit-creator-mk440-teclado-y-mouse-inalambrico-receptor-usb-105-teclas-optico-1000-dpi-negro-ac-931755\/","url":"https:\/\/compuviper.mx\/tienda\/producto\/acteck-ac-9317557506215931755-kit-creator-mk440-teclado-y-mouse-inalambrico-receptor-usb-105-teclas-optico-1000-dpi-negro-ac-931755\/","name":"[ Acteck ] &#129351; Ac-931755,7506215931755 Kit Creator Mk440 \/ Teclado Y Mouse \/ Inalambrico \/ Receptor Usb \/ 105 Teclas \/ Optico \/ 1000 Dpi \/ Negro \/ Ac-931755","isPartOf":{"@id":"https:\/\/compuviper.mx\/tienda\/#website"},"datePublished":"2026-04-03T05:14:07+00:00","dateModified":"2026-04-03T05:14:07+00:00","description":"Compra Ac-931755,7506215931755 Kit Creator Mk440 \/ Teclado Y Mouse \/ Inalambrico \/ Receptor Usb \/ 105 Teclas \/ Optico \/ 1000 Dpi \/ Negro \/ Ac-931755 + Env\u00edo a domicilio + Pago seguro + Garant\u00eda","breadcrumb":{"@id":"https:\/\/compuviper.mx\/tienda\/producto\/acteck-ac-9317557506215931755-kit-creator-mk440-teclado-y-mouse-inalambrico-receptor-usb-105-teclas-optico-1000-dpi-negro-ac-931755\/#breadcrumb"},"inLanguage":"es-MX","potentialAction":[{"@type":"ReadAction","target":["https:\/\/compuviper.mx\/tienda\/producto\/acteck-ac-9317557506215931755-kit-creator-mk440-teclado-y-mouse-inalambrico-receptor-usb-105-teclas-optico-1000-dpi-negro-ac-931755\/"]}]},{"@type":"BreadcrumbList","@id":"https:\/\/compuviper.mx\/tienda\/producto\/acteck-ac-9317557506215931755-kit-creator-mk440-teclado-y-mouse-inalambrico-receptor-usb-105-teclas-optico-1000-dpi-negro-ac-931755\/#breadcrumb","itemListElement":[{"@type":"ListItem","position":1,"name":"Inicio","item":"https:\/\/compuviper.mx\/tienda\/"},{"@type":"ListItem","position":2,"name":"Productos","item":"https:\/\/compuviper.mx\/tienda\/productos\/"},{"@type":"ListItem","position":3,"name":"Teclado Y Mouse","item":"https:\/\/compuviper.mx\/tienda\/categoria-producto\/teclado-y-mouse\/"},{"@type":"ListItem","position":4,"name":"Sin Categor\u00eda","item":"https:\/\/compuviper.mx\/tienda\/categoria-producto\/teclado-y-mouse\/sin-categoria-teclado-y-mouse\/"},{"@type":"ListItem","position":5,"name":"Acteck Ac-931755,7506215931755 Kit Creator Mk440 \/ Teclado Y Mouse \/ Inalambrico \/ Receptor Usb \/ 105 Teclas \/ Optico \/ 1000 Dpi \/ Negro \/ Ac-931755"}]},{"@type":"WebSite","@id":"https:\/\/compuviper.mx\/tienda\/#website","url":"https:\/\/compuviper.mx\/tienda\/","name":"Compuviper","description":"Proveedor de Computadoras, Laptops, Servidores, Monitores, Puntos de Venta, Teclados,   Impresoras, T\u00f3ner, C\u00e1maras de Seguridad y m\u00e1s en tu tienda en l\u00ednea","publisher":{"@id":"https:\/\/compuviper.mx\/tienda\/#organization"},"potentialAction":[{"@type":"SearchAction","target":{"@type":"EntryPoint","urlTemplate":"https:\/\/compuviper.mx\/tienda\/?s={search_term_string}"},"query-input":"required name=search_term_string"}],"inLanguage":"es-MX"},{"@type":"Organization","@id":"https:\/\/compuviper.mx\/tienda\/#organization","name":"Compuviper","url":"https:\/\/compuviper.mx\/tienda\/","logo":{"@type":"ImageObject","inLanguage":"es-MX","@id":"https:\/\/compuviper.mx\/tienda\/#\/schema\/logo\/image\/","url":"https:\/\/compuviper.mx\/tienda\/wp-content\/uploads\/2021\/08\/Logo-Compuviper-10.png","contentUrl":"https:\/\/compuviper.mx\/tienda\/wp-content\/uploads\/2021\/08\/Logo-Compuviper-10.png","width":1000,"height":500,"caption":"Compuviper"},"image":{"@id":"https:\/\/compuviper.mx\/tienda\/#\/schema\/logo\/image\/"},"sameAs":["https:\/\/www.facebook.com\/compuviper","https:\/\/www.youtube.com\/channel\/UCf73dERp9Y3cfOq7q8BhLjA?view_as=subscriber"]}]},"product_brand":"ACTECK","product_price_amount":"186","product_price_currency":"MXN","og_availability":"instock","product_availability":"instock","product_retailer_item_id":"AC-931755,7506215931755","product_condition":"new"},"_links":{"self":[{"href":"https:\/\/compuviper.mx\/tienda\/wp-json\/wp\/v2\/product\/219177"}],"collection":[{"href":"https:\/\/compuviper.mx\/tienda\/wp-json\/wp\/v2\/product"}],"about":[{"href":"https:\/\/compuviper.mx\/tienda\/wp-json\/wp\/v2\/types\/product"}],"replies":[{"embeddable":true,"href":"https:\/\/compuviper.mx\/tienda\/wp-json\/wp\/v2\/comments?post=219177"}],"wp:featuredmedia":[{"embeddable":true,"href":"https:\/\/compuviper.mx\/tienda\/wp-json\/wp\/v2\/media\/219178"}],"wp:attachment":[{"href":"https:\/\/compuviper.mx\/tienda\/wp-json\/wp\/v2\/media?parent=219177"}],"wp:term":[{"taxonomy":"product_cat","embeddable":true,"href":"https:\/\/compuviper.mx\/tienda\/wp-json\/wp\/v2\/product_cat?post=219177"},{"taxonomy":"product_tag","embeddable":true,"href":"https:\/\/compuviper.mx\/tienda\/wp-json\/wp\/v2\/product_tag?post=219177"}],"curies":[{"name":"wp","href":"https:\/\/api.w.org\/{rel}","templated":true}]}}