{"id":219133,"date":"2026-04-16T00:45:04","date_gmt":"2026-04-16T06:45:04","guid":{"rendered":"https:\/\/compuviper.mx\/tienda\/producto\/ocelot-gaming-ogmk02-teclado-mecanico-ocelot-alambrico-switch-azul-plastico-rgb-negro-colores-ajustables-plug-play-gamer\/"},"modified":"2026-04-16T00:45:05","modified_gmt":"2026-04-16T06:45:05","slug":"ocelot-gaming-ogmk02-teclado-mecanico-switch-azul-rgb-88-teclas-anthigosting-usb-color-negro","status":"publish","type":"product","link":"https:\/\/compuviper.mx\/tienda\/producto\/ocelot-gaming-ogmk02-teclado-mecanico-switch-azul-rgb-88-teclas-anthigosting-usb-color-negro\/","title":{"rendered":"Ocelot Gaming Ogmk02 Teclado Mecanico   \/ Switch Azul \/ Rgb \/ 88 Teclas \/ Anthigosting \/ Usb \/ Color Negro"},"content":{"rendered":"<table class=\"descripcion\">\n<tr>\n<td>Teclado mecanico ocelot gaming ( ogmk02 )<\/td>\n<\/tr>\n<tr>\n<td>&#8211; tipo de teclado: mecanico<\/td>\n<\/tr>\n<tr>\n<td>&#8211; alambrico, cable: 1.5mts<\/td>\n<\/tr>\n<tr>\n<td>&#8211; tipo de switch: azul<\/td>\n<\/tr>\n<tr>\n<td>&#8211; cantidad de teclas totales: 87<\/td>\n<\/tr>\n<tr>\n<td>&#8211; teclas multimedia: si (con fn)<\/td>\n<\/tr>\n<tr>\n<td>&#8211; teclas antighosting: 19<\/td>\n<\/tr>\n<tr>\n<td>&#8211; iluminacion: si<\/td>\n<\/tr>\n<tr>\n<td>&#8211; tipo de iluminacion: rgb<\/td>\n<\/tr>\n<tr>\n<td>&#8211; patrones de iluminacion: 12<\/td>\n<\/tr>\n<tr>\n<td>&#8211; interfaz: usb 2.0<\/td>\n<\/tr>\n<tr>\n<td>&#8211; dimensiones: 365mm de largo * 145mm de alto* 20mm de ancho<\/td>\n<\/tr>\n<tr>\n<td>&#8211; plug and play: si<\/td>\n<\/tr>\n<tr>\n<td>&#8211; color: negro<\/td>\n<\/tr>\n<tr>\n<td>Compatible con: windows, mac, linux, xbox, playstation.<\/td>\n<\/tr>\n<tr>\n<td>Un ano de garantia<\/td>\n<\/tr>\n<\/table>\n","protected":false},"excerpt":{"rendered":"<p>Teclado compacto gamer mec\u00e1nico con switch azul, cuneta con teclas multimedia, con iluminaci\u00f3n estilo rgb puedes elegir entre 12 estilos distintos de iluminaci\u00f3n. Material abs, 19 teclas anti ghosting para una mejor experiencia. 87 teclas en total, con dise\u00f1o resistente y cable de 1.5 metros de largo. Compatible con cualquier sistema operativo, tecnolog\u00eda plug and play. Disfruta de una mejor respuesta t\u00e1ctil y reacciones r\u00e1pidas, dise\u00f1ados especialmente para jugar. Compatible con: windows, mac, linux, xbox, playstation.<\/p>\n","protected":false},"featured_media":219134,"comment_status":"open","ping_status":"open","template":"","meta":[],"product_cat":[1718,1713],"product_tag":[2019],"acf":[],"yoast_head":"<!-- This site is optimized with the Yoast SEO plugin v21.7 - https:\/\/yoast.com\/wordpress\/plugins\/seo\/ -->\n<title>[ Ocelot Gaming ] &#129351; Ogmk02 Teclado Mecanico \/ Switch Azul \/ Rgb \/ 88 Teclas \/ Anthigosting \/ Usb \/ Color Negro<\/title>\n<meta name=\"description\" content=\"Compra Ogmk02 Teclado Mecanico \/ Switch Azul \/ Rgb \/ 88 Teclas \/ Anthigosting \/ Usb \/ Color Negro + Env\u00edo a domicilio + Pago seguro + Garant\u00eda\" \/>\n<meta name=\"robots\" content=\"index, follow, max-snippet:-1, max-image-preview:large, max-video-preview:-1\" \/>\n<link rel=\"canonical\" href=\"https:\/\/compuviper.mx\/tienda\/producto\/ocelot-gaming-ogmk02-teclado-mecanico-switch-azul-rgb-88-teclas-anthigosting-usb-color-negro\/\" \/>\n<meta property=\"og:locale\" content=\"es_MX\" \/>\n<meta property=\"og:type\" content=\"article\" \/>\n<meta property=\"og:title\" content=\"[ Ocelot Gaming ] &#129351; Ogmk02 Teclado Mecanico \/ Switch Azul \/ Rgb \/ 88 Teclas \/ Anthigosting \/ Usb \/ Color Negro\" \/>\n<meta property=\"og:description\" content=\"Compra Ogmk02 Teclado Mecanico \/ Switch Azul \/ Rgb \/ 88 Teclas \/ Anthigosting \/ Usb \/ Color Negro + Env\u00edo a domicilio + Pago seguro + Garant\u00eda\" \/>\n<meta property=\"og:url\" content=\"https:\/\/compuviper.mx\/tienda\/producto\/ocelot-gaming-ogmk02-teclado-mecanico-switch-azul-rgb-88-teclas-anthigosting-usb-color-negro\/\" \/>\n<meta property=\"og:site_name\" content=\"Compuviper\" \/>\n<meta property=\"article:publisher\" content=\"https:\/\/www.facebook.com\/compuviper\" \/>\n<meta property=\"article:modified_time\" content=\"2026-04-16T06:45:05+00:00\" \/>\n<meta property=\"og:image\" content=\"https:\/\/compuviper.mx\/tienda\/wp-content\/uploads\/2023\/12\/Teclado-mecanico-ocelotalambricoswitch-azulplasticorgb-negro-colores-ajustablesplug-playgamer.jpg\" \/>\n\t<meta property=\"og:image:width\" content=\"200\" \/>\n\t<meta property=\"og:image:height\" content=\"200\" \/>\n\t<meta property=\"og:image:type\" content=\"image\/jpeg\" \/>\n<meta name=\"twitter:card\" content=\"summary_large_image\" \/>\n<meta name=\"twitter:label1\" content=\"Precio\" \/>\n\t<meta name=\"twitter:data1\" content=\"&#36;299 &#36;218 con IVA\" \/>\n\t<meta name=\"twitter:label2\" content=\"Availability\" \/>\n\t<meta name=\"twitter:data2\" content=\"In stock\" \/>\n<script type=\"application\/ld+json\" class=\"yoast-schema-graph\">{\"@context\":\"https:\/\/schema.org\",\"@graph\":[{\"@type\":\"WebPage\",\"@id\":\"https:\/\/compuviper.mx\/tienda\/producto\/ocelot-gaming-ogmk02-teclado-mecanico-switch-azul-rgb-88-teclas-anthigosting-usb-color-negro\/\",\"url\":\"https:\/\/compuviper.mx\/tienda\/producto\/ocelot-gaming-ogmk02-teclado-mecanico-switch-azul-rgb-88-teclas-anthigosting-usb-color-negro\/\",\"name\":\"[ Ocelot Gaming ] &#129351; Ogmk02 Teclado Mecanico \/ Switch Azul \/ Rgb \/ 88 Teclas \/ Anthigosting \/ Usb \/ Color Negro\",\"isPartOf\":{\"@id\":\"https:\/\/compuviper.mx\/tienda\/#website\"},\"datePublished\":\"2026-04-16T06:45:04+00:00\",\"dateModified\":\"2026-04-16T06:45:05+00:00\",\"description\":\"Compra Ogmk02 Teclado Mecanico \/ Switch Azul \/ Rgb \/ 88 Teclas \/ Anthigosting \/ Usb \/ Color Negro + Env\u00edo a domicilio + Pago seguro + Garant\u00eda\",\"breadcrumb\":{\"@id\":\"https:\/\/compuviper.mx\/tienda\/producto\/ocelot-gaming-ogmk02-teclado-mecanico-switch-azul-rgb-88-teclas-anthigosting-usb-color-negro\/#breadcrumb\"},\"inLanguage\":\"es-MX\",\"potentialAction\":[{\"@type\":\"ReadAction\",\"target\":[\"https:\/\/compuviper.mx\/tienda\/producto\/ocelot-gaming-ogmk02-teclado-mecanico-switch-azul-rgb-88-teclas-anthigosting-usb-color-negro\/\"]}]},{\"@type\":\"BreadcrumbList\",\"@id\":\"https:\/\/compuviper.mx\/tienda\/producto\/ocelot-gaming-ogmk02-teclado-mecanico-switch-azul-rgb-88-teclas-anthigosting-usb-color-negro\/#breadcrumb\",\"itemListElement\":[{\"@type\":\"ListItem\",\"position\":1,\"name\":\"Inicio\",\"item\":\"https:\/\/compuviper.mx\/tienda\/\"},{\"@type\":\"ListItem\",\"position\":2,\"name\":\"Productos\",\"item\":\"https:\/\/compuviper.mx\/tienda\/productos\/\"},{\"@type\":\"ListItem\",\"position\":3,\"name\":\"Teclados\",\"item\":\"https:\/\/compuviper.mx\/tienda\/categoria-producto\/teclados\/\"},{\"@type\":\"ListItem\",\"position\":4,\"name\":\"Gamers\",\"item\":\"https:\/\/compuviper.mx\/tienda\/categoria-producto\/teclados\/gamers\/\"},{\"@type\":\"ListItem\",\"position\":5,\"name\":\"Ocelot Gaming Ogmk02 Teclado Mecanico \/ Switch Azul \/ Rgb \/ 88 Teclas \/ Anthigosting \/ Usb \/ Color Negro\"}]},{\"@type\":\"WebSite\",\"@id\":\"https:\/\/compuviper.mx\/tienda\/#website\",\"url\":\"https:\/\/compuviper.mx\/tienda\/\",\"name\":\"Compuviper\",\"description\":\"Proveedor de Computadoras, Laptops, Servidores, Monitores, Puntos de Venta, Teclados,   Impresoras, T\u00f3ner, C\u00e1maras de Seguridad y m\u00e1s en tu tienda en l\u00ednea\",\"publisher\":{\"@id\":\"https:\/\/compuviper.mx\/tienda\/#organization\"},\"potentialAction\":[{\"@type\":\"SearchAction\",\"target\":{\"@type\":\"EntryPoint\",\"urlTemplate\":\"https:\/\/compuviper.mx\/tienda\/?s={search_term_string}\"},\"query-input\":\"required name=search_term_string\"}],\"inLanguage\":\"es-MX\"},{\"@type\":\"Organization\",\"@id\":\"https:\/\/compuviper.mx\/tienda\/#organization\",\"name\":\"Compuviper\",\"url\":\"https:\/\/compuviper.mx\/tienda\/\",\"logo\":{\"@type\":\"ImageObject\",\"inLanguage\":\"es-MX\",\"@id\":\"https:\/\/compuviper.mx\/tienda\/#\/schema\/logo\/image\/\",\"url\":\"https:\/\/compuviper.mx\/tienda\/wp-content\/uploads\/2021\/08\/Logo-Compuviper-10.png\",\"contentUrl\":\"https:\/\/compuviper.mx\/tienda\/wp-content\/uploads\/2021\/08\/Logo-Compuviper-10.png\",\"width\":1000,\"height\":500,\"caption\":\"Compuviper\"},\"image\":{\"@id\":\"https:\/\/compuviper.mx\/tienda\/#\/schema\/logo\/image\/\"},\"sameAs\":[\"https:\/\/www.facebook.com\/compuviper\",\"https:\/\/www.youtube.com\/channel\/UCf73dERp9Y3cfOq7q8BhLjA?view_as=subscriber\"]}]}<\/script>\n<meta property=\"product:brand\" content=\"OCELOT GAMING\" \/>\n<meta property=\"product:price:amount\" content=\"218\" \/>\n<meta property=\"product:price:currency\" content=\"MXN\" \/>\n<meta property=\"og:availability\" content=\"instock\" \/>\n<meta property=\"product:availability\" content=\"instock\" \/>\n<meta property=\"product:retailer_item_id\" content=\"OGMK02\" \/>\n<meta property=\"product:condition\" content=\"new\" \/>\n<!-- \/ Yoast SEO plugin. -->","yoast_head_json":{"title":"[ Ocelot Gaming ] &#129351; Ogmk02 Teclado Mecanico \/ Switch Azul \/ Rgb \/ 88 Teclas \/ Anthigosting \/ Usb \/ Color Negro","description":"Compra Ogmk02 Teclado Mecanico \/ Switch Azul \/ Rgb \/ 88 Teclas \/ Anthigosting \/ Usb \/ Color Negro + Env\u00edo a domicilio + Pago seguro + Garant\u00eda","robots":{"index":"index","follow":"follow","max-snippet":"max-snippet:-1","max-image-preview":"max-image-preview:large","max-video-preview":"max-video-preview:-1"},"canonical":"https:\/\/compuviper.mx\/tienda\/producto\/ocelot-gaming-ogmk02-teclado-mecanico-switch-azul-rgb-88-teclas-anthigosting-usb-color-negro\/","og_locale":"es_MX","og_type":"article","og_title":"[ Ocelot Gaming ] &#129351; Ogmk02 Teclado Mecanico \/ Switch Azul \/ Rgb \/ 88 Teclas \/ Anthigosting \/ Usb \/ Color Negro","og_description":"Compra Ogmk02 Teclado Mecanico \/ Switch Azul \/ Rgb \/ 88 Teclas \/ Anthigosting \/ Usb \/ Color Negro + Env\u00edo a domicilio + Pago seguro + Garant\u00eda","og_url":"https:\/\/compuviper.mx\/tienda\/producto\/ocelot-gaming-ogmk02-teclado-mecanico-switch-azul-rgb-88-teclas-anthigosting-usb-color-negro\/","og_site_name":"Compuviper","article_publisher":"https:\/\/www.facebook.com\/compuviper","article_modified_time":"2026-04-16T06:45:05+00:00","og_image":[{"width":200,"height":200,"url":"https:\/\/compuviper.mx\/tienda\/wp-content\/uploads\/2023\/12\/Teclado-mecanico-ocelotalambricoswitch-azulplasticorgb-negro-colores-ajustablesplug-playgamer.jpg","type":"image\/jpeg"}],"twitter_card":"summary_large_image","twitter_misc":{"Precio":"&#36;299 &#36;218 con IVA","Availability":"In stock"},"schema":{"@context":"https:\/\/schema.org","@graph":[{"@type":"WebPage","@id":"https:\/\/compuviper.mx\/tienda\/producto\/ocelot-gaming-ogmk02-teclado-mecanico-switch-azul-rgb-88-teclas-anthigosting-usb-color-negro\/","url":"https:\/\/compuviper.mx\/tienda\/producto\/ocelot-gaming-ogmk02-teclado-mecanico-switch-azul-rgb-88-teclas-anthigosting-usb-color-negro\/","name":"[ Ocelot Gaming ] &#129351; Ogmk02 Teclado Mecanico \/ Switch Azul \/ Rgb \/ 88 Teclas \/ Anthigosting \/ Usb \/ Color Negro","isPartOf":{"@id":"https:\/\/compuviper.mx\/tienda\/#website"},"datePublished":"2026-04-16T06:45:04+00:00","dateModified":"2026-04-16T06:45:05+00:00","description":"Compra Ogmk02 Teclado Mecanico \/ Switch Azul \/ Rgb \/ 88 Teclas \/ Anthigosting \/ Usb \/ Color Negro + Env\u00edo a domicilio + Pago seguro + Garant\u00eda","breadcrumb":{"@id":"https:\/\/compuviper.mx\/tienda\/producto\/ocelot-gaming-ogmk02-teclado-mecanico-switch-azul-rgb-88-teclas-anthigosting-usb-color-negro\/#breadcrumb"},"inLanguage":"es-MX","potentialAction":[{"@type":"ReadAction","target":["https:\/\/compuviper.mx\/tienda\/producto\/ocelot-gaming-ogmk02-teclado-mecanico-switch-azul-rgb-88-teclas-anthigosting-usb-color-negro\/"]}]},{"@type":"BreadcrumbList","@id":"https:\/\/compuviper.mx\/tienda\/producto\/ocelot-gaming-ogmk02-teclado-mecanico-switch-azul-rgb-88-teclas-anthigosting-usb-color-negro\/#breadcrumb","itemListElement":[{"@type":"ListItem","position":1,"name":"Inicio","item":"https:\/\/compuviper.mx\/tienda\/"},{"@type":"ListItem","position":2,"name":"Productos","item":"https:\/\/compuviper.mx\/tienda\/productos\/"},{"@type":"ListItem","position":3,"name":"Teclados","item":"https:\/\/compuviper.mx\/tienda\/categoria-producto\/teclados\/"},{"@type":"ListItem","position":4,"name":"Gamers","item":"https:\/\/compuviper.mx\/tienda\/categoria-producto\/teclados\/gamers\/"},{"@type":"ListItem","position":5,"name":"Ocelot Gaming Ogmk02 Teclado Mecanico \/ Switch Azul \/ Rgb \/ 88 Teclas \/ Anthigosting \/ Usb \/ Color Negro"}]},{"@type":"WebSite","@id":"https:\/\/compuviper.mx\/tienda\/#website","url":"https:\/\/compuviper.mx\/tienda\/","name":"Compuviper","description":"Proveedor de Computadoras, Laptops, Servidores, Monitores, Puntos de Venta, Teclados,   Impresoras, T\u00f3ner, C\u00e1maras de Seguridad y m\u00e1s en tu tienda en l\u00ednea","publisher":{"@id":"https:\/\/compuviper.mx\/tienda\/#organization"},"potentialAction":[{"@type":"SearchAction","target":{"@type":"EntryPoint","urlTemplate":"https:\/\/compuviper.mx\/tienda\/?s={search_term_string}"},"query-input":"required name=search_term_string"}],"inLanguage":"es-MX"},{"@type":"Organization","@id":"https:\/\/compuviper.mx\/tienda\/#organization","name":"Compuviper","url":"https:\/\/compuviper.mx\/tienda\/","logo":{"@type":"ImageObject","inLanguage":"es-MX","@id":"https:\/\/compuviper.mx\/tienda\/#\/schema\/logo\/image\/","url":"https:\/\/compuviper.mx\/tienda\/wp-content\/uploads\/2021\/08\/Logo-Compuviper-10.png","contentUrl":"https:\/\/compuviper.mx\/tienda\/wp-content\/uploads\/2021\/08\/Logo-Compuviper-10.png","width":1000,"height":500,"caption":"Compuviper"},"image":{"@id":"https:\/\/compuviper.mx\/tienda\/#\/schema\/logo\/image\/"},"sameAs":["https:\/\/www.facebook.com\/compuviper","https:\/\/www.youtube.com\/channel\/UCf73dERp9Y3cfOq7q8BhLjA?view_as=subscriber"]}]},"product_brand":"OCELOT GAMING","product_price_amount":"218","product_price_currency":"MXN","og_availability":"instock","product_availability":"instock","product_retailer_item_id":"OGMK02","product_condition":"new"},"_links":{"self":[{"href":"https:\/\/compuviper.mx\/tienda\/wp-json\/wp\/v2\/product\/219133"}],"collection":[{"href":"https:\/\/compuviper.mx\/tienda\/wp-json\/wp\/v2\/product"}],"about":[{"href":"https:\/\/compuviper.mx\/tienda\/wp-json\/wp\/v2\/types\/product"}],"replies":[{"embeddable":true,"href":"https:\/\/compuviper.mx\/tienda\/wp-json\/wp\/v2\/comments?post=219133"}],"wp:featuredmedia":[{"embeddable":true,"href":"https:\/\/compuviper.mx\/tienda\/wp-json\/wp\/v2\/media\/219134"}],"wp:attachment":[{"href":"https:\/\/compuviper.mx\/tienda\/wp-json\/wp\/v2\/media?parent=219133"}],"wp:term":[{"taxonomy":"product_cat","embeddable":true,"href":"https:\/\/compuviper.mx\/tienda\/wp-json\/wp\/v2\/product_cat?post=219133"},{"taxonomy":"product_tag","embeddable":true,"href":"https:\/\/compuviper.mx\/tienda\/wp-json\/wp\/v2\/product_tag?post=219133"}],"curies":[{"name":"wp","href":"https:\/\/api.w.org\/{rel}","templated":true}]}}