{"id":219127,"date":"2026-04-21T00:53:37","date_gmt":"2026-04-21T06:53:37","guid":{"rendered":"https:\/\/compuviper.mx\/tienda\/producto\/logitech-920-008659-teclado-mouse-mk850-performance-negro-gris-inalambricos-usb-unifying-y-bluetooth-multidispositivos-pc-windows-mac\/"},"modified":"2026-04-21T00:53:38","modified_gmt":"2026-04-21T06:53:38","slug":"logitech-920-008659-teclado-y-mouse-mk850-performance-inalambrico-receptor-usb-unifying-espaol-negro","status":"publish","type":"product","link":"https:\/\/compuviper.mx\/tienda\/producto\/logitech-920-008659-teclado-y-mouse-mk850-performance-inalambrico-receptor-usb-unifying-espaol-negro\/","title":{"rendered":"Logitech 920-008659 Teclado Y Mouse  Mk850 Performance Inalambrico Receptor Usb Unifying (espa?ol) Negro"},"content":{"rendered":"<table class=\"descripcion\">\n<tr>\n<td>Con la comodidad en mente<\/td>\n<\/tr>\n<tr>\n<td>El gran reposamanos blando y la estructura curvada ofrecen soporte para el uso durante todo el d\u00eda. las patas con inclinaci\u00f3n ajustable permiten la colocaci\u00f3n en el \u00e1ngulo id\u00f3neo. el dise\u00f1o contorneado y la superficie de goma blanda del rat\u00f3n se acomodan perfectamente en la palma de la mano.<\/td>\n<\/tr>\n<tr>\n<td>Productividad mejorada<\/td>\n<\/tr>\n<tr>\n<td>Recorre r\u00e1pidamente documentos y p\u00e1ginas web con el desplazamiento superr\u00e1pido. y escribe de forma silenciosa y eficiente en un teclado de tama\u00f1o normal con teclas c\u00f3ncavas creadas con esmero.<\/td>\n<\/tr>\n<tr>\n<td>Control multidispositivo<\/td>\n<\/tr>\n<tr>\n<td>Escribe en el ordenador y luego cambia al tel\u00e9fono o el ordenador* con s\u00f3lo pulsar un bot\u00f3n. el rat\u00f3n puede estar emparejado simult\u00e1neamente con 3 dispositivos, para facilitar el trabajo multitarea.<\/td>\n<\/tr>\n<tr>\n<td>*cualquier dispositivo con usb o bluetooth\u00ae smart ready compatible con teclados externos (perfil hid).<\/td>\n<\/tr>\n<tr>\n<td>Una combinaci\u00f3n verdaderamente eficaz<\/td>\n<\/tr>\n<tr>\n<td>Por fin, una combinaci\u00f3n de teclado y rat\u00f3n que realmente trabaja en equipo. al mantener pulsada la tecla fn, logitech duolink permite el uso de los botones del rat\u00f3n con un conjunto de acciones distintas. logitech flow hace posible el control y uso compartido de archivos entre varios ordenadores. ahora, cuando el cursor del rat\u00f3n fluye de un ordenador a otro, la conexi\u00f3n de tu teclado tambi\u00e9n cambia autom\u00e1ticamente.*<\/td>\n<\/tr>\n<tr>\n<td>Fiable y sin complicaciones<\/td>\n<\/tr>\n<tr>\n<td>El teclado funcionar\u00e1 con las mismas pilas durante 36 meses, y las del rat\u00f3n durar\u00e1n hasta 24 meses.* conexi\u00f3n inal\u00e1mbrica con tus dispositivos mediante el receptor usb logitech unifying\u00bf o emparejamiento de tecnolog\u00eda bluetooth\u00ae de bajo consumo.<\/td>\n<\/tr>\n<tr>\n<td>*la duraci\u00f3n depende del uso y de los dispositivos.<\/td>\n<\/tr>\n<tr>\n<td>Dimensiones<\/td>\n<\/tr>\n<tr>\n<td>Teclado:<\/td>\n<\/tr>\n<tr>\n<td>Altura x anchura x profundidad:<\/td>\n<\/tr>\n<tr>\n<td>25 mm x 430 mm x 210 mm<\/td>\n<\/tr>\n<tr>\n<td>Peso: 733 g (incluidas 2 pilas aaa)<\/td>\n<\/tr>\n<tr>\n<td>Rat\u00f3n:<\/td>\n<\/tr>\n<tr>\n<td>Altura x anchura x profundidad:<\/td>\n<\/tr>\n<tr>\n<td>45 mm x 74 mm x 115 mm<\/td>\n<\/tr>\n<tr>\n<td>Peso: 135 g (incluida 1 pila aa)<\/td>\n<\/tr>\n<tr>\n<td>Requisitos del sistema<\/td>\n<\/tr>\n<tr>\n<td>Teclado<\/td>\n<\/tr>\n<tr>\n<td>Unifying<\/td>\n<\/tr>\n<tr>\n<td>Windows\u00ae 10 o posterior, windows 8, windows 7<\/td>\n<\/tr>\n<tr>\n<td>Mac os x 10.10 o posterior<\/td>\n<\/tr>\n<tr>\n<td>Chrome os<\/td>\n<\/tr>\n<tr>\n<td>Bluetooth<\/td>\n<\/tr>\n<tr>\n<td>Windows 10 o posterior, windows 8<\/td>\n<\/tr>\n<tr>\n<td>Mac os x 10.10 o posterior<\/td>\n<\/tr>\n<tr>\n<td>Ios 5 o posterior<\/td>\n<\/tr>\n<tr>\n<td>Chrome os<\/td>\n<\/tr>\n<tr>\n<td>Android 5.0 o posterior<\/td>\n<\/tr>\n<tr>\n<td>Rat\u00f3n<\/td>\n<\/tr>\n<tr>\n<td>Unifying<\/td>\n<\/tr>\n<tr>\n<td>Windows 10 o posterior, windows 8, windows 7<\/td>\n<\/tr>\n<tr>\n<td>Mac os x 10.10 o posterior<\/td>\n<\/tr>\n<tr>\n<td>Chrome os<\/td>\n<\/tr>\n<tr>\n<td>Bluetooth<\/td>\n<\/tr>\n<tr>\n<td>Windows 10 o posterior, windows 8<\/td>\n<\/tr>\n<tr>\n<td>Mac os x 10.10 o posterior<\/td>\n<\/tr>\n<tr>\n<td>Chrome os<\/td>\n<\/tr>\n<tr>\n<td>Conexi\u00f3n a internet para descargas de software, puerto usb.<\/td>\n<\/tr>\n<tr>\n<td>Especificaciones<\/td>\n<\/tr>\n<tr>\n<td>Teclado<\/td>\n<\/tr>\n<tr>\n<td>Tipo de conexi\u00f3n: conexi\u00f3n inal\u00e1mbrica bluetooth\u00ae smart y de 2,4 ghz<\/td>\n<\/tr>\n<tr>\n<td>Radio inal\u00e1mbrico: 10 m*<\/td>\n<\/tr>\n<tr>\n<td>*el radio de acci\u00f3n inal\u00e1mbrico depende del entorno operativo y de la configuraci\u00f3n del ordenador.<\/td>\n<\/tr>\n<tr>\n<td>Cifrado inal\u00e1mbrico: s\u00ed*<\/td>\n<\/tr>\n<tr>\n<td>*cifrado inal\u00e1mbrico entre el teclado y el ordenador o el dispositivo m\u00f3vil conectado.<\/td>\n<\/tr>\n<tr>\n<td>Detalles de pilas: 2 x aaa<\/td>\n<\/tr>\n<tr>\n<td>Duraci\u00f3n de pilas: 36 meses*<\/td>\n<\/tr>\n<tr>\n<td>*duraci\u00f3n de pilas de teclado calculada seg\u00fan una estimaci\u00f3n de dos millones de pulsaciones al a\u00f1o en un entorno empresarial. la duraci\u00f3n de las pilas depende del uso y de los dispositivos.<\/td>\n<\/tr>\n<tr>\n<td>Rat\u00f3n<\/td>\n<\/tr>\n<tr>\n<td>Tipo de conexi\u00f3n: conexi\u00f3n inal\u00e1mbrica bluetooth smart y de 2,4 ghz<\/td>\n<\/tr>\n<tr>\n<td>Radio inal\u00e1mbrico: 10 m*<\/td>\n<\/tr>\n<tr>\n<td>*el radio de acci\u00f3n inal\u00e1mbrico depende del entorno operativo y de la configuraci\u00f3n del ordenador.<\/td>\n<\/tr>\n<tr>\n<td>Detalles de pilas: 1 pila aa<\/td>\n<\/tr>\n<tr>\n<td>Duraci\u00f3n de pilas: 24 meses*<\/td>\n<\/tr>\n<tr>\n<td>*la duraci\u00f3n de las pilas depende del uso y de los dispositivos.<\/td>\n<\/tr>\n<tr>\n<td>Tecnolog\u00eda de sensor: seguimiento \u00f3ptico avanzado de logitech<\/td>\n<\/tr>\n<tr>\n<td>Resoluci\u00f3n de sensor: 1000 dpi<\/td>\n<\/tr>\n<tr>\n<td>Bot\u00f3n rueda: superr\u00e1pido<\/td>\n<\/tr>\n<tr>\n<td>N\u00famero de botones: 8<\/td>\n<\/tr>\n<tr>\n<td>Software compatible<\/td>\n<\/tr>\n<tr>\n<td>Logitech options<\/td>\n<\/tr>\n<tr>\n<td>Logitech flow<\/td>\n<\/tr>\n<tr>\n<td>Contenido de la caja<\/td>\n<\/tr>\n<tr>\n<td>Teclado inal\u00e1mbrico<\/td>\n<\/tr>\n<tr>\n<td>Rat\u00f3n inal\u00e1mbrico<\/td>\n<\/tr>\n<tr>\n<td>Receptor unifying<\/td>\n<\/tr>\n<tr>\n<td>Dos pilas aaa (teclado), una pila aa (rat\u00f3n) (preinstaladas)<\/td>\n<\/tr>\n<tr>\n<td>Cable alargador de radio de acci\u00f3n usb<\/td>\n<\/tr>\n<tr>\n<td>Documentaci\u00f3n del usuario<\/td>\n<\/tr>\n<tr>\n<td>Informaci\u00f3n de garant\u00eda<\/td>\n<\/tr>\n<tr>\n<td>Dos a\u00f1os de garant\u00eda de hardware limitada<\/td>\n<\/tr>\n<tr>\n<td>N\u00famero de referencia<\/td>\n<\/tr>\n<tr>\n<td>920-008659.<\/td>\n<\/tr>\n<\/table>\n","protected":false},"excerpt":{"rendered":"<p>Saca adelante el trabajo. C\u00f3modamente. Disfruta de un nivel superior de comodidad y productividad con la eficacia de mk850 performance. Domina la situaci\u00f3n c\u00f3modamente, con un reposamanos blando, una estructura de teclas curvada y un rat\u00f3n contorneado. Cambia de pantalla usando el teclado o el rat\u00f3n, para trabajar en varias tareas simult\u00e1neamente.<\/p>\n","protected":false},"featured_media":219128,"comment_status":"open","ping_status":"open","template":"","meta":[],"product_cat":[1711,1712],"product_tag":[1500],"acf":[],"yoast_head":"<!-- This site is optimized with the Yoast SEO plugin v21.7 - https:\/\/yoast.com\/wordpress\/plugins\/seo\/ -->\n<title>[ Logitech ] &#129351; 920-008659 Teclado Y Mouse Mk850 Performance Inalambrico Receptor Usb Unifying (espa\u00f1ol) Negro<\/title>\n<meta name=\"description\" content=\"Compra 920-008659 Teclado Y Mouse Mk850 Performance Inalambrico Receptor Usb Unifying (espa\u00f1ol) Negro + Env\u00edo a domicilio + Pago seguro + Garant\u00eda\" \/>\n<meta name=\"robots\" content=\"index, follow, max-snippet:-1, max-image-preview:large, max-video-preview:-1\" \/>\n<link rel=\"canonical\" href=\"https:\/\/compuviper.mx\/tienda\/producto\/logitech-920-008659-teclado-y-mouse-mk850-performance-inalambrico-receptor-usb-unifying-espaol-negro\/\" \/>\n<meta property=\"og:locale\" content=\"es_MX\" \/>\n<meta property=\"og:type\" content=\"article\" \/>\n<meta property=\"og:title\" content=\"[ Logitech ] &#129351; 920-008659 Teclado Y Mouse Mk850 Performance Inalambrico Receptor Usb Unifying (espa\u00f1ol) Negro\" \/>\n<meta property=\"og:description\" content=\"Compra 920-008659 Teclado Y Mouse Mk850 Performance Inalambrico Receptor Usb Unifying (espa\u00f1ol) Negro + Env\u00edo a domicilio + Pago seguro + Garant\u00eda\" \/>\n<meta property=\"og:url\" content=\"https:\/\/compuviper.mx\/tienda\/producto\/logitech-920-008659-teclado-y-mouse-mk850-performance-inalambrico-receptor-usb-unifying-espaol-negro\/\" \/>\n<meta property=\"og:site_name\" content=\"Compuviper\" \/>\n<meta property=\"article:publisher\" content=\"https:\/\/www.facebook.com\/compuviper\" \/>\n<meta property=\"article:modified_time\" content=\"2026-04-21T06:53:38+00:00\" \/>\n<meta property=\"og:image\" content=\"https:\/\/compuviper.mx\/tienda\/wp-content\/uploads\/2023\/12\/Tecladomouse-logitech-mk850-performance-negrogris-inalambricos-usb-unifying-y-bluetooth-multidispositivos-pc-windows-mac.jpg\" \/>\n\t<meta property=\"og:image:width\" content=\"200\" \/>\n\t<meta property=\"og:image:height\" content=\"200\" \/>\n\t<meta property=\"og:image:type\" content=\"image\/jpeg\" \/>\n<meta name=\"twitter:card\" content=\"summary_large_image\" \/>\n<meta name=\"twitter:label1\" content=\"Precio\" \/>\n\t<meta name=\"twitter:data1\" content=\"&#36;1,827 con IVA\" \/>\n\t<meta name=\"twitter:label2\" content=\"Availability\" \/>\n\t<meta name=\"twitter:data2\" content=\"In stock\" \/>\n<script type=\"application\/ld+json\" class=\"yoast-schema-graph\">{\"@context\":\"https:\/\/schema.org\",\"@graph\":[{\"@type\":\"WebPage\",\"@id\":\"https:\/\/compuviper.mx\/tienda\/producto\/logitech-920-008659-teclado-y-mouse-mk850-performance-inalambrico-receptor-usb-unifying-espaol-negro\/\",\"url\":\"https:\/\/compuviper.mx\/tienda\/producto\/logitech-920-008659-teclado-y-mouse-mk850-performance-inalambrico-receptor-usb-unifying-espaol-negro\/\",\"name\":\"[ Logitech ] &#129351; 920-008659 Teclado Y Mouse Mk850 Performance Inalambrico Receptor Usb Unifying (espa\u00f1ol) Negro\",\"isPartOf\":{\"@id\":\"https:\/\/compuviper.mx\/tienda\/#website\"},\"datePublished\":\"2026-04-21T06:53:37+00:00\",\"dateModified\":\"2026-04-21T06:53:38+00:00\",\"description\":\"Compra 920-008659 Teclado Y Mouse Mk850 Performance Inalambrico Receptor Usb Unifying (espa\u00f1ol) Negro + Env\u00edo a domicilio + Pago seguro + Garant\u00eda\",\"breadcrumb\":{\"@id\":\"https:\/\/compuviper.mx\/tienda\/producto\/logitech-920-008659-teclado-y-mouse-mk850-performance-inalambrico-receptor-usb-unifying-espaol-negro\/#breadcrumb\"},\"inLanguage\":\"es-MX\",\"potentialAction\":[{\"@type\":\"ReadAction\",\"target\":[\"https:\/\/compuviper.mx\/tienda\/producto\/logitech-920-008659-teclado-y-mouse-mk850-performance-inalambrico-receptor-usb-unifying-espaol-negro\/\"]}]},{\"@type\":\"BreadcrumbList\",\"@id\":\"https:\/\/compuviper.mx\/tienda\/producto\/logitech-920-008659-teclado-y-mouse-mk850-performance-inalambrico-receptor-usb-unifying-espaol-negro\/#breadcrumb\",\"itemListElement\":[{\"@type\":\"ListItem\",\"position\":1,\"name\":\"Inicio\",\"item\":\"https:\/\/compuviper.mx\/tienda\/\"},{\"@type\":\"ListItem\",\"position\":2,\"name\":\"Productos\",\"item\":\"https:\/\/compuviper.mx\/tienda\/productos\/\"},{\"@type\":\"ListItem\",\"position\":3,\"name\":\"Teclado Y Mouse\",\"item\":\"https:\/\/compuviper.mx\/tienda\/categoria-producto\/teclado-y-mouse\/\"},{\"@type\":\"ListItem\",\"position\":4,\"name\":\"Sin Categor\u00eda\",\"item\":\"https:\/\/compuviper.mx\/tienda\/categoria-producto\/teclado-y-mouse\/sin-categoria-teclado-y-mouse\/\"},{\"@type\":\"ListItem\",\"position\":5,\"name\":\"Logitech 920-008659 Teclado Y Mouse Mk850 Performance Inalambrico Receptor Usb Unifying (espa?ol) Negro\"}]},{\"@type\":\"WebSite\",\"@id\":\"https:\/\/compuviper.mx\/tienda\/#website\",\"url\":\"https:\/\/compuviper.mx\/tienda\/\",\"name\":\"Compuviper\",\"description\":\"Proveedor de Computadoras, Laptops, Servidores, Monitores, Puntos de Venta, Teclados,   Impresoras, T\u00f3ner, C\u00e1maras de Seguridad y m\u00e1s en tu tienda en l\u00ednea\",\"publisher\":{\"@id\":\"https:\/\/compuviper.mx\/tienda\/#organization\"},\"potentialAction\":[{\"@type\":\"SearchAction\",\"target\":{\"@type\":\"EntryPoint\",\"urlTemplate\":\"https:\/\/compuviper.mx\/tienda\/?s={search_term_string}\"},\"query-input\":\"required name=search_term_string\"}],\"inLanguage\":\"es-MX\"},{\"@type\":\"Organization\",\"@id\":\"https:\/\/compuviper.mx\/tienda\/#organization\",\"name\":\"Compuviper\",\"url\":\"https:\/\/compuviper.mx\/tienda\/\",\"logo\":{\"@type\":\"ImageObject\",\"inLanguage\":\"es-MX\",\"@id\":\"https:\/\/compuviper.mx\/tienda\/#\/schema\/logo\/image\/\",\"url\":\"https:\/\/compuviper.mx\/tienda\/wp-content\/uploads\/2021\/08\/Logo-Compuviper-10.png\",\"contentUrl\":\"https:\/\/compuviper.mx\/tienda\/wp-content\/uploads\/2021\/08\/Logo-Compuviper-10.png\",\"width\":1000,\"height\":500,\"caption\":\"Compuviper\"},\"image\":{\"@id\":\"https:\/\/compuviper.mx\/tienda\/#\/schema\/logo\/image\/\"},\"sameAs\":[\"https:\/\/www.facebook.com\/compuviper\",\"https:\/\/www.youtube.com\/channel\/UCf73dERp9Y3cfOq7q8BhLjA?view_as=subscriber\"]}]}<\/script>\n<meta property=\"product:brand\" content=\"LOGITECH\" \/>\n<meta property=\"product:price:amount\" content=\"1827\" \/>\n<meta property=\"product:price:currency\" content=\"MXN\" \/>\n<meta property=\"og:availability\" content=\"instock\" \/>\n<meta property=\"product:availability\" content=\"instock\" \/>\n<meta property=\"product:retailer_item_id\" content=\"920-008659\" \/>\n<meta property=\"product:condition\" content=\"new\" \/>\n<!-- \/ Yoast SEO plugin. -->","yoast_head_json":{"title":"[ Logitech ] &#129351; 920-008659 Teclado Y Mouse Mk850 Performance Inalambrico Receptor Usb Unifying (espa\u00f1ol) Negro","description":"Compra 920-008659 Teclado Y Mouse Mk850 Performance Inalambrico Receptor Usb Unifying (espa\u00f1ol) Negro + Env\u00edo a domicilio + Pago seguro + Garant\u00eda","robots":{"index":"index","follow":"follow","max-snippet":"max-snippet:-1","max-image-preview":"max-image-preview:large","max-video-preview":"max-video-preview:-1"},"canonical":"https:\/\/compuviper.mx\/tienda\/producto\/logitech-920-008659-teclado-y-mouse-mk850-performance-inalambrico-receptor-usb-unifying-espaol-negro\/","og_locale":"es_MX","og_type":"article","og_title":"[ Logitech ] &#129351; 920-008659 Teclado Y Mouse Mk850 Performance Inalambrico Receptor Usb Unifying (espa\u00f1ol) Negro","og_description":"Compra 920-008659 Teclado Y Mouse Mk850 Performance Inalambrico Receptor Usb Unifying (espa\u00f1ol) Negro + Env\u00edo a domicilio + Pago seguro + Garant\u00eda","og_url":"https:\/\/compuviper.mx\/tienda\/producto\/logitech-920-008659-teclado-y-mouse-mk850-performance-inalambrico-receptor-usb-unifying-espaol-negro\/","og_site_name":"Compuviper","article_publisher":"https:\/\/www.facebook.com\/compuviper","article_modified_time":"2026-04-21T06:53:38+00:00","og_image":[{"width":200,"height":200,"url":"https:\/\/compuviper.mx\/tienda\/wp-content\/uploads\/2023\/12\/Tecladomouse-logitech-mk850-performance-negrogris-inalambricos-usb-unifying-y-bluetooth-multidispositivos-pc-windows-mac.jpg","type":"image\/jpeg"}],"twitter_card":"summary_large_image","twitter_misc":{"Precio":"&#36;1,827 con IVA","Availability":"In stock"},"schema":{"@context":"https:\/\/schema.org","@graph":[{"@type":"WebPage","@id":"https:\/\/compuviper.mx\/tienda\/producto\/logitech-920-008659-teclado-y-mouse-mk850-performance-inalambrico-receptor-usb-unifying-espaol-negro\/","url":"https:\/\/compuviper.mx\/tienda\/producto\/logitech-920-008659-teclado-y-mouse-mk850-performance-inalambrico-receptor-usb-unifying-espaol-negro\/","name":"[ Logitech ] &#129351; 920-008659 Teclado Y Mouse Mk850 Performance Inalambrico Receptor Usb Unifying (espa\u00f1ol) Negro","isPartOf":{"@id":"https:\/\/compuviper.mx\/tienda\/#website"},"datePublished":"2026-04-21T06:53:37+00:00","dateModified":"2026-04-21T06:53:38+00:00","description":"Compra 920-008659 Teclado Y Mouse Mk850 Performance Inalambrico Receptor Usb Unifying (espa\u00f1ol) Negro + Env\u00edo a domicilio + Pago seguro + Garant\u00eda","breadcrumb":{"@id":"https:\/\/compuviper.mx\/tienda\/producto\/logitech-920-008659-teclado-y-mouse-mk850-performance-inalambrico-receptor-usb-unifying-espaol-negro\/#breadcrumb"},"inLanguage":"es-MX","potentialAction":[{"@type":"ReadAction","target":["https:\/\/compuviper.mx\/tienda\/producto\/logitech-920-008659-teclado-y-mouse-mk850-performance-inalambrico-receptor-usb-unifying-espaol-negro\/"]}]},{"@type":"BreadcrumbList","@id":"https:\/\/compuviper.mx\/tienda\/producto\/logitech-920-008659-teclado-y-mouse-mk850-performance-inalambrico-receptor-usb-unifying-espaol-negro\/#breadcrumb","itemListElement":[{"@type":"ListItem","position":1,"name":"Inicio","item":"https:\/\/compuviper.mx\/tienda\/"},{"@type":"ListItem","position":2,"name":"Productos","item":"https:\/\/compuviper.mx\/tienda\/productos\/"},{"@type":"ListItem","position":3,"name":"Teclado Y Mouse","item":"https:\/\/compuviper.mx\/tienda\/categoria-producto\/teclado-y-mouse\/"},{"@type":"ListItem","position":4,"name":"Sin Categor\u00eda","item":"https:\/\/compuviper.mx\/tienda\/categoria-producto\/teclado-y-mouse\/sin-categoria-teclado-y-mouse\/"},{"@type":"ListItem","position":5,"name":"Logitech 920-008659 Teclado Y Mouse Mk850 Performance Inalambrico Receptor Usb Unifying (espa?ol) Negro"}]},{"@type":"WebSite","@id":"https:\/\/compuviper.mx\/tienda\/#website","url":"https:\/\/compuviper.mx\/tienda\/","name":"Compuviper","description":"Proveedor de Computadoras, Laptops, Servidores, Monitores, Puntos de Venta, Teclados,   Impresoras, T\u00f3ner, C\u00e1maras de Seguridad y m\u00e1s en tu tienda en l\u00ednea","publisher":{"@id":"https:\/\/compuviper.mx\/tienda\/#organization"},"potentialAction":[{"@type":"SearchAction","target":{"@type":"EntryPoint","urlTemplate":"https:\/\/compuviper.mx\/tienda\/?s={search_term_string}"},"query-input":"required name=search_term_string"}],"inLanguage":"es-MX"},{"@type":"Organization","@id":"https:\/\/compuviper.mx\/tienda\/#organization","name":"Compuviper","url":"https:\/\/compuviper.mx\/tienda\/","logo":{"@type":"ImageObject","inLanguage":"es-MX","@id":"https:\/\/compuviper.mx\/tienda\/#\/schema\/logo\/image\/","url":"https:\/\/compuviper.mx\/tienda\/wp-content\/uploads\/2021\/08\/Logo-Compuviper-10.png","contentUrl":"https:\/\/compuviper.mx\/tienda\/wp-content\/uploads\/2021\/08\/Logo-Compuviper-10.png","width":1000,"height":500,"caption":"Compuviper"},"image":{"@id":"https:\/\/compuviper.mx\/tienda\/#\/schema\/logo\/image\/"},"sameAs":["https:\/\/www.facebook.com\/compuviper","https:\/\/www.youtube.com\/channel\/UCf73dERp9Y3cfOq7q8BhLjA?view_as=subscriber"]}]},"product_brand":"LOGITECH","product_price_amount":"1827","product_price_currency":"MXN","og_availability":"instock","product_availability":"instock","product_retailer_item_id":"920-008659","product_condition":"new"},"_links":{"self":[{"href":"https:\/\/compuviper.mx\/tienda\/wp-json\/wp\/v2\/product\/219127"}],"collection":[{"href":"https:\/\/compuviper.mx\/tienda\/wp-json\/wp\/v2\/product"}],"about":[{"href":"https:\/\/compuviper.mx\/tienda\/wp-json\/wp\/v2\/types\/product"}],"replies":[{"embeddable":true,"href":"https:\/\/compuviper.mx\/tienda\/wp-json\/wp\/v2\/comments?post=219127"}],"wp:featuredmedia":[{"embeddable":true,"href":"https:\/\/compuviper.mx\/tienda\/wp-json\/wp\/v2\/media\/219128"}],"wp:attachment":[{"href":"https:\/\/compuviper.mx\/tienda\/wp-json\/wp\/v2\/media?parent=219127"}],"wp:term":[{"taxonomy":"product_cat","embeddable":true,"href":"https:\/\/compuviper.mx\/tienda\/wp-json\/wp\/v2\/product_cat?post=219127"},{"taxonomy":"product_tag","embeddable":true,"href":"https:\/\/compuviper.mx\/tienda\/wp-json\/wp\/v2\/product_tag?post=219127"}],"curies":[{"name":"wp","href":"https:\/\/api.w.org\/{rel}","templated":true}]}}