{"id":219093,"date":"2026-04-02T00:43:24","date_gmt":"2026-04-02T06:43:24","guid":{"rendered":"https:\/\/compuviper.mx\/tienda\/producto\/logitech-920-008673-teclado-mouse-mk540-advanced-negro-inalambricos-usb-unifiying-para-pc-windows-chrome\/"},"modified":"2026-04-02T00:43:24","modified_gmt":"2026-04-02T06:43:24","slug":"logitech-920-008673-teclado-y-mouse-mk540-advanced-inalambrico-receptor-usb-unifying-espaol-negro","status":"publish","type":"product","link":"https:\/\/compuviper.mx\/tienda\/producto\/logitech-920-008673-teclado-y-mouse-mk540-advanced-inalambrico-receptor-usb-unifying-espaol-negro\/","title":{"rendered":"Logitech 920-008673 Teclado Y Mouse  Mk540 Advanced Inalambrico Receptor Usb Unifying (espa?ol) Negro"},"content":{"rendered":"<table class=\"descripcion\">\n<tr>\n<td>Combinaci\u00f3n inal\u00e1mbrica plug and play<\/td>\n<\/tr>\n<tr>\n<td>Conecta el teclado y el rat\u00f3n con un diminuto receptor usb logitech unifying. ofrece una conexi\u00f3n inal\u00e1mbrica fiable (y cifrada), a una distancia de hasta 10 metros, sin apenas retrasos ni interrupciones.<\/td>\n<\/tr>\n<tr>\n<td>Experiencia de escritura habitual<\/td>\n<\/tr>\n<tr>\n<td>Las teclas se han optimizado para mejorar la precisi\u00f3n y reducir el ruido. tus dedos encontrar\u00e1n f\u00e1cilmente su sitio gracias a la distribuci\u00f3n y superficie de teclas habituales. el reposamanos y las patas extensibles con inclinaci\u00f3n ajustable contribuyen a la comodidad durante periodos de uso prolongado.<\/td>\n<\/tr>\n<tr>\n<td>C\u00f3modo rat\u00f3n contorneado<\/td>\n<\/tr>\n<tr>\n<td>La forma contorneada y el recubrimiento de goma suave del rat\u00f3n inal\u00e1mbrico se han dise\u00f1ado para adaptarse c\u00f3modamente a la mano derecha o izquierda. y el seguimiento mejorado y el preciso control del cursor facilitan el uso.<\/td>\n<\/tr>\n<tr>\n<td>Productividad en tus manos<\/td>\n<\/tr>\n<tr>\n<td>Los pr\u00e1cticos botones de acceso r\u00e1pido m\u00e1s esenciales agilizan el uso del material multimedia, la calculadora y las funciones de comprobaci\u00f3n de pilas. los preajustes de las teclas fn se pueden configurar en logitech options para satisfacer tus necesidades concretas.<\/td>\n<\/tr>\n<tr>\n<td>Fiable y sin complicaciones<\/td>\n<\/tr>\n<tr>\n<td>El teclado funcionar\u00e1 con las mismas pilas durante 36 meses, y las del rat\u00f3n durar\u00e1n hasta 18 meses. el teclado resiste salpicaduras de hasta 60 ml de l\u00edquido y el estampado de teclas resistente a la abrasi\u00f3n evita la decoloraci\u00f3n de los caracteres.1<\/td>\n<\/tr>\n<tr>\n<td>Dimensiones<\/td>\n<\/tr>\n<tr>\n<td>Teclado<\/td>\n<\/tr>\n<tr>\n<td>Altura x anchura x profundidad:<\/td>\n<\/tr>\n<tr>\n<td>24 mm x 457,3 mm x 193,5 mm<\/td>\n<\/tr>\n<tr>\n<td>Peso: 805 g (sin pilas)<\/td>\n<\/tr>\n<tr>\n<td>Rat\u00f3n<\/td>\n<\/tr>\n<tr>\n<td>Altura x anchura x profundidad:<\/td>\n<\/tr>\n<tr>\n<td>39,2 mm x 61,8 mm x 111,5 mm<\/td>\n<\/tr>\n<tr>\n<td>Peso: 73,5 g (sin pilas , sin receptor)<\/td>\n<\/tr>\n<tr>\n<td>Requisitos del sistema<\/td>\n<\/tr>\n<tr>\n<td>Compatible con:<\/td>\n<\/tr>\n<tr>\n<td>Windows\u00ae 10 o posterior, windows 8, windows 7, chrome os\u00bf<\/td>\n<\/tr>\n<tr>\n<td>Especificaciones<\/td>\n<\/tr>\n<tr>\n<td>Mk540 advanced<\/td>\n<\/tr>\n<tr>\n<td>Teclado inal\u00e1mbrico k540: 2 pilas alcalinas aa (preinstaladas)<\/td>\n<\/tr>\n<tr>\n<td>Rat\u00f3n inal\u00e1mbrico m310: 1 pila alcalina aa (preinstalada)<\/td>\n<\/tr>\n<tr>\n<td>Peso de la bater\u00eda: 24 g \/ pila<\/td>\n<\/tr>\n<tr>\n<td>Teclado<\/td>\n<\/tr>\n<tr>\n<td>Duraci\u00f3n de pilas de hasta 36 meses<\/td>\n<\/tr>\n<tr>\n<td>Teclas silenciosas con forma y sensaci\u00f3n habitual<\/td>\n<\/tr>\n<tr>\n<td>3 posiciones de inclinaci\u00f3n (natural, 4\u00b0 y 8\u00b0)<\/td>\n<\/tr>\n<tr>\n<td>Dise\u00f1o resistente a salpicaduras<\/td>\n<\/tr>\n<tr>\n<td>Estampado de teclas resistente a la abrasi\u00f3n<\/td>\n<\/tr>\n<tr>\n<td>Tecnolog\u00eda inal\u00e1mbrica avanzada de 2,4 ghz (10 metros)<\/td>\n<\/tr>\n<tr>\n<td>Cifrado inal\u00e1mbrico<\/td>\n<\/tr>\n<tr>\n<td>Diminuto receptor usb con tecnolog\u00eda logitech unifying\u00bf<\/td>\n<\/tr>\n<tr>\n<td>Conmutador de encendido\/apagado<\/td>\n<\/tr>\n<tr>\n<td>Diodo de bloqueo de may\u00fasculas<\/td>\n<\/tr>\n<tr>\n<td>Indicador de carga de pilas<\/td>\n<\/tr>\n<tr>\n<td>Rat\u00f3n<\/td>\n<\/tr>\n<tr>\n<td>18 meses de duraci\u00f3n de las pilas del rat\u00f3n<\/td>\n<\/tr>\n<tr>\n<td>Forma contorneada con recubrimiento de goma suave<\/td>\n<\/tr>\n<tr>\n<td>Tama\u00f1o est\u00e1ndar y dise\u00f1o ambidiestro<\/td>\n<\/tr>\n<tr>\n<td>Seguimiento \u00f3ptico avanzado<\/td>\n<\/tr>\n<tr>\n<td>Tres botones, bot\u00f3n rueda<\/td>\n<\/tr>\n<tr>\n<td>Conmutador de encendido\/apagado<\/td>\n<\/tr>\n<tr>\n<td>Contenido de la caja<\/td>\n<\/tr>\n<tr>\n<td>Wireless keyboard k540<\/td>\n<\/tr>\n<tr>\n<td>Wireless mouse m310<\/td>\n<\/tr>\n<tr>\n<td>Receptor logitech unifying\u00bf<\/td>\n<\/tr>\n<tr>\n<td>Tres pilas aa alcalinas (ya instaladas)<\/td>\n<\/tr>\n<tr>\n<td>Documentaci\u00f3n del usuario<\/td>\n<\/tr>\n<tr>\n<td>Informaci\u00f3n de garant\u00eda<\/td>\n<\/tr>\n<tr>\n<td>Dos a\u00f1os de garant\u00eda de hardware limitada<\/td>\n<\/tr>\n<tr>\n<td>N\u00famero de referencia<\/td>\n<\/tr>\n<tr>\n<td>920-008673.<\/td>\n<\/tr>\n<\/table>\n","protected":false},"excerpt":{"rendered":"<p>Inmediatamente natural. Simplemente avanzado. Mk540 advanced es una combinaci\u00f3n inal\u00e1mbrica de teclado y rat\u00f3n de estilo convencional que ofrece precisi\u00f3n, comodidad y fiabilidad. El teclado de tama\u00f1o normal posee la distribuci\u00f3n de teclas, forma y tama\u00f1o habituales. Y el rat\u00f3n contorneado se ha dise\u00f1ado para un uso c\u00f3modo con cualquiera de las dos manos.<\/p>\n","protected":false},"featured_media":219094,"comment_status":"open","ping_status":"open","template":"","meta":[],"product_cat":[1712,1711],"product_tag":[1500],"acf":[],"yoast_head":"<!-- This site is optimized with the Yoast SEO plugin v21.7 - https:\/\/yoast.com\/wordpress\/plugins\/seo\/ -->\n<title>[ Logitech ] &#129351; 920-008673 Teclado Y Mouse Mk540 Advanced Inalambrico Receptor Usb Unifying (espa\u00f1ol) Negro<\/title>\n<meta name=\"description\" content=\"Compra 920-008673 Teclado Y Mouse Mk540 Advanced Inalambrico Receptor Usb Unifying (espa\u00f1ol) Negro + Env\u00edo a domicilio + Pago seguro + Garant\u00eda\" \/>\n<meta name=\"robots\" content=\"index, follow, max-snippet:-1, max-image-preview:large, max-video-preview:-1\" \/>\n<link rel=\"canonical\" href=\"https:\/\/compuviper.mx\/tienda\/producto\/logitech-920-008673-teclado-y-mouse-mk540-advanced-inalambrico-receptor-usb-unifying-espaol-negro\/\" \/>\n<meta property=\"og:locale\" content=\"es_MX\" \/>\n<meta property=\"og:type\" content=\"article\" \/>\n<meta property=\"og:title\" content=\"[ Logitech ] &#129351; 920-008673 Teclado Y Mouse Mk540 Advanced Inalambrico Receptor Usb Unifying (espa\u00f1ol) Negro\" \/>\n<meta property=\"og:description\" content=\"Compra 920-008673 Teclado Y Mouse Mk540 Advanced Inalambrico Receptor Usb Unifying (espa\u00f1ol) Negro + Env\u00edo a domicilio + Pago seguro + Garant\u00eda\" \/>\n<meta property=\"og:url\" content=\"https:\/\/compuviper.mx\/tienda\/producto\/logitech-920-008673-teclado-y-mouse-mk540-advanced-inalambrico-receptor-usb-unifying-espaol-negro\/\" \/>\n<meta property=\"og:site_name\" content=\"Compuviper\" \/>\n<meta property=\"article:publisher\" content=\"https:\/\/www.facebook.com\/compuviper\" \/>\n<meta property=\"og:image\" content=\"https:\/\/compuviper.mx\/tienda\/wp-content\/uploads\/2023\/12\/Tecladomouse-logitech-mk540-advanced-negro-inalambricos-usb-unifiying-para-pcwindowschrome.jpg\" \/>\n\t<meta property=\"og:image:width\" content=\"200\" \/>\n\t<meta property=\"og:image:height\" content=\"200\" \/>\n\t<meta property=\"og:image:type\" content=\"image\/jpeg\" \/>\n<meta name=\"twitter:card\" content=\"summary_large_image\" \/>\n<meta name=\"twitter:label1\" content=\"Precio\" \/>\n\t<meta name=\"twitter:data1\" content=\"&#36;1,144 con IVA\" \/>\n\t<meta name=\"twitter:label2\" content=\"Availability\" \/>\n\t<meta name=\"twitter:data2\" content=\"In stock\" \/>\n<script type=\"application\/ld+json\" class=\"yoast-schema-graph\">{\"@context\":\"https:\/\/schema.org\",\"@graph\":[{\"@type\":\"WebPage\",\"@id\":\"https:\/\/compuviper.mx\/tienda\/producto\/logitech-920-008673-teclado-y-mouse-mk540-advanced-inalambrico-receptor-usb-unifying-espaol-negro\/\",\"url\":\"https:\/\/compuviper.mx\/tienda\/producto\/logitech-920-008673-teclado-y-mouse-mk540-advanced-inalambrico-receptor-usb-unifying-espaol-negro\/\",\"name\":\"[ Logitech ] &#129351; 920-008673 Teclado Y Mouse Mk540 Advanced Inalambrico Receptor Usb Unifying (espa\u00f1ol) Negro\",\"isPartOf\":{\"@id\":\"https:\/\/compuviper.mx\/tienda\/#website\"},\"datePublished\":\"2026-04-02T06:43:24+00:00\",\"dateModified\":\"2026-04-02T06:43:24+00:00\",\"description\":\"Compra 920-008673 Teclado Y Mouse Mk540 Advanced Inalambrico Receptor Usb Unifying (espa\u00f1ol) Negro + Env\u00edo a domicilio + Pago seguro + Garant\u00eda\",\"breadcrumb\":{\"@id\":\"https:\/\/compuviper.mx\/tienda\/producto\/logitech-920-008673-teclado-y-mouse-mk540-advanced-inalambrico-receptor-usb-unifying-espaol-negro\/#breadcrumb\"},\"inLanguage\":\"es-MX\",\"potentialAction\":[{\"@type\":\"ReadAction\",\"target\":[\"https:\/\/compuviper.mx\/tienda\/producto\/logitech-920-008673-teclado-y-mouse-mk540-advanced-inalambrico-receptor-usb-unifying-espaol-negro\/\"]}]},{\"@type\":\"BreadcrumbList\",\"@id\":\"https:\/\/compuviper.mx\/tienda\/producto\/logitech-920-008673-teclado-y-mouse-mk540-advanced-inalambrico-receptor-usb-unifying-espaol-negro\/#breadcrumb\",\"itemListElement\":[{\"@type\":\"ListItem\",\"position\":1,\"name\":\"Inicio\",\"item\":\"https:\/\/compuviper.mx\/tienda\/\"},{\"@type\":\"ListItem\",\"position\":2,\"name\":\"Productos\",\"item\":\"https:\/\/compuviper.mx\/tienda\/productos\/\"},{\"@type\":\"ListItem\",\"position\":3,\"name\":\"Teclado Y Mouse\",\"item\":\"https:\/\/compuviper.mx\/tienda\/categoria-producto\/teclado-y-mouse\/\"},{\"@type\":\"ListItem\",\"position\":4,\"name\":\"Sin Categor\u00eda\",\"item\":\"https:\/\/compuviper.mx\/tienda\/categoria-producto\/teclado-y-mouse\/sin-categoria-teclado-y-mouse\/\"},{\"@type\":\"ListItem\",\"position\":5,\"name\":\"Logitech 920-008673 Teclado Y Mouse Mk540 Advanced Inalambrico Receptor Usb Unifying (espa?ol) Negro\"}]},{\"@type\":\"WebSite\",\"@id\":\"https:\/\/compuviper.mx\/tienda\/#website\",\"url\":\"https:\/\/compuviper.mx\/tienda\/\",\"name\":\"Compuviper\",\"description\":\"Proveedor de Computadoras, Laptops, Servidores, Monitores, Puntos de Venta, Teclados,   Impresoras, T\u00f3ner, C\u00e1maras de Seguridad y m\u00e1s en tu tienda en l\u00ednea\",\"publisher\":{\"@id\":\"https:\/\/compuviper.mx\/tienda\/#organization\"},\"potentialAction\":[{\"@type\":\"SearchAction\",\"target\":{\"@type\":\"EntryPoint\",\"urlTemplate\":\"https:\/\/compuviper.mx\/tienda\/?s={search_term_string}\"},\"query-input\":\"required name=search_term_string\"}],\"inLanguage\":\"es-MX\"},{\"@type\":\"Organization\",\"@id\":\"https:\/\/compuviper.mx\/tienda\/#organization\",\"name\":\"Compuviper\",\"url\":\"https:\/\/compuviper.mx\/tienda\/\",\"logo\":{\"@type\":\"ImageObject\",\"inLanguage\":\"es-MX\",\"@id\":\"https:\/\/compuviper.mx\/tienda\/#\/schema\/logo\/image\/\",\"url\":\"https:\/\/compuviper.mx\/tienda\/wp-content\/uploads\/2021\/08\/Logo-Compuviper-10.png\",\"contentUrl\":\"https:\/\/compuviper.mx\/tienda\/wp-content\/uploads\/2021\/08\/Logo-Compuviper-10.png\",\"width\":1000,\"height\":500,\"caption\":\"Compuviper\"},\"image\":{\"@id\":\"https:\/\/compuviper.mx\/tienda\/#\/schema\/logo\/image\/\"},\"sameAs\":[\"https:\/\/www.facebook.com\/compuviper\",\"https:\/\/www.youtube.com\/channel\/UCf73dERp9Y3cfOq7q8BhLjA?view_as=subscriber\"]}]}<\/script>\n<meta property=\"product:brand\" content=\"LOGITECH\" \/>\n<meta property=\"product:price:amount\" content=\"1144\" \/>\n<meta property=\"product:price:currency\" content=\"MXN\" \/>\n<meta property=\"og:availability\" content=\"instock\" \/>\n<meta property=\"product:availability\" content=\"instock\" \/>\n<meta property=\"product:retailer_item_id\" content=\"920-008673\" \/>\n<meta property=\"product:condition\" content=\"new\" \/>\n<!-- \/ Yoast SEO plugin. -->","yoast_head_json":{"title":"[ Logitech ] &#129351; 920-008673 Teclado Y Mouse Mk540 Advanced Inalambrico Receptor Usb Unifying (espa\u00f1ol) Negro","description":"Compra 920-008673 Teclado Y Mouse Mk540 Advanced Inalambrico Receptor Usb Unifying (espa\u00f1ol) Negro + Env\u00edo a domicilio + Pago seguro + Garant\u00eda","robots":{"index":"index","follow":"follow","max-snippet":"max-snippet:-1","max-image-preview":"max-image-preview:large","max-video-preview":"max-video-preview:-1"},"canonical":"https:\/\/compuviper.mx\/tienda\/producto\/logitech-920-008673-teclado-y-mouse-mk540-advanced-inalambrico-receptor-usb-unifying-espaol-negro\/","og_locale":"es_MX","og_type":"article","og_title":"[ Logitech ] &#129351; 920-008673 Teclado Y Mouse Mk540 Advanced Inalambrico Receptor Usb Unifying (espa\u00f1ol) Negro","og_description":"Compra 920-008673 Teclado Y Mouse Mk540 Advanced Inalambrico Receptor Usb Unifying (espa\u00f1ol) Negro + Env\u00edo a domicilio + Pago seguro + Garant\u00eda","og_url":"https:\/\/compuviper.mx\/tienda\/producto\/logitech-920-008673-teclado-y-mouse-mk540-advanced-inalambrico-receptor-usb-unifying-espaol-negro\/","og_site_name":"Compuviper","article_publisher":"https:\/\/www.facebook.com\/compuviper","og_image":[{"width":200,"height":200,"url":"https:\/\/compuviper.mx\/tienda\/wp-content\/uploads\/2023\/12\/Tecladomouse-logitech-mk540-advanced-negro-inalambricos-usb-unifiying-para-pcwindowschrome.jpg","type":"image\/jpeg"}],"twitter_card":"summary_large_image","twitter_misc":{"Precio":"&#36;1,144 con IVA","Availability":"In stock"},"schema":{"@context":"https:\/\/schema.org","@graph":[{"@type":"WebPage","@id":"https:\/\/compuviper.mx\/tienda\/producto\/logitech-920-008673-teclado-y-mouse-mk540-advanced-inalambrico-receptor-usb-unifying-espaol-negro\/","url":"https:\/\/compuviper.mx\/tienda\/producto\/logitech-920-008673-teclado-y-mouse-mk540-advanced-inalambrico-receptor-usb-unifying-espaol-negro\/","name":"[ Logitech ] &#129351; 920-008673 Teclado Y Mouse Mk540 Advanced Inalambrico Receptor Usb Unifying (espa\u00f1ol) Negro","isPartOf":{"@id":"https:\/\/compuviper.mx\/tienda\/#website"},"datePublished":"2026-04-02T06:43:24+00:00","dateModified":"2026-04-02T06:43:24+00:00","description":"Compra 920-008673 Teclado Y Mouse Mk540 Advanced Inalambrico Receptor Usb Unifying (espa\u00f1ol) Negro + Env\u00edo a domicilio + Pago seguro + Garant\u00eda","breadcrumb":{"@id":"https:\/\/compuviper.mx\/tienda\/producto\/logitech-920-008673-teclado-y-mouse-mk540-advanced-inalambrico-receptor-usb-unifying-espaol-negro\/#breadcrumb"},"inLanguage":"es-MX","potentialAction":[{"@type":"ReadAction","target":["https:\/\/compuviper.mx\/tienda\/producto\/logitech-920-008673-teclado-y-mouse-mk540-advanced-inalambrico-receptor-usb-unifying-espaol-negro\/"]}]},{"@type":"BreadcrumbList","@id":"https:\/\/compuviper.mx\/tienda\/producto\/logitech-920-008673-teclado-y-mouse-mk540-advanced-inalambrico-receptor-usb-unifying-espaol-negro\/#breadcrumb","itemListElement":[{"@type":"ListItem","position":1,"name":"Inicio","item":"https:\/\/compuviper.mx\/tienda\/"},{"@type":"ListItem","position":2,"name":"Productos","item":"https:\/\/compuviper.mx\/tienda\/productos\/"},{"@type":"ListItem","position":3,"name":"Teclado Y Mouse","item":"https:\/\/compuviper.mx\/tienda\/categoria-producto\/teclado-y-mouse\/"},{"@type":"ListItem","position":4,"name":"Sin Categor\u00eda","item":"https:\/\/compuviper.mx\/tienda\/categoria-producto\/teclado-y-mouse\/sin-categoria-teclado-y-mouse\/"},{"@type":"ListItem","position":5,"name":"Logitech 920-008673 Teclado Y Mouse Mk540 Advanced Inalambrico Receptor Usb Unifying (espa?ol) Negro"}]},{"@type":"WebSite","@id":"https:\/\/compuviper.mx\/tienda\/#website","url":"https:\/\/compuviper.mx\/tienda\/","name":"Compuviper","description":"Proveedor de Computadoras, Laptops, Servidores, Monitores, Puntos de Venta, Teclados,   Impresoras, T\u00f3ner, C\u00e1maras de Seguridad y m\u00e1s en tu tienda en l\u00ednea","publisher":{"@id":"https:\/\/compuviper.mx\/tienda\/#organization"},"potentialAction":[{"@type":"SearchAction","target":{"@type":"EntryPoint","urlTemplate":"https:\/\/compuviper.mx\/tienda\/?s={search_term_string}"},"query-input":"required name=search_term_string"}],"inLanguage":"es-MX"},{"@type":"Organization","@id":"https:\/\/compuviper.mx\/tienda\/#organization","name":"Compuviper","url":"https:\/\/compuviper.mx\/tienda\/","logo":{"@type":"ImageObject","inLanguage":"es-MX","@id":"https:\/\/compuviper.mx\/tienda\/#\/schema\/logo\/image\/","url":"https:\/\/compuviper.mx\/tienda\/wp-content\/uploads\/2021\/08\/Logo-Compuviper-10.png","contentUrl":"https:\/\/compuviper.mx\/tienda\/wp-content\/uploads\/2021\/08\/Logo-Compuviper-10.png","width":1000,"height":500,"caption":"Compuviper"},"image":{"@id":"https:\/\/compuviper.mx\/tienda\/#\/schema\/logo\/image\/"},"sameAs":["https:\/\/www.facebook.com\/compuviper","https:\/\/www.youtube.com\/channel\/UCf73dERp9Y3cfOq7q8BhLjA?view_as=subscriber"]}]},"product_brand":"LOGITECH","product_price_amount":"1144","product_price_currency":"MXN","og_availability":"instock","product_availability":"instock","product_retailer_item_id":"920-008673","product_condition":"new"},"_links":{"self":[{"href":"https:\/\/compuviper.mx\/tienda\/wp-json\/wp\/v2\/product\/219093"}],"collection":[{"href":"https:\/\/compuviper.mx\/tienda\/wp-json\/wp\/v2\/product"}],"about":[{"href":"https:\/\/compuviper.mx\/tienda\/wp-json\/wp\/v2\/types\/product"}],"replies":[{"embeddable":true,"href":"https:\/\/compuviper.mx\/tienda\/wp-json\/wp\/v2\/comments?post=219093"}],"wp:featuredmedia":[{"embeddable":true,"href":"https:\/\/compuviper.mx\/tienda\/wp-json\/wp\/v2\/media\/219094"}],"wp:attachment":[{"href":"https:\/\/compuviper.mx\/tienda\/wp-json\/wp\/v2\/media?parent=219093"}],"wp:term":[{"taxonomy":"product_cat","embeddable":true,"href":"https:\/\/compuviper.mx\/tienda\/wp-json\/wp\/v2\/product_cat?post=219093"},{"taxonomy":"product_tag","embeddable":true,"href":"https:\/\/compuviper.mx\/tienda\/wp-json\/wp\/v2\/product_tag?post=219093"}],"curies":[{"name":"wp","href":"https:\/\/api.w.org\/{rel}","templated":true}]}}