{"id":219083,"date":"2026-04-07T00:41:45","date_gmt":"2026-04-07T06:41:45","guid":{"rendered":"https:\/\/compuviper.mx\/tienda\/producto\/logitech-920-008026-teclado-k780-negro-gris-inalambrico-usb-bluetooth-multidispositivos-unifying-hasta-10-mts-de-distancia-para-pc-mac-chrome\/"},"modified":"2026-04-07T00:41:45","modified_gmt":"2026-04-07T06:41:45","slug":"logitech-920-008026-teclado-k780-multidispositivo-inalambrico-receptor-usb-unifying-espaol-negro","status":"publish","type":"product","link":"https:\/\/compuviper.mx\/tienda\/producto\/logitech-920-008026-teclado-k780-multidispositivo-inalambrico-receptor-usb-unifying-espaol-negro\/","title":{"rendered":"Logitech 920-008026 Teclado  K780 Multidispositivo Inalambrico Receptor Usb Unifying (espa?ol) Negro"},"content":{"rendered":"<table class=\"descripcion\">\n<tr>\n<td>Escribe y cambia de dispositivo<\/td>\n<\/tr>\n<tr>\n<td>Puedes pasar cuando quieras de escribir en un documento en la computadora a escribir un mensaje en el tel\u00e9fono o la tablet, con s\u00f3lo pulsar un bot\u00f3n easy-switch.<\/td>\n<\/tr>\n<tr>\n<td>Compatible con windows\u00ae, mac, android\u00ae y ios (iphone y ipad), este teclado universal reconoce el tipo de dispositivo conectado, de modo que todas las teclas act\u00faan del modo previsto.<\/td>\n<\/tr>\n<tr>\n<td>Teclado completo de tama\u00f1o normal con teclas silenciosas<\/td>\n<\/tr>\n<tr>\n<td>Escritura silenciosa y fluida con el sistema de teclas logitech perfectstroke\u00bf.<\/td>\n<\/tr>\n<tr>\n<td>Dise\u00f1o robusto, con grandes teclas c\u00f3ncavas creadas con esmero, un pr\u00e1ctico teclado num\u00e9rico y todos los accesos directos favoritos.<\/td>\n<\/tr>\n<tr>\n<td>Base de goma integrada para dispositivos m\u00f3viles<\/td>\n<\/tr>\n<tr>\n<td>Apta para dispositivos diversos, desde smartphones a ipad pro de 12&#8243; que pueden colocarse a una distancia adecuada y en un c\u00f3modo \u00e1ngulo de lectura.<\/td>\n<\/tr>\n<tr>\n<td>Mantiene el espacio despejado.<\/td>\n<\/tr>\n<tr>\n<td>Fiable y sin complicaciones<\/td>\n<\/tr>\n<tr>\n<td>Funciona hasta 24 meses con dos bater\u00edas aaa preinstaladas, con suspensi\u00f3n autom\u00e1tica, bot\u00f3n de encendido y apagado e indicador luminoso de estado de bater\u00edas.<\/td>\n<\/tr>\n<tr>\n<td>Dos opciones de conexi\u00f3n inal\u00e1mbrica: con receptor usb logitech unifying\u00bf o tecnolog\u00eda bluetooth\u00ae smart.<\/td>\n<\/tr>\n<tr>\n<td>Dimensiones<\/td>\n<\/tr>\n<tr>\n<td>Altura x anchura x profundidad: 158 mm x 380 mm x 8 mm (frontal), 22 mm (posterior)<\/td>\n<\/tr>\n<tr>\n<td>Peso: 875 g<\/td>\n<\/tr>\n<tr>\n<td>Requisitos del sistema<\/td>\n<\/tr>\n<tr>\n<td>Computadoras, tel\u00e9fonos y tablets compatibles con teclados externos<\/td>\n<\/tr>\n<tr>\n<td>Windows\u00ae 7, windows 8, windows 10 o posterior<\/td>\n<\/tr>\n<tr>\n<td>Android 5.0 o posterior<\/td>\n<\/tr>\n<tr>\n<td>Mac os x 10.10 o posterior<\/td>\n<\/tr>\n<tr>\n<td>Ios 5 o posterior<\/td>\n<\/tr>\n<tr>\n<td>Chrome os<\/td>\n<\/tr>\n<tr>\n<td>Conexi\u00f3n usb: requiere puerto usb disponible.<\/td>\n<\/tr>\n<tr>\n<td>Conexi\u00f3n bluetooth: requiere dispositivo bluetooth smart ready compatible con teclado (perfil hid).<\/td>\n<\/tr>\n<tr>\n<td>Especificaciones<\/td>\n<\/tr>\n<tr>\n<td>Tipo de conexi\u00f3n<\/td>\n<\/tr>\n<tr>\n<td>Protocolo logitech unifying (2,4 ghz)<\/td>\n<\/tr>\n<tr>\n<td>Tecnolog\u00eda bluetooth smart<\/td>\n<\/tr>\n<tr>\n<td>Radio de acci\u00f3n inal\u00e1mbrico: alcance inal\u00e1mbrico de  10 m 4<\/td>\n<\/tr>\n<tr>\n<td>Software compatible<\/td>\n<\/tr>\n<tr>\n<td>Logitech options para mac (os x 10.8 y posteriores)<\/td>\n<\/tr>\n<tr>\n<td>Logitech options para windows (windows 7, windows 8 y posteriores)<\/td>\n<\/tr>\n<tr>\n<td>Logitech flow<\/td>\n<\/tr>\n<tr>\n<td>Aplicaciones disponibles (en la fecha de lanzamiento): logitech options 2.1<\/td>\n<\/tr>\n<tr>\n<td>Indicadores luminosos (led)<\/td>\n<\/tr>\n<tr>\n<td>3 led de canales bluetooth<\/td>\n<\/tr>\n<tr>\n<td>Indicador de carga de bater\u00edas logitech<\/td>\n<\/tr>\n<tr>\n<td>Bater\u00eda: 2 x aaa<\/td>\n<\/tr>\n<tr>\n<td>Duraci\u00f3n de las bater\u00edas (no recargables): 24 meses<\/td>\n<\/tr>\n<tr>\n<td>Botones\/teclas especiales<\/td>\n<\/tr>\n<tr>\n<td>Botones de acceso r\u00e1pido (p. ej. inicio, b\u00fasqueda, atr\u00e1s, cambio de aplicaciones y men\u00fa contextual), easy-switch<\/td>\n<\/tr>\n<tr>\n<td>Conexi\u00f3n\/encendido: conmutador de encendido\/apagado<\/td>\n<\/tr>\n<tr>\n<td>Funda y soporte para tablet<\/td>\n<\/tr>\n<tr>\n<td>Soporte para dispositivo inteligente. grosor de hasta 11,3 mm.<\/td>\n<\/tr>\n<tr>\n<td>Ipad pro (12&#8243;) en posici\u00f3n horizontal, como tama\u00f1o y peso m\u00e1ximos admitidos.<\/td>\n<\/tr>\n<tr>\n<td>Esta caja contiene<\/td>\n<\/tr>\n<tr>\n<td>Teclado<\/td>\n<\/tr>\n<tr>\n<td>Dos bater\u00edas aaa (preinstaladas)<\/td>\n<\/tr>\n<tr>\n<td>Receptor usb<\/td>\n<\/tr>\n<tr>\n<td>Documentaci\u00f3n del usuario<\/td>\n<\/tr>\n<tr>\n<td>Informaci\u00f3n de garant\u00eda<\/td>\n<\/tr>\n<tr>\n<td>Un a\u00f1o de garant\u00eda de hardware limitada<\/td>\n<\/tr>\n<tr>\n<td>N\u00famero de referencia<\/td>\n<\/tr>\n<tr>\n<td>Blanco: n\u00ba de referencia: 920-008026<\/td>\n<\/tr>\n<\/table>\n","protected":false},"excerpt":{"rendered":"<p>Reinventa las reglas de lo que puede hacer un teclado de escritorio. El teclado multidispositivo k780 para computadora ofrece todo lo necesario con un bello acabado y teclado num\u00e9rico. Y tambi\u00e9n funciona con smartphones y tablets. La escritura es c\u00f3moda y silenciosa y se puede alternar entre los dispositivos utilizados para introducir texto.1 funciona con pc, mac, chrome os, android y ios.<\/p>\n","protected":false},"featured_media":219084,"comment_status":"open","ping_status":"open","template":"","meta":[],"product_cat":[1717,1713],"product_tag":[1500],"acf":[],"yoast_head":"<!-- This site is optimized with the Yoast SEO plugin v21.7 - https:\/\/yoast.com\/wordpress\/plugins\/seo\/ -->\n<title>[ Logitech ] &#129351; 920-008026 Teclado K780 Multidispositivo Inalambrico Receptor Usb Unifying (espa\u00f1ol) Negro<\/title>\n<meta name=\"description\" content=\"Compra 920-008026 Teclado K780 Multidispositivo Inalambrico Receptor Usb Unifying (espa\u00f1ol) Negro + Env\u00edo a domicilio + Pago seguro + Garant\u00eda\" \/>\n<meta name=\"robots\" content=\"index, follow, max-snippet:-1, max-image-preview:large, max-video-preview:-1\" \/>\n<link rel=\"canonical\" href=\"https:\/\/compuviper.mx\/tienda\/producto\/logitech-920-008026-teclado-k780-multidispositivo-inalambrico-receptor-usb-unifying-espaol-negro\/\" \/>\n<meta property=\"og:locale\" content=\"es_MX\" \/>\n<meta property=\"og:type\" content=\"article\" \/>\n<meta property=\"og:title\" content=\"[ Logitech ] &#129351; 920-008026 Teclado K780 Multidispositivo Inalambrico Receptor Usb Unifying (espa\u00f1ol) Negro\" \/>\n<meta property=\"og:description\" content=\"Compra 920-008026 Teclado K780 Multidispositivo Inalambrico Receptor Usb Unifying (espa\u00f1ol) Negro + Env\u00edo a domicilio + Pago seguro + Garant\u00eda\" \/>\n<meta property=\"og:url\" content=\"https:\/\/compuviper.mx\/tienda\/producto\/logitech-920-008026-teclado-k780-multidispositivo-inalambrico-receptor-usb-unifying-espaol-negro\/\" \/>\n<meta property=\"og:site_name\" content=\"Compuviper\" \/>\n<meta property=\"article:publisher\" content=\"https:\/\/www.facebook.com\/compuviper\" \/>\n<meta property=\"og:image\" content=\"https:\/\/compuviper.mx\/tienda\/wp-content\/uploads\/2023\/12\/Teclado-logitech-k780-negrogris-inalambrico-usb-bluetooth-multidispositivos-unifying-hasta-10-mts-de-distancia-para-pcmacchrome.jpg\" \/>\n\t<meta property=\"og:image:width\" content=\"200\" \/>\n\t<meta property=\"og:image:height\" content=\"200\" \/>\n\t<meta property=\"og:image:type\" content=\"image\/jpeg\" \/>\n<meta name=\"twitter:card\" content=\"summary_large_image\" \/>\n<meta name=\"twitter:label1\" content=\"Precio\" \/>\n\t<meta name=\"twitter:data1\" content=\"&#36;1,644 con IVA\" \/>\n\t<meta name=\"twitter:label2\" content=\"Availability\" \/>\n\t<meta name=\"twitter:data2\" content=\"In stock\" \/>\n<script type=\"application\/ld+json\" class=\"yoast-schema-graph\">{\"@context\":\"https:\/\/schema.org\",\"@graph\":[{\"@type\":\"WebPage\",\"@id\":\"https:\/\/compuviper.mx\/tienda\/producto\/logitech-920-008026-teclado-k780-multidispositivo-inalambrico-receptor-usb-unifying-espaol-negro\/\",\"url\":\"https:\/\/compuviper.mx\/tienda\/producto\/logitech-920-008026-teclado-k780-multidispositivo-inalambrico-receptor-usb-unifying-espaol-negro\/\",\"name\":\"[ Logitech ] &#129351; 920-008026 Teclado K780 Multidispositivo Inalambrico Receptor Usb Unifying (espa\u00f1ol) Negro\",\"isPartOf\":{\"@id\":\"https:\/\/compuviper.mx\/tienda\/#website\"},\"datePublished\":\"2026-04-07T06:41:45+00:00\",\"dateModified\":\"2026-04-07T06:41:45+00:00\",\"description\":\"Compra 920-008026 Teclado K780 Multidispositivo Inalambrico Receptor Usb Unifying (espa\u00f1ol) Negro + Env\u00edo a domicilio + Pago seguro + Garant\u00eda\",\"breadcrumb\":{\"@id\":\"https:\/\/compuviper.mx\/tienda\/producto\/logitech-920-008026-teclado-k780-multidispositivo-inalambrico-receptor-usb-unifying-espaol-negro\/#breadcrumb\"},\"inLanguage\":\"es-MX\",\"potentialAction\":[{\"@type\":\"ReadAction\",\"target\":[\"https:\/\/compuviper.mx\/tienda\/producto\/logitech-920-008026-teclado-k780-multidispositivo-inalambrico-receptor-usb-unifying-espaol-negro\/\"]}]},{\"@type\":\"BreadcrumbList\",\"@id\":\"https:\/\/compuviper.mx\/tienda\/producto\/logitech-920-008026-teclado-k780-multidispositivo-inalambrico-receptor-usb-unifying-espaol-negro\/#breadcrumb\",\"itemListElement\":[{\"@type\":\"ListItem\",\"position\":1,\"name\":\"Inicio\",\"item\":\"https:\/\/compuviper.mx\/tienda\/\"},{\"@type\":\"ListItem\",\"position\":2,\"name\":\"Productos\",\"item\":\"https:\/\/compuviper.mx\/tienda\/productos\/\"},{\"@type\":\"ListItem\",\"position\":3,\"name\":\"Teclados\",\"item\":\"https:\/\/compuviper.mx\/tienda\/categoria-producto\/teclados\/\"},{\"@type\":\"ListItem\",\"position\":4,\"name\":\"Internet \/ Multimedia\",\"item\":\"https:\/\/compuviper.mx\/tienda\/categoria-producto\/teclados\/internet-multimedia\/\"},{\"@type\":\"ListItem\",\"position\":5,\"name\":\"Logitech 920-008026 Teclado K780 Multidispositivo Inalambrico Receptor Usb Unifying (espa?ol) Negro\"}]},{\"@type\":\"WebSite\",\"@id\":\"https:\/\/compuviper.mx\/tienda\/#website\",\"url\":\"https:\/\/compuviper.mx\/tienda\/\",\"name\":\"Compuviper\",\"description\":\"Proveedor de Computadoras, Laptops, Servidores, Monitores, Puntos de Venta, Teclados,   Impresoras, T\u00f3ner, C\u00e1maras de Seguridad y m\u00e1s en tu tienda en l\u00ednea\",\"publisher\":{\"@id\":\"https:\/\/compuviper.mx\/tienda\/#organization\"},\"potentialAction\":[{\"@type\":\"SearchAction\",\"target\":{\"@type\":\"EntryPoint\",\"urlTemplate\":\"https:\/\/compuviper.mx\/tienda\/?s={search_term_string}\"},\"query-input\":\"required name=search_term_string\"}],\"inLanguage\":\"es-MX\"},{\"@type\":\"Organization\",\"@id\":\"https:\/\/compuviper.mx\/tienda\/#organization\",\"name\":\"Compuviper\",\"url\":\"https:\/\/compuviper.mx\/tienda\/\",\"logo\":{\"@type\":\"ImageObject\",\"inLanguage\":\"es-MX\",\"@id\":\"https:\/\/compuviper.mx\/tienda\/#\/schema\/logo\/image\/\",\"url\":\"https:\/\/compuviper.mx\/tienda\/wp-content\/uploads\/2021\/08\/Logo-Compuviper-10.png\",\"contentUrl\":\"https:\/\/compuviper.mx\/tienda\/wp-content\/uploads\/2021\/08\/Logo-Compuviper-10.png\",\"width\":1000,\"height\":500,\"caption\":\"Compuviper\"},\"image\":{\"@id\":\"https:\/\/compuviper.mx\/tienda\/#\/schema\/logo\/image\/\"},\"sameAs\":[\"https:\/\/www.facebook.com\/compuviper\",\"https:\/\/www.youtube.com\/channel\/UCf73dERp9Y3cfOq7q8BhLjA?view_as=subscriber\"]}]}<\/script>\n<meta property=\"product:brand\" content=\"LOGITECH\" \/>\n<meta property=\"product:price:amount\" content=\"1644\" \/>\n<meta property=\"product:price:currency\" content=\"MXN\" \/>\n<meta property=\"og:availability\" content=\"instock\" \/>\n<meta property=\"product:availability\" content=\"instock\" \/>\n<meta property=\"product:retailer_item_id\" content=\"920-008026\" \/>\n<meta property=\"product:condition\" content=\"new\" \/>\n<!-- \/ Yoast SEO plugin. -->","yoast_head_json":{"title":"[ Logitech ] &#129351; 920-008026 Teclado K780 Multidispositivo Inalambrico Receptor Usb Unifying (espa\u00f1ol) Negro","description":"Compra 920-008026 Teclado K780 Multidispositivo Inalambrico Receptor Usb Unifying (espa\u00f1ol) Negro + Env\u00edo a domicilio + Pago seguro + Garant\u00eda","robots":{"index":"index","follow":"follow","max-snippet":"max-snippet:-1","max-image-preview":"max-image-preview:large","max-video-preview":"max-video-preview:-1"},"canonical":"https:\/\/compuviper.mx\/tienda\/producto\/logitech-920-008026-teclado-k780-multidispositivo-inalambrico-receptor-usb-unifying-espaol-negro\/","og_locale":"es_MX","og_type":"article","og_title":"[ Logitech ] &#129351; 920-008026 Teclado K780 Multidispositivo Inalambrico Receptor Usb Unifying (espa\u00f1ol) Negro","og_description":"Compra 920-008026 Teclado K780 Multidispositivo Inalambrico Receptor Usb Unifying (espa\u00f1ol) Negro + Env\u00edo a domicilio + Pago seguro + Garant\u00eda","og_url":"https:\/\/compuviper.mx\/tienda\/producto\/logitech-920-008026-teclado-k780-multidispositivo-inalambrico-receptor-usb-unifying-espaol-negro\/","og_site_name":"Compuviper","article_publisher":"https:\/\/www.facebook.com\/compuviper","og_image":[{"width":200,"height":200,"url":"https:\/\/compuviper.mx\/tienda\/wp-content\/uploads\/2023\/12\/Teclado-logitech-k780-negrogris-inalambrico-usb-bluetooth-multidispositivos-unifying-hasta-10-mts-de-distancia-para-pcmacchrome.jpg","type":"image\/jpeg"}],"twitter_card":"summary_large_image","twitter_misc":{"Precio":"&#36;1,644 con IVA","Availability":"In stock"},"schema":{"@context":"https:\/\/schema.org","@graph":[{"@type":"WebPage","@id":"https:\/\/compuviper.mx\/tienda\/producto\/logitech-920-008026-teclado-k780-multidispositivo-inalambrico-receptor-usb-unifying-espaol-negro\/","url":"https:\/\/compuviper.mx\/tienda\/producto\/logitech-920-008026-teclado-k780-multidispositivo-inalambrico-receptor-usb-unifying-espaol-negro\/","name":"[ Logitech ] &#129351; 920-008026 Teclado K780 Multidispositivo Inalambrico Receptor Usb Unifying (espa\u00f1ol) Negro","isPartOf":{"@id":"https:\/\/compuviper.mx\/tienda\/#website"},"datePublished":"2026-04-07T06:41:45+00:00","dateModified":"2026-04-07T06:41:45+00:00","description":"Compra 920-008026 Teclado K780 Multidispositivo Inalambrico Receptor Usb Unifying (espa\u00f1ol) Negro + Env\u00edo a domicilio + Pago seguro + Garant\u00eda","breadcrumb":{"@id":"https:\/\/compuviper.mx\/tienda\/producto\/logitech-920-008026-teclado-k780-multidispositivo-inalambrico-receptor-usb-unifying-espaol-negro\/#breadcrumb"},"inLanguage":"es-MX","potentialAction":[{"@type":"ReadAction","target":["https:\/\/compuviper.mx\/tienda\/producto\/logitech-920-008026-teclado-k780-multidispositivo-inalambrico-receptor-usb-unifying-espaol-negro\/"]}]},{"@type":"BreadcrumbList","@id":"https:\/\/compuviper.mx\/tienda\/producto\/logitech-920-008026-teclado-k780-multidispositivo-inalambrico-receptor-usb-unifying-espaol-negro\/#breadcrumb","itemListElement":[{"@type":"ListItem","position":1,"name":"Inicio","item":"https:\/\/compuviper.mx\/tienda\/"},{"@type":"ListItem","position":2,"name":"Productos","item":"https:\/\/compuviper.mx\/tienda\/productos\/"},{"@type":"ListItem","position":3,"name":"Teclados","item":"https:\/\/compuviper.mx\/tienda\/categoria-producto\/teclados\/"},{"@type":"ListItem","position":4,"name":"Internet \/ Multimedia","item":"https:\/\/compuviper.mx\/tienda\/categoria-producto\/teclados\/internet-multimedia\/"},{"@type":"ListItem","position":5,"name":"Logitech 920-008026 Teclado K780 Multidispositivo Inalambrico Receptor Usb Unifying (espa?ol) Negro"}]},{"@type":"WebSite","@id":"https:\/\/compuviper.mx\/tienda\/#website","url":"https:\/\/compuviper.mx\/tienda\/","name":"Compuviper","description":"Proveedor de Computadoras, Laptops, Servidores, Monitores, Puntos de Venta, Teclados,   Impresoras, T\u00f3ner, C\u00e1maras de Seguridad y m\u00e1s en tu tienda en l\u00ednea","publisher":{"@id":"https:\/\/compuviper.mx\/tienda\/#organization"},"potentialAction":[{"@type":"SearchAction","target":{"@type":"EntryPoint","urlTemplate":"https:\/\/compuviper.mx\/tienda\/?s={search_term_string}"},"query-input":"required name=search_term_string"}],"inLanguage":"es-MX"},{"@type":"Organization","@id":"https:\/\/compuviper.mx\/tienda\/#organization","name":"Compuviper","url":"https:\/\/compuviper.mx\/tienda\/","logo":{"@type":"ImageObject","inLanguage":"es-MX","@id":"https:\/\/compuviper.mx\/tienda\/#\/schema\/logo\/image\/","url":"https:\/\/compuviper.mx\/tienda\/wp-content\/uploads\/2021\/08\/Logo-Compuviper-10.png","contentUrl":"https:\/\/compuviper.mx\/tienda\/wp-content\/uploads\/2021\/08\/Logo-Compuviper-10.png","width":1000,"height":500,"caption":"Compuviper"},"image":{"@id":"https:\/\/compuviper.mx\/tienda\/#\/schema\/logo\/image\/"},"sameAs":["https:\/\/www.facebook.com\/compuviper","https:\/\/www.youtube.com\/channel\/UCf73dERp9Y3cfOq7q8BhLjA?view_as=subscriber"]}]},"product_brand":"LOGITECH","product_price_amount":"1644","product_price_currency":"MXN","og_availability":"instock","product_availability":"instock","product_retailer_item_id":"920-008026","product_condition":"new"},"_links":{"self":[{"href":"https:\/\/compuviper.mx\/tienda\/wp-json\/wp\/v2\/product\/219083"}],"collection":[{"href":"https:\/\/compuviper.mx\/tienda\/wp-json\/wp\/v2\/product"}],"about":[{"href":"https:\/\/compuviper.mx\/tienda\/wp-json\/wp\/v2\/types\/product"}],"replies":[{"embeddable":true,"href":"https:\/\/compuviper.mx\/tienda\/wp-json\/wp\/v2\/comments?post=219083"}],"wp:featuredmedia":[{"embeddable":true,"href":"https:\/\/compuviper.mx\/tienda\/wp-json\/wp\/v2\/media\/219084"}],"wp:attachment":[{"href":"https:\/\/compuviper.mx\/tienda\/wp-json\/wp\/v2\/media?parent=219083"}],"wp:term":[{"taxonomy":"product_cat","embeddable":true,"href":"https:\/\/compuviper.mx\/tienda\/wp-json\/wp\/v2\/product_cat?post=219083"},{"taxonomy":"product_tag","embeddable":true,"href":"https:\/\/compuviper.mx\/tienda\/wp-json\/wp\/v2\/product_tag?post=219083"}],"curies":[{"name":"wp","href":"https:\/\/api.w.org\/{rel}","templated":true}]}}