{"id":219061,"date":"2026-04-18T00:47:16","date_gmt":"2026-04-18T06:47:16","guid":{"rendered":"https:\/\/compuviper.mx\/tienda\/producto\/logitech-920-004432-teclado-mouse-mk270-negro-inalambricos-usb-para-pc\/"},"modified":"2026-04-18T00:47:16","modified_gmt":"2026-04-18T06:47:16","slug":"logitech-920-004432-teclado-y-mouse-mk270-inalambrico-receptor-usb-espaol-negro","status":"publish","type":"product","link":"https:\/\/compuviper.mx\/tienda\/producto\/logitech-920-004432-teclado-y-mouse-mk270-inalambrico-receptor-usb-espaol-negro\/","title":{"rendered":"Logitech 920-004432 Teclado Y Mouse  Mk270 Inalambrico Receptor Usb (espa?ol) Negro"},"content":{"rendered":"<table class=\"descripcion\">\n<tr>\n<td>Combo de teclado y mouse mk270, ideal para viajes.<\/td>\n<\/tr>\n<tr>\n<td>Tecnolog\u00eda inal\u00e1mbrica fiable combinada con un min\u00fasculo nano receptor de tipo &#8220;conectar y olvidar&#8221;<\/td>\n<\/tr>\n<tr>\n<td>Tecnolog\u00eda inal\u00e1mbrica de gran alcance<\/td>\n<\/tr>\n<tr>\n<td>Ofrece una conexi\u00f3n fiable y r\u00e1pida hasta 10 metros, sin apenas retrasos ni interrupciones gracias a la conectividad inal\u00e1mbrica avanzada de 2,4 ghz de logitech.*<\/td>\n<\/tr>\n<tr>\n<td>Mouse dise\u00f1ado para los desplazamientos<\/td>\n<\/tr>\n<tr>\n<td>Puedes llevarte este compacto mouse all\u00e1 a donde vaya tu computadora.<\/td>\n<\/tr>\n<tr>\n<td>Larga duraci\u00f3n de las bater\u00edas<\/td>\n<\/tr>\n<tr>\n<td>Funciona durante meses sin cambiar las bater\u00edas. un conmutador de encendido\/apagado ahorra bater\u00eda.<\/td>\n<\/tr>\n<tr>\n<td>Especificaciones<\/td>\n<\/tr>\n<tr>\n<td>Requisitos del sistema<\/td>\n<\/tr>\n<tr>\n<td>Pc con windows<\/td>\n<\/tr>\n<tr>\n<td>Windows vista\u00ae, windows\u00ae xp, windows 7, windows 8, windows 10<\/td>\n<\/tr>\n<tr>\n<td>Chrome os\u00bf<\/td>\n<\/tr>\n<tr>\n<td>Informaci\u00f3n de garant\u00eda<\/td>\n<\/tr>\n<tr>\n<td>Tres a\u00f1os de garant\u00eda de hardware limitada<\/td>\n<\/tr>\n<tr>\n<td>Esta caja contiene<\/td>\n<\/tr>\n<tr>\n<td>Teclado<\/td>\n<\/tr>\n<tr>\n<td>Mouse<\/td>\n<\/tr>\n<tr>\n<td>Nano receptor<\/td>\n<\/tr>\n<tr>\n<td>Dos bater\u00edas aaa (teclado) y una bater\u00eda aa (mouse)<\/td>\n<\/tr>\n<tr>\n<td>Documentaci\u00f3n del usuario.<\/td>\n<\/tr>\n<\/table>\n","protected":false},"excerpt":{"rendered":"<p>Teclado y mouse inal\u00e1mbricos usb. Tecnolog\u00eda inal\u00e1mbrica avanzada de 2,4 ghz. Trabaja o juega en m\u00e1s lugares. La conexi\u00f3n inal\u00e1mbrica elimina virtualmente todos los retrasos, interrupciones e interferencias y proporciona un alcance de 10 metros.. * el radio de acci\u00f3n inal\u00e1mbrico depende de las condiciones ambientales y de la computadora. Mouse compacto. Ll\u00e9vate el mouse a donde sea. Este c\u00f3modo mouse cabe f\u00e1cilmente en las fundas y bolsas de computadora para viajar all\u00e1 a donde vayas. Duraci\u00f3n de bater\u00edas prolongada. Las bater\u00edas del teclado ofrecen una duraci\u00f3n de 24 meses y las del mouse 12, y mientras tanto vive sin preocupaciones de cambios de bater\u00edas.. Duraci\u00f3n de las bater\u00edas de teclado calculada seg\u00fan una estimaci\u00f3n de dos millones de pulsaciones al a\u00f1o en un entorno empresarial. No se garantiza la misma experiencia. La duraci\u00f3n de las pilas del mouse depende del uso y de la computadora. Ocho botones de acceso r\u00e1pido. Acceso instant\u00e1neo a los controles de reproducci\u00f3n: pel\u00edculas, m\u00fasica, internet, correo electr\u00f3nico, funciones de reproducci\u00f3n\/pausa, volumen y mucho m\u00e1s. Todo con un solo toque.<\/p>\n","protected":false},"featured_media":219062,"comment_status":"open","ping_status":"open","template":"","meta":[],"product_cat":[1712,1711],"product_tag":[1500],"acf":[],"yoast_head":"<!-- This site is optimized with the Yoast SEO plugin v21.7 - https:\/\/yoast.com\/wordpress\/plugins\/seo\/ -->\n<title>[ Logitech ] &#129351; 920-004432 Teclado Y Mouse Mk270 Inalambrico Receptor Usb (espa\u00f1ol) Negro<\/title>\n<meta name=\"description\" content=\"Compra 920-004432 Teclado Y Mouse Mk270 Inalambrico Receptor Usb (espa\u00f1ol) Negro + Env\u00edo a domicilio + Pago seguro + Garant\u00eda\" \/>\n<meta name=\"robots\" content=\"index, follow, max-snippet:-1, max-image-preview:large, max-video-preview:-1\" \/>\n<link rel=\"canonical\" href=\"https:\/\/compuviper.mx\/tienda\/producto\/logitech-920-004432-teclado-y-mouse-mk270-inalambrico-receptor-usb-espaol-negro\/\" \/>\n<meta property=\"og:locale\" content=\"es_MX\" \/>\n<meta property=\"og:type\" content=\"article\" \/>\n<meta property=\"og:title\" content=\"[ Logitech ] &#129351; 920-004432 Teclado Y Mouse Mk270 Inalambrico Receptor Usb (espa\u00f1ol) Negro\" \/>\n<meta property=\"og:description\" content=\"Compra 920-004432 Teclado Y Mouse Mk270 Inalambrico Receptor Usb (espa\u00f1ol) Negro + Env\u00edo a domicilio + Pago seguro + Garant\u00eda\" \/>\n<meta property=\"og:url\" content=\"https:\/\/compuviper.mx\/tienda\/producto\/logitech-920-004432-teclado-y-mouse-mk270-inalambrico-receptor-usb-espaol-negro\/\" \/>\n<meta property=\"og:site_name\" content=\"Compuviper\" \/>\n<meta property=\"article:publisher\" content=\"https:\/\/www.facebook.com\/compuviper\" \/>\n<meta property=\"og:image\" content=\"https:\/\/compuviper.mx\/tienda\/wp-content\/uploads\/2023\/12\/Tecladomouse-logitech-mk270-negro-inalambricos-usb-para-pc.jpg\" \/>\n\t<meta property=\"og:image:width\" content=\"200\" \/>\n\t<meta property=\"og:image:height\" content=\"200\" \/>\n\t<meta property=\"og:image:type\" content=\"image\/jpeg\" \/>\n<meta name=\"twitter:card\" content=\"summary_large_image\" \/>\n<meta name=\"twitter:label1\" content=\"Precio\" \/>\n\t<meta name=\"twitter:data1\" content=\"&#36;660 con IVA\" \/>\n\t<meta name=\"twitter:label2\" content=\"Availability\" \/>\n\t<meta name=\"twitter:data2\" content=\"In stock\" \/>\n<script type=\"application\/ld+json\" class=\"yoast-schema-graph\">{\"@context\":\"https:\/\/schema.org\",\"@graph\":[{\"@type\":\"WebPage\",\"@id\":\"https:\/\/compuviper.mx\/tienda\/producto\/logitech-920-004432-teclado-y-mouse-mk270-inalambrico-receptor-usb-espaol-negro\/\",\"url\":\"https:\/\/compuviper.mx\/tienda\/producto\/logitech-920-004432-teclado-y-mouse-mk270-inalambrico-receptor-usb-espaol-negro\/\",\"name\":\"[ Logitech ] &#129351; 920-004432 Teclado Y Mouse Mk270 Inalambrico Receptor Usb (espa\u00f1ol) Negro\",\"isPartOf\":{\"@id\":\"https:\/\/compuviper.mx\/tienda\/#website\"},\"datePublished\":\"2026-04-18T06:47:16+00:00\",\"dateModified\":\"2026-04-18T06:47:16+00:00\",\"description\":\"Compra 920-004432 Teclado Y Mouse Mk270 Inalambrico Receptor Usb (espa\u00f1ol) Negro + Env\u00edo a domicilio + Pago seguro + Garant\u00eda\",\"breadcrumb\":{\"@id\":\"https:\/\/compuviper.mx\/tienda\/producto\/logitech-920-004432-teclado-y-mouse-mk270-inalambrico-receptor-usb-espaol-negro\/#breadcrumb\"},\"inLanguage\":\"es-MX\",\"potentialAction\":[{\"@type\":\"ReadAction\",\"target\":[\"https:\/\/compuviper.mx\/tienda\/producto\/logitech-920-004432-teclado-y-mouse-mk270-inalambrico-receptor-usb-espaol-negro\/\"]}]},{\"@type\":\"BreadcrumbList\",\"@id\":\"https:\/\/compuviper.mx\/tienda\/producto\/logitech-920-004432-teclado-y-mouse-mk270-inalambrico-receptor-usb-espaol-negro\/#breadcrumb\",\"itemListElement\":[{\"@type\":\"ListItem\",\"position\":1,\"name\":\"Inicio\",\"item\":\"https:\/\/compuviper.mx\/tienda\/\"},{\"@type\":\"ListItem\",\"position\":2,\"name\":\"Productos\",\"item\":\"https:\/\/compuviper.mx\/tienda\/productos\/\"},{\"@type\":\"ListItem\",\"position\":3,\"name\":\"Teclado Y Mouse\",\"item\":\"https:\/\/compuviper.mx\/tienda\/categoria-producto\/teclado-y-mouse\/\"},{\"@type\":\"ListItem\",\"position\":4,\"name\":\"Sin Categor\u00eda\",\"item\":\"https:\/\/compuviper.mx\/tienda\/categoria-producto\/teclado-y-mouse\/sin-categoria-teclado-y-mouse\/\"},{\"@type\":\"ListItem\",\"position\":5,\"name\":\"Logitech 920-004432 Teclado Y Mouse Mk270 Inalambrico Receptor Usb (espa?ol) Negro\"}]},{\"@type\":\"WebSite\",\"@id\":\"https:\/\/compuviper.mx\/tienda\/#website\",\"url\":\"https:\/\/compuviper.mx\/tienda\/\",\"name\":\"Compuviper\",\"description\":\"Proveedor de Computadoras, Laptops, Servidores, Monitores, Puntos de Venta, Teclados,   Impresoras, T\u00f3ner, C\u00e1maras de Seguridad y m\u00e1s en tu tienda en l\u00ednea\",\"publisher\":{\"@id\":\"https:\/\/compuviper.mx\/tienda\/#organization\"},\"potentialAction\":[{\"@type\":\"SearchAction\",\"target\":{\"@type\":\"EntryPoint\",\"urlTemplate\":\"https:\/\/compuviper.mx\/tienda\/?s={search_term_string}\"},\"query-input\":\"required name=search_term_string\"}],\"inLanguage\":\"es-MX\"},{\"@type\":\"Organization\",\"@id\":\"https:\/\/compuviper.mx\/tienda\/#organization\",\"name\":\"Compuviper\",\"url\":\"https:\/\/compuviper.mx\/tienda\/\",\"logo\":{\"@type\":\"ImageObject\",\"inLanguage\":\"es-MX\",\"@id\":\"https:\/\/compuviper.mx\/tienda\/#\/schema\/logo\/image\/\",\"url\":\"https:\/\/compuviper.mx\/tienda\/wp-content\/uploads\/2021\/08\/Logo-Compuviper-10.png\",\"contentUrl\":\"https:\/\/compuviper.mx\/tienda\/wp-content\/uploads\/2021\/08\/Logo-Compuviper-10.png\",\"width\":1000,\"height\":500,\"caption\":\"Compuviper\"},\"image\":{\"@id\":\"https:\/\/compuviper.mx\/tienda\/#\/schema\/logo\/image\/\"},\"sameAs\":[\"https:\/\/www.facebook.com\/compuviper\",\"https:\/\/www.youtube.com\/channel\/UCf73dERp9Y3cfOq7q8BhLjA?view_as=subscriber\"]}]}<\/script>\n<meta property=\"product:brand\" content=\"LOGITECH\" \/>\n<meta property=\"product:price:amount\" content=\"660\" \/>\n<meta property=\"product:price:currency\" content=\"MXN\" \/>\n<meta property=\"og:availability\" content=\"instock\" \/>\n<meta property=\"product:availability\" content=\"instock\" \/>\n<meta property=\"product:retailer_item_id\" content=\"920-004432\" \/>\n<meta property=\"product:condition\" content=\"new\" \/>\n<!-- \/ Yoast SEO plugin. -->","yoast_head_json":{"title":"[ Logitech ] &#129351; 920-004432 Teclado Y Mouse Mk270 Inalambrico Receptor Usb (espa\u00f1ol) Negro","description":"Compra 920-004432 Teclado Y Mouse Mk270 Inalambrico Receptor Usb (espa\u00f1ol) Negro + Env\u00edo a domicilio + Pago seguro + Garant\u00eda","robots":{"index":"index","follow":"follow","max-snippet":"max-snippet:-1","max-image-preview":"max-image-preview:large","max-video-preview":"max-video-preview:-1"},"canonical":"https:\/\/compuviper.mx\/tienda\/producto\/logitech-920-004432-teclado-y-mouse-mk270-inalambrico-receptor-usb-espaol-negro\/","og_locale":"es_MX","og_type":"article","og_title":"[ Logitech ] &#129351; 920-004432 Teclado Y Mouse Mk270 Inalambrico Receptor Usb (espa\u00f1ol) Negro","og_description":"Compra 920-004432 Teclado Y Mouse Mk270 Inalambrico Receptor Usb (espa\u00f1ol) Negro + Env\u00edo a domicilio + Pago seguro + Garant\u00eda","og_url":"https:\/\/compuviper.mx\/tienda\/producto\/logitech-920-004432-teclado-y-mouse-mk270-inalambrico-receptor-usb-espaol-negro\/","og_site_name":"Compuviper","article_publisher":"https:\/\/www.facebook.com\/compuviper","og_image":[{"width":200,"height":200,"url":"https:\/\/compuviper.mx\/tienda\/wp-content\/uploads\/2023\/12\/Tecladomouse-logitech-mk270-negro-inalambricos-usb-para-pc.jpg","type":"image\/jpeg"}],"twitter_card":"summary_large_image","twitter_misc":{"Precio":"&#36;660 con IVA","Availability":"In stock"},"schema":{"@context":"https:\/\/schema.org","@graph":[{"@type":"WebPage","@id":"https:\/\/compuviper.mx\/tienda\/producto\/logitech-920-004432-teclado-y-mouse-mk270-inalambrico-receptor-usb-espaol-negro\/","url":"https:\/\/compuviper.mx\/tienda\/producto\/logitech-920-004432-teclado-y-mouse-mk270-inalambrico-receptor-usb-espaol-negro\/","name":"[ Logitech ] &#129351; 920-004432 Teclado Y Mouse Mk270 Inalambrico Receptor Usb (espa\u00f1ol) Negro","isPartOf":{"@id":"https:\/\/compuviper.mx\/tienda\/#website"},"datePublished":"2026-04-18T06:47:16+00:00","dateModified":"2026-04-18T06:47:16+00:00","description":"Compra 920-004432 Teclado Y Mouse Mk270 Inalambrico Receptor Usb (espa\u00f1ol) Negro + Env\u00edo a domicilio + Pago seguro + Garant\u00eda","breadcrumb":{"@id":"https:\/\/compuviper.mx\/tienda\/producto\/logitech-920-004432-teclado-y-mouse-mk270-inalambrico-receptor-usb-espaol-negro\/#breadcrumb"},"inLanguage":"es-MX","potentialAction":[{"@type":"ReadAction","target":["https:\/\/compuviper.mx\/tienda\/producto\/logitech-920-004432-teclado-y-mouse-mk270-inalambrico-receptor-usb-espaol-negro\/"]}]},{"@type":"BreadcrumbList","@id":"https:\/\/compuviper.mx\/tienda\/producto\/logitech-920-004432-teclado-y-mouse-mk270-inalambrico-receptor-usb-espaol-negro\/#breadcrumb","itemListElement":[{"@type":"ListItem","position":1,"name":"Inicio","item":"https:\/\/compuviper.mx\/tienda\/"},{"@type":"ListItem","position":2,"name":"Productos","item":"https:\/\/compuviper.mx\/tienda\/productos\/"},{"@type":"ListItem","position":3,"name":"Teclado Y Mouse","item":"https:\/\/compuviper.mx\/tienda\/categoria-producto\/teclado-y-mouse\/"},{"@type":"ListItem","position":4,"name":"Sin Categor\u00eda","item":"https:\/\/compuviper.mx\/tienda\/categoria-producto\/teclado-y-mouse\/sin-categoria-teclado-y-mouse\/"},{"@type":"ListItem","position":5,"name":"Logitech 920-004432 Teclado Y Mouse Mk270 Inalambrico Receptor Usb (espa?ol) Negro"}]},{"@type":"WebSite","@id":"https:\/\/compuviper.mx\/tienda\/#website","url":"https:\/\/compuviper.mx\/tienda\/","name":"Compuviper","description":"Proveedor de Computadoras, Laptops, Servidores, Monitores, Puntos de Venta, Teclados,   Impresoras, T\u00f3ner, C\u00e1maras de Seguridad y m\u00e1s en tu tienda en l\u00ednea","publisher":{"@id":"https:\/\/compuviper.mx\/tienda\/#organization"},"potentialAction":[{"@type":"SearchAction","target":{"@type":"EntryPoint","urlTemplate":"https:\/\/compuviper.mx\/tienda\/?s={search_term_string}"},"query-input":"required name=search_term_string"}],"inLanguage":"es-MX"},{"@type":"Organization","@id":"https:\/\/compuviper.mx\/tienda\/#organization","name":"Compuviper","url":"https:\/\/compuviper.mx\/tienda\/","logo":{"@type":"ImageObject","inLanguage":"es-MX","@id":"https:\/\/compuviper.mx\/tienda\/#\/schema\/logo\/image\/","url":"https:\/\/compuviper.mx\/tienda\/wp-content\/uploads\/2021\/08\/Logo-Compuviper-10.png","contentUrl":"https:\/\/compuviper.mx\/tienda\/wp-content\/uploads\/2021\/08\/Logo-Compuviper-10.png","width":1000,"height":500,"caption":"Compuviper"},"image":{"@id":"https:\/\/compuviper.mx\/tienda\/#\/schema\/logo\/image\/"},"sameAs":["https:\/\/www.facebook.com\/compuviper","https:\/\/www.youtube.com\/channel\/UCf73dERp9Y3cfOq7q8BhLjA?view_as=subscriber"]}]},"product_brand":"LOGITECH","product_price_amount":"660","product_price_currency":"MXN","og_availability":"instock","product_availability":"instock","product_retailer_item_id":"920-004432","product_condition":"new"},"_links":{"self":[{"href":"https:\/\/compuviper.mx\/tienda\/wp-json\/wp\/v2\/product\/219061"}],"collection":[{"href":"https:\/\/compuviper.mx\/tienda\/wp-json\/wp\/v2\/product"}],"about":[{"href":"https:\/\/compuviper.mx\/tienda\/wp-json\/wp\/v2\/types\/product"}],"replies":[{"embeddable":true,"href":"https:\/\/compuviper.mx\/tienda\/wp-json\/wp\/v2\/comments?post=219061"}],"wp:featuredmedia":[{"embeddable":true,"href":"https:\/\/compuviper.mx\/tienda\/wp-json\/wp\/v2\/media\/219062"}],"wp:attachment":[{"href":"https:\/\/compuviper.mx\/tienda\/wp-json\/wp\/v2\/media?parent=219061"}],"wp:term":[{"taxonomy":"product_cat","embeddable":true,"href":"https:\/\/compuviper.mx\/tienda\/wp-json\/wp\/v2\/product_cat?post=219061"},{"taxonomy":"product_tag","embeddable":true,"href":"https:\/\/compuviper.mx\/tienda\/wp-json\/wp\/v2\/product_tag?post=219061"}],"curies":[{"name":"wp","href":"https:\/\/api.w.org\/{rel}","templated":true}]}}