{"id":219051,"date":"2026-04-10T00:38:44","date_gmt":"2026-04-10T06:38:44","guid":{"rendered":"https:\/\/compuviper.mx\/tienda\/producto\/manhattan-176354-teclado-numerico-usb-negro\/"},"modified":"2026-04-10T00:38:44","modified_gmt":"2026-04-10T06:38:44","slug":"manhattan-176354-teclado-numerico-usb-negro","status":"publish","type":"product","link":"https:\/\/compuviper.mx\/tienda\/producto\/manhattan-176354-teclado-numerico-usb-negro\/","title":{"rendered":"Manhattan 176354 Teclado,,, Numerico Usb Negro"},"content":{"rendered":"<table class=\"descripcion\">\n<tr>\n<td>Standards and certifications<\/td>\n<\/tr>\n<tr>\n<td>Usb 1.1<\/td>\n<\/tr>\n<tr>\n<td>Fcc<\/td>\n<\/tr>\n<tr>\n<td>Ce<\/td>\n<\/tr>\n<tr>\n<td>Rohs2<\/td>\n<\/tr>\n<tr>\n<td>Weee<\/td>\n<\/tr>\n<tr>\n<td>Connections<\/td>\n<\/tr>\n<tr>\n<td>Usb tipo-a macho<\/td>\n<\/tr>\n<tr>\n<td>General<\/td>\n<\/tr>\n<tr>\n<td>Indicador led de bloque de n\u00famero<\/td>\n<\/tr>\n<tr>\n<td>Vida \u00fatil de 5 millones de pulsaciones<\/td>\n<\/tr>\n<tr>\n<td>Membrana, teclas de viaje completo<\/td>\n<\/tr>\n<tr>\n<td>Physical<\/td>\n<\/tr>\n<tr>\n<td>Cubierta: pl\u00e1stico abs<\/td>\n<\/tr>\n<tr>\n<td>Cable usb: 1.29 m (4.2 in.)<\/td>\n<\/tr>\n<tr>\n<td>Dimensiones: 140 x 85 x 23 cm (5.5 x 3.4 x 0.9 in.)<\/td>\n<\/tr>\n<tr>\n<td>Peso: 90 g (3.3 oz.)<\/td>\n<\/tr>\n<tr>\n<td>Ambiente de operaci\u00f3n<\/td>\n<\/tr>\n<tr>\n<td>Temperatura de operaci\u00f3n: 32  104\u00b0f (0 \u00bf 40\u00b0c)<\/td>\n<\/tr>\n<tr>\n<td>\u00bftemperatura de almacenamiento: -4  140\u00b0f (-20  60\u00b0c)<\/td>\n<\/tr>\n<tr>\n<td>Humedad (sin condensar): 5  90%<\/td>\n<\/tr>\n<tr>\n<td>Requerimientos de sistema<\/td>\n<\/tr>\n<tr>\n<td>Windows xp\/vista\/7\/8.1\/10 o linux o mac 9.x\/10.x o superior<\/td>\n<\/tr>\n<tr>\n<td>Contenido del empaque<\/td>\n<\/tr>\n<tr>\n<td>Teclado num\u00e9rico alambrico<\/td>\n<\/tr>\n<tr>\n<td>Gu\u00eda r\u00e1pida de instrucciones<\/td>\n<\/tr>\n<\/table>\n","protected":false},"excerpt":{"rendered":"<p>18 teclas del mismo tama\u00f1o incluye tecla de retroceso. La funci\u00f3n de bloqueo num\u00e9rico as\u00edncrono opera inmediatamente al del teclado de la computadora para ingresar datos num\u00e9ricos m\u00e1s r\u00e1pido. Teclas silenciosas estilo tijera (estructura-x), mejora la respuesta y proporciona golpes de teclado discretos. Ultra delgado y ligero &#8211; ideal para los usuarios de laptops<\/p>\n","protected":false},"featured_media":219052,"comment_status":"open","ping_status":"open","template":"","meta":[],"product_cat":[1715,1713],"product_tag":[1487],"acf":[],"yoast_head":"<!-- This site is optimized with the Yoast SEO plugin v21.7 - https:\/\/yoast.com\/wordpress\/plugins\/seo\/ -->\n<title>[ Manhattan ] &#129351; 176354 Teclado,,, Numerico Usb Negro<\/title>\n<meta name=\"description\" content=\"Compra 176354 Teclado,,, Numerico Usb Negro + Env\u00edo a domicilio + Pago seguro + Garant\u00eda\" \/>\n<meta name=\"robots\" content=\"index, follow, max-snippet:-1, max-image-preview:large, max-video-preview:-1\" \/>\n<link rel=\"canonical\" href=\"https:\/\/compuviper.mx\/tienda\/producto\/manhattan-176354-teclado-numerico-usb-negro\/\" \/>\n<meta property=\"og:locale\" content=\"es_MX\" \/>\n<meta property=\"og:type\" content=\"article\" \/>\n<meta property=\"og:title\" content=\"[ Manhattan ] &#129351; 176354 Teclado,,, Numerico Usb Negro\" \/>\n<meta property=\"og:description\" content=\"Compra 176354 Teclado,,, Numerico Usb Negro + Env\u00edo a domicilio + Pago seguro + Garant\u00eda\" \/>\n<meta property=\"og:url\" content=\"https:\/\/compuviper.mx\/tienda\/producto\/manhattan-176354-teclado-numerico-usb-negro\/\" \/>\n<meta property=\"og:site_name\" content=\"Compuviper\" \/>\n<meta property=\"article:publisher\" content=\"https:\/\/www.facebook.com\/compuviper\" \/>\n<meta property=\"og:image\" content=\"https:\/\/compuviper.mx\/tienda\/wp-content\/uploads\/2023\/12\/Tecladomanhattan176354-numerico-usb-negro.jpg\" \/>\n\t<meta property=\"og:image:width\" content=\"200\" \/>\n\t<meta property=\"og:image:height\" content=\"200\" \/>\n\t<meta property=\"og:image:type\" content=\"image\/jpeg\" \/>\n<meta name=\"twitter:card\" content=\"summary_large_image\" \/>\n<meta name=\"twitter:label1\" content=\"Precio\" \/>\n\t<meta name=\"twitter:data1\" content=\"&#36;125 con IVA\" \/>\n\t<meta name=\"twitter:label2\" content=\"Availability\" \/>\n\t<meta name=\"twitter:data2\" content=\"In stock\" \/>\n<script type=\"application\/ld+json\" class=\"yoast-schema-graph\">{\"@context\":\"https:\/\/schema.org\",\"@graph\":[{\"@type\":\"WebPage\",\"@id\":\"https:\/\/compuviper.mx\/tienda\/producto\/manhattan-176354-teclado-numerico-usb-negro\/\",\"url\":\"https:\/\/compuviper.mx\/tienda\/producto\/manhattan-176354-teclado-numerico-usb-negro\/\",\"name\":\"[ Manhattan ] &#129351; 176354 Teclado,,, Numerico Usb Negro\",\"isPartOf\":{\"@id\":\"https:\/\/compuviper.mx\/tienda\/#website\"},\"datePublished\":\"2026-04-10T06:38:44+00:00\",\"dateModified\":\"2026-04-10T06:38:44+00:00\",\"description\":\"Compra 176354 Teclado,,, Numerico Usb Negro + Env\u00edo a domicilio + Pago seguro + Garant\u00eda\",\"breadcrumb\":{\"@id\":\"https:\/\/compuviper.mx\/tienda\/producto\/manhattan-176354-teclado-numerico-usb-negro\/#breadcrumb\"},\"inLanguage\":\"es-MX\",\"potentialAction\":[{\"@type\":\"ReadAction\",\"target\":[\"https:\/\/compuviper.mx\/tienda\/producto\/manhattan-176354-teclado-numerico-usb-negro\/\"]}]},{\"@type\":\"BreadcrumbList\",\"@id\":\"https:\/\/compuviper.mx\/tienda\/producto\/manhattan-176354-teclado-numerico-usb-negro\/#breadcrumb\",\"itemListElement\":[{\"@type\":\"ListItem\",\"position\":1,\"name\":\"Inicio\",\"item\":\"https:\/\/compuviper.mx\/tienda\/\"},{\"@type\":\"ListItem\",\"position\":2,\"name\":\"Productos\",\"item\":\"https:\/\/compuviper.mx\/tienda\/productos\/\"},{\"@type\":\"ListItem\",\"position\":3,\"name\":\"Teclados\",\"item\":\"https:\/\/compuviper.mx\/tienda\/categoria-producto\/teclados\/\"},{\"@type\":\"ListItem\",\"position\":4,\"name\":\"Numerico\",\"item\":\"https:\/\/compuviper.mx\/tienda\/categoria-producto\/teclados\/numerico\/\"},{\"@type\":\"ListItem\",\"position\":5,\"name\":\"Manhattan 176354 Teclado,,, Numerico Usb Negro\"}]},{\"@type\":\"WebSite\",\"@id\":\"https:\/\/compuviper.mx\/tienda\/#website\",\"url\":\"https:\/\/compuviper.mx\/tienda\/\",\"name\":\"Compuviper\",\"description\":\"Proveedor de Computadoras, Laptops, Servidores, Monitores, Puntos de Venta, Teclados,   Impresoras, T\u00f3ner, C\u00e1maras de Seguridad y m\u00e1s en tu tienda en l\u00ednea\",\"publisher\":{\"@id\":\"https:\/\/compuviper.mx\/tienda\/#organization\"},\"potentialAction\":[{\"@type\":\"SearchAction\",\"target\":{\"@type\":\"EntryPoint\",\"urlTemplate\":\"https:\/\/compuviper.mx\/tienda\/?s={search_term_string}\"},\"query-input\":\"required name=search_term_string\"}],\"inLanguage\":\"es-MX\"},{\"@type\":\"Organization\",\"@id\":\"https:\/\/compuviper.mx\/tienda\/#organization\",\"name\":\"Compuviper\",\"url\":\"https:\/\/compuviper.mx\/tienda\/\",\"logo\":{\"@type\":\"ImageObject\",\"inLanguage\":\"es-MX\",\"@id\":\"https:\/\/compuviper.mx\/tienda\/#\/schema\/logo\/image\/\",\"url\":\"https:\/\/compuviper.mx\/tienda\/wp-content\/uploads\/2021\/08\/Logo-Compuviper-10.png\",\"contentUrl\":\"https:\/\/compuviper.mx\/tienda\/wp-content\/uploads\/2021\/08\/Logo-Compuviper-10.png\",\"width\":1000,\"height\":500,\"caption\":\"Compuviper\"},\"image\":{\"@id\":\"https:\/\/compuviper.mx\/tienda\/#\/schema\/logo\/image\/\"},\"sameAs\":[\"https:\/\/www.facebook.com\/compuviper\",\"https:\/\/www.youtube.com\/channel\/UCf73dERp9Y3cfOq7q8BhLjA?view_as=subscriber\"]}]}<\/script>\n<meta property=\"product:brand\" content=\"MANHATTAN\" \/>\n<meta property=\"product:price:amount\" content=\"125\" \/>\n<meta property=\"product:price:currency\" content=\"MXN\" \/>\n<meta property=\"og:availability\" content=\"instock\" \/>\n<meta property=\"product:availability\" content=\"instock\" \/>\n<meta property=\"product:retailer_item_id\" content=\"176354\" \/>\n<meta property=\"product:condition\" content=\"new\" \/>\n<!-- \/ Yoast SEO plugin. -->","yoast_head_json":{"title":"[ Manhattan ] &#129351; 176354 Teclado,,, Numerico Usb Negro","description":"Compra 176354 Teclado,,, Numerico Usb Negro + Env\u00edo a domicilio + Pago seguro + Garant\u00eda","robots":{"index":"index","follow":"follow","max-snippet":"max-snippet:-1","max-image-preview":"max-image-preview:large","max-video-preview":"max-video-preview:-1"},"canonical":"https:\/\/compuviper.mx\/tienda\/producto\/manhattan-176354-teclado-numerico-usb-negro\/","og_locale":"es_MX","og_type":"article","og_title":"[ Manhattan ] &#129351; 176354 Teclado,,, Numerico Usb Negro","og_description":"Compra 176354 Teclado,,, Numerico Usb Negro + Env\u00edo a domicilio + Pago seguro + Garant\u00eda","og_url":"https:\/\/compuviper.mx\/tienda\/producto\/manhattan-176354-teclado-numerico-usb-negro\/","og_site_name":"Compuviper","article_publisher":"https:\/\/www.facebook.com\/compuviper","og_image":[{"width":200,"height":200,"url":"https:\/\/compuviper.mx\/tienda\/wp-content\/uploads\/2023\/12\/Tecladomanhattan176354-numerico-usb-negro.jpg","type":"image\/jpeg"}],"twitter_card":"summary_large_image","twitter_misc":{"Precio":"&#36;125 con IVA","Availability":"In stock"},"schema":{"@context":"https:\/\/schema.org","@graph":[{"@type":"WebPage","@id":"https:\/\/compuviper.mx\/tienda\/producto\/manhattan-176354-teclado-numerico-usb-negro\/","url":"https:\/\/compuviper.mx\/tienda\/producto\/manhattan-176354-teclado-numerico-usb-negro\/","name":"[ Manhattan ] &#129351; 176354 Teclado,,, Numerico Usb Negro","isPartOf":{"@id":"https:\/\/compuviper.mx\/tienda\/#website"},"datePublished":"2026-04-10T06:38:44+00:00","dateModified":"2026-04-10T06:38:44+00:00","description":"Compra 176354 Teclado,,, Numerico Usb Negro + Env\u00edo a domicilio + Pago seguro + Garant\u00eda","breadcrumb":{"@id":"https:\/\/compuviper.mx\/tienda\/producto\/manhattan-176354-teclado-numerico-usb-negro\/#breadcrumb"},"inLanguage":"es-MX","potentialAction":[{"@type":"ReadAction","target":["https:\/\/compuviper.mx\/tienda\/producto\/manhattan-176354-teclado-numerico-usb-negro\/"]}]},{"@type":"BreadcrumbList","@id":"https:\/\/compuviper.mx\/tienda\/producto\/manhattan-176354-teclado-numerico-usb-negro\/#breadcrumb","itemListElement":[{"@type":"ListItem","position":1,"name":"Inicio","item":"https:\/\/compuviper.mx\/tienda\/"},{"@type":"ListItem","position":2,"name":"Productos","item":"https:\/\/compuviper.mx\/tienda\/productos\/"},{"@type":"ListItem","position":3,"name":"Teclados","item":"https:\/\/compuviper.mx\/tienda\/categoria-producto\/teclados\/"},{"@type":"ListItem","position":4,"name":"Numerico","item":"https:\/\/compuviper.mx\/tienda\/categoria-producto\/teclados\/numerico\/"},{"@type":"ListItem","position":5,"name":"Manhattan 176354 Teclado,,, Numerico Usb Negro"}]},{"@type":"WebSite","@id":"https:\/\/compuviper.mx\/tienda\/#website","url":"https:\/\/compuviper.mx\/tienda\/","name":"Compuviper","description":"Proveedor de Computadoras, Laptops, Servidores, Monitores, Puntos de Venta, Teclados,   Impresoras, T\u00f3ner, C\u00e1maras de Seguridad y m\u00e1s en tu tienda en l\u00ednea","publisher":{"@id":"https:\/\/compuviper.mx\/tienda\/#organization"},"potentialAction":[{"@type":"SearchAction","target":{"@type":"EntryPoint","urlTemplate":"https:\/\/compuviper.mx\/tienda\/?s={search_term_string}"},"query-input":"required name=search_term_string"}],"inLanguage":"es-MX"},{"@type":"Organization","@id":"https:\/\/compuviper.mx\/tienda\/#organization","name":"Compuviper","url":"https:\/\/compuviper.mx\/tienda\/","logo":{"@type":"ImageObject","inLanguage":"es-MX","@id":"https:\/\/compuviper.mx\/tienda\/#\/schema\/logo\/image\/","url":"https:\/\/compuviper.mx\/tienda\/wp-content\/uploads\/2021\/08\/Logo-Compuviper-10.png","contentUrl":"https:\/\/compuviper.mx\/tienda\/wp-content\/uploads\/2021\/08\/Logo-Compuviper-10.png","width":1000,"height":500,"caption":"Compuviper"},"image":{"@id":"https:\/\/compuviper.mx\/tienda\/#\/schema\/logo\/image\/"},"sameAs":["https:\/\/www.facebook.com\/compuviper","https:\/\/www.youtube.com\/channel\/UCf73dERp9Y3cfOq7q8BhLjA?view_as=subscriber"]}]},"product_brand":"MANHATTAN","product_price_amount":"125","product_price_currency":"MXN","og_availability":"instock","product_availability":"instock","product_retailer_item_id":"176354","product_condition":"new"},"_links":{"self":[{"href":"https:\/\/compuviper.mx\/tienda\/wp-json\/wp\/v2\/product\/219051"}],"collection":[{"href":"https:\/\/compuviper.mx\/tienda\/wp-json\/wp\/v2\/product"}],"about":[{"href":"https:\/\/compuviper.mx\/tienda\/wp-json\/wp\/v2\/types\/product"}],"replies":[{"embeddable":true,"href":"https:\/\/compuviper.mx\/tienda\/wp-json\/wp\/v2\/comments?post=219051"}],"wp:featuredmedia":[{"embeddable":true,"href":"https:\/\/compuviper.mx\/tienda\/wp-json\/wp\/v2\/media\/219052"}],"wp:attachment":[{"href":"https:\/\/compuviper.mx\/tienda\/wp-json\/wp\/v2\/media?parent=219051"}],"wp:term":[{"taxonomy":"product_cat","embeddable":true,"href":"https:\/\/compuviper.mx\/tienda\/wp-json\/wp\/v2\/product_cat?post=219051"},{"taxonomy":"product_tag","embeddable":true,"href":"https:\/\/compuviper.mx\/tienda\/wp-json\/wp\/v2\/product_tag?post=219051"}],"curies":[{"name":"wp","href":"https:\/\/api.w.org\/{rel}","templated":true}]}}