{"id":219047,"date":"2026-04-07T00:41:38","date_gmt":"2026-04-07T06:41:38","guid":{"rendered":"https:\/\/compuviper.mx\/tienda\/producto\/logitech-920-004422-teclado-k120-negro-alambrico-usb-pc-windows-resistente-a-derrames\/"},"modified":"2026-04-07T00:41:39","modified_gmt":"2026-04-07T06:41:39","slug":"logitech-920-004422-teclado-k120-alambrico-usb-resistente-a-derrames-espaol-negro","status":"publish","type":"product","link":"https:\/\/compuviper.mx\/tienda\/producto\/logitech-920-004422-teclado-k120-alambrico-usb-resistente-a-derrames-espaol-negro\/","title":{"rendered":"Logitech 920-004422 Teclado  K120 Alambrico Usb Resistente A Derrames (espa?ol) Negro"},"content":{"rendered":"<table class=\"descripcion\">\n<tr>\n<td>Escritura c\u00f3moda<\/td>\n<\/tr>\n<tr>\n<td>Disfrutar\u00e1 de teclas planas que apenas hacen ruido y un dise\u00f1o est\u00e1ndar con teclas f y teclado num\u00e9rico de tama\u00f1o normal.<\/td>\n<\/tr>\n<tr>\n<td>Atractivo y robusto<\/td>\n<\/tr>\n<tr>\n<td>El teclado no es s\u00f3lo elegante: es resistente, con un dise\u00f1o resistente a salpicaduras, s\u00f3lidas patas ajustables y teclas duraderas.1<\/td>\n<\/tr>\n<tr>\n<td>As\u00ed de simple<\/td>\n<\/tr>\n<tr>\n<td>Basta con conectarlo al puerto usb de la computadora, port\u00e1til o netbook, y ya se puede empezar a usar.<\/td>\n<\/tr>\n<tr>\n<td>Uso agradable y silencioso<\/td>\n<\/tr>\n<tr>\n<td>Podr\u00e1 escribir c\u00f3moda y silenciosamente gracias a las teclas planas que apenas hacen ruido y al dise\u00f1o est\u00e1ndar con teclas f y teclado num\u00e9rico de tama\u00f1o normal.<\/td>\n<\/tr>\n<tr>\n<td>Dise\u00f1o resistente a salpicaduras1<\/td>\n<\/tr>\n<tr>\n<td>El teclado deja pasar l\u00edquidos en caso de derrames, con lo que protege su inversi\u00f3n.<\/td>\n<\/tr>\n<tr>\n<td>Perfil plano<\/td>\n<\/tr>\n<tr>\n<td>El teclado tiene un perfil plano que a\u00f1ade elegancia al escritorio a la vez que permite mantener las manos en una posici\u00f3n m\u00e1s c\u00f3moda y natural.<\/td>\n<\/tr>\n<tr>\n<td>Teclas resistentes<\/td>\n<\/tr>\n<tr>\n<td>Las teclas permiten hasta 10 millones de pulsaciones, por lo que podr\u00e1 seguir escribiendo m\u00e1s all\u00e1 del periodo de vida \u00fatil de muchos teclados.2<\/td>\n<\/tr>\n<tr>\n<td>Patas ajustables y robustas<\/td>\n<\/tr>\n<tr>\n<td>Con las patas plegables desplegadas, la inclinaci\u00f3n del teclado se incrementa en 8\u00b0, para una experiencia ergon\u00f3mica.<\/td>\n<\/tr>\n<tr>\n<td>Conexi\u00f3n usb plug and play<\/td>\n<\/tr>\n<tr>\n<td>Se instala f\u00e1cilmente: basta con conectarlo al puerto usb del ordenador de sobremesa, port\u00e1til o netbook, y ya se puede empezar a usar.<\/td>\n<\/tr>\n<tr>\n<td>Teclas f\u00e1ciles de leer<\/td>\n<\/tr>\n<tr>\n<td>Caracteres impresos en marcado blanco luminoso, m\u00e1s f\u00e1ciles de leer: perfectos para quienes no tienen una vista perfecta. y tambi\u00e9n m\u00e1s resistentes al desgaste.<\/td>\n<\/tr>\n<tr>\n<td>Fiabilidad de logitech<\/td>\n<\/tr>\n<tr>\n<td>Obtendr\u00e1 la calidad y fiabilidad que han hecho de logitech el l\u00edder mundial en teclados y ratones, a un precio asequible y con tres a\u00f1os de garant\u00eda.<\/td>\n<\/tr>\n<tr>\n<td>Barra espaciadora curvada<\/td>\n<\/tr>\n<tr>\n<td>Las manos disfrutar\u00e1n de una posici\u00f3n m\u00e1s natural y c\u00f3moda al escribir.<\/td>\n<\/tr>\n<tr>\n<td>Requisitos del sistema<\/td>\n<\/tr>\n<tr>\n<td>Ordenador con windows<\/td>\n<\/tr>\n<tr>\n<td>Windows\u00ae xp, windows vista, windows 7, windows 8, windows 10<\/td>\n<\/tr>\n<tr>\n<td>Puerto usb<\/td>\n<\/tr>\n<tr>\n<td>Linux\u00ae<\/td>\n<\/tr>\n<tr>\n<td>Linux kernel 2.6+<\/td>\n<\/tr>\n<tr>\n<td>Puerto usb<\/td>\n<\/tr>\n<tr>\n<td>Esta caja contiene<\/td>\n<\/tr>\n<tr>\n<td>Teclado<\/td>\n<\/tr>\n<tr>\n<td>Documentaci\u00f3n del usuario<\/td>\n<\/tr>\n<tr>\n<td>Informaci\u00f3n de garant\u00eda<\/td>\n<\/tr>\n<tr>\n<td>Tres a\u00f1os de garant\u00eda de hardware limitada<\/td>\n<\/tr>\n<tr>\n<td>N\u00famero de referencia<\/td>\n<\/tr>\n<tr>\n<td>N\u00ba de referencia: 920-004422<\/td>\n<\/tr>\n<\/table>\n","protected":false},"excerpt":{"rendered":"<p>Teclado b\u00e1sico usb color negro, podr\u00e1 escribir c\u00f3moda y silenciosamente gracias a las teclas planas que apenas hacen ruido y al dise\u00f1o est\u00e1ndar con teclas f y teclado num\u00e9rico de tama\u00f1o normal. Dise\u00f1o resistente a salpicaduras, el teclado deja pasar liquidos en caso de derrames, con lo que proteje su inversi\u00f3n.<\/p>\n","protected":false},"featured_media":219048,"comment_status":"open","ping_status":"open","template":"","meta":[],"product_cat":[1714,1713],"product_tag":[1500],"acf":[],"yoast_head":"<!-- This site is optimized with the Yoast SEO plugin v21.7 - https:\/\/yoast.com\/wordpress\/plugins\/seo\/ -->\n<title>[ Logitech ] &#129351; 920-004422 Teclado K120 Alambrico Usb Resistente A Derrames (espa\u00f1ol) Negro<\/title>\n<meta name=\"description\" content=\"Compra 920-004422 Teclado K120 Alambrico Usb Resistente A Derrames (espa\u00f1ol) Negro + Env\u00edo a domicilio + Pago seguro + Garant\u00eda\" \/>\n<meta name=\"robots\" content=\"index, follow, max-snippet:-1, max-image-preview:large, max-video-preview:-1\" \/>\n<link rel=\"canonical\" href=\"https:\/\/compuviper.mx\/tienda\/producto\/logitech-920-004422-teclado-k120-alambrico-usb-resistente-a-derrames-espaol-negro\/\" \/>\n<meta property=\"og:locale\" content=\"es_MX\" \/>\n<meta property=\"og:type\" content=\"article\" \/>\n<meta property=\"og:title\" content=\"[ Logitech ] &#129351; 920-004422 Teclado K120 Alambrico Usb Resistente A Derrames (espa\u00f1ol) Negro\" \/>\n<meta property=\"og:description\" content=\"Compra 920-004422 Teclado K120 Alambrico Usb Resistente A Derrames (espa\u00f1ol) Negro + Env\u00edo a domicilio + Pago seguro + Garant\u00eda\" \/>\n<meta property=\"og:url\" content=\"https:\/\/compuviper.mx\/tienda\/producto\/logitech-920-004422-teclado-k120-alambrico-usb-resistente-a-derrames-espaol-negro\/\" \/>\n<meta property=\"og:site_name\" content=\"Compuviper\" \/>\n<meta property=\"article:publisher\" content=\"https:\/\/www.facebook.com\/compuviper\" \/>\n<meta property=\"article:modified_time\" content=\"2026-04-07T06:41:39+00:00\" \/>\n<meta property=\"og:image\" content=\"https:\/\/compuviper.mx\/tienda\/wp-content\/uploads\/2023\/12\/Teclado-logitech-k120-negro-alambrico-usb-pc-windows-resistente-a-derrames.jpg\" \/>\n\t<meta property=\"og:image:width\" content=\"200\" \/>\n\t<meta property=\"og:image:height\" content=\"200\" \/>\n\t<meta property=\"og:image:type\" content=\"image\/jpeg\" \/>\n<meta name=\"twitter:card\" content=\"summary_large_image\" \/>\n<meta name=\"twitter:label1\" content=\"Precio\" \/>\n\t<meta name=\"twitter:data1\" content=\"&#36;243 con IVA\" \/>\n\t<meta name=\"twitter:label2\" content=\"Availability\" \/>\n\t<meta name=\"twitter:data2\" content=\"In stock\" \/>\n<script type=\"application\/ld+json\" class=\"yoast-schema-graph\">{\"@context\":\"https:\/\/schema.org\",\"@graph\":[{\"@type\":\"WebPage\",\"@id\":\"https:\/\/compuviper.mx\/tienda\/producto\/logitech-920-004422-teclado-k120-alambrico-usb-resistente-a-derrames-espaol-negro\/\",\"url\":\"https:\/\/compuviper.mx\/tienda\/producto\/logitech-920-004422-teclado-k120-alambrico-usb-resistente-a-derrames-espaol-negro\/\",\"name\":\"[ Logitech ] &#129351; 920-004422 Teclado K120 Alambrico Usb Resistente A Derrames (espa\u00f1ol) Negro\",\"isPartOf\":{\"@id\":\"https:\/\/compuviper.mx\/tienda\/#website\"},\"datePublished\":\"2026-04-07T06:41:38+00:00\",\"dateModified\":\"2026-04-07T06:41:39+00:00\",\"description\":\"Compra 920-004422 Teclado K120 Alambrico Usb Resistente A Derrames (espa\u00f1ol) Negro + Env\u00edo a domicilio + Pago seguro + Garant\u00eda\",\"breadcrumb\":{\"@id\":\"https:\/\/compuviper.mx\/tienda\/producto\/logitech-920-004422-teclado-k120-alambrico-usb-resistente-a-derrames-espaol-negro\/#breadcrumb\"},\"inLanguage\":\"es-MX\",\"potentialAction\":[{\"@type\":\"ReadAction\",\"target\":[\"https:\/\/compuviper.mx\/tienda\/producto\/logitech-920-004422-teclado-k120-alambrico-usb-resistente-a-derrames-espaol-negro\/\"]}]},{\"@type\":\"BreadcrumbList\",\"@id\":\"https:\/\/compuviper.mx\/tienda\/producto\/logitech-920-004422-teclado-k120-alambrico-usb-resistente-a-derrames-espaol-negro\/#breadcrumb\",\"itemListElement\":[{\"@type\":\"ListItem\",\"position\":1,\"name\":\"Inicio\",\"item\":\"https:\/\/compuviper.mx\/tienda\/\"},{\"@type\":\"ListItem\",\"position\":2,\"name\":\"Productos\",\"item\":\"https:\/\/compuviper.mx\/tienda\/productos\/\"},{\"@type\":\"ListItem\",\"position\":3,\"name\":\"Teclados\",\"item\":\"https:\/\/compuviper.mx\/tienda\/categoria-producto\/teclados\/\"},{\"@type\":\"ListItem\",\"position\":4,\"name\":\"Basico\",\"item\":\"https:\/\/compuviper.mx\/tienda\/categoria-producto\/teclados\/basico\/\"},{\"@type\":\"ListItem\",\"position\":5,\"name\":\"Logitech 920-004422 Teclado K120 Alambrico Usb Resistente A Derrames (espa?ol) Negro\"}]},{\"@type\":\"WebSite\",\"@id\":\"https:\/\/compuviper.mx\/tienda\/#website\",\"url\":\"https:\/\/compuviper.mx\/tienda\/\",\"name\":\"Compuviper\",\"description\":\"Proveedor de Computadoras, Laptops, Servidores, Monitores, Puntos de Venta, Teclados,   Impresoras, T\u00f3ner, C\u00e1maras de Seguridad y m\u00e1s en tu tienda en l\u00ednea\",\"publisher\":{\"@id\":\"https:\/\/compuviper.mx\/tienda\/#organization\"},\"potentialAction\":[{\"@type\":\"SearchAction\",\"target\":{\"@type\":\"EntryPoint\",\"urlTemplate\":\"https:\/\/compuviper.mx\/tienda\/?s={search_term_string}\"},\"query-input\":\"required name=search_term_string\"}],\"inLanguage\":\"es-MX\"},{\"@type\":\"Organization\",\"@id\":\"https:\/\/compuviper.mx\/tienda\/#organization\",\"name\":\"Compuviper\",\"url\":\"https:\/\/compuviper.mx\/tienda\/\",\"logo\":{\"@type\":\"ImageObject\",\"inLanguage\":\"es-MX\",\"@id\":\"https:\/\/compuviper.mx\/tienda\/#\/schema\/logo\/image\/\",\"url\":\"https:\/\/compuviper.mx\/tienda\/wp-content\/uploads\/2021\/08\/Logo-Compuviper-10.png\",\"contentUrl\":\"https:\/\/compuviper.mx\/tienda\/wp-content\/uploads\/2021\/08\/Logo-Compuviper-10.png\",\"width\":1000,\"height\":500,\"caption\":\"Compuviper\"},\"image\":{\"@id\":\"https:\/\/compuviper.mx\/tienda\/#\/schema\/logo\/image\/\"},\"sameAs\":[\"https:\/\/www.facebook.com\/compuviper\",\"https:\/\/www.youtube.com\/channel\/UCf73dERp9Y3cfOq7q8BhLjA?view_as=subscriber\"]}]}<\/script>\n<meta property=\"product:brand\" content=\"LOGITECH\" \/>\n<meta property=\"product:price:amount\" content=\"243\" \/>\n<meta property=\"product:price:currency\" content=\"MXN\" \/>\n<meta property=\"og:availability\" content=\"instock\" \/>\n<meta property=\"product:availability\" content=\"instock\" \/>\n<meta property=\"product:retailer_item_id\" content=\"920-004422\" \/>\n<meta property=\"product:condition\" content=\"new\" \/>\n<!-- \/ Yoast SEO plugin. -->","yoast_head_json":{"title":"[ Logitech ] &#129351; 920-004422 Teclado K120 Alambrico Usb Resistente A Derrames (espa\u00f1ol) Negro","description":"Compra 920-004422 Teclado K120 Alambrico Usb Resistente A Derrames (espa\u00f1ol) Negro + Env\u00edo a domicilio + Pago seguro + Garant\u00eda","robots":{"index":"index","follow":"follow","max-snippet":"max-snippet:-1","max-image-preview":"max-image-preview:large","max-video-preview":"max-video-preview:-1"},"canonical":"https:\/\/compuviper.mx\/tienda\/producto\/logitech-920-004422-teclado-k120-alambrico-usb-resistente-a-derrames-espaol-negro\/","og_locale":"es_MX","og_type":"article","og_title":"[ Logitech ] &#129351; 920-004422 Teclado K120 Alambrico Usb Resistente A Derrames (espa\u00f1ol) Negro","og_description":"Compra 920-004422 Teclado K120 Alambrico Usb Resistente A Derrames (espa\u00f1ol) Negro + Env\u00edo a domicilio + Pago seguro + Garant\u00eda","og_url":"https:\/\/compuviper.mx\/tienda\/producto\/logitech-920-004422-teclado-k120-alambrico-usb-resistente-a-derrames-espaol-negro\/","og_site_name":"Compuviper","article_publisher":"https:\/\/www.facebook.com\/compuviper","article_modified_time":"2026-04-07T06:41:39+00:00","og_image":[{"width":200,"height":200,"url":"https:\/\/compuviper.mx\/tienda\/wp-content\/uploads\/2023\/12\/Teclado-logitech-k120-negro-alambrico-usb-pc-windows-resistente-a-derrames.jpg","type":"image\/jpeg"}],"twitter_card":"summary_large_image","twitter_misc":{"Precio":"&#36;243 con IVA","Availability":"In stock"},"schema":{"@context":"https:\/\/schema.org","@graph":[{"@type":"WebPage","@id":"https:\/\/compuviper.mx\/tienda\/producto\/logitech-920-004422-teclado-k120-alambrico-usb-resistente-a-derrames-espaol-negro\/","url":"https:\/\/compuviper.mx\/tienda\/producto\/logitech-920-004422-teclado-k120-alambrico-usb-resistente-a-derrames-espaol-negro\/","name":"[ Logitech ] &#129351; 920-004422 Teclado K120 Alambrico Usb Resistente A Derrames (espa\u00f1ol) Negro","isPartOf":{"@id":"https:\/\/compuviper.mx\/tienda\/#website"},"datePublished":"2026-04-07T06:41:38+00:00","dateModified":"2026-04-07T06:41:39+00:00","description":"Compra 920-004422 Teclado K120 Alambrico Usb Resistente A Derrames (espa\u00f1ol) Negro + Env\u00edo a domicilio + Pago seguro + Garant\u00eda","breadcrumb":{"@id":"https:\/\/compuviper.mx\/tienda\/producto\/logitech-920-004422-teclado-k120-alambrico-usb-resistente-a-derrames-espaol-negro\/#breadcrumb"},"inLanguage":"es-MX","potentialAction":[{"@type":"ReadAction","target":["https:\/\/compuviper.mx\/tienda\/producto\/logitech-920-004422-teclado-k120-alambrico-usb-resistente-a-derrames-espaol-negro\/"]}]},{"@type":"BreadcrumbList","@id":"https:\/\/compuviper.mx\/tienda\/producto\/logitech-920-004422-teclado-k120-alambrico-usb-resistente-a-derrames-espaol-negro\/#breadcrumb","itemListElement":[{"@type":"ListItem","position":1,"name":"Inicio","item":"https:\/\/compuviper.mx\/tienda\/"},{"@type":"ListItem","position":2,"name":"Productos","item":"https:\/\/compuviper.mx\/tienda\/productos\/"},{"@type":"ListItem","position":3,"name":"Teclados","item":"https:\/\/compuviper.mx\/tienda\/categoria-producto\/teclados\/"},{"@type":"ListItem","position":4,"name":"Basico","item":"https:\/\/compuviper.mx\/tienda\/categoria-producto\/teclados\/basico\/"},{"@type":"ListItem","position":5,"name":"Logitech 920-004422 Teclado K120 Alambrico Usb Resistente A Derrames (espa?ol) Negro"}]},{"@type":"WebSite","@id":"https:\/\/compuviper.mx\/tienda\/#website","url":"https:\/\/compuviper.mx\/tienda\/","name":"Compuviper","description":"Proveedor de Computadoras, Laptops, Servidores, Monitores, Puntos de Venta, Teclados,   Impresoras, T\u00f3ner, C\u00e1maras de Seguridad y m\u00e1s en tu tienda en l\u00ednea","publisher":{"@id":"https:\/\/compuviper.mx\/tienda\/#organization"},"potentialAction":[{"@type":"SearchAction","target":{"@type":"EntryPoint","urlTemplate":"https:\/\/compuviper.mx\/tienda\/?s={search_term_string}"},"query-input":"required name=search_term_string"}],"inLanguage":"es-MX"},{"@type":"Organization","@id":"https:\/\/compuviper.mx\/tienda\/#organization","name":"Compuviper","url":"https:\/\/compuviper.mx\/tienda\/","logo":{"@type":"ImageObject","inLanguage":"es-MX","@id":"https:\/\/compuviper.mx\/tienda\/#\/schema\/logo\/image\/","url":"https:\/\/compuviper.mx\/tienda\/wp-content\/uploads\/2021\/08\/Logo-Compuviper-10.png","contentUrl":"https:\/\/compuviper.mx\/tienda\/wp-content\/uploads\/2021\/08\/Logo-Compuviper-10.png","width":1000,"height":500,"caption":"Compuviper"},"image":{"@id":"https:\/\/compuviper.mx\/tienda\/#\/schema\/logo\/image\/"},"sameAs":["https:\/\/www.facebook.com\/compuviper","https:\/\/www.youtube.com\/channel\/UCf73dERp9Y3cfOq7q8BhLjA?view_as=subscriber"]}]},"product_brand":"LOGITECH","product_price_amount":"243","product_price_currency":"MXN","og_availability":"instock","product_availability":"instock","product_retailer_item_id":"920-004422","product_condition":"new"},"_links":{"self":[{"href":"https:\/\/compuviper.mx\/tienda\/wp-json\/wp\/v2\/product\/219047"}],"collection":[{"href":"https:\/\/compuviper.mx\/tienda\/wp-json\/wp\/v2\/product"}],"about":[{"href":"https:\/\/compuviper.mx\/tienda\/wp-json\/wp\/v2\/types\/product"}],"replies":[{"embeddable":true,"href":"https:\/\/compuviper.mx\/tienda\/wp-json\/wp\/v2\/comments?post=219047"}],"wp:featuredmedia":[{"embeddable":true,"href":"https:\/\/compuviper.mx\/tienda\/wp-json\/wp\/v2\/media\/219048"}],"wp:attachment":[{"href":"https:\/\/compuviper.mx\/tienda\/wp-json\/wp\/v2\/media?parent=219047"}],"wp:term":[{"taxonomy":"product_cat","embeddable":true,"href":"https:\/\/compuviper.mx\/tienda\/wp-json\/wp\/v2\/product_cat?post=219047"},{"taxonomy":"product_tag","embeddable":true,"href":"https:\/\/compuviper.mx\/tienda\/wp-json\/wp\/v2\/product_tag?post=219047"}],"curies":[{"name":"wp","href":"https:\/\/api.w.org\/{rel}","templated":true}]}}