{"id":218983,"date":"2026-04-11T00:40:12","date_gmt":"2026-04-11T06:40:12","guid":{"rendered":"https:\/\/compuviper.mx\/tienda\/producto\/x-fusion-0255y047-unidad-de-estado-solido-xfusion-ssd-960gb-sata-6gb-s-read-intensive-s4520-series-2-5-inch-2-5inch-drive-bay\/"},"modified":"2026-04-11T00:40:12","modified_gmt":"2026-04-11T06:40:12","slug":"x-fusion-0255y047-unidad-de-estado-solido-xfusion-ssd-960gb-sata-6gb-s-read-intensive-s4520-series-2-5-inch-2-5inch-drive-bay","status":"publish","type":"product","link":"https:\/\/compuviper.mx\/tienda\/producto\/x-fusion-0255y047-unidad-de-estado-solido-xfusion-ssd-960gb-sata-6gb-s-read-intensive-s4520-series-2-5-inch-2-5inch-drive-bay\/","title":{"rendered":"X-fusion 0255y047 Unidad De Estado Solido Xfusion Ssd 960gb Sata 6gb\/s Read Intensive S4520 Series 2.5 Inch (2.5inch Drive Bay)"},"content":{"rendered":"<table class=\"descripcion\">\n<tr>\n<td>Modelo del producto hdd2400ge2mv6<\/td>\n<\/tr>\n<tr>\n<td>Marca xfusion<\/td>\n<\/tr>\n<tr>\n<td>Almacenamiento<\/td>\n<\/tr>\n<tr>\n<td>Capacidad  total 960 gb<\/td>\n<\/tr>\n<tr>\n<td>Unidad de estado solido \/ ssd<\/td>\n<\/tr>\n<tr>\n<td>Tipo de memoria flash<\/td>\n<\/tr>\n<tr>\n<td>Conectores<\/td>\n<\/tr>\n<tr>\n<td>Conexion sata<\/td>\n<\/tr>\n<tr>\n<td>Interfaz sata 6gb \/ s<\/td>\n<\/tr>\n<tr>\n<td>Factor de forma 2.5 pulgadas 2.5 inch drive bay<\/td>\n<\/tr>\n<\/table>\n","protected":false},"excerpt":{"rendered":"<p>Descubre el poder del almacenamiento veloz y confiable con el ssd hdd2400ge2mv6 de la prestigiosa marca xfusion. Este impresionante dispositivo de estado solido te ofrece una capacidad total de almacenamiento de 960 gb, brindandote el espacio necesario para almacenar y acceder a tus datos esenciales. El ssd hdd2400ge2mv6 esta equipado con la ultima tecnologia de memoria flash, lo que garantiza un rendimiento excepcional y una velocidad sobresaliente para tus aplicaciones y operaciones de datos mas demandantes. Su conexion sata con una velocidad de 6 gb\/s te permite transferir datos de manera rapida y eficiente, optimizando tus tareas y ahorrando tiempo en tus operaciones diarias. Dise\u00f1ado en un factor de forma de 2.5 pulgadas y compatible con una bahia de unidad de 2.5 pulgadas, el hdd2400ge2mv6 se adapta perfectamente a tu configuracion de almacenamiento actual, facilitando su integracion y asegurando un funcionamiento sin complicaciones. Confia en la marca xfusion y en la calidad confiable del ssd hdd2400ge2mv6 para proteger y gestionar tus datos mas valiosos de manera segura y eficiente. Optimiza tu rendimiento y disfruta de un almacenamiento veloz y seguro con el ssd hdd2400ge2mv6. \u00a1potencia tus operaciones diarias y lleva tus capacidades de almacenamiento a un nuevo nivel con este poderoso dispositivo de estado solido!<\/p>\n","protected":false},"featured_media":218984,"comment_status":"open","ping_status":"open","template":"","meta":[],"product_cat":[1703,1708],"product_tag":[2205],"acf":[],"yoast_head":"<!-- This site is optimized with the Yoast SEO plugin v21.7 - https:\/\/yoast.com\/wordpress\/plugins\/seo\/ -->\n<title>[ X-fusion ] &#129351; 0255y047 Unidad De Estado Solido Xfusion Ssd 960gb Sata 6gb\/s Read Intensive S4520 Series 2.5 Inch (2.5inch Drive Bay)<\/title>\n<meta name=\"description\" content=\"Compra 0255y047 Unidad De Estado Solido Xfusion Ssd 960gb Sata 6gb\/s Read Intensive S4520 Series 2.5 Inch (2.5inch Drive Bay) + Env\u00edo a domicilio + Pago seguro + Garant\u00eda\" \/>\n<meta name=\"robots\" content=\"index, follow, max-snippet:-1, max-image-preview:large, max-video-preview:-1\" \/>\n<link rel=\"canonical\" href=\"https:\/\/compuviper.mx\/tienda\/producto\/x-fusion-0255y047-unidad-de-estado-solido-xfusion-ssd-960gb-sata-6gb-s-read-intensive-s4520-series-2-5-inch-2-5inch-drive-bay\/\" \/>\n<meta property=\"og:locale\" content=\"es_MX\" \/>\n<meta property=\"og:type\" content=\"article\" \/>\n<meta property=\"og:title\" content=\"[ X-fusion ] &#129351; 0255y047 Unidad De Estado Solido Xfusion Ssd 960gb Sata 6gb\/s Read Intensive S4520 Series 2.5 Inch (2.5inch Drive Bay)\" \/>\n<meta property=\"og:description\" content=\"Compra 0255y047 Unidad De Estado Solido Xfusion Ssd 960gb Sata 6gb\/s Read Intensive S4520 Series 2.5 Inch (2.5inch Drive Bay) + Env\u00edo a domicilio + Pago seguro + Garant\u00eda\" \/>\n<meta property=\"og:url\" content=\"https:\/\/compuviper.mx\/tienda\/producto\/x-fusion-0255y047-unidad-de-estado-solido-xfusion-ssd-960gb-sata-6gb-s-read-intensive-s4520-series-2-5-inch-2-5inch-drive-bay\/\" \/>\n<meta property=\"og:site_name\" content=\"Compuviper\" \/>\n<meta property=\"article:publisher\" content=\"https:\/\/www.facebook.com\/compuviper\" \/>\n<meta property=\"og:image\" content=\"https:\/\/compuviper.mx\/tienda\/wp-content\/uploads\/2023\/12\/Unidad-de-estado-solido-xfusion-ssd-960gb-sata-6gbs-read-intensive-s4520-series-2.5-inch-2.5inch-drive-bay.jpg\" \/>\n\t<meta property=\"og:image:width\" content=\"200\" \/>\n\t<meta property=\"og:image:height\" content=\"200\" \/>\n\t<meta property=\"og:image:type\" content=\"image\/jpeg\" \/>\n<meta name=\"twitter:card\" content=\"summary_large_image\" \/>\n<meta name=\"twitter:label1\" content=\"Precio\" \/>\n\t<meta name=\"twitter:data1\" content=\"&#36;3,879 con IVA\" \/>\n\t<meta name=\"twitter:label2\" content=\"Availability\" \/>\n\t<meta name=\"twitter:data2\" content=\"Out of stock\" \/>\n<script type=\"application\/ld+json\" class=\"yoast-schema-graph\">{\"@context\":\"https:\/\/schema.org\",\"@graph\":[{\"@type\":\"WebPage\",\"@id\":\"https:\/\/compuviper.mx\/tienda\/producto\/x-fusion-0255y047-unidad-de-estado-solido-xfusion-ssd-960gb-sata-6gb-s-read-intensive-s4520-series-2-5-inch-2-5inch-drive-bay\/\",\"url\":\"https:\/\/compuviper.mx\/tienda\/producto\/x-fusion-0255y047-unidad-de-estado-solido-xfusion-ssd-960gb-sata-6gb-s-read-intensive-s4520-series-2-5-inch-2-5inch-drive-bay\/\",\"name\":\"[ X-fusion ] &#129351; 0255y047 Unidad De Estado Solido Xfusion Ssd 960gb Sata 6gb\/s Read Intensive S4520 Series 2.5 Inch (2.5inch Drive Bay)\",\"isPartOf\":{\"@id\":\"https:\/\/compuviper.mx\/tienda\/#website\"},\"datePublished\":\"2026-04-11T06:40:12+00:00\",\"dateModified\":\"2026-04-11T06:40:12+00:00\",\"description\":\"Compra 0255y047 Unidad De Estado Solido Xfusion Ssd 960gb Sata 6gb\/s Read Intensive S4520 Series 2.5 Inch (2.5inch Drive Bay) + Env\u00edo a domicilio + Pago seguro + Garant\u00eda\",\"breadcrumb\":{\"@id\":\"https:\/\/compuviper.mx\/tienda\/producto\/x-fusion-0255y047-unidad-de-estado-solido-xfusion-ssd-960gb-sata-6gb-s-read-intensive-s4520-series-2-5-inch-2-5inch-drive-bay\/#breadcrumb\"},\"inLanguage\":\"es-MX\",\"potentialAction\":[{\"@type\":\"ReadAction\",\"target\":[\"https:\/\/compuviper.mx\/tienda\/producto\/x-fusion-0255y047-unidad-de-estado-solido-xfusion-ssd-960gb-sata-6gb-s-read-intensive-s4520-series-2-5-inch-2-5inch-drive-bay\/\"]}]},{\"@type\":\"BreadcrumbList\",\"@id\":\"https:\/\/compuviper.mx\/tienda\/producto\/x-fusion-0255y047-unidad-de-estado-solido-xfusion-ssd-960gb-sata-6gb-s-read-intensive-s4520-series-2-5-inch-2-5inch-drive-bay\/#breadcrumb\",\"itemListElement\":[{\"@type\":\"ListItem\",\"position\":1,\"name\":\"Inicio\",\"item\":\"https:\/\/compuviper.mx\/tienda\/\"},{\"@type\":\"ListItem\",\"position\":2,\"name\":\"Productos\",\"item\":\"https:\/\/compuviper.mx\/tienda\/productos\/\"},{\"@type\":\"ListItem\",\"position\":3,\"name\":\"Discos Duros\",\"item\":\"https:\/\/compuviper.mx\/tienda\/categoria-producto\/discos-duros\/\"},{\"@type\":\"ListItem\",\"position\":4,\"name\":\"Unidad De Estado Solido\",\"item\":\"https:\/\/compuviper.mx\/tienda\/categoria-producto\/discos-duros\/unidad-de-estado-solido\/\"},{\"@type\":\"ListItem\",\"position\":5,\"name\":\"X-fusion 0255y047 Unidad De Estado Solido Xfusion Ssd 960gb Sata 6gb\/s Read Intensive S4520 Series 2.5 Inch (2.5inch Drive Bay)\"}]},{\"@type\":\"WebSite\",\"@id\":\"https:\/\/compuviper.mx\/tienda\/#website\",\"url\":\"https:\/\/compuviper.mx\/tienda\/\",\"name\":\"Compuviper\",\"description\":\"Proveedor de Computadoras, Laptops, Servidores, Monitores, Puntos de Venta, Teclados,   Impresoras, T\u00f3ner, C\u00e1maras de Seguridad y m\u00e1s en tu tienda en l\u00ednea\",\"publisher\":{\"@id\":\"https:\/\/compuviper.mx\/tienda\/#organization\"},\"potentialAction\":[{\"@type\":\"SearchAction\",\"target\":{\"@type\":\"EntryPoint\",\"urlTemplate\":\"https:\/\/compuviper.mx\/tienda\/?s={search_term_string}\"},\"query-input\":\"required name=search_term_string\"}],\"inLanguage\":\"es-MX\"},{\"@type\":\"Organization\",\"@id\":\"https:\/\/compuviper.mx\/tienda\/#organization\",\"name\":\"Compuviper\",\"url\":\"https:\/\/compuviper.mx\/tienda\/\",\"logo\":{\"@type\":\"ImageObject\",\"inLanguage\":\"es-MX\",\"@id\":\"https:\/\/compuviper.mx\/tienda\/#\/schema\/logo\/image\/\",\"url\":\"https:\/\/compuviper.mx\/tienda\/wp-content\/uploads\/2021\/08\/Logo-Compuviper-10.png\",\"contentUrl\":\"https:\/\/compuviper.mx\/tienda\/wp-content\/uploads\/2021\/08\/Logo-Compuviper-10.png\",\"width\":1000,\"height\":500,\"caption\":\"Compuviper\"},\"image\":{\"@id\":\"https:\/\/compuviper.mx\/tienda\/#\/schema\/logo\/image\/\"},\"sameAs\":[\"https:\/\/www.facebook.com\/compuviper\",\"https:\/\/www.youtube.com\/channel\/UCf73dERp9Y3cfOq7q8BhLjA?view_as=subscriber\"]}]}<\/script>\n<meta property=\"product:brand\" content=\"X-fusion\" \/>\n<meta property=\"product:price:amount\" content=\"3879\" \/>\n<meta property=\"product:price:currency\" content=\"MXN\" \/>\n<meta property=\"og:availability\" content=\"out of stock\" \/>\n<meta property=\"product:availability\" content=\"out of stock\" \/>\n<meta property=\"product:retailer_item_id\" content=\"0255Y047\" \/>\n<meta property=\"product:condition\" content=\"new\" \/>\n<!-- \/ Yoast SEO plugin. -->","yoast_head_json":{"title":"[ X-fusion ] &#129351; 0255y047 Unidad De Estado Solido Xfusion Ssd 960gb Sata 6gb\/s Read Intensive S4520 Series 2.5 Inch (2.5inch Drive Bay)","description":"Compra 0255y047 Unidad De Estado Solido Xfusion Ssd 960gb Sata 6gb\/s Read Intensive S4520 Series 2.5 Inch (2.5inch Drive Bay) + Env\u00edo a domicilio + Pago seguro + Garant\u00eda","robots":{"index":"index","follow":"follow","max-snippet":"max-snippet:-1","max-image-preview":"max-image-preview:large","max-video-preview":"max-video-preview:-1"},"canonical":"https:\/\/compuviper.mx\/tienda\/producto\/x-fusion-0255y047-unidad-de-estado-solido-xfusion-ssd-960gb-sata-6gb-s-read-intensive-s4520-series-2-5-inch-2-5inch-drive-bay\/","og_locale":"es_MX","og_type":"article","og_title":"[ X-fusion ] &#129351; 0255y047 Unidad De Estado Solido Xfusion Ssd 960gb Sata 6gb\/s Read Intensive S4520 Series 2.5 Inch (2.5inch Drive Bay)","og_description":"Compra 0255y047 Unidad De Estado Solido Xfusion Ssd 960gb Sata 6gb\/s Read Intensive S4520 Series 2.5 Inch (2.5inch Drive Bay) + Env\u00edo a domicilio + Pago seguro + Garant\u00eda","og_url":"https:\/\/compuviper.mx\/tienda\/producto\/x-fusion-0255y047-unidad-de-estado-solido-xfusion-ssd-960gb-sata-6gb-s-read-intensive-s4520-series-2-5-inch-2-5inch-drive-bay\/","og_site_name":"Compuviper","article_publisher":"https:\/\/www.facebook.com\/compuviper","og_image":[{"width":200,"height":200,"url":"https:\/\/compuviper.mx\/tienda\/wp-content\/uploads\/2023\/12\/Unidad-de-estado-solido-xfusion-ssd-960gb-sata-6gbs-read-intensive-s4520-series-2.5-inch-2.5inch-drive-bay.jpg","type":"image\/jpeg"}],"twitter_card":"summary_large_image","twitter_misc":{"Precio":"&#36;3,879 con IVA","Availability":"Out of stock"},"schema":{"@context":"https:\/\/schema.org","@graph":[{"@type":"WebPage","@id":"https:\/\/compuviper.mx\/tienda\/producto\/x-fusion-0255y047-unidad-de-estado-solido-xfusion-ssd-960gb-sata-6gb-s-read-intensive-s4520-series-2-5-inch-2-5inch-drive-bay\/","url":"https:\/\/compuviper.mx\/tienda\/producto\/x-fusion-0255y047-unidad-de-estado-solido-xfusion-ssd-960gb-sata-6gb-s-read-intensive-s4520-series-2-5-inch-2-5inch-drive-bay\/","name":"[ X-fusion ] &#129351; 0255y047 Unidad De Estado Solido Xfusion Ssd 960gb Sata 6gb\/s Read Intensive S4520 Series 2.5 Inch (2.5inch Drive Bay)","isPartOf":{"@id":"https:\/\/compuviper.mx\/tienda\/#website"},"datePublished":"2026-04-11T06:40:12+00:00","dateModified":"2026-04-11T06:40:12+00:00","description":"Compra 0255y047 Unidad De Estado Solido Xfusion Ssd 960gb Sata 6gb\/s Read Intensive S4520 Series 2.5 Inch (2.5inch Drive Bay) + Env\u00edo a domicilio + Pago seguro + Garant\u00eda","breadcrumb":{"@id":"https:\/\/compuviper.mx\/tienda\/producto\/x-fusion-0255y047-unidad-de-estado-solido-xfusion-ssd-960gb-sata-6gb-s-read-intensive-s4520-series-2-5-inch-2-5inch-drive-bay\/#breadcrumb"},"inLanguage":"es-MX","potentialAction":[{"@type":"ReadAction","target":["https:\/\/compuviper.mx\/tienda\/producto\/x-fusion-0255y047-unidad-de-estado-solido-xfusion-ssd-960gb-sata-6gb-s-read-intensive-s4520-series-2-5-inch-2-5inch-drive-bay\/"]}]},{"@type":"BreadcrumbList","@id":"https:\/\/compuviper.mx\/tienda\/producto\/x-fusion-0255y047-unidad-de-estado-solido-xfusion-ssd-960gb-sata-6gb-s-read-intensive-s4520-series-2-5-inch-2-5inch-drive-bay\/#breadcrumb","itemListElement":[{"@type":"ListItem","position":1,"name":"Inicio","item":"https:\/\/compuviper.mx\/tienda\/"},{"@type":"ListItem","position":2,"name":"Productos","item":"https:\/\/compuviper.mx\/tienda\/productos\/"},{"@type":"ListItem","position":3,"name":"Discos Duros","item":"https:\/\/compuviper.mx\/tienda\/categoria-producto\/discos-duros\/"},{"@type":"ListItem","position":4,"name":"Unidad De Estado Solido","item":"https:\/\/compuviper.mx\/tienda\/categoria-producto\/discos-duros\/unidad-de-estado-solido\/"},{"@type":"ListItem","position":5,"name":"X-fusion 0255y047 Unidad De Estado Solido Xfusion Ssd 960gb Sata 6gb\/s Read Intensive S4520 Series 2.5 Inch (2.5inch Drive Bay)"}]},{"@type":"WebSite","@id":"https:\/\/compuviper.mx\/tienda\/#website","url":"https:\/\/compuviper.mx\/tienda\/","name":"Compuviper","description":"Proveedor de Computadoras, Laptops, Servidores, Monitores, Puntos de Venta, Teclados,   Impresoras, T\u00f3ner, C\u00e1maras de Seguridad y m\u00e1s en tu tienda en l\u00ednea","publisher":{"@id":"https:\/\/compuviper.mx\/tienda\/#organization"},"potentialAction":[{"@type":"SearchAction","target":{"@type":"EntryPoint","urlTemplate":"https:\/\/compuviper.mx\/tienda\/?s={search_term_string}"},"query-input":"required name=search_term_string"}],"inLanguage":"es-MX"},{"@type":"Organization","@id":"https:\/\/compuviper.mx\/tienda\/#organization","name":"Compuviper","url":"https:\/\/compuviper.mx\/tienda\/","logo":{"@type":"ImageObject","inLanguage":"es-MX","@id":"https:\/\/compuviper.mx\/tienda\/#\/schema\/logo\/image\/","url":"https:\/\/compuviper.mx\/tienda\/wp-content\/uploads\/2021\/08\/Logo-Compuviper-10.png","contentUrl":"https:\/\/compuviper.mx\/tienda\/wp-content\/uploads\/2021\/08\/Logo-Compuviper-10.png","width":1000,"height":500,"caption":"Compuviper"},"image":{"@id":"https:\/\/compuviper.mx\/tienda\/#\/schema\/logo\/image\/"},"sameAs":["https:\/\/www.facebook.com\/compuviper","https:\/\/www.youtube.com\/channel\/UCf73dERp9Y3cfOq7q8BhLjA?view_as=subscriber"]}]},"product_brand":"X-fusion","product_price_amount":"3879","product_price_currency":"MXN","og_availability":"out of stock","product_availability":"out of stock","product_retailer_item_id":"0255Y047","product_condition":"new"},"_links":{"self":[{"href":"https:\/\/compuviper.mx\/tienda\/wp-json\/wp\/v2\/product\/218983"}],"collection":[{"href":"https:\/\/compuviper.mx\/tienda\/wp-json\/wp\/v2\/product"}],"about":[{"href":"https:\/\/compuviper.mx\/tienda\/wp-json\/wp\/v2\/types\/product"}],"replies":[{"embeddable":true,"href":"https:\/\/compuviper.mx\/tienda\/wp-json\/wp\/v2\/comments?post=218983"}],"wp:featuredmedia":[{"embeddable":true,"href":"https:\/\/compuviper.mx\/tienda\/wp-json\/wp\/v2\/media\/218984"}],"wp:attachment":[{"href":"https:\/\/compuviper.mx\/tienda\/wp-json\/wp\/v2\/media?parent=218983"}],"wp:term":[{"taxonomy":"product_cat","embeddable":true,"href":"https:\/\/compuviper.mx\/tienda\/wp-json\/wp\/v2\/product_cat?post=218983"},{"taxonomy":"product_tag","embeddable":true,"href":"https:\/\/compuviper.mx\/tienda\/wp-json\/wp\/v2\/product_tag?post=218983"}],"curies":[{"name":"wp","href":"https:\/\/api.w.org\/{rel}","templated":true}]}}