{"id":218874,"date":"2026-04-09T00:46:05","date_gmt":"2026-04-09T06:46:05","guid":{"rendered":"https:\/\/compuviper.mx\/tienda\/producto\/synology-sat5210-7000g-disco-de-estado-solido-ssd-2-5-7tb-sata-6gb-s-7mm-lectura-530-mb-s-escritura-500-mb-s\/"},"modified":"2026-04-09T00:46:05","modified_gmt":"2026-04-09T06:46:05","slug":"synology-sat5210-7000g-disco-de-estado-solido-ssd-2-5-7tb-sata-6gb-s-7mm-lectura-530-mb-s-escritura-500-mb-s","status":"publish","type":"product","link":"https:\/\/compuviper.mx\/tienda\/producto\/synology-sat5210-7000g-disco-de-estado-solido-ssd-2-5-7tb-sata-6gb-s-7mm-lectura-530-mb-s-escritura-500-mb-s\/","title":{"rendered":"Synology Sat5210-7000g Disco De Estado Solido   Ssd 2.5 7tb Sata 6gb\/s 7mm Lectura 530 Mb\/s Escritura 500 Mb\/s"},"content":{"rendered":"<table class=\"descripcion\">\n<tr>\n<td>Especificaciones tecnicas<\/td>\n<\/tr>\n<tr>\n<td>Especificaciones de hardware<\/td>\n<\/tr>\n<tr>\n<td>Numero de modelo: sat5210-7000g<\/td>\n<\/tr>\n<tr>\n<td>Capacidad: 7 tb<\/td>\n<\/tr>\n<tr>\n<td>Factor de forma: 2,5 7 mm<\/td>\n<\/tr>\n<tr>\n<td>Interfaz: sata 6 gb\/s<\/td>\n<\/tr>\n<tr>\n<td>Rendimiento<\/td>\n<\/tr>\n<tr>\n<td>Lectura secuencial de hasta 530 mb\/s<\/td>\n<\/tr>\n<tr>\n<td>Escritura secuencial de hasta 500 mb\/s<\/td>\n<\/tr>\n<tr>\n<td>Lectura aleatoria de hasta 97 000 iops<\/td>\n<\/tr>\n<tr>\n<td>Escritura aleatoria de hasta 50 000 iops<\/td>\n<\/tr>\n<tr>\n<td>Resistencia y fiabilidad<\/td>\n<\/tr>\n<tr>\n<td>Terabytes escritos (tbw) 11.460 tb<\/td>\n<\/tr>\n<tr>\n<td>Promedio de tiempo entre averias (mtbf) 1,5 millones de horas<\/td>\n<\/tr>\n<tr>\n<td>Tasas de errores de bits no corregibles (uber)   1 sector por cada 1017 bits leidos<\/td>\n<\/tr>\n<tr>\n<td>Proteccion contra perdida de energia: si<\/td>\n<\/tr>\n<tr>\n<td>Consumo electrico<\/td>\n<\/tr>\n<tr>\n<td>Tension de alimentacion 5 v (\u00b1 5 %)<\/td>\n<\/tr>\n<tr>\n<td>Lectura activa (tip.) 3,3 w<\/td>\n<\/tr>\n<tr>\n<td>Escritura activa (tip.) 5,1 w<\/td>\n<\/tr>\n<tr>\n<td>Inactivo 1,8 w<\/td>\n<\/tr>\n<tr>\n<td>Temperatura<\/td>\n<\/tr>\n<tr>\n<td>Temperatura de funcionamiento de 0 \u00b0c a 70 \u00b0c (de 32 \u00b0f a 158 \u00b0f)<\/td>\n<\/tr>\n<tr>\n<td>Temperatura de almacenamiento de -40 \u00b0c a 85 \u00b0c (de -40 \u00b0f a 185 \u00b0f)<\/td>\n<\/tr>\n<tr>\n<td>Dimensiones (al. x an. x pr.) 7,0 mm x 69,85 mm x 100 mm<\/td>\n<\/tr>\n<tr>\n<td>Entorno cumple con la normativa rohs<\/td>\n<\/tr>\n<tr>\n<td>Certificacion ce, fcc, vcci, rcm, bsmi, kc, rohs<\/td>\n<\/tr>\n<\/table>\n","protected":false},"excerpt":{"rendered":"<p>Descripcion comercial. Ssd de alto rendimiento con resistencia y fiabilidad de nivel empresarial. Las ssd sata serie sat5210 de synology ofrecen un rendimiento de e\/s estable a la vez que reduce la latencia de los servicios y aplicaciones cr\u00edticos. Se han dise\u00f1ado para gestionar cargas de trabajo de e\/s mixtas e intensivas sin sacrificar la resistencia, ofreciendo una experiencia de almacenamiento optimizada en los sistemas de synology y minimizando la interrupci\u00f3n del servicio. Las ssd sat5210 incluyen avanzados an\u00e1lisis de vida \u00fatil y est\u00e1n respaldadas por la garant\u00eda limitada.<\/p>\n","protected":false},"featured_media":218875,"comment_status":"open","ping_status":"open","template":"","meta":[],"product_cat":[1703,1708],"product_tag":[1561],"acf":[],"yoast_head":"<!-- This site is optimized with the Yoast SEO plugin v21.7 - https:\/\/yoast.com\/wordpress\/plugins\/seo\/ -->\n<title>[ Synology ] &#129351; Sat5210-7000g Disco De Estado Solido Ssd 2.5 7tb Sata 6gb\/s 7mm Lectura 530 Mb\/s Escritura 500 Mb\/s<\/title>\n<meta name=\"description\" content=\"Compra Sat5210-7000g Disco De Estado Solido Ssd 2.5 7tb Sata 6gb\/s 7mm Lectura 530 Mb\/s Escritura 500 Mb\/s + Env\u00edo a domicilio + Pago seguro + Garant\u00eda\" \/>\n<meta name=\"robots\" content=\"index, follow, max-snippet:-1, max-image-preview:large, max-video-preview:-1\" \/>\n<link rel=\"canonical\" href=\"https:\/\/compuviper.mx\/tienda\/producto\/synology-sat5210-7000g-disco-de-estado-solido-ssd-2-5-7tb-sata-6gb-s-7mm-lectura-530-mb-s-escritura-500-mb-s\/\" \/>\n<meta property=\"og:locale\" content=\"es_MX\" \/>\n<meta property=\"og:type\" content=\"article\" \/>\n<meta property=\"og:title\" content=\"[ Synology ] &#129351; Sat5210-7000g Disco De Estado Solido Ssd 2.5 7tb Sata 6gb\/s 7mm Lectura 530 Mb\/s Escritura 500 Mb\/s\" \/>\n<meta property=\"og:description\" content=\"Compra Sat5210-7000g Disco De Estado Solido Ssd 2.5 7tb Sata 6gb\/s 7mm Lectura 530 Mb\/s Escritura 500 Mb\/s + Env\u00edo a domicilio + Pago seguro + Garant\u00eda\" \/>\n<meta property=\"og:url\" content=\"https:\/\/compuviper.mx\/tienda\/producto\/synology-sat5210-7000g-disco-de-estado-solido-ssd-2-5-7tb-sata-6gb-s-7mm-lectura-530-mb-s-escritura-500-mb-s\/\" \/>\n<meta property=\"og:site_name\" content=\"Compuviper\" \/>\n<meta property=\"article:publisher\" content=\"https:\/\/www.facebook.com\/compuviper\" \/>\n<meta property=\"og:image\" content=\"https:\/\/compuviper.mx\/tienda\/wp-content\/uploads\/2023\/12\/Disco-de-estado-solido-synology-sat5210-7000g-ssd-2.5-7tb-sata-6gbs-7mm-lectura-530-mbs-escritura-500-mbs.jpg\" \/>\n\t<meta property=\"og:image:width\" content=\"200\" \/>\n\t<meta property=\"og:image:height\" content=\"200\" \/>\n\t<meta property=\"og:image:type\" content=\"image\/jpeg\" \/>\n<meta name=\"twitter:card\" content=\"summary_large_image\" \/>\n<meta name=\"twitter:label1\" content=\"Precio\" \/>\n\t<meta name=\"twitter:data1\" content=\"&#36;128,053 con IVA\" \/>\n\t<meta name=\"twitter:label2\" content=\"Availability\" \/>\n\t<meta name=\"twitter:data2\" content=\"On backorder\" \/>\n<script type=\"application\/ld+json\" class=\"yoast-schema-graph\">{\"@context\":\"https:\/\/schema.org\",\"@graph\":[{\"@type\":\"WebPage\",\"@id\":\"https:\/\/compuviper.mx\/tienda\/producto\/synology-sat5210-7000g-disco-de-estado-solido-ssd-2-5-7tb-sata-6gb-s-7mm-lectura-530-mb-s-escritura-500-mb-s\/\",\"url\":\"https:\/\/compuviper.mx\/tienda\/producto\/synology-sat5210-7000g-disco-de-estado-solido-ssd-2-5-7tb-sata-6gb-s-7mm-lectura-530-mb-s-escritura-500-mb-s\/\",\"name\":\"[ Synology ] &#129351; Sat5210-7000g Disco De Estado Solido Ssd 2.5 7tb Sata 6gb\/s 7mm Lectura 530 Mb\/s Escritura 500 Mb\/s\",\"isPartOf\":{\"@id\":\"https:\/\/compuviper.mx\/tienda\/#website\"},\"datePublished\":\"2026-04-09T06:46:05+00:00\",\"dateModified\":\"2026-04-09T06:46:05+00:00\",\"description\":\"Compra Sat5210-7000g Disco De Estado Solido Ssd 2.5 7tb Sata 6gb\/s 7mm Lectura 530 Mb\/s Escritura 500 Mb\/s + Env\u00edo a domicilio + Pago seguro + Garant\u00eda\",\"breadcrumb\":{\"@id\":\"https:\/\/compuviper.mx\/tienda\/producto\/synology-sat5210-7000g-disco-de-estado-solido-ssd-2-5-7tb-sata-6gb-s-7mm-lectura-530-mb-s-escritura-500-mb-s\/#breadcrumb\"},\"inLanguage\":\"es-MX\",\"potentialAction\":[{\"@type\":\"ReadAction\",\"target\":[\"https:\/\/compuviper.mx\/tienda\/producto\/synology-sat5210-7000g-disco-de-estado-solido-ssd-2-5-7tb-sata-6gb-s-7mm-lectura-530-mb-s-escritura-500-mb-s\/\"]}]},{\"@type\":\"BreadcrumbList\",\"@id\":\"https:\/\/compuviper.mx\/tienda\/producto\/synology-sat5210-7000g-disco-de-estado-solido-ssd-2-5-7tb-sata-6gb-s-7mm-lectura-530-mb-s-escritura-500-mb-s\/#breadcrumb\",\"itemListElement\":[{\"@type\":\"ListItem\",\"position\":1,\"name\":\"Inicio\",\"item\":\"https:\/\/compuviper.mx\/tienda\/\"},{\"@type\":\"ListItem\",\"position\":2,\"name\":\"Productos\",\"item\":\"https:\/\/compuviper.mx\/tienda\/productos\/\"},{\"@type\":\"ListItem\",\"position\":3,\"name\":\"Discos Duros\",\"item\":\"https:\/\/compuviper.mx\/tienda\/categoria-producto\/discos-duros\/\"},{\"@type\":\"ListItem\",\"position\":4,\"name\":\"Unidad De Estado Solido\",\"item\":\"https:\/\/compuviper.mx\/tienda\/categoria-producto\/discos-duros\/unidad-de-estado-solido\/\"},{\"@type\":\"ListItem\",\"position\":5,\"name\":\"Synology Sat5210-7000g Disco De Estado Solido Ssd 2.5 7tb Sata 6gb\/s 7mm Lectura 530 Mb\/s Escritura 500 Mb\/s\"}]},{\"@type\":\"WebSite\",\"@id\":\"https:\/\/compuviper.mx\/tienda\/#website\",\"url\":\"https:\/\/compuviper.mx\/tienda\/\",\"name\":\"Compuviper\",\"description\":\"Proveedor de Computadoras, Laptops, Servidores, Monitores, Puntos de Venta, Teclados,   Impresoras, T\u00f3ner, C\u00e1maras de Seguridad y m\u00e1s en tu tienda en l\u00ednea\",\"publisher\":{\"@id\":\"https:\/\/compuviper.mx\/tienda\/#organization\"},\"potentialAction\":[{\"@type\":\"SearchAction\",\"target\":{\"@type\":\"EntryPoint\",\"urlTemplate\":\"https:\/\/compuviper.mx\/tienda\/?s={search_term_string}\"},\"query-input\":\"required name=search_term_string\"}],\"inLanguage\":\"es-MX\"},{\"@type\":\"Organization\",\"@id\":\"https:\/\/compuviper.mx\/tienda\/#organization\",\"name\":\"Compuviper\",\"url\":\"https:\/\/compuviper.mx\/tienda\/\",\"logo\":{\"@type\":\"ImageObject\",\"inLanguage\":\"es-MX\",\"@id\":\"https:\/\/compuviper.mx\/tienda\/#\/schema\/logo\/image\/\",\"url\":\"https:\/\/compuviper.mx\/tienda\/wp-content\/uploads\/2021\/08\/Logo-Compuviper-10.png\",\"contentUrl\":\"https:\/\/compuviper.mx\/tienda\/wp-content\/uploads\/2021\/08\/Logo-Compuviper-10.png\",\"width\":1000,\"height\":500,\"caption\":\"Compuviper\"},\"image\":{\"@id\":\"https:\/\/compuviper.mx\/tienda\/#\/schema\/logo\/image\/\"},\"sameAs\":[\"https:\/\/www.facebook.com\/compuviper\",\"https:\/\/www.youtube.com\/channel\/UCf73dERp9Y3cfOq7q8BhLjA?view_as=subscriber\"]}]}<\/script>\n<meta property=\"product:brand\" content=\"SYNOLOGY\" \/>\n<meta property=\"product:price:amount\" content=\"128053\" \/>\n<meta property=\"product:price:currency\" content=\"MXN\" \/>\n<meta property=\"og:availability\" content=\"backorder\" \/>\n<meta property=\"product:availability\" content=\"available for order\" \/>\n<meta property=\"product:retailer_item_id\" content=\"SAT5210-7000G\" \/>\n<meta property=\"product:condition\" content=\"new\" \/>\n<!-- \/ Yoast SEO plugin. -->","yoast_head_json":{"title":"[ Synology ] &#129351; Sat5210-7000g Disco De Estado Solido Ssd 2.5 7tb Sata 6gb\/s 7mm Lectura 530 Mb\/s Escritura 500 Mb\/s","description":"Compra Sat5210-7000g Disco De Estado Solido Ssd 2.5 7tb Sata 6gb\/s 7mm Lectura 530 Mb\/s Escritura 500 Mb\/s + Env\u00edo a domicilio + Pago seguro + Garant\u00eda","robots":{"index":"index","follow":"follow","max-snippet":"max-snippet:-1","max-image-preview":"max-image-preview:large","max-video-preview":"max-video-preview:-1"},"canonical":"https:\/\/compuviper.mx\/tienda\/producto\/synology-sat5210-7000g-disco-de-estado-solido-ssd-2-5-7tb-sata-6gb-s-7mm-lectura-530-mb-s-escritura-500-mb-s\/","og_locale":"es_MX","og_type":"article","og_title":"[ Synology ] &#129351; Sat5210-7000g Disco De Estado Solido Ssd 2.5 7tb Sata 6gb\/s 7mm Lectura 530 Mb\/s Escritura 500 Mb\/s","og_description":"Compra Sat5210-7000g Disco De Estado Solido Ssd 2.5 7tb Sata 6gb\/s 7mm Lectura 530 Mb\/s Escritura 500 Mb\/s + Env\u00edo a domicilio + Pago seguro + Garant\u00eda","og_url":"https:\/\/compuviper.mx\/tienda\/producto\/synology-sat5210-7000g-disco-de-estado-solido-ssd-2-5-7tb-sata-6gb-s-7mm-lectura-530-mb-s-escritura-500-mb-s\/","og_site_name":"Compuviper","article_publisher":"https:\/\/www.facebook.com\/compuviper","og_image":[{"width":200,"height":200,"url":"https:\/\/compuviper.mx\/tienda\/wp-content\/uploads\/2023\/12\/Disco-de-estado-solido-synology-sat5210-7000g-ssd-2.5-7tb-sata-6gbs-7mm-lectura-530-mbs-escritura-500-mbs.jpg","type":"image\/jpeg"}],"twitter_card":"summary_large_image","twitter_misc":{"Precio":"&#36;128,053 con IVA","Availability":"On backorder"},"schema":{"@context":"https:\/\/schema.org","@graph":[{"@type":"WebPage","@id":"https:\/\/compuviper.mx\/tienda\/producto\/synology-sat5210-7000g-disco-de-estado-solido-ssd-2-5-7tb-sata-6gb-s-7mm-lectura-530-mb-s-escritura-500-mb-s\/","url":"https:\/\/compuviper.mx\/tienda\/producto\/synology-sat5210-7000g-disco-de-estado-solido-ssd-2-5-7tb-sata-6gb-s-7mm-lectura-530-mb-s-escritura-500-mb-s\/","name":"[ Synology ] &#129351; Sat5210-7000g Disco De Estado Solido Ssd 2.5 7tb Sata 6gb\/s 7mm Lectura 530 Mb\/s Escritura 500 Mb\/s","isPartOf":{"@id":"https:\/\/compuviper.mx\/tienda\/#website"},"datePublished":"2026-04-09T06:46:05+00:00","dateModified":"2026-04-09T06:46:05+00:00","description":"Compra Sat5210-7000g Disco De Estado Solido Ssd 2.5 7tb Sata 6gb\/s 7mm Lectura 530 Mb\/s Escritura 500 Mb\/s + Env\u00edo a domicilio + Pago seguro + Garant\u00eda","breadcrumb":{"@id":"https:\/\/compuviper.mx\/tienda\/producto\/synology-sat5210-7000g-disco-de-estado-solido-ssd-2-5-7tb-sata-6gb-s-7mm-lectura-530-mb-s-escritura-500-mb-s\/#breadcrumb"},"inLanguage":"es-MX","potentialAction":[{"@type":"ReadAction","target":["https:\/\/compuviper.mx\/tienda\/producto\/synology-sat5210-7000g-disco-de-estado-solido-ssd-2-5-7tb-sata-6gb-s-7mm-lectura-530-mb-s-escritura-500-mb-s\/"]}]},{"@type":"BreadcrumbList","@id":"https:\/\/compuviper.mx\/tienda\/producto\/synology-sat5210-7000g-disco-de-estado-solido-ssd-2-5-7tb-sata-6gb-s-7mm-lectura-530-mb-s-escritura-500-mb-s\/#breadcrumb","itemListElement":[{"@type":"ListItem","position":1,"name":"Inicio","item":"https:\/\/compuviper.mx\/tienda\/"},{"@type":"ListItem","position":2,"name":"Productos","item":"https:\/\/compuviper.mx\/tienda\/productos\/"},{"@type":"ListItem","position":3,"name":"Discos Duros","item":"https:\/\/compuviper.mx\/tienda\/categoria-producto\/discos-duros\/"},{"@type":"ListItem","position":4,"name":"Unidad De Estado Solido","item":"https:\/\/compuviper.mx\/tienda\/categoria-producto\/discos-duros\/unidad-de-estado-solido\/"},{"@type":"ListItem","position":5,"name":"Synology Sat5210-7000g Disco De Estado Solido Ssd 2.5 7tb Sata 6gb\/s 7mm Lectura 530 Mb\/s Escritura 500 Mb\/s"}]},{"@type":"WebSite","@id":"https:\/\/compuviper.mx\/tienda\/#website","url":"https:\/\/compuviper.mx\/tienda\/","name":"Compuviper","description":"Proveedor de Computadoras, Laptops, Servidores, Monitores, Puntos de Venta, Teclados,   Impresoras, T\u00f3ner, C\u00e1maras de Seguridad y m\u00e1s en tu tienda en l\u00ednea","publisher":{"@id":"https:\/\/compuviper.mx\/tienda\/#organization"},"potentialAction":[{"@type":"SearchAction","target":{"@type":"EntryPoint","urlTemplate":"https:\/\/compuviper.mx\/tienda\/?s={search_term_string}"},"query-input":"required name=search_term_string"}],"inLanguage":"es-MX"},{"@type":"Organization","@id":"https:\/\/compuviper.mx\/tienda\/#organization","name":"Compuviper","url":"https:\/\/compuviper.mx\/tienda\/","logo":{"@type":"ImageObject","inLanguage":"es-MX","@id":"https:\/\/compuviper.mx\/tienda\/#\/schema\/logo\/image\/","url":"https:\/\/compuviper.mx\/tienda\/wp-content\/uploads\/2021\/08\/Logo-Compuviper-10.png","contentUrl":"https:\/\/compuviper.mx\/tienda\/wp-content\/uploads\/2021\/08\/Logo-Compuviper-10.png","width":1000,"height":500,"caption":"Compuviper"},"image":{"@id":"https:\/\/compuviper.mx\/tienda\/#\/schema\/logo\/image\/"},"sameAs":["https:\/\/www.facebook.com\/compuviper","https:\/\/www.youtube.com\/channel\/UCf73dERp9Y3cfOq7q8BhLjA?view_as=subscriber"]}]},"product_brand":"SYNOLOGY","product_price_amount":"128053","product_price_currency":"MXN","og_availability":"backorder","product_availability":"available for order","product_retailer_item_id":"SAT5210-7000G","product_condition":"new"},"_links":{"self":[{"href":"https:\/\/compuviper.mx\/tienda\/wp-json\/wp\/v2\/product\/218874"}],"collection":[{"href":"https:\/\/compuviper.mx\/tienda\/wp-json\/wp\/v2\/product"}],"about":[{"href":"https:\/\/compuviper.mx\/tienda\/wp-json\/wp\/v2\/types\/product"}],"replies":[{"embeddable":true,"href":"https:\/\/compuviper.mx\/tienda\/wp-json\/wp\/v2\/comments?post=218874"}],"wp:featuredmedia":[{"embeddable":true,"href":"https:\/\/compuviper.mx\/tienda\/wp-json\/wp\/v2\/media\/218875"}],"wp:attachment":[{"href":"https:\/\/compuviper.mx\/tienda\/wp-json\/wp\/v2\/media?parent=218874"}],"wp:term":[{"taxonomy":"product_cat","embeddable":true,"href":"https:\/\/compuviper.mx\/tienda\/wp-json\/wp\/v2\/product_cat?post=218874"},{"taxonomy":"product_tag","embeddable":true,"href":"https:\/\/compuviper.mx\/tienda\/wp-json\/wp\/v2\/product_tag?post=218874"}],"curies":[{"name":"wp","href":"https:\/\/api.w.org\/{rel}","templated":true}]}}