{"id":218872,"date":"2026-04-09T00:46:04","date_gmt":"2026-04-09T06:46:04","guid":{"rendered":"https:\/\/compuviper.mx\/tienda\/producto\/synology-hat3300-6t-disco-duro-interno-serie-plus-3-5-6tb-sata3-6gb-s-5400rpm-256mb-compatible-solo-para-equipos\/"},"modified":"2026-04-09T00:46:04","modified_gmt":"2026-04-09T06:46:04","slug":"synology-hat3300-6t-disco-duro-interno-serie-plus-3-5-6tb-sata3-6gb-s-5400rpm-256mb-compatible-solo-para-equipos","status":"publish","type":"product","link":"https:\/\/compuviper.mx\/tienda\/producto\/synology-hat3300-6t-disco-duro-interno-serie-plus-3-5-6tb-sata3-6gb-s-5400rpm-256mb-compatible-solo-para-equipos\/","title":{"rendered":"Synology Hat3300-6t Disco Duro Interno  Serie Plus 3.5 6tb Sata3 6gb\/s 5400rpm 256mb Compatible Solo Para Equipos"},"content":{"rendered":"<table class=\"descripcion\">\n<tr>\n<td>Descripcion tecnica<\/td>\n<\/tr>\n<tr>\n<td>Especificaciones de hardware<\/td>\n<\/tr>\n<tr>\n<td>Capacidad: 6 tb<\/td>\n<\/tr>\n<tr>\n<td>Numero de modelo: hat3300-6t<\/td>\n<\/tr>\n<tr>\n<td>Factor de forma: 3,5<\/td>\n<\/tr>\n<tr>\n<td>Interfaz sata: 6 gb\/s<\/td>\n<\/tr>\n<tr>\n<td>Tama\u00f1o del sector: 512e<\/td>\n<\/tr>\n<tr>\n<td>Dise\u00f1o de la unidad: aire<\/td>\n<\/tr>\n<tr>\n<td>Rendimiento<\/td>\n<\/tr>\n<tr>\n<td>Velocidad de rotacion 5400 rpm<\/td>\n<\/tr>\n<tr>\n<td>Velocidad de interfaz sata 6 gb\/s<\/td>\n<\/tr>\n<tr>\n<td>Cache (mb) 256 mb<\/td>\n<\/tr>\n<tr>\n<td>Velocidad maxima de transferencia de datos sostenida 202 mb\/s<\/td>\n<\/tr>\n<tr>\n<td>Fiabilidad<\/td>\n<\/tr>\n<tr>\n<td>Tiempo medio entre fallos (mtbf) 1 000 000 horas<\/td>\n<\/tr>\n<tr>\n<td>Clasificacion de carga de trabajo 180 tb\/a\u00f1io de escritura\/lectura de datos<\/td>\n<\/tr>\n<tr>\n<td>Garantia 3 a\u00f1ios<\/td>\n<\/tr>\n<tr>\n<td>Consumo electrico<\/td>\n<\/tr>\n<tr>\n<td>Tension de alimentacion 12 v (\u00b1 10 %)\/5 v (\u00b1 5 %)<\/td>\n<\/tr>\n<tr>\n<td>Consumo medio en reposo 3,4 w<\/td>\n<\/tr>\n<tr>\n<td>Consumo medio en funcionamiento 5,3<\/td>\n<\/tr>\n<tr>\n<td>Condiciones ambientales<\/td>\n<\/tr>\n<tr>\n<td>Temperatura<\/td>\n<\/tr>\n<tr>\n<td>En funcionamiento de 0 \u00b0c a 65 \u00b0c (de 32 \u00b0f a 149 \u00b0f)<\/td>\n<\/tr>\n<tr>\n<td>No en funcionamiento de -40 \u00b0c a 70 \u00b0c (de -40 \u00b0f a 158 \u00b0f)<\/td>\n<\/tr>\n<tr>\n<td>Impacto<\/td>\n<\/tr>\n<tr>\n<td>En funcionamiento 70 gs (2 ms de duraci\u00f3n)<\/td>\n<\/tr>\n<tr>\n<td>No en funcionamiento 300 gs (2 ms de duraci\u00f3n)<\/td>\n<\/tr>\n<tr>\n<td>Vibracion<\/td>\n<\/tr>\n<tr>\n<td>En funcionamiento<\/td>\n<\/tr>\n<tr>\n<td>De 10 hz a 22 hz: 0,25 gs, desplazamiento limitado<\/td>\n<\/tr>\n<tr>\n<td>De 22 hz a 350 hz: 0,50 g<\/td>\n<\/tr>\n<tr>\n<td>De 350 hz a 500 hz: 0,25 gs<\/td>\n<\/tr>\n<tr>\n<td>No en funcionamiento<\/td>\n<\/tr>\n<tr>\n<td>De 5 hz a 22 hz: 3,0 gs<\/td>\n<\/tr>\n<tr>\n<td>De 22 hz a 350 hz: 3,0 gs<\/td>\n<\/tr>\n<tr>\n<td>De 350 hz a 500 hz: 3,0 gs<\/td>\n<\/tr>\n<tr>\n<td>Altitud<\/td>\n<\/tr>\n<tr>\n<td>En funcionamiento de -304 m a 3.048 m<\/td>\n<\/tr>\n<tr>\n<td>No en funcionamiento de -304 m a 12.192 m<\/td>\n<\/tr>\n<tr>\n<td>Humedad relativa<\/td>\n<\/tr>\n<tr>\n<td>En funcionamiento de 5 % a 90 % de humedad relativa (sin condensaci\u00f3n)<\/td>\n<\/tr>\n<tr>\n<td>No en funcionamiento de 5 % a 95 % de humedad relativa (sin condensaci\u00f3n)<\/td>\n<\/tr>\n<tr>\n<td>Otros<\/td>\n<\/tr>\n<tr>\n<td>Tama\u00f1o (al. x an. x pr.)<\/td>\n<\/tr>\n<tr>\n<td>26,11 mm x 101,85 mm x 146,99 mm<\/td>\n<\/tr>\n<tr>\n<td>Peso 610 g<\/td>\n<\/tr>\n<tr>\n<td>Certificaci\u00f3n ce, rcm, bsmi, kc, ukca, ul, tuv, rohs<\/td>\n<\/tr>\n<\/table>\n","protected":false},"excerpt":{"rendered":"<p>Descripcion comercial. Los discos duros sata serie plus de synology est\u00e1n dise\u00f1ados para cumplir con los requisitos de confiabilidad, resistencia y rendimiento del almacenamiento 24 horas al d\u00eda, 7 d\u00edas a la semana en los sistemas de almacenamiento de peque\u00f1as y medianas empresas de synology. Las estrictas pruebas de validaci\u00f3n y la confiabilidad de clase nas garantizan un rendimiento constante en entornos de alto tiempo de actividad y multiusuario. Los discos duros sata serie plus de synology est\u00e1n respaldados por una calificaci\u00f3n de tiempo medio entre fallas (mtbf) de 1 mill\u00f3n de horas y una calificaci\u00f3n de carga de trabajo de 180 tb por a\u00f1o, hasta tres veces el l\u00edmite de los discos duros de escritorio convencionales. M\u00e1s de 300 000 horas de pruebas de compatibilidad y estr\u00e9s garantizan un funcionamiento fluido incluso con cargas de trabajo de varios usuarios. Los usuarios reciben una notificaci\u00f3n autom\u00e1tica cuando las actualizaciones de firmware est\u00e1n disponibles para los discos duros serie plus de synology y pueden actualizar las unidades sin problemas desde diskstation manager (dsm) en su sistema de almacenamiento synology, lo que elimina la necesidad de herramientas de terceros y la manipulaci\u00f3n del disco para las actualizaciones de firmware.<\/p>\n","protected":false},"featured_media":218873,"comment_status":"open","ping_status":"open","template":"","meta":[],"product_cat":[1703,1706],"product_tag":[1561],"acf":[],"yoast_head":"<!-- This site is optimized with the Yoast SEO plugin v21.7 - https:\/\/yoast.com\/wordpress\/plugins\/seo\/ -->\n<title>[ Synology ] &#129351; Hat3300-6t Disco Duro Interno Serie Plus 3.5 6tb Sata3 6gb\/s 5400rpm 256mb Compatible Solo Para Equipos<\/title>\n<meta name=\"description\" content=\"Compra Hat3300-6t Disco Duro Interno Serie Plus 3.5 6tb Sata3 6gb\/s 5400rpm 256mb Compatible Solo Para Equipos + Env\u00edo a domicilio + Pago seguro + Garant\u00eda\" \/>\n<meta name=\"robots\" content=\"index, follow, max-snippet:-1, max-image-preview:large, max-video-preview:-1\" \/>\n<link rel=\"canonical\" href=\"https:\/\/compuviper.mx\/tienda\/producto\/synology-hat3300-6t-disco-duro-interno-serie-plus-3-5-6tb-sata3-6gb-s-5400rpm-256mb-compatible-solo-para-equipos\/\" \/>\n<meta property=\"og:locale\" content=\"es_MX\" \/>\n<meta property=\"og:type\" content=\"article\" \/>\n<meta property=\"og:title\" content=\"[ Synology ] &#129351; Hat3300-6t Disco Duro Interno Serie Plus 3.5 6tb Sata3 6gb\/s 5400rpm 256mb Compatible Solo Para Equipos\" \/>\n<meta property=\"og:description\" content=\"Compra Hat3300-6t Disco Duro Interno Serie Plus 3.5 6tb Sata3 6gb\/s 5400rpm 256mb Compatible Solo Para Equipos + Env\u00edo a domicilio + Pago seguro + Garant\u00eda\" \/>\n<meta property=\"og:url\" content=\"https:\/\/compuviper.mx\/tienda\/producto\/synology-hat3300-6t-disco-duro-interno-serie-plus-3-5-6tb-sata3-6gb-s-5400rpm-256mb-compatible-solo-para-equipos\/\" \/>\n<meta property=\"og:site_name\" content=\"Compuviper\" \/>\n<meta property=\"article:publisher\" content=\"https:\/\/www.facebook.com\/compuviper\" \/>\n<meta property=\"og:image\" content=\"https:\/\/compuviper.mx\/tienda\/wp-content\/uploads\/2023\/12\/Disco-duro-interno-synology-serie-plus-3.5-6tb-sata3-6gbs-5400rpm-256mb-compatible-solo-para-equipos-synology.jpg\" \/>\n\t<meta property=\"og:image:width\" content=\"200\" \/>\n\t<meta property=\"og:image:height\" content=\"200\" \/>\n\t<meta property=\"og:image:type\" content=\"image\/jpeg\" \/>\n<meta name=\"twitter:card\" content=\"summary_large_image\" \/>\n<meta name=\"twitter:label1\" content=\"Precio\" \/>\n\t<meta name=\"twitter:data1\" content=\"&#36;5,584 con IVA\" \/>\n\t<meta name=\"twitter:label2\" content=\"Availability\" \/>\n\t<meta name=\"twitter:data2\" content=\"In stock\" \/>\n<script type=\"application\/ld+json\" class=\"yoast-schema-graph\">{\"@context\":\"https:\/\/schema.org\",\"@graph\":[{\"@type\":\"WebPage\",\"@id\":\"https:\/\/compuviper.mx\/tienda\/producto\/synology-hat3300-6t-disco-duro-interno-serie-plus-3-5-6tb-sata3-6gb-s-5400rpm-256mb-compatible-solo-para-equipos\/\",\"url\":\"https:\/\/compuviper.mx\/tienda\/producto\/synology-hat3300-6t-disco-duro-interno-serie-plus-3-5-6tb-sata3-6gb-s-5400rpm-256mb-compatible-solo-para-equipos\/\",\"name\":\"[ Synology ] &#129351; Hat3300-6t Disco Duro Interno Serie Plus 3.5 6tb Sata3 6gb\/s 5400rpm 256mb Compatible Solo Para Equipos\",\"isPartOf\":{\"@id\":\"https:\/\/compuviper.mx\/tienda\/#website\"},\"datePublished\":\"2026-04-09T06:46:04+00:00\",\"dateModified\":\"2026-04-09T06:46:04+00:00\",\"description\":\"Compra Hat3300-6t Disco Duro Interno Serie Plus 3.5 6tb Sata3 6gb\/s 5400rpm 256mb Compatible Solo Para Equipos + Env\u00edo a domicilio + Pago seguro + Garant\u00eda\",\"breadcrumb\":{\"@id\":\"https:\/\/compuviper.mx\/tienda\/producto\/synology-hat3300-6t-disco-duro-interno-serie-plus-3-5-6tb-sata3-6gb-s-5400rpm-256mb-compatible-solo-para-equipos\/#breadcrumb\"},\"inLanguage\":\"es-MX\",\"potentialAction\":[{\"@type\":\"ReadAction\",\"target\":[\"https:\/\/compuviper.mx\/tienda\/producto\/synology-hat3300-6t-disco-duro-interno-serie-plus-3-5-6tb-sata3-6gb-s-5400rpm-256mb-compatible-solo-para-equipos\/\"]}]},{\"@type\":\"BreadcrumbList\",\"@id\":\"https:\/\/compuviper.mx\/tienda\/producto\/synology-hat3300-6t-disco-duro-interno-serie-plus-3-5-6tb-sata3-6gb-s-5400rpm-256mb-compatible-solo-para-equipos\/#breadcrumb\",\"itemListElement\":[{\"@type\":\"ListItem\",\"position\":1,\"name\":\"Inicio\",\"item\":\"https:\/\/compuviper.mx\/tienda\/\"},{\"@type\":\"ListItem\",\"position\":2,\"name\":\"Productos\",\"item\":\"https:\/\/compuviper.mx\/tienda\/productos\/\"},{\"@type\":\"ListItem\",\"position\":3,\"name\":\"Discos Duros\",\"item\":\"https:\/\/compuviper.mx\/tienda\/categoria-producto\/discos-duros\/\"},{\"@type\":\"ListItem\",\"position\":4,\"name\":\"Disco Duro\",\"item\":\"https:\/\/compuviper.mx\/tienda\/categoria-producto\/discos-duros\/disco-duro\/\"},{\"@type\":\"ListItem\",\"position\":5,\"name\":\"Synology Hat3300-6t Disco Duro Interno Serie Plus 3.5 6tb Sata3 6gb\/s 5400rpm 256mb Compatible Solo Para Equipos\"}]},{\"@type\":\"WebSite\",\"@id\":\"https:\/\/compuviper.mx\/tienda\/#website\",\"url\":\"https:\/\/compuviper.mx\/tienda\/\",\"name\":\"Compuviper\",\"description\":\"Proveedor de Computadoras, Laptops, Servidores, Monitores, Puntos de Venta, Teclados,   Impresoras, T\u00f3ner, C\u00e1maras de Seguridad y m\u00e1s en tu tienda en l\u00ednea\",\"publisher\":{\"@id\":\"https:\/\/compuviper.mx\/tienda\/#organization\"},\"potentialAction\":[{\"@type\":\"SearchAction\",\"target\":{\"@type\":\"EntryPoint\",\"urlTemplate\":\"https:\/\/compuviper.mx\/tienda\/?s={search_term_string}\"},\"query-input\":\"required name=search_term_string\"}],\"inLanguage\":\"es-MX\"},{\"@type\":\"Organization\",\"@id\":\"https:\/\/compuviper.mx\/tienda\/#organization\",\"name\":\"Compuviper\",\"url\":\"https:\/\/compuviper.mx\/tienda\/\",\"logo\":{\"@type\":\"ImageObject\",\"inLanguage\":\"es-MX\",\"@id\":\"https:\/\/compuviper.mx\/tienda\/#\/schema\/logo\/image\/\",\"url\":\"https:\/\/compuviper.mx\/tienda\/wp-content\/uploads\/2021\/08\/Logo-Compuviper-10.png\",\"contentUrl\":\"https:\/\/compuviper.mx\/tienda\/wp-content\/uploads\/2021\/08\/Logo-Compuviper-10.png\",\"width\":1000,\"height\":500,\"caption\":\"Compuviper\"},\"image\":{\"@id\":\"https:\/\/compuviper.mx\/tienda\/#\/schema\/logo\/image\/\"},\"sameAs\":[\"https:\/\/www.facebook.com\/compuviper\",\"https:\/\/www.youtube.com\/channel\/UCf73dERp9Y3cfOq7q8BhLjA?view_as=subscriber\"]}]}<\/script>\n<meta property=\"product:brand\" content=\"SYNOLOGY\" \/>\n<meta property=\"product:price:amount\" content=\"5584\" \/>\n<meta property=\"product:price:currency\" content=\"MXN\" \/>\n<meta property=\"og:availability\" content=\"instock\" \/>\n<meta property=\"product:availability\" content=\"instock\" \/>\n<meta property=\"product:retailer_item_id\" content=\"HAT3300-6T\" \/>\n<meta property=\"product:condition\" content=\"new\" \/>\n<!-- \/ Yoast SEO plugin. -->","yoast_head_json":{"title":"[ Synology ] &#129351; Hat3300-6t Disco Duro Interno Serie Plus 3.5 6tb Sata3 6gb\/s 5400rpm 256mb Compatible Solo Para Equipos","description":"Compra Hat3300-6t Disco Duro Interno Serie Plus 3.5 6tb Sata3 6gb\/s 5400rpm 256mb Compatible Solo Para Equipos + Env\u00edo a domicilio + Pago seguro + Garant\u00eda","robots":{"index":"index","follow":"follow","max-snippet":"max-snippet:-1","max-image-preview":"max-image-preview:large","max-video-preview":"max-video-preview:-1"},"canonical":"https:\/\/compuviper.mx\/tienda\/producto\/synology-hat3300-6t-disco-duro-interno-serie-plus-3-5-6tb-sata3-6gb-s-5400rpm-256mb-compatible-solo-para-equipos\/","og_locale":"es_MX","og_type":"article","og_title":"[ Synology ] &#129351; Hat3300-6t Disco Duro Interno Serie Plus 3.5 6tb Sata3 6gb\/s 5400rpm 256mb Compatible Solo Para Equipos","og_description":"Compra Hat3300-6t Disco Duro Interno Serie Plus 3.5 6tb Sata3 6gb\/s 5400rpm 256mb Compatible Solo Para Equipos + Env\u00edo a domicilio + Pago seguro + Garant\u00eda","og_url":"https:\/\/compuviper.mx\/tienda\/producto\/synology-hat3300-6t-disco-duro-interno-serie-plus-3-5-6tb-sata3-6gb-s-5400rpm-256mb-compatible-solo-para-equipos\/","og_site_name":"Compuviper","article_publisher":"https:\/\/www.facebook.com\/compuviper","og_image":[{"width":200,"height":200,"url":"https:\/\/compuviper.mx\/tienda\/wp-content\/uploads\/2023\/12\/Disco-duro-interno-synology-serie-plus-3.5-6tb-sata3-6gbs-5400rpm-256mb-compatible-solo-para-equipos-synology.jpg","type":"image\/jpeg"}],"twitter_card":"summary_large_image","twitter_misc":{"Precio":"&#36;5,584 con IVA","Availability":"In stock"},"schema":{"@context":"https:\/\/schema.org","@graph":[{"@type":"WebPage","@id":"https:\/\/compuviper.mx\/tienda\/producto\/synology-hat3300-6t-disco-duro-interno-serie-plus-3-5-6tb-sata3-6gb-s-5400rpm-256mb-compatible-solo-para-equipos\/","url":"https:\/\/compuviper.mx\/tienda\/producto\/synology-hat3300-6t-disco-duro-interno-serie-plus-3-5-6tb-sata3-6gb-s-5400rpm-256mb-compatible-solo-para-equipos\/","name":"[ Synology ] &#129351; Hat3300-6t Disco Duro Interno Serie Plus 3.5 6tb Sata3 6gb\/s 5400rpm 256mb Compatible Solo Para Equipos","isPartOf":{"@id":"https:\/\/compuviper.mx\/tienda\/#website"},"datePublished":"2026-04-09T06:46:04+00:00","dateModified":"2026-04-09T06:46:04+00:00","description":"Compra Hat3300-6t Disco Duro Interno Serie Plus 3.5 6tb Sata3 6gb\/s 5400rpm 256mb Compatible Solo Para Equipos + Env\u00edo a domicilio + Pago seguro + Garant\u00eda","breadcrumb":{"@id":"https:\/\/compuviper.mx\/tienda\/producto\/synology-hat3300-6t-disco-duro-interno-serie-plus-3-5-6tb-sata3-6gb-s-5400rpm-256mb-compatible-solo-para-equipos\/#breadcrumb"},"inLanguage":"es-MX","potentialAction":[{"@type":"ReadAction","target":["https:\/\/compuviper.mx\/tienda\/producto\/synology-hat3300-6t-disco-duro-interno-serie-plus-3-5-6tb-sata3-6gb-s-5400rpm-256mb-compatible-solo-para-equipos\/"]}]},{"@type":"BreadcrumbList","@id":"https:\/\/compuviper.mx\/tienda\/producto\/synology-hat3300-6t-disco-duro-interno-serie-plus-3-5-6tb-sata3-6gb-s-5400rpm-256mb-compatible-solo-para-equipos\/#breadcrumb","itemListElement":[{"@type":"ListItem","position":1,"name":"Inicio","item":"https:\/\/compuviper.mx\/tienda\/"},{"@type":"ListItem","position":2,"name":"Productos","item":"https:\/\/compuviper.mx\/tienda\/productos\/"},{"@type":"ListItem","position":3,"name":"Discos Duros","item":"https:\/\/compuviper.mx\/tienda\/categoria-producto\/discos-duros\/"},{"@type":"ListItem","position":4,"name":"Disco Duro","item":"https:\/\/compuviper.mx\/tienda\/categoria-producto\/discos-duros\/disco-duro\/"},{"@type":"ListItem","position":5,"name":"Synology Hat3300-6t Disco Duro Interno Serie Plus 3.5 6tb Sata3 6gb\/s 5400rpm 256mb Compatible Solo Para Equipos"}]},{"@type":"WebSite","@id":"https:\/\/compuviper.mx\/tienda\/#website","url":"https:\/\/compuviper.mx\/tienda\/","name":"Compuviper","description":"Proveedor de Computadoras, Laptops, Servidores, Monitores, Puntos de Venta, Teclados,   Impresoras, T\u00f3ner, C\u00e1maras de Seguridad y m\u00e1s en tu tienda en l\u00ednea","publisher":{"@id":"https:\/\/compuviper.mx\/tienda\/#organization"},"potentialAction":[{"@type":"SearchAction","target":{"@type":"EntryPoint","urlTemplate":"https:\/\/compuviper.mx\/tienda\/?s={search_term_string}"},"query-input":"required name=search_term_string"}],"inLanguage":"es-MX"},{"@type":"Organization","@id":"https:\/\/compuviper.mx\/tienda\/#organization","name":"Compuviper","url":"https:\/\/compuviper.mx\/tienda\/","logo":{"@type":"ImageObject","inLanguage":"es-MX","@id":"https:\/\/compuviper.mx\/tienda\/#\/schema\/logo\/image\/","url":"https:\/\/compuviper.mx\/tienda\/wp-content\/uploads\/2021\/08\/Logo-Compuviper-10.png","contentUrl":"https:\/\/compuviper.mx\/tienda\/wp-content\/uploads\/2021\/08\/Logo-Compuviper-10.png","width":1000,"height":500,"caption":"Compuviper"},"image":{"@id":"https:\/\/compuviper.mx\/tienda\/#\/schema\/logo\/image\/"},"sameAs":["https:\/\/www.facebook.com\/compuviper","https:\/\/www.youtube.com\/channel\/UCf73dERp9Y3cfOq7q8BhLjA?view_as=subscriber"]}]},"product_brand":"SYNOLOGY","product_price_amount":"5584","product_price_currency":"MXN","og_availability":"instock","product_availability":"instock","product_retailer_item_id":"HAT3300-6T","product_condition":"new"},"_links":{"self":[{"href":"https:\/\/compuviper.mx\/tienda\/wp-json\/wp\/v2\/product\/218872"}],"collection":[{"href":"https:\/\/compuviper.mx\/tienda\/wp-json\/wp\/v2\/product"}],"about":[{"href":"https:\/\/compuviper.mx\/tienda\/wp-json\/wp\/v2\/types\/product"}],"replies":[{"embeddable":true,"href":"https:\/\/compuviper.mx\/tienda\/wp-json\/wp\/v2\/comments?post=218872"}],"wp:featuredmedia":[{"embeddable":true,"href":"https:\/\/compuviper.mx\/tienda\/wp-json\/wp\/v2\/media\/218873"}],"wp:attachment":[{"href":"https:\/\/compuviper.mx\/tienda\/wp-json\/wp\/v2\/media?parent=218872"}],"wp:term":[{"taxonomy":"product_cat","embeddable":true,"href":"https:\/\/compuviper.mx\/tienda\/wp-json\/wp\/v2\/product_cat?post=218872"},{"taxonomy":"product_tag","embeddable":true,"href":"https:\/\/compuviper.mx\/tienda\/wp-json\/wp\/v2\/product_tag?post=218872"}],"curies":[{"name":"wp","href":"https:\/\/api.w.org\/{rel}","templated":true}]}}