{"id":218778,"date":"2026-04-11T00:37:41","date_gmt":"2026-04-11T06:37:41","guid":{"rendered":"https:\/\/compuviper.mx\/tienda\/producto\/hewlett-packard-enterprise-p40510-b21-hpe-unidad-de-estado-solido-ssd-960-gb-sas-12-g-uso-mixto-sff-bc-value-sas\/"},"modified":"2026-04-11T00:37:41","modified_gmt":"2026-04-11T06:37:41","slug":"hewlett-packard-enterprise-p40510-b21-hpe-unidad-de-estado-solido-ssd-960-gb-sas-12-g-uso-mixto-sff-bc-value-sas","status":"publish","type":"product","link":"https:\/\/compuviper.mx\/tienda\/producto\/hewlett-packard-enterprise-p40510-b21-hpe-unidad-de-estado-solido-ssd-960-gb-sas-12-g-uso-mixto-sff-bc-value-sas\/","title":{"rendered":"Hewlett Packard Enterprise P40510-b21 Hpe Unidad De Estado Solido Ssd 960 Gb Sas 12 G Uso Mixto Sff Bc Value Sas"},"content":{"rendered":"<table class=\"descripcion\">\n<tr>\n<td>Escrituras durante la vida \u00fatil<\/td>\n<\/tr>\n<tr>\n<td>5250<\/td>\n<\/tr>\n<tr>\n<td>Resistencia dwpd (escrituras a la unidad por d\u00eda)<\/td>\n<\/tr>\n<tr>\n<td>3<\/td>\n<\/tr>\n<tr>\n<td>Iops de lectura<\/td>\n<\/tr>\n<tr>\n<td>Iops de lectura aleatoria (4 kib, q=16)=105 000 iops de lectura aleatoria m\u00e1x. (4 kib)=155 000 a q32<\/td>\n<\/tr>\n<tr>\n<td>Iops de escritura<\/td>\n<\/tr>\n<tr>\n<td>Iops de escritura aleatoria (4 kib, q = 16) = 47 000 iops de escritura aleatoria m\u00e1xima (4 kib) = 48 000 a q4<\/td>\n<\/tr>\n<tr>\n<td>Alimentaci\u00f3n (vatios)<\/td>\n<\/tr>\n<tr>\n<td>6,52<\/td>\n<\/tr>\n<tr>\n<td>Tipo de conexi\u00f3n<\/td>\n<\/tr>\n<tr>\n<td>Conexi\u00f3n en caliente<\/td>\n<\/tr>\n<tr>\n<td>Altura<\/td>\n<\/tr>\n<tr>\n<td>15 mm<\/td>\n<\/tr>\n<tr>\n<td>Dimensiones m\u00ednimas (alto x ancho x fondo)<\/td>\n<\/tr>\n<tr>\n<td>21,92 x 22,86 x 14,61 cm<\/td>\n<\/tr>\n<tr>\n<td>Peso<\/td>\n<\/tr>\n<tr>\n<td>0,5 kg<\/td>\n<\/tr>\n<tr>\n<td>Garant\u00eda<\/td>\n<\/tr>\n<tr>\n<td>Los ssd hpe y las tarjetas complementarias tienen una garant\u00eda est\u00e1ndar 3\/0\/0<\/td>\n<\/tr>\n<tr>\n<td>Autorreparaci\u00f3n por parte del cliente (csr) sujeto a las limitaciones de uso m\u00e1ximo. el l\u00edmite de uso m\u00e1ximo es la cantidad m\u00e1xima de datos que pueden escribirse en la unidad. las unidades que hayan alcanzado dicho l\u00edmite no son elegibles para la cobertura de la garant\u00eda<\/td>\n<\/tr>\n<\/table>\n","protected":false},"excerpt":{"rendered":"<p>Ssd de lectura intensiva hpe 800 gb, 1,6 tb sas 24g, uso mixto, sff, bc, pm6, autocifrado fips (federal information processing standards. Unidad de autocifrado fips. Innovadora interfaz ssd 24 gb sas-4. Capacidad de doblar el rendimiento del ssd 12 gb enterprise sas mediante futuras mejoras de tecnolog\u00eda de servidor y de controlador 24 gb sas<\/p>\n","protected":false},"featured_media":218779,"comment_status":"open","ping_status":"open","template":"","meta":[],"product_cat":[1703,1706],"product_tag":[1568],"acf":[],"yoast_head":"<!-- This site is optimized with the Yoast SEO plugin v21.7 - https:\/\/yoast.com\/wordpress\/plugins\/seo\/ -->\n<title>[ Hewlett Packard Enterprise ] &#129351; P40510-b21 Hpe Unidad De Estado Solido Ssd 960 Gb Sas 12 G Uso Mixto Sff Bc Value Sas<\/title>\n<meta name=\"description\" content=\"Compra P40510-b21 Hpe Unidad De Estado Solido Ssd 960 Gb Sas 12 G Uso Mixto Sff Bc Value Sas + Env\u00edo a domicilio + Pago seguro + Garant\u00eda\" \/>\n<meta name=\"robots\" content=\"index, follow, max-snippet:-1, max-image-preview:large, max-video-preview:-1\" \/>\n<link rel=\"canonical\" href=\"https:\/\/compuviper.mx\/tienda\/producto\/hewlett-packard-enterprise-p40510-b21-hpe-unidad-de-estado-solido-ssd-960-gb-sas-12-g-uso-mixto-sff-bc-value-sas\/\" \/>\n<meta property=\"og:locale\" content=\"es_MX\" \/>\n<meta property=\"og:type\" content=\"article\" \/>\n<meta property=\"og:title\" content=\"[ Hewlett Packard Enterprise ] &#129351; P40510-b21 Hpe Unidad De Estado Solido Ssd 960 Gb Sas 12 G Uso Mixto Sff Bc Value Sas\" \/>\n<meta property=\"og:description\" content=\"Compra P40510-b21 Hpe Unidad De Estado Solido Ssd 960 Gb Sas 12 G Uso Mixto Sff Bc Value Sas + Env\u00edo a domicilio + Pago seguro + Garant\u00eda\" \/>\n<meta property=\"og:url\" content=\"https:\/\/compuviper.mx\/tienda\/producto\/hewlett-packard-enterprise-p40510-b21-hpe-unidad-de-estado-solido-ssd-960-gb-sas-12-g-uso-mixto-sff-bc-value-sas\/\" \/>\n<meta property=\"og:site_name\" content=\"Compuviper\" \/>\n<meta property=\"article:publisher\" content=\"https:\/\/www.facebook.com\/compuviper\" \/>\n<meta property=\"og:image\" content=\"https:\/\/compuviper.mx\/tienda\/wp-content\/uploads\/2023\/12\/Hpe-unidad-de-estado-solido-ssd-960-gb-sas-12-g-uso-mixto-sff-bc-value-sas.jpg\" \/>\n\t<meta property=\"og:image:width\" content=\"200\" \/>\n\t<meta property=\"og:image:height\" content=\"200\" \/>\n\t<meta property=\"og:image:type\" content=\"image\/jpeg\" \/>\n<meta name=\"twitter:card\" content=\"summary_large_image\" \/>\n<meta name=\"twitter:label1\" content=\"Precio\" \/>\n\t<meta name=\"twitter:data1\" content=\"&#36;78,894 con IVA\" \/>\n\t<meta name=\"twitter:label2\" content=\"Availability\" \/>\n\t<meta name=\"twitter:data2\" content=\"Out of stock\" \/>\n<script type=\"application\/ld+json\" class=\"yoast-schema-graph\">{\"@context\":\"https:\/\/schema.org\",\"@graph\":[{\"@type\":\"WebPage\",\"@id\":\"https:\/\/compuviper.mx\/tienda\/producto\/hewlett-packard-enterprise-p40510-b21-hpe-unidad-de-estado-solido-ssd-960-gb-sas-12-g-uso-mixto-sff-bc-value-sas\/\",\"url\":\"https:\/\/compuviper.mx\/tienda\/producto\/hewlett-packard-enterprise-p40510-b21-hpe-unidad-de-estado-solido-ssd-960-gb-sas-12-g-uso-mixto-sff-bc-value-sas\/\",\"name\":\"[ Hewlett Packard Enterprise ] &#129351; P40510-b21 Hpe Unidad De Estado Solido Ssd 960 Gb Sas 12 G Uso Mixto Sff Bc Value Sas\",\"isPartOf\":{\"@id\":\"https:\/\/compuviper.mx\/tienda\/#website\"},\"datePublished\":\"2026-04-11T06:37:41+00:00\",\"dateModified\":\"2026-04-11T06:37:41+00:00\",\"description\":\"Compra P40510-b21 Hpe Unidad De Estado Solido Ssd 960 Gb Sas 12 G Uso Mixto Sff Bc Value Sas + Env\u00edo a domicilio + Pago seguro + Garant\u00eda\",\"breadcrumb\":{\"@id\":\"https:\/\/compuviper.mx\/tienda\/producto\/hewlett-packard-enterprise-p40510-b21-hpe-unidad-de-estado-solido-ssd-960-gb-sas-12-g-uso-mixto-sff-bc-value-sas\/#breadcrumb\"},\"inLanguage\":\"es-MX\",\"potentialAction\":[{\"@type\":\"ReadAction\",\"target\":[\"https:\/\/compuviper.mx\/tienda\/producto\/hewlett-packard-enterprise-p40510-b21-hpe-unidad-de-estado-solido-ssd-960-gb-sas-12-g-uso-mixto-sff-bc-value-sas\/\"]}]},{\"@type\":\"BreadcrumbList\",\"@id\":\"https:\/\/compuviper.mx\/tienda\/producto\/hewlett-packard-enterprise-p40510-b21-hpe-unidad-de-estado-solido-ssd-960-gb-sas-12-g-uso-mixto-sff-bc-value-sas\/#breadcrumb\",\"itemListElement\":[{\"@type\":\"ListItem\",\"position\":1,\"name\":\"Inicio\",\"item\":\"https:\/\/compuviper.mx\/tienda\/\"},{\"@type\":\"ListItem\",\"position\":2,\"name\":\"Productos\",\"item\":\"https:\/\/compuviper.mx\/tienda\/productos\/\"},{\"@type\":\"ListItem\",\"position\":3,\"name\":\"Discos Duros\",\"item\":\"https:\/\/compuviper.mx\/tienda\/categoria-producto\/discos-duros\/\"},{\"@type\":\"ListItem\",\"position\":4,\"name\":\"Disco Duro\",\"item\":\"https:\/\/compuviper.mx\/tienda\/categoria-producto\/discos-duros\/disco-duro\/\"},{\"@type\":\"ListItem\",\"position\":5,\"name\":\"Hewlett Packard Enterprise P40510-b21 Hpe Unidad De Estado Solido Ssd 960 Gb Sas 12 G Uso Mixto Sff Bc Value Sas\"}]},{\"@type\":\"WebSite\",\"@id\":\"https:\/\/compuviper.mx\/tienda\/#website\",\"url\":\"https:\/\/compuviper.mx\/tienda\/\",\"name\":\"Compuviper\",\"description\":\"Proveedor de Computadoras, Laptops, Servidores, Monitores, Puntos de Venta, Teclados,   Impresoras, T\u00f3ner, C\u00e1maras de Seguridad y m\u00e1s en tu tienda en l\u00ednea\",\"publisher\":{\"@id\":\"https:\/\/compuviper.mx\/tienda\/#organization\"},\"potentialAction\":[{\"@type\":\"SearchAction\",\"target\":{\"@type\":\"EntryPoint\",\"urlTemplate\":\"https:\/\/compuviper.mx\/tienda\/?s={search_term_string}\"},\"query-input\":\"required name=search_term_string\"}],\"inLanguage\":\"es-MX\"},{\"@type\":\"Organization\",\"@id\":\"https:\/\/compuviper.mx\/tienda\/#organization\",\"name\":\"Compuviper\",\"url\":\"https:\/\/compuviper.mx\/tienda\/\",\"logo\":{\"@type\":\"ImageObject\",\"inLanguage\":\"es-MX\",\"@id\":\"https:\/\/compuviper.mx\/tienda\/#\/schema\/logo\/image\/\",\"url\":\"https:\/\/compuviper.mx\/tienda\/wp-content\/uploads\/2021\/08\/Logo-Compuviper-10.png\",\"contentUrl\":\"https:\/\/compuviper.mx\/tienda\/wp-content\/uploads\/2021\/08\/Logo-Compuviper-10.png\",\"width\":1000,\"height\":500,\"caption\":\"Compuviper\"},\"image\":{\"@id\":\"https:\/\/compuviper.mx\/tienda\/#\/schema\/logo\/image\/\"},\"sameAs\":[\"https:\/\/www.facebook.com\/compuviper\",\"https:\/\/www.youtube.com\/channel\/UCf73dERp9Y3cfOq7q8BhLjA?view_as=subscriber\"]}]}<\/script>\n<meta property=\"product:brand\" content=\"HEWLETT PACKARD ENTERPRISE\" \/>\n<meta property=\"product:price:amount\" content=\"78894\" \/>\n<meta property=\"product:price:currency\" content=\"MXN\" \/>\n<meta property=\"og:availability\" content=\"out of stock\" \/>\n<meta property=\"product:availability\" content=\"out of stock\" \/>\n<meta property=\"product:retailer_item_id\" content=\"P40510-B21\" \/>\n<meta property=\"product:condition\" content=\"new\" \/>\n<!-- \/ Yoast SEO plugin. -->","yoast_head_json":{"title":"[ Hewlett Packard Enterprise ] &#129351; P40510-b21 Hpe Unidad De Estado Solido Ssd 960 Gb Sas 12 G Uso Mixto Sff Bc Value Sas","description":"Compra P40510-b21 Hpe Unidad De Estado Solido Ssd 960 Gb Sas 12 G Uso Mixto Sff Bc Value Sas + Env\u00edo a domicilio + Pago seguro + Garant\u00eda","robots":{"index":"index","follow":"follow","max-snippet":"max-snippet:-1","max-image-preview":"max-image-preview:large","max-video-preview":"max-video-preview:-1"},"canonical":"https:\/\/compuviper.mx\/tienda\/producto\/hewlett-packard-enterprise-p40510-b21-hpe-unidad-de-estado-solido-ssd-960-gb-sas-12-g-uso-mixto-sff-bc-value-sas\/","og_locale":"es_MX","og_type":"article","og_title":"[ Hewlett Packard Enterprise ] &#129351; P40510-b21 Hpe Unidad De Estado Solido Ssd 960 Gb Sas 12 G Uso Mixto Sff Bc Value Sas","og_description":"Compra P40510-b21 Hpe Unidad De Estado Solido Ssd 960 Gb Sas 12 G Uso Mixto Sff Bc Value Sas + Env\u00edo a domicilio + Pago seguro + Garant\u00eda","og_url":"https:\/\/compuviper.mx\/tienda\/producto\/hewlett-packard-enterprise-p40510-b21-hpe-unidad-de-estado-solido-ssd-960-gb-sas-12-g-uso-mixto-sff-bc-value-sas\/","og_site_name":"Compuviper","article_publisher":"https:\/\/www.facebook.com\/compuviper","og_image":[{"width":200,"height":200,"url":"https:\/\/compuviper.mx\/tienda\/wp-content\/uploads\/2023\/12\/Hpe-unidad-de-estado-solido-ssd-960-gb-sas-12-g-uso-mixto-sff-bc-value-sas.jpg","type":"image\/jpeg"}],"twitter_card":"summary_large_image","twitter_misc":{"Precio":"&#36;78,894 con IVA","Availability":"Out of stock"},"schema":{"@context":"https:\/\/schema.org","@graph":[{"@type":"WebPage","@id":"https:\/\/compuviper.mx\/tienda\/producto\/hewlett-packard-enterprise-p40510-b21-hpe-unidad-de-estado-solido-ssd-960-gb-sas-12-g-uso-mixto-sff-bc-value-sas\/","url":"https:\/\/compuviper.mx\/tienda\/producto\/hewlett-packard-enterprise-p40510-b21-hpe-unidad-de-estado-solido-ssd-960-gb-sas-12-g-uso-mixto-sff-bc-value-sas\/","name":"[ Hewlett Packard Enterprise ] &#129351; P40510-b21 Hpe Unidad De Estado Solido Ssd 960 Gb Sas 12 G Uso Mixto Sff Bc Value Sas","isPartOf":{"@id":"https:\/\/compuviper.mx\/tienda\/#website"},"datePublished":"2026-04-11T06:37:41+00:00","dateModified":"2026-04-11T06:37:41+00:00","description":"Compra P40510-b21 Hpe Unidad De Estado Solido Ssd 960 Gb Sas 12 G Uso Mixto Sff Bc Value Sas + Env\u00edo a domicilio + Pago seguro + Garant\u00eda","breadcrumb":{"@id":"https:\/\/compuviper.mx\/tienda\/producto\/hewlett-packard-enterprise-p40510-b21-hpe-unidad-de-estado-solido-ssd-960-gb-sas-12-g-uso-mixto-sff-bc-value-sas\/#breadcrumb"},"inLanguage":"es-MX","potentialAction":[{"@type":"ReadAction","target":["https:\/\/compuviper.mx\/tienda\/producto\/hewlett-packard-enterprise-p40510-b21-hpe-unidad-de-estado-solido-ssd-960-gb-sas-12-g-uso-mixto-sff-bc-value-sas\/"]}]},{"@type":"BreadcrumbList","@id":"https:\/\/compuviper.mx\/tienda\/producto\/hewlett-packard-enterprise-p40510-b21-hpe-unidad-de-estado-solido-ssd-960-gb-sas-12-g-uso-mixto-sff-bc-value-sas\/#breadcrumb","itemListElement":[{"@type":"ListItem","position":1,"name":"Inicio","item":"https:\/\/compuviper.mx\/tienda\/"},{"@type":"ListItem","position":2,"name":"Productos","item":"https:\/\/compuviper.mx\/tienda\/productos\/"},{"@type":"ListItem","position":3,"name":"Discos Duros","item":"https:\/\/compuviper.mx\/tienda\/categoria-producto\/discos-duros\/"},{"@type":"ListItem","position":4,"name":"Disco Duro","item":"https:\/\/compuviper.mx\/tienda\/categoria-producto\/discos-duros\/disco-duro\/"},{"@type":"ListItem","position":5,"name":"Hewlett Packard Enterprise P40510-b21 Hpe Unidad De Estado Solido Ssd 960 Gb Sas 12 G Uso Mixto Sff Bc Value Sas"}]},{"@type":"WebSite","@id":"https:\/\/compuviper.mx\/tienda\/#website","url":"https:\/\/compuviper.mx\/tienda\/","name":"Compuviper","description":"Proveedor de Computadoras, Laptops, Servidores, Monitores, Puntos de Venta, Teclados,   Impresoras, T\u00f3ner, C\u00e1maras de Seguridad y m\u00e1s en tu tienda en l\u00ednea","publisher":{"@id":"https:\/\/compuviper.mx\/tienda\/#organization"},"potentialAction":[{"@type":"SearchAction","target":{"@type":"EntryPoint","urlTemplate":"https:\/\/compuviper.mx\/tienda\/?s={search_term_string}"},"query-input":"required name=search_term_string"}],"inLanguage":"es-MX"},{"@type":"Organization","@id":"https:\/\/compuviper.mx\/tienda\/#organization","name":"Compuviper","url":"https:\/\/compuviper.mx\/tienda\/","logo":{"@type":"ImageObject","inLanguage":"es-MX","@id":"https:\/\/compuviper.mx\/tienda\/#\/schema\/logo\/image\/","url":"https:\/\/compuviper.mx\/tienda\/wp-content\/uploads\/2021\/08\/Logo-Compuviper-10.png","contentUrl":"https:\/\/compuviper.mx\/tienda\/wp-content\/uploads\/2021\/08\/Logo-Compuviper-10.png","width":1000,"height":500,"caption":"Compuviper"},"image":{"@id":"https:\/\/compuviper.mx\/tienda\/#\/schema\/logo\/image\/"},"sameAs":["https:\/\/www.facebook.com\/compuviper","https:\/\/www.youtube.com\/channel\/UCf73dERp9Y3cfOq7q8BhLjA?view_as=subscriber"]}]},"product_brand":"HEWLETT PACKARD ENTERPRISE","product_price_amount":"78894","product_price_currency":"MXN","og_availability":"out of stock","product_availability":"out of stock","product_retailer_item_id":"P40510-B21","product_condition":"new"},"_links":{"self":[{"href":"https:\/\/compuviper.mx\/tienda\/wp-json\/wp\/v2\/product\/218778"}],"collection":[{"href":"https:\/\/compuviper.mx\/tienda\/wp-json\/wp\/v2\/product"}],"about":[{"href":"https:\/\/compuviper.mx\/tienda\/wp-json\/wp\/v2\/types\/product"}],"replies":[{"embeddable":true,"href":"https:\/\/compuviper.mx\/tienda\/wp-json\/wp\/v2\/comments?post=218778"}],"wp:featuredmedia":[{"embeddable":true,"href":"https:\/\/compuviper.mx\/tienda\/wp-json\/wp\/v2\/media\/218779"}],"wp:attachment":[{"href":"https:\/\/compuviper.mx\/tienda\/wp-json\/wp\/v2\/media?parent=218778"}],"wp:term":[{"taxonomy":"product_cat","embeddable":true,"href":"https:\/\/compuviper.mx\/tienda\/wp-json\/wp\/v2\/product_cat?post=218778"},{"taxonomy":"product_tag","embeddable":true,"href":"https:\/\/compuviper.mx\/tienda\/wp-json\/wp\/v2\/product_tag?post=218778"}],"curies":[{"name":"wp","href":"https:\/\/api.w.org\/{rel}","templated":true}]}}