{"id":218776,"date":"2026-04-02T00:38:08","date_gmt":"2026-04-02T06:38:08","guid":{"rendered":"https:\/\/compuviper.mx\/tienda\/producto\/hewlett-packard-enterprise-p28500-b21-hpe-disco-duro-hdd-2-tb-sata-6-g-para-tareas-cruciales-para-el-negocio-7-2-k-sff-bc-garanta-de-1-ao-512e\/"},"modified":"2026-04-02T00:38:08","modified_gmt":"2026-04-02T06:38:08","slug":"hewlett-packard-enterprise-p28500-b21-hpe-disco-duro-hdd-2-tb-sata-6-g-para-tareas-cruciales-para-el-negocio-7-2-k-sff-bc-garanta-de-1-ao-512e","status":"publish","type":"product","link":"https:\/\/compuviper.mx\/tienda\/producto\/hewlett-packard-enterprise-p28500-b21-hpe-disco-duro-hdd-2-tb-sata-6-g-para-tareas-cruciales-para-el-negocio-7-2-k-sff-bc-garanta-de-1-ao-512e\/","title":{"rendered":"Hewlett Packard Enterprise P28500-b21 Hpe Disco Duro Hdd 2 Tb Sata 6 G Para Tareas Cruciales Para El Negocio 7.2 K Sff Bc Garant?a De 1 A?o 512e"},"content":{"rendered":"<table class=\"descripcion\">\n<tr>\n<td>Plataforma compatible<\/td>\n<\/tr>\n<tr>\n<td>Servidores hpe proliant rack\/torre\/bladesystem\/synergy<\/td>\n<\/tr>\n<tr>\n<td>Interfaz<\/td>\n<\/tr>\n<tr>\n<td>Sata<\/td>\n<\/tr>\n<tr>\n<td>Carga de trabajo admitida<\/td>\n<\/tr>\n<tr>\n<td>Fundamental para el negocio<\/td>\n<\/tr>\n<tr>\n<td>Velocidad de rotacin de la unidad rpm<\/td>\n<\/tr>\n<tr>\n<td>7200<\/td>\n<\/tr>\n<tr>\n<td>Factor de forma<\/td>\n<\/tr>\n<tr>\n<td>Sff<\/td>\n<\/tr>\n<tr>\n<td>Tecnologa de la unidad fill<\/td>\n<\/tr>\n<tr>\n<td>Aire<\/td>\n<\/tr>\n<tr>\n<td>Tipo de formato<\/td>\n<\/tr>\n<tr>\n<td>512e<\/td>\n<\/tr>\n<tr>\n<td>Tipo de operador<\/td>\n<\/tr>\n<tr>\n<td>Portador b\u00e1sico bc<\/td>\n<\/tr>\n<tr>\n<td>Capacidad<\/td>\n<\/tr>\n<tr>\n<td>2 tb<\/td>\n<\/tr>\n<tr>\n<td>Dimensiones mnimas alto x ancho x fondo<\/td>\n<\/tr>\n<tr>\n<td>14,61 x 22,23 x 13,97 cm<\/td>\n<\/tr>\n<tr>\n<td>Peso<\/td>\n<\/tr>\n<tr>\n<td>0,5 kg<\/td>\n<\/tr>\n<tr>\n<td>Garanta<\/td>\n<\/tr>\n<tr>\n<td>Los discos duros fundamentales para el negocio de hpe cuentan con 1 ao de garanta limitada independientemente del periodo de garanta del sistema en el que est\u00e1n instalados.<\/td>\n<\/tr>\n<\/table>\n","protected":false},"excerpt":{"rendered":"<p>Presentamos la hdd sas\/sata de 20 tb lder del mercado, capaz de brindar la m\u00e1xima capacidad para ofrecer m\u00e1s petabytes por rack. Presentamos la hdd sas\/sata de 10 tb repleto de aire que ofrece un menor precio por gb en la misma capacidad, sustituyendo al precedente repleto de helio de 10 tb. Se ofrecen m\u00e1s capacidades en portador b\u00e1sico bc para admitir las ltimas plataformas.<\/p>\n","protected":false},"featured_media":218777,"comment_status":"open","ping_status":"open","template":"","meta":[],"product_cat":[1703,1706],"product_tag":[1568],"acf":[],"yoast_head":"<!-- This site is optimized with the Yoast SEO plugin v21.7 - https:\/\/yoast.com\/wordpress\/plugins\/seo\/ -->\n<title>[ Hewlett Packard Enterprise ] &#129351; P28500-b21 Hpe Disco Duro Hdd 2 Tb Sata 6 G Para Tareas Cruciales Para El Negocio 7.2 K Sff Bc Garant\u00eda De 1 A\u00f1o 512e<\/title>\n<meta name=\"description\" content=\"Compra P28500-b21 Hpe Disco Duro Hdd 2 Tb Sata 6 G Para Tareas Cruciales Para El Negocio 7.2 K Sff Bc Garant\u00eda De 1 A\u00f1o 512e + Env\u00edo a domicilio + Pago seguro + Garant\u00eda\" \/>\n<meta name=\"robots\" content=\"index, follow, max-snippet:-1, max-image-preview:large, max-video-preview:-1\" \/>\n<link rel=\"canonical\" href=\"https:\/\/compuviper.mx\/tienda\/producto\/hewlett-packard-enterprise-p28500-b21-hpe-disco-duro-hdd-2-tb-sata-6-g-para-tareas-cruciales-para-el-negocio-7-2-k-sff-bc-garanta-de-1-ao-512e\/\" \/>\n<meta property=\"og:locale\" content=\"es_MX\" \/>\n<meta property=\"og:type\" content=\"article\" \/>\n<meta property=\"og:title\" content=\"[ Hewlett Packard Enterprise ] &#129351; P28500-b21 Hpe Disco Duro Hdd 2 Tb Sata 6 G Para Tareas Cruciales Para El Negocio 7.2 K Sff Bc Garant\u00eda De 1 A\u00f1o 512e\" \/>\n<meta property=\"og:description\" content=\"Compra P28500-b21 Hpe Disco Duro Hdd 2 Tb Sata 6 G Para Tareas Cruciales Para El Negocio 7.2 K Sff Bc Garant\u00eda De 1 A\u00f1o 512e + Env\u00edo a domicilio + Pago seguro + Garant\u00eda\" \/>\n<meta property=\"og:url\" content=\"https:\/\/compuviper.mx\/tienda\/producto\/hewlett-packard-enterprise-p28500-b21-hpe-disco-duro-hdd-2-tb-sata-6-g-para-tareas-cruciales-para-el-negocio-7-2-k-sff-bc-garanta-de-1-ao-512e\/\" \/>\n<meta property=\"og:site_name\" content=\"Compuviper\" \/>\n<meta property=\"article:publisher\" content=\"https:\/\/www.facebook.com\/compuviper\" \/>\n<meta property=\"og:image\" content=\"https:\/\/compuviper.mx\/tienda\/wp-content\/uploads\/2023\/12\/Hpe-disco-duro-hdd-2-tb-sata-6-g-para-tareas-cruciales-para-el-negocio-7.2-k-sff-bc-garantia-de-1-ano-512e.jpg\" \/>\n\t<meta property=\"og:image:width\" content=\"200\" \/>\n\t<meta property=\"og:image:height\" content=\"200\" \/>\n\t<meta property=\"og:image:type\" content=\"image\/jpeg\" \/>\n<meta name=\"twitter:card\" content=\"summary_large_image\" \/>\n<meta name=\"twitter:label1\" content=\"Precio\" \/>\n\t<meta name=\"twitter:data1\" content=\"&#36;10,492 con IVA\" \/>\n\t<meta name=\"twitter:label2\" content=\"Availability\" \/>\n\t<meta name=\"twitter:data2\" content=\"Out of stock\" \/>\n<script type=\"application\/ld+json\" class=\"yoast-schema-graph\">{\"@context\":\"https:\/\/schema.org\",\"@graph\":[{\"@type\":\"WebPage\",\"@id\":\"https:\/\/compuviper.mx\/tienda\/producto\/hewlett-packard-enterprise-p28500-b21-hpe-disco-duro-hdd-2-tb-sata-6-g-para-tareas-cruciales-para-el-negocio-7-2-k-sff-bc-garanta-de-1-ao-512e\/\",\"url\":\"https:\/\/compuviper.mx\/tienda\/producto\/hewlett-packard-enterprise-p28500-b21-hpe-disco-duro-hdd-2-tb-sata-6-g-para-tareas-cruciales-para-el-negocio-7-2-k-sff-bc-garanta-de-1-ao-512e\/\",\"name\":\"[ Hewlett Packard Enterprise ] &#129351; P28500-b21 Hpe Disco Duro Hdd 2 Tb Sata 6 G Para Tareas Cruciales Para El Negocio 7.2 K Sff Bc Garant\u00eda De 1 A\u00f1o 512e\",\"isPartOf\":{\"@id\":\"https:\/\/compuviper.mx\/tienda\/#website\"},\"datePublished\":\"2026-04-02T06:38:08+00:00\",\"dateModified\":\"2026-04-02T06:38:08+00:00\",\"description\":\"Compra P28500-b21 Hpe Disco Duro Hdd 2 Tb Sata 6 G Para Tareas Cruciales Para El Negocio 7.2 K Sff Bc Garant\u00eda De 1 A\u00f1o 512e + Env\u00edo a domicilio + Pago seguro + Garant\u00eda\",\"breadcrumb\":{\"@id\":\"https:\/\/compuviper.mx\/tienda\/producto\/hewlett-packard-enterprise-p28500-b21-hpe-disco-duro-hdd-2-tb-sata-6-g-para-tareas-cruciales-para-el-negocio-7-2-k-sff-bc-garanta-de-1-ao-512e\/#breadcrumb\"},\"inLanguage\":\"es-MX\",\"potentialAction\":[{\"@type\":\"ReadAction\",\"target\":[\"https:\/\/compuviper.mx\/tienda\/producto\/hewlett-packard-enterprise-p28500-b21-hpe-disco-duro-hdd-2-tb-sata-6-g-para-tareas-cruciales-para-el-negocio-7-2-k-sff-bc-garanta-de-1-ao-512e\/\"]}]},{\"@type\":\"BreadcrumbList\",\"@id\":\"https:\/\/compuviper.mx\/tienda\/producto\/hewlett-packard-enterprise-p28500-b21-hpe-disco-duro-hdd-2-tb-sata-6-g-para-tareas-cruciales-para-el-negocio-7-2-k-sff-bc-garanta-de-1-ao-512e\/#breadcrumb\",\"itemListElement\":[{\"@type\":\"ListItem\",\"position\":1,\"name\":\"Inicio\",\"item\":\"https:\/\/compuviper.mx\/tienda\/\"},{\"@type\":\"ListItem\",\"position\":2,\"name\":\"Productos\",\"item\":\"https:\/\/compuviper.mx\/tienda\/productos\/\"},{\"@type\":\"ListItem\",\"position\":3,\"name\":\"Discos Duros\",\"item\":\"https:\/\/compuviper.mx\/tienda\/categoria-producto\/discos-duros\/\"},{\"@type\":\"ListItem\",\"position\":4,\"name\":\"Disco Duro\",\"item\":\"https:\/\/compuviper.mx\/tienda\/categoria-producto\/discos-duros\/disco-duro\/\"},{\"@type\":\"ListItem\",\"position\":5,\"name\":\"Hewlett Packard Enterprise P28500-b21 Hpe Disco Duro Hdd 2 Tb Sata 6 G Para Tareas Cruciales Para El Negocio 7.2 K Sff Bc Garant?a De 1 A?o 512e\"}]},{\"@type\":\"WebSite\",\"@id\":\"https:\/\/compuviper.mx\/tienda\/#website\",\"url\":\"https:\/\/compuviper.mx\/tienda\/\",\"name\":\"Compuviper\",\"description\":\"Proveedor de Computadoras, Laptops, Servidores, Monitores, Puntos de Venta, Teclados,   Impresoras, T\u00f3ner, C\u00e1maras de Seguridad y m\u00e1s en tu tienda en l\u00ednea\",\"publisher\":{\"@id\":\"https:\/\/compuviper.mx\/tienda\/#organization\"},\"potentialAction\":[{\"@type\":\"SearchAction\",\"target\":{\"@type\":\"EntryPoint\",\"urlTemplate\":\"https:\/\/compuviper.mx\/tienda\/?s={search_term_string}\"},\"query-input\":\"required name=search_term_string\"}],\"inLanguage\":\"es-MX\"},{\"@type\":\"Organization\",\"@id\":\"https:\/\/compuviper.mx\/tienda\/#organization\",\"name\":\"Compuviper\",\"url\":\"https:\/\/compuviper.mx\/tienda\/\",\"logo\":{\"@type\":\"ImageObject\",\"inLanguage\":\"es-MX\",\"@id\":\"https:\/\/compuviper.mx\/tienda\/#\/schema\/logo\/image\/\",\"url\":\"https:\/\/compuviper.mx\/tienda\/wp-content\/uploads\/2021\/08\/Logo-Compuviper-10.png\",\"contentUrl\":\"https:\/\/compuviper.mx\/tienda\/wp-content\/uploads\/2021\/08\/Logo-Compuviper-10.png\",\"width\":1000,\"height\":500,\"caption\":\"Compuviper\"},\"image\":{\"@id\":\"https:\/\/compuviper.mx\/tienda\/#\/schema\/logo\/image\/\"},\"sameAs\":[\"https:\/\/www.facebook.com\/compuviper\",\"https:\/\/www.youtube.com\/channel\/UCf73dERp9Y3cfOq7q8BhLjA?view_as=subscriber\"]}]}<\/script>\n<meta property=\"product:brand\" content=\"HEWLETT PACKARD ENTERPRISE\" \/>\n<meta property=\"product:price:amount\" content=\"10492\" \/>\n<meta property=\"product:price:currency\" content=\"MXN\" \/>\n<meta property=\"og:availability\" content=\"out of stock\" \/>\n<meta property=\"product:availability\" content=\"out of stock\" \/>\n<meta property=\"product:retailer_item_id\" content=\"P28500-B21\" \/>\n<meta property=\"product:condition\" content=\"new\" \/>\n<!-- \/ Yoast SEO plugin. -->","yoast_head_json":{"title":"[ Hewlett Packard Enterprise ] &#129351; P28500-b21 Hpe Disco Duro Hdd 2 Tb Sata 6 G Para Tareas Cruciales Para El Negocio 7.2 K Sff Bc Garant\u00eda De 1 A\u00f1o 512e","description":"Compra P28500-b21 Hpe Disco Duro Hdd 2 Tb Sata 6 G Para Tareas Cruciales Para El Negocio 7.2 K Sff Bc Garant\u00eda De 1 A\u00f1o 512e + Env\u00edo a domicilio + Pago seguro + Garant\u00eda","robots":{"index":"index","follow":"follow","max-snippet":"max-snippet:-1","max-image-preview":"max-image-preview:large","max-video-preview":"max-video-preview:-1"},"canonical":"https:\/\/compuviper.mx\/tienda\/producto\/hewlett-packard-enterprise-p28500-b21-hpe-disco-duro-hdd-2-tb-sata-6-g-para-tareas-cruciales-para-el-negocio-7-2-k-sff-bc-garanta-de-1-ao-512e\/","og_locale":"es_MX","og_type":"article","og_title":"[ Hewlett Packard Enterprise ] &#129351; P28500-b21 Hpe Disco Duro Hdd 2 Tb Sata 6 G Para Tareas Cruciales Para El Negocio 7.2 K Sff Bc Garant\u00eda De 1 A\u00f1o 512e","og_description":"Compra P28500-b21 Hpe Disco Duro Hdd 2 Tb Sata 6 G Para Tareas Cruciales Para El Negocio 7.2 K Sff Bc Garant\u00eda De 1 A\u00f1o 512e + Env\u00edo a domicilio + Pago seguro + Garant\u00eda","og_url":"https:\/\/compuviper.mx\/tienda\/producto\/hewlett-packard-enterprise-p28500-b21-hpe-disco-duro-hdd-2-tb-sata-6-g-para-tareas-cruciales-para-el-negocio-7-2-k-sff-bc-garanta-de-1-ao-512e\/","og_site_name":"Compuviper","article_publisher":"https:\/\/www.facebook.com\/compuviper","og_image":[{"width":200,"height":200,"url":"https:\/\/compuviper.mx\/tienda\/wp-content\/uploads\/2023\/12\/Hpe-disco-duro-hdd-2-tb-sata-6-g-para-tareas-cruciales-para-el-negocio-7.2-k-sff-bc-garantia-de-1-ano-512e.jpg","type":"image\/jpeg"}],"twitter_card":"summary_large_image","twitter_misc":{"Precio":"&#36;10,492 con IVA","Availability":"Out of stock"},"schema":{"@context":"https:\/\/schema.org","@graph":[{"@type":"WebPage","@id":"https:\/\/compuviper.mx\/tienda\/producto\/hewlett-packard-enterprise-p28500-b21-hpe-disco-duro-hdd-2-tb-sata-6-g-para-tareas-cruciales-para-el-negocio-7-2-k-sff-bc-garanta-de-1-ao-512e\/","url":"https:\/\/compuviper.mx\/tienda\/producto\/hewlett-packard-enterprise-p28500-b21-hpe-disco-duro-hdd-2-tb-sata-6-g-para-tareas-cruciales-para-el-negocio-7-2-k-sff-bc-garanta-de-1-ao-512e\/","name":"[ Hewlett Packard Enterprise ] &#129351; P28500-b21 Hpe Disco Duro Hdd 2 Tb Sata 6 G Para Tareas Cruciales Para El Negocio 7.2 K Sff Bc Garant\u00eda De 1 A\u00f1o 512e","isPartOf":{"@id":"https:\/\/compuviper.mx\/tienda\/#website"},"datePublished":"2026-04-02T06:38:08+00:00","dateModified":"2026-04-02T06:38:08+00:00","description":"Compra P28500-b21 Hpe Disco Duro Hdd 2 Tb Sata 6 G Para Tareas Cruciales Para El Negocio 7.2 K Sff Bc Garant\u00eda De 1 A\u00f1o 512e + Env\u00edo a domicilio + Pago seguro + Garant\u00eda","breadcrumb":{"@id":"https:\/\/compuviper.mx\/tienda\/producto\/hewlett-packard-enterprise-p28500-b21-hpe-disco-duro-hdd-2-tb-sata-6-g-para-tareas-cruciales-para-el-negocio-7-2-k-sff-bc-garanta-de-1-ao-512e\/#breadcrumb"},"inLanguage":"es-MX","potentialAction":[{"@type":"ReadAction","target":["https:\/\/compuviper.mx\/tienda\/producto\/hewlett-packard-enterprise-p28500-b21-hpe-disco-duro-hdd-2-tb-sata-6-g-para-tareas-cruciales-para-el-negocio-7-2-k-sff-bc-garanta-de-1-ao-512e\/"]}]},{"@type":"BreadcrumbList","@id":"https:\/\/compuviper.mx\/tienda\/producto\/hewlett-packard-enterprise-p28500-b21-hpe-disco-duro-hdd-2-tb-sata-6-g-para-tareas-cruciales-para-el-negocio-7-2-k-sff-bc-garanta-de-1-ao-512e\/#breadcrumb","itemListElement":[{"@type":"ListItem","position":1,"name":"Inicio","item":"https:\/\/compuviper.mx\/tienda\/"},{"@type":"ListItem","position":2,"name":"Productos","item":"https:\/\/compuviper.mx\/tienda\/productos\/"},{"@type":"ListItem","position":3,"name":"Discos Duros","item":"https:\/\/compuviper.mx\/tienda\/categoria-producto\/discos-duros\/"},{"@type":"ListItem","position":4,"name":"Disco Duro","item":"https:\/\/compuviper.mx\/tienda\/categoria-producto\/discos-duros\/disco-duro\/"},{"@type":"ListItem","position":5,"name":"Hewlett Packard Enterprise P28500-b21 Hpe Disco Duro Hdd 2 Tb Sata 6 G Para Tareas Cruciales Para El Negocio 7.2 K Sff Bc Garant?a De 1 A?o 512e"}]},{"@type":"WebSite","@id":"https:\/\/compuviper.mx\/tienda\/#website","url":"https:\/\/compuviper.mx\/tienda\/","name":"Compuviper","description":"Proveedor de Computadoras, Laptops, Servidores, Monitores, Puntos de Venta, Teclados,   Impresoras, T\u00f3ner, C\u00e1maras de Seguridad y m\u00e1s en tu tienda en l\u00ednea","publisher":{"@id":"https:\/\/compuviper.mx\/tienda\/#organization"},"potentialAction":[{"@type":"SearchAction","target":{"@type":"EntryPoint","urlTemplate":"https:\/\/compuviper.mx\/tienda\/?s={search_term_string}"},"query-input":"required name=search_term_string"}],"inLanguage":"es-MX"},{"@type":"Organization","@id":"https:\/\/compuviper.mx\/tienda\/#organization","name":"Compuviper","url":"https:\/\/compuviper.mx\/tienda\/","logo":{"@type":"ImageObject","inLanguage":"es-MX","@id":"https:\/\/compuviper.mx\/tienda\/#\/schema\/logo\/image\/","url":"https:\/\/compuviper.mx\/tienda\/wp-content\/uploads\/2021\/08\/Logo-Compuviper-10.png","contentUrl":"https:\/\/compuviper.mx\/tienda\/wp-content\/uploads\/2021\/08\/Logo-Compuviper-10.png","width":1000,"height":500,"caption":"Compuviper"},"image":{"@id":"https:\/\/compuviper.mx\/tienda\/#\/schema\/logo\/image\/"},"sameAs":["https:\/\/www.facebook.com\/compuviper","https:\/\/www.youtube.com\/channel\/UCf73dERp9Y3cfOq7q8BhLjA?view_as=subscriber"]}]},"product_brand":"HEWLETT PACKARD ENTERPRISE","product_price_amount":"10492","product_price_currency":"MXN","og_availability":"out of stock","product_availability":"out of stock","product_retailer_item_id":"P28500-B21","product_condition":"new"},"_links":{"self":[{"href":"https:\/\/compuviper.mx\/tienda\/wp-json\/wp\/v2\/product\/218776"}],"collection":[{"href":"https:\/\/compuviper.mx\/tienda\/wp-json\/wp\/v2\/product"}],"about":[{"href":"https:\/\/compuviper.mx\/tienda\/wp-json\/wp\/v2\/types\/product"}],"replies":[{"embeddable":true,"href":"https:\/\/compuviper.mx\/tienda\/wp-json\/wp\/v2\/comments?post=218776"}],"wp:featuredmedia":[{"embeddable":true,"href":"https:\/\/compuviper.mx\/tienda\/wp-json\/wp\/v2\/media\/218777"}],"wp:attachment":[{"href":"https:\/\/compuviper.mx\/tienda\/wp-json\/wp\/v2\/media?parent=218776"}],"wp:term":[{"taxonomy":"product_cat","embeddable":true,"href":"https:\/\/compuviper.mx\/tienda\/wp-json\/wp\/v2\/product_cat?post=218776"},{"taxonomy":"product_tag","embeddable":true,"href":"https:\/\/compuviper.mx\/tienda\/wp-json\/wp\/v2\/product_tag?post=218776"}],"curies":[{"name":"wp","href":"https:\/\/api.w.org\/{rel}","templated":true}]}}