{"id":218706,"date":"2026-04-17T00:40:25","date_gmt":"2026-04-17T06:40:25","guid":{"rendered":"https:\/\/compuviper.mx\/tienda\/producto\/hewlett-packard-enterprise-p28586-b21-hdd-hpe-1-2-tb-sas-12g-para-tareas-cruciales-10-000-rpm-sff-bc-3-aos-de-garanta-para-mltiples-proveedores\/"},"modified":"2026-04-17T00:40:25","modified_gmt":"2026-04-17T06:40:25","slug":"hewlett-packard-enterprise-p28586-b21-hdd-hpe-1-2-tb-sas-12g-para-tareas-cruciales-10-000-rpm-sff-bc-3-aos-de-garanta-para-mltiples-proveedores","status":"publish","type":"product","link":"https:\/\/compuviper.mx\/tienda\/producto\/hewlett-packard-enterprise-p28586-b21-hdd-hpe-1-2-tb-sas-12g-para-tareas-cruciales-10-000-rpm-sff-bc-3-aos-de-garanta-para-mltiples-proveedores\/","title":{"rendered":"Hewlett Packard Enterprise P28586-b21 Hdd Hpe 1.2 Tb Sas 12g Para Tareas Cruciales 10 000 Rpm Sff Bc 3 A?os De Garanta Para Mltiples Proveedores"},"content":{"rendered":"<table class=\"descripcion\">\n<tr>\n<td>Interfaz<\/td>\n<\/tr>\n<tr>\n<td>Sas<\/td>\n<\/tr>\n<tr>\n<td>Velocidad de rotaci\u00f3n de la unidad (rpm)<\/td>\n<\/tr>\n<tr>\n<td>10 000<\/td>\n<\/tr>\n<tr>\n<td>Factor de forma<\/td>\n<\/tr>\n<tr>\n<td>Sff<\/td>\n<\/tr>\n<tr>\n<td>Tecnolog\u00eda de la unidad (fill)<\/td>\n<\/tr>\n<tr>\n<td>Aire<\/td>\n<\/tr>\n<tr>\n<td>Tipo de formato<\/td>\n<\/tr>\n<tr>\n<td>512n<\/td>\n<\/tr>\n<tr>\n<td>Tipo de operador<\/td>\n<\/tr>\n<tr>\n<td>Portador b\u00e1sico (bc)<\/td>\n<\/tr>\n<tr>\n<td>Capacidad<\/td>\n<\/tr>\n<tr>\n<td>1,2 tb<\/td>\n<\/tr>\n<tr>\n<td>Dimensiones m\u00ednimas (alto x ancho x fondo)<\/td>\n<\/tr>\n<tr>\n<td>14,61 x 22,23 x 13,97 cm<\/td>\n<\/tr>\n<tr>\n<td>Peso<\/td>\n<\/tr>\n<tr>\n<td>0,5 kg<\/td>\n<\/tr>\n<\/table>\n","protected":false},"excerpt":{"rendered":"<p>\u0095 nuevos discos duros de 1,2 tb y 2,4 tb 10.000 rpm, factor formato peque\u00f1o (sff), autocifrado para tareas cruciales, con portador b\u00e1sico (bc. \u0095 unidades de disco duro para tareas cruciales de hasta 900 gb 15.000 rpm sas factor formato peque\u00f1o (sff) y factor formato grande (lff) con portador b\u00e1sico (bc) y conversor de perfil bajo (lpcc. \u0095 unidades de disco duro para tareas cruciales de hasta 2,4 tb 10.000 rpm sas sff con portador b\u00e1sico (bc)<\/p>\n","protected":false},"featured_media":218707,"comment_status":"open","ping_status":"open","template":"","meta":[],"product_cat":[1703,1706],"product_tag":[1568],"acf":[],"yoast_head":"<!-- This site is optimized with the Yoast SEO plugin v21.7 - https:\/\/yoast.com\/wordpress\/plugins\/seo\/ -->\n<title>[ Hewlett Packard Enterprise ] &#129351; P28586-b21 Hdd Hpe 1.2 Tb Sas 12g Para Tareas Cruciales 10 000 Rpm Sff Bc 3 A\u00f1os De Garanta Para Mltiples Proveedores<\/title>\n<meta name=\"description\" content=\"Compra P28586-b21 Hdd Hpe 1.2 Tb Sas 12g Para Tareas Cruciales 10 000 Rpm Sff Bc 3 A\u00f1os De Garanta Para Mltiples Proveedores + Env\u00edo a domicilio + Pago seguro + Garant\u00eda\" \/>\n<meta name=\"robots\" content=\"index, follow, max-snippet:-1, max-image-preview:large, max-video-preview:-1\" \/>\n<link rel=\"canonical\" href=\"https:\/\/compuviper.mx\/tienda\/producto\/hewlett-packard-enterprise-p28586-b21-hdd-hpe-1-2-tb-sas-12g-para-tareas-cruciales-10-000-rpm-sff-bc-3-aos-de-garanta-para-mltiples-proveedores\/\" \/>\n<meta property=\"og:locale\" content=\"es_MX\" \/>\n<meta property=\"og:type\" content=\"article\" \/>\n<meta property=\"og:title\" content=\"[ Hewlett Packard Enterprise ] &#129351; P28586-b21 Hdd Hpe 1.2 Tb Sas 12g Para Tareas Cruciales 10 000 Rpm Sff Bc 3 A\u00f1os De Garanta Para Mltiples Proveedores\" \/>\n<meta property=\"og:description\" content=\"Compra P28586-b21 Hdd Hpe 1.2 Tb Sas 12g Para Tareas Cruciales 10 000 Rpm Sff Bc 3 A\u00f1os De Garanta Para Mltiples Proveedores + Env\u00edo a domicilio + Pago seguro + Garant\u00eda\" \/>\n<meta property=\"og:url\" content=\"https:\/\/compuviper.mx\/tienda\/producto\/hewlett-packard-enterprise-p28586-b21-hdd-hpe-1-2-tb-sas-12g-para-tareas-cruciales-10-000-rpm-sff-bc-3-aos-de-garanta-para-mltiples-proveedores\/\" \/>\n<meta property=\"og:site_name\" content=\"Compuviper\" \/>\n<meta property=\"article:publisher\" content=\"https:\/\/www.facebook.com\/compuviper\" \/>\n<meta property=\"og:image\" content=\"https:\/\/compuviper.mx\/tienda\/wp-content\/uploads\/2023\/12\/Hdd-hpe-1.2-tb-sas-12g-para-tareas-cruciales-10-000-rpm-sff-bc-3-anos-de-garanta-para-mltiples-proveedores.jpg\" \/>\n\t<meta property=\"og:image:width\" content=\"200\" \/>\n\t<meta property=\"og:image:height\" content=\"200\" \/>\n\t<meta property=\"og:image:type\" content=\"image\/jpeg\" \/>\n<meta name=\"twitter:card\" content=\"summary_large_image\" \/>\n<meta name=\"twitter:label1\" content=\"Precio\" \/>\n\t<meta name=\"twitter:data1\" content=\"&#36;8,239 con IVA\" \/>\n\t<meta name=\"twitter:label2\" content=\"Availability\" \/>\n\t<meta name=\"twitter:data2\" content=\"In stock\" \/>\n<script type=\"application\/ld+json\" class=\"yoast-schema-graph\">{\"@context\":\"https:\/\/schema.org\",\"@graph\":[{\"@type\":\"WebPage\",\"@id\":\"https:\/\/compuviper.mx\/tienda\/producto\/hewlett-packard-enterprise-p28586-b21-hdd-hpe-1-2-tb-sas-12g-para-tareas-cruciales-10-000-rpm-sff-bc-3-aos-de-garanta-para-mltiples-proveedores\/\",\"url\":\"https:\/\/compuviper.mx\/tienda\/producto\/hewlett-packard-enterprise-p28586-b21-hdd-hpe-1-2-tb-sas-12g-para-tareas-cruciales-10-000-rpm-sff-bc-3-aos-de-garanta-para-mltiples-proveedores\/\",\"name\":\"[ Hewlett Packard Enterprise ] &#129351; P28586-b21 Hdd Hpe 1.2 Tb Sas 12g Para Tareas Cruciales 10 000 Rpm Sff Bc 3 A\u00f1os De Garanta Para Mltiples Proveedores\",\"isPartOf\":{\"@id\":\"https:\/\/compuviper.mx\/tienda\/#website\"},\"datePublished\":\"2026-04-17T06:40:25+00:00\",\"dateModified\":\"2026-04-17T06:40:25+00:00\",\"description\":\"Compra P28586-b21 Hdd Hpe 1.2 Tb Sas 12g Para Tareas Cruciales 10 000 Rpm Sff Bc 3 A\u00f1os De Garanta Para Mltiples Proveedores + Env\u00edo a domicilio + Pago seguro + Garant\u00eda\",\"breadcrumb\":{\"@id\":\"https:\/\/compuviper.mx\/tienda\/producto\/hewlett-packard-enterprise-p28586-b21-hdd-hpe-1-2-tb-sas-12g-para-tareas-cruciales-10-000-rpm-sff-bc-3-aos-de-garanta-para-mltiples-proveedores\/#breadcrumb\"},\"inLanguage\":\"es-MX\",\"potentialAction\":[{\"@type\":\"ReadAction\",\"target\":[\"https:\/\/compuviper.mx\/tienda\/producto\/hewlett-packard-enterprise-p28586-b21-hdd-hpe-1-2-tb-sas-12g-para-tareas-cruciales-10-000-rpm-sff-bc-3-aos-de-garanta-para-mltiples-proveedores\/\"]}]},{\"@type\":\"BreadcrumbList\",\"@id\":\"https:\/\/compuviper.mx\/tienda\/producto\/hewlett-packard-enterprise-p28586-b21-hdd-hpe-1-2-tb-sas-12g-para-tareas-cruciales-10-000-rpm-sff-bc-3-aos-de-garanta-para-mltiples-proveedores\/#breadcrumb\",\"itemListElement\":[{\"@type\":\"ListItem\",\"position\":1,\"name\":\"Inicio\",\"item\":\"https:\/\/compuviper.mx\/tienda\/\"},{\"@type\":\"ListItem\",\"position\":2,\"name\":\"Productos\",\"item\":\"https:\/\/compuviper.mx\/tienda\/productos\/\"},{\"@type\":\"ListItem\",\"position\":3,\"name\":\"Discos Duros\",\"item\":\"https:\/\/compuviper.mx\/tienda\/categoria-producto\/discos-duros\/\"},{\"@type\":\"ListItem\",\"position\":4,\"name\":\"Disco Duro\",\"item\":\"https:\/\/compuviper.mx\/tienda\/categoria-producto\/discos-duros\/disco-duro\/\"},{\"@type\":\"ListItem\",\"position\":5,\"name\":\"Hewlett Packard Enterprise P28586-b21 Hdd Hpe 1.2 Tb Sas 12g Para Tareas Cruciales 10 000 Rpm Sff Bc 3 A?os De Garanta Para Mltiples Proveedores\"}]},{\"@type\":\"WebSite\",\"@id\":\"https:\/\/compuviper.mx\/tienda\/#website\",\"url\":\"https:\/\/compuviper.mx\/tienda\/\",\"name\":\"Compuviper\",\"description\":\"Proveedor de Computadoras, Laptops, Servidores, Monitores, Puntos de Venta, Teclados,   Impresoras, T\u00f3ner, C\u00e1maras de Seguridad y m\u00e1s en tu tienda en l\u00ednea\",\"publisher\":{\"@id\":\"https:\/\/compuviper.mx\/tienda\/#organization\"},\"potentialAction\":[{\"@type\":\"SearchAction\",\"target\":{\"@type\":\"EntryPoint\",\"urlTemplate\":\"https:\/\/compuviper.mx\/tienda\/?s={search_term_string}\"},\"query-input\":\"required name=search_term_string\"}],\"inLanguage\":\"es-MX\"},{\"@type\":\"Organization\",\"@id\":\"https:\/\/compuviper.mx\/tienda\/#organization\",\"name\":\"Compuviper\",\"url\":\"https:\/\/compuviper.mx\/tienda\/\",\"logo\":{\"@type\":\"ImageObject\",\"inLanguage\":\"es-MX\",\"@id\":\"https:\/\/compuviper.mx\/tienda\/#\/schema\/logo\/image\/\",\"url\":\"https:\/\/compuviper.mx\/tienda\/wp-content\/uploads\/2021\/08\/Logo-Compuviper-10.png\",\"contentUrl\":\"https:\/\/compuviper.mx\/tienda\/wp-content\/uploads\/2021\/08\/Logo-Compuviper-10.png\",\"width\":1000,\"height\":500,\"caption\":\"Compuviper\"},\"image\":{\"@id\":\"https:\/\/compuviper.mx\/tienda\/#\/schema\/logo\/image\/\"},\"sameAs\":[\"https:\/\/www.facebook.com\/compuviper\",\"https:\/\/www.youtube.com\/channel\/UCf73dERp9Y3cfOq7q8BhLjA?view_as=subscriber\"]}]}<\/script>\n<meta property=\"product:brand\" content=\"HEWLETT PACKARD ENTERPRISE\" \/>\n<meta property=\"product:price:amount\" content=\"8239\" \/>\n<meta property=\"product:price:currency\" content=\"MXN\" \/>\n<meta property=\"og:availability\" content=\"instock\" \/>\n<meta property=\"product:availability\" content=\"instock\" \/>\n<meta property=\"product:retailer_item_id\" content=\"P28586-B21\" \/>\n<meta property=\"product:condition\" content=\"new\" \/>\n<!-- \/ Yoast SEO plugin. -->","yoast_head_json":{"title":"[ Hewlett Packard Enterprise ] &#129351; P28586-b21 Hdd Hpe 1.2 Tb Sas 12g Para Tareas Cruciales 10 000 Rpm Sff Bc 3 A\u00f1os De Garanta Para Mltiples Proveedores","description":"Compra P28586-b21 Hdd Hpe 1.2 Tb Sas 12g Para Tareas Cruciales 10 000 Rpm Sff Bc 3 A\u00f1os De Garanta Para Mltiples Proveedores + Env\u00edo a domicilio + Pago seguro + Garant\u00eda","robots":{"index":"index","follow":"follow","max-snippet":"max-snippet:-1","max-image-preview":"max-image-preview:large","max-video-preview":"max-video-preview:-1"},"canonical":"https:\/\/compuviper.mx\/tienda\/producto\/hewlett-packard-enterprise-p28586-b21-hdd-hpe-1-2-tb-sas-12g-para-tareas-cruciales-10-000-rpm-sff-bc-3-aos-de-garanta-para-mltiples-proveedores\/","og_locale":"es_MX","og_type":"article","og_title":"[ Hewlett Packard Enterprise ] &#129351; P28586-b21 Hdd Hpe 1.2 Tb Sas 12g Para Tareas Cruciales 10 000 Rpm Sff Bc 3 A\u00f1os De Garanta Para Mltiples Proveedores","og_description":"Compra P28586-b21 Hdd Hpe 1.2 Tb Sas 12g Para Tareas Cruciales 10 000 Rpm Sff Bc 3 A\u00f1os De Garanta Para Mltiples Proveedores + Env\u00edo a domicilio + Pago seguro + Garant\u00eda","og_url":"https:\/\/compuviper.mx\/tienda\/producto\/hewlett-packard-enterprise-p28586-b21-hdd-hpe-1-2-tb-sas-12g-para-tareas-cruciales-10-000-rpm-sff-bc-3-aos-de-garanta-para-mltiples-proveedores\/","og_site_name":"Compuviper","article_publisher":"https:\/\/www.facebook.com\/compuviper","og_image":[{"width":200,"height":200,"url":"https:\/\/compuviper.mx\/tienda\/wp-content\/uploads\/2023\/12\/Hdd-hpe-1.2-tb-sas-12g-para-tareas-cruciales-10-000-rpm-sff-bc-3-anos-de-garanta-para-mltiples-proveedores.jpg","type":"image\/jpeg"}],"twitter_card":"summary_large_image","twitter_misc":{"Precio":"&#36;8,239 con IVA","Availability":"In stock"},"schema":{"@context":"https:\/\/schema.org","@graph":[{"@type":"WebPage","@id":"https:\/\/compuviper.mx\/tienda\/producto\/hewlett-packard-enterprise-p28586-b21-hdd-hpe-1-2-tb-sas-12g-para-tareas-cruciales-10-000-rpm-sff-bc-3-aos-de-garanta-para-mltiples-proveedores\/","url":"https:\/\/compuviper.mx\/tienda\/producto\/hewlett-packard-enterprise-p28586-b21-hdd-hpe-1-2-tb-sas-12g-para-tareas-cruciales-10-000-rpm-sff-bc-3-aos-de-garanta-para-mltiples-proveedores\/","name":"[ Hewlett Packard Enterprise ] &#129351; P28586-b21 Hdd Hpe 1.2 Tb Sas 12g Para Tareas Cruciales 10 000 Rpm Sff Bc 3 A\u00f1os De Garanta Para Mltiples Proveedores","isPartOf":{"@id":"https:\/\/compuviper.mx\/tienda\/#website"},"datePublished":"2026-04-17T06:40:25+00:00","dateModified":"2026-04-17T06:40:25+00:00","description":"Compra P28586-b21 Hdd Hpe 1.2 Tb Sas 12g Para Tareas Cruciales 10 000 Rpm Sff Bc 3 A\u00f1os De Garanta Para Mltiples Proveedores + Env\u00edo a domicilio + Pago seguro + Garant\u00eda","breadcrumb":{"@id":"https:\/\/compuviper.mx\/tienda\/producto\/hewlett-packard-enterprise-p28586-b21-hdd-hpe-1-2-tb-sas-12g-para-tareas-cruciales-10-000-rpm-sff-bc-3-aos-de-garanta-para-mltiples-proveedores\/#breadcrumb"},"inLanguage":"es-MX","potentialAction":[{"@type":"ReadAction","target":["https:\/\/compuviper.mx\/tienda\/producto\/hewlett-packard-enterprise-p28586-b21-hdd-hpe-1-2-tb-sas-12g-para-tareas-cruciales-10-000-rpm-sff-bc-3-aos-de-garanta-para-mltiples-proveedores\/"]}]},{"@type":"BreadcrumbList","@id":"https:\/\/compuviper.mx\/tienda\/producto\/hewlett-packard-enterprise-p28586-b21-hdd-hpe-1-2-tb-sas-12g-para-tareas-cruciales-10-000-rpm-sff-bc-3-aos-de-garanta-para-mltiples-proveedores\/#breadcrumb","itemListElement":[{"@type":"ListItem","position":1,"name":"Inicio","item":"https:\/\/compuviper.mx\/tienda\/"},{"@type":"ListItem","position":2,"name":"Productos","item":"https:\/\/compuviper.mx\/tienda\/productos\/"},{"@type":"ListItem","position":3,"name":"Discos Duros","item":"https:\/\/compuviper.mx\/tienda\/categoria-producto\/discos-duros\/"},{"@type":"ListItem","position":4,"name":"Disco Duro","item":"https:\/\/compuviper.mx\/tienda\/categoria-producto\/discos-duros\/disco-duro\/"},{"@type":"ListItem","position":5,"name":"Hewlett Packard Enterprise P28586-b21 Hdd Hpe 1.2 Tb Sas 12g Para Tareas Cruciales 10 000 Rpm Sff Bc 3 A?os De Garanta Para Mltiples Proveedores"}]},{"@type":"WebSite","@id":"https:\/\/compuviper.mx\/tienda\/#website","url":"https:\/\/compuviper.mx\/tienda\/","name":"Compuviper","description":"Proveedor de Computadoras, Laptops, Servidores, Monitores, Puntos de Venta, Teclados,   Impresoras, T\u00f3ner, C\u00e1maras de Seguridad y m\u00e1s en tu tienda en l\u00ednea","publisher":{"@id":"https:\/\/compuviper.mx\/tienda\/#organization"},"potentialAction":[{"@type":"SearchAction","target":{"@type":"EntryPoint","urlTemplate":"https:\/\/compuviper.mx\/tienda\/?s={search_term_string}"},"query-input":"required name=search_term_string"}],"inLanguage":"es-MX"},{"@type":"Organization","@id":"https:\/\/compuviper.mx\/tienda\/#organization","name":"Compuviper","url":"https:\/\/compuviper.mx\/tienda\/","logo":{"@type":"ImageObject","inLanguage":"es-MX","@id":"https:\/\/compuviper.mx\/tienda\/#\/schema\/logo\/image\/","url":"https:\/\/compuviper.mx\/tienda\/wp-content\/uploads\/2021\/08\/Logo-Compuviper-10.png","contentUrl":"https:\/\/compuviper.mx\/tienda\/wp-content\/uploads\/2021\/08\/Logo-Compuviper-10.png","width":1000,"height":500,"caption":"Compuviper"},"image":{"@id":"https:\/\/compuviper.mx\/tienda\/#\/schema\/logo\/image\/"},"sameAs":["https:\/\/www.facebook.com\/compuviper","https:\/\/www.youtube.com\/channel\/UCf73dERp9Y3cfOq7q8BhLjA?view_as=subscriber"]}]},"product_brand":"HEWLETT PACKARD ENTERPRISE","product_price_amount":"8239","product_price_currency":"MXN","og_availability":"instock","product_availability":"instock","product_retailer_item_id":"P28586-B21","product_condition":"new"},"_links":{"self":[{"href":"https:\/\/compuviper.mx\/tienda\/wp-json\/wp\/v2\/product\/218706"}],"collection":[{"href":"https:\/\/compuviper.mx\/tienda\/wp-json\/wp\/v2\/product"}],"about":[{"href":"https:\/\/compuviper.mx\/tienda\/wp-json\/wp\/v2\/types\/product"}],"replies":[{"embeddable":true,"href":"https:\/\/compuviper.mx\/tienda\/wp-json\/wp\/v2\/comments?post=218706"}],"wp:featuredmedia":[{"embeddable":true,"href":"https:\/\/compuviper.mx\/tienda\/wp-json\/wp\/v2\/media\/218707"}],"wp:attachment":[{"href":"https:\/\/compuviper.mx\/tienda\/wp-json\/wp\/v2\/media?parent=218706"}],"wp:term":[{"taxonomy":"product_cat","embeddable":true,"href":"https:\/\/compuviper.mx\/tienda\/wp-json\/wp\/v2\/product_cat?post=218706"},{"taxonomy":"product_tag","embeddable":true,"href":"https:\/\/compuviper.mx\/tienda\/wp-json\/wp\/v2\/product_tag?post=218706"}],"curies":[{"name":"wp","href":"https:\/\/api.w.org\/{rel}","templated":true}]}}