{"id":218590,"date":"2026-04-07T00:36:14","date_gmt":"2026-04-07T06:36:14","guid":{"rendered":"https:\/\/compuviper.mx\/tienda\/producto\/hewlett-packard-enterprise-843266-b21-disco-duro-hdd-hpe-entry-1-tb-sata-6g-7200-rpm-lff-35-pulg-rw-con-1-ao-de-garanta\/"},"modified":"2026-04-07T00:36:15","modified_gmt":"2026-04-07T06:36:15","slug":"hewlett-packard-enterprise-843266-b21-disco-duro-hdd-hpe-entry-1-tb-sata-6g-7200-rpm-lff-35-pulg-rw-con-1-ao-de-garanta","status":"publish","type":"product","link":"https:\/\/compuviper.mx\/tienda\/producto\/hewlett-packard-enterprise-843266-b21-disco-duro-hdd-hpe-entry-1-tb-sata-6g-7200-rpm-lff-35-pulg-rw-con-1-ao-de-garanta\/","title":{"rendered":"Hewlett Packard Enterprise 843266-b21 Disco Duro Hdd Hpe Entry 1 Tb Sata 6g 7200 Rpm Lff 3,5 Pulg. Rw Con 1 A?o De Garanta"},"content":{"rendered":"<table class=\"descripcion\">\n<tr>\n<td>Los discos duros de hpe ofrecen un alto rendimiento y fiabilidad entre las plataformas de almacenamiento y servidores de hpe<\/td>\n<\/tr>\n<tr>\n<td>Las unidades de disco duro hdd de hpe son unidades de nivel empresarial para los exigentes entornos 24&#215;7 de los centros de datos<\/td>\n<\/tr>\n<tr>\n<td>Los hdd de hpe se validan y prueban mediante una continua supervisin de calidad a lo largo del ciclo de vida<\/td>\n<\/tr>\n<tr>\n<td>Maximiza la capacidad total del almacenamiento del servidor para cargas de trabajo fundamentales para el negocio con las hdd de hpe<\/td>\n<\/tr>\n<tr>\n<td>Hpe ofrece discos duros con la mxima capacidad posible, 18 tb, ideales para el contenido digital, el almacenamiento masivo o los entornos web y de nube.<\/td>\n<\/tr>\n<tr>\n<td>Los discos duros fundamentales para el negocio de hpe ofrecen una gran capacidad de almacenamiento econmico.<\/td>\n<\/tr>\n<tr>\n<td>Las hdd de hpe han sido diseadas para ofrecer una gran capacidad, rendimiento, fiabilidad y seguridad de datos<\/td>\n<\/tr>\n<tr>\n<td>Los hdd de hpe han sido diseados para maximizar la capacidad total del almacenamiento del servidor en entornos de centros de datos<\/td>\n<\/tr>\n<tr>\n<td>Los hdd de hpe evitan el acceso no autorizado a tus datos mediante el firmware firmado digitalmente<\/td>\n<\/tr>\n<tr>\n<td>Los hdd de hpe reducen los costes y la complejidad de reutilizar o eliminar las unidades al tiempo que protegen los datos gracias a la tecnologa instant secure erase ise<\/td>\n<\/tr>\n<tr>\n<td>Simplifique la planificacin de hdd y estandarice las hdd en todas las soluciones de almacenamiento y servidores de hpe<\/td>\n<\/tr>\n<tr>\n<td>Los portadores de hdd comunes de hpe ofrecen coherencia y compatibilidad entre las plataformas de almacenamiento y servidores de hpe<\/td>\n<\/tr>\n<\/table>\n","protected":false},"excerpt":{"rendered":"<p>Disco duro hdd hpe entry 1 tb sata 6g 7200 rpm lff 3,5 pulg. Rw con 1 ao de garanta. Los discos duros fundamentales para el negocio de hpe se han diseado para ofrecer el ms alto rendimiento, capacidad, fiabilidad y seguridad de datos para las aplicaciones de tu centro de datos. Los discos duros fundamentales para el negocio te permiten almacenar ms datos sin sacrificar el rendimiento o la fiabilidad. Los discos duros fundamentales para el negocio de hpe estn disponibles tanto en factor de forma grande lff de 3,5 pulgadas y en factor de forma reducido sff de 2,5 pulgadas. Adems, cuentan con una garanta estndar de un ao. Todos los discos duros de hpe pasan un riguroso proceso de cualificacin, que certifica que cada unidad ha sido probada para funcionar en los entornos de almacenamiento y servidores de hpe. Todos los discos duros de hpe incluyen un firmware firmado digitalmente que evita el acceso no autorizado a tus datos.<\/p>\n","protected":false},"featured_media":218591,"comment_status":"open","ping_status":"open","template":"","meta":[],"product_cat":[1706,1703],"product_tag":[1568],"acf":[],"yoast_head":"<!-- This site is optimized with the Yoast SEO plugin v21.7 - https:\/\/yoast.com\/wordpress\/plugins\/seo\/ -->\n<title>[ Hewlett Packard Enterprise ] &#129351; 843266-b21 Disco Duro Hdd Hpe Entry 1 Tb Sata 6g 7200 Rpm Lff 3,5 Pulg. Rw Con 1 A\u00f1o De Garanta<\/title>\n<meta name=\"description\" content=\"Compra 843266-b21 Disco Duro Hdd Hpe Entry 1 Tb Sata 6g 7200 Rpm Lff 3,5 Pulg. Rw Con 1 A\u00f1o De Garanta + Env\u00edo a domicilio + Pago seguro + Garant\u00eda\" \/>\n<meta name=\"robots\" content=\"index, follow, max-snippet:-1, max-image-preview:large, max-video-preview:-1\" \/>\n<link rel=\"canonical\" href=\"https:\/\/compuviper.mx\/tienda\/producto\/hewlett-packard-enterprise-843266-b21-disco-duro-hdd-hpe-entry-1-tb-sata-6g-7200-rpm-lff-35-pulg-rw-con-1-ao-de-garanta\/\" \/>\n<meta property=\"og:locale\" content=\"es_MX\" \/>\n<meta property=\"og:type\" content=\"article\" \/>\n<meta property=\"og:title\" content=\"[ Hewlett Packard Enterprise ] &#129351; 843266-b21 Disco Duro Hdd Hpe Entry 1 Tb Sata 6g 7200 Rpm Lff 3,5 Pulg. Rw Con 1 A\u00f1o De Garanta\" \/>\n<meta property=\"og:description\" content=\"Compra 843266-b21 Disco Duro Hdd Hpe Entry 1 Tb Sata 6g 7200 Rpm Lff 3,5 Pulg. Rw Con 1 A\u00f1o De Garanta + Env\u00edo a domicilio + Pago seguro + Garant\u00eda\" \/>\n<meta property=\"og:url\" content=\"https:\/\/compuviper.mx\/tienda\/producto\/hewlett-packard-enterprise-843266-b21-disco-duro-hdd-hpe-entry-1-tb-sata-6g-7200-rpm-lff-35-pulg-rw-con-1-ao-de-garanta\/\" \/>\n<meta property=\"og:site_name\" content=\"Compuviper\" \/>\n<meta property=\"article:publisher\" content=\"https:\/\/www.facebook.com\/compuviper\" \/>\n<meta property=\"article:modified_time\" content=\"2026-04-07T06:36:15+00:00\" \/>\n<meta property=\"og:image\" content=\"https:\/\/compuviper.mx\/tienda\/wp-content\/uploads\/2023\/12\/Disco-duro-hdd-hpe-entry-1-tb-sata-6g-7200-rpm-lff-35-pulg.-rw-con-1-ano-de-garanta.jpg\" \/>\n\t<meta property=\"og:image:width\" content=\"200\" \/>\n\t<meta property=\"og:image:height\" content=\"200\" \/>\n\t<meta property=\"og:image:type\" content=\"image\/jpeg\" \/>\n<meta name=\"twitter:card\" content=\"summary_large_image\" \/>\n<meta name=\"twitter:label1\" content=\"Precio\" \/>\n\t<meta name=\"twitter:data1\" content=\"&#36;2,244 con IVA\" \/>\n\t<meta name=\"twitter:label2\" content=\"Availability\" \/>\n\t<meta name=\"twitter:data2\" content=\"On backorder\" \/>\n<script type=\"application\/ld+json\" class=\"yoast-schema-graph\">{\"@context\":\"https:\/\/schema.org\",\"@graph\":[{\"@type\":\"WebPage\",\"@id\":\"https:\/\/compuviper.mx\/tienda\/producto\/hewlett-packard-enterprise-843266-b21-disco-duro-hdd-hpe-entry-1-tb-sata-6g-7200-rpm-lff-35-pulg-rw-con-1-ao-de-garanta\/\",\"url\":\"https:\/\/compuviper.mx\/tienda\/producto\/hewlett-packard-enterprise-843266-b21-disco-duro-hdd-hpe-entry-1-tb-sata-6g-7200-rpm-lff-35-pulg-rw-con-1-ao-de-garanta\/\",\"name\":\"[ Hewlett Packard Enterprise ] &#129351; 843266-b21 Disco Duro Hdd Hpe Entry 1 Tb Sata 6g 7200 Rpm Lff 3,5 Pulg. Rw Con 1 A\u00f1o De Garanta\",\"isPartOf\":{\"@id\":\"https:\/\/compuviper.mx\/tienda\/#website\"},\"datePublished\":\"2026-04-07T06:36:14+00:00\",\"dateModified\":\"2026-04-07T06:36:15+00:00\",\"description\":\"Compra 843266-b21 Disco Duro Hdd Hpe Entry 1 Tb Sata 6g 7200 Rpm Lff 3,5 Pulg. Rw Con 1 A\u00f1o De Garanta + Env\u00edo a domicilio + Pago seguro + Garant\u00eda\",\"breadcrumb\":{\"@id\":\"https:\/\/compuviper.mx\/tienda\/producto\/hewlett-packard-enterprise-843266-b21-disco-duro-hdd-hpe-entry-1-tb-sata-6g-7200-rpm-lff-35-pulg-rw-con-1-ao-de-garanta\/#breadcrumb\"},\"inLanguage\":\"es-MX\",\"potentialAction\":[{\"@type\":\"ReadAction\",\"target\":[\"https:\/\/compuviper.mx\/tienda\/producto\/hewlett-packard-enterprise-843266-b21-disco-duro-hdd-hpe-entry-1-tb-sata-6g-7200-rpm-lff-35-pulg-rw-con-1-ao-de-garanta\/\"]}]},{\"@type\":\"BreadcrumbList\",\"@id\":\"https:\/\/compuviper.mx\/tienda\/producto\/hewlett-packard-enterprise-843266-b21-disco-duro-hdd-hpe-entry-1-tb-sata-6g-7200-rpm-lff-35-pulg-rw-con-1-ao-de-garanta\/#breadcrumb\",\"itemListElement\":[{\"@type\":\"ListItem\",\"position\":1,\"name\":\"Inicio\",\"item\":\"https:\/\/compuviper.mx\/tienda\/\"},{\"@type\":\"ListItem\",\"position\":2,\"name\":\"Productos\",\"item\":\"https:\/\/compuviper.mx\/tienda\/productos\/\"},{\"@type\":\"ListItem\",\"position\":3,\"name\":\"Discos Duros\",\"item\":\"https:\/\/compuviper.mx\/tienda\/categoria-producto\/discos-duros\/\"},{\"@type\":\"ListItem\",\"position\":4,\"name\":\"Disco Duro\",\"item\":\"https:\/\/compuviper.mx\/tienda\/categoria-producto\/discos-duros\/disco-duro\/\"},{\"@type\":\"ListItem\",\"position\":5,\"name\":\"Hewlett Packard Enterprise 843266-b21 Disco Duro Hdd Hpe Entry 1 Tb Sata 6g 7200 Rpm Lff 3,5 Pulg. Rw Con 1 A?o De Garanta\"}]},{\"@type\":\"WebSite\",\"@id\":\"https:\/\/compuviper.mx\/tienda\/#website\",\"url\":\"https:\/\/compuviper.mx\/tienda\/\",\"name\":\"Compuviper\",\"description\":\"Proveedor de Computadoras, Laptops, Servidores, Monitores, Puntos de Venta, Teclados,   Impresoras, T\u00f3ner, C\u00e1maras de Seguridad y m\u00e1s en tu tienda en l\u00ednea\",\"publisher\":{\"@id\":\"https:\/\/compuviper.mx\/tienda\/#organization\"},\"potentialAction\":[{\"@type\":\"SearchAction\",\"target\":{\"@type\":\"EntryPoint\",\"urlTemplate\":\"https:\/\/compuviper.mx\/tienda\/?s={search_term_string}\"},\"query-input\":\"required name=search_term_string\"}],\"inLanguage\":\"es-MX\"},{\"@type\":\"Organization\",\"@id\":\"https:\/\/compuviper.mx\/tienda\/#organization\",\"name\":\"Compuviper\",\"url\":\"https:\/\/compuviper.mx\/tienda\/\",\"logo\":{\"@type\":\"ImageObject\",\"inLanguage\":\"es-MX\",\"@id\":\"https:\/\/compuviper.mx\/tienda\/#\/schema\/logo\/image\/\",\"url\":\"https:\/\/compuviper.mx\/tienda\/wp-content\/uploads\/2021\/08\/Logo-Compuviper-10.png\",\"contentUrl\":\"https:\/\/compuviper.mx\/tienda\/wp-content\/uploads\/2021\/08\/Logo-Compuviper-10.png\",\"width\":1000,\"height\":500,\"caption\":\"Compuviper\"},\"image\":{\"@id\":\"https:\/\/compuviper.mx\/tienda\/#\/schema\/logo\/image\/\"},\"sameAs\":[\"https:\/\/www.facebook.com\/compuviper\",\"https:\/\/www.youtube.com\/channel\/UCf73dERp9Y3cfOq7q8BhLjA?view_as=subscriber\"]}]}<\/script>\n<meta property=\"product:brand\" content=\"HEWLETT PACKARD ENTERPRISE\" \/>\n<meta property=\"product:price:amount\" content=\"2244\" \/>\n<meta property=\"product:price:currency\" content=\"MXN\" \/>\n<meta property=\"og:availability\" content=\"backorder\" \/>\n<meta property=\"product:availability\" content=\"available for order\" \/>\n<meta property=\"product:retailer_item_id\" content=\"843266-B21\" \/>\n<meta property=\"product:condition\" content=\"new\" \/>\n<!-- \/ Yoast SEO plugin. -->","yoast_head_json":{"title":"[ Hewlett Packard Enterprise ] &#129351; 843266-b21 Disco Duro Hdd Hpe Entry 1 Tb Sata 6g 7200 Rpm Lff 3,5 Pulg. Rw Con 1 A\u00f1o De Garanta","description":"Compra 843266-b21 Disco Duro Hdd Hpe Entry 1 Tb Sata 6g 7200 Rpm Lff 3,5 Pulg. Rw Con 1 A\u00f1o De Garanta + Env\u00edo a domicilio + Pago seguro + Garant\u00eda","robots":{"index":"index","follow":"follow","max-snippet":"max-snippet:-1","max-image-preview":"max-image-preview:large","max-video-preview":"max-video-preview:-1"},"canonical":"https:\/\/compuviper.mx\/tienda\/producto\/hewlett-packard-enterprise-843266-b21-disco-duro-hdd-hpe-entry-1-tb-sata-6g-7200-rpm-lff-35-pulg-rw-con-1-ao-de-garanta\/","og_locale":"es_MX","og_type":"article","og_title":"[ Hewlett Packard Enterprise ] &#129351; 843266-b21 Disco Duro Hdd Hpe Entry 1 Tb Sata 6g 7200 Rpm Lff 3,5 Pulg. Rw Con 1 A\u00f1o De Garanta","og_description":"Compra 843266-b21 Disco Duro Hdd Hpe Entry 1 Tb Sata 6g 7200 Rpm Lff 3,5 Pulg. Rw Con 1 A\u00f1o De Garanta + Env\u00edo a domicilio + Pago seguro + Garant\u00eda","og_url":"https:\/\/compuviper.mx\/tienda\/producto\/hewlett-packard-enterprise-843266-b21-disco-duro-hdd-hpe-entry-1-tb-sata-6g-7200-rpm-lff-35-pulg-rw-con-1-ao-de-garanta\/","og_site_name":"Compuviper","article_publisher":"https:\/\/www.facebook.com\/compuviper","article_modified_time":"2026-04-07T06:36:15+00:00","og_image":[{"width":200,"height":200,"url":"https:\/\/compuviper.mx\/tienda\/wp-content\/uploads\/2023\/12\/Disco-duro-hdd-hpe-entry-1-tb-sata-6g-7200-rpm-lff-35-pulg.-rw-con-1-ano-de-garanta.jpg","type":"image\/jpeg"}],"twitter_card":"summary_large_image","twitter_misc":{"Precio":"&#36;2,244 con IVA","Availability":"On backorder"},"schema":{"@context":"https:\/\/schema.org","@graph":[{"@type":"WebPage","@id":"https:\/\/compuviper.mx\/tienda\/producto\/hewlett-packard-enterprise-843266-b21-disco-duro-hdd-hpe-entry-1-tb-sata-6g-7200-rpm-lff-35-pulg-rw-con-1-ao-de-garanta\/","url":"https:\/\/compuviper.mx\/tienda\/producto\/hewlett-packard-enterprise-843266-b21-disco-duro-hdd-hpe-entry-1-tb-sata-6g-7200-rpm-lff-35-pulg-rw-con-1-ao-de-garanta\/","name":"[ Hewlett Packard Enterprise ] &#129351; 843266-b21 Disco Duro Hdd Hpe Entry 1 Tb Sata 6g 7200 Rpm Lff 3,5 Pulg. Rw Con 1 A\u00f1o De Garanta","isPartOf":{"@id":"https:\/\/compuviper.mx\/tienda\/#website"},"datePublished":"2026-04-07T06:36:14+00:00","dateModified":"2026-04-07T06:36:15+00:00","description":"Compra 843266-b21 Disco Duro Hdd Hpe Entry 1 Tb Sata 6g 7200 Rpm Lff 3,5 Pulg. Rw Con 1 A\u00f1o De Garanta + Env\u00edo a domicilio + Pago seguro + Garant\u00eda","breadcrumb":{"@id":"https:\/\/compuviper.mx\/tienda\/producto\/hewlett-packard-enterprise-843266-b21-disco-duro-hdd-hpe-entry-1-tb-sata-6g-7200-rpm-lff-35-pulg-rw-con-1-ao-de-garanta\/#breadcrumb"},"inLanguage":"es-MX","potentialAction":[{"@type":"ReadAction","target":["https:\/\/compuviper.mx\/tienda\/producto\/hewlett-packard-enterprise-843266-b21-disco-duro-hdd-hpe-entry-1-tb-sata-6g-7200-rpm-lff-35-pulg-rw-con-1-ao-de-garanta\/"]}]},{"@type":"BreadcrumbList","@id":"https:\/\/compuviper.mx\/tienda\/producto\/hewlett-packard-enterprise-843266-b21-disco-duro-hdd-hpe-entry-1-tb-sata-6g-7200-rpm-lff-35-pulg-rw-con-1-ao-de-garanta\/#breadcrumb","itemListElement":[{"@type":"ListItem","position":1,"name":"Inicio","item":"https:\/\/compuviper.mx\/tienda\/"},{"@type":"ListItem","position":2,"name":"Productos","item":"https:\/\/compuviper.mx\/tienda\/productos\/"},{"@type":"ListItem","position":3,"name":"Discos Duros","item":"https:\/\/compuviper.mx\/tienda\/categoria-producto\/discos-duros\/"},{"@type":"ListItem","position":4,"name":"Disco Duro","item":"https:\/\/compuviper.mx\/tienda\/categoria-producto\/discos-duros\/disco-duro\/"},{"@type":"ListItem","position":5,"name":"Hewlett Packard Enterprise 843266-b21 Disco Duro Hdd Hpe Entry 1 Tb Sata 6g 7200 Rpm Lff 3,5 Pulg. Rw Con 1 A?o De Garanta"}]},{"@type":"WebSite","@id":"https:\/\/compuviper.mx\/tienda\/#website","url":"https:\/\/compuviper.mx\/tienda\/","name":"Compuviper","description":"Proveedor de Computadoras, Laptops, Servidores, Monitores, Puntos de Venta, Teclados,   Impresoras, T\u00f3ner, C\u00e1maras de Seguridad y m\u00e1s en tu tienda en l\u00ednea","publisher":{"@id":"https:\/\/compuviper.mx\/tienda\/#organization"},"potentialAction":[{"@type":"SearchAction","target":{"@type":"EntryPoint","urlTemplate":"https:\/\/compuviper.mx\/tienda\/?s={search_term_string}"},"query-input":"required name=search_term_string"}],"inLanguage":"es-MX"},{"@type":"Organization","@id":"https:\/\/compuviper.mx\/tienda\/#organization","name":"Compuviper","url":"https:\/\/compuviper.mx\/tienda\/","logo":{"@type":"ImageObject","inLanguage":"es-MX","@id":"https:\/\/compuviper.mx\/tienda\/#\/schema\/logo\/image\/","url":"https:\/\/compuviper.mx\/tienda\/wp-content\/uploads\/2021\/08\/Logo-Compuviper-10.png","contentUrl":"https:\/\/compuviper.mx\/tienda\/wp-content\/uploads\/2021\/08\/Logo-Compuviper-10.png","width":1000,"height":500,"caption":"Compuviper"},"image":{"@id":"https:\/\/compuviper.mx\/tienda\/#\/schema\/logo\/image\/"},"sameAs":["https:\/\/www.facebook.com\/compuviper","https:\/\/www.youtube.com\/channel\/UCf73dERp9Y3cfOq7q8BhLjA?view_as=subscriber"]}]},"product_brand":"HEWLETT PACKARD ENTERPRISE","product_price_amount":"2244","product_price_currency":"MXN","og_availability":"backorder","product_availability":"available for order","product_retailer_item_id":"843266-B21","product_condition":"new"},"_links":{"self":[{"href":"https:\/\/compuviper.mx\/tienda\/wp-json\/wp\/v2\/product\/218590"}],"collection":[{"href":"https:\/\/compuviper.mx\/tienda\/wp-json\/wp\/v2\/product"}],"about":[{"href":"https:\/\/compuviper.mx\/tienda\/wp-json\/wp\/v2\/types\/product"}],"replies":[{"embeddable":true,"href":"https:\/\/compuviper.mx\/tienda\/wp-json\/wp\/v2\/comments?post=218590"}],"wp:featuredmedia":[{"embeddable":true,"href":"https:\/\/compuviper.mx\/tienda\/wp-json\/wp\/v2\/media\/218591"}],"wp:attachment":[{"href":"https:\/\/compuviper.mx\/tienda\/wp-json\/wp\/v2\/media?parent=218590"}],"wp:term":[{"taxonomy":"product_cat","embeddable":true,"href":"https:\/\/compuviper.mx\/tienda\/wp-json\/wp\/v2\/product_cat?post=218590"},{"taxonomy":"product_tag","embeddable":true,"href":"https:\/\/compuviper.mx\/tienda\/wp-json\/wp\/v2\/product_tag?post=218590"}],"curies":[{"name":"wp","href":"https:\/\/api.w.org\/{rel}","templated":true}]}}