{"id":218579,"date":"2026-04-16T00:36:59","date_gmt":"2026-04-16T06:36:59","guid":{"rendered":"https:\/\/compuviper.mx\/tienda\/producto\/lenovo-7xb7a00056-disco-duro-thinksystem-3-5-pulgadas-2tb-7-2k-sata-simple-swap-512n-hdd-para-sr250-v2-6c\/"},"modified":"2026-04-16T00:36:59","modified_gmt":"2026-04-16T06:36:59","slug":"lenovo-7xb7a00056-disco-duro-thinksystem-3-5-pulgadas-2tb-7-2k-sata-simple-swap-512n-hdd-para-sr250-v2-4c-sr250-v2-6c","status":"publish","type":"product","link":"https:\/\/compuviper.mx\/tienda\/producto\/lenovo-7xb7a00056-disco-duro-thinksystem-3-5-pulgadas-2tb-7-2k-sata-simple-swap-512n-hdd-para-sr250-v2-4c-sr250-v2-6c\/","title":{"rendered":"Lenovo 7xb7a00056 Disco Duro  Thinksystem 3.5 Pulgadas 2tb 7.2k Sata Simple Swap 512n Hdd \/ Para Sr250 V2 4c, Sr250 V2 6c"},"content":{"rendered":"<table class=\"descripcion\">\n<tr>\n<td>Nombre del producto thinksystem 3.5 pulgadas 2tb 7.2k sata  simple swap 512n unidad de disco duro<\/td>\n<\/tr>\n<tr>\n<td>N\u00famero de pieza del fabricante: 7xb7a00056<\/td>\n<\/tr>\n<tr>\n<td>Tipo de producto: disco duro<\/td>\n<\/tr>\n<tr>\n<td>Informaci\u00f3n t\u00e9cnica<\/td>\n<\/tr>\n<tr>\n<td>Capacidad de almacenamiento: 2 tb<\/td>\n<\/tr>\n<tr>\n<td>Interfaces \/ puertos<\/td>\n<\/tr>\n<tr>\n<td>Interfaz de la unidad: sata<\/td>\n<\/tr>\n<tr>\n<td>Interfaz de unidad est\u00e1ndar 6gbps \/ sata<\/td>\n<\/tr>\n<tr>\n<td>Rendimiento de la unidad<\/td>\n<\/tr>\n<tr>\n<td>Velocidad del husillo (rpm) 7200<\/td>\n<\/tr>\n<tr>\n<td>Caracter\u00edsticas f\u00edsicas<\/td>\n<\/tr>\n<tr>\n<td>Tipo de unidad: interno<\/td>\n<\/tr>\n<tr>\n<td>Ancho de la unidad: 3.5<\/td>\n<\/tr>\n<tr>\n<td>Simple swap<\/td>\n<\/tr>\n<tr>\n<td>Compatibilidad servidor: lenovo thinksystem sr250<\/td>\n<\/tr>\n<tr>\n<td>Dispositivo compatible servidor:<\/td>\n<\/tr>\n<tr>\n<td>Clave  ser-1749<\/td>\n<\/tr>\n<tr>\n<td>*** la imagen presentada es ilustrativa puede variar<\/td>\n<\/tr>\n<\/table>\n","protected":false},"excerpt":{"rendered":"<p>Las configuraciones de almacenamiento interno flexibles y escalables incluyen unidades de 2,5 pulgadas o de 3,5 pulgadas con raid de software asequible o protecci\u00f3n raid de hardware avanzada y una amplia selecci\u00f3n de tama\u00f1os y tipos de unidades, incluidas ssd pcie nvme, ssd sas\/sata y sas \/hdd sata.<\/p>\n","protected":false},"featured_media":218580,"comment_status":"open","ping_status":"open","template":"","meta":[],"product_cat":[1703,1706],"product_tag":[1578],"acf":[],"yoast_head":"<!-- This site is optimized with the Yoast SEO plugin v21.7 - https:\/\/yoast.com\/wordpress\/plugins\/seo\/ -->\n<title>[ Lenovo ] &#129351; 7xb7a00056 Disco Duro Thinksystem 3.5 Pulgadas 2tb 7.2k Sata Simple Swap 512n Hdd \/ Para Sr250 V2 4c, Sr250 V2 6c<\/title>\n<meta name=\"description\" content=\"Compra 7xb7a00056 Disco Duro Thinksystem 3.5 Pulgadas 2tb 7.2k Sata Simple Swap 512n Hdd \/ Para Sr250 V2 4c, Sr250 V2 6c + Env\u00edo a domicilio + Pago seguro + Garant\u00eda\" \/>\n<meta name=\"robots\" content=\"index, follow, max-snippet:-1, max-image-preview:large, max-video-preview:-1\" \/>\n<link rel=\"canonical\" href=\"https:\/\/compuviper.mx\/tienda\/producto\/lenovo-7xb7a00056-disco-duro-thinksystem-3-5-pulgadas-2tb-7-2k-sata-simple-swap-512n-hdd-para-sr250-v2-4c-sr250-v2-6c\/\" \/>\n<meta property=\"og:locale\" content=\"es_MX\" \/>\n<meta property=\"og:type\" content=\"article\" \/>\n<meta property=\"og:title\" content=\"[ Lenovo ] &#129351; 7xb7a00056 Disco Duro Thinksystem 3.5 Pulgadas 2tb 7.2k Sata Simple Swap 512n Hdd \/ Para Sr250 V2 4c, Sr250 V2 6c\" \/>\n<meta property=\"og:description\" content=\"Compra 7xb7a00056 Disco Duro Thinksystem 3.5 Pulgadas 2tb 7.2k Sata Simple Swap 512n Hdd \/ Para Sr250 V2 4c, Sr250 V2 6c + Env\u00edo a domicilio + Pago seguro + Garant\u00eda\" \/>\n<meta property=\"og:url\" content=\"https:\/\/compuviper.mx\/tienda\/producto\/lenovo-7xb7a00056-disco-duro-thinksystem-3-5-pulgadas-2tb-7-2k-sata-simple-swap-512n-hdd-para-sr250-v2-4c-sr250-v2-6c\/\" \/>\n<meta property=\"og:site_name\" content=\"Compuviper\" \/>\n<meta property=\"article:publisher\" content=\"https:\/\/www.facebook.com\/compuviper\" \/>\n<meta property=\"og:image\" content=\"https:\/\/compuviper.mx\/tienda\/wp-content\/uploads\/2023\/12\/Disco-duro-lenovo-thinksystem-3.5-pulgadas-2tb-7.2k-sata-simple-swap-512n-hdd-para-sr250-v2-6c.jpg\" \/>\n\t<meta property=\"og:image:width\" content=\"200\" \/>\n\t<meta property=\"og:image:height\" content=\"200\" \/>\n\t<meta property=\"og:image:type\" content=\"image\/jpeg\" \/>\n<meta name=\"twitter:card\" content=\"summary_large_image\" \/>\n<meta name=\"twitter:label1\" content=\"Precio\" \/>\n\t<meta name=\"twitter:data1\" content=\"&#36;4,359 &#36;4,143 con IVA\" \/>\n\t<meta name=\"twitter:label2\" content=\"Availability\" \/>\n\t<meta name=\"twitter:data2\" content=\"In stock\" \/>\n<script type=\"application\/ld+json\" class=\"yoast-schema-graph\">{\"@context\":\"https:\/\/schema.org\",\"@graph\":[{\"@type\":\"WebPage\",\"@id\":\"https:\/\/compuviper.mx\/tienda\/producto\/lenovo-7xb7a00056-disco-duro-thinksystem-3-5-pulgadas-2tb-7-2k-sata-simple-swap-512n-hdd-para-sr250-v2-4c-sr250-v2-6c\/\",\"url\":\"https:\/\/compuviper.mx\/tienda\/producto\/lenovo-7xb7a00056-disco-duro-thinksystem-3-5-pulgadas-2tb-7-2k-sata-simple-swap-512n-hdd-para-sr250-v2-4c-sr250-v2-6c\/\",\"name\":\"[ Lenovo ] &#129351; 7xb7a00056 Disco Duro Thinksystem 3.5 Pulgadas 2tb 7.2k Sata Simple Swap 512n Hdd \/ Para Sr250 V2 4c, Sr250 V2 6c\",\"isPartOf\":{\"@id\":\"https:\/\/compuviper.mx\/tienda\/#website\"},\"datePublished\":\"2026-04-16T06:36:59+00:00\",\"dateModified\":\"2026-04-16T06:36:59+00:00\",\"description\":\"Compra 7xb7a00056 Disco Duro Thinksystem 3.5 Pulgadas 2tb 7.2k Sata Simple Swap 512n Hdd \/ Para Sr250 V2 4c, Sr250 V2 6c + Env\u00edo a domicilio + Pago seguro + Garant\u00eda\",\"breadcrumb\":{\"@id\":\"https:\/\/compuviper.mx\/tienda\/producto\/lenovo-7xb7a00056-disco-duro-thinksystem-3-5-pulgadas-2tb-7-2k-sata-simple-swap-512n-hdd-para-sr250-v2-4c-sr250-v2-6c\/#breadcrumb\"},\"inLanguage\":\"es-MX\",\"potentialAction\":[{\"@type\":\"ReadAction\",\"target\":[\"https:\/\/compuviper.mx\/tienda\/producto\/lenovo-7xb7a00056-disco-duro-thinksystem-3-5-pulgadas-2tb-7-2k-sata-simple-swap-512n-hdd-para-sr250-v2-4c-sr250-v2-6c\/\"]}]},{\"@type\":\"BreadcrumbList\",\"@id\":\"https:\/\/compuviper.mx\/tienda\/producto\/lenovo-7xb7a00056-disco-duro-thinksystem-3-5-pulgadas-2tb-7-2k-sata-simple-swap-512n-hdd-para-sr250-v2-4c-sr250-v2-6c\/#breadcrumb\",\"itemListElement\":[{\"@type\":\"ListItem\",\"position\":1,\"name\":\"Inicio\",\"item\":\"https:\/\/compuviper.mx\/tienda\/\"},{\"@type\":\"ListItem\",\"position\":2,\"name\":\"Productos\",\"item\":\"https:\/\/compuviper.mx\/tienda\/productos\/\"},{\"@type\":\"ListItem\",\"position\":3,\"name\":\"Discos Duros\",\"item\":\"https:\/\/compuviper.mx\/tienda\/categoria-producto\/discos-duros\/\"},{\"@type\":\"ListItem\",\"position\":4,\"name\":\"Disco Duro\",\"item\":\"https:\/\/compuviper.mx\/tienda\/categoria-producto\/discos-duros\/disco-duro\/\"},{\"@type\":\"ListItem\",\"position\":5,\"name\":\"Lenovo 7xb7a00056 Disco Duro Thinksystem 3.5 Pulgadas 2tb 7.2k Sata Simple Swap 512n Hdd \/ Para Sr250 V2 4c, Sr250 V2 6c\"}]},{\"@type\":\"WebSite\",\"@id\":\"https:\/\/compuviper.mx\/tienda\/#website\",\"url\":\"https:\/\/compuviper.mx\/tienda\/\",\"name\":\"Compuviper\",\"description\":\"Proveedor de Computadoras, Laptops, Servidores, Monitores, Puntos de Venta, Teclados,   Impresoras, T\u00f3ner, C\u00e1maras de Seguridad y m\u00e1s en tu tienda en l\u00ednea\",\"publisher\":{\"@id\":\"https:\/\/compuviper.mx\/tienda\/#organization\"},\"potentialAction\":[{\"@type\":\"SearchAction\",\"target\":{\"@type\":\"EntryPoint\",\"urlTemplate\":\"https:\/\/compuviper.mx\/tienda\/?s={search_term_string}\"},\"query-input\":\"required name=search_term_string\"}],\"inLanguage\":\"es-MX\"},{\"@type\":\"Organization\",\"@id\":\"https:\/\/compuviper.mx\/tienda\/#organization\",\"name\":\"Compuviper\",\"url\":\"https:\/\/compuviper.mx\/tienda\/\",\"logo\":{\"@type\":\"ImageObject\",\"inLanguage\":\"es-MX\",\"@id\":\"https:\/\/compuviper.mx\/tienda\/#\/schema\/logo\/image\/\",\"url\":\"https:\/\/compuviper.mx\/tienda\/wp-content\/uploads\/2021\/08\/Logo-Compuviper-10.png\",\"contentUrl\":\"https:\/\/compuviper.mx\/tienda\/wp-content\/uploads\/2021\/08\/Logo-Compuviper-10.png\",\"width\":1000,\"height\":500,\"caption\":\"Compuviper\"},\"image\":{\"@id\":\"https:\/\/compuviper.mx\/tienda\/#\/schema\/logo\/image\/\"},\"sameAs\":[\"https:\/\/www.facebook.com\/compuviper\",\"https:\/\/www.youtube.com\/channel\/UCf73dERp9Y3cfOq7q8BhLjA?view_as=subscriber\"]}]}<\/script>\n<meta property=\"product:brand\" content=\"LENOVO\" \/>\n<meta property=\"product:price:amount\" content=\"4143\" \/>\n<meta property=\"product:price:currency\" content=\"MXN\" \/>\n<meta property=\"og:availability\" content=\"instock\" \/>\n<meta property=\"product:availability\" content=\"instock\" \/>\n<meta property=\"product:retailer_item_id\" content=\"7XB7A00056\" \/>\n<meta property=\"product:condition\" content=\"new\" \/>\n<!-- \/ Yoast SEO plugin. -->","yoast_head_json":{"title":"[ Lenovo ] &#129351; 7xb7a00056 Disco Duro Thinksystem 3.5 Pulgadas 2tb 7.2k Sata Simple Swap 512n Hdd \/ Para Sr250 V2 4c, Sr250 V2 6c","description":"Compra 7xb7a00056 Disco Duro Thinksystem 3.5 Pulgadas 2tb 7.2k Sata Simple Swap 512n Hdd \/ Para Sr250 V2 4c, Sr250 V2 6c + Env\u00edo a domicilio + Pago seguro + Garant\u00eda","robots":{"index":"index","follow":"follow","max-snippet":"max-snippet:-1","max-image-preview":"max-image-preview:large","max-video-preview":"max-video-preview:-1"},"canonical":"https:\/\/compuviper.mx\/tienda\/producto\/lenovo-7xb7a00056-disco-duro-thinksystem-3-5-pulgadas-2tb-7-2k-sata-simple-swap-512n-hdd-para-sr250-v2-4c-sr250-v2-6c\/","og_locale":"es_MX","og_type":"article","og_title":"[ Lenovo ] &#129351; 7xb7a00056 Disco Duro Thinksystem 3.5 Pulgadas 2tb 7.2k Sata Simple Swap 512n Hdd \/ Para Sr250 V2 4c, Sr250 V2 6c","og_description":"Compra 7xb7a00056 Disco Duro Thinksystem 3.5 Pulgadas 2tb 7.2k Sata Simple Swap 512n Hdd \/ Para Sr250 V2 4c, Sr250 V2 6c + Env\u00edo a domicilio + Pago seguro + Garant\u00eda","og_url":"https:\/\/compuviper.mx\/tienda\/producto\/lenovo-7xb7a00056-disco-duro-thinksystem-3-5-pulgadas-2tb-7-2k-sata-simple-swap-512n-hdd-para-sr250-v2-4c-sr250-v2-6c\/","og_site_name":"Compuviper","article_publisher":"https:\/\/www.facebook.com\/compuviper","og_image":[{"width":200,"height":200,"url":"https:\/\/compuviper.mx\/tienda\/wp-content\/uploads\/2023\/12\/Disco-duro-lenovo-thinksystem-3.5-pulgadas-2tb-7.2k-sata-simple-swap-512n-hdd-para-sr250-v2-6c.jpg","type":"image\/jpeg"}],"twitter_card":"summary_large_image","twitter_misc":{"Precio":"&#36;4,359 &#36;4,143 con IVA","Availability":"In stock"},"schema":{"@context":"https:\/\/schema.org","@graph":[{"@type":"WebPage","@id":"https:\/\/compuviper.mx\/tienda\/producto\/lenovo-7xb7a00056-disco-duro-thinksystem-3-5-pulgadas-2tb-7-2k-sata-simple-swap-512n-hdd-para-sr250-v2-4c-sr250-v2-6c\/","url":"https:\/\/compuviper.mx\/tienda\/producto\/lenovo-7xb7a00056-disco-duro-thinksystem-3-5-pulgadas-2tb-7-2k-sata-simple-swap-512n-hdd-para-sr250-v2-4c-sr250-v2-6c\/","name":"[ Lenovo ] &#129351; 7xb7a00056 Disco Duro Thinksystem 3.5 Pulgadas 2tb 7.2k Sata Simple Swap 512n Hdd \/ Para Sr250 V2 4c, Sr250 V2 6c","isPartOf":{"@id":"https:\/\/compuviper.mx\/tienda\/#website"},"datePublished":"2026-04-16T06:36:59+00:00","dateModified":"2026-04-16T06:36:59+00:00","description":"Compra 7xb7a00056 Disco Duro Thinksystem 3.5 Pulgadas 2tb 7.2k Sata Simple Swap 512n Hdd \/ Para Sr250 V2 4c, Sr250 V2 6c + Env\u00edo a domicilio + Pago seguro + Garant\u00eda","breadcrumb":{"@id":"https:\/\/compuviper.mx\/tienda\/producto\/lenovo-7xb7a00056-disco-duro-thinksystem-3-5-pulgadas-2tb-7-2k-sata-simple-swap-512n-hdd-para-sr250-v2-4c-sr250-v2-6c\/#breadcrumb"},"inLanguage":"es-MX","potentialAction":[{"@type":"ReadAction","target":["https:\/\/compuviper.mx\/tienda\/producto\/lenovo-7xb7a00056-disco-duro-thinksystem-3-5-pulgadas-2tb-7-2k-sata-simple-swap-512n-hdd-para-sr250-v2-4c-sr250-v2-6c\/"]}]},{"@type":"BreadcrumbList","@id":"https:\/\/compuviper.mx\/tienda\/producto\/lenovo-7xb7a00056-disco-duro-thinksystem-3-5-pulgadas-2tb-7-2k-sata-simple-swap-512n-hdd-para-sr250-v2-4c-sr250-v2-6c\/#breadcrumb","itemListElement":[{"@type":"ListItem","position":1,"name":"Inicio","item":"https:\/\/compuviper.mx\/tienda\/"},{"@type":"ListItem","position":2,"name":"Productos","item":"https:\/\/compuviper.mx\/tienda\/productos\/"},{"@type":"ListItem","position":3,"name":"Discos Duros","item":"https:\/\/compuviper.mx\/tienda\/categoria-producto\/discos-duros\/"},{"@type":"ListItem","position":4,"name":"Disco Duro","item":"https:\/\/compuviper.mx\/tienda\/categoria-producto\/discos-duros\/disco-duro\/"},{"@type":"ListItem","position":5,"name":"Lenovo 7xb7a00056 Disco Duro Thinksystem 3.5 Pulgadas 2tb 7.2k Sata Simple Swap 512n Hdd \/ Para Sr250 V2 4c, Sr250 V2 6c"}]},{"@type":"WebSite","@id":"https:\/\/compuviper.mx\/tienda\/#website","url":"https:\/\/compuviper.mx\/tienda\/","name":"Compuviper","description":"Proveedor de Computadoras, Laptops, Servidores, Monitores, Puntos de Venta, Teclados,   Impresoras, T\u00f3ner, C\u00e1maras de Seguridad y m\u00e1s en tu tienda en l\u00ednea","publisher":{"@id":"https:\/\/compuviper.mx\/tienda\/#organization"},"potentialAction":[{"@type":"SearchAction","target":{"@type":"EntryPoint","urlTemplate":"https:\/\/compuviper.mx\/tienda\/?s={search_term_string}"},"query-input":"required name=search_term_string"}],"inLanguage":"es-MX"},{"@type":"Organization","@id":"https:\/\/compuviper.mx\/tienda\/#organization","name":"Compuviper","url":"https:\/\/compuviper.mx\/tienda\/","logo":{"@type":"ImageObject","inLanguage":"es-MX","@id":"https:\/\/compuviper.mx\/tienda\/#\/schema\/logo\/image\/","url":"https:\/\/compuviper.mx\/tienda\/wp-content\/uploads\/2021\/08\/Logo-Compuviper-10.png","contentUrl":"https:\/\/compuviper.mx\/tienda\/wp-content\/uploads\/2021\/08\/Logo-Compuviper-10.png","width":1000,"height":500,"caption":"Compuviper"},"image":{"@id":"https:\/\/compuviper.mx\/tienda\/#\/schema\/logo\/image\/"},"sameAs":["https:\/\/www.facebook.com\/compuviper","https:\/\/www.youtube.com\/channel\/UCf73dERp9Y3cfOq7q8BhLjA?view_as=subscriber"]}]},"product_brand":"LENOVO","product_price_amount":"4143","product_price_currency":"MXN","og_availability":"instock","product_availability":"instock","product_retailer_item_id":"7XB7A00056","product_condition":"new"},"_links":{"self":[{"href":"https:\/\/compuviper.mx\/tienda\/wp-json\/wp\/v2\/product\/218579"}],"collection":[{"href":"https:\/\/compuviper.mx\/tienda\/wp-json\/wp\/v2\/product"}],"about":[{"href":"https:\/\/compuviper.mx\/tienda\/wp-json\/wp\/v2\/types\/product"}],"replies":[{"embeddable":true,"href":"https:\/\/compuviper.mx\/tienda\/wp-json\/wp\/v2\/comments?post=218579"}],"wp:featuredmedia":[{"embeddable":true,"href":"https:\/\/compuviper.mx\/tienda\/wp-json\/wp\/v2\/media\/218580"}],"wp:attachment":[{"href":"https:\/\/compuviper.mx\/tienda\/wp-json\/wp\/v2\/media?parent=218579"}],"wp:term":[{"taxonomy":"product_cat","embeddable":true,"href":"https:\/\/compuviper.mx\/tienda\/wp-json\/wp\/v2\/product_cat?post=218579"},{"taxonomy":"product_tag","embeddable":true,"href":"https:\/\/compuviper.mx\/tienda\/wp-json\/wp\/v2\/product_tag?post=218579"}],"curies":[{"name":"wp","href":"https:\/\/api.w.org\/{rel}","templated":true}]}}