{"id":218571,"date":"2026-04-11T00:37:20","date_gmt":"2026-04-11T06:37:20","guid":{"rendered":"https:\/\/compuviper.mx\/tienda\/producto\/synology-hat5300-12t-disco-duro-interno-enterprise-3-5-12tb-sata3-6gb-s-7200rpm-256mb-hot-plug-compatible-solo-para-equipos\/"},"modified":"2026-04-11T00:37:20","modified_gmt":"2026-04-11T06:37:20","slug":"synology-hat5300-12t-disco-duro-interno-enterprise-3-5-12tb-sata3-6gb-s-7200rpm-256mb-hot-plug-compatible-solo-para-equipos","status":"publish","type":"product","link":"https:\/\/compuviper.mx\/tienda\/producto\/synology-hat5300-12t-disco-duro-interno-enterprise-3-5-12tb-sata3-6gb-s-7200rpm-256mb-hot-plug-compatible-solo-para-equipos\/","title":{"rendered":"Synology Hat5300-12t Disco Duro Interno  Enterprise 3.5 12tb Sata3 6gb\/s 7200rpm 256mb Hot-plug Compatible Solo Para Equipos"},"content":{"rendered":"<table class=\"descripcion\">\n<tr>\n<td>Especificaciones t\u00e9cnicas<\/td>\n<\/tr>\n<tr>\n<td>Especificaciones de hardware<\/td>\n<\/tr>\n<tr>\n<td>N\u00famero de modelo hat5300-12t<\/td>\n<\/tr>\n<tr>\n<td>Capacidad:       12 tb<\/td>\n<\/tr>\n<tr>\n<td>Factor de forma:      3,5<\/td>\n<\/tr>\n<tr>\n<td>Interfaz sata:     6 gb\/s<\/td>\n<\/tr>\n<tr>\n<td>Tama\u00f1o del sector:      512e<\/td>\n<\/tr>\n<tr>\n<td>Rendimiento<\/td>\n<\/tr>\n<tr>\n<td>Velocidad de rotaci\u00f3n:     7200 rpm<\/td>\n<\/tr>\n<tr>\n<td>Velocidad de interfaz:     6,0 gb\/s, 3,0 gb\/s, 1,5 gb\/s<\/td>\n<\/tr>\n<tr>\n<td>Tama\u00f1o de b\u00fafer:       256 mib<\/td>\n<\/tr>\n<tr>\n<td>Velocidad m\u00e1xima de transferencia de datos sostenida (t\u00edp.):      242 mib\/s<\/td>\n<\/tr>\n<tr>\n<td>Fiabilidad<\/td>\n<\/tr>\n<tr>\n<td>Promedio de tiempo hasta aver\u00eda (mttf):      2 500 000 horas<\/td>\n<\/tr>\n<tr>\n<td>Clasificaci\u00f3n de carga de trabajo:    total de 550 tb transferidos al a\u00f1o<\/td>\n<\/tr>\n<tr>\n<td>Consumo el\u00e9ctrico<\/td>\n<\/tr>\n<tr>\n<td>Tensi\u00f3n de alimentaci\u00f3n:      12 v (\u00b110 %)\/5 v (+10\/-7 %)<\/td>\n<\/tr>\n<tr>\n<td>Inactivo (t\u00edp.):       4,25 w<\/td>\n<\/tr>\n<tr>\n<td>Lectura\/escritura aleatoria 4kb q1 (t\u00edp.):     7,83 w<\/td>\n<\/tr>\n<tr>\n<td>Medioambiental<\/td>\n<\/tr>\n<tr>\n<td>Temperatura<\/td>\n<\/tr>\n<tr>\n<td>En funcionamiento de 5\u00b0c a 60\u00b0c (de 41\u00b0f a 140\u00b0f)<\/td>\n<\/tr>\n<tr>\n<td>No en funcionamiento de -40\u00b0c a 70 \u00b0c (de -40\u00b0f a 158 \u00b0f)<\/td>\n<\/tr>\n<tr>\n<td>Impacto<\/td>\n<\/tr>\n<tr>\n<td>En funcionamiento 686 m\/s2 {70 g} (duraci\u00f3n de 2 ms)<\/td>\n<\/tr>\n<tr>\n<td>No en funcionamiento 2.450 m\/s2 {250 g} (duraci\u00f3n de 2 ms)<\/td>\n<\/tr>\n<tr>\n<td>Vibraci\u00f3n<\/td>\n<\/tr>\n<tr>\n<td>En funcionamiento 7,35 m\/s2 {0,75 g} (de 5 a 300 hz), 2,45 m\/s2 {0,25 g} (de 300 a 500 hz)<\/td>\n<\/tr>\n<tr>\n<td>No en funcionamiento 29,4 m\/s2 {3,0 g} (de 5 a 500 hz)<\/td>\n<\/tr>\n<tr>\n<td>Altitud<\/td>\n<\/tr>\n<tr>\n<td>En funcionamiento de -305 m a 3.048 m<\/td>\n<\/tr>\n<tr>\n<td>No en funcionamiento de -305 m a 12.192 m<\/td>\n<\/tr>\n<tr>\n<td>Humedad relativa<\/td>\n<\/tr>\n<tr>\n<td>En funcionamiento de 5 % a 90 % de humedad relativa (sin condensaci\u00f3n)<\/td>\n<\/tr>\n<tr>\n<td>No en funcionamiento de 5 % a 95 % de humedad relativa (sin condensaci\u00f3n)<\/td>\n<\/tr>\n<tr>\n<td>Otros<\/td>\n<\/tr>\n<tr>\n<td>Tama\u00f1o (al. x an.x pr.)<\/td>\n<\/tr>\n<tr>\n<td>         26,1 mm x 101,85 mm x 147 mm<\/td>\n<\/tr>\n<tr>\n<td>Peso 720 g<\/td>\n<\/tr>\n<tr>\n<td>Certificaci\u00f3n ce, rcm, bsmi, kc, eac, ul, tuv, csa, ices, rohs<\/td>\n<\/tr>\n<tr>\n<td>Observaci\u00f3n:<\/td>\n<\/tr>\n<tr>\n<td>Las especificaciones del modelo pueden cambiar sin previo aviso. visite www.synology.com para consultar la informaci\u00f3n m\u00e1s reciente.<\/td>\n<\/tr>\n<tr>\n<td>1. synology realiz\u00f3 pruebas de rendimiento utilizando 12 unidades en un sa3600, configurado con raid 5, frente a unidades de clase similar (enterprise) con<\/td>\n<\/tr>\n<tr>\n<td>Iometer (bloques de 64 kb). los resultados son solo de referencia. el rendimiento real puede variar en funci\u00f3n de la carga de trabajo, los m\u00e9todos de prueba y<\/td>\n<\/tr>\n<tr>\n<td>La configuraci\u00f3n de los dispositivos y el software.<\/td>\n<\/tr>\n<tr>\n<td>2. definici\u00f3n de capacidad: las unidades de disco duro definen un terabyte (tb) como 1 000 000 000 000 bytes. sin embargo, un sistema operativo inform\u00e1tico<\/td>\n<\/tr>\n<tr>\n<td>Informa de la capacidad de almacenamiento utilizando potencias de 2 para la definici\u00f3n de 1 gb = 230 = 1 073 741 824 bytes y, por lo tanto, muestra menos<\/td>\n<\/tr>\n<tr>\n<td>Capacidad de almacenamiento. la capacidad de almacenamiento disponible variar\u00e1 en funci\u00f3n del tama\u00f1o del archivo, el formato, los ajustes, el software y el<\/td>\n<\/tr>\n<tr>\n<td>Sistema operativo. la capacidad formateada real puede variar.<\/td>\n<\/tr>\n<tr>\n<td>3. 3,5 pulgadas es el factor de forma de las hdd. no indica el tama\u00f1o f\u00edsico de la unidad.<\/td>\n<\/tr>\n<tr>\n<td>4. un mebibyte (mib) significa 220 bytes o 1 048 576 bytes. mb\/s es 106 bytes.<\/td>\n<\/tr>\n<tr>\n<td>5. el promedio de tiempo hasta aver\u00eda (mttf) no es una garant\u00eda ni una estimaci\u00f3n de la vida \u00fatil del producto; es un valor estad\u00edstico relacionado con los \u00edndices<\/td>\n<\/tr>\n<tr>\n<td>Medios de fallos para un gran n\u00famero de productos que puede no reflejar con precisi\u00f3n el funcionamiento real. la vida \u00fatil real del producto puede ser<\/td>\n<\/tr>\n<tr>\n<td>Diferente a la del mttf.<\/td>\n<\/tr>\n<tr>\n<td>6. la carga de trabajo se define como la cantidad de datos escritos, le\u00eddos o verificados por comandos del sistema host.<\/td>\n<\/tr>\n<tr>\n<td>7. el periodo de garant\u00eda comienza a partir de la fecha de compra<\/td>\n<\/tr>\n<\/table>\n","protected":false},"excerpt":{"rendered":"<p>Los hdd synology hat5300 est\u00e1n dise\u00f1ados para hacer frente a cargas de trabajo exigentes y de gran volumen. Optimizado espec\u00edficamente para las soluciones de almacenamiento de synology, su dise\u00f1o permite un alto rendimiento secuencial, lo que maximiza la cantidad de clientes simult\u00e1neos que el sistema puede mantener. Las unidades de la serie hat5300 est\u00e1n dise\u00f1adas para ofrecer la m\u00e1xima fiabilidad, superan las 300.000 horas de validaci\u00f3n. Modelos compatibles. Sa series: sa3600, sa3400. 21 series: rs4021xs+, rs3621xs+, rs3621rpxs, rs1221rp+, rs1221+, ds1821+, ds1621xs+, ds1621+, dva3221. 20 series: rs820rp+, rs820+, ds1520+, ds920+, ds720+, ds420+, ds220. 19 series: rs1619xs+, ds2419+, ds1819+, dva3219. 18 series: rs3618xs, rs2818rp+, rs2418rp+, rs2418+, ds3018xs, ds1618. 17 series: rs18017xs+, rs4017xs+, rs3617xs+, rs3617rpxs, ds3617xs<\/p>\n","protected":false},"featured_media":218572,"comment_status":"open","ping_status":"open","template":"","meta":[],"product_cat":[1703,1706],"product_tag":[1561],"acf":[],"yoast_head":"<!-- This site is optimized with the Yoast SEO plugin v21.7 - https:\/\/yoast.com\/wordpress\/plugins\/seo\/ -->\n<title>[ Synology ] &#129351; Hat5300-12t Disco Duro Interno Enterprise 3.5 12tb Sata3 6gb\/s 7200rpm 256mb Hot-plug Compatible Solo Para Equipos<\/title>\n<meta name=\"description\" content=\"Compra Hat5300-12t Disco Duro Interno Enterprise 3.5 12tb Sata3 6gb\/s 7200rpm 256mb Hot-plug Compatible Solo Para Equipos + Env\u00edo a domicilio + Pago seguro + Garant\u00eda\" \/>\n<meta name=\"robots\" content=\"index, follow, max-snippet:-1, max-image-preview:large, max-video-preview:-1\" \/>\n<link rel=\"canonical\" href=\"https:\/\/compuviper.mx\/tienda\/producto\/synology-hat5300-12t-disco-duro-interno-enterprise-3-5-12tb-sata3-6gb-s-7200rpm-256mb-hot-plug-compatible-solo-para-equipos\/\" \/>\n<meta property=\"og:locale\" content=\"es_MX\" \/>\n<meta property=\"og:type\" content=\"article\" \/>\n<meta property=\"og:title\" content=\"[ Synology ] &#129351; Hat5300-12t Disco Duro Interno Enterprise 3.5 12tb Sata3 6gb\/s 7200rpm 256mb Hot-plug Compatible Solo Para Equipos\" \/>\n<meta property=\"og:description\" content=\"Compra Hat5300-12t Disco Duro Interno Enterprise 3.5 12tb Sata3 6gb\/s 7200rpm 256mb Hot-plug Compatible Solo Para Equipos + Env\u00edo a domicilio + Pago seguro + Garant\u00eda\" \/>\n<meta property=\"og:url\" content=\"https:\/\/compuviper.mx\/tienda\/producto\/synology-hat5300-12t-disco-duro-interno-enterprise-3-5-12tb-sata3-6gb-s-7200rpm-256mb-hot-plug-compatible-solo-para-equipos\/\" \/>\n<meta property=\"og:site_name\" content=\"Compuviper\" \/>\n<meta property=\"article:publisher\" content=\"https:\/\/www.facebook.com\/compuviper\" \/>\n<meta property=\"og:image\" content=\"https:\/\/compuviper.mx\/tienda\/wp-content\/uploads\/2023\/12\/Disco-duro-interno-synology-enterprise-3.5-12tb-sata3-6gbs-7200rpm-256mb-hot-plug-compatible-solo-para-equipos-synology.jpg\" \/>\n\t<meta property=\"og:image:width\" content=\"200\" \/>\n\t<meta property=\"og:image:height\" content=\"200\" \/>\n\t<meta property=\"og:image:type\" content=\"image\/jpeg\" \/>\n<meta name=\"twitter:card\" content=\"summary_large_image\" \/>\n<meta name=\"twitter:label1\" content=\"Precio\" \/>\n\t<meta name=\"twitter:data1\" content=\"&#36;15,099 con IVA\" \/>\n\t<meta name=\"twitter:label2\" content=\"Availability\" \/>\n\t<meta name=\"twitter:data2\" content=\"In stock\" \/>\n<script type=\"application\/ld+json\" class=\"yoast-schema-graph\">{\"@context\":\"https:\/\/schema.org\",\"@graph\":[{\"@type\":\"WebPage\",\"@id\":\"https:\/\/compuviper.mx\/tienda\/producto\/synology-hat5300-12t-disco-duro-interno-enterprise-3-5-12tb-sata3-6gb-s-7200rpm-256mb-hot-plug-compatible-solo-para-equipos\/\",\"url\":\"https:\/\/compuviper.mx\/tienda\/producto\/synology-hat5300-12t-disco-duro-interno-enterprise-3-5-12tb-sata3-6gb-s-7200rpm-256mb-hot-plug-compatible-solo-para-equipos\/\",\"name\":\"[ Synology ] &#129351; Hat5300-12t Disco Duro Interno Enterprise 3.5 12tb Sata3 6gb\/s 7200rpm 256mb Hot-plug Compatible Solo Para Equipos\",\"isPartOf\":{\"@id\":\"https:\/\/compuviper.mx\/tienda\/#website\"},\"datePublished\":\"2026-04-11T06:37:20+00:00\",\"dateModified\":\"2026-04-11T06:37:20+00:00\",\"description\":\"Compra Hat5300-12t Disco Duro Interno Enterprise 3.5 12tb Sata3 6gb\/s 7200rpm 256mb Hot-plug Compatible Solo Para Equipos + Env\u00edo a domicilio + Pago seguro + Garant\u00eda\",\"breadcrumb\":{\"@id\":\"https:\/\/compuviper.mx\/tienda\/producto\/synology-hat5300-12t-disco-duro-interno-enterprise-3-5-12tb-sata3-6gb-s-7200rpm-256mb-hot-plug-compatible-solo-para-equipos\/#breadcrumb\"},\"inLanguage\":\"es-MX\",\"potentialAction\":[{\"@type\":\"ReadAction\",\"target\":[\"https:\/\/compuviper.mx\/tienda\/producto\/synology-hat5300-12t-disco-duro-interno-enterprise-3-5-12tb-sata3-6gb-s-7200rpm-256mb-hot-plug-compatible-solo-para-equipos\/\"]}]},{\"@type\":\"BreadcrumbList\",\"@id\":\"https:\/\/compuviper.mx\/tienda\/producto\/synology-hat5300-12t-disco-duro-interno-enterprise-3-5-12tb-sata3-6gb-s-7200rpm-256mb-hot-plug-compatible-solo-para-equipos\/#breadcrumb\",\"itemListElement\":[{\"@type\":\"ListItem\",\"position\":1,\"name\":\"Inicio\",\"item\":\"https:\/\/compuviper.mx\/tienda\/\"},{\"@type\":\"ListItem\",\"position\":2,\"name\":\"Productos\",\"item\":\"https:\/\/compuviper.mx\/tienda\/productos\/\"},{\"@type\":\"ListItem\",\"position\":3,\"name\":\"Discos Duros\",\"item\":\"https:\/\/compuviper.mx\/tienda\/categoria-producto\/discos-duros\/\"},{\"@type\":\"ListItem\",\"position\":4,\"name\":\"Disco Duro\",\"item\":\"https:\/\/compuviper.mx\/tienda\/categoria-producto\/discos-duros\/disco-duro\/\"},{\"@type\":\"ListItem\",\"position\":5,\"name\":\"Synology Hat5300-12t Disco Duro Interno Enterprise 3.5 12tb Sata3 6gb\/s 7200rpm 256mb Hot-plug Compatible Solo Para Equipos\"}]},{\"@type\":\"WebSite\",\"@id\":\"https:\/\/compuviper.mx\/tienda\/#website\",\"url\":\"https:\/\/compuviper.mx\/tienda\/\",\"name\":\"Compuviper\",\"description\":\"Proveedor de Computadoras, Laptops, Servidores, Monitores, Puntos de Venta, Teclados,   Impresoras, T\u00f3ner, C\u00e1maras de Seguridad y m\u00e1s en tu tienda en l\u00ednea\",\"publisher\":{\"@id\":\"https:\/\/compuviper.mx\/tienda\/#organization\"},\"potentialAction\":[{\"@type\":\"SearchAction\",\"target\":{\"@type\":\"EntryPoint\",\"urlTemplate\":\"https:\/\/compuviper.mx\/tienda\/?s={search_term_string}\"},\"query-input\":\"required name=search_term_string\"}],\"inLanguage\":\"es-MX\"},{\"@type\":\"Organization\",\"@id\":\"https:\/\/compuviper.mx\/tienda\/#organization\",\"name\":\"Compuviper\",\"url\":\"https:\/\/compuviper.mx\/tienda\/\",\"logo\":{\"@type\":\"ImageObject\",\"inLanguage\":\"es-MX\",\"@id\":\"https:\/\/compuviper.mx\/tienda\/#\/schema\/logo\/image\/\",\"url\":\"https:\/\/compuviper.mx\/tienda\/wp-content\/uploads\/2021\/08\/Logo-Compuviper-10.png\",\"contentUrl\":\"https:\/\/compuviper.mx\/tienda\/wp-content\/uploads\/2021\/08\/Logo-Compuviper-10.png\",\"width\":1000,\"height\":500,\"caption\":\"Compuviper\"},\"image\":{\"@id\":\"https:\/\/compuviper.mx\/tienda\/#\/schema\/logo\/image\/\"},\"sameAs\":[\"https:\/\/www.facebook.com\/compuviper\",\"https:\/\/www.youtube.com\/channel\/UCf73dERp9Y3cfOq7q8BhLjA?view_as=subscriber\"]}]}<\/script>\n<meta property=\"product:brand\" content=\"SYNOLOGY\" \/>\n<meta property=\"product:price:amount\" content=\"15099\" \/>\n<meta property=\"product:price:currency\" content=\"MXN\" \/>\n<meta property=\"og:availability\" content=\"instock\" \/>\n<meta property=\"product:availability\" content=\"instock\" \/>\n<meta property=\"product:retailer_item_id\" content=\"HAT5300-12T\" \/>\n<meta property=\"product:condition\" content=\"new\" \/>\n<!-- \/ Yoast SEO plugin. -->","yoast_head_json":{"title":"[ Synology ] &#129351; Hat5300-12t Disco Duro Interno Enterprise 3.5 12tb Sata3 6gb\/s 7200rpm 256mb Hot-plug Compatible Solo Para Equipos","description":"Compra Hat5300-12t Disco Duro Interno Enterprise 3.5 12tb Sata3 6gb\/s 7200rpm 256mb Hot-plug Compatible Solo Para Equipos + Env\u00edo a domicilio + Pago seguro + Garant\u00eda","robots":{"index":"index","follow":"follow","max-snippet":"max-snippet:-1","max-image-preview":"max-image-preview:large","max-video-preview":"max-video-preview:-1"},"canonical":"https:\/\/compuviper.mx\/tienda\/producto\/synology-hat5300-12t-disco-duro-interno-enterprise-3-5-12tb-sata3-6gb-s-7200rpm-256mb-hot-plug-compatible-solo-para-equipos\/","og_locale":"es_MX","og_type":"article","og_title":"[ Synology ] &#129351; Hat5300-12t Disco Duro Interno Enterprise 3.5 12tb Sata3 6gb\/s 7200rpm 256mb Hot-plug Compatible Solo Para Equipos","og_description":"Compra Hat5300-12t Disco Duro Interno Enterprise 3.5 12tb Sata3 6gb\/s 7200rpm 256mb Hot-plug Compatible Solo Para Equipos + Env\u00edo a domicilio + Pago seguro + Garant\u00eda","og_url":"https:\/\/compuviper.mx\/tienda\/producto\/synology-hat5300-12t-disco-duro-interno-enterprise-3-5-12tb-sata3-6gb-s-7200rpm-256mb-hot-plug-compatible-solo-para-equipos\/","og_site_name":"Compuviper","article_publisher":"https:\/\/www.facebook.com\/compuviper","og_image":[{"width":200,"height":200,"url":"https:\/\/compuviper.mx\/tienda\/wp-content\/uploads\/2023\/12\/Disco-duro-interno-synology-enterprise-3.5-12tb-sata3-6gbs-7200rpm-256mb-hot-plug-compatible-solo-para-equipos-synology.jpg","type":"image\/jpeg"}],"twitter_card":"summary_large_image","twitter_misc":{"Precio":"&#36;15,099 con IVA","Availability":"In stock"},"schema":{"@context":"https:\/\/schema.org","@graph":[{"@type":"WebPage","@id":"https:\/\/compuviper.mx\/tienda\/producto\/synology-hat5300-12t-disco-duro-interno-enterprise-3-5-12tb-sata3-6gb-s-7200rpm-256mb-hot-plug-compatible-solo-para-equipos\/","url":"https:\/\/compuviper.mx\/tienda\/producto\/synology-hat5300-12t-disco-duro-interno-enterprise-3-5-12tb-sata3-6gb-s-7200rpm-256mb-hot-plug-compatible-solo-para-equipos\/","name":"[ Synology ] &#129351; Hat5300-12t Disco Duro Interno Enterprise 3.5 12tb Sata3 6gb\/s 7200rpm 256mb Hot-plug Compatible Solo Para Equipos","isPartOf":{"@id":"https:\/\/compuviper.mx\/tienda\/#website"},"datePublished":"2026-04-11T06:37:20+00:00","dateModified":"2026-04-11T06:37:20+00:00","description":"Compra Hat5300-12t Disco Duro Interno Enterprise 3.5 12tb Sata3 6gb\/s 7200rpm 256mb Hot-plug Compatible Solo Para Equipos + Env\u00edo a domicilio + Pago seguro + Garant\u00eda","breadcrumb":{"@id":"https:\/\/compuviper.mx\/tienda\/producto\/synology-hat5300-12t-disco-duro-interno-enterprise-3-5-12tb-sata3-6gb-s-7200rpm-256mb-hot-plug-compatible-solo-para-equipos\/#breadcrumb"},"inLanguage":"es-MX","potentialAction":[{"@type":"ReadAction","target":["https:\/\/compuviper.mx\/tienda\/producto\/synology-hat5300-12t-disco-duro-interno-enterprise-3-5-12tb-sata3-6gb-s-7200rpm-256mb-hot-plug-compatible-solo-para-equipos\/"]}]},{"@type":"BreadcrumbList","@id":"https:\/\/compuviper.mx\/tienda\/producto\/synology-hat5300-12t-disco-duro-interno-enterprise-3-5-12tb-sata3-6gb-s-7200rpm-256mb-hot-plug-compatible-solo-para-equipos\/#breadcrumb","itemListElement":[{"@type":"ListItem","position":1,"name":"Inicio","item":"https:\/\/compuviper.mx\/tienda\/"},{"@type":"ListItem","position":2,"name":"Productos","item":"https:\/\/compuviper.mx\/tienda\/productos\/"},{"@type":"ListItem","position":3,"name":"Discos Duros","item":"https:\/\/compuviper.mx\/tienda\/categoria-producto\/discos-duros\/"},{"@type":"ListItem","position":4,"name":"Disco Duro","item":"https:\/\/compuviper.mx\/tienda\/categoria-producto\/discos-duros\/disco-duro\/"},{"@type":"ListItem","position":5,"name":"Synology Hat5300-12t Disco Duro Interno Enterprise 3.5 12tb Sata3 6gb\/s 7200rpm 256mb Hot-plug Compatible Solo Para Equipos"}]},{"@type":"WebSite","@id":"https:\/\/compuviper.mx\/tienda\/#website","url":"https:\/\/compuviper.mx\/tienda\/","name":"Compuviper","description":"Proveedor de Computadoras, Laptops, Servidores, Monitores, Puntos de Venta, Teclados,   Impresoras, T\u00f3ner, C\u00e1maras de Seguridad y m\u00e1s en tu tienda en l\u00ednea","publisher":{"@id":"https:\/\/compuviper.mx\/tienda\/#organization"},"potentialAction":[{"@type":"SearchAction","target":{"@type":"EntryPoint","urlTemplate":"https:\/\/compuviper.mx\/tienda\/?s={search_term_string}"},"query-input":"required name=search_term_string"}],"inLanguage":"es-MX"},{"@type":"Organization","@id":"https:\/\/compuviper.mx\/tienda\/#organization","name":"Compuviper","url":"https:\/\/compuviper.mx\/tienda\/","logo":{"@type":"ImageObject","inLanguage":"es-MX","@id":"https:\/\/compuviper.mx\/tienda\/#\/schema\/logo\/image\/","url":"https:\/\/compuviper.mx\/tienda\/wp-content\/uploads\/2021\/08\/Logo-Compuviper-10.png","contentUrl":"https:\/\/compuviper.mx\/tienda\/wp-content\/uploads\/2021\/08\/Logo-Compuviper-10.png","width":1000,"height":500,"caption":"Compuviper"},"image":{"@id":"https:\/\/compuviper.mx\/tienda\/#\/schema\/logo\/image\/"},"sameAs":["https:\/\/www.facebook.com\/compuviper","https:\/\/www.youtube.com\/channel\/UCf73dERp9Y3cfOq7q8BhLjA?view_as=subscriber"]}]},"product_brand":"SYNOLOGY","product_price_amount":"15099","product_price_currency":"MXN","og_availability":"instock","product_availability":"instock","product_retailer_item_id":"HAT5300-12T","product_condition":"new"},"_links":{"self":[{"href":"https:\/\/compuviper.mx\/tienda\/wp-json\/wp\/v2\/product\/218571"}],"collection":[{"href":"https:\/\/compuviper.mx\/tienda\/wp-json\/wp\/v2\/product"}],"about":[{"href":"https:\/\/compuviper.mx\/tienda\/wp-json\/wp\/v2\/types\/product"}],"replies":[{"embeddable":true,"href":"https:\/\/compuviper.mx\/tienda\/wp-json\/wp\/v2\/comments?post=218571"}],"wp:featuredmedia":[{"embeddable":true,"href":"https:\/\/compuviper.mx\/tienda\/wp-json\/wp\/v2\/media\/218572"}],"wp:attachment":[{"href":"https:\/\/compuviper.mx\/tienda\/wp-json\/wp\/v2\/media?parent=218571"}],"wp:term":[{"taxonomy":"product_cat","embeddable":true,"href":"https:\/\/compuviper.mx\/tienda\/wp-json\/wp\/v2\/product_cat?post=218571"},{"taxonomy":"product_tag","embeddable":true,"href":"https:\/\/compuviper.mx\/tienda\/wp-json\/wp\/v2\/product_tag?post=218571"}],"curies":[{"name":"wp","href":"https:\/\/api.w.org\/{rel}","templated":true}]}}