{"id":218567,"date":"2026-04-11T00:37:19","date_gmt":"2026-04-11T06:37:19","guid":{"rendered":"https:\/\/compuviper.mx\/tienda\/producto\/hewlett-packard-enterprise-p26934-b21-hpe-ssd-1-6-tb-nvme-gen4-x8-alto-rendimiento-uso-mixto-aic-hhhl-pm1735\/"},"modified":"2026-04-11T00:37:20","modified_gmt":"2026-04-11T06:37:20","slug":"hewlett-packard-enterprise-p26934-b21-hpe-ssd-1-6-tb-nvme-gen4-x8-alto-rendimiento-uso-mixto-aic-hhhl-pm1735","status":"publish","type":"product","link":"https:\/\/compuviper.mx\/tienda\/producto\/hewlett-packard-enterprise-p26934-b21-hpe-ssd-1-6-tb-nvme-gen4-x8-alto-rendimiento-uso-mixto-aic-hhhl-pm1735\/","title":{"rendered":"Hewlett Packard Enterprise P26934-b21 Hpe Ssd 1.6 Tb Nvme Gen4 X8 Alto Rendimiento Uso Mixto Aic Hhhl Pm1735"},"content":{"rendered":"<table class=\"descripcion\">\n<tr>\n<td>Escrituras durante la vida \u00fatil<\/td>\n<\/tr>\n<tr>\n<td>8760<\/td>\n<\/tr>\n<tr>\n<td>Resistencia dwpd (escrituras a la unidad por d\u00eda)<\/td>\n<\/tr>\n<tr>\n<td>3<\/td>\n<\/tr>\n<tr>\n<td>Iops de lectura<\/td>\n<\/tr>\n<tr>\n<td>Lectura aleatoria iops (4 kib, q = 16) = 195 000 m\u00e1xima lectura aleatoria iops (4 kib) = 900 000 a q256<\/td>\n<\/tr>\n<tr>\n<td>Iops de escritura<\/td>\n<\/tr>\n<tr>\n<td>Escritura aleatoria iops (4 kib, q = 16) 235 000 m\u00e1xima escritura aleatoria iops (4 kib) 240 000 a q64<\/td>\n<\/tr>\n<tr>\n<td>Alimentaci\u00f3n (vatios)<\/td>\n<\/tr>\n<tr>\n<td>4,87<\/td>\n<\/tr>\n<tr>\n<td>Tipo de conexi\u00f3n<\/td>\n<\/tr>\n<tr>\n<td>Sin conexi\u00f3n hot-plug<\/td>\n<\/tr>\n<tr>\n<td>Altura<\/td>\n<\/tr>\n<tr>\n<td>Altura media\/longitud media<\/td>\n<\/tr>\n<tr>\n<td>Dimensiones m\u00ednimas (alto x ancho x fondo)<\/td>\n<\/tr>\n<tr>\n<td>\u0095 8,89 x 26,67 x 17,14 cm<\/td>\n<\/tr>\n<tr>\n<td>\u0095 3.5 x 10.5 x 6.75 in<\/td>\n<\/tr>\n<tr>\n<td>Peso<\/td>\n<\/tr>\n<tr>\n<td>\u0095 0,5 kg<\/td>\n<\/tr>\n<tr>\n<td>\u0095 1.1 lb<\/td>\n<\/tr>\n<tr>\n<td>Garant\u00eda<\/td>\n<\/tr>\n<tr>\n<td>Los ssd hpe y las tarjetas complementarias tienen una garant\u00eda est\u00e1ndar 3\/0\/0<\/td>\n<\/tr>\n<\/table>\n","protected":false},"excerpt":{"rendered":"<p>Hpe sigue mejorando el portfolio de las ssd al ofrecer las ssd nvme u.3 pcie gen4. \u0095 las ssd hpe nvme u.3 pcie gen4 ofrecen un mayor desempe\u00f1o en las soluciones de almacenamiento de servidores para abordar mejor los retos con cargas de trabajo de alto rendimiento. \u0095 las ssd hpe nvme u.3 pcie gen4 son 100 % compatibles con planos anteriores de ssd nvme u.2 en los servidores hpe gen10.<\/p>\n","protected":false},"featured_media":218568,"comment_status":"open","ping_status":"open","template":"","meta":[],"product_cat":[1703,1708],"product_tag":[1568],"acf":[],"yoast_head":"<!-- This site is optimized with the Yoast SEO plugin v21.7 - https:\/\/yoast.com\/wordpress\/plugins\/seo\/ -->\n<title>[ Hewlett Packard Enterprise ] &#129351; P26934-b21 Hpe Ssd 1.6 Tb Nvme Gen4 X8 Alto Rendimiento Uso Mixto Aic Hhhl Pm1735<\/title>\n<meta name=\"description\" content=\"Compra P26934-b21 Hpe Ssd 1.6 Tb Nvme Gen4 X8 Alto Rendimiento Uso Mixto Aic Hhhl Pm1735 + Env\u00edo a domicilio + Pago seguro + Garant\u00eda\" \/>\n<meta name=\"robots\" content=\"index, follow, max-snippet:-1, max-image-preview:large, max-video-preview:-1\" \/>\n<link rel=\"canonical\" href=\"https:\/\/compuviper.mx\/tienda\/producto\/hewlett-packard-enterprise-p26934-b21-hpe-ssd-1-6-tb-nvme-gen4-x8-alto-rendimiento-uso-mixto-aic-hhhl-pm1735\/\" \/>\n<meta property=\"og:locale\" content=\"es_MX\" \/>\n<meta property=\"og:type\" content=\"article\" \/>\n<meta property=\"og:title\" content=\"[ Hewlett Packard Enterprise ] &#129351; P26934-b21 Hpe Ssd 1.6 Tb Nvme Gen4 X8 Alto Rendimiento Uso Mixto Aic Hhhl Pm1735\" \/>\n<meta property=\"og:description\" content=\"Compra P26934-b21 Hpe Ssd 1.6 Tb Nvme Gen4 X8 Alto Rendimiento Uso Mixto Aic Hhhl Pm1735 + Env\u00edo a domicilio + Pago seguro + Garant\u00eda\" \/>\n<meta property=\"og:url\" content=\"https:\/\/compuviper.mx\/tienda\/producto\/hewlett-packard-enterprise-p26934-b21-hpe-ssd-1-6-tb-nvme-gen4-x8-alto-rendimiento-uso-mixto-aic-hhhl-pm1735\/\" \/>\n<meta property=\"og:site_name\" content=\"Compuviper\" \/>\n<meta property=\"article:publisher\" content=\"https:\/\/www.facebook.com\/compuviper\" \/>\n<meta property=\"article:modified_time\" content=\"2026-04-11T06:37:20+00:00\" \/>\n<meta property=\"og:image\" content=\"https:\/\/compuviper.mx\/tienda\/wp-content\/uploads\/2023\/12\/Hpe-ssd-1.6-tb-nvme-gen4-x8-alto-rendimiento-uso-mixto-aic-hhhl-pm1735.jpg\" \/>\n\t<meta property=\"og:image:width\" content=\"200\" \/>\n\t<meta property=\"og:image:height\" content=\"200\" \/>\n\t<meta property=\"og:image:type\" content=\"image\/jpeg\" \/>\n<meta name=\"twitter:card\" content=\"summary_large_image\" \/>\n<meta name=\"twitter:label1\" content=\"Precio\" \/>\n\t<meta name=\"twitter:data1\" content=\"&#36;67,924 con IVA\" \/>\n\t<meta name=\"twitter:label2\" content=\"Availability\" \/>\n\t<meta name=\"twitter:data2\" content=\"On backorder\" \/>\n<script type=\"application\/ld+json\" class=\"yoast-schema-graph\">{\"@context\":\"https:\/\/schema.org\",\"@graph\":[{\"@type\":\"WebPage\",\"@id\":\"https:\/\/compuviper.mx\/tienda\/producto\/hewlett-packard-enterprise-p26934-b21-hpe-ssd-1-6-tb-nvme-gen4-x8-alto-rendimiento-uso-mixto-aic-hhhl-pm1735\/\",\"url\":\"https:\/\/compuviper.mx\/tienda\/producto\/hewlett-packard-enterprise-p26934-b21-hpe-ssd-1-6-tb-nvme-gen4-x8-alto-rendimiento-uso-mixto-aic-hhhl-pm1735\/\",\"name\":\"[ Hewlett Packard Enterprise ] &#129351; P26934-b21 Hpe Ssd 1.6 Tb Nvme Gen4 X8 Alto Rendimiento Uso Mixto Aic Hhhl Pm1735\",\"isPartOf\":{\"@id\":\"https:\/\/compuviper.mx\/tienda\/#website\"},\"datePublished\":\"2026-04-11T06:37:19+00:00\",\"dateModified\":\"2026-04-11T06:37:20+00:00\",\"description\":\"Compra P26934-b21 Hpe Ssd 1.6 Tb Nvme Gen4 X8 Alto Rendimiento Uso Mixto Aic Hhhl Pm1735 + Env\u00edo a domicilio + Pago seguro + Garant\u00eda\",\"breadcrumb\":{\"@id\":\"https:\/\/compuviper.mx\/tienda\/producto\/hewlett-packard-enterprise-p26934-b21-hpe-ssd-1-6-tb-nvme-gen4-x8-alto-rendimiento-uso-mixto-aic-hhhl-pm1735\/#breadcrumb\"},\"inLanguage\":\"es-MX\",\"potentialAction\":[{\"@type\":\"ReadAction\",\"target\":[\"https:\/\/compuviper.mx\/tienda\/producto\/hewlett-packard-enterprise-p26934-b21-hpe-ssd-1-6-tb-nvme-gen4-x8-alto-rendimiento-uso-mixto-aic-hhhl-pm1735\/\"]}]},{\"@type\":\"BreadcrumbList\",\"@id\":\"https:\/\/compuviper.mx\/tienda\/producto\/hewlett-packard-enterprise-p26934-b21-hpe-ssd-1-6-tb-nvme-gen4-x8-alto-rendimiento-uso-mixto-aic-hhhl-pm1735\/#breadcrumb\",\"itemListElement\":[{\"@type\":\"ListItem\",\"position\":1,\"name\":\"Inicio\",\"item\":\"https:\/\/compuviper.mx\/tienda\/\"},{\"@type\":\"ListItem\",\"position\":2,\"name\":\"Productos\",\"item\":\"https:\/\/compuviper.mx\/tienda\/productos\/\"},{\"@type\":\"ListItem\",\"position\":3,\"name\":\"Discos Duros\",\"item\":\"https:\/\/compuviper.mx\/tienda\/categoria-producto\/discos-duros\/\"},{\"@type\":\"ListItem\",\"position\":4,\"name\":\"Unidad De Estado Solido\",\"item\":\"https:\/\/compuviper.mx\/tienda\/categoria-producto\/discos-duros\/unidad-de-estado-solido\/\"},{\"@type\":\"ListItem\",\"position\":5,\"name\":\"Hewlett Packard Enterprise P26934-b21 Hpe Ssd 1.6 Tb Nvme Gen4 X8 Alto Rendimiento Uso Mixto Aic Hhhl Pm1735\"}]},{\"@type\":\"WebSite\",\"@id\":\"https:\/\/compuviper.mx\/tienda\/#website\",\"url\":\"https:\/\/compuviper.mx\/tienda\/\",\"name\":\"Compuviper\",\"description\":\"Proveedor de Computadoras, Laptops, Servidores, Monitores, Puntos de Venta, Teclados,   Impresoras, T\u00f3ner, C\u00e1maras de Seguridad y m\u00e1s en tu tienda en l\u00ednea\",\"publisher\":{\"@id\":\"https:\/\/compuviper.mx\/tienda\/#organization\"},\"potentialAction\":[{\"@type\":\"SearchAction\",\"target\":{\"@type\":\"EntryPoint\",\"urlTemplate\":\"https:\/\/compuviper.mx\/tienda\/?s={search_term_string}\"},\"query-input\":\"required name=search_term_string\"}],\"inLanguage\":\"es-MX\"},{\"@type\":\"Organization\",\"@id\":\"https:\/\/compuviper.mx\/tienda\/#organization\",\"name\":\"Compuviper\",\"url\":\"https:\/\/compuviper.mx\/tienda\/\",\"logo\":{\"@type\":\"ImageObject\",\"inLanguage\":\"es-MX\",\"@id\":\"https:\/\/compuviper.mx\/tienda\/#\/schema\/logo\/image\/\",\"url\":\"https:\/\/compuviper.mx\/tienda\/wp-content\/uploads\/2021\/08\/Logo-Compuviper-10.png\",\"contentUrl\":\"https:\/\/compuviper.mx\/tienda\/wp-content\/uploads\/2021\/08\/Logo-Compuviper-10.png\",\"width\":1000,\"height\":500,\"caption\":\"Compuviper\"},\"image\":{\"@id\":\"https:\/\/compuviper.mx\/tienda\/#\/schema\/logo\/image\/\"},\"sameAs\":[\"https:\/\/www.facebook.com\/compuviper\",\"https:\/\/www.youtube.com\/channel\/UCf73dERp9Y3cfOq7q8BhLjA?view_as=subscriber\"]}]}<\/script>\n<meta property=\"product:brand\" content=\"HEWLETT PACKARD ENTERPRISE\" \/>\n<meta property=\"product:price:amount\" content=\"67924\" \/>\n<meta property=\"product:price:currency\" content=\"MXN\" \/>\n<meta property=\"og:availability\" content=\"backorder\" \/>\n<meta property=\"product:availability\" content=\"available for order\" \/>\n<meta property=\"product:retailer_item_id\" content=\"P26934-B21\" \/>\n<meta property=\"product:condition\" content=\"new\" \/>\n<!-- \/ Yoast SEO plugin. -->","yoast_head_json":{"title":"[ Hewlett Packard Enterprise ] &#129351; P26934-b21 Hpe Ssd 1.6 Tb Nvme Gen4 X8 Alto Rendimiento Uso Mixto Aic Hhhl Pm1735","description":"Compra P26934-b21 Hpe Ssd 1.6 Tb Nvme Gen4 X8 Alto Rendimiento Uso Mixto Aic Hhhl Pm1735 + Env\u00edo a domicilio + Pago seguro + Garant\u00eda","robots":{"index":"index","follow":"follow","max-snippet":"max-snippet:-1","max-image-preview":"max-image-preview:large","max-video-preview":"max-video-preview:-1"},"canonical":"https:\/\/compuviper.mx\/tienda\/producto\/hewlett-packard-enterprise-p26934-b21-hpe-ssd-1-6-tb-nvme-gen4-x8-alto-rendimiento-uso-mixto-aic-hhhl-pm1735\/","og_locale":"es_MX","og_type":"article","og_title":"[ Hewlett Packard Enterprise ] &#129351; P26934-b21 Hpe Ssd 1.6 Tb Nvme Gen4 X8 Alto Rendimiento Uso Mixto Aic Hhhl Pm1735","og_description":"Compra P26934-b21 Hpe Ssd 1.6 Tb Nvme Gen4 X8 Alto Rendimiento Uso Mixto Aic Hhhl Pm1735 + Env\u00edo a domicilio + Pago seguro + Garant\u00eda","og_url":"https:\/\/compuviper.mx\/tienda\/producto\/hewlett-packard-enterprise-p26934-b21-hpe-ssd-1-6-tb-nvme-gen4-x8-alto-rendimiento-uso-mixto-aic-hhhl-pm1735\/","og_site_name":"Compuviper","article_publisher":"https:\/\/www.facebook.com\/compuviper","article_modified_time":"2026-04-11T06:37:20+00:00","og_image":[{"width":200,"height":200,"url":"https:\/\/compuviper.mx\/tienda\/wp-content\/uploads\/2023\/12\/Hpe-ssd-1.6-tb-nvme-gen4-x8-alto-rendimiento-uso-mixto-aic-hhhl-pm1735.jpg","type":"image\/jpeg"}],"twitter_card":"summary_large_image","twitter_misc":{"Precio":"&#36;67,924 con IVA","Availability":"On backorder"},"schema":{"@context":"https:\/\/schema.org","@graph":[{"@type":"WebPage","@id":"https:\/\/compuviper.mx\/tienda\/producto\/hewlett-packard-enterprise-p26934-b21-hpe-ssd-1-6-tb-nvme-gen4-x8-alto-rendimiento-uso-mixto-aic-hhhl-pm1735\/","url":"https:\/\/compuviper.mx\/tienda\/producto\/hewlett-packard-enterprise-p26934-b21-hpe-ssd-1-6-tb-nvme-gen4-x8-alto-rendimiento-uso-mixto-aic-hhhl-pm1735\/","name":"[ Hewlett Packard Enterprise ] &#129351; P26934-b21 Hpe Ssd 1.6 Tb Nvme Gen4 X8 Alto Rendimiento Uso Mixto Aic Hhhl Pm1735","isPartOf":{"@id":"https:\/\/compuviper.mx\/tienda\/#website"},"datePublished":"2026-04-11T06:37:19+00:00","dateModified":"2026-04-11T06:37:20+00:00","description":"Compra P26934-b21 Hpe Ssd 1.6 Tb Nvme Gen4 X8 Alto Rendimiento Uso Mixto Aic Hhhl Pm1735 + Env\u00edo a domicilio + Pago seguro + Garant\u00eda","breadcrumb":{"@id":"https:\/\/compuviper.mx\/tienda\/producto\/hewlett-packard-enterprise-p26934-b21-hpe-ssd-1-6-tb-nvme-gen4-x8-alto-rendimiento-uso-mixto-aic-hhhl-pm1735\/#breadcrumb"},"inLanguage":"es-MX","potentialAction":[{"@type":"ReadAction","target":["https:\/\/compuviper.mx\/tienda\/producto\/hewlett-packard-enterprise-p26934-b21-hpe-ssd-1-6-tb-nvme-gen4-x8-alto-rendimiento-uso-mixto-aic-hhhl-pm1735\/"]}]},{"@type":"BreadcrumbList","@id":"https:\/\/compuviper.mx\/tienda\/producto\/hewlett-packard-enterprise-p26934-b21-hpe-ssd-1-6-tb-nvme-gen4-x8-alto-rendimiento-uso-mixto-aic-hhhl-pm1735\/#breadcrumb","itemListElement":[{"@type":"ListItem","position":1,"name":"Inicio","item":"https:\/\/compuviper.mx\/tienda\/"},{"@type":"ListItem","position":2,"name":"Productos","item":"https:\/\/compuviper.mx\/tienda\/productos\/"},{"@type":"ListItem","position":3,"name":"Discos Duros","item":"https:\/\/compuviper.mx\/tienda\/categoria-producto\/discos-duros\/"},{"@type":"ListItem","position":4,"name":"Unidad De Estado Solido","item":"https:\/\/compuviper.mx\/tienda\/categoria-producto\/discos-duros\/unidad-de-estado-solido\/"},{"@type":"ListItem","position":5,"name":"Hewlett Packard Enterprise P26934-b21 Hpe Ssd 1.6 Tb Nvme Gen4 X8 Alto Rendimiento Uso Mixto Aic Hhhl Pm1735"}]},{"@type":"WebSite","@id":"https:\/\/compuviper.mx\/tienda\/#website","url":"https:\/\/compuviper.mx\/tienda\/","name":"Compuviper","description":"Proveedor de Computadoras, Laptops, Servidores, Monitores, Puntos de Venta, Teclados,   Impresoras, T\u00f3ner, C\u00e1maras de Seguridad y m\u00e1s en tu tienda en l\u00ednea","publisher":{"@id":"https:\/\/compuviper.mx\/tienda\/#organization"},"potentialAction":[{"@type":"SearchAction","target":{"@type":"EntryPoint","urlTemplate":"https:\/\/compuviper.mx\/tienda\/?s={search_term_string}"},"query-input":"required name=search_term_string"}],"inLanguage":"es-MX"},{"@type":"Organization","@id":"https:\/\/compuviper.mx\/tienda\/#organization","name":"Compuviper","url":"https:\/\/compuviper.mx\/tienda\/","logo":{"@type":"ImageObject","inLanguage":"es-MX","@id":"https:\/\/compuviper.mx\/tienda\/#\/schema\/logo\/image\/","url":"https:\/\/compuviper.mx\/tienda\/wp-content\/uploads\/2021\/08\/Logo-Compuviper-10.png","contentUrl":"https:\/\/compuviper.mx\/tienda\/wp-content\/uploads\/2021\/08\/Logo-Compuviper-10.png","width":1000,"height":500,"caption":"Compuviper"},"image":{"@id":"https:\/\/compuviper.mx\/tienda\/#\/schema\/logo\/image\/"},"sameAs":["https:\/\/www.facebook.com\/compuviper","https:\/\/www.youtube.com\/channel\/UCf73dERp9Y3cfOq7q8BhLjA?view_as=subscriber"]}]},"product_brand":"HEWLETT PACKARD ENTERPRISE","product_price_amount":"67924","product_price_currency":"MXN","og_availability":"backorder","product_availability":"available for order","product_retailer_item_id":"P26934-B21","product_condition":"new"},"_links":{"self":[{"href":"https:\/\/compuviper.mx\/tienda\/wp-json\/wp\/v2\/product\/218567"}],"collection":[{"href":"https:\/\/compuviper.mx\/tienda\/wp-json\/wp\/v2\/product"}],"about":[{"href":"https:\/\/compuviper.mx\/tienda\/wp-json\/wp\/v2\/types\/product"}],"replies":[{"embeddable":true,"href":"https:\/\/compuviper.mx\/tienda\/wp-json\/wp\/v2\/comments?post=218567"}],"wp:featuredmedia":[{"embeddable":true,"href":"https:\/\/compuviper.mx\/tienda\/wp-json\/wp\/v2\/media\/218568"}],"wp:attachment":[{"href":"https:\/\/compuviper.mx\/tienda\/wp-json\/wp\/v2\/media?parent=218567"}],"wp:term":[{"taxonomy":"product_cat","embeddable":true,"href":"https:\/\/compuviper.mx\/tienda\/wp-json\/wp\/v2\/product_cat?post=218567"},{"taxonomy":"product_tag","embeddable":true,"href":"https:\/\/compuviper.mx\/tienda\/wp-json\/wp\/v2\/product_tag?post=218567"}],"curies":[{"name":"wp","href":"https:\/\/api.w.org\/{rel}","templated":true}]}}