{"id":218537,"date":"2026-04-02T00:35:42","date_gmt":"2026-04-02T06:35:42","guid":{"rendered":"https:\/\/compuviper.mx\/tienda\/producto\/hewlett-packard-enterprise-r0q69a-disco-duro-hpe-san-msa-48tb-sas-7-2k-lff-m2-6pk-hdd-bundle-6-x-8tb-r0q59a\/"},"modified":"2026-04-02T00:35:42","modified_gmt":"2026-04-02T06:35:42","slug":"hewlett-packard-enterprise-r0q69a-disco-duro-hpe-san-msa-48tb-sas-7-2k-lff-m2-6pk-hdd-bundle-6-x-8tb-r0q59a","status":"publish","type":"product","link":"https:\/\/compuviper.mx\/tienda\/producto\/hewlett-packard-enterprise-r0q69a-disco-duro-hpe-san-msa-48tb-sas-7-2k-lff-m2-6pk-hdd-bundle-6-x-8tb-r0q59a\/","title":{"rendered":"Hewlett Packard Enterprise R0q69a Disco Duro Hpe San Msa 48tb Sas 7.2k Lff M2 6pk Hdd Bundle (6 X 8tb &#8211; R0q59a)"},"content":{"rendered":"<table class=\"descripcion\">\n<tr>\n<td>Disco duro hpe san msa 48tb sas 7.2k lff m2 6pk hdd bundle (6 x 8tb &#8211; r0q59a)<\/td>\n<\/tr>\n<\/table>\n","protected":false},"excerpt":{"rendered":"<p>\u00bftu empresa busca un almacenamiento compartido de alto rendimiento, asequible y f\u00e1cil de usar? el almacenamiento hpe msa 2060 es un sistema de almacenamiento h\u00edbrido preparado para flash y dise\u00f1ado para la aceleraci\u00f3n asequible de aplicaciones sin intervenci\u00f3n manual en implementaciones de peque\u00f1as y remotas oficinas. No dejes que el bajo coste te enga\u00f1e. Proporciona la combinaci\u00f3n de simplicidad y flexibilidad, as\u00ed como funciones avanzadas que no esperabas en una cabina de precio econ\u00f3mico. Empieza poco a poco y escala seg\u00fan necesites con cualquier combinaci\u00f3n de unidades de estado s\u00f3lido (ssd), hdd enterprise sas o hdd midline sas de menor coste. Con la capacidad de ofrecer 325 000 iops, el nuevo hpe msa 2060 es un 32% m\u00e1s r\u00e1pido que la generaci\u00f3n anterior y cuenta con mayor potencia para las cargas de trabajo m\u00e1s exigentes. Novedades. Nueva arquitectura de almacenamiento msa de 6.\u00aa generaci\u00f3n con nuevas funciones de hardware y software que incluyen tiering 2.0, esquema de protecci\u00f3n raid (msa dp+), una nueva interfaz web y gesti\u00f3n de datos a trav\u00e9s de una nueva interfaz restful. Rendimiento mejorado de cabina que proporciona m\u00e1s iops, mayor ancho de banda y conectividad backend ampliada. Hasta un 45% de incremento [1] en iops, y hasta un 60% de mejora en el rendimiento secuencial frente a msa gen5 (en funci\u00f3n del protocolo host). Nuevo tipo de disco de grupo (msa dp+) que incrementa la disponibilidad, reduce dr\u00e1sticamente los tiempos de recuperaci\u00f3n raid, mejora el rendimiento, simplifica la configuraci\u00f3n y proporciona una mayor expansi\u00f3n granular de los pool de discos. Solo ventajas. Acelera las aplicaciones de forma asequible. Hpe msa 2060 es capaz de ofrecer m\u00e1s de 325 000 iops para una aceleraci\u00f3n asequible de la aplicaci\u00f3n en pymes. Msa 2060 permite a los usuarios definir e implementar configuraciones de almacenamiento flash o h\u00edbrido desde el primer momento y crecer seg\u00fan se necesite. Los servicios de datos \u00abset and forget\u00bb de msa no requieren un administrador de almacenamiento dedicado para su gesti\u00f3n. El almacenamiento hpe msa 2060 es f\u00e1cil de instalar, usar y mantener, incluso para un generalista de ti. Los administradores encontrar\u00e1n la nueva utilidad de gesti\u00f3n del almacenamiento del msa 2060 intuitiva y f\u00e1cil de navegar. El motor autom\u00e1tico de clasificaci\u00f3n por niveles msa responde de forma din\u00e1mica a los cambios en las cargas de trabajo para que no tengas que ocuparte de ello, garantizando que los datos m\u00e1s recientes ser\u00e1n trasladados a los soportes m\u00e1s r\u00e1pidos autom\u00e1ticamente y en tiempo real. Aprovecha las funciones de protecci\u00f3n de datos para mantener a tu empresa funcionando en caso de desastre. El almacenamiento hpe msa 2060 proporciona tecnolog\u00eda de snapshot virtualizada haciendo que la protecci\u00f3n de datos y la recuperaci\u00f3n instant\u00e1nea sean muy sencillas. La replicaci\u00f3n remota a trav\u00e9s de canal de fibra (fc) o iscsi facilita una soluci\u00f3n de recuperaci\u00f3n ante desastres asequible. Los ssd y hdd cifrados con gesti\u00f3n de claves local pueden implementarse para ofrecer una cabina flash h\u00edbrida cifrada y segura. Arquitectura modular y flexible que facilita el crecimiento futuro. El almacenamiento hpe msa 2060 admite una combinaci\u00f3n de carcasas de expansi\u00f3n lff (3,5 pulg.) y sff (2,5 pulg.) para ofrecer un m\u00e1ximo de 9 carcasas (10 si se incluye el sistema base). Empieza poco a poco y escala seg\u00fan tus necesidades con cualquier combinaci\u00f3n de ssd o hdd enterprise sas o midline sas.<\/p>\n","protected":false},"featured_media":218538,"comment_status":"open","ping_status":"open","template":"","meta":[],"product_cat":[1703,1706],"product_tag":[1568],"acf":[],"yoast_head":"<!-- This site is optimized with the Yoast SEO plugin v21.7 - https:\/\/yoast.com\/wordpress\/plugins\/seo\/ -->\n<title>[ Hewlett Packard Enterprise ] &#129351; R0q69a Disco Duro Hpe San Msa 48tb Sas 7.2k Lff M2 6pk Hdd Bundle (6 X 8tb - R0q59a)<\/title>\n<meta name=\"description\" content=\"Compra R0q69a Disco Duro Hpe San Msa 48tb Sas 7.2k Lff M2 6pk Hdd Bundle (6 X 8tb - R0q59a) + Env\u00edo a domicilio + Pago seguro + Garant\u00eda\" \/>\n<meta name=\"robots\" content=\"index, follow, max-snippet:-1, max-image-preview:large, max-video-preview:-1\" \/>\n<link rel=\"canonical\" href=\"https:\/\/compuviper.mx\/tienda\/producto\/hewlett-packard-enterprise-r0q69a-disco-duro-hpe-san-msa-48tb-sas-7-2k-lff-m2-6pk-hdd-bundle-6-x-8tb-r0q59a\/\" \/>\n<meta property=\"og:locale\" content=\"es_MX\" \/>\n<meta property=\"og:type\" content=\"article\" \/>\n<meta property=\"og:title\" content=\"[ Hewlett Packard Enterprise ] &#129351; R0q69a Disco Duro Hpe San Msa 48tb Sas 7.2k Lff M2 6pk Hdd Bundle (6 X 8tb - R0q59a)\" \/>\n<meta property=\"og:description\" content=\"Compra R0q69a Disco Duro Hpe San Msa 48tb Sas 7.2k Lff M2 6pk Hdd Bundle (6 X 8tb - R0q59a) + Env\u00edo a domicilio + Pago seguro + Garant\u00eda\" \/>\n<meta property=\"og:url\" content=\"https:\/\/compuviper.mx\/tienda\/producto\/hewlett-packard-enterprise-r0q69a-disco-duro-hpe-san-msa-48tb-sas-7-2k-lff-m2-6pk-hdd-bundle-6-x-8tb-r0q59a\/\" \/>\n<meta property=\"og:site_name\" content=\"Compuviper\" \/>\n<meta property=\"article:publisher\" content=\"https:\/\/www.facebook.com\/compuviper\" \/>\n<meta property=\"og:image\" content=\"https:\/\/compuviper.mx\/tienda\/wp-content\/uploads\/2023\/12\/Disco-duro-hpe-san-msa-48tb-sas-7.2k-lff-m2-6pk-hdd-bundle-6-x-8tb-r0q59a.jpg\" \/>\n\t<meta property=\"og:image:width\" content=\"200\" \/>\n\t<meta property=\"og:image:height\" content=\"200\" \/>\n\t<meta property=\"og:image:type\" content=\"image\/jpeg\" \/>\n<meta name=\"twitter:card\" content=\"summary_large_image\" \/>\n<meta name=\"twitter:label1\" content=\"Precio\" \/>\n\t<meta name=\"twitter:data1\" content=\"&#36;91,648 con IVA\" \/>\n\t<meta name=\"twitter:label2\" content=\"Availability\" \/>\n\t<meta name=\"twitter:data2\" content=\"On backorder\" \/>\n<script type=\"application\/ld+json\" class=\"yoast-schema-graph\">{\"@context\":\"https:\/\/schema.org\",\"@graph\":[{\"@type\":\"WebPage\",\"@id\":\"https:\/\/compuviper.mx\/tienda\/producto\/hewlett-packard-enterprise-r0q69a-disco-duro-hpe-san-msa-48tb-sas-7-2k-lff-m2-6pk-hdd-bundle-6-x-8tb-r0q59a\/\",\"url\":\"https:\/\/compuviper.mx\/tienda\/producto\/hewlett-packard-enterprise-r0q69a-disco-duro-hpe-san-msa-48tb-sas-7-2k-lff-m2-6pk-hdd-bundle-6-x-8tb-r0q59a\/\",\"name\":\"[ Hewlett Packard Enterprise ] &#129351; R0q69a Disco Duro Hpe San Msa 48tb Sas 7.2k Lff M2 6pk Hdd Bundle (6 X 8tb - R0q59a)\",\"isPartOf\":{\"@id\":\"https:\/\/compuviper.mx\/tienda\/#website\"},\"datePublished\":\"2026-04-02T06:35:42+00:00\",\"dateModified\":\"2026-04-02T06:35:42+00:00\",\"description\":\"Compra R0q69a Disco Duro Hpe San Msa 48tb Sas 7.2k Lff M2 6pk Hdd Bundle (6 X 8tb - R0q59a) + Env\u00edo a domicilio + Pago seguro + Garant\u00eda\",\"breadcrumb\":{\"@id\":\"https:\/\/compuviper.mx\/tienda\/producto\/hewlett-packard-enterprise-r0q69a-disco-duro-hpe-san-msa-48tb-sas-7-2k-lff-m2-6pk-hdd-bundle-6-x-8tb-r0q59a\/#breadcrumb\"},\"inLanguage\":\"es-MX\",\"potentialAction\":[{\"@type\":\"ReadAction\",\"target\":[\"https:\/\/compuviper.mx\/tienda\/producto\/hewlett-packard-enterprise-r0q69a-disco-duro-hpe-san-msa-48tb-sas-7-2k-lff-m2-6pk-hdd-bundle-6-x-8tb-r0q59a\/\"]}]},{\"@type\":\"BreadcrumbList\",\"@id\":\"https:\/\/compuviper.mx\/tienda\/producto\/hewlett-packard-enterprise-r0q69a-disco-duro-hpe-san-msa-48tb-sas-7-2k-lff-m2-6pk-hdd-bundle-6-x-8tb-r0q59a\/#breadcrumb\",\"itemListElement\":[{\"@type\":\"ListItem\",\"position\":1,\"name\":\"Inicio\",\"item\":\"https:\/\/compuviper.mx\/tienda\/\"},{\"@type\":\"ListItem\",\"position\":2,\"name\":\"Productos\",\"item\":\"https:\/\/compuviper.mx\/tienda\/productos\/\"},{\"@type\":\"ListItem\",\"position\":3,\"name\":\"Discos Duros\",\"item\":\"https:\/\/compuviper.mx\/tienda\/categoria-producto\/discos-duros\/\"},{\"@type\":\"ListItem\",\"position\":4,\"name\":\"Disco Duro\",\"item\":\"https:\/\/compuviper.mx\/tienda\/categoria-producto\/discos-duros\/disco-duro\/\"},{\"@type\":\"ListItem\",\"position\":5,\"name\":\"Hewlett Packard Enterprise R0q69a Disco Duro Hpe San Msa 48tb Sas 7.2k Lff M2 6pk Hdd Bundle (6 X 8tb &#8211; R0q59a)\"}]},{\"@type\":\"WebSite\",\"@id\":\"https:\/\/compuviper.mx\/tienda\/#website\",\"url\":\"https:\/\/compuviper.mx\/tienda\/\",\"name\":\"Compuviper\",\"description\":\"Proveedor de Computadoras, Laptops, Servidores, Monitores, Puntos de Venta, Teclados,   Impresoras, T\u00f3ner, C\u00e1maras de Seguridad y m\u00e1s en tu tienda en l\u00ednea\",\"publisher\":{\"@id\":\"https:\/\/compuviper.mx\/tienda\/#organization\"},\"potentialAction\":[{\"@type\":\"SearchAction\",\"target\":{\"@type\":\"EntryPoint\",\"urlTemplate\":\"https:\/\/compuviper.mx\/tienda\/?s={search_term_string}\"},\"query-input\":\"required name=search_term_string\"}],\"inLanguage\":\"es-MX\"},{\"@type\":\"Organization\",\"@id\":\"https:\/\/compuviper.mx\/tienda\/#organization\",\"name\":\"Compuviper\",\"url\":\"https:\/\/compuviper.mx\/tienda\/\",\"logo\":{\"@type\":\"ImageObject\",\"inLanguage\":\"es-MX\",\"@id\":\"https:\/\/compuviper.mx\/tienda\/#\/schema\/logo\/image\/\",\"url\":\"https:\/\/compuviper.mx\/tienda\/wp-content\/uploads\/2021\/08\/Logo-Compuviper-10.png\",\"contentUrl\":\"https:\/\/compuviper.mx\/tienda\/wp-content\/uploads\/2021\/08\/Logo-Compuviper-10.png\",\"width\":1000,\"height\":500,\"caption\":\"Compuviper\"},\"image\":{\"@id\":\"https:\/\/compuviper.mx\/tienda\/#\/schema\/logo\/image\/\"},\"sameAs\":[\"https:\/\/www.facebook.com\/compuviper\",\"https:\/\/www.youtube.com\/channel\/UCf73dERp9Y3cfOq7q8BhLjA?view_as=subscriber\"]}]}<\/script>\n<meta property=\"product:brand\" content=\"HEWLETT PACKARD ENTERPRISE\" \/>\n<meta property=\"product:price:amount\" content=\"91648\" \/>\n<meta property=\"product:price:currency\" content=\"MXN\" \/>\n<meta property=\"og:availability\" content=\"backorder\" \/>\n<meta property=\"product:availability\" content=\"available for order\" \/>\n<meta property=\"product:retailer_item_id\" content=\"R0Q69A\" \/>\n<meta property=\"product:condition\" content=\"new\" \/>\n<!-- \/ Yoast SEO plugin. -->","yoast_head_json":{"title":"[ Hewlett Packard Enterprise ] &#129351; R0q69a Disco Duro Hpe San Msa 48tb Sas 7.2k Lff M2 6pk Hdd Bundle (6 X 8tb - R0q59a)","description":"Compra R0q69a Disco Duro Hpe San Msa 48tb Sas 7.2k Lff M2 6pk Hdd Bundle (6 X 8tb - R0q59a) + Env\u00edo a domicilio + Pago seguro + Garant\u00eda","robots":{"index":"index","follow":"follow","max-snippet":"max-snippet:-1","max-image-preview":"max-image-preview:large","max-video-preview":"max-video-preview:-1"},"canonical":"https:\/\/compuviper.mx\/tienda\/producto\/hewlett-packard-enterprise-r0q69a-disco-duro-hpe-san-msa-48tb-sas-7-2k-lff-m2-6pk-hdd-bundle-6-x-8tb-r0q59a\/","og_locale":"es_MX","og_type":"article","og_title":"[ Hewlett Packard Enterprise ] &#129351; R0q69a Disco Duro Hpe San Msa 48tb Sas 7.2k Lff M2 6pk Hdd Bundle (6 X 8tb - R0q59a)","og_description":"Compra R0q69a Disco Duro Hpe San Msa 48tb Sas 7.2k Lff M2 6pk Hdd Bundle (6 X 8tb - R0q59a) + Env\u00edo a domicilio + Pago seguro + Garant\u00eda","og_url":"https:\/\/compuviper.mx\/tienda\/producto\/hewlett-packard-enterprise-r0q69a-disco-duro-hpe-san-msa-48tb-sas-7-2k-lff-m2-6pk-hdd-bundle-6-x-8tb-r0q59a\/","og_site_name":"Compuviper","article_publisher":"https:\/\/www.facebook.com\/compuviper","og_image":[{"width":200,"height":200,"url":"https:\/\/compuviper.mx\/tienda\/wp-content\/uploads\/2023\/12\/Disco-duro-hpe-san-msa-48tb-sas-7.2k-lff-m2-6pk-hdd-bundle-6-x-8tb-r0q59a.jpg","type":"image\/jpeg"}],"twitter_card":"summary_large_image","twitter_misc":{"Precio":"&#36;91,648 con IVA","Availability":"On backorder"},"schema":{"@context":"https:\/\/schema.org","@graph":[{"@type":"WebPage","@id":"https:\/\/compuviper.mx\/tienda\/producto\/hewlett-packard-enterprise-r0q69a-disco-duro-hpe-san-msa-48tb-sas-7-2k-lff-m2-6pk-hdd-bundle-6-x-8tb-r0q59a\/","url":"https:\/\/compuviper.mx\/tienda\/producto\/hewlett-packard-enterprise-r0q69a-disco-duro-hpe-san-msa-48tb-sas-7-2k-lff-m2-6pk-hdd-bundle-6-x-8tb-r0q59a\/","name":"[ Hewlett Packard Enterprise ] &#129351; R0q69a Disco Duro Hpe San Msa 48tb Sas 7.2k Lff M2 6pk Hdd Bundle (6 X 8tb - R0q59a)","isPartOf":{"@id":"https:\/\/compuviper.mx\/tienda\/#website"},"datePublished":"2026-04-02T06:35:42+00:00","dateModified":"2026-04-02T06:35:42+00:00","description":"Compra R0q69a Disco Duro Hpe San Msa 48tb Sas 7.2k Lff M2 6pk Hdd Bundle (6 X 8tb - R0q59a) + Env\u00edo a domicilio + Pago seguro + Garant\u00eda","breadcrumb":{"@id":"https:\/\/compuviper.mx\/tienda\/producto\/hewlett-packard-enterprise-r0q69a-disco-duro-hpe-san-msa-48tb-sas-7-2k-lff-m2-6pk-hdd-bundle-6-x-8tb-r0q59a\/#breadcrumb"},"inLanguage":"es-MX","potentialAction":[{"@type":"ReadAction","target":["https:\/\/compuviper.mx\/tienda\/producto\/hewlett-packard-enterprise-r0q69a-disco-duro-hpe-san-msa-48tb-sas-7-2k-lff-m2-6pk-hdd-bundle-6-x-8tb-r0q59a\/"]}]},{"@type":"BreadcrumbList","@id":"https:\/\/compuviper.mx\/tienda\/producto\/hewlett-packard-enterprise-r0q69a-disco-duro-hpe-san-msa-48tb-sas-7-2k-lff-m2-6pk-hdd-bundle-6-x-8tb-r0q59a\/#breadcrumb","itemListElement":[{"@type":"ListItem","position":1,"name":"Inicio","item":"https:\/\/compuviper.mx\/tienda\/"},{"@type":"ListItem","position":2,"name":"Productos","item":"https:\/\/compuviper.mx\/tienda\/productos\/"},{"@type":"ListItem","position":3,"name":"Discos Duros","item":"https:\/\/compuviper.mx\/tienda\/categoria-producto\/discos-duros\/"},{"@type":"ListItem","position":4,"name":"Disco Duro","item":"https:\/\/compuviper.mx\/tienda\/categoria-producto\/discos-duros\/disco-duro\/"},{"@type":"ListItem","position":5,"name":"Hewlett Packard Enterprise R0q69a Disco Duro Hpe San Msa 48tb Sas 7.2k Lff M2 6pk Hdd Bundle (6 X 8tb &#8211; R0q59a)"}]},{"@type":"WebSite","@id":"https:\/\/compuviper.mx\/tienda\/#website","url":"https:\/\/compuviper.mx\/tienda\/","name":"Compuviper","description":"Proveedor de Computadoras, Laptops, Servidores, Monitores, Puntos de Venta, Teclados,   Impresoras, T\u00f3ner, C\u00e1maras de Seguridad y m\u00e1s en tu tienda en l\u00ednea","publisher":{"@id":"https:\/\/compuviper.mx\/tienda\/#organization"},"potentialAction":[{"@type":"SearchAction","target":{"@type":"EntryPoint","urlTemplate":"https:\/\/compuviper.mx\/tienda\/?s={search_term_string}"},"query-input":"required name=search_term_string"}],"inLanguage":"es-MX"},{"@type":"Organization","@id":"https:\/\/compuviper.mx\/tienda\/#organization","name":"Compuviper","url":"https:\/\/compuviper.mx\/tienda\/","logo":{"@type":"ImageObject","inLanguage":"es-MX","@id":"https:\/\/compuviper.mx\/tienda\/#\/schema\/logo\/image\/","url":"https:\/\/compuviper.mx\/tienda\/wp-content\/uploads\/2021\/08\/Logo-Compuviper-10.png","contentUrl":"https:\/\/compuviper.mx\/tienda\/wp-content\/uploads\/2021\/08\/Logo-Compuviper-10.png","width":1000,"height":500,"caption":"Compuviper"},"image":{"@id":"https:\/\/compuviper.mx\/tienda\/#\/schema\/logo\/image\/"},"sameAs":["https:\/\/www.facebook.com\/compuviper","https:\/\/www.youtube.com\/channel\/UCf73dERp9Y3cfOq7q8BhLjA?view_as=subscriber"]}]},"product_brand":"HEWLETT PACKARD ENTERPRISE","product_price_amount":"91648","product_price_currency":"MXN","og_availability":"backorder","product_availability":"available for order","product_retailer_item_id":"R0Q69A","product_condition":"new"},"_links":{"self":[{"href":"https:\/\/compuviper.mx\/tienda\/wp-json\/wp\/v2\/product\/218537"}],"collection":[{"href":"https:\/\/compuviper.mx\/tienda\/wp-json\/wp\/v2\/product"}],"about":[{"href":"https:\/\/compuviper.mx\/tienda\/wp-json\/wp\/v2\/types\/product"}],"replies":[{"embeddable":true,"href":"https:\/\/compuviper.mx\/tienda\/wp-json\/wp\/v2\/comments?post=218537"}],"wp:featuredmedia":[{"embeddable":true,"href":"https:\/\/compuviper.mx\/tienda\/wp-json\/wp\/v2\/media\/218538"}],"wp:attachment":[{"href":"https:\/\/compuviper.mx\/tienda\/wp-json\/wp\/v2\/media?parent=218537"}],"wp:term":[{"taxonomy":"product_cat","embeddable":true,"href":"https:\/\/compuviper.mx\/tienda\/wp-json\/wp\/v2\/product_cat?post=218537"},{"taxonomy":"product_tag","embeddable":true,"href":"https:\/\/compuviper.mx\/tienda\/wp-json\/wp\/v2\/product_tag?post=218537"}],"curies":[{"name":"wp","href":"https:\/\/api.w.org\/{rel}","templated":true}]}}