{"id":218484,"date":"2026-04-11T00:37:03","date_gmt":"2026-04-11T06:37:03","guid":{"rendered":"https:\/\/compuviper.mx\/tienda\/producto\/hewlett-packard-enterprise-881781-b21-disco-duro-hdd-de-firmware-firmado-digitalmente-hpe-helium-512e-12-tb-sas-12g-midline-7200-rpm-lff-35-pulg-lp\/"},"modified":"2026-04-11T00:37:03","modified_gmt":"2026-04-11T06:37:03","slug":"hewlett-packard-enterprise-881781-b21-disco-duro-hdd-de-firmware-firmado-digitalmente-hpe-helium-512e-12-tb-sas-12g-midline-7200-rpm-lff-35-pulg-lp","status":"publish","type":"product","link":"https:\/\/compuviper.mx\/tienda\/producto\/hewlett-packard-enterprise-881781-b21-disco-duro-hdd-de-firmware-firmado-digitalmente-hpe-helium-512e-12-tb-sas-12g-midline-7200-rpm-lff-35-pulg-lp\/","title":{"rendered":"Hewlett Packard Enterprise 881781-b21 Disco Duro Hdd De Firmware Firmado Digitalmente Hpe Helium 512e 12 Tb Sas 12g Midline 7200 Rpm Lff (3,5 Pulg.) Lp"},"content":{"rendered":"<table class=\"descripcion\">\n<tr>\n<td>Capacidad: 12 tb<\/td>\n<\/tr>\n<tr>\n<td>Interfaz: sas<\/td>\n<\/tr>\n<tr>\n<td>Factor de forma: lff<\/td>\n<\/tr>\n<tr>\n<td>Dimensiones m\u00ednimas (alto x ancho x fondo): 2,61 x 10,55 x 15,66 cm<\/td>\n<\/tr>\n<tr>\n<td>Garant\u00eda: las unidades de disco duro midline tienen 1 a\u00f1o de garant\u00eda limitada<\/td>\n<\/tr>\n<\/table>\n","protected":false},"excerpt":{"rendered":"<p>Tus servidores y plataformas de almacenamiento necesitan una gran capacidad y discos duros de rendimiento probado para optimizar las cargas de trabajo de almacenamiento de datos cruciales para el negocio? los discos duros fundamentales para el negocio de hpe se han dise\u00f1ado para ofrecer el mayor rendimiento, capacidad, fiabilidad y seguridad de datos para las aplicaciones de su centro de datos. Los discos duros fundamentales para el negocio te permiten obtener m\u00e1s datos sin sacrificar el rendimiento o la fiabilidad.<\/p>\n","protected":false},"featured_media":218485,"comment_status":"open","ping_status":"open","template":"","meta":[],"product_cat":[1703,1706],"product_tag":[1568],"acf":[],"yoast_head":"<!-- This site is optimized with the Yoast SEO plugin v21.7 - https:\/\/yoast.com\/wordpress\/plugins\/seo\/ -->\n<title>[ Hewlett Packard Enterprise ] &#129351; 881781-b21 Disco Duro Hdd De Firmware Firmado Digitalmente Hpe Helium 512e 12 Tb Sas 12g Midline 7200 Rpm Lff (3,5 Pulg.) Lp<\/title>\n<meta name=\"description\" content=\"Compra 881781-b21 Disco Duro Hdd De Firmware Firmado Digitalmente Hpe Helium 512e 12 Tb Sas 12g Midline 7200 Rpm Lff (3,5 Pulg.) Lp + Env\u00edo a domicilio + Pago seguro + Garant\u00eda\" \/>\n<meta name=\"robots\" content=\"index, follow, max-snippet:-1, max-image-preview:large, max-video-preview:-1\" \/>\n<link rel=\"canonical\" href=\"https:\/\/compuviper.mx\/tienda\/producto\/hewlett-packard-enterprise-881781-b21-disco-duro-hdd-de-firmware-firmado-digitalmente-hpe-helium-512e-12-tb-sas-12g-midline-7200-rpm-lff-35-pulg-lp\/\" \/>\n<meta property=\"og:locale\" content=\"es_MX\" \/>\n<meta property=\"og:type\" content=\"article\" \/>\n<meta property=\"og:title\" content=\"[ Hewlett Packard Enterprise ] &#129351; 881781-b21 Disco Duro Hdd De Firmware Firmado Digitalmente Hpe Helium 512e 12 Tb Sas 12g Midline 7200 Rpm Lff (3,5 Pulg.) Lp\" \/>\n<meta property=\"og:description\" content=\"Compra 881781-b21 Disco Duro Hdd De Firmware Firmado Digitalmente Hpe Helium 512e 12 Tb Sas 12g Midline 7200 Rpm Lff (3,5 Pulg.) Lp + Env\u00edo a domicilio + Pago seguro + Garant\u00eda\" \/>\n<meta property=\"og:url\" content=\"https:\/\/compuviper.mx\/tienda\/producto\/hewlett-packard-enterprise-881781-b21-disco-duro-hdd-de-firmware-firmado-digitalmente-hpe-helium-512e-12-tb-sas-12g-midline-7200-rpm-lff-35-pulg-lp\/\" \/>\n<meta property=\"og:site_name\" content=\"Compuviper\" \/>\n<meta property=\"article:publisher\" content=\"https:\/\/www.facebook.com\/compuviper\" \/>\n<meta property=\"og:image\" content=\"https:\/\/compuviper.mx\/tienda\/wp-content\/uploads\/2023\/12\/Disco-duro-hdd-de-firmware-firmado-digitalmente-hpe-helium-512e-12-tb-sas-12g-midline-7200-rpm-lff-35-pulg.-lp.jpg\" \/>\n\t<meta property=\"og:image:width\" content=\"200\" \/>\n\t<meta property=\"og:image:height\" content=\"200\" \/>\n\t<meta property=\"og:image:type\" content=\"image\/jpeg\" \/>\n<meta name=\"twitter:card\" content=\"summary_large_image\" \/>\n<meta name=\"twitter:label1\" content=\"Precio\" \/>\n\t<meta name=\"twitter:data1\" content=\"&#36;21,564 con IVA\" \/>\n\t<meta name=\"twitter:label2\" content=\"Availability\" \/>\n\t<meta name=\"twitter:data2\" content=\"On backorder\" \/>\n<script type=\"application\/ld+json\" class=\"yoast-schema-graph\">{\"@context\":\"https:\/\/schema.org\",\"@graph\":[{\"@type\":\"WebPage\",\"@id\":\"https:\/\/compuviper.mx\/tienda\/producto\/hewlett-packard-enterprise-881781-b21-disco-duro-hdd-de-firmware-firmado-digitalmente-hpe-helium-512e-12-tb-sas-12g-midline-7200-rpm-lff-35-pulg-lp\/\",\"url\":\"https:\/\/compuviper.mx\/tienda\/producto\/hewlett-packard-enterprise-881781-b21-disco-duro-hdd-de-firmware-firmado-digitalmente-hpe-helium-512e-12-tb-sas-12g-midline-7200-rpm-lff-35-pulg-lp\/\",\"name\":\"[ Hewlett Packard Enterprise ] &#129351; 881781-b21 Disco Duro Hdd De Firmware Firmado Digitalmente Hpe Helium 512e 12 Tb Sas 12g Midline 7200 Rpm Lff (3,5 Pulg.) Lp\",\"isPartOf\":{\"@id\":\"https:\/\/compuviper.mx\/tienda\/#website\"},\"datePublished\":\"2026-04-11T06:37:03+00:00\",\"dateModified\":\"2026-04-11T06:37:03+00:00\",\"description\":\"Compra 881781-b21 Disco Duro Hdd De Firmware Firmado Digitalmente Hpe Helium 512e 12 Tb Sas 12g Midline 7200 Rpm Lff (3,5 Pulg.) Lp + Env\u00edo a domicilio + Pago seguro + Garant\u00eda\",\"breadcrumb\":{\"@id\":\"https:\/\/compuviper.mx\/tienda\/producto\/hewlett-packard-enterprise-881781-b21-disco-duro-hdd-de-firmware-firmado-digitalmente-hpe-helium-512e-12-tb-sas-12g-midline-7200-rpm-lff-35-pulg-lp\/#breadcrumb\"},\"inLanguage\":\"es-MX\",\"potentialAction\":[{\"@type\":\"ReadAction\",\"target\":[\"https:\/\/compuviper.mx\/tienda\/producto\/hewlett-packard-enterprise-881781-b21-disco-duro-hdd-de-firmware-firmado-digitalmente-hpe-helium-512e-12-tb-sas-12g-midline-7200-rpm-lff-35-pulg-lp\/\"]}]},{\"@type\":\"BreadcrumbList\",\"@id\":\"https:\/\/compuviper.mx\/tienda\/producto\/hewlett-packard-enterprise-881781-b21-disco-duro-hdd-de-firmware-firmado-digitalmente-hpe-helium-512e-12-tb-sas-12g-midline-7200-rpm-lff-35-pulg-lp\/#breadcrumb\",\"itemListElement\":[{\"@type\":\"ListItem\",\"position\":1,\"name\":\"Inicio\",\"item\":\"https:\/\/compuviper.mx\/tienda\/\"},{\"@type\":\"ListItem\",\"position\":2,\"name\":\"Productos\",\"item\":\"https:\/\/compuviper.mx\/tienda\/productos\/\"},{\"@type\":\"ListItem\",\"position\":3,\"name\":\"Discos Duros\",\"item\":\"https:\/\/compuviper.mx\/tienda\/categoria-producto\/discos-duros\/\"},{\"@type\":\"ListItem\",\"position\":4,\"name\":\"Disco Duro\",\"item\":\"https:\/\/compuviper.mx\/tienda\/categoria-producto\/discos-duros\/disco-duro\/\"},{\"@type\":\"ListItem\",\"position\":5,\"name\":\"Hewlett Packard Enterprise 881781-b21 Disco Duro Hdd De Firmware Firmado Digitalmente Hpe Helium 512e 12 Tb Sas 12g Midline 7200 Rpm Lff (3,5 Pulg.) Lp\"}]},{\"@type\":\"WebSite\",\"@id\":\"https:\/\/compuviper.mx\/tienda\/#website\",\"url\":\"https:\/\/compuviper.mx\/tienda\/\",\"name\":\"Compuviper\",\"description\":\"Proveedor de Computadoras, Laptops, Servidores, Monitores, Puntos de Venta, Teclados,   Impresoras, T\u00f3ner, C\u00e1maras de Seguridad y m\u00e1s en tu tienda en l\u00ednea\",\"publisher\":{\"@id\":\"https:\/\/compuviper.mx\/tienda\/#organization\"},\"potentialAction\":[{\"@type\":\"SearchAction\",\"target\":{\"@type\":\"EntryPoint\",\"urlTemplate\":\"https:\/\/compuviper.mx\/tienda\/?s={search_term_string}\"},\"query-input\":\"required name=search_term_string\"}],\"inLanguage\":\"es-MX\"},{\"@type\":\"Organization\",\"@id\":\"https:\/\/compuviper.mx\/tienda\/#organization\",\"name\":\"Compuviper\",\"url\":\"https:\/\/compuviper.mx\/tienda\/\",\"logo\":{\"@type\":\"ImageObject\",\"inLanguage\":\"es-MX\",\"@id\":\"https:\/\/compuviper.mx\/tienda\/#\/schema\/logo\/image\/\",\"url\":\"https:\/\/compuviper.mx\/tienda\/wp-content\/uploads\/2021\/08\/Logo-Compuviper-10.png\",\"contentUrl\":\"https:\/\/compuviper.mx\/tienda\/wp-content\/uploads\/2021\/08\/Logo-Compuviper-10.png\",\"width\":1000,\"height\":500,\"caption\":\"Compuviper\"},\"image\":{\"@id\":\"https:\/\/compuviper.mx\/tienda\/#\/schema\/logo\/image\/\"},\"sameAs\":[\"https:\/\/www.facebook.com\/compuviper\",\"https:\/\/www.youtube.com\/channel\/UCf73dERp9Y3cfOq7q8BhLjA?view_as=subscriber\"]}]}<\/script>\n<meta property=\"product:brand\" content=\"HEWLETT PACKARD ENTERPRISE\" \/>\n<meta property=\"product:price:amount\" content=\"21564\" \/>\n<meta property=\"product:price:currency\" content=\"MXN\" \/>\n<meta property=\"og:availability\" content=\"backorder\" \/>\n<meta property=\"product:availability\" content=\"available for order\" \/>\n<meta property=\"product:retailer_item_id\" content=\"881781-B21\" \/>\n<meta property=\"product:condition\" content=\"new\" \/>\n<!-- \/ Yoast SEO plugin. -->","yoast_head_json":{"title":"[ Hewlett Packard Enterprise ] &#129351; 881781-b21 Disco Duro Hdd De Firmware Firmado Digitalmente Hpe Helium 512e 12 Tb Sas 12g Midline 7200 Rpm Lff (3,5 Pulg.) Lp","description":"Compra 881781-b21 Disco Duro Hdd De Firmware Firmado Digitalmente Hpe Helium 512e 12 Tb Sas 12g Midline 7200 Rpm Lff (3,5 Pulg.) Lp + Env\u00edo a domicilio + Pago seguro + Garant\u00eda","robots":{"index":"index","follow":"follow","max-snippet":"max-snippet:-1","max-image-preview":"max-image-preview:large","max-video-preview":"max-video-preview:-1"},"canonical":"https:\/\/compuviper.mx\/tienda\/producto\/hewlett-packard-enterprise-881781-b21-disco-duro-hdd-de-firmware-firmado-digitalmente-hpe-helium-512e-12-tb-sas-12g-midline-7200-rpm-lff-35-pulg-lp\/","og_locale":"es_MX","og_type":"article","og_title":"[ Hewlett Packard Enterprise ] &#129351; 881781-b21 Disco Duro Hdd De Firmware Firmado Digitalmente Hpe Helium 512e 12 Tb Sas 12g Midline 7200 Rpm Lff (3,5 Pulg.) Lp","og_description":"Compra 881781-b21 Disco Duro Hdd De Firmware Firmado Digitalmente Hpe Helium 512e 12 Tb Sas 12g Midline 7200 Rpm Lff (3,5 Pulg.) Lp + Env\u00edo a domicilio + Pago seguro + Garant\u00eda","og_url":"https:\/\/compuviper.mx\/tienda\/producto\/hewlett-packard-enterprise-881781-b21-disco-duro-hdd-de-firmware-firmado-digitalmente-hpe-helium-512e-12-tb-sas-12g-midline-7200-rpm-lff-35-pulg-lp\/","og_site_name":"Compuviper","article_publisher":"https:\/\/www.facebook.com\/compuviper","og_image":[{"width":200,"height":200,"url":"https:\/\/compuviper.mx\/tienda\/wp-content\/uploads\/2023\/12\/Disco-duro-hdd-de-firmware-firmado-digitalmente-hpe-helium-512e-12-tb-sas-12g-midline-7200-rpm-lff-35-pulg.-lp.jpg","type":"image\/jpeg"}],"twitter_card":"summary_large_image","twitter_misc":{"Precio":"&#36;21,564 con IVA","Availability":"On backorder"},"schema":{"@context":"https:\/\/schema.org","@graph":[{"@type":"WebPage","@id":"https:\/\/compuviper.mx\/tienda\/producto\/hewlett-packard-enterprise-881781-b21-disco-duro-hdd-de-firmware-firmado-digitalmente-hpe-helium-512e-12-tb-sas-12g-midline-7200-rpm-lff-35-pulg-lp\/","url":"https:\/\/compuviper.mx\/tienda\/producto\/hewlett-packard-enterprise-881781-b21-disco-duro-hdd-de-firmware-firmado-digitalmente-hpe-helium-512e-12-tb-sas-12g-midline-7200-rpm-lff-35-pulg-lp\/","name":"[ Hewlett Packard Enterprise ] &#129351; 881781-b21 Disco Duro Hdd De Firmware Firmado Digitalmente Hpe Helium 512e 12 Tb Sas 12g Midline 7200 Rpm Lff (3,5 Pulg.) Lp","isPartOf":{"@id":"https:\/\/compuviper.mx\/tienda\/#website"},"datePublished":"2026-04-11T06:37:03+00:00","dateModified":"2026-04-11T06:37:03+00:00","description":"Compra 881781-b21 Disco Duro Hdd De Firmware Firmado Digitalmente Hpe Helium 512e 12 Tb Sas 12g Midline 7200 Rpm Lff (3,5 Pulg.) Lp + Env\u00edo a domicilio + Pago seguro + Garant\u00eda","breadcrumb":{"@id":"https:\/\/compuviper.mx\/tienda\/producto\/hewlett-packard-enterprise-881781-b21-disco-duro-hdd-de-firmware-firmado-digitalmente-hpe-helium-512e-12-tb-sas-12g-midline-7200-rpm-lff-35-pulg-lp\/#breadcrumb"},"inLanguage":"es-MX","potentialAction":[{"@type":"ReadAction","target":["https:\/\/compuviper.mx\/tienda\/producto\/hewlett-packard-enterprise-881781-b21-disco-duro-hdd-de-firmware-firmado-digitalmente-hpe-helium-512e-12-tb-sas-12g-midline-7200-rpm-lff-35-pulg-lp\/"]}]},{"@type":"BreadcrumbList","@id":"https:\/\/compuviper.mx\/tienda\/producto\/hewlett-packard-enterprise-881781-b21-disco-duro-hdd-de-firmware-firmado-digitalmente-hpe-helium-512e-12-tb-sas-12g-midline-7200-rpm-lff-35-pulg-lp\/#breadcrumb","itemListElement":[{"@type":"ListItem","position":1,"name":"Inicio","item":"https:\/\/compuviper.mx\/tienda\/"},{"@type":"ListItem","position":2,"name":"Productos","item":"https:\/\/compuviper.mx\/tienda\/productos\/"},{"@type":"ListItem","position":3,"name":"Discos Duros","item":"https:\/\/compuviper.mx\/tienda\/categoria-producto\/discos-duros\/"},{"@type":"ListItem","position":4,"name":"Disco Duro","item":"https:\/\/compuviper.mx\/tienda\/categoria-producto\/discos-duros\/disco-duro\/"},{"@type":"ListItem","position":5,"name":"Hewlett Packard Enterprise 881781-b21 Disco Duro Hdd De Firmware Firmado Digitalmente Hpe Helium 512e 12 Tb Sas 12g Midline 7200 Rpm Lff (3,5 Pulg.) Lp"}]},{"@type":"WebSite","@id":"https:\/\/compuviper.mx\/tienda\/#website","url":"https:\/\/compuviper.mx\/tienda\/","name":"Compuviper","description":"Proveedor de Computadoras, Laptops, Servidores, Monitores, Puntos de Venta, Teclados,   Impresoras, T\u00f3ner, C\u00e1maras de Seguridad y m\u00e1s en tu tienda en l\u00ednea","publisher":{"@id":"https:\/\/compuviper.mx\/tienda\/#organization"},"potentialAction":[{"@type":"SearchAction","target":{"@type":"EntryPoint","urlTemplate":"https:\/\/compuviper.mx\/tienda\/?s={search_term_string}"},"query-input":"required name=search_term_string"}],"inLanguage":"es-MX"},{"@type":"Organization","@id":"https:\/\/compuviper.mx\/tienda\/#organization","name":"Compuviper","url":"https:\/\/compuviper.mx\/tienda\/","logo":{"@type":"ImageObject","inLanguage":"es-MX","@id":"https:\/\/compuviper.mx\/tienda\/#\/schema\/logo\/image\/","url":"https:\/\/compuviper.mx\/tienda\/wp-content\/uploads\/2021\/08\/Logo-Compuviper-10.png","contentUrl":"https:\/\/compuviper.mx\/tienda\/wp-content\/uploads\/2021\/08\/Logo-Compuviper-10.png","width":1000,"height":500,"caption":"Compuviper"},"image":{"@id":"https:\/\/compuviper.mx\/tienda\/#\/schema\/logo\/image\/"},"sameAs":["https:\/\/www.facebook.com\/compuviper","https:\/\/www.youtube.com\/channel\/UCf73dERp9Y3cfOq7q8BhLjA?view_as=subscriber"]}]},"product_brand":"HEWLETT PACKARD ENTERPRISE","product_price_amount":"21564","product_price_currency":"MXN","og_availability":"backorder","product_availability":"available for order","product_retailer_item_id":"881781-B21","product_condition":"new"},"_links":{"self":[{"href":"https:\/\/compuviper.mx\/tienda\/wp-json\/wp\/v2\/product\/218484"}],"collection":[{"href":"https:\/\/compuviper.mx\/tienda\/wp-json\/wp\/v2\/product"}],"about":[{"href":"https:\/\/compuviper.mx\/tienda\/wp-json\/wp\/v2\/types\/product"}],"replies":[{"embeddable":true,"href":"https:\/\/compuviper.mx\/tienda\/wp-json\/wp\/v2\/comments?post=218484"}],"wp:featuredmedia":[{"embeddable":true,"href":"https:\/\/compuviper.mx\/tienda\/wp-json\/wp\/v2\/media\/218485"}],"wp:attachment":[{"href":"https:\/\/compuviper.mx\/tienda\/wp-json\/wp\/v2\/media?parent=218484"}],"wp:term":[{"taxonomy":"product_cat","embeddable":true,"href":"https:\/\/compuviper.mx\/tienda\/wp-json\/wp\/v2\/product_cat?post=218484"},{"taxonomy":"product_tag","embeddable":true,"href":"https:\/\/compuviper.mx\/tienda\/wp-json\/wp\/v2\/product_tag?post=218484"}],"curies":[{"name":"wp","href":"https:\/\/api.w.org\/{rel}","templated":true}]}}