{"id":218482,"date":"2026-04-02T00:35:27","date_gmt":"2026-04-02T06:35:27","guid":{"rendered":"https:\/\/compuviper.mx\/tienda\/producto\/hewlett-packard-enterprise-p19980-b21-disco-duro-ssd-hpe-960-gb-sata-6g-uso-mixto-lff-3-5-pulgadas\/"},"modified":"2026-04-02T00:35:28","modified_gmt":"2026-04-02T06:35:28","slug":"hewlett-packard-enterprise-p19980-b21-disco-duro-ssd-hpe-960-gb-sata-6g-uso-mixto-lff-3-5-pulgadas","status":"publish","type":"product","link":"https:\/\/compuviper.mx\/tienda\/producto\/hewlett-packard-enterprise-p19980-b21-disco-duro-ssd-hpe-960-gb-sata-6g-uso-mixto-lff-3-5-pulgadas\/","title":{"rendered":"Hewlett Packard Enterprise P19980-b21 Disco Duro Ssd Hpe 960 Gb Sata 6g Uso Mixto Lff (3.5 Pulgadas)"},"content":{"rendered":"<table class=\"descripcion\">\n<tr>\n<td>Escrituras durante la vida \u00fatil: 8760<\/td>\n<\/tr>\n<tr>\n<td>Resistencia dwpd (escrituras a la unidad por d\u00eda): 5 5<\/td>\n<\/tr>\n<tr>\n<td>Iops de lectura: iops de lectura aleatoria (4kib, q = 16) = 67 000 iops de lectura aleatoria m\u00e1xima (4kib) = 76 000 a q256<\/td>\n<\/tr>\n<tr>\n<td>Iops de escritura: iops de escritura aleatoria (4kib, q = 16) 52 000 iops de escritura aleatoria m\u00e1xima (4kib) 52 000 a q4<\/td>\n<\/tr>\n<tr>\n<td>Alimentaci\u00f3n (vatios):2,97<\/td>\n<\/tr>\n<tr>\n<td>Tipo de conexi\u00f3n:conexi\u00f3n en caliente<\/td>\n<\/tr>\n<tr>\n<td>Altura: 7 mm<\/td>\n<\/tr>\n<tr>\n<td>Dimensiones m\u00ednimas (alto x ancho x fondo): 14,61 x 22,23 x 13,97 cm<\/td>\n<\/tr>\n<tr>\n<td>Peso: 1,36 kg, 3 libras<\/td>\n<\/tr>\n<tr>\n<td>Garant\u00eda: los ssd hpe y las tarjetas complementarias tienen una garant\u00eda est\u00e1ndar 3\/0\/0<\/td>\n<\/tr>\n<\/table>\n","protected":false},"excerpt":{"rendered":"<p>Los ssd hpe sata de uso mixto (mu) ofrecen caracter\u00edsticas empresariales a un precio asequible. Los ssd hpe sata est\u00e1n sujetos a ofrecer un mayor rendimiento y resistencia en aplicaciones que requieren un alto rendimiento de lectura y escritura aleatoria iops como las bases de datos, la virtualizaci\u00f3n, la computaci\u00f3n en la nube o las aplicaciones transaccionales.<\/p>\n","protected":false},"featured_media":218483,"comment_status":"open","ping_status":"open","template":"","meta":[],"product_cat":[1703,1708],"product_tag":[1568],"acf":[],"yoast_head":"<!-- This site is optimized with the Yoast SEO plugin v21.7 - https:\/\/yoast.com\/wordpress\/plugins\/seo\/ -->\n<title>[ Hewlett Packard Enterprise ] &#129351; P19980-b21 Disco Duro Ssd Hpe 960 Gb Sata 6g Uso Mixto Lff (3.5 Pulgadas)<\/title>\n<meta name=\"description\" content=\"Compra P19980-b21 Disco Duro Ssd Hpe 960 Gb Sata 6g Uso Mixto Lff (3.5 Pulgadas) + Env\u00edo a domicilio + Pago seguro + Garant\u00eda\" \/>\n<meta name=\"robots\" content=\"index, follow, max-snippet:-1, max-image-preview:large, max-video-preview:-1\" \/>\n<link rel=\"canonical\" href=\"https:\/\/compuviper.mx\/tienda\/producto\/hewlett-packard-enterprise-p19980-b21-disco-duro-ssd-hpe-960-gb-sata-6g-uso-mixto-lff-3-5-pulgadas\/\" \/>\n<meta property=\"og:locale\" content=\"es_MX\" \/>\n<meta property=\"og:type\" content=\"article\" \/>\n<meta property=\"og:title\" content=\"[ Hewlett Packard Enterprise ] &#129351; P19980-b21 Disco Duro Ssd Hpe 960 Gb Sata 6g Uso Mixto Lff (3.5 Pulgadas)\" \/>\n<meta property=\"og:description\" content=\"Compra P19980-b21 Disco Duro Ssd Hpe 960 Gb Sata 6g Uso Mixto Lff (3.5 Pulgadas) + Env\u00edo a domicilio + Pago seguro + Garant\u00eda\" \/>\n<meta property=\"og:url\" content=\"https:\/\/compuviper.mx\/tienda\/producto\/hewlett-packard-enterprise-p19980-b21-disco-duro-ssd-hpe-960-gb-sata-6g-uso-mixto-lff-3-5-pulgadas\/\" \/>\n<meta property=\"og:site_name\" content=\"Compuviper\" \/>\n<meta property=\"article:publisher\" content=\"https:\/\/www.facebook.com\/compuviper\" \/>\n<meta property=\"article:modified_time\" content=\"2026-04-02T06:35:28+00:00\" \/>\n<meta property=\"og:image\" content=\"https:\/\/compuviper.mx\/tienda\/wp-content\/uploads\/2023\/12\/Disco-duro-ssd-hpe-960-gb-sata-6g-uso-mixto-lff-3.5-pulgadas.jpg\" \/>\n\t<meta property=\"og:image:width\" content=\"200\" \/>\n\t<meta property=\"og:image:height\" content=\"200\" \/>\n\t<meta property=\"og:image:type\" content=\"image\/jpeg\" \/>\n<meta name=\"twitter:card\" content=\"summary_large_image\" \/>\n<meta name=\"twitter:label1\" content=\"Precio\" \/>\n\t<meta name=\"twitter:data1\" content=\"&#36;17,371 con IVA\" \/>\n\t<meta name=\"twitter:label2\" content=\"Availability\" \/>\n\t<meta name=\"twitter:data2\" content=\"On backorder\" \/>\n<script type=\"application\/ld+json\" class=\"yoast-schema-graph\">{\"@context\":\"https:\/\/schema.org\",\"@graph\":[{\"@type\":\"WebPage\",\"@id\":\"https:\/\/compuviper.mx\/tienda\/producto\/hewlett-packard-enterprise-p19980-b21-disco-duro-ssd-hpe-960-gb-sata-6g-uso-mixto-lff-3-5-pulgadas\/\",\"url\":\"https:\/\/compuviper.mx\/tienda\/producto\/hewlett-packard-enterprise-p19980-b21-disco-duro-ssd-hpe-960-gb-sata-6g-uso-mixto-lff-3-5-pulgadas\/\",\"name\":\"[ Hewlett Packard Enterprise ] &#129351; P19980-b21 Disco Duro Ssd Hpe 960 Gb Sata 6g Uso Mixto Lff (3.5 Pulgadas)\",\"isPartOf\":{\"@id\":\"https:\/\/compuviper.mx\/tienda\/#website\"},\"datePublished\":\"2026-04-02T06:35:27+00:00\",\"dateModified\":\"2026-04-02T06:35:28+00:00\",\"description\":\"Compra P19980-b21 Disco Duro Ssd Hpe 960 Gb Sata 6g Uso Mixto Lff (3.5 Pulgadas) + Env\u00edo a domicilio + Pago seguro + Garant\u00eda\",\"breadcrumb\":{\"@id\":\"https:\/\/compuviper.mx\/tienda\/producto\/hewlett-packard-enterprise-p19980-b21-disco-duro-ssd-hpe-960-gb-sata-6g-uso-mixto-lff-3-5-pulgadas\/#breadcrumb\"},\"inLanguage\":\"es-MX\",\"potentialAction\":[{\"@type\":\"ReadAction\",\"target\":[\"https:\/\/compuviper.mx\/tienda\/producto\/hewlett-packard-enterprise-p19980-b21-disco-duro-ssd-hpe-960-gb-sata-6g-uso-mixto-lff-3-5-pulgadas\/\"]}]},{\"@type\":\"BreadcrumbList\",\"@id\":\"https:\/\/compuviper.mx\/tienda\/producto\/hewlett-packard-enterprise-p19980-b21-disco-duro-ssd-hpe-960-gb-sata-6g-uso-mixto-lff-3-5-pulgadas\/#breadcrumb\",\"itemListElement\":[{\"@type\":\"ListItem\",\"position\":1,\"name\":\"Inicio\",\"item\":\"https:\/\/compuviper.mx\/tienda\/\"},{\"@type\":\"ListItem\",\"position\":2,\"name\":\"Productos\",\"item\":\"https:\/\/compuviper.mx\/tienda\/productos\/\"},{\"@type\":\"ListItem\",\"position\":3,\"name\":\"Discos Duros\",\"item\":\"https:\/\/compuviper.mx\/tienda\/categoria-producto\/discos-duros\/\"},{\"@type\":\"ListItem\",\"position\":4,\"name\":\"Unidad De Estado Solido\",\"item\":\"https:\/\/compuviper.mx\/tienda\/categoria-producto\/discos-duros\/unidad-de-estado-solido\/\"},{\"@type\":\"ListItem\",\"position\":5,\"name\":\"Hewlett Packard Enterprise P19980-b21 Disco Duro Ssd Hpe 960 Gb Sata 6g Uso Mixto Lff (3.5 Pulgadas)\"}]},{\"@type\":\"WebSite\",\"@id\":\"https:\/\/compuviper.mx\/tienda\/#website\",\"url\":\"https:\/\/compuviper.mx\/tienda\/\",\"name\":\"Compuviper\",\"description\":\"Proveedor de Computadoras, Laptops, Servidores, Monitores, Puntos de Venta, Teclados,   Impresoras, T\u00f3ner, C\u00e1maras de Seguridad y m\u00e1s en tu tienda en l\u00ednea\",\"publisher\":{\"@id\":\"https:\/\/compuviper.mx\/tienda\/#organization\"},\"potentialAction\":[{\"@type\":\"SearchAction\",\"target\":{\"@type\":\"EntryPoint\",\"urlTemplate\":\"https:\/\/compuviper.mx\/tienda\/?s={search_term_string}\"},\"query-input\":\"required name=search_term_string\"}],\"inLanguage\":\"es-MX\"},{\"@type\":\"Organization\",\"@id\":\"https:\/\/compuviper.mx\/tienda\/#organization\",\"name\":\"Compuviper\",\"url\":\"https:\/\/compuviper.mx\/tienda\/\",\"logo\":{\"@type\":\"ImageObject\",\"inLanguage\":\"es-MX\",\"@id\":\"https:\/\/compuviper.mx\/tienda\/#\/schema\/logo\/image\/\",\"url\":\"https:\/\/compuviper.mx\/tienda\/wp-content\/uploads\/2021\/08\/Logo-Compuviper-10.png\",\"contentUrl\":\"https:\/\/compuviper.mx\/tienda\/wp-content\/uploads\/2021\/08\/Logo-Compuviper-10.png\",\"width\":1000,\"height\":500,\"caption\":\"Compuviper\"},\"image\":{\"@id\":\"https:\/\/compuviper.mx\/tienda\/#\/schema\/logo\/image\/\"},\"sameAs\":[\"https:\/\/www.facebook.com\/compuviper\",\"https:\/\/www.youtube.com\/channel\/UCf73dERp9Y3cfOq7q8BhLjA?view_as=subscriber\"]}]}<\/script>\n<meta property=\"product:brand\" content=\"HEWLETT PACKARD ENTERPRISE\" \/>\n<meta property=\"product:price:amount\" content=\"17371\" \/>\n<meta property=\"product:price:currency\" content=\"MXN\" \/>\n<meta property=\"og:availability\" content=\"backorder\" \/>\n<meta property=\"product:availability\" content=\"available for order\" \/>\n<meta property=\"product:retailer_item_id\" content=\"P19980-B21\" \/>\n<meta property=\"product:condition\" content=\"new\" \/>\n<!-- \/ Yoast SEO plugin. -->","yoast_head_json":{"title":"[ Hewlett Packard Enterprise ] &#129351; P19980-b21 Disco Duro Ssd Hpe 960 Gb Sata 6g Uso Mixto Lff (3.5 Pulgadas)","description":"Compra P19980-b21 Disco Duro Ssd Hpe 960 Gb Sata 6g Uso Mixto Lff (3.5 Pulgadas) + Env\u00edo a domicilio + Pago seguro + Garant\u00eda","robots":{"index":"index","follow":"follow","max-snippet":"max-snippet:-1","max-image-preview":"max-image-preview:large","max-video-preview":"max-video-preview:-1"},"canonical":"https:\/\/compuviper.mx\/tienda\/producto\/hewlett-packard-enterprise-p19980-b21-disco-duro-ssd-hpe-960-gb-sata-6g-uso-mixto-lff-3-5-pulgadas\/","og_locale":"es_MX","og_type":"article","og_title":"[ Hewlett Packard Enterprise ] &#129351; P19980-b21 Disco Duro Ssd Hpe 960 Gb Sata 6g Uso Mixto Lff (3.5 Pulgadas)","og_description":"Compra P19980-b21 Disco Duro Ssd Hpe 960 Gb Sata 6g Uso Mixto Lff (3.5 Pulgadas) + Env\u00edo a domicilio + Pago seguro + Garant\u00eda","og_url":"https:\/\/compuviper.mx\/tienda\/producto\/hewlett-packard-enterprise-p19980-b21-disco-duro-ssd-hpe-960-gb-sata-6g-uso-mixto-lff-3-5-pulgadas\/","og_site_name":"Compuviper","article_publisher":"https:\/\/www.facebook.com\/compuviper","article_modified_time":"2026-04-02T06:35:28+00:00","og_image":[{"width":200,"height":200,"url":"https:\/\/compuviper.mx\/tienda\/wp-content\/uploads\/2023\/12\/Disco-duro-ssd-hpe-960-gb-sata-6g-uso-mixto-lff-3.5-pulgadas.jpg","type":"image\/jpeg"}],"twitter_card":"summary_large_image","twitter_misc":{"Precio":"&#36;17,371 con IVA","Availability":"On backorder"},"schema":{"@context":"https:\/\/schema.org","@graph":[{"@type":"WebPage","@id":"https:\/\/compuviper.mx\/tienda\/producto\/hewlett-packard-enterprise-p19980-b21-disco-duro-ssd-hpe-960-gb-sata-6g-uso-mixto-lff-3-5-pulgadas\/","url":"https:\/\/compuviper.mx\/tienda\/producto\/hewlett-packard-enterprise-p19980-b21-disco-duro-ssd-hpe-960-gb-sata-6g-uso-mixto-lff-3-5-pulgadas\/","name":"[ Hewlett Packard Enterprise ] &#129351; P19980-b21 Disco Duro Ssd Hpe 960 Gb Sata 6g Uso Mixto Lff (3.5 Pulgadas)","isPartOf":{"@id":"https:\/\/compuviper.mx\/tienda\/#website"},"datePublished":"2026-04-02T06:35:27+00:00","dateModified":"2026-04-02T06:35:28+00:00","description":"Compra P19980-b21 Disco Duro Ssd Hpe 960 Gb Sata 6g Uso Mixto Lff (3.5 Pulgadas) + Env\u00edo a domicilio + Pago seguro + Garant\u00eda","breadcrumb":{"@id":"https:\/\/compuviper.mx\/tienda\/producto\/hewlett-packard-enterprise-p19980-b21-disco-duro-ssd-hpe-960-gb-sata-6g-uso-mixto-lff-3-5-pulgadas\/#breadcrumb"},"inLanguage":"es-MX","potentialAction":[{"@type":"ReadAction","target":["https:\/\/compuviper.mx\/tienda\/producto\/hewlett-packard-enterprise-p19980-b21-disco-duro-ssd-hpe-960-gb-sata-6g-uso-mixto-lff-3-5-pulgadas\/"]}]},{"@type":"BreadcrumbList","@id":"https:\/\/compuviper.mx\/tienda\/producto\/hewlett-packard-enterprise-p19980-b21-disco-duro-ssd-hpe-960-gb-sata-6g-uso-mixto-lff-3-5-pulgadas\/#breadcrumb","itemListElement":[{"@type":"ListItem","position":1,"name":"Inicio","item":"https:\/\/compuviper.mx\/tienda\/"},{"@type":"ListItem","position":2,"name":"Productos","item":"https:\/\/compuviper.mx\/tienda\/productos\/"},{"@type":"ListItem","position":3,"name":"Discos Duros","item":"https:\/\/compuviper.mx\/tienda\/categoria-producto\/discos-duros\/"},{"@type":"ListItem","position":4,"name":"Unidad De Estado Solido","item":"https:\/\/compuviper.mx\/tienda\/categoria-producto\/discos-duros\/unidad-de-estado-solido\/"},{"@type":"ListItem","position":5,"name":"Hewlett Packard Enterprise P19980-b21 Disco Duro Ssd Hpe 960 Gb Sata 6g Uso Mixto Lff (3.5 Pulgadas)"}]},{"@type":"WebSite","@id":"https:\/\/compuviper.mx\/tienda\/#website","url":"https:\/\/compuviper.mx\/tienda\/","name":"Compuviper","description":"Proveedor de Computadoras, Laptops, Servidores, Monitores, Puntos de Venta, Teclados,   Impresoras, T\u00f3ner, C\u00e1maras de Seguridad y m\u00e1s en tu tienda en l\u00ednea","publisher":{"@id":"https:\/\/compuviper.mx\/tienda\/#organization"},"potentialAction":[{"@type":"SearchAction","target":{"@type":"EntryPoint","urlTemplate":"https:\/\/compuviper.mx\/tienda\/?s={search_term_string}"},"query-input":"required name=search_term_string"}],"inLanguage":"es-MX"},{"@type":"Organization","@id":"https:\/\/compuviper.mx\/tienda\/#organization","name":"Compuviper","url":"https:\/\/compuviper.mx\/tienda\/","logo":{"@type":"ImageObject","inLanguage":"es-MX","@id":"https:\/\/compuviper.mx\/tienda\/#\/schema\/logo\/image\/","url":"https:\/\/compuviper.mx\/tienda\/wp-content\/uploads\/2021\/08\/Logo-Compuviper-10.png","contentUrl":"https:\/\/compuviper.mx\/tienda\/wp-content\/uploads\/2021\/08\/Logo-Compuviper-10.png","width":1000,"height":500,"caption":"Compuviper"},"image":{"@id":"https:\/\/compuviper.mx\/tienda\/#\/schema\/logo\/image\/"},"sameAs":["https:\/\/www.facebook.com\/compuviper","https:\/\/www.youtube.com\/channel\/UCf73dERp9Y3cfOq7q8BhLjA?view_as=subscriber"]}]},"product_brand":"HEWLETT PACKARD ENTERPRISE","product_price_amount":"17371","product_price_currency":"MXN","og_availability":"backorder","product_availability":"available for order","product_retailer_item_id":"P19980-B21","product_condition":"new"},"_links":{"self":[{"href":"https:\/\/compuviper.mx\/tienda\/wp-json\/wp\/v2\/product\/218482"}],"collection":[{"href":"https:\/\/compuviper.mx\/tienda\/wp-json\/wp\/v2\/product"}],"about":[{"href":"https:\/\/compuviper.mx\/tienda\/wp-json\/wp\/v2\/types\/product"}],"replies":[{"embeddable":true,"href":"https:\/\/compuviper.mx\/tienda\/wp-json\/wp\/v2\/comments?post=218482"}],"wp:featuredmedia":[{"embeddable":true,"href":"https:\/\/compuviper.mx\/tienda\/wp-json\/wp\/v2\/media\/218483"}],"wp:attachment":[{"href":"https:\/\/compuviper.mx\/tienda\/wp-json\/wp\/v2\/media?parent=218482"}],"wp:term":[{"taxonomy":"product_cat","embeddable":true,"href":"https:\/\/compuviper.mx\/tienda\/wp-json\/wp\/v2\/product_cat?post=218482"},{"taxonomy":"product_tag","embeddable":true,"href":"https:\/\/compuviper.mx\/tienda\/wp-json\/wp\/v2\/product_tag?post=218482"}],"curies":[{"name":"wp","href":"https:\/\/api.w.org\/{rel}","templated":true}]}}