{"id":218364,"date":"2026-04-02T00:35:10","date_gmt":"2026-04-02T06:35:10","guid":{"rendered":"https:\/\/compuviper.mx\/tienda\/producto\/hewlett-packard-enterprise-p04556-b21-disco-duro-hpe-240gb-2-5-ri-ds-sata-6gbps-sc-ssd\/"},"modified":"2026-04-02T00:35:10","modified_gmt":"2026-04-02T06:35:10","slug":"hewlett-packard-enterprise-p04556-b21-disco-duro-hpe-240gb-2-5-ri-ds-sata-6gbps-sc-ssd","status":"publish","type":"product","link":"https:\/\/compuviper.mx\/tienda\/producto\/hewlett-packard-enterprise-p04556-b21-disco-duro-hpe-240gb-2-5-ri-ds-sata-6gbps-sc-ssd\/","title":{"rendered":"Hewlett Packard Enterprise P04556-b21 Disco Duro Hpe 240gb 2.5 Ri Ds Sata 6gbps Sc Ssd"},"content":{"rendered":"<table class=\"descripcion\">\n<tr>\n<td>Informacion tecnica:<\/td>\n<\/tr>\n<tr>\n<td>Ssd de firmware firmado digitalmente hpe de 240 gb, sata, 6 g, sff de lectura intensiva 3,5 pulg., scc, 3 aos de garanta 877748-b21<\/td>\n<\/tr>\n<tr>\n<td>Lectura iops<\/td>\n<\/tr>\n<tr>\n<td>Lectura aleatoria iops 4 kib, q = 16 = 60 000<\/td>\n<\/tr>\n<tr>\n<td>M\u00e1xima lectura aleatoria iops 4 kib = 64 000 a q32<\/td>\n<\/tr>\n<tr>\n<td>Escritura iops<\/td>\n<\/tr>\n<tr>\n<td>Escritura aleatoria iops 4 kib, q = 16 = 20 000<\/td>\n<\/tr>\n<tr>\n<td>M\u00e1xima escritura aleatoria iops 4 kib = 20 000 a q4<\/td>\n<\/tr>\n<\/table>\n","protected":false},"excerpt":{"rendered":"<p>Informacion comercial. Alto rendimiento, fiabilidad excepcional y eficiencia para obtener resultados de negocio m\u00e1s r\u00e1pidos. \u0095las unidades de estado slido ssd del servidor de lectura intensiva ri de hpe son ideales para an\u00e1lisis de big data, computacin en la nube, archivo activo, aplicaciones de bases de datos y almacn de datos. \u0095consigue un iop m\u00e1s alto para mejorar el rendimiento del centro de datos. \u0095mantiene la precisin de los datos con la deteccin de errores de ruta de datos completa. \u0095un amplio portfolio de soluciones optimizadas con capacidades de hasta 3,84 tb y en expansin. \u0095sas de 12 gb, sata de 6 gb, nvme, m.2 y kits de activacin m.2.<\/p>\n","protected":false},"featured_media":218365,"comment_status":"open","ping_status":"open","template":"","meta":[],"product_cat":[1703,1706],"product_tag":[1568],"acf":[],"yoast_head":"<!-- This site is optimized with the Yoast SEO plugin v21.7 - https:\/\/yoast.com\/wordpress\/plugins\/seo\/ -->\n<title>[ Hewlett Packard Enterprise ] &#129351; P04556-b21 Disco Duro Hpe 240gb 2.5 Ri Ds Sata 6gbps Sc Ssd<\/title>\n<meta name=\"description\" content=\"Compra P04556-b21 Disco Duro Hpe 240gb 2.5 Ri Ds Sata 6gbps Sc Ssd + Env\u00edo a domicilio + Pago seguro + Garant\u00eda\" \/>\n<meta name=\"robots\" content=\"index, follow, max-snippet:-1, max-image-preview:large, max-video-preview:-1\" \/>\n<link rel=\"canonical\" href=\"https:\/\/compuviper.mx\/tienda\/producto\/hewlett-packard-enterprise-p04556-b21-disco-duro-hpe-240gb-2-5-ri-ds-sata-6gbps-sc-ssd\/\" \/>\n<meta property=\"og:locale\" content=\"es_MX\" \/>\n<meta property=\"og:type\" content=\"article\" \/>\n<meta property=\"og:title\" content=\"[ Hewlett Packard Enterprise ] &#129351; P04556-b21 Disco Duro Hpe 240gb 2.5 Ri Ds Sata 6gbps Sc Ssd\" \/>\n<meta property=\"og:description\" content=\"Compra P04556-b21 Disco Duro Hpe 240gb 2.5 Ri Ds Sata 6gbps Sc Ssd + Env\u00edo a domicilio + Pago seguro + Garant\u00eda\" \/>\n<meta property=\"og:url\" content=\"https:\/\/compuviper.mx\/tienda\/producto\/hewlett-packard-enterprise-p04556-b21-disco-duro-hpe-240gb-2-5-ri-ds-sata-6gbps-sc-ssd\/\" \/>\n<meta property=\"og:site_name\" content=\"Compuviper\" \/>\n<meta property=\"article:publisher\" content=\"https:\/\/www.facebook.com\/compuviper\" \/>\n<meta property=\"og:image\" content=\"https:\/\/compuviper.mx\/tienda\/wp-content\/uploads\/2023\/12\/Disco-duro-hpe-240gb-2.5-ri-ds-sata-6gbps-sc-ssd.jpg\" \/>\n\t<meta property=\"og:image:width\" content=\"200\" \/>\n\t<meta property=\"og:image:height\" content=\"200\" \/>\n\t<meta property=\"og:image:type\" content=\"image\/jpeg\" \/>\n<meta name=\"twitter:card\" content=\"summary_large_image\" \/>\n<meta name=\"twitter:label1\" content=\"Precio\" \/>\n\t<meta name=\"twitter:data1\" content=\"&#36;7,356 con IVA\" \/>\n\t<meta name=\"twitter:label2\" content=\"Availability\" \/>\n\t<meta name=\"twitter:data2\" content=\"On backorder\" \/>\n<script type=\"application\/ld+json\" class=\"yoast-schema-graph\">{\"@context\":\"https:\/\/schema.org\",\"@graph\":[{\"@type\":\"WebPage\",\"@id\":\"https:\/\/compuviper.mx\/tienda\/producto\/hewlett-packard-enterprise-p04556-b21-disco-duro-hpe-240gb-2-5-ri-ds-sata-6gbps-sc-ssd\/\",\"url\":\"https:\/\/compuviper.mx\/tienda\/producto\/hewlett-packard-enterprise-p04556-b21-disco-duro-hpe-240gb-2-5-ri-ds-sata-6gbps-sc-ssd\/\",\"name\":\"[ Hewlett Packard Enterprise ] &#129351; P04556-b21 Disco Duro Hpe 240gb 2.5 Ri Ds Sata 6gbps Sc Ssd\",\"isPartOf\":{\"@id\":\"https:\/\/compuviper.mx\/tienda\/#website\"},\"datePublished\":\"2026-04-02T06:35:10+00:00\",\"dateModified\":\"2026-04-02T06:35:10+00:00\",\"description\":\"Compra P04556-b21 Disco Duro Hpe 240gb 2.5 Ri Ds Sata 6gbps Sc Ssd + Env\u00edo a domicilio + Pago seguro + Garant\u00eda\",\"breadcrumb\":{\"@id\":\"https:\/\/compuviper.mx\/tienda\/producto\/hewlett-packard-enterprise-p04556-b21-disco-duro-hpe-240gb-2-5-ri-ds-sata-6gbps-sc-ssd\/#breadcrumb\"},\"inLanguage\":\"es-MX\",\"potentialAction\":[{\"@type\":\"ReadAction\",\"target\":[\"https:\/\/compuviper.mx\/tienda\/producto\/hewlett-packard-enterprise-p04556-b21-disco-duro-hpe-240gb-2-5-ri-ds-sata-6gbps-sc-ssd\/\"]}]},{\"@type\":\"BreadcrumbList\",\"@id\":\"https:\/\/compuviper.mx\/tienda\/producto\/hewlett-packard-enterprise-p04556-b21-disco-duro-hpe-240gb-2-5-ri-ds-sata-6gbps-sc-ssd\/#breadcrumb\",\"itemListElement\":[{\"@type\":\"ListItem\",\"position\":1,\"name\":\"Inicio\",\"item\":\"https:\/\/compuviper.mx\/tienda\/\"},{\"@type\":\"ListItem\",\"position\":2,\"name\":\"Productos\",\"item\":\"https:\/\/compuviper.mx\/tienda\/productos\/\"},{\"@type\":\"ListItem\",\"position\":3,\"name\":\"Discos Duros\",\"item\":\"https:\/\/compuviper.mx\/tienda\/categoria-producto\/discos-duros\/\"},{\"@type\":\"ListItem\",\"position\":4,\"name\":\"Disco Duro\",\"item\":\"https:\/\/compuviper.mx\/tienda\/categoria-producto\/discos-duros\/disco-duro\/\"},{\"@type\":\"ListItem\",\"position\":5,\"name\":\"Hewlett Packard Enterprise P04556-b21 Disco Duro Hpe 240gb 2.5 Ri Ds Sata 6gbps Sc Ssd\"}]},{\"@type\":\"WebSite\",\"@id\":\"https:\/\/compuviper.mx\/tienda\/#website\",\"url\":\"https:\/\/compuviper.mx\/tienda\/\",\"name\":\"Compuviper\",\"description\":\"Proveedor de Computadoras, Laptops, Servidores, Monitores, Puntos de Venta, Teclados,   Impresoras, T\u00f3ner, C\u00e1maras de Seguridad y m\u00e1s en tu tienda en l\u00ednea\",\"publisher\":{\"@id\":\"https:\/\/compuviper.mx\/tienda\/#organization\"},\"potentialAction\":[{\"@type\":\"SearchAction\",\"target\":{\"@type\":\"EntryPoint\",\"urlTemplate\":\"https:\/\/compuviper.mx\/tienda\/?s={search_term_string}\"},\"query-input\":\"required name=search_term_string\"}],\"inLanguage\":\"es-MX\"},{\"@type\":\"Organization\",\"@id\":\"https:\/\/compuviper.mx\/tienda\/#organization\",\"name\":\"Compuviper\",\"url\":\"https:\/\/compuviper.mx\/tienda\/\",\"logo\":{\"@type\":\"ImageObject\",\"inLanguage\":\"es-MX\",\"@id\":\"https:\/\/compuviper.mx\/tienda\/#\/schema\/logo\/image\/\",\"url\":\"https:\/\/compuviper.mx\/tienda\/wp-content\/uploads\/2021\/08\/Logo-Compuviper-10.png\",\"contentUrl\":\"https:\/\/compuviper.mx\/tienda\/wp-content\/uploads\/2021\/08\/Logo-Compuviper-10.png\",\"width\":1000,\"height\":500,\"caption\":\"Compuviper\"},\"image\":{\"@id\":\"https:\/\/compuviper.mx\/tienda\/#\/schema\/logo\/image\/\"},\"sameAs\":[\"https:\/\/www.facebook.com\/compuviper\",\"https:\/\/www.youtube.com\/channel\/UCf73dERp9Y3cfOq7q8BhLjA?view_as=subscriber\"]}]}<\/script>\n<meta property=\"product:brand\" content=\"HEWLETT PACKARD ENTERPRISE\" \/>\n<meta property=\"product:price:amount\" content=\"7356\" \/>\n<meta property=\"product:price:currency\" content=\"MXN\" \/>\n<meta property=\"og:availability\" content=\"backorder\" \/>\n<meta property=\"product:availability\" content=\"available for order\" \/>\n<meta property=\"product:retailer_item_id\" content=\"P04556-B21\" \/>\n<meta property=\"product:condition\" content=\"new\" \/>\n<!-- \/ Yoast SEO plugin. -->","yoast_head_json":{"title":"[ Hewlett Packard Enterprise ] &#129351; P04556-b21 Disco Duro Hpe 240gb 2.5 Ri Ds Sata 6gbps Sc Ssd","description":"Compra P04556-b21 Disco Duro Hpe 240gb 2.5 Ri Ds Sata 6gbps Sc Ssd + Env\u00edo a domicilio + Pago seguro + Garant\u00eda","robots":{"index":"index","follow":"follow","max-snippet":"max-snippet:-1","max-image-preview":"max-image-preview:large","max-video-preview":"max-video-preview:-1"},"canonical":"https:\/\/compuviper.mx\/tienda\/producto\/hewlett-packard-enterprise-p04556-b21-disco-duro-hpe-240gb-2-5-ri-ds-sata-6gbps-sc-ssd\/","og_locale":"es_MX","og_type":"article","og_title":"[ Hewlett Packard Enterprise ] &#129351; P04556-b21 Disco Duro Hpe 240gb 2.5 Ri Ds Sata 6gbps Sc Ssd","og_description":"Compra P04556-b21 Disco Duro Hpe 240gb 2.5 Ri Ds Sata 6gbps Sc Ssd + Env\u00edo a domicilio + Pago seguro + Garant\u00eda","og_url":"https:\/\/compuviper.mx\/tienda\/producto\/hewlett-packard-enterprise-p04556-b21-disco-duro-hpe-240gb-2-5-ri-ds-sata-6gbps-sc-ssd\/","og_site_name":"Compuviper","article_publisher":"https:\/\/www.facebook.com\/compuviper","og_image":[{"width":200,"height":200,"url":"https:\/\/compuviper.mx\/tienda\/wp-content\/uploads\/2023\/12\/Disco-duro-hpe-240gb-2.5-ri-ds-sata-6gbps-sc-ssd.jpg","type":"image\/jpeg"}],"twitter_card":"summary_large_image","twitter_misc":{"Precio":"&#36;7,356 con IVA","Availability":"On backorder"},"schema":{"@context":"https:\/\/schema.org","@graph":[{"@type":"WebPage","@id":"https:\/\/compuviper.mx\/tienda\/producto\/hewlett-packard-enterprise-p04556-b21-disco-duro-hpe-240gb-2-5-ri-ds-sata-6gbps-sc-ssd\/","url":"https:\/\/compuviper.mx\/tienda\/producto\/hewlett-packard-enterprise-p04556-b21-disco-duro-hpe-240gb-2-5-ri-ds-sata-6gbps-sc-ssd\/","name":"[ Hewlett Packard Enterprise ] &#129351; P04556-b21 Disco Duro Hpe 240gb 2.5 Ri Ds Sata 6gbps Sc Ssd","isPartOf":{"@id":"https:\/\/compuviper.mx\/tienda\/#website"},"datePublished":"2026-04-02T06:35:10+00:00","dateModified":"2026-04-02T06:35:10+00:00","description":"Compra P04556-b21 Disco Duro Hpe 240gb 2.5 Ri Ds Sata 6gbps Sc Ssd + Env\u00edo a domicilio + Pago seguro + Garant\u00eda","breadcrumb":{"@id":"https:\/\/compuviper.mx\/tienda\/producto\/hewlett-packard-enterprise-p04556-b21-disco-duro-hpe-240gb-2-5-ri-ds-sata-6gbps-sc-ssd\/#breadcrumb"},"inLanguage":"es-MX","potentialAction":[{"@type":"ReadAction","target":["https:\/\/compuviper.mx\/tienda\/producto\/hewlett-packard-enterprise-p04556-b21-disco-duro-hpe-240gb-2-5-ri-ds-sata-6gbps-sc-ssd\/"]}]},{"@type":"BreadcrumbList","@id":"https:\/\/compuviper.mx\/tienda\/producto\/hewlett-packard-enterprise-p04556-b21-disco-duro-hpe-240gb-2-5-ri-ds-sata-6gbps-sc-ssd\/#breadcrumb","itemListElement":[{"@type":"ListItem","position":1,"name":"Inicio","item":"https:\/\/compuviper.mx\/tienda\/"},{"@type":"ListItem","position":2,"name":"Productos","item":"https:\/\/compuviper.mx\/tienda\/productos\/"},{"@type":"ListItem","position":3,"name":"Discos Duros","item":"https:\/\/compuviper.mx\/tienda\/categoria-producto\/discos-duros\/"},{"@type":"ListItem","position":4,"name":"Disco Duro","item":"https:\/\/compuviper.mx\/tienda\/categoria-producto\/discos-duros\/disco-duro\/"},{"@type":"ListItem","position":5,"name":"Hewlett Packard Enterprise P04556-b21 Disco Duro Hpe 240gb 2.5 Ri Ds Sata 6gbps Sc Ssd"}]},{"@type":"WebSite","@id":"https:\/\/compuviper.mx\/tienda\/#website","url":"https:\/\/compuviper.mx\/tienda\/","name":"Compuviper","description":"Proveedor de Computadoras, Laptops, Servidores, Monitores, Puntos de Venta, Teclados,   Impresoras, T\u00f3ner, C\u00e1maras de Seguridad y m\u00e1s en tu tienda en l\u00ednea","publisher":{"@id":"https:\/\/compuviper.mx\/tienda\/#organization"},"potentialAction":[{"@type":"SearchAction","target":{"@type":"EntryPoint","urlTemplate":"https:\/\/compuviper.mx\/tienda\/?s={search_term_string}"},"query-input":"required name=search_term_string"}],"inLanguage":"es-MX"},{"@type":"Organization","@id":"https:\/\/compuviper.mx\/tienda\/#organization","name":"Compuviper","url":"https:\/\/compuviper.mx\/tienda\/","logo":{"@type":"ImageObject","inLanguage":"es-MX","@id":"https:\/\/compuviper.mx\/tienda\/#\/schema\/logo\/image\/","url":"https:\/\/compuviper.mx\/tienda\/wp-content\/uploads\/2021\/08\/Logo-Compuviper-10.png","contentUrl":"https:\/\/compuviper.mx\/tienda\/wp-content\/uploads\/2021\/08\/Logo-Compuviper-10.png","width":1000,"height":500,"caption":"Compuviper"},"image":{"@id":"https:\/\/compuviper.mx\/tienda\/#\/schema\/logo\/image\/"},"sameAs":["https:\/\/www.facebook.com\/compuviper","https:\/\/www.youtube.com\/channel\/UCf73dERp9Y3cfOq7q8BhLjA?view_as=subscriber"]}]},"product_brand":"HEWLETT PACKARD ENTERPRISE","product_price_amount":"7356","product_price_currency":"MXN","og_availability":"backorder","product_availability":"available for order","product_retailer_item_id":"P04556-B21","product_condition":"new"},"_links":{"self":[{"href":"https:\/\/compuviper.mx\/tienda\/wp-json\/wp\/v2\/product\/218364"}],"collection":[{"href":"https:\/\/compuviper.mx\/tienda\/wp-json\/wp\/v2\/product"}],"about":[{"href":"https:\/\/compuviper.mx\/tienda\/wp-json\/wp\/v2\/types\/product"}],"replies":[{"embeddable":true,"href":"https:\/\/compuviper.mx\/tienda\/wp-json\/wp\/v2\/comments?post=218364"}],"wp:featuredmedia":[{"embeddable":true,"href":"https:\/\/compuviper.mx\/tienda\/wp-json\/wp\/v2\/media\/218365"}],"wp:attachment":[{"href":"https:\/\/compuviper.mx\/tienda\/wp-json\/wp\/v2\/media?parent=218364"}],"wp:term":[{"taxonomy":"product_cat","embeddable":true,"href":"https:\/\/compuviper.mx\/tienda\/wp-json\/wp\/v2\/product_cat?post=218364"},{"taxonomy":"product_tag","embeddable":true,"href":"https:\/\/compuviper.mx\/tienda\/wp-json\/wp\/v2\/product_tag?post=218364"}],"curies":[{"name":"wp","href":"https:\/\/api.w.org\/{rel}","templated":true}]}}