{"id":218143,"date":"2026-04-11T00:36:09","date_gmt":"2026-04-11T06:36:09","guid":{"rendered":"https:\/\/compuviper.mx\/tienda\/producto\/hewlett-packard-enterprise-804338-b21-tarjeta-controladora-hpe-smart-array-p816i-a-sr-gen10-ctrlr\/"},"modified":"2026-04-11T00:36:10","modified_gmt":"2026-04-11T06:36:10","slug":"hewlett-packard-enterprise-804338-b21-tarjeta-controladora-hpe-smart-array-p816i-a-sr-gen10-ctrlr","status":"publish","type":"product","link":"https:\/\/compuviper.mx\/tienda\/producto\/hewlett-packard-enterprise-804338-b21-tarjeta-controladora-hpe-smart-array-p816i-a-sr-gen10-ctrlr\/","title":{"rendered":"Hewlett Packard Enterprise 804338-b21 Tarjeta Controladora Hpe Smart Array P816i-a Sr Gen10 Ctrlr"},"content":{"rendered":"<table class=\"descripcion\">\n<tr>\n<td>Tasa de transferencia<\/td>\n<\/tr>\n<tr>\n<td>Sas de 12 gb\/s por l\u00ednea<\/td>\n<\/tr>\n<tr>\n<td>Sata de 6 gb\/s por l\u00ednea<\/td>\n<\/tr>\n<tr>\n<td>Ancho de l\u00ednea pci express 3.0 x8<\/td>\n<\/tr>\n<tr>\n<td>Factor de forma<\/td>\n<\/tr>\n<tr>\n<td>Controlador modular de tipo-a<\/td>\n<\/tr>\n<tr>\n<td>Puertos<\/td>\n<\/tr>\n<tr>\n<td>Interno: 16 lanes sas a trav\u00e9s de 4 x4 puertos mini-sas<\/td>\n<\/tr>\n<tr>\n<td>Cach\u00e9<\/td>\n<\/tr>\n<tr>\n<td>Cach\u00e9 de escritura respaldado por flash de 4 gb<\/td>\n<\/tr>\n<\/table>\n","protected":false},"excerpt":{"rendered":"<p>Servidores soportados. Hpe proliant dl360 gen10. Hpe proliant dl380 gen10. Recursos adicionales. Hpe smart array sr smartcache (incluida con este controlador. Hpe smart array sr secure encryption (licencia opcional. Garant\u00eda. La garant\u00eda para este dispositivo es de 3 a\u00f1os, solo las piezas.<\/p>\n","protected":false},"featured_media":218144,"comment_status":"open","ping_status":"open","template":"","meta":[],"product_cat":[1701,1950],"product_tag":[1568],"acf":[],"yoast_head":"<!-- This site is optimized with the Yoast SEO plugin v21.7 - https:\/\/yoast.com\/wordpress\/plugins\/seo\/ -->\n<title>[ Hewlett Packard Enterprise ] &#129351; 804338-b21 Tarjeta Controladora Hpe Smart Array P816i-a Sr Gen10 Ctrlr<\/title>\n<meta name=\"description\" content=\"Compra 804338-b21 Tarjeta Controladora Hpe Smart Array P816i-a Sr Gen10 Ctrlr + Env\u00edo a domicilio + Pago seguro + Garant\u00eda\" \/>\n<meta name=\"robots\" content=\"index, follow, max-snippet:-1, max-image-preview:large, max-video-preview:-1\" \/>\n<link rel=\"canonical\" href=\"https:\/\/compuviper.mx\/tienda\/producto\/hewlett-packard-enterprise-804338-b21-tarjeta-controladora-hpe-smart-array-p816i-a-sr-gen10-ctrlr\/\" \/>\n<meta property=\"og:locale\" content=\"es_MX\" \/>\n<meta property=\"og:type\" content=\"article\" \/>\n<meta property=\"og:title\" content=\"[ Hewlett Packard Enterprise ] &#129351; 804338-b21 Tarjeta Controladora Hpe Smart Array P816i-a Sr Gen10 Ctrlr\" \/>\n<meta property=\"og:description\" content=\"Compra 804338-b21 Tarjeta Controladora Hpe Smart Array P816i-a Sr Gen10 Ctrlr + Env\u00edo a domicilio + Pago seguro + Garant\u00eda\" \/>\n<meta property=\"og:url\" content=\"https:\/\/compuviper.mx\/tienda\/producto\/hewlett-packard-enterprise-804338-b21-tarjeta-controladora-hpe-smart-array-p816i-a-sr-gen10-ctrlr\/\" \/>\n<meta property=\"og:site_name\" content=\"Compuviper\" \/>\n<meta property=\"article:publisher\" content=\"https:\/\/www.facebook.com\/compuviper\" \/>\n<meta property=\"article:modified_time\" content=\"2026-04-11T06:36:10+00:00\" \/>\n<meta property=\"og:image\" content=\"https:\/\/compuviper.mx\/tienda\/wp-content\/uploads\/2023\/12\/Tarjeta-controladora-hpe-smart-array-p816i-a-sr-gen10-ctrlr.jpg\" \/>\n\t<meta property=\"og:image:width\" content=\"200\" \/>\n\t<meta property=\"og:image:height\" content=\"200\" \/>\n\t<meta property=\"og:image:type\" content=\"image\/jpeg\" \/>\n<meta name=\"twitter:card\" content=\"summary_large_image\" \/>\n<meta name=\"twitter:label1\" content=\"Precio\" \/>\n\t<meta name=\"twitter:data1\" content=\"&#36;73,934 con IVA\" \/>\n\t<meta name=\"twitter:label2\" content=\"Availability\" \/>\n\t<meta name=\"twitter:data2\" content=\"On backorder\" \/>\n<script type=\"application\/ld+json\" class=\"yoast-schema-graph\">{\"@context\":\"https:\/\/schema.org\",\"@graph\":[{\"@type\":\"WebPage\",\"@id\":\"https:\/\/compuviper.mx\/tienda\/producto\/hewlett-packard-enterprise-804338-b21-tarjeta-controladora-hpe-smart-array-p816i-a-sr-gen10-ctrlr\/\",\"url\":\"https:\/\/compuviper.mx\/tienda\/producto\/hewlett-packard-enterprise-804338-b21-tarjeta-controladora-hpe-smart-array-p816i-a-sr-gen10-ctrlr\/\",\"name\":\"[ Hewlett Packard Enterprise ] &#129351; 804338-b21 Tarjeta Controladora Hpe Smart Array P816i-a Sr Gen10 Ctrlr\",\"isPartOf\":{\"@id\":\"https:\/\/compuviper.mx\/tienda\/#website\"},\"datePublished\":\"2026-04-11T06:36:09+00:00\",\"dateModified\":\"2026-04-11T06:36:10+00:00\",\"description\":\"Compra 804338-b21 Tarjeta Controladora Hpe Smart Array P816i-a Sr Gen10 Ctrlr + Env\u00edo a domicilio + Pago seguro + Garant\u00eda\",\"breadcrumb\":{\"@id\":\"https:\/\/compuviper.mx\/tienda\/producto\/hewlett-packard-enterprise-804338-b21-tarjeta-controladora-hpe-smart-array-p816i-a-sr-gen10-ctrlr\/#breadcrumb\"},\"inLanguage\":\"es-MX\",\"potentialAction\":[{\"@type\":\"ReadAction\",\"target\":[\"https:\/\/compuviper.mx\/tienda\/producto\/hewlett-packard-enterprise-804338-b21-tarjeta-controladora-hpe-smart-array-p816i-a-sr-gen10-ctrlr\/\"]}]},{\"@type\":\"BreadcrumbList\",\"@id\":\"https:\/\/compuviper.mx\/tienda\/producto\/hewlett-packard-enterprise-804338-b21-tarjeta-controladora-hpe-smart-array-p816i-a-sr-gen10-ctrlr\/#breadcrumb\",\"itemListElement\":[{\"@type\":\"ListItem\",\"position\":1,\"name\":\"Inicio\",\"item\":\"https:\/\/compuviper.mx\/tienda\/\"},{\"@type\":\"ListItem\",\"position\":2,\"name\":\"Productos\",\"item\":\"https:\/\/compuviper.mx\/tienda\/productos\/\"},{\"@type\":\"ListItem\",\"position\":3,\"name\":\"Tarjeta Controladora\",\"item\":\"https:\/\/compuviper.mx\/tienda\/categoria-producto\/tarjeta-controladora\/\"},{\"@type\":\"ListItem\",\"position\":4,\"name\":\"Sata\/sas\",\"item\":\"https:\/\/compuviper.mx\/tienda\/categoria-producto\/tarjeta-controladora\/sata-sas\/\"},{\"@type\":\"ListItem\",\"position\":5,\"name\":\"Hewlett Packard Enterprise 804338-b21 Tarjeta Controladora Hpe Smart Array P816i-a Sr Gen10 Ctrlr\"}]},{\"@type\":\"WebSite\",\"@id\":\"https:\/\/compuviper.mx\/tienda\/#website\",\"url\":\"https:\/\/compuviper.mx\/tienda\/\",\"name\":\"Compuviper\",\"description\":\"Proveedor de Computadoras, Laptops, Servidores, Monitores, Puntos de Venta, Teclados,   Impresoras, T\u00f3ner, C\u00e1maras de Seguridad y m\u00e1s en tu tienda en l\u00ednea\",\"publisher\":{\"@id\":\"https:\/\/compuviper.mx\/tienda\/#organization\"},\"potentialAction\":[{\"@type\":\"SearchAction\",\"target\":{\"@type\":\"EntryPoint\",\"urlTemplate\":\"https:\/\/compuviper.mx\/tienda\/?s={search_term_string}\"},\"query-input\":\"required name=search_term_string\"}],\"inLanguage\":\"es-MX\"},{\"@type\":\"Organization\",\"@id\":\"https:\/\/compuviper.mx\/tienda\/#organization\",\"name\":\"Compuviper\",\"url\":\"https:\/\/compuviper.mx\/tienda\/\",\"logo\":{\"@type\":\"ImageObject\",\"inLanguage\":\"es-MX\",\"@id\":\"https:\/\/compuviper.mx\/tienda\/#\/schema\/logo\/image\/\",\"url\":\"https:\/\/compuviper.mx\/tienda\/wp-content\/uploads\/2021\/08\/Logo-Compuviper-10.png\",\"contentUrl\":\"https:\/\/compuviper.mx\/tienda\/wp-content\/uploads\/2021\/08\/Logo-Compuviper-10.png\",\"width\":1000,\"height\":500,\"caption\":\"Compuviper\"},\"image\":{\"@id\":\"https:\/\/compuviper.mx\/tienda\/#\/schema\/logo\/image\/\"},\"sameAs\":[\"https:\/\/www.facebook.com\/compuviper\",\"https:\/\/www.youtube.com\/channel\/UCf73dERp9Y3cfOq7q8BhLjA?view_as=subscriber\"]}]}<\/script>\n<meta property=\"product:brand\" content=\"HEWLETT PACKARD ENTERPRISE\" \/>\n<meta property=\"product:price:amount\" content=\"73934\" \/>\n<meta property=\"product:price:currency\" content=\"MXN\" \/>\n<meta property=\"og:availability\" content=\"backorder\" \/>\n<meta property=\"product:availability\" content=\"available for order\" \/>\n<meta property=\"product:retailer_item_id\" content=\"804338-B21\" \/>\n<meta property=\"product:condition\" content=\"new\" \/>\n<!-- \/ Yoast SEO plugin. -->","yoast_head_json":{"title":"[ Hewlett Packard Enterprise ] &#129351; 804338-b21 Tarjeta Controladora Hpe Smart Array P816i-a Sr Gen10 Ctrlr","description":"Compra 804338-b21 Tarjeta Controladora Hpe Smart Array P816i-a Sr Gen10 Ctrlr + Env\u00edo a domicilio + Pago seguro + Garant\u00eda","robots":{"index":"index","follow":"follow","max-snippet":"max-snippet:-1","max-image-preview":"max-image-preview:large","max-video-preview":"max-video-preview:-1"},"canonical":"https:\/\/compuviper.mx\/tienda\/producto\/hewlett-packard-enterprise-804338-b21-tarjeta-controladora-hpe-smart-array-p816i-a-sr-gen10-ctrlr\/","og_locale":"es_MX","og_type":"article","og_title":"[ Hewlett Packard Enterprise ] &#129351; 804338-b21 Tarjeta Controladora Hpe Smart Array P816i-a Sr Gen10 Ctrlr","og_description":"Compra 804338-b21 Tarjeta Controladora Hpe Smart Array P816i-a Sr Gen10 Ctrlr + Env\u00edo a domicilio + Pago seguro + Garant\u00eda","og_url":"https:\/\/compuviper.mx\/tienda\/producto\/hewlett-packard-enterprise-804338-b21-tarjeta-controladora-hpe-smart-array-p816i-a-sr-gen10-ctrlr\/","og_site_name":"Compuviper","article_publisher":"https:\/\/www.facebook.com\/compuviper","article_modified_time":"2026-04-11T06:36:10+00:00","og_image":[{"width":200,"height":200,"url":"https:\/\/compuviper.mx\/tienda\/wp-content\/uploads\/2023\/12\/Tarjeta-controladora-hpe-smart-array-p816i-a-sr-gen10-ctrlr.jpg","type":"image\/jpeg"}],"twitter_card":"summary_large_image","twitter_misc":{"Precio":"&#36;73,934 con IVA","Availability":"On backorder"},"schema":{"@context":"https:\/\/schema.org","@graph":[{"@type":"WebPage","@id":"https:\/\/compuviper.mx\/tienda\/producto\/hewlett-packard-enterprise-804338-b21-tarjeta-controladora-hpe-smart-array-p816i-a-sr-gen10-ctrlr\/","url":"https:\/\/compuviper.mx\/tienda\/producto\/hewlett-packard-enterprise-804338-b21-tarjeta-controladora-hpe-smart-array-p816i-a-sr-gen10-ctrlr\/","name":"[ Hewlett Packard Enterprise ] &#129351; 804338-b21 Tarjeta Controladora Hpe Smart Array P816i-a Sr Gen10 Ctrlr","isPartOf":{"@id":"https:\/\/compuviper.mx\/tienda\/#website"},"datePublished":"2026-04-11T06:36:09+00:00","dateModified":"2026-04-11T06:36:10+00:00","description":"Compra 804338-b21 Tarjeta Controladora Hpe Smart Array P816i-a Sr Gen10 Ctrlr + Env\u00edo a domicilio + Pago seguro + Garant\u00eda","breadcrumb":{"@id":"https:\/\/compuviper.mx\/tienda\/producto\/hewlett-packard-enterprise-804338-b21-tarjeta-controladora-hpe-smart-array-p816i-a-sr-gen10-ctrlr\/#breadcrumb"},"inLanguage":"es-MX","potentialAction":[{"@type":"ReadAction","target":["https:\/\/compuviper.mx\/tienda\/producto\/hewlett-packard-enterprise-804338-b21-tarjeta-controladora-hpe-smart-array-p816i-a-sr-gen10-ctrlr\/"]}]},{"@type":"BreadcrumbList","@id":"https:\/\/compuviper.mx\/tienda\/producto\/hewlett-packard-enterprise-804338-b21-tarjeta-controladora-hpe-smart-array-p816i-a-sr-gen10-ctrlr\/#breadcrumb","itemListElement":[{"@type":"ListItem","position":1,"name":"Inicio","item":"https:\/\/compuviper.mx\/tienda\/"},{"@type":"ListItem","position":2,"name":"Productos","item":"https:\/\/compuviper.mx\/tienda\/productos\/"},{"@type":"ListItem","position":3,"name":"Tarjeta Controladora","item":"https:\/\/compuviper.mx\/tienda\/categoria-producto\/tarjeta-controladora\/"},{"@type":"ListItem","position":4,"name":"Sata\/sas","item":"https:\/\/compuviper.mx\/tienda\/categoria-producto\/tarjeta-controladora\/sata-sas\/"},{"@type":"ListItem","position":5,"name":"Hewlett Packard Enterprise 804338-b21 Tarjeta Controladora Hpe Smart Array P816i-a Sr Gen10 Ctrlr"}]},{"@type":"WebSite","@id":"https:\/\/compuviper.mx\/tienda\/#website","url":"https:\/\/compuviper.mx\/tienda\/","name":"Compuviper","description":"Proveedor de Computadoras, Laptops, Servidores, Monitores, Puntos de Venta, Teclados,   Impresoras, T\u00f3ner, C\u00e1maras de Seguridad y m\u00e1s en tu tienda en l\u00ednea","publisher":{"@id":"https:\/\/compuviper.mx\/tienda\/#organization"},"potentialAction":[{"@type":"SearchAction","target":{"@type":"EntryPoint","urlTemplate":"https:\/\/compuviper.mx\/tienda\/?s={search_term_string}"},"query-input":"required name=search_term_string"}],"inLanguage":"es-MX"},{"@type":"Organization","@id":"https:\/\/compuviper.mx\/tienda\/#organization","name":"Compuviper","url":"https:\/\/compuviper.mx\/tienda\/","logo":{"@type":"ImageObject","inLanguage":"es-MX","@id":"https:\/\/compuviper.mx\/tienda\/#\/schema\/logo\/image\/","url":"https:\/\/compuviper.mx\/tienda\/wp-content\/uploads\/2021\/08\/Logo-Compuviper-10.png","contentUrl":"https:\/\/compuviper.mx\/tienda\/wp-content\/uploads\/2021\/08\/Logo-Compuviper-10.png","width":1000,"height":500,"caption":"Compuviper"},"image":{"@id":"https:\/\/compuviper.mx\/tienda\/#\/schema\/logo\/image\/"},"sameAs":["https:\/\/www.facebook.com\/compuviper","https:\/\/www.youtube.com\/channel\/UCf73dERp9Y3cfOq7q8BhLjA?view_as=subscriber"]}]},"product_brand":"HEWLETT PACKARD ENTERPRISE","product_price_amount":"73934","product_price_currency":"MXN","og_availability":"backorder","product_availability":"available for order","product_retailer_item_id":"804338-B21","product_condition":"new"},"_links":{"self":[{"href":"https:\/\/compuviper.mx\/tienda\/wp-json\/wp\/v2\/product\/218143"}],"collection":[{"href":"https:\/\/compuviper.mx\/tienda\/wp-json\/wp\/v2\/product"}],"about":[{"href":"https:\/\/compuviper.mx\/tienda\/wp-json\/wp\/v2\/types\/product"}],"replies":[{"embeddable":true,"href":"https:\/\/compuviper.mx\/tienda\/wp-json\/wp\/v2\/comments?post=218143"}],"wp:featuredmedia":[{"embeddable":true,"href":"https:\/\/compuviper.mx\/tienda\/wp-json\/wp\/v2\/media\/218144"}],"wp:attachment":[{"href":"https:\/\/compuviper.mx\/tienda\/wp-json\/wp\/v2\/media?parent=218143"}],"wp:term":[{"taxonomy":"product_cat","embeddable":true,"href":"https:\/\/compuviper.mx\/tienda\/wp-json\/wp\/v2\/product_cat?post=218143"},{"taxonomy":"product_tag","embeddable":true,"href":"https:\/\/compuviper.mx\/tienda\/wp-json\/wp\/v2\/product_tag?post=218143"}],"curies":[{"name":"wp","href":"https:\/\/api.w.org\/{rel}","templated":true}]}}