{"id":218135,"date":"2026-04-11T00:36:07","date_gmt":"2026-04-11T06:36:07","guid":{"rendered":"https:\/\/compuviper.mx\/tienda\/producto\/hewlett-packard-enterprise-830824-b21-tarjeta-controladora-interna-plug-in-pcie-hpe-smart-array-p408i-p-sr-gen10-12-g-sas\/"},"modified":"2026-04-11T00:36:08","modified_gmt":"2026-04-11T06:36:08","slug":"hewlett-packard-enterprise-830824-b21-tarjeta-controladora-interna-plug-in-pcie-hpe-smart-array-p408i-p-sr-gen10-12-g-sas","status":"publish","type":"product","link":"https:\/\/compuviper.mx\/tienda\/producto\/hewlett-packard-enterprise-830824-b21-tarjeta-controladora-interna-plug-in-pcie-hpe-smart-array-p408i-p-sr-gen10-12-g-sas\/","title":{"rendered":"Hewlett Packard Enterprise 830824-b21 Tarjeta Controladora Interna Plug-in Pcie Hpe Smart Array P408i-p Sr Gen10 12 G Sas"},"content":{"rendered":"<table class=\"descripcion\">\n<tr>\n<td>Especificaciones tcnicas<\/td>\n<\/tr>\n<tr>\n<td>Tasa de transferencia:<\/td>\n<\/tr>\n<tr>\n<td>12gb\/s sas per lane<\/td>\n<\/tr>\n<tr>\n<td>6gb\/s sata per lane<\/td>\n<\/tr>\n<tr>\n<td>Pci express 3.0 x8 lane width<\/td>\n<\/tr>\n<tr>\n<td>Factor de forma:<\/td>\n<\/tr>\n<tr>\n<td>Controladora estandar pcie plug-in<\/td>\n<\/tr>\n<tr>\n<td>Puertos:<\/td>\n<\/tr>\n<tr>\n<td>Interno 8 sas lanes across 2 x4 mini-sas ports<\/td>\n<\/tr>\n<tr>\n<td>Cache:<\/td>\n<\/tr>\n<tr>\n<td>2 gb de cache de escritura flash-backed<\/td>\n<\/tr>\n<tr>\n<td>Niveles de raid:<\/td>\n<\/tr>\n<tr>\n<td>0, 1, 5, 6, 10, 50, 60, 1 adm, 10 adm<\/td>\n<\/tr>\n<tr>\n<td>Servidores soportados:<\/td>\n<\/tr>\n<tr>\n<td>Hpe proliant dl360 gen10<\/td>\n<\/tr>\n<tr>\n<td>Hpe proliant dl380 gen10<\/td>\n<\/tr>\n<tr>\n<td>Hpe proliant dl560 gen10<\/td>\n<\/tr>\n<tr>\n<td>Hpe proliant dl580 gen10<\/td>\n<\/tr>\n<tr>\n<td>Hpe proliant ml110 gen10<\/td>\n<\/tr>\n<tr>\n<td>Hpe proliant ml350 gen10<\/td>\n<\/tr>\n<tr>\n<td>Hpe proliant xl170r gen10<\/td>\n<\/tr>\n<tr>\n<td>Hpe proliant xl190r gen10<\/td>\n<\/tr>\n<tr>\n<td>Hpe proliant xl230k gen10<\/td>\n<\/tr>\n<tr>\n<td>Certificaciones:<\/td>\n<\/tr>\n<tr>\n<td>Fips 140-2 nivel 1 implementacion bajos pruebas con validacin esperada in 2018<\/td>\n<\/tr>\n<tr>\n<td>Garantia:<\/td>\n<\/tr>\n<tr>\n<td>3 aos<\/td>\n<\/tr>\n<\/table>\n","protected":false},"excerpt":{"rendered":"<p>El controlador hpe smart array p408i-p sr gen10 es un controladora raid de clase empresarial que aumenta el rendimiento en las aplicaciones de mensajera, base de datos o de servicios generales y tiene la conectividad sas de 12 gb \/ s en los servidores hpo proliant gen10 cuando se conectan a 12 gb\/s en dispositivos de almacenamiento. Aumenta el rendimiento con cache de escritura flash de 2 gb y reduce la latencia en aplicaciones inteligentes que requieren la carga pesada como bases de datos. Mejora el rendimiento en los ambientes de almacenamiento donde los datos se leen repetidamente de un gran numero de ssds usando hpe ssd smart path para crear una ruta de e\/s m\u00e1s r\u00e1pida entre el controlador y el ssd.<\/p>\n","protected":false},"featured_media":218136,"comment_status":"open","ping_status":"open","template":"","meta":[],"product_cat":[1701,1950],"product_tag":[1568],"acf":[],"yoast_head":"<!-- This site is optimized with the Yoast SEO plugin v21.7 - https:\/\/yoast.com\/wordpress\/plugins\/seo\/ -->\n<title>[ Hewlett Packard Enterprise ] &#129351; 830824-b21 Tarjeta Controladora Interna Plug-in Pcie Hpe Smart Array P408i-p Sr Gen10 12 G Sas<\/title>\n<meta name=\"description\" content=\"Compra 830824-b21 Tarjeta Controladora Interna Plug-in Pcie Hpe Smart Array P408i-p Sr Gen10 12 G Sas + Env\u00edo a domicilio + Pago seguro + Garant\u00eda\" \/>\n<meta name=\"robots\" content=\"index, follow, max-snippet:-1, max-image-preview:large, max-video-preview:-1\" \/>\n<link rel=\"canonical\" href=\"https:\/\/compuviper.mx\/tienda\/producto\/hewlett-packard-enterprise-830824-b21-tarjeta-controladora-interna-plug-in-pcie-hpe-smart-array-p408i-p-sr-gen10-12-g-sas\/\" \/>\n<meta property=\"og:locale\" content=\"es_MX\" \/>\n<meta property=\"og:type\" content=\"article\" \/>\n<meta property=\"og:title\" content=\"[ Hewlett Packard Enterprise ] &#129351; 830824-b21 Tarjeta Controladora Interna Plug-in Pcie Hpe Smart Array P408i-p Sr Gen10 12 G Sas\" \/>\n<meta property=\"og:description\" content=\"Compra 830824-b21 Tarjeta Controladora Interna Plug-in Pcie Hpe Smart Array P408i-p Sr Gen10 12 G Sas + Env\u00edo a domicilio + Pago seguro + Garant\u00eda\" \/>\n<meta property=\"og:url\" content=\"https:\/\/compuviper.mx\/tienda\/producto\/hewlett-packard-enterprise-830824-b21-tarjeta-controladora-interna-plug-in-pcie-hpe-smart-array-p408i-p-sr-gen10-12-g-sas\/\" \/>\n<meta property=\"og:site_name\" content=\"Compuviper\" \/>\n<meta property=\"article:publisher\" content=\"https:\/\/www.facebook.com\/compuviper\" \/>\n<meta property=\"article:modified_time\" content=\"2026-04-11T06:36:08+00:00\" \/>\n<meta property=\"og:image\" content=\"https:\/\/compuviper.mx\/tienda\/wp-content\/uploads\/2023\/12\/Tarjeta-controladora-interna-plug-in-pcie-hpe-smart-array-p408i-p-sr-gen10-12-g-sas.jpg\" \/>\n\t<meta property=\"og:image:width\" content=\"200\" \/>\n\t<meta property=\"og:image:height\" content=\"200\" \/>\n\t<meta property=\"og:image:type\" content=\"image\/jpeg\" \/>\n<meta name=\"twitter:card\" content=\"summary_large_image\" \/>\n<meta name=\"twitter:label1\" content=\"Precio\" \/>\n\t<meta name=\"twitter:data1\" content=\"&#36;56,622 con IVA\" \/>\n\t<meta name=\"twitter:label2\" content=\"Availability\" \/>\n\t<meta name=\"twitter:data2\" content=\"On backorder\" \/>\n<script type=\"application\/ld+json\" class=\"yoast-schema-graph\">{\"@context\":\"https:\/\/schema.org\",\"@graph\":[{\"@type\":\"WebPage\",\"@id\":\"https:\/\/compuviper.mx\/tienda\/producto\/hewlett-packard-enterprise-830824-b21-tarjeta-controladora-interna-plug-in-pcie-hpe-smart-array-p408i-p-sr-gen10-12-g-sas\/\",\"url\":\"https:\/\/compuviper.mx\/tienda\/producto\/hewlett-packard-enterprise-830824-b21-tarjeta-controladora-interna-plug-in-pcie-hpe-smart-array-p408i-p-sr-gen10-12-g-sas\/\",\"name\":\"[ Hewlett Packard Enterprise ] &#129351; 830824-b21 Tarjeta Controladora Interna Plug-in Pcie Hpe Smart Array P408i-p Sr Gen10 12 G Sas\",\"isPartOf\":{\"@id\":\"https:\/\/compuviper.mx\/tienda\/#website\"},\"datePublished\":\"2026-04-11T06:36:07+00:00\",\"dateModified\":\"2026-04-11T06:36:08+00:00\",\"description\":\"Compra 830824-b21 Tarjeta Controladora Interna Plug-in Pcie Hpe Smart Array P408i-p Sr Gen10 12 G Sas + Env\u00edo a domicilio + Pago seguro + Garant\u00eda\",\"breadcrumb\":{\"@id\":\"https:\/\/compuviper.mx\/tienda\/producto\/hewlett-packard-enterprise-830824-b21-tarjeta-controladora-interna-plug-in-pcie-hpe-smart-array-p408i-p-sr-gen10-12-g-sas\/#breadcrumb\"},\"inLanguage\":\"es-MX\",\"potentialAction\":[{\"@type\":\"ReadAction\",\"target\":[\"https:\/\/compuviper.mx\/tienda\/producto\/hewlett-packard-enterprise-830824-b21-tarjeta-controladora-interna-plug-in-pcie-hpe-smart-array-p408i-p-sr-gen10-12-g-sas\/\"]}]},{\"@type\":\"BreadcrumbList\",\"@id\":\"https:\/\/compuviper.mx\/tienda\/producto\/hewlett-packard-enterprise-830824-b21-tarjeta-controladora-interna-plug-in-pcie-hpe-smart-array-p408i-p-sr-gen10-12-g-sas\/#breadcrumb\",\"itemListElement\":[{\"@type\":\"ListItem\",\"position\":1,\"name\":\"Inicio\",\"item\":\"https:\/\/compuviper.mx\/tienda\/\"},{\"@type\":\"ListItem\",\"position\":2,\"name\":\"Productos\",\"item\":\"https:\/\/compuviper.mx\/tienda\/productos\/\"},{\"@type\":\"ListItem\",\"position\":3,\"name\":\"Tarjeta Controladora\",\"item\":\"https:\/\/compuviper.mx\/tienda\/categoria-producto\/tarjeta-controladora\/\"},{\"@type\":\"ListItem\",\"position\":4,\"name\":\"Sata\/sas\",\"item\":\"https:\/\/compuviper.mx\/tienda\/categoria-producto\/tarjeta-controladora\/sata-sas\/\"},{\"@type\":\"ListItem\",\"position\":5,\"name\":\"Hewlett Packard Enterprise 830824-b21 Tarjeta Controladora Interna Plug-in Pcie Hpe Smart Array P408i-p Sr Gen10 12 G Sas\"}]},{\"@type\":\"WebSite\",\"@id\":\"https:\/\/compuviper.mx\/tienda\/#website\",\"url\":\"https:\/\/compuviper.mx\/tienda\/\",\"name\":\"Compuviper\",\"description\":\"Proveedor de Computadoras, Laptops, Servidores, Monitores, Puntos de Venta, Teclados,   Impresoras, T\u00f3ner, C\u00e1maras de Seguridad y m\u00e1s en tu tienda en l\u00ednea\",\"publisher\":{\"@id\":\"https:\/\/compuviper.mx\/tienda\/#organization\"},\"potentialAction\":[{\"@type\":\"SearchAction\",\"target\":{\"@type\":\"EntryPoint\",\"urlTemplate\":\"https:\/\/compuviper.mx\/tienda\/?s={search_term_string}\"},\"query-input\":\"required name=search_term_string\"}],\"inLanguage\":\"es-MX\"},{\"@type\":\"Organization\",\"@id\":\"https:\/\/compuviper.mx\/tienda\/#organization\",\"name\":\"Compuviper\",\"url\":\"https:\/\/compuviper.mx\/tienda\/\",\"logo\":{\"@type\":\"ImageObject\",\"inLanguage\":\"es-MX\",\"@id\":\"https:\/\/compuviper.mx\/tienda\/#\/schema\/logo\/image\/\",\"url\":\"https:\/\/compuviper.mx\/tienda\/wp-content\/uploads\/2021\/08\/Logo-Compuviper-10.png\",\"contentUrl\":\"https:\/\/compuviper.mx\/tienda\/wp-content\/uploads\/2021\/08\/Logo-Compuviper-10.png\",\"width\":1000,\"height\":500,\"caption\":\"Compuviper\"},\"image\":{\"@id\":\"https:\/\/compuviper.mx\/tienda\/#\/schema\/logo\/image\/\"},\"sameAs\":[\"https:\/\/www.facebook.com\/compuviper\",\"https:\/\/www.youtube.com\/channel\/UCf73dERp9Y3cfOq7q8BhLjA?view_as=subscriber\"]}]}<\/script>\n<meta property=\"product:brand\" content=\"HEWLETT PACKARD ENTERPRISE\" \/>\n<meta property=\"product:price:amount\" content=\"56622\" \/>\n<meta property=\"product:price:currency\" content=\"MXN\" \/>\n<meta property=\"og:availability\" content=\"backorder\" \/>\n<meta property=\"product:availability\" content=\"available for order\" \/>\n<meta property=\"product:retailer_item_id\" content=\"830824-B21\" \/>\n<meta property=\"product:condition\" content=\"new\" \/>\n<!-- \/ Yoast SEO plugin. -->","yoast_head_json":{"title":"[ Hewlett Packard Enterprise ] &#129351; 830824-b21 Tarjeta Controladora Interna Plug-in Pcie Hpe Smart Array P408i-p Sr Gen10 12 G Sas","description":"Compra 830824-b21 Tarjeta Controladora Interna Plug-in Pcie Hpe Smart Array P408i-p Sr Gen10 12 G Sas + Env\u00edo a domicilio + Pago seguro + Garant\u00eda","robots":{"index":"index","follow":"follow","max-snippet":"max-snippet:-1","max-image-preview":"max-image-preview:large","max-video-preview":"max-video-preview:-1"},"canonical":"https:\/\/compuviper.mx\/tienda\/producto\/hewlett-packard-enterprise-830824-b21-tarjeta-controladora-interna-plug-in-pcie-hpe-smart-array-p408i-p-sr-gen10-12-g-sas\/","og_locale":"es_MX","og_type":"article","og_title":"[ Hewlett Packard Enterprise ] &#129351; 830824-b21 Tarjeta Controladora Interna Plug-in Pcie Hpe Smart Array P408i-p Sr Gen10 12 G Sas","og_description":"Compra 830824-b21 Tarjeta Controladora Interna Plug-in Pcie Hpe Smart Array P408i-p Sr Gen10 12 G Sas + Env\u00edo a domicilio + Pago seguro + Garant\u00eda","og_url":"https:\/\/compuviper.mx\/tienda\/producto\/hewlett-packard-enterprise-830824-b21-tarjeta-controladora-interna-plug-in-pcie-hpe-smart-array-p408i-p-sr-gen10-12-g-sas\/","og_site_name":"Compuviper","article_publisher":"https:\/\/www.facebook.com\/compuviper","article_modified_time":"2026-04-11T06:36:08+00:00","og_image":[{"width":200,"height":200,"url":"https:\/\/compuviper.mx\/tienda\/wp-content\/uploads\/2023\/12\/Tarjeta-controladora-interna-plug-in-pcie-hpe-smart-array-p408i-p-sr-gen10-12-g-sas.jpg","type":"image\/jpeg"}],"twitter_card":"summary_large_image","twitter_misc":{"Precio":"&#36;56,622 con IVA","Availability":"On backorder"},"schema":{"@context":"https:\/\/schema.org","@graph":[{"@type":"WebPage","@id":"https:\/\/compuviper.mx\/tienda\/producto\/hewlett-packard-enterprise-830824-b21-tarjeta-controladora-interna-plug-in-pcie-hpe-smart-array-p408i-p-sr-gen10-12-g-sas\/","url":"https:\/\/compuviper.mx\/tienda\/producto\/hewlett-packard-enterprise-830824-b21-tarjeta-controladora-interna-plug-in-pcie-hpe-smart-array-p408i-p-sr-gen10-12-g-sas\/","name":"[ Hewlett Packard Enterprise ] &#129351; 830824-b21 Tarjeta Controladora Interna Plug-in Pcie Hpe Smart Array P408i-p Sr Gen10 12 G Sas","isPartOf":{"@id":"https:\/\/compuviper.mx\/tienda\/#website"},"datePublished":"2026-04-11T06:36:07+00:00","dateModified":"2026-04-11T06:36:08+00:00","description":"Compra 830824-b21 Tarjeta Controladora Interna Plug-in Pcie Hpe Smart Array P408i-p Sr Gen10 12 G Sas + Env\u00edo a domicilio + Pago seguro + Garant\u00eda","breadcrumb":{"@id":"https:\/\/compuviper.mx\/tienda\/producto\/hewlett-packard-enterprise-830824-b21-tarjeta-controladora-interna-plug-in-pcie-hpe-smart-array-p408i-p-sr-gen10-12-g-sas\/#breadcrumb"},"inLanguage":"es-MX","potentialAction":[{"@type":"ReadAction","target":["https:\/\/compuviper.mx\/tienda\/producto\/hewlett-packard-enterprise-830824-b21-tarjeta-controladora-interna-plug-in-pcie-hpe-smart-array-p408i-p-sr-gen10-12-g-sas\/"]}]},{"@type":"BreadcrumbList","@id":"https:\/\/compuviper.mx\/tienda\/producto\/hewlett-packard-enterprise-830824-b21-tarjeta-controladora-interna-plug-in-pcie-hpe-smart-array-p408i-p-sr-gen10-12-g-sas\/#breadcrumb","itemListElement":[{"@type":"ListItem","position":1,"name":"Inicio","item":"https:\/\/compuviper.mx\/tienda\/"},{"@type":"ListItem","position":2,"name":"Productos","item":"https:\/\/compuviper.mx\/tienda\/productos\/"},{"@type":"ListItem","position":3,"name":"Tarjeta Controladora","item":"https:\/\/compuviper.mx\/tienda\/categoria-producto\/tarjeta-controladora\/"},{"@type":"ListItem","position":4,"name":"Sata\/sas","item":"https:\/\/compuviper.mx\/tienda\/categoria-producto\/tarjeta-controladora\/sata-sas\/"},{"@type":"ListItem","position":5,"name":"Hewlett Packard Enterprise 830824-b21 Tarjeta Controladora Interna Plug-in Pcie Hpe Smart Array P408i-p Sr Gen10 12 G Sas"}]},{"@type":"WebSite","@id":"https:\/\/compuviper.mx\/tienda\/#website","url":"https:\/\/compuviper.mx\/tienda\/","name":"Compuviper","description":"Proveedor de Computadoras, Laptops, Servidores, Monitores, Puntos de Venta, Teclados,   Impresoras, T\u00f3ner, C\u00e1maras de Seguridad y m\u00e1s en tu tienda en l\u00ednea","publisher":{"@id":"https:\/\/compuviper.mx\/tienda\/#organization"},"potentialAction":[{"@type":"SearchAction","target":{"@type":"EntryPoint","urlTemplate":"https:\/\/compuviper.mx\/tienda\/?s={search_term_string}"},"query-input":"required name=search_term_string"}],"inLanguage":"es-MX"},{"@type":"Organization","@id":"https:\/\/compuviper.mx\/tienda\/#organization","name":"Compuviper","url":"https:\/\/compuviper.mx\/tienda\/","logo":{"@type":"ImageObject","inLanguage":"es-MX","@id":"https:\/\/compuviper.mx\/tienda\/#\/schema\/logo\/image\/","url":"https:\/\/compuviper.mx\/tienda\/wp-content\/uploads\/2021\/08\/Logo-Compuviper-10.png","contentUrl":"https:\/\/compuviper.mx\/tienda\/wp-content\/uploads\/2021\/08\/Logo-Compuviper-10.png","width":1000,"height":500,"caption":"Compuviper"},"image":{"@id":"https:\/\/compuviper.mx\/tienda\/#\/schema\/logo\/image\/"},"sameAs":["https:\/\/www.facebook.com\/compuviper","https:\/\/www.youtube.com\/channel\/UCf73dERp9Y3cfOq7q8BhLjA?view_as=subscriber"]}]},"product_brand":"HEWLETT PACKARD ENTERPRISE","product_price_amount":"56622","product_price_currency":"MXN","og_availability":"backorder","product_availability":"available for order","product_retailer_item_id":"830824-B21","product_condition":"new"},"_links":{"self":[{"href":"https:\/\/compuviper.mx\/tienda\/wp-json\/wp\/v2\/product\/218135"}],"collection":[{"href":"https:\/\/compuviper.mx\/tienda\/wp-json\/wp\/v2\/product"}],"about":[{"href":"https:\/\/compuviper.mx\/tienda\/wp-json\/wp\/v2\/types\/product"}],"replies":[{"embeddable":true,"href":"https:\/\/compuviper.mx\/tienda\/wp-json\/wp\/v2\/comments?post=218135"}],"wp:featuredmedia":[{"embeddable":true,"href":"https:\/\/compuviper.mx\/tienda\/wp-json\/wp\/v2\/media\/218136"}],"wp:attachment":[{"href":"https:\/\/compuviper.mx\/tienda\/wp-json\/wp\/v2\/media?parent=218135"}],"wp:term":[{"taxonomy":"product_cat","embeddable":true,"href":"https:\/\/compuviper.mx\/tienda\/wp-json\/wp\/v2\/product_cat?post=218135"},{"taxonomy":"product_tag","embeddable":true,"href":"https:\/\/compuviper.mx\/tienda\/wp-json\/wp\/v2\/product_tag?post=218135"}],"curies":[{"name":"wp","href":"https:\/\/api.w.org\/{rel}","templated":true}]}}