{"id":218133,"date":"2026-04-02T00:34:30","date_gmt":"2026-04-02T06:34:30","guid":{"rendered":"https:\/\/compuviper.mx\/tienda\/producto\/manhattan-152082-tarjeta-pci-expressserial-2-puertos\/"},"modified":"2026-04-02T00:34:30","modified_gmt":"2026-04-02T06:34:30","slug":"manhattan-152082-tarjeta-pci-expressserial-2-puertos","status":"publish","type":"product","link":"https:\/\/compuviper.mx\/tienda\/producto\/manhattan-152082-tarjeta-pci-expressserial-2-puertos\/","title":{"rendered":"Manhattan 152082 Tarjeta Pci Express,,,serial 2 Puertos"},"content":{"rendered":"<table class=\"descripcion\">\n<tr>\n<td>Est\u00e1ndares y certificaciones:<\/td>\n<\/tr>\n<tr>\n<td>Pci express 1.1<\/td>\n<\/tr>\n<tr>\n<td>Pci administraci\u00f3n dela energ\u00eda 1.2<\/td>\n<\/tr>\n<tr>\n<td>Ce<\/td>\n<\/tr>\n<tr>\n<td>Fcc<\/td>\n<\/tr>\n<tr>\n<td>Especificaciones del puerto:<\/td>\n<\/tr>\n<tr>\n<td>Dos puertos db9 macho<\/td>\n<\/tr>\n<tr>\n<td>Tasa de transferencia de datos programable hasta 115,200 bps (baudios)<\/td>\n<\/tr>\n<tr>\n<td>Chipset serie wch<\/td>\n<\/tr>\n<tr>\n<td>Operaci\u00f3n sencilla 3.3 v<\/td>\n<\/tr>\n<tr>\n<td>Transferencia  and  recepci\u00f3n peps de 256 bytes<\/td>\n<\/tr>\n<tr>\n<td>Compatible con 16c550\/16c552\/16c554 y 16c750 uart<\/td>\n<\/tr>\n<tr>\n<td>Especificaciones del bus:<\/td>\n<\/tr>\n<tr>\n<td>Pci express x1<\/td>\n<\/tr>\n<tr>\n<td>Velocidad del bus: 2.5 gbps<\/td>\n<\/tr>\n<tr>\n<td>Cumple con las especificaciones de pci express 1.1<\/td>\n<\/tr>\n<tr>\n<td>Cumple con las especificaciones de pci administraci\u00f3n de energ\u00eda 1.2<\/td>\n<\/tr>\n<tr>\n<td>Dise\u00f1o:<\/td>\n<\/tr>\n<tr>\n<td>Dimensiones (con bracket regular): 12 x 6.8 x 2 cm<\/td>\n<\/tr>\n<tr>\n<td>Peso (con bracket regular): 53.8 g<\/td>\n<\/tr>\n<tr>\n<td>Requisitos del sistema<\/td>\n<\/tr>\n<tr>\n<td>Windows xp\/vista\/7\/8.1\/10<\/td>\n<\/tr>\n<tr>\n<td>Sistema que permita pci express con una ranura disponible para tarjeta express<\/td>\n<\/tr>\n<tr>\n<td>Unidad de cd rom<\/td>\n<\/tr>\n<tr>\n<td>Contenido del paquete:<\/td>\n<\/tr>\n<tr>\n<td>Tarjeta serie pci express<\/td>\n<\/tr>\n<tr>\n<td>Dos brackets de bajo perfil<\/td>\n<\/tr>\n<tr>\n<td>Instrucciones y controlador en cd<\/td>\n<\/tr>\n<\/table>\n","protected":false},"excerpt":{"rendered":"<p>Pci express equilibra costo, rendimiento, compatibilidad y funciones avanzadas para plataformas de computo. La tarjeta serial pci express de manhattan a\u00f1ade r\u00e1pida y f\u00e1cilmente dos puertos db9 a computadoras de escritorio habilitadas con pci express para conectar y comunicarse con dispositivos perif\u00e9ricos serial.<\/p>\n","protected":false},"featured_media":218134,"comment_status":"open","ping_status":"open","template":"","meta":[],"product_cat":[1702,1701],"product_tag":[1487],"acf":[],"yoast_head":"<!-- This site is optimized with the Yoast SEO plugin v21.7 - https:\/\/yoast.com\/wordpress\/plugins\/seo\/ -->\n<title>[ Manhattan ] &#129351; 152082 Tarjeta Pci Express,,,serial 2 Puertos<\/title>\n<meta name=\"description\" content=\"Compra 152082 Tarjeta Pci Express,,,serial 2 Puertos + Env\u00edo a domicilio + Pago seguro + Garant\u00eda\" \/>\n<meta name=\"robots\" content=\"index, follow, max-snippet:-1, max-image-preview:large, max-video-preview:-1\" \/>\n<link rel=\"canonical\" href=\"https:\/\/compuviper.mx\/tienda\/producto\/manhattan-152082-tarjeta-pci-expressserial-2-puertos\/\" \/>\n<meta property=\"og:locale\" content=\"es_MX\" \/>\n<meta property=\"og:type\" content=\"article\" \/>\n<meta property=\"og:title\" content=\"[ Manhattan ] &#129351; 152082 Tarjeta Pci Express,,,serial 2 Puertos\" \/>\n<meta property=\"og:description\" content=\"Compra 152082 Tarjeta Pci Express,,,serial 2 Puertos + Env\u00edo a domicilio + Pago seguro + Garant\u00eda\" \/>\n<meta property=\"og:url\" content=\"https:\/\/compuviper.mx\/tienda\/producto\/manhattan-152082-tarjeta-pci-expressserial-2-puertos\/\" \/>\n<meta property=\"og:site_name\" content=\"Compuviper\" \/>\n<meta property=\"article:publisher\" content=\"https:\/\/www.facebook.com\/compuviper\" \/>\n<meta property=\"og:image\" content=\"https:\/\/compuviper.mx\/tienda\/wp-content\/uploads\/2023\/12\/Tarjeta-pci-expressmanhattan152082serial-2-puertos.jpg\" \/>\n\t<meta property=\"og:image:width\" content=\"200\" \/>\n\t<meta property=\"og:image:height\" content=\"200\" \/>\n\t<meta property=\"og:image:type\" content=\"image\/jpeg\" \/>\n<meta name=\"twitter:card\" content=\"summary_large_image\" \/>\n<meta name=\"twitter:label1\" content=\"Precio\" \/>\n\t<meta name=\"twitter:data1\" content=\"&#36;401 con IVA\" \/>\n\t<meta name=\"twitter:label2\" content=\"Availability\" \/>\n\t<meta name=\"twitter:data2\" content=\"In stock\" \/>\n<script type=\"application\/ld+json\" class=\"yoast-schema-graph\">{\"@context\":\"https:\/\/schema.org\",\"@graph\":[{\"@type\":\"WebPage\",\"@id\":\"https:\/\/compuviper.mx\/tienda\/producto\/manhattan-152082-tarjeta-pci-expressserial-2-puertos\/\",\"url\":\"https:\/\/compuviper.mx\/tienda\/producto\/manhattan-152082-tarjeta-pci-expressserial-2-puertos\/\",\"name\":\"[ Manhattan ] &#129351; 152082 Tarjeta Pci Express,,,serial 2 Puertos\",\"isPartOf\":{\"@id\":\"https:\/\/compuviper.mx\/tienda\/#website\"},\"datePublished\":\"2026-04-02T06:34:30+00:00\",\"dateModified\":\"2026-04-02T06:34:30+00:00\",\"description\":\"Compra 152082 Tarjeta Pci Express,,,serial 2 Puertos + Env\u00edo a domicilio + Pago seguro + Garant\u00eda\",\"breadcrumb\":{\"@id\":\"https:\/\/compuviper.mx\/tienda\/producto\/manhattan-152082-tarjeta-pci-expressserial-2-puertos\/#breadcrumb\"},\"inLanguage\":\"es-MX\",\"potentialAction\":[{\"@type\":\"ReadAction\",\"target\":[\"https:\/\/compuviper.mx\/tienda\/producto\/manhattan-152082-tarjeta-pci-expressserial-2-puertos\/\"]}]},{\"@type\":\"BreadcrumbList\",\"@id\":\"https:\/\/compuviper.mx\/tienda\/producto\/manhattan-152082-tarjeta-pci-expressserial-2-puertos\/#breadcrumb\",\"itemListElement\":[{\"@type\":\"ListItem\",\"position\":1,\"name\":\"Inicio\",\"item\":\"https:\/\/compuviper.mx\/tienda\/\"},{\"@type\":\"ListItem\",\"position\":2,\"name\":\"Productos\",\"item\":\"https:\/\/compuviper.mx\/tienda\/productos\/\"},{\"@type\":\"ListItem\",\"position\":3,\"name\":\"Tarjeta Controladora\",\"item\":\"https:\/\/compuviper.mx\/tienda\/categoria-producto\/tarjeta-controladora\/\"},{\"@type\":\"ListItem\",\"position\":4,\"name\":\"Sin Categor\u00eda\",\"item\":\"https:\/\/compuviper.mx\/tienda\/categoria-producto\/tarjeta-controladora\/sin-categoria-tarjeta-controladora\/\"},{\"@type\":\"ListItem\",\"position\":5,\"name\":\"Manhattan 152082 Tarjeta Pci Express,,,serial 2 Puertos\"}]},{\"@type\":\"WebSite\",\"@id\":\"https:\/\/compuviper.mx\/tienda\/#website\",\"url\":\"https:\/\/compuviper.mx\/tienda\/\",\"name\":\"Compuviper\",\"description\":\"Proveedor de Computadoras, Laptops, Servidores, Monitores, Puntos de Venta, Teclados,   Impresoras, T\u00f3ner, C\u00e1maras de Seguridad y m\u00e1s en tu tienda en l\u00ednea\",\"publisher\":{\"@id\":\"https:\/\/compuviper.mx\/tienda\/#organization\"},\"potentialAction\":[{\"@type\":\"SearchAction\",\"target\":{\"@type\":\"EntryPoint\",\"urlTemplate\":\"https:\/\/compuviper.mx\/tienda\/?s={search_term_string}\"},\"query-input\":\"required name=search_term_string\"}],\"inLanguage\":\"es-MX\"},{\"@type\":\"Organization\",\"@id\":\"https:\/\/compuviper.mx\/tienda\/#organization\",\"name\":\"Compuviper\",\"url\":\"https:\/\/compuviper.mx\/tienda\/\",\"logo\":{\"@type\":\"ImageObject\",\"inLanguage\":\"es-MX\",\"@id\":\"https:\/\/compuviper.mx\/tienda\/#\/schema\/logo\/image\/\",\"url\":\"https:\/\/compuviper.mx\/tienda\/wp-content\/uploads\/2021\/08\/Logo-Compuviper-10.png\",\"contentUrl\":\"https:\/\/compuviper.mx\/tienda\/wp-content\/uploads\/2021\/08\/Logo-Compuviper-10.png\",\"width\":1000,\"height\":500,\"caption\":\"Compuviper\"},\"image\":{\"@id\":\"https:\/\/compuviper.mx\/tienda\/#\/schema\/logo\/image\/\"},\"sameAs\":[\"https:\/\/www.facebook.com\/compuviper\",\"https:\/\/www.youtube.com\/channel\/UCf73dERp9Y3cfOq7q8BhLjA?view_as=subscriber\"]}]}<\/script>\n<meta property=\"product:brand\" content=\"MANHATTAN\" \/>\n<meta property=\"product:price:amount\" content=\"401\" \/>\n<meta property=\"product:price:currency\" content=\"MXN\" \/>\n<meta property=\"og:availability\" content=\"instock\" \/>\n<meta property=\"product:availability\" content=\"instock\" \/>\n<meta property=\"product:retailer_item_id\" content=\"152082\" \/>\n<meta property=\"product:condition\" content=\"new\" \/>\n<!-- \/ Yoast SEO plugin. -->","yoast_head_json":{"title":"[ Manhattan ] &#129351; 152082 Tarjeta Pci Express,,,serial 2 Puertos","description":"Compra 152082 Tarjeta Pci Express,,,serial 2 Puertos + Env\u00edo a domicilio + Pago seguro + Garant\u00eda","robots":{"index":"index","follow":"follow","max-snippet":"max-snippet:-1","max-image-preview":"max-image-preview:large","max-video-preview":"max-video-preview:-1"},"canonical":"https:\/\/compuviper.mx\/tienda\/producto\/manhattan-152082-tarjeta-pci-expressserial-2-puertos\/","og_locale":"es_MX","og_type":"article","og_title":"[ Manhattan ] &#129351; 152082 Tarjeta Pci Express,,,serial 2 Puertos","og_description":"Compra 152082 Tarjeta Pci Express,,,serial 2 Puertos + Env\u00edo a domicilio + Pago seguro + Garant\u00eda","og_url":"https:\/\/compuviper.mx\/tienda\/producto\/manhattan-152082-tarjeta-pci-expressserial-2-puertos\/","og_site_name":"Compuviper","article_publisher":"https:\/\/www.facebook.com\/compuviper","og_image":[{"width":200,"height":200,"url":"https:\/\/compuviper.mx\/tienda\/wp-content\/uploads\/2023\/12\/Tarjeta-pci-expressmanhattan152082serial-2-puertos.jpg","type":"image\/jpeg"}],"twitter_card":"summary_large_image","twitter_misc":{"Precio":"&#36;401 con IVA","Availability":"In stock"},"schema":{"@context":"https:\/\/schema.org","@graph":[{"@type":"WebPage","@id":"https:\/\/compuviper.mx\/tienda\/producto\/manhattan-152082-tarjeta-pci-expressserial-2-puertos\/","url":"https:\/\/compuviper.mx\/tienda\/producto\/manhattan-152082-tarjeta-pci-expressserial-2-puertos\/","name":"[ Manhattan ] &#129351; 152082 Tarjeta Pci Express,,,serial 2 Puertos","isPartOf":{"@id":"https:\/\/compuviper.mx\/tienda\/#website"},"datePublished":"2026-04-02T06:34:30+00:00","dateModified":"2026-04-02T06:34:30+00:00","description":"Compra 152082 Tarjeta Pci Express,,,serial 2 Puertos + Env\u00edo a domicilio + Pago seguro + Garant\u00eda","breadcrumb":{"@id":"https:\/\/compuviper.mx\/tienda\/producto\/manhattan-152082-tarjeta-pci-expressserial-2-puertos\/#breadcrumb"},"inLanguage":"es-MX","potentialAction":[{"@type":"ReadAction","target":["https:\/\/compuviper.mx\/tienda\/producto\/manhattan-152082-tarjeta-pci-expressserial-2-puertos\/"]}]},{"@type":"BreadcrumbList","@id":"https:\/\/compuviper.mx\/tienda\/producto\/manhattan-152082-tarjeta-pci-expressserial-2-puertos\/#breadcrumb","itemListElement":[{"@type":"ListItem","position":1,"name":"Inicio","item":"https:\/\/compuviper.mx\/tienda\/"},{"@type":"ListItem","position":2,"name":"Productos","item":"https:\/\/compuviper.mx\/tienda\/productos\/"},{"@type":"ListItem","position":3,"name":"Tarjeta Controladora","item":"https:\/\/compuviper.mx\/tienda\/categoria-producto\/tarjeta-controladora\/"},{"@type":"ListItem","position":4,"name":"Sin Categor\u00eda","item":"https:\/\/compuviper.mx\/tienda\/categoria-producto\/tarjeta-controladora\/sin-categoria-tarjeta-controladora\/"},{"@type":"ListItem","position":5,"name":"Manhattan 152082 Tarjeta Pci Express,,,serial 2 Puertos"}]},{"@type":"WebSite","@id":"https:\/\/compuviper.mx\/tienda\/#website","url":"https:\/\/compuviper.mx\/tienda\/","name":"Compuviper","description":"Proveedor de Computadoras, Laptops, Servidores, Monitores, Puntos de Venta, Teclados,   Impresoras, T\u00f3ner, C\u00e1maras de Seguridad y m\u00e1s en tu tienda en l\u00ednea","publisher":{"@id":"https:\/\/compuviper.mx\/tienda\/#organization"},"potentialAction":[{"@type":"SearchAction","target":{"@type":"EntryPoint","urlTemplate":"https:\/\/compuviper.mx\/tienda\/?s={search_term_string}"},"query-input":"required name=search_term_string"}],"inLanguage":"es-MX"},{"@type":"Organization","@id":"https:\/\/compuviper.mx\/tienda\/#organization","name":"Compuviper","url":"https:\/\/compuviper.mx\/tienda\/","logo":{"@type":"ImageObject","inLanguage":"es-MX","@id":"https:\/\/compuviper.mx\/tienda\/#\/schema\/logo\/image\/","url":"https:\/\/compuviper.mx\/tienda\/wp-content\/uploads\/2021\/08\/Logo-Compuviper-10.png","contentUrl":"https:\/\/compuviper.mx\/tienda\/wp-content\/uploads\/2021\/08\/Logo-Compuviper-10.png","width":1000,"height":500,"caption":"Compuviper"},"image":{"@id":"https:\/\/compuviper.mx\/tienda\/#\/schema\/logo\/image\/"},"sameAs":["https:\/\/www.facebook.com\/compuviper","https:\/\/www.youtube.com\/channel\/UCf73dERp9Y3cfOq7q8BhLjA?view_as=subscriber"]}]},"product_brand":"MANHATTAN","product_price_amount":"401","product_price_currency":"MXN","og_availability":"instock","product_availability":"instock","product_retailer_item_id":"152082","product_condition":"new"},"_links":{"self":[{"href":"https:\/\/compuviper.mx\/tienda\/wp-json\/wp\/v2\/product\/218133"}],"collection":[{"href":"https:\/\/compuviper.mx\/tienda\/wp-json\/wp\/v2\/product"}],"about":[{"href":"https:\/\/compuviper.mx\/tienda\/wp-json\/wp\/v2\/types\/product"}],"replies":[{"embeddable":true,"href":"https:\/\/compuviper.mx\/tienda\/wp-json\/wp\/v2\/comments?post=218133"}],"wp:featuredmedia":[{"embeddable":true,"href":"https:\/\/compuviper.mx\/tienda\/wp-json\/wp\/v2\/media\/218134"}],"wp:attachment":[{"href":"https:\/\/compuviper.mx\/tienda\/wp-json\/wp\/v2\/media?parent=218133"}],"wp:term":[{"taxonomy":"product_cat","embeddable":true,"href":"https:\/\/compuviper.mx\/tienda\/wp-json\/wp\/v2\/product_cat?post=218133"},{"taxonomy":"product_tag","embeddable":true,"href":"https:\/\/compuviper.mx\/tienda\/wp-json\/wp\/v2\/product_tag?post=218133"}],"curies":[{"name":"wp","href":"https:\/\/api.w.org\/{rel}","templated":true}]}}