{"id":218083,"date":"2026-04-25T00:28:17","date_gmt":"2026-04-25T06:28:17","guid":{"rendered":"https:\/\/compuviper.mx\/tienda\/producto\/complet-ups-1-015-ups-10kva-modelo-10000-10000va-10000w-on-line-senoidal-doble-conversion-alta-frecuencia-220v-entrada-220v-120v-salida-respaldo-15-mins-carga-media-6-mins-carga-maxima-garant\/"},"modified":"2026-04-25T00:28:17","modified_gmt":"2026-04-25T06:28:17","slug":"complet-ups-1-015-ups-10kva-modelo-10000-10000va-10000w-on-line-senoidal-doble-conversion-alta-frecuencia-220v-entrada-220v-120v-salida-respaldo-15-mins-carga-media-6-mins-carga-maxima-garant","status":"publish","type":"product","link":"https:\/\/compuviper.mx\/tienda\/producto\/complet-ups-1-015-ups-10kva-modelo-10000-10000va-10000w-on-line-senoidal-doble-conversion-alta-frecuencia-220v-entrada-220v-120v-salida-respaldo-15-mins-carga-media-6-mins-carga-maxima-garant\/","title":{"rendered":"Complet Ups-1-015 Ups 10kva  Modelo  10000 10000va\/10000w On Line Senoidal Doble Conversion Alta Frecuencia, 220v Entrada \/ 220v-120v Salida. Respaldo 15 Mins Carga Media \/ 6 Mins Carga Maxima. Garantia 24 Mese"},"content":{"rendered":"<table class=\"descripcion\">\n<tr>\n<td>Modelo ups-1-015<\/td>\n<\/tr>\n<tr>\n<td>Capacidad: 10 000 va \/ 10 000 w<\/td>\n<\/tr>\n<tr>\n<td>Modo l\u00ednea: modo l\u00ednea 100%~110%: 10 min ; 110%~130%: 1min ;  130% : 1 s<\/td>\n<\/tr>\n<tr>\n<td>Modo bater\u00eda: 100%~110%: 30 s ; 110%~130%: 10 s ;  130% : 1 s<\/td>\n<\/tr>\n<tr>\n<td>110~300vca @ (0~60%) carga<\/td>\n<\/tr>\n<tr>\n<td>140~300vca @ (60~80%) carga<\/td>\n<\/tr>\n<tr>\n<td>176~300vca @ (80~100%) carga<\/td>\n<\/tr>\n<tr>\n<td>Regreso a l\u00ednea por voltaje bajo voltaje de corte por l\u00ednea baja + 10 vcc<\/td>\n<\/tr>\n<tr>\n<td>Regreso a l\u00ednea por l\u00ednea alta voltaje de corte por line alta &#8211; 10vcc<\/td>\n<\/tr>\n<tr>\n<td>Tiempo de transferencia:<\/td>\n<\/tr>\n<tr>\n<td>L\u00ednea &#8211; &#8211;  bater\u00eda 0 ms<\/td>\n<\/tr>\n<tr>\n<td>Inversor &#8212;  bypass 0 ms<\/td>\n<\/tr>\n<tr>\n<td>Inversor &#8211; &#8211;  eco  10 ms<\/td>\n<\/tr>\n<tr>\n<td>46hz ~ 54 hz @ en sistemas de 50hz<\/td>\n<\/tr>\n<tr>\n<td>Rango de frecuencia 56hz ~ 64 hz @ en sistemas de 60hz<\/td>\n<\/tr>\n<tr>\n<td>Fases 2 fases + tierra f\u00edsica<\/td>\n<\/tr>\n<tr>\n<td>Factor de potencia  = 0.99 al 100% de carga<\/td>\n<\/tr>\n<tr>\n<td>Regulaci\u00f3n de voltaje +-2%<\/td>\n<\/tr>\n<tr>\n<td>Rango de frecuencia (modo bater\u00eda) 50 hz +\/ &#8211; 0.1 hz o 60hz +\/ &#8211; 0.1 hz<\/td>\n<\/tr>\n<tr>\n<td>Cresta de corriente 3:1 m\u00e1ximo<\/td>\n<\/tr>\n<tr>\n<td>Voltaje de salida 104\/110\/115\/120vca o 208\/220\/230\/240vca<\/td>\n<\/tr>\n<tr>\n<td>Distorsi\u00f3n arm\u00f3nica  =2 % @ 100% con carga lineal;  =6 % @ 100% con carga no lineal<\/td>\n<\/tr>\n<tr>\n<td>Modo l\u00ednea   88%<\/td>\n<\/tr>\n<tr>\n<td>Modo bater\u00eda   86%<\/td>\n<\/tr>\n<tr>\n<td>Baterias tipo 12 vcc \/ 9 ah<\/td>\n<\/tr>\n<tr>\n<td>Cantidad 20<\/td>\n<\/tr>\n<tr>\n<td>Tiempo de recarga 7 horas para recargar al 90%<\/td>\n<\/tr>\n<tr>\n<td>Voltaje de cargador (cantidad de bater\u00edas*13.65 vcc) 273 vcc \u00b1 1%<\/td>\n<\/tr>\n<tr>\n<td>Dimensi\u00f3n, ancho x largo x alto sin empaque 252 mm x 615 mm x 800 mm<\/td>\n<\/tr>\n<tr>\n<td>Temperatura de operaci\u00f3n 0 ~ 40\u00b0c (la vida de la bater\u00eda puede disminuir con t   25\u00b0c)<\/td>\n<\/tr>\n<tr>\n<td>Humedad relativa  95 % no condensado<\/td>\n<\/tr>\n<tr>\n<td>Altitud de operaci\u00f3n**  2 300 m s.n.m.<\/td>\n<\/tr>\n<tr>\n<td>Opcional snmp administrador de snmp y explorador web<\/td>\n<\/tr>\n<tr>\n<td>Smart rs-232 o usb soporta windows\u00ae 2000 o superior, linux, unix, y mac<\/td>\n<\/tr>\n<tr>\n<td>Garant\u00eda total 24 meses<\/td>\n<\/tr>\n<tr>\n<td>Sustituci\u00f3n inmediata 6 meses<\/td>\n<\/tr>\n<tr>\n<td>Nivel de ruido menos de 58db @ 1 metro<\/td>\n<\/tr>\n<tr>\n<td>Peso neto 142 kg<\/td>\n<\/tr>\n<tr>\n<td>Corriente de recarga 1 a (max.)<\/td>\n<\/tr>\n<tr>\n<td>Sobrecarga<\/td>\n<\/tr>\n<tr>\n<td>Rango de frecuencia 46hz ~ 54 hz @ en sistemas de 50 hz<\/td>\n<\/tr>\n<tr>\n<td>(rango sincronizado) 56hz ~ 64 hz @ en sistemas de 60 hz<\/td>\n<\/tr>\n<\/table>\n","protected":false},"excerpt":{"rendered":"<p>La nueva familia de ups on line de complet. Equipos profesionales orientados a negocios que buscan continuidad en su operaci\u00f3n.  Con sistema de doble conversion ofrecen una proteccion sin igual, ya que aisla por completo disturbios que existen en la red electrica comercial.<\/p>\n","protected":false},"featured_media":218084,"comment_status":"open","ping_status":"open","template":"","meta":[],"product_cat":[1508,1691],"product_tag":[1697],"acf":[],"yoast_head":"<!-- This site is optimized with the Yoast SEO plugin v21.7 - https:\/\/yoast.com\/wordpress\/plugins\/seo\/ -->\n<title>[ Complet ] &#129351; Ups-1-015 Ups 10kva Modelo 10000 10000va\/10000w On Line Senoidal Doble Conversion Alta Frecuencia, 220v Entrada \/ 220v-120v Salida. Respaldo 15 Mins Carga Media \/ 6 Mins Carga Maxima. Garantia 24 Mese<\/title>\n<meta name=\"description\" content=\"Compra Ups-1-015 Ups 10kva Modelo 10000 10000va\/10000w On Line Senoidal Doble Conversion Alta Frecuencia, 220v Entrada \/ 220v-120v Salida. Respaldo 15 Mins Carga Media \/ 6 Mins Carga Maxima. Garantia 24 Mese + Env\u00edo a domicilio + Pago seguro + Garant\u00eda\" \/>\n<meta name=\"robots\" content=\"index, follow, max-snippet:-1, max-image-preview:large, max-video-preview:-1\" \/>\n<link rel=\"canonical\" href=\"https:\/\/compuviper.mx\/tienda\/producto\/complet-ups-1-015-ups-10kva-modelo-10000-10000va-10000w-on-line-senoidal-doble-conversion-alta-frecuencia-220v-entrada-220v-120v-salida-respaldo-15-mins-carga-media-6-mins-carga-maxima-garant\/\" \/>\n<meta property=\"og:locale\" content=\"es_MX\" \/>\n<meta property=\"og:type\" content=\"article\" \/>\n<meta property=\"og:title\" content=\"[ Complet ] &#129351; Ups-1-015 Ups 10kva Modelo 10000 10000va\/10000w On Line Senoidal Doble Conversion Alta Frecuencia, 220v Entrada \/ 220v-120v Salida. Respaldo 15 Mins Carga Media \/ 6 Mins Carga Maxima. Garantia 24 Mese\" \/>\n<meta property=\"og:description\" content=\"Compra Ups-1-015 Ups 10kva Modelo 10000 10000va\/10000w On Line Senoidal Doble Conversion Alta Frecuencia, 220v Entrada \/ 220v-120v Salida. Respaldo 15 Mins Carga Media \/ 6 Mins Carga Maxima. Garantia 24 Mese + Env\u00edo a domicilio + Pago seguro + Garant\u00eda\" \/>\n<meta property=\"og:url\" content=\"https:\/\/compuviper.mx\/tienda\/producto\/complet-ups-1-015-ups-10kva-modelo-10000-10000va-10000w-on-line-senoidal-doble-conversion-alta-frecuencia-220v-entrada-220v-120v-salida-respaldo-15-mins-carga-media-6-mins-carga-maxima-garant\/\" \/>\n<meta property=\"og:site_name\" content=\"Compuviper\" \/>\n<meta property=\"article:publisher\" content=\"https:\/\/www.facebook.com\/compuviper\" \/>\n<meta property=\"og:image\" content=\"https:\/\/compuviper.mx\/tienda\/wp-content\/uploads\/2023\/12\/Ups-10kva-modelo-complet-10000-10000va10000w-on-line-senoidal-doble-conversion-alta-frecuencia-220v-entrada-220v-120v-salida.-respaldo-15-mins-carga-media-6-mins-carga-maxima.-garantia-24-mese.jpg\" \/>\n\t<meta property=\"og:image:width\" content=\"200\" \/>\n\t<meta property=\"og:image:height\" content=\"200\" \/>\n\t<meta property=\"og:image:type\" content=\"image\/jpeg\" \/>\n<meta name=\"twitter:card\" content=\"summary_large_image\" \/>\n<meta name=\"twitter:label1\" content=\"Precio\" \/>\n\t<meta name=\"twitter:data1\" content=\"&#36;55,748 con IVA\" \/>\n\t<meta name=\"twitter:label2\" content=\"Availability\" \/>\n\t<meta name=\"twitter:data2\" content=\"On backorder\" \/>\n<script type=\"application\/ld+json\" class=\"yoast-schema-graph\">{\"@context\":\"https:\/\/schema.org\",\"@graph\":[{\"@type\":\"WebPage\",\"@id\":\"https:\/\/compuviper.mx\/tienda\/producto\/complet-ups-1-015-ups-10kva-modelo-10000-10000va-10000w-on-line-senoidal-doble-conversion-alta-frecuencia-220v-entrada-220v-120v-salida-respaldo-15-mins-carga-media-6-mins-carga-maxima-garant\/\",\"url\":\"https:\/\/compuviper.mx\/tienda\/producto\/complet-ups-1-015-ups-10kva-modelo-10000-10000va-10000w-on-line-senoidal-doble-conversion-alta-frecuencia-220v-entrada-220v-120v-salida-respaldo-15-mins-carga-media-6-mins-carga-maxima-garant\/\",\"name\":\"[ Complet ] &#129351; Ups-1-015 Ups 10kva Modelo 10000 10000va\/10000w On Line Senoidal Doble Conversion Alta Frecuencia, 220v Entrada \/ 220v-120v Salida. Respaldo 15 Mins Carga Media \/ 6 Mins Carga Maxima. Garantia 24 Mese\",\"isPartOf\":{\"@id\":\"https:\/\/compuviper.mx\/tienda\/#website\"},\"datePublished\":\"2026-04-25T06:28:17+00:00\",\"dateModified\":\"2026-04-25T06:28:17+00:00\",\"description\":\"Compra Ups-1-015 Ups 10kva Modelo 10000 10000va\/10000w On Line Senoidal Doble Conversion Alta Frecuencia, 220v Entrada \/ 220v-120v Salida. Respaldo 15 Mins Carga Media \/ 6 Mins Carga Maxima. Garantia 24 Mese + Env\u00edo a domicilio + Pago seguro + Garant\u00eda\",\"breadcrumb\":{\"@id\":\"https:\/\/compuviper.mx\/tienda\/producto\/complet-ups-1-015-ups-10kva-modelo-10000-10000va-10000w-on-line-senoidal-doble-conversion-alta-frecuencia-220v-entrada-220v-120v-salida-respaldo-15-mins-carga-media-6-mins-carga-maxima-garant\/#breadcrumb\"},\"inLanguage\":\"es-MX\",\"potentialAction\":[{\"@type\":\"ReadAction\",\"target\":[\"https:\/\/compuviper.mx\/tienda\/producto\/complet-ups-1-015-ups-10kva-modelo-10000-10000va-10000w-on-line-senoidal-doble-conversion-alta-frecuencia-220v-entrada-220v-120v-salida-respaldo-15-mins-carga-media-6-mins-carga-maxima-garant\/\"]}]},{\"@type\":\"BreadcrumbList\",\"@id\":\"https:\/\/compuviper.mx\/tienda\/producto\/complet-ups-1-015-ups-10kva-modelo-10000-10000va-10000w-on-line-senoidal-doble-conversion-alta-frecuencia-220v-entrada-220v-120v-salida-respaldo-15-mins-carga-media-6-mins-carga-maxima-garant\/#breadcrumb\",\"itemListElement\":[{\"@type\":\"ListItem\",\"position\":1,\"name\":\"Inicio\",\"item\":\"https:\/\/compuviper.mx\/tienda\/\"},{\"@type\":\"ListItem\",\"position\":2,\"name\":\"Productos\",\"item\":\"https:\/\/compuviper.mx\/tienda\/productos\/\"},{\"@type\":\"ListItem\",\"position\":3,\"name\":\"Energia\",\"item\":\"https:\/\/compuviper.mx\/tienda\/categoria-producto\/energia\/\"},{\"@type\":\"ListItem\",\"position\":4,\"name\":\"No Break\",\"item\":\"https:\/\/compuviper.mx\/tienda\/categoria-producto\/energia\/no-break\/\"},{\"@type\":\"ListItem\",\"position\":5,\"name\":\"Complet Ups-1-015 Ups 10kva Modelo 10000 10000va\/10000w On Line Senoidal Doble Conversion Alta Frecuencia, 220v Entrada \/ 220v-120v Salida. Respaldo 15 Mins Carga Media \/ 6 Mins Carga Maxima. Garantia 24 Mese\"}]},{\"@type\":\"WebSite\",\"@id\":\"https:\/\/compuviper.mx\/tienda\/#website\",\"url\":\"https:\/\/compuviper.mx\/tienda\/\",\"name\":\"Compuviper\",\"description\":\"Proveedor de Computadoras, Laptops, Servidores, Monitores, Puntos de Venta, Teclados,   Impresoras, T\u00f3ner, C\u00e1maras de Seguridad y m\u00e1s en tu tienda en l\u00ednea\",\"publisher\":{\"@id\":\"https:\/\/compuviper.mx\/tienda\/#organization\"},\"potentialAction\":[{\"@type\":\"SearchAction\",\"target\":{\"@type\":\"EntryPoint\",\"urlTemplate\":\"https:\/\/compuviper.mx\/tienda\/?s={search_term_string}\"},\"query-input\":\"required name=search_term_string\"}],\"inLanguage\":\"es-MX\"},{\"@type\":\"Organization\",\"@id\":\"https:\/\/compuviper.mx\/tienda\/#organization\",\"name\":\"Compuviper\",\"url\":\"https:\/\/compuviper.mx\/tienda\/\",\"logo\":{\"@type\":\"ImageObject\",\"inLanguage\":\"es-MX\",\"@id\":\"https:\/\/compuviper.mx\/tienda\/#\/schema\/logo\/image\/\",\"url\":\"https:\/\/compuviper.mx\/tienda\/wp-content\/uploads\/2021\/08\/Logo-Compuviper-10.png\",\"contentUrl\":\"https:\/\/compuviper.mx\/tienda\/wp-content\/uploads\/2021\/08\/Logo-Compuviper-10.png\",\"width\":1000,\"height\":500,\"caption\":\"Compuviper\"},\"image\":{\"@id\":\"https:\/\/compuviper.mx\/tienda\/#\/schema\/logo\/image\/\"},\"sameAs\":[\"https:\/\/www.facebook.com\/compuviper\",\"https:\/\/www.youtube.com\/channel\/UCf73dERp9Y3cfOq7q8BhLjA?view_as=subscriber\"]}]}<\/script>\n<meta property=\"product:brand\" content=\"COMPLET\" \/>\n<meta property=\"product:price:amount\" content=\"55748\" \/>\n<meta property=\"product:price:currency\" content=\"MXN\" \/>\n<meta property=\"og:availability\" content=\"backorder\" \/>\n<meta property=\"product:availability\" content=\"available for order\" \/>\n<meta property=\"product:retailer_item_id\" content=\"UPS-1-015\" \/>\n<meta property=\"product:condition\" content=\"new\" \/>\n<!-- \/ Yoast SEO plugin. -->","yoast_head_json":{"title":"[ Complet ] &#129351; Ups-1-015 Ups 10kva Modelo 10000 10000va\/10000w On Line Senoidal Doble Conversion Alta Frecuencia, 220v Entrada \/ 220v-120v Salida. Respaldo 15 Mins Carga Media \/ 6 Mins Carga Maxima. Garantia 24 Mese","description":"Compra Ups-1-015 Ups 10kva Modelo 10000 10000va\/10000w On Line Senoidal Doble Conversion Alta Frecuencia, 220v Entrada \/ 220v-120v Salida. Respaldo 15 Mins Carga Media \/ 6 Mins Carga Maxima. Garantia 24 Mese + Env\u00edo a domicilio + Pago seguro + Garant\u00eda","robots":{"index":"index","follow":"follow","max-snippet":"max-snippet:-1","max-image-preview":"max-image-preview:large","max-video-preview":"max-video-preview:-1"},"canonical":"https:\/\/compuviper.mx\/tienda\/producto\/complet-ups-1-015-ups-10kva-modelo-10000-10000va-10000w-on-line-senoidal-doble-conversion-alta-frecuencia-220v-entrada-220v-120v-salida-respaldo-15-mins-carga-media-6-mins-carga-maxima-garant\/","og_locale":"es_MX","og_type":"article","og_title":"[ Complet ] &#129351; Ups-1-015 Ups 10kva Modelo 10000 10000va\/10000w On Line Senoidal Doble Conversion Alta Frecuencia, 220v Entrada \/ 220v-120v Salida. Respaldo 15 Mins Carga Media \/ 6 Mins Carga Maxima. Garantia 24 Mese","og_description":"Compra Ups-1-015 Ups 10kva Modelo 10000 10000va\/10000w On Line Senoidal Doble Conversion Alta Frecuencia, 220v Entrada \/ 220v-120v Salida. Respaldo 15 Mins Carga Media \/ 6 Mins Carga Maxima. Garantia 24 Mese + Env\u00edo a domicilio + Pago seguro + Garant\u00eda","og_url":"https:\/\/compuviper.mx\/tienda\/producto\/complet-ups-1-015-ups-10kva-modelo-10000-10000va-10000w-on-line-senoidal-doble-conversion-alta-frecuencia-220v-entrada-220v-120v-salida-respaldo-15-mins-carga-media-6-mins-carga-maxima-garant\/","og_site_name":"Compuviper","article_publisher":"https:\/\/www.facebook.com\/compuviper","og_image":[{"width":200,"height":200,"url":"https:\/\/compuviper.mx\/tienda\/wp-content\/uploads\/2023\/12\/Ups-10kva-modelo-complet-10000-10000va10000w-on-line-senoidal-doble-conversion-alta-frecuencia-220v-entrada-220v-120v-salida.-respaldo-15-mins-carga-media-6-mins-carga-maxima.-garantia-24-mese.jpg","type":"image\/jpeg"}],"twitter_card":"summary_large_image","twitter_misc":{"Precio":"&#36;55,748 con IVA","Availability":"On backorder"},"schema":{"@context":"https:\/\/schema.org","@graph":[{"@type":"WebPage","@id":"https:\/\/compuviper.mx\/tienda\/producto\/complet-ups-1-015-ups-10kva-modelo-10000-10000va-10000w-on-line-senoidal-doble-conversion-alta-frecuencia-220v-entrada-220v-120v-salida-respaldo-15-mins-carga-media-6-mins-carga-maxima-garant\/","url":"https:\/\/compuviper.mx\/tienda\/producto\/complet-ups-1-015-ups-10kva-modelo-10000-10000va-10000w-on-line-senoidal-doble-conversion-alta-frecuencia-220v-entrada-220v-120v-salida-respaldo-15-mins-carga-media-6-mins-carga-maxima-garant\/","name":"[ Complet ] &#129351; Ups-1-015 Ups 10kva Modelo 10000 10000va\/10000w On Line Senoidal Doble Conversion Alta Frecuencia, 220v Entrada \/ 220v-120v Salida. Respaldo 15 Mins Carga Media \/ 6 Mins Carga Maxima. Garantia 24 Mese","isPartOf":{"@id":"https:\/\/compuviper.mx\/tienda\/#website"},"datePublished":"2026-04-25T06:28:17+00:00","dateModified":"2026-04-25T06:28:17+00:00","description":"Compra Ups-1-015 Ups 10kva Modelo 10000 10000va\/10000w On Line Senoidal Doble Conversion Alta Frecuencia, 220v Entrada \/ 220v-120v Salida. Respaldo 15 Mins Carga Media \/ 6 Mins Carga Maxima. Garantia 24 Mese + Env\u00edo a domicilio + Pago seguro + Garant\u00eda","breadcrumb":{"@id":"https:\/\/compuviper.mx\/tienda\/producto\/complet-ups-1-015-ups-10kva-modelo-10000-10000va-10000w-on-line-senoidal-doble-conversion-alta-frecuencia-220v-entrada-220v-120v-salida-respaldo-15-mins-carga-media-6-mins-carga-maxima-garant\/#breadcrumb"},"inLanguage":"es-MX","potentialAction":[{"@type":"ReadAction","target":["https:\/\/compuviper.mx\/tienda\/producto\/complet-ups-1-015-ups-10kva-modelo-10000-10000va-10000w-on-line-senoidal-doble-conversion-alta-frecuencia-220v-entrada-220v-120v-salida-respaldo-15-mins-carga-media-6-mins-carga-maxima-garant\/"]}]},{"@type":"BreadcrumbList","@id":"https:\/\/compuviper.mx\/tienda\/producto\/complet-ups-1-015-ups-10kva-modelo-10000-10000va-10000w-on-line-senoidal-doble-conversion-alta-frecuencia-220v-entrada-220v-120v-salida-respaldo-15-mins-carga-media-6-mins-carga-maxima-garant\/#breadcrumb","itemListElement":[{"@type":"ListItem","position":1,"name":"Inicio","item":"https:\/\/compuviper.mx\/tienda\/"},{"@type":"ListItem","position":2,"name":"Productos","item":"https:\/\/compuviper.mx\/tienda\/productos\/"},{"@type":"ListItem","position":3,"name":"Energia","item":"https:\/\/compuviper.mx\/tienda\/categoria-producto\/energia\/"},{"@type":"ListItem","position":4,"name":"No Break","item":"https:\/\/compuviper.mx\/tienda\/categoria-producto\/energia\/no-break\/"},{"@type":"ListItem","position":5,"name":"Complet Ups-1-015 Ups 10kva Modelo 10000 10000va\/10000w On Line Senoidal Doble Conversion Alta Frecuencia, 220v Entrada \/ 220v-120v Salida. Respaldo 15 Mins Carga Media \/ 6 Mins Carga Maxima. Garantia 24 Mese"}]},{"@type":"WebSite","@id":"https:\/\/compuviper.mx\/tienda\/#website","url":"https:\/\/compuviper.mx\/tienda\/","name":"Compuviper","description":"Proveedor de Computadoras, Laptops, Servidores, Monitores, Puntos de Venta, Teclados,   Impresoras, T\u00f3ner, C\u00e1maras de Seguridad y m\u00e1s en tu tienda en l\u00ednea","publisher":{"@id":"https:\/\/compuviper.mx\/tienda\/#organization"},"potentialAction":[{"@type":"SearchAction","target":{"@type":"EntryPoint","urlTemplate":"https:\/\/compuviper.mx\/tienda\/?s={search_term_string}"},"query-input":"required name=search_term_string"}],"inLanguage":"es-MX"},{"@type":"Organization","@id":"https:\/\/compuviper.mx\/tienda\/#organization","name":"Compuviper","url":"https:\/\/compuviper.mx\/tienda\/","logo":{"@type":"ImageObject","inLanguage":"es-MX","@id":"https:\/\/compuviper.mx\/tienda\/#\/schema\/logo\/image\/","url":"https:\/\/compuviper.mx\/tienda\/wp-content\/uploads\/2021\/08\/Logo-Compuviper-10.png","contentUrl":"https:\/\/compuviper.mx\/tienda\/wp-content\/uploads\/2021\/08\/Logo-Compuviper-10.png","width":1000,"height":500,"caption":"Compuviper"},"image":{"@id":"https:\/\/compuviper.mx\/tienda\/#\/schema\/logo\/image\/"},"sameAs":["https:\/\/www.facebook.com\/compuviper","https:\/\/www.youtube.com\/channel\/UCf73dERp9Y3cfOq7q8BhLjA?view_as=subscriber"]}]},"product_brand":"COMPLET","product_price_amount":"55748","product_price_currency":"MXN","og_availability":"backorder","product_availability":"available for order","product_retailer_item_id":"UPS-1-015","product_condition":"new"},"_links":{"self":[{"href":"https:\/\/compuviper.mx\/tienda\/wp-json\/wp\/v2\/product\/218083"}],"collection":[{"href":"https:\/\/compuviper.mx\/tienda\/wp-json\/wp\/v2\/product"}],"about":[{"href":"https:\/\/compuviper.mx\/tienda\/wp-json\/wp\/v2\/types\/product"}],"replies":[{"embeddable":true,"href":"https:\/\/compuviper.mx\/tienda\/wp-json\/wp\/v2\/comments?post=218083"}],"wp:featuredmedia":[{"embeddable":true,"href":"https:\/\/compuviper.mx\/tienda\/wp-json\/wp\/v2\/media\/218084"}],"wp:attachment":[{"href":"https:\/\/compuviper.mx\/tienda\/wp-json\/wp\/v2\/media?parent=218083"}],"wp:term":[{"taxonomy":"product_cat","embeddable":true,"href":"https:\/\/compuviper.mx\/tienda\/wp-json\/wp\/v2\/product_cat?post=218083"},{"taxonomy":"product_tag","embeddable":true,"href":"https:\/\/compuviper.mx\/tienda\/wp-json\/wp\/v2\/product_tag?post=218083"}],"curies":[{"name":"wp","href":"https:\/\/api.w.org\/{rel}","templated":true}]}}