{"id":218081,"date":"2026-04-25T00:28:16","date_gmt":"2026-04-25T06:28:16","guid":{"rendered":"https:\/\/compuviper.mx\/tienda\/producto\/apc-sypm10kf2-modulo-de-poder-de-10-kw-de-alta-eficiencia-para-symmetra-px-de-hasta-40kva-el-modulo-debe-de-ir-cotizado-con-servicio-de-instalacin-de-lo-contrario-se-venderia-sin-garantia-consulta\/"},"modified":"2026-04-25T00:28:16","modified_gmt":"2026-04-25T06:28:16","slug":"apc-sypm10kf2-modulo-de-poder-de-10-kw-de-alta-eficiencia-para-symmetra-px-de-hasta-40kva-el-modulo-debe-de-ir-cotizado-con-servicio-de-instalacin-de-lo-contrario-se-venderia-sin-garantia-consulta","status":"publish","type":"product","link":"https:\/\/compuviper.mx\/tienda\/producto\/apc-sypm10kf2-modulo-de-poder-de-10-kw-de-alta-eficiencia-para-symmetra-px-de-hasta-40kva-el-modulo-debe-de-ir-cotizado-con-servicio-de-instalacin-de-lo-contrario-se-venderia-sin-garantia-consulta\/","title":{"rendered":"Apc Sypm10kf2 Modulo De Poder De 10 Kw De Alta Eficiencia, Para Symmetra Px De Hasta 40kva, El Modulo Debe De Ir Cotizado Con Servicio De Instalaci?n De Lo Contrario Se Venderia Sin Garantia (consulta Con El Pm)"},"content":{"rendered":"<table class=\"descripcion\">\n<tr>\n<td>Principal<\/td>\n<\/tr>\n<tr>\n<td>Voltaje de entrada principal: 208 v<\/td>\n<\/tr>\n<tr>\n<td>208 v 3 fases<\/td>\n<\/tr>\n<tr>\n<td>Voltaje de salida principal : 208 v<\/td>\n<\/tr>\n<tr>\n<td>208 v3 fases<\/td>\n<\/tr>\n<tr>\n<td>Potencia nominal en w: 10000 w<\/td>\n<\/tr>\n<tr>\n<td>Potencia nominal en va: 10000 va<\/td>\n<\/tr>\n<tr>\n<td>N\u00famero de cables: 1<\/td>\n<\/tr>\n<tr>\n<td>F\u00edsico<\/td>\n<\/tr>\n<tr>\n<td>Color  negro<\/td>\n<\/tr>\n<tr>\n<td>Entrada<\/td>\n<\/tr>\n<tr>\n<td>Frecuencia asignada de empleo: 60 hz +\/- 3 hz<\/td>\n<\/tr>\n<tr>\n<td>Barras de separaci\u00f3n: 177&#8230;239 v 208 v<\/td>\n<\/tr>\n<tr>\n<td>Factor de potencia de entrada a plena carga: 0,99<\/td>\n<\/tr>\n<tr>\n<td>Salida<\/td>\n<\/tr>\n<tr>\n<td>M\u00e1xima potencia configurable (vatios): 10000 w<\/td>\n<\/tr>\n<tr>\n<td>Distorsi\u00f3n arm\u00f3nica: menos del 5% a plena carga<\/td>\n<\/tr>\n<tr>\n<td>Frecuencia de salida: 57&#8230;63 hz para 60hz nominales sincronizada a red el\u00e9ctrica principal, 60 hz +\/- 0,1% para 60hz nominales no sincronizada<\/td>\n<\/tr>\n<tr>\n<td>Crest factor ((*)): ilimitado<\/td>\n<\/tr>\n<tr>\n<td>Topolog\u00eda: doble conversi\u00f3n en l\u00ednea<\/td>\n<\/tr>\n<tr>\n<td>Tipo de forma de onda: onda senoidal<\/td>\n<\/tr>\n<\/table>\n","protected":false},"excerpt":{"rendered":"<p>A 10kw power module compatible with the symmetra px 20\/40\/100 ups. Available as a power module replacement, or for increased capacity.<\/p>\n","protected":false},"featured_media":218082,"comment_status":"open","ping_status":"open","template":"","meta":[],"product_cat":[1508,1949],"product_tag":[1694],"acf":[],"yoast_head":"<!-- This site is optimized with the Yoast SEO plugin v21.7 - https:\/\/yoast.com\/wordpress\/plugins\/seo\/ -->\n<title>[ Apc ] &#129351; Sypm10kf2 Modulo De Poder De 10 Kw De Alta Eficiencia, Para Symmetra Px De Hasta 40kva, El Modulo Debe De Ir Cotizado Con Servicio De Instalaci\u00f3n De Lo Contrario Se Venderia Sin Garantia (consulta Con El Pm)<\/title>\n<meta name=\"description\" content=\"Compra Sypm10kf2 Modulo De Poder De 10 Kw De Alta Eficiencia, Para Symmetra Px De Hasta 40kva, El Modulo Debe De Ir Cotizado Con Servicio De Instalaci\u00f3n De Lo Contrario Se Venderia Sin Garantia (consulta Con El Pm) + Env\u00edo a domicilio + Pago seguro + Garant\u00eda\" \/>\n<meta name=\"robots\" content=\"index, follow, max-snippet:-1, max-image-preview:large, max-video-preview:-1\" \/>\n<link rel=\"canonical\" href=\"https:\/\/compuviper.mx\/tienda\/producto\/apc-sypm10kf2-modulo-de-poder-de-10-kw-de-alta-eficiencia-para-symmetra-px-de-hasta-40kva-el-modulo-debe-de-ir-cotizado-con-servicio-de-instalacin-de-lo-contrario-se-venderia-sin-garantia-consulta\/\" \/>\n<meta property=\"og:locale\" content=\"es_MX\" \/>\n<meta property=\"og:type\" content=\"article\" \/>\n<meta property=\"og:title\" content=\"[ Apc ] &#129351; Sypm10kf2 Modulo De Poder De 10 Kw De Alta Eficiencia, Para Symmetra Px De Hasta 40kva, El Modulo Debe De Ir Cotizado Con Servicio De Instalaci\u00f3n De Lo Contrario Se Venderia Sin Garantia (consulta Con El Pm)\" \/>\n<meta property=\"og:description\" content=\"Compra Sypm10kf2 Modulo De Poder De 10 Kw De Alta Eficiencia, Para Symmetra Px De Hasta 40kva, El Modulo Debe De Ir Cotizado Con Servicio De Instalaci\u00f3n De Lo Contrario Se Venderia Sin Garantia (consulta Con El Pm) + Env\u00edo a domicilio + Pago seguro + Garant\u00eda\" \/>\n<meta property=\"og:url\" content=\"https:\/\/compuviper.mx\/tienda\/producto\/apc-sypm10kf2-modulo-de-poder-de-10-kw-de-alta-eficiencia-para-symmetra-px-de-hasta-40kva-el-modulo-debe-de-ir-cotizado-con-servicio-de-instalacin-de-lo-contrario-se-venderia-sin-garantia-consulta\/\" \/>\n<meta property=\"og:site_name\" content=\"Compuviper\" \/>\n<meta property=\"article:publisher\" content=\"https:\/\/www.facebook.com\/compuviper\" \/>\n<meta property=\"og:image\" content=\"https:\/\/compuviper.mx\/tienda\/wp-content\/uploads\/2023\/12\/Modulo-de-poder-de-10-kw-de-alta-eficiencia-para-symmetra-px-de-hasta-40kva-el-modulo-debe-de-ir-cotizado-con-servicio-de-instalacion-de-lo-contrario-se-venderia-sin-garantia-consulta-con-el-pm.jpg\" \/>\n\t<meta property=\"og:image:width\" content=\"200\" \/>\n\t<meta property=\"og:image:height\" content=\"200\" \/>\n\t<meta property=\"og:image:type\" content=\"image\/jpeg\" \/>\n<meta name=\"twitter:card\" content=\"summary_large_image\" \/>\n<meta name=\"twitter:label1\" content=\"Precio\" \/>\n\t<meta name=\"twitter:data1\" content=\"&#36;94,463 &#36;92,574 con IVA\" \/>\n\t<meta name=\"twitter:label2\" content=\"Availability\" \/>\n\t<meta name=\"twitter:data2\" content=\"Out of stock\" \/>\n<script type=\"application\/ld+json\" class=\"yoast-schema-graph\">{\"@context\":\"https:\/\/schema.org\",\"@graph\":[{\"@type\":\"WebPage\",\"@id\":\"https:\/\/compuviper.mx\/tienda\/producto\/apc-sypm10kf2-modulo-de-poder-de-10-kw-de-alta-eficiencia-para-symmetra-px-de-hasta-40kva-el-modulo-debe-de-ir-cotizado-con-servicio-de-instalacin-de-lo-contrario-se-venderia-sin-garantia-consulta\/\",\"url\":\"https:\/\/compuviper.mx\/tienda\/producto\/apc-sypm10kf2-modulo-de-poder-de-10-kw-de-alta-eficiencia-para-symmetra-px-de-hasta-40kva-el-modulo-debe-de-ir-cotizado-con-servicio-de-instalacin-de-lo-contrario-se-venderia-sin-garantia-consulta\/\",\"name\":\"[ Apc ] &#129351; Sypm10kf2 Modulo De Poder De 10 Kw De Alta Eficiencia, Para Symmetra Px De Hasta 40kva, El Modulo Debe De Ir Cotizado Con Servicio De Instalaci\u00f3n De Lo Contrario Se Venderia Sin Garantia (consulta Con El Pm)\",\"isPartOf\":{\"@id\":\"https:\/\/compuviper.mx\/tienda\/#website\"},\"datePublished\":\"2026-04-25T06:28:16+00:00\",\"dateModified\":\"2026-04-25T06:28:16+00:00\",\"description\":\"Compra Sypm10kf2 Modulo De Poder De 10 Kw De Alta Eficiencia, Para Symmetra Px De Hasta 40kva, El Modulo Debe De Ir Cotizado Con Servicio De Instalaci\u00f3n De Lo Contrario Se Venderia Sin Garantia (consulta Con El Pm) + Env\u00edo a domicilio + Pago seguro + Garant\u00eda\",\"breadcrumb\":{\"@id\":\"https:\/\/compuviper.mx\/tienda\/producto\/apc-sypm10kf2-modulo-de-poder-de-10-kw-de-alta-eficiencia-para-symmetra-px-de-hasta-40kva-el-modulo-debe-de-ir-cotizado-con-servicio-de-instalacin-de-lo-contrario-se-venderia-sin-garantia-consulta\/#breadcrumb\"},\"inLanguage\":\"es-MX\",\"potentialAction\":[{\"@type\":\"ReadAction\",\"target\":[\"https:\/\/compuviper.mx\/tienda\/producto\/apc-sypm10kf2-modulo-de-poder-de-10-kw-de-alta-eficiencia-para-symmetra-px-de-hasta-40kva-el-modulo-debe-de-ir-cotizado-con-servicio-de-instalacin-de-lo-contrario-se-venderia-sin-garantia-consulta\/\"]}]},{\"@type\":\"BreadcrumbList\",\"@id\":\"https:\/\/compuviper.mx\/tienda\/producto\/apc-sypm10kf2-modulo-de-poder-de-10-kw-de-alta-eficiencia-para-symmetra-px-de-hasta-40kva-el-modulo-debe-de-ir-cotizado-con-servicio-de-instalacin-de-lo-contrario-se-venderia-sin-garantia-consulta\/#breadcrumb\",\"itemListElement\":[{\"@type\":\"ListItem\",\"position\":1,\"name\":\"Inicio\",\"item\":\"https:\/\/compuviper.mx\/tienda\/\"},{\"@type\":\"ListItem\",\"position\":2,\"name\":\"Productos\",\"item\":\"https:\/\/compuviper.mx\/tienda\/productos\/\"},{\"@type\":\"ListItem\",\"position\":3,\"name\":\"Energia\",\"item\":\"https:\/\/compuviper.mx\/tienda\/categoria-producto\/energia\/\"},{\"@type\":\"ListItem\",\"position\":4,\"name\":\"Modulo De Potencia\",\"item\":\"https:\/\/compuviper.mx\/tienda\/categoria-producto\/energia\/modulo-de-potencia\/\"},{\"@type\":\"ListItem\",\"position\":5,\"name\":\"Apc Sypm10kf2 Modulo De Poder De 10 Kw De Alta Eficiencia, Para Symmetra Px De Hasta 40kva, El Modulo Debe De Ir Cotizado Con Servicio De Instalaci?n De Lo Contrario Se Venderia Sin Garantia (consulta Con El Pm)\"}]},{\"@type\":\"WebSite\",\"@id\":\"https:\/\/compuviper.mx\/tienda\/#website\",\"url\":\"https:\/\/compuviper.mx\/tienda\/\",\"name\":\"Compuviper\",\"description\":\"Proveedor de Computadoras, Laptops, Servidores, Monitores, Puntos de Venta, Teclados,   Impresoras, T\u00f3ner, C\u00e1maras de Seguridad y m\u00e1s en tu tienda en l\u00ednea\",\"publisher\":{\"@id\":\"https:\/\/compuviper.mx\/tienda\/#organization\"},\"potentialAction\":[{\"@type\":\"SearchAction\",\"target\":{\"@type\":\"EntryPoint\",\"urlTemplate\":\"https:\/\/compuviper.mx\/tienda\/?s={search_term_string}\"},\"query-input\":\"required name=search_term_string\"}],\"inLanguage\":\"es-MX\"},{\"@type\":\"Organization\",\"@id\":\"https:\/\/compuviper.mx\/tienda\/#organization\",\"name\":\"Compuviper\",\"url\":\"https:\/\/compuviper.mx\/tienda\/\",\"logo\":{\"@type\":\"ImageObject\",\"inLanguage\":\"es-MX\",\"@id\":\"https:\/\/compuviper.mx\/tienda\/#\/schema\/logo\/image\/\",\"url\":\"https:\/\/compuviper.mx\/tienda\/wp-content\/uploads\/2021\/08\/Logo-Compuviper-10.png\",\"contentUrl\":\"https:\/\/compuviper.mx\/tienda\/wp-content\/uploads\/2021\/08\/Logo-Compuviper-10.png\",\"width\":1000,\"height\":500,\"caption\":\"Compuviper\"},\"image\":{\"@id\":\"https:\/\/compuviper.mx\/tienda\/#\/schema\/logo\/image\/\"},\"sameAs\":[\"https:\/\/www.facebook.com\/compuviper\",\"https:\/\/www.youtube.com\/channel\/UCf73dERp9Y3cfOq7q8BhLjA?view_as=subscriber\"]}]}<\/script>\n<meta property=\"product:brand\" content=\"APC\" \/>\n<meta property=\"product:price:amount\" content=\"92574\" \/>\n<meta property=\"product:price:currency\" content=\"MXN\" \/>\n<meta property=\"og:availability\" content=\"out of stock\" \/>\n<meta property=\"product:availability\" content=\"out of stock\" \/>\n<meta property=\"product:retailer_item_id\" content=\"SYPM10KF2\" \/>\n<meta property=\"product:condition\" content=\"new\" \/>\n<!-- \/ Yoast SEO plugin. -->","yoast_head_json":{"title":"[ Apc ] &#129351; Sypm10kf2 Modulo De Poder De 10 Kw De Alta Eficiencia, Para Symmetra Px De Hasta 40kva, El Modulo Debe De Ir Cotizado Con Servicio De Instalaci\u00f3n De Lo Contrario Se Venderia Sin Garantia (consulta Con El Pm)","description":"Compra Sypm10kf2 Modulo De Poder De 10 Kw De Alta Eficiencia, Para Symmetra Px De Hasta 40kva, El Modulo Debe De Ir Cotizado Con Servicio De Instalaci\u00f3n De Lo Contrario Se Venderia Sin Garantia (consulta Con El Pm) + Env\u00edo a domicilio + Pago seguro + Garant\u00eda","robots":{"index":"index","follow":"follow","max-snippet":"max-snippet:-1","max-image-preview":"max-image-preview:large","max-video-preview":"max-video-preview:-1"},"canonical":"https:\/\/compuviper.mx\/tienda\/producto\/apc-sypm10kf2-modulo-de-poder-de-10-kw-de-alta-eficiencia-para-symmetra-px-de-hasta-40kva-el-modulo-debe-de-ir-cotizado-con-servicio-de-instalacin-de-lo-contrario-se-venderia-sin-garantia-consulta\/","og_locale":"es_MX","og_type":"article","og_title":"[ Apc ] &#129351; Sypm10kf2 Modulo De Poder De 10 Kw De Alta Eficiencia, Para Symmetra Px De Hasta 40kva, El Modulo Debe De Ir Cotizado Con Servicio De Instalaci\u00f3n De Lo Contrario Se Venderia Sin Garantia (consulta Con El Pm)","og_description":"Compra Sypm10kf2 Modulo De Poder De 10 Kw De Alta Eficiencia, Para Symmetra Px De Hasta 40kva, El Modulo Debe De Ir Cotizado Con Servicio De Instalaci\u00f3n De Lo Contrario Se Venderia Sin Garantia (consulta Con El Pm) + Env\u00edo a domicilio + Pago seguro + Garant\u00eda","og_url":"https:\/\/compuviper.mx\/tienda\/producto\/apc-sypm10kf2-modulo-de-poder-de-10-kw-de-alta-eficiencia-para-symmetra-px-de-hasta-40kva-el-modulo-debe-de-ir-cotizado-con-servicio-de-instalacin-de-lo-contrario-se-venderia-sin-garantia-consulta\/","og_site_name":"Compuviper","article_publisher":"https:\/\/www.facebook.com\/compuviper","og_image":[{"width":200,"height":200,"url":"https:\/\/compuviper.mx\/tienda\/wp-content\/uploads\/2023\/12\/Modulo-de-poder-de-10-kw-de-alta-eficiencia-para-symmetra-px-de-hasta-40kva-el-modulo-debe-de-ir-cotizado-con-servicio-de-instalacion-de-lo-contrario-se-venderia-sin-garantia-consulta-con-el-pm.jpg","type":"image\/jpeg"}],"twitter_card":"summary_large_image","twitter_misc":{"Precio":"&#36;94,463 &#36;92,574 con IVA","Availability":"Out of stock"},"schema":{"@context":"https:\/\/schema.org","@graph":[{"@type":"WebPage","@id":"https:\/\/compuviper.mx\/tienda\/producto\/apc-sypm10kf2-modulo-de-poder-de-10-kw-de-alta-eficiencia-para-symmetra-px-de-hasta-40kva-el-modulo-debe-de-ir-cotizado-con-servicio-de-instalacin-de-lo-contrario-se-venderia-sin-garantia-consulta\/","url":"https:\/\/compuviper.mx\/tienda\/producto\/apc-sypm10kf2-modulo-de-poder-de-10-kw-de-alta-eficiencia-para-symmetra-px-de-hasta-40kva-el-modulo-debe-de-ir-cotizado-con-servicio-de-instalacin-de-lo-contrario-se-venderia-sin-garantia-consulta\/","name":"[ Apc ] &#129351; Sypm10kf2 Modulo De Poder De 10 Kw De Alta Eficiencia, Para Symmetra Px De Hasta 40kva, El Modulo Debe De Ir Cotizado Con Servicio De Instalaci\u00f3n De Lo Contrario Se Venderia Sin Garantia (consulta Con El Pm)","isPartOf":{"@id":"https:\/\/compuviper.mx\/tienda\/#website"},"datePublished":"2026-04-25T06:28:16+00:00","dateModified":"2026-04-25T06:28:16+00:00","description":"Compra Sypm10kf2 Modulo De Poder De 10 Kw De Alta Eficiencia, Para Symmetra Px De Hasta 40kva, El Modulo Debe De Ir Cotizado Con Servicio De Instalaci\u00f3n De Lo Contrario Se Venderia Sin Garantia (consulta Con El Pm) + Env\u00edo a domicilio + Pago seguro + Garant\u00eda","breadcrumb":{"@id":"https:\/\/compuviper.mx\/tienda\/producto\/apc-sypm10kf2-modulo-de-poder-de-10-kw-de-alta-eficiencia-para-symmetra-px-de-hasta-40kva-el-modulo-debe-de-ir-cotizado-con-servicio-de-instalacin-de-lo-contrario-se-venderia-sin-garantia-consulta\/#breadcrumb"},"inLanguage":"es-MX","potentialAction":[{"@type":"ReadAction","target":["https:\/\/compuviper.mx\/tienda\/producto\/apc-sypm10kf2-modulo-de-poder-de-10-kw-de-alta-eficiencia-para-symmetra-px-de-hasta-40kva-el-modulo-debe-de-ir-cotizado-con-servicio-de-instalacin-de-lo-contrario-se-venderia-sin-garantia-consulta\/"]}]},{"@type":"BreadcrumbList","@id":"https:\/\/compuviper.mx\/tienda\/producto\/apc-sypm10kf2-modulo-de-poder-de-10-kw-de-alta-eficiencia-para-symmetra-px-de-hasta-40kva-el-modulo-debe-de-ir-cotizado-con-servicio-de-instalacin-de-lo-contrario-se-venderia-sin-garantia-consulta\/#breadcrumb","itemListElement":[{"@type":"ListItem","position":1,"name":"Inicio","item":"https:\/\/compuviper.mx\/tienda\/"},{"@type":"ListItem","position":2,"name":"Productos","item":"https:\/\/compuviper.mx\/tienda\/productos\/"},{"@type":"ListItem","position":3,"name":"Energia","item":"https:\/\/compuviper.mx\/tienda\/categoria-producto\/energia\/"},{"@type":"ListItem","position":4,"name":"Modulo De Potencia","item":"https:\/\/compuviper.mx\/tienda\/categoria-producto\/energia\/modulo-de-potencia\/"},{"@type":"ListItem","position":5,"name":"Apc Sypm10kf2 Modulo De Poder De 10 Kw De Alta Eficiencia, Para Symmetra Px De Hasta 40kva, El Modulo Debe De Ir Cotizado Con Servicio De Instalaci?n De Lo Contrario Se Venderia Sin Garantia (consulta Con El Pm)"}]},{"@type":"WebSite","@id":"https:\/\/compuviper.mx\/tienda\/#website","url":"https:\/\/compuviper.mx\/tienda\/","name":"Compuviper","description":"Proveedor de Computadoras, Laptops, Servidores, Monitores, Puntos de Venta, Teclados,   Impresoras, T\u00f3ner, C\u00e1maras de Seguridad y m\u00e1s en tu tienda en l\u00ednea","publisher":{"@id":"https:\/\/compuviper.mx\/tienda\/#organization"},"potentialAction":[{"@type":"SearchAction","target":{"@type":"EntryPoint","urlTemplate":"https:\/\/compuviper.mx\/tienda\/?s={search_term_string}"},"query-input":"required name=search_term_string"}],"inLanguage":"es-MX"},{"@type":"Organization","@id":"https:\/\/compuviper.mx\/tienda\/#organization","name":"Compuviper","url":"https:\/\/compuviper.mx\/tienda\/","logo":{"@type":"ImageObject","inLanguage":"es-MX","@id":"https:\/\/compuviper.mx\/tienda\/#\/schema\/logo\/image\/","url":"https:\/\/compuviper.mx\/tienda\/wp-content\/uploads\/2021\/08\/Logo-Compuviper-10.png","contentUrl":"https:\/\/compuviper.mx\/tienda\/wp-content\/uploads\/2021\/08\/Logo-Compuviper-10.png","width":1000,"height":500,"caption":"Compuviper"},"image":{"@id":"https:\/\/compuviper.mx\/tienda\/#\/schema\/logo\/image\/"},"sameAs":["https:\/\/www.facebook.com\/compuviper","https:\/\/www.youtube.com\/channel\/UCf73dERp9Y3cfOq7q8BhLjA?view_as=subscriber"]}]},"product_brand":"APC","product_price_amount":"92574","product_price_currency":"MXN","og_availability":"out of stock","product_availability":"out of stock","product_retailer_item_id":"SYPM10KF2","product_condition":"new"},"_links":{"self":[{"href":"https:\/\/compuviper.mx\/tienda\/wp-json\/wp\/v2\/product\/218081"}],"collection":[{"href":"https:\/\/compuviper.mx\/tienda\/wp-json\/wp\/v2\/product"}],"about":[{"href":"https:\/\/compuviper.mx\/tienda\/wp-json\/wp\/v2\/types\/product"}],"replies":[{"embeddable":true,"href":"https:\/\/compuviper.mx\/tienda\/wp-json\/wp\/v2\/comments?post=218081"}],"wp:featuredmedia":[{"embeddable":true,"href":"https:\/\/compuviper.mx\/tienda\/wp-json\/wp\/v2\/media\/218082"}],"wp:attachment":[{"href":"https:\/\/compuviper.mx\/tienda\/wp-json\/wp\/v2\/media?parent=218081"}],"wp:term":[{"taxonomy":"product_cat","embeddable":true,"href":"https:\/\/compuviper.mx\/tienda\/wp-json\/wp\/v2\/product_cat?post=218081"},{"taxonomy":"product_tag","embeddable":true,"href":"https:\/\/compuviper.mx\/tienda\/wp-json\/wp\/v2\/product_tag?post=218081"}],"curies":[{"name":"wp","href":"https:\/\/api.w.org\/{rel}","templated":true}]}}