{"id":218079,"date":"2026-04-08T00:36:18","date_gmt":"2026-04-08T06:36:18","guid":{"rendered":"https:\/\/compuviper.mx\/tienda\/producto\/cyberpower-or2200pfcrt2u-no-break-2000-va-1540-watts-interactivo-onda-senoidal-pura-pfc-rack-torre-8-nema-2x5-20r6x5-15r-3-aos-de-garanta-incluyendo-bateras\/"},"modified":"2026-04-08T00:36:18","modified_gmt":"2026-04-08T06:36:18","slug":"cyberpower-or2200pfcrt2u-no-break-2000-va-1540-watts-interactivo-onda-senoidal-pura-pfc-rack-torre-8-nema-2x5-20r6x5-15r-3-aos-de-garanta-incluyendo-bateras","status":"publish","type":"product","link":"https:\/\/compuviper.mx\/tienda\/producto\/cyberpower-or2200pfcrt2u-no-break-2000-va-1540-watts-interactivo-onda-senoidal-pura-pfc-rack-torre-8-nema-2x5-20r6x5-15r-3-aos-de-garanta-incluyendo-bateras\/","title":{"rendered":"Cyberpower Or2200pfcrt2u No Break  () 2000 Va 1540 Watts, Interactivo, Onda Senoidal Pura Pfc, Rack \/ Torre  8 Nema (2&#215;5-20r,6&#215;5-15r) 3 A?os De Garant?a Incluyendo Bater?as."},"content":{"rendered":"<table class=\"descripcion\">\n<tr>\n<td>General<\/td>\n<\/tr>\n<tr>\n<td>Topolog\u00eda de sai: interactivo de l\u00ednea<\/td>\n<\/tr>\n<tr>\n<td>Tecnolog\u00eda energy saving<\/td>\n<\/tr>\n<tr>\n<td>Tecnolog\u00eda de derivaci\u00f3n greenpower ups\u00bf<\/td>\n<\/tr>\n<tr>\n<td>Calificaci\u00f3n energy star: s\u00ed<\/td>\n<\/tr>\n<tr>\n<td>Compatible con active pfc: s\u00ed<\/td>\n<\/tr>\n<tr>\n<td>Entrada<\/td>\n<\/tr>\n<tr>\n<td>Compatible con generador s\u00ed<\/td>\n<\/tr>\n<tr>\n<td>Tensi\u00f3n de entrada nominal (vca) 120<\/td>\n<\/tr>\n<tr>\n<td>Rango de tensi\u00f3n de entrada (vca) 88 ~ 139<\/td>\n<\/tr>\n<tr>\n<td>Rango de tensi\u00f3n ajustable (vca) 86 ~ 142 vac<\/td>\n<\/tr>\n<tr>\n<td>Frecuencia de entrada (s.f.) 60 \u00b1 3<\/td>\n<\/tr>\n<tr>\n<td>Corriente de entrada nominal (a) 16<\/td>\n<\/tr>\n<tr>\n<td>Tipo de conector de entrada nema 5-20p \u00bf<\/td>\n<\/tr>\n<tr>\n<td>Estilo de conector \u00e1ngulo recto<\/td>\n<\/tr>\n<tr>\n<td>Longitud del cable de alimentaci\u00f3n (pies) 10<\/td>\n<\/tr>\n<tr>\n<td>Longitud del cable de alimentaci\u00f3n de alimentaci\u00f3n (m) 3.05<\/td>\n<\/tr>\n<tr>\n<td>Salida<\/td>\n<\/tr>\n<tr>\n<td>Capacidad (va) 2000<\/td>\n<\/tr>\n<tr>\n<td>Capacidad (watts) 1540<\/td>\n<\/tr>\n<tr>\n<td>Forma de onda en bater\u00eda: onda sinusoidal pura<\/td>\n<\/tr>\n<tr>\n<td>Tensi\u00f3n(es) en bater\u00eda (vca) 120 \u00b1 5%<\/td>\n<\/tr>\n<tr>\n<td>Frecuencia en bater\u00eda (s.f.) 60 \u00b1 1%<\/td>\n<\/tr>\n<tr>\n<td>Regulaci\u00f3n de tensi\u00f3n autom\u00e1tica (avr) aumento \u00fanico, protecci\u00f3n contra sobrecargas y limitaci\u00f3n de tensi\u00f3n interna<\/td>\n<\/tr>\n<tr>\n<td>Outlet(s) \u00bf total 8<\/td>\n<\/tr>\n<tr>\n<td>Tipo de salida nema 5-20r x 8 \u00bf<\/td>\n<\/tr>\n<tr>\n<td>Outlet(s) &#8211; battery  and  surge protected 8<\/td>\n<\/tr>\n<tr>\n<td>Tiempo de transferencia t\u00edpico (ms) 4<\/td>\n<\/tr>\n<tr>\n<td>Bater\u00eda tiempo de ejecuci\u00f3n a media carga (min) 15.5<\/td>\n<\/tr>\n<tr>\n<td>Tiempo de ejecuci\u00f3n a carga completa (min) 4.5<\/td>\n<\/tr>\n<tr>\n<td>Tiempo de recarga t\u00edpico (horas) 10<\/td>\n<\/tr>\n<tr>\n<td>Arranque en bater\u00eda s\u00ed<\/td>\n<\/tr>\n<tr>\n<td>User-replaceable s\u00ed<\/td>\n<\/tr>\n<tr>\n<td>Hot-swappable s\u00ed<\/td>\n<\/tr>\n<tr>\n<td>Tipo de bater\u00eda plomo \u00e1cido sellada<\/td>\n<\/tr>\n<tr>\n<td>Paquete de sustituci\u00f3n de bater\u00eda rb1290x4h<\/td>\n<\/tr>\n<tr>\n<td>Cantidad de rbp (pzs) 1<\/td>\n<\/tr>\n<tr>\n<td>Protecci\u00f3n contra sobretensiones y filtrado<\/td>\n<\/tr>\n<tr>\n<td>Supresi\u00f3n de sobretensiones (julios) :1470<\/td>\n<\/tr>\n<tr>\n<td>Filtraci\u00f3n emi y rfi s\u00ed<\/td>\n<\/tr>\n<tr>\n<td>Protecci\u00f3n de tel\u00e9fono y red rj11\/rj45 (combo) 1 entrada, 1 salida<\/td>\n<\/tr>\n<tr>\n<td>Gesti\u00f3n y comunicaciones<\/td>\n<\/tr>\n<tr>\n<td>Panel lcd s\u00ed<\/td>\n<\/tr>\n<tr>\n<td>Pantalla de informaci\u00f3n lcd<\/td>\n<\/tr>\n<tr>\n<td>Tipo de funcionamiento, estado de la alimentaci\u00f3n, estado de la bater\u00eda , estado de la carga , fallo y advertencia<\/td>\n<\/tr>\n<tr>\n<td>Ajustes y control lcd: ajustes de alarma, entrada y salida<\/td>\n<\/tr>\n<tr>\n<td>Indicadores led: encendido, fallo del cableado<\/td>\n<\/tr>\n<tr>\n<td>Hid compliant usb port(s) 1<\/td>\n<\/tr>\n<tr>\n<td>Puerto serie rs232<\/td>\n<\/tr>\n<tr>\n<td>Puerto (epo) de apagado de emergencia s\u00ed<\/td>\n<\/tr>\n<tr>\n<td>Alarmas audibles:modo de bater\u00eda , bater\u00eda baja , sobrecarga<\/td>\n<\/tr>\n<tr>\n<td>Software de gesti\u00f3n de la potencia: edici\u00f3n empresarial powerpanel\u00ae<\/td>\n<\/tr>\n<tr>\n<td>F\u00edsico<\/td>\n<\/tr>\n<tr>\n<td>Factor de forma rack \/torre<\/td>\n<\/tr>\n<tr>\n<td>Construcci\u00f3n de carcasa: metal<\/td>\n<\/tr>\n<tr>\n<td>Color: negro<\/td>\n<\/tr>\n<tr>\n<td>Orejeras de montura de armario: s\u00ed<\/td>\n<\/tr>\n<tr>\n<td>Tama\u00f1o f\u00edsico<\/td>\n<\/tr>\n<tr>\n<td>M\u00f3dulo de sai dimensiones (anxalxp) (pulgadas) 17 x 3.5 x 15.3<\/td>\n<\/tr>\n<tr>\n<td>Dimensiones (anxalxp) (mm) 433 x 88 x 387<\/td>\n<\/tr>\n<tr>\n<td>Peso (libras) 57.32<\/td>\n<\/tr>\n<tr>\n<td>Peso (kg) 26<\/td>\n<\/tr>\n<tr>\n<td>Altura de armario instalado (u) 2<\/td>\n<\/tr>\n<tr>\n<td>Dimensiones para el env\u00edo dimensiones (anxalxp) (pulgadas) 21.3 x 11.8 x 20.5<\/td>\n<\/tr>\n<tr>\n<td>Dimensiones (anxalxp) (mm) 542 x 300 x 520<\/td>\n<\/tr>\n<tr>\n<td>Peso (libras) 61.5<\/td>\n<\/tr>\n<tr>\n<td>Peso (kg) 27.9<\/td>\n<\/tr>\n<tr>\n<td>Medioambiental<\/td>\n<\/tr>\n<tr>\n<td>Temperatura de funcionamiento (\u00baf)32 ~ 104<\/td>\n<\/tr>\n<tr>\n<td>Temperatura de funcionamiento (\u00bac) 0 ~ 40<\/td>\n<\/tr>\n<tr>\n<td>Humedad relativa de funcionamiento (sin condensaci\u00f3n) (%) 0 ~ 95<\/td>\n<\/tr>\n<tr>\n<td>Elevaci\u00f3n de funcionamiento (pies\/metros)<\/td>\n<\/tr>\n<tr>\n<td>0-10.000 pies (0-3.000 metros)<\/td>\n<\/tr>\n<tr>\n<td>Temperatura de almacenamiento (\u00baf) 5 ~ 113<\/td>\n<\/tr>\n<tr>\n<td>Temperatura de almacenamiento (\u00bac) -15 ~ 45<\/td>\n<\/tr>\n<tr>\n<td>Humedad relativa de almacenamiento (sin condensaci\u00f3n) (%) 0 ~ 95<\/td>\n<\/tr>\n<tr>\n<td>Elevaci\u00f3n de almacenamiento (pies\/metros) 0-50.000 pies (0-15.000 metros)<\/td>\n<\/tr>\n<tr>\n<td>Disipaci\u00f3n t\u00e9rmica en l\u00ednea (btu\/h) 177.5<\/td>\n<\/tr>\n<tr>\n<td>Ruido audible a 1,0m desde la superficie de la unidad (dba) 48.5<\/td>\n<\/tr>\n<tr>\n<td>Certificaciones<\/td>\n<\/tr>\n<tr>\n<td>Certificaciones: fcc clase a , ul , nom<\/td>\n<\/tr>\n<tr>\n<td>Rohs: s\u00ed<\/td>\n<\/tr>\n<tr>\n<td>Garantia de 3 a\u00f1os en equipo y baterias<\/td>\n<\/tr>\n<\/table>\n","protected":false},"excerpt":{"rendered":"<p>Ups, (no breaks) con pantalla lcd inteligente multifuncion. Pfc lcd onda senoidal adaptiva, con regulador de voltaje (avr). Convertibles torre\/rack 2u. Disenados para aplicaciones de redes corporativas. Capacidad de administracion remota http\/snmp. Gabinete metalico solido. Software de administracion powerpanel business edition. 3 anos de garantia.<\/p>\n","protected":false},"featured_media":218080,"comment_status":"open","ping_status":"open","template":"","meta":[],"product_cat":[1508,1691],"product_tag":[1692],"acf":[],"yoast_head":"<!-- This site is optimized with the Yoast SEO plugin v21.7 - https:\/\/yoast.com\/wordpress\/plugins\/seo\/ -->\n<title>[ Cyberpower ] &#129351; Or2200pfcrt2u No Break () 2000 Va 1540 Watts, Interactivo, Onda Senoidal Pura Pfc, Rack \/ Torre 8 Nema (2x5-20r,6x5-15r) 3 A\u00f1os De Garant\u00eda Incluyendo Bater\u00edas.<\/title>\n<meta name=\"description\" content=\"Compra Or2200pfcrt2u No Break () 2000 Va 1540 Watts, Interactivo, Onda Senoidal Pura Pfc, Rack \/ Torre 8 Nema (2x5-20r,6x5-15r) 3 A\u00f1os De Garant\u00eda Incluyendo Bater\u00edas. + Env\u00edo a domicilio + Pago seguro + Garant\u00eda\" \/>\n<meta name=\"robots\" content=\"index, follow, max-snippet:-1, max-image-preview:large, max-video-preview:-1\" \/>\n<link rel=\"canonical\" href=\"https:\/\/compuviper.mx\/tienda\/producto\/cyberpower-or2200pfcrt2u-no-break-2000-va-1540-watts-interactivo-onda-senoidal-pura-pfc-rack-torre-8-nema-2x5-20r6x5-15r-3-aos-de-garanta-incluyendo-bateras\/\" \/>\n<meta property=\"og:locale\" content=\"es_MX\" \/>\n<meta property=\"og:type\" content=\"article\" \/>\n<meta property=\"og:title\" content=\"[ Cyberpower ] &#129351; Or2200pfcrt2u No Break () 2000 Va 1540 Watts, Interactivo, Onda Senoidal Pura Pfc, Rack \/ Torre 8 Nema (2x5-20r,6x5-15r) 3 A\u00f1os De Garant\u00eda Incluyendo Bater\u00edas.\" \/>\n<meta property=\"og:description\" content=\"Compra Or2200pfcrt2u No Break () 2000 Va 1540 Watts, Interactivo, Onda Senoidal Pura Pfc, Rack \/ Torre 8 Nema (2x5-20r,6x5-15r) 3 A\u00f1os De Garant\u00eda Incluyendo Bater\u00edas. + Env\u00edo a domicilio + Pago seguro + Garant\u00eda\" \/>\n<meta property=\"og:url\" content=\"https:\/\/compuviper.mx\/tienda\/producto\/cyberpower-or2200pfcrt2u-no-break-2000-va-1540-watts-interactivo-onda-senoidal-pura-pfc-rack-torre-8-nema-2x5-20r6x5-15r-3-aos-de-garanta-incluyendo-bateras\/\" \/>\n<meta property=\"og:site_name\" content=\"Compuviper\" \/>\n<meta property=\"article:publisher\" content=\"https:\/\/www.facebook.com\/compuviper\" \/>\n<meta property=\"og:image\" content=\"https:\/\/compuviper.mx\/tienda\/wp-content\/uploads\/2023\/12\/No-break-cyberpower-or2200pfcrt2u-2000-va-1540-watts-interactivo-onda-senoidal-pura-pfc-rack-torre-8-nema-2x5-20r6x5-15r-3-anos-de-garantia-incluyendo-baterias.jpg\" \/>\n\t<meta property=\"og:image:width\" content=\"200\" \/>\n\t<meta property=\"og:image:height\" content=\"200\" \/>\n\t<meta property=\"og:image:type\" content=\"image\/jpeg\" \/>\n<meta name=\"twitter:card\" content=\"summary_large_image\" \/>\n<meta name=\"twitter:label1\" content=\"Precio\" \/>\n\t<meta name=\"twitter:data1\" content=\"&#36;12,770 con IVA\" \/>\n\t<meta name=\"twitter:label2\" content=\"Availability\" \/>\n\t<meta name=\"twitter:data2\" content=\"Out of stock\" \/>\n<script type=\"application\/ld+json\" class=\"yoast-schema-graph\">{\"@context\":\"https:\/\/schema.org\",\"@graph\":[{\"@type\":\"WebPage\",\"@id\":\"https:\/\/compuviper.mx\/tienda\/producto\/cyberpower-or2200pfcrt2u-no-break-2000-va-1540-watts-interactivo-onda-senoidal-pura-pfc-rack-torre-8-nema-2x5-20r6x5-15r-3-aos-de-garanta-incluyendo-bateras\/\",\"url\":\"https:\/\/compuviper.mx\/tienda\/producto\/cyberpower-or2200pfcrt2u-no-break-2000-va-1540-watts-interactivo-onda-senoidal-pura-pfc-rack-torre-8-nema-2x5-20r6x5-15r-3-aos-de-garanta-incluyendo-bateras\/\",\"name\":\"[ Cyberpower ] &#129351; Or2200pfcrt2u No Break () 2000 Va 1540 Watts, Interactivo, Onda Senoidal Pura Pfc, Rack \/ Torre 8 Nema (2x5-20r,6x5-15r) 3 A\u00f1os De Garant\u00eda Incluyendo Bater\u00edas.\",\"isPartOf\":{\"@id\":\"https:\/\/compuviper.mx\/tienda\/#website\"},\"datePublished\":\"2026-04-08T06:36:18+00:00\",\"dateModified\":\"2026-04-08T06:36:18+00:00\",\"description\":\"Compra Or2200pfcrt2u No Break () 2000 Va 1540 Watts, Interactivo, Onda Senoidal Pura Pfc, Rack \/ Torre 8 Nema (2x5-20r,6x5-15r) 3 A\u00f1os De Garant\u00eda Incluyendo Bater\u00edas. + Env\u00edo a domicilio + Pago seguro + Garant\u00eda\",\"breadcrumb\":{\"@id\":\"https:\/\/compuviper.mx\/tienda\/producto\/cyberpower-or2200pfcrt2u-no-break-2000-va-1540-watts-interactivo-onda-senoidal-pura-pfc-rack-torre-8-nema-2x5-20r6x5-15r-3-aos-de-garanta-incluyendo-bateras\/#breadcrumb\"},\"inLanguage\":\"es-MX\",\"potentialAction\":[{\"@type\":\"ReadAction\",\"target\":[\"https:\/\/compuviper.mx\/tienda\/producto\/cyberpower-or2200pfcrt2u-no-break-2000-va-1540-watts-interactivo-onda-senoidal-pura-pfc-rack-torre-8-nema-2x5-20r6x5-15r-3-aos-de-garanta-incluyendo-bateras\/\"]}]},{\"@type\":\"BreadcrumbList\",\"@id\":\"https:\/\/compuviper.mx\/tienda\/producto\/cyberpower-or2200pfcrt2u-no-break-2000-va-1540-watts-interactivo-onda-senoidal-pura-pfc-rack-torre-8-nema-2x5-20r6x5-15r-3-aos-de-garanta-incluyendo-bateras\/#breadcrumb\",\"itemListElement\":[{\"@type\":\"ListItem\",\"position\":1,\"name\":\"Inicio\",\"item\":\"https:\/\/compuviper.mx\/tienda\/\"},{\"@type\":\"ListItem\",\"position\":2,\"name\":\"Productos\",\"item\":\"https:\/\/compuviper.mx\/tienda\/productos\/\"},{\"@type\":\"ListItem\",\"position\":3,\"name\":\"Energia\",\"item\":\"https:\/\/compuviper.mx\/tienda\/categoria-producto\/energia\/\"},{\"@type\":\"ListItem\",\"position\":4,\"name\":\"No Break\",\"item\":\"https:\/\/compuviper.mx\/tienda\/categoria-producto\/energia\/no-break\/\"},{\"@type\":\"ListItem\",\"position\":5,\"name\":\"Cyberpower Or2200pfcrt2u No Break () 2000 Va 1540 Watts, Interactivo, Onda Senoidal Pura Pfc, Rack \/ Torre 8 Nema (2&#215;5-20r,6&#215;5-15r) 3 A?os De Garant?a Incluyendo Bater?as.\"}]},{\"@type\":\"WebSite\",\"@id\":\"https:\/\/compuviper.mx\/tienda\/#website\",\"url\":\"https:\/\/compuviper.mx\/tienda\/\",\"name\":\"Compuviper\",\"description\":\"Proveedor de Computadoras, Laptops, Servidores, Monitores, Puntos de Venta, Teclados,   Impresoras, T\u00f3ner, C\u00e1maras de Seguridad y m\u00e1s en tu tienda en l\u00ednea\",\"publisher\":{\"@id\":\"https:\/\/compuviper.mx\/tienda\/#organization\"},\"potentialAction\":[{\"@type\":\"SearchAction\",\"target\":{\"@type\":\"EntryPoint\",\"urlTemplate\":\"https:\/\/compuviper.mx\/tienda\/?s={search_term_string}\"},\"query-input\":\"required name=search_term_string\"}],\"inLanguage\":\"es-MX\"},{\"@type\":\"Organization\",\"@id\":\"https:\/\/compuviper.mx\/tienda\/#organization\",\"name\":\"Compuviper\",\"url\":\"https:\/\/compuviper.mx\/tienda\/\",\"logo\":{\"@type\":\"ImageObject\",\"inLanguage\":\"es-MX\",\"@id\":\"https:\/\/compuviper.mx\/tienda\/#\/schema\/logo\/image\/\",\"url\":\"https:\/\/compuviper.mx\/tienda\/wp-content\/uploads\/2021\/08\/Logo-Compuviper-10.png\",\"contentUrl\":\"https:\/\/compuviper.mx\/tienda\/wp-content\/uploads\/2021\/08\/Logo-Compuviper-10.png\",\"width\":1000,\"height\":500,\"caption\":\"Compuviper\"},\"image\":{\"@id\":\"https:\/\/compuviper.mx\/tienda\/#\/schema\/logo\/image\/\"},\"sameAs\":[\"https:\/\/www.facebook.com\/compuviper\",\"https:\/\/www.youtube.com\/channel\/UCf73dERp9Y3cfOq7q8BhLjA?view_as=subscriber\"]}]}<\/script>\n<meta property=\"product:brand\" content=\"CYBERPOWER\" \/>\n<meta property=\"product:price:amount\" content=\"12770\" \/>\n<meta property=\"product:price:currency\" content=\"MXN\" \/>\n<meta property=\"og:availability\" content=\"out of stock\" \/>\n<meta property=\"product:availability\" content=\"out of stock\" \/>\n<meta property=\"product:retailer_item_id\" content=\"OR2200PFCRT2U\" \/>\n<meta property=\"product:condition\" content=\"new\" \/>\n<!-- \/ Yoast SEO plugin. -->","yoast_head_json":{"title":"[ Cyberpower ] &#129351; Or2200pfcrt2u No Break () 2000 Va 1540 Watts, Interactivo, Onda Senoidal Pura Pfc, Rack \/ Torre 8 Nema (2x5-20r,6x5-15r) 3 A\u00f1os De Garant\u00eda Incluyendo Bater\u00edas.","description":"Compra Or2200pfcrt2u No Break () 2000 Va 1540 Watts, Interactivo, Onda Senoidal Pura Pfc, Rack \/ Torre 8 Nema (2x5-20r,6x5-15r) 3 A\u00f1os De Garant\u00eda Incluyendo Bater\u00edas. + Env\u00edo a domicilio + Pago seguro + Garant\u00eda","robots":{"index":"index","follow":"follow","max-snippet":"max-snippet:-1","max-image-preview":"max-image-preview:large","max-video-preview":"max-video-preview:-1"},"canonical":"https:\/\/compuviper.mx\/tienda\/producto\/cyberpower-or2200pfcrt2u-no-break-2000-va-1540-watts-interactivo-onda-senoidal-pura-pfc-rack-torre-8-nema-2x5-20r6x5-15r-3-aos-de-garanta-incluyendo-bateras\/","og_locale":"es_MX","og_type":"article","og_title":"[ Cyberpower ] &#129351; Or2200pfcrt2u No Break () 2000 Va 1540 Watts, Interactivo, Onda Senoidal Pura Pfc, Rack \/ Torre 8 Nema (2x5-20r,6x5-15r) 3 A\u00f1os De Garant\u00eda Incluyendo Bater\u00edas.","og_description":"Compra Or2200pfcrt2u No Break () 2000 Va 1540 Watts, Interactivo, Onda Senoidal Pura Pfc, Rack \/ Torre 8 Nema (2x5-20r,6x5-15r) 3 A\u00f1os De Garant\u00eda Incluyendo Bater\u00edas. + Env\u00edo a domicilio + Pago seguro + Garant\u00eda","og_url":"https:\/\/compuviper.mx\/tienda\/producto\/cyberpower-or2200pfcrt2u-no-break-2000-va-1540-watts-interactivo-onda-senoidal-pura-pfc-rack-torre-8-nema-2x5-20r6x5-15r-3-aos-de-garanta-incluyendo-bateras\/","og_site_name":"Compuviper","article_publisher":"https:\/\/www.facebook.com\/compuviper","og_image":[{"width":200,"height":200,"url":"https:\/\/compuviper.mx\/tienda\/wp-content\/uploads\/2023\/12\/No-break-cyberpower-or2200pfcrt2u-2000-va-1540-watts-interactivo-onda-senoidal-pura-pfc-rack-torre-8-nema-2x5-20r6x5-15r-3-anos-de-garantia-incluyendo-baterias.jpg","type":"image\/jpeg"}],"twitter_card":"summary_large_image","twitter_misc":{"Precio":"&#36;12,770 con IVA","Availability":"Out of stock"},"schema":{"@context":"https:\/\/schema.org","@graph":[{"@type":"WebPage","@id":"https:\/\/compuviper.mx\/tienda\/producto\/cyberpower-or2200pfcrt2u-no-break-2000-va-1540-watts-interactivo-onda-senoidal-pura-pfc-rack-torre-8-nema-2x5-20r6x5-15r-3-aos-de-garanta-incluyendo-bateras\/","url":"https:\/\/compuviper.mx\/tienda\/producto\/cyberpower-or2200pfcrt2u-no-break-2000-va-1540-watts-interactivo-onda-senoidal-pura-pfc-rack-torre-8-nema-2x5-20r6x5-15r-3-aos-de-garanta-incluyendo-bateras\/","name":"[ Cyberpower ] &#129351; Or2200pfcrt2u No Break () 2000 Va 1540 Watts, Interactivo, Onda Senoidal Pura Pfc, Rack \/ Torre 8 Nema (2x5-20r,6x5-15r) 3 A\u00f1os De Garant\u00eda Incluyendo Bater\u00edas.","isPartOf":{"@id":"https:\/\/compuviper.mx\/tienda\/#website"},"datePublished":"2026-04-08T06:36:18+00:00","dateModified":"2026-04-08T06:36:18+00:00","description":"Compra Or2200pfcrt2u No Break () 2000 Va 1540 Watts, Interactivo, Onda Senoidal Pura Pfc, Rack \/ Torre 8 Nema (2x5-20r,6x5-15r) 3 A\u00f1os De Garant\u00eda Incluyendo Bater\u00edas. + Env\u00edo a domicilio + Pago seguro + Garant\u00eda","breadcrumb":{"@id":"https:\/\/compuviper.mx\/tienda\/producto\/cyberpower-or2200pfcrt2u-no-break-2000-va-1540-watts-interactivo-onda-senoidal-pura-pfc-rack-torre-8-nema-2x5-20r6x5-15r-3-aos-de-garanta-incluyendo-bateras\/#breadcrumb"},"inLanguage":"es-MX","potentialAction":[{"@type":"ReadAction","target":["https:\/\/compuviper.mx\/tienda\/producto\/cyberpower-or2200pfcrt2u-no-break-2000-va-1540-watts-interactivo-onda-senoidal-pura-pfc-rack-torre-8-nema-2x5-20r6x5-15r-3-aos-de-garanta-incluyendo-bateras\/"]}]},{"@type":"BreadcrumbList","@id":"https:\/\/compuviper.mx\/tienda\/producto\/cyberpower-or2200pfcrt2u-no-break-2000-va-1540-watts-interactivo-onda-senoidal-pura-pfc-rack-torre-8-nema-2x5-20r6x5-15r-3-aos-de-garanta-incluyendo-bateras\/#breadcrumb","itemListElement":[{"@type":"ListItem","position":1,"name":"Inicio","item":"https:\/\/compuviper.mx\/tienda\/"},{"@type":"ListItem","position":2,"name":"Productos","item":"https:\/\/compuviper.mx\/tienda\/productos\/"},{"@type":"ListItem","position":3,"name":"Energia","item":"https:\/\/compuviper.mx\/tienda\/categoria-producto\/energia\/"},{"@type":"ListItem","position":4,"name":"No Break","item":"https:\/\/compuviper.mx\/tienda\/categoria-producto\/energia\/no-break\/"},{"@type":"ListItem","position":5,"name":"Cyberpower Or2200pfcrt2u No Break () 2000 Va 1540 Watts, Interactivo, Onda Senoidal Pura Pfc, Rack \/ Torre 8 Nema (2&#215;5-20r,6&#215;5-15r) 3 A?os De Garant?a Incluyendo Bater?as."}]},{"@type":"WebSite","@id":"https:\/\/compuviper.mx\/tienda\/#website","url":"https:\/\/compuviper.mx\/tienda\/","name":"Compuviper","description":"Proveedor de Computadoras, Laptops, Servidores, Monitores, Puntos de Venta, Teclados,   Impresoras, T\u00f3ner, C\u00e1maras de Seguridad y m\u00e1s en tu tienda en l\u00ednea","publisher":{"@id":"https:\/\/compuviper.mx\/tienda\/#organization"},"potentialAction":[{"@type":"SearchAction","target":{"@type":"EntryPoint","urlTemplate":"https:\/\/compuviper.mx\/tienda\/?s={search_term_string}"},"query-input":"required name=search_term_string"}],"inLanguage":"es-MX"},{"@type":"Organization","@id":"https:\/\/compuviper.mx\/tienda\/#organization","name":"Compuviper","url":"https:\/\/compuviper.mx\/tienda\/","logo":{"@type":"ImageObject","inLanguage":"es-MX","@id":"https:\/\/compuviper.mx\/tienda\/#\/schema\/logo\/image\/","url":"https:\/\/compuviper.mx\/tienda\/wp-content\/uploads\/2021\/08\/Logo-Compuviper-10.png","contentUrl":"https:\/\/compuviper.mx\/tienda\/wp-content\/uploads\/2021\/08\/Logo-Compuviper-10.png","width":1000,"height":500,"caption":"Compuviper"},"image":{"@id":"https:\/\/compuviper.mx\/tienda\/#\/schema\/logo\/image\/"},"sameAs":["https:\/\/www.facebook.com\/compuviper","https:\/\/www.youtube.com\/channel\/UCf73dERp9Y3cfOq7q8BhLjA?view_as=subscriber"]}]},"product_brand":"CYBERPOWER","product_price_amount":"12770","product_price_currency":"MXN","og_availability":"out of stock","product_availability":"out of stock","product_retailer_item_id":"OR2200PFCRT2U","product_condition":"new"},"_links":{"self":[{"href":"https:\/\/compuviper.mx\/tienda\/wp-json\/wp\/v2\/product\/218079"}],"collection":[{"href":"https:\/\/compuviper.mx\/tienda\/wp-json\/wp\/v2\/product"}],"about":[{"href":"https:\/\/compuviper.mx\/tienda\/wp-json\/wp\/v2\/types\/product"}],"replies":[{"embeddable":true,"href":"https:\/\/compuviper.mx\/tienda\/wp-json\/wp\/v2\/comments?post=218079"}],"wp:featuredmedia":[{"embeddable":true,"href":"https:\/\/compuviper.mx\/tienda\/wp-json\/wp\/v2\/media\/218080"}],"wp:attachment":[{"href":"https:\/\/compuviper.mx\/tienda\/wp-json\/wp\/v2\/media?parent=218079"}],"wp:term":[{"taxonomy":"product_cat","embeddable":true,"href":"https:\/\/compuviper.mx\/tienda\/wp-json\/wp\/v2\/product_cat?post=218079"},{"taxonomy":"product_tag","embeddable":true,"href":"https:\/\/compuviper.mx\/tienda\/wp-json\/wp\/v2\/product_tag?post=218079"}],"curies":[{"name":"wp","href":"https:\/\/api.w.org\/{rel}","templated":true}]}}