{"id":218045,"date":"2026-04-07T00:32:38","date_gmt":"2026-04-07T06:32:38","guid":{"rendered":"https:\/\/compuviper.mx\/tienda\/producto\/cyberpower-ec750g-no-break-750va-450w-standby-gabinete-compacto-12-nema-5-15r-3-supresin-con-modo-eco-6-supresin-con-batera-de-respaldo-garanta-3-aos-incluye-batera\/"},"modified":"2026-04-07T00:32:38","modified_gmt":"2026-04-07T06:32:38","slug":"cyberpower-ec750g-no-break-750va-450w-standby-gabinete-compacto-12-nema-5-15r-3-supresin-con-modo-eco-6-supresin-con-batera-de-respaldo-garanta-3-aos-incluye-batera","status":"publish","type":"product","link":"https:\/\/compuviper.mx\/tienda\/producto\/cyberpower-ec750g-no-break-750va-450w-standby-gabinete-compacto-12-nema-5-15r-3-supresin-con-modo-eco-6-supresin-con-batera-de-respaldo-garanta-3-aos-incluye-batera\/","title":{"rendered":"Cyberpower Ec750g No Break  () 750va \/ 450w, Standby, Gabinete Compacto, 12 ? Nema 5-15r (, 3 Supresi?n Con Modo Eco, 6 Supresi?n Con Bater?a De Respaldo) Garant?a 3 A?os Incluye Bater?a."},"content":{"rendered":"<table class=\"descripcion\">\n<tr>\n<td>General<\/td>\n<\/tr>\n<tr>\n<td>Fase: monof\u00e1sico<\/td>\n<\/tr>\n<tr>\n<td>Factor de forma: escritorio<\/td>\n<\/tr>\n<tr>\n<td>Topolog\u00eda de ups: stanby<\/td>\n<\/tr>\n<tr>\n<td>Tecnolog\u00eda de ahorro de energ\u00eda: greenpower ups\u0099<\/td>\n<\/tr>\n<tr>\n<td>Calificaci\u00f3n energy star: s\u00ed<\/td>\n<\/tr>\n<tr>\n<td>Entrada<\/td>\n<\/tr>\n<tr>\n<td>Voltaje nominal de entrada ( vca ) 120<\/td>\n<\/tr>\n<tr>\n<td>Rango de voltaje de entrada ( vca ): 96 ~ 140<\/td>\n<\/tr>\n<tr>\n<td>Frecuencia de entrada ( s.f. ): 50 \u00b1 3 60 \u00b1 3<\/td>\n<\/tr>\n<tr>\n<td>Detecci\u00f3n de frecuencia de entrada: sensor autom\u00e1tico<\/td>\n<\/tr>\n<tr>\n<td>Corriente de entrada nominal ( a ): 10<\/td>\n<\/tr>\n<tr>\n<td>Tipo de conector de entrada: nema 5-15p  and #12288;<\/td>\n<\/tr>\n<tr>\n<td>Estilo de conector: \u00e1ngulo recto, compensaci\u00f3n de 45\u00ba a la derecha<\/td>\n<\/tr>\n<tr>\n<td>Longitud del cable de alimentaci\u00f3n (pies): 5<\/td>\n<\/tr>\n<tr>\n<td>Longitud del cable de alimentaci\u00f3n de alimentaci\u00f3n (m): 1.52<\/td>\n<\/tr>\n<tr>\n<td>Salida<\/td>\n<\/tr>\n<tr>\n<td>Capacidad (va): 750<\/td>\n<\/tr>\n<tr>\n<td>Capacidad (watts): 450<\/td>\n<\/tr>\n<tr>\n<td>Forma de onda en bater\u00eda: onda sinusoidal simulada<\/td>\n<\/tr>\n<tr>\n<td>Voltaje(s) en bater\u00eda ( vca ): 120 \u00b1 5%<\/td>\n<\/tr>\n<tr>\n<td>Frecuencia en bater\u00eda ( s.f. ): 50 \u00b1 1% 60 \u00b1 1%<\/td>\n<\/tr>\n<tr>\n<td>Protecci\u00f3n contra sobrecargas<\/td>\n<\/tr>\n<tr>\n<td>Limitaci\u00f3n de voltaje interna, disyuntor<\/td>\n<\/tr>\n<tr>\n<td>Salida (s) \u0096 total 12<\/td>\n<\/tr>\n<tr>\n<td>Tipo de salida: nema 5-15rx12 _  and #12288;<\/td>\n<\/tr>\n<tr>\n<td>Salida (s) &#8211; bater\u00eda y protecci\u00f3n contra sobretensiones 6<\/td>\n<\/tr>\n<tr>\n<td>Salida (s) &#8211; s\u00f3lo protecci\u00f3n contra sobretensiones 6<\/td>\n<\/tr>\n<tr>\n<td>Salida (s) &#8211; ampliamente espaciada 4<\/td>\n<\/tr>\n<tr>\n<td>Salida (s) &#8211; salidas controladas eco (modo eco) 3<\/td>\n<\/tr>\n<tr>\n<td>Tiempo de transferencia t\u00edpico (ms)4<\/td>\n<\/tr>\n<tr>\n<td>Bater\u00eda<\/td>\n<\/tr>\n<tr>\n<td>Tiempo de ejecuci\u00f3n a media carga (min) 8<\/td>\n<\/tr>\n<tr>\n<td>Tiempo de ejecuci\u00f3n a carga completa (min) 1<\/td>\n<\/tr>\n<tr>\n<td>Tiempo de recarga t\u00edpico (horas) 8<\/td>\n<\/tr>\n<tr>\n<td>Arranque en bater\u00eda s\u00ed<\/td>\n<\/tr>\n<tr>\n<td>Reemplazable por el usuario no<\/td>\n<\/tr>\n<tr>\n<td>Tipo de bater\u00eda plomo \u00e1cido sellada<\/td>\n<\/tr>\n<tr>\n<td>Protecci\u00f3n contra sobretensiones y filtrado<\/td>\n<\/tr>\n<tr>\n<td>Supresi\u00f3n de sobretensiones (joules) 526<\/td>\n<\/tr>\n<tr>\n<td>Filtraci\u00f3n emi y rfi: s\u00ed<\/td>\n<\/tr>\n<tr>\n<td>Protecci\u00f3n de tel\u00e9fono rj11 1 entrada, 1 salida<\/td>\n<\/tr>\n<tr>\n<td>Gesti\u00f3n y comunicaci\u00f3nes<\/td>\n<\/tr>\n<tr>\n<td>Indicadores led. encendido, encendido\/apagado eco<\/td>\n<\/tr>\n<tr>\n<td>Puerto(s) usb compatible con hid 1<\/td>\n<\/tr>\n<tr>\n<td>Alarmas audibles: modo de bater\u00eda, bater\u00eda baja, sobrecarga<\/td>\n<\/tr>\n<tr>\n<td>Gesti\u00f3n de cables ( pzs ): cable usbx1<\/td>\n<\/tr>\n<tr>\n<td>Software de gesti\u00f3n de la potencia: powerpanel\u00ae personal (recomendado)<\/td>\n<\/tr>\n<tr>\n<td>F\u00edsico<\/td>\n<\/tr>\n<tr>\n<td>Instalaci\u00f3n de montaje en pared: s\u00ed<\/td>\n<\/tr>\n<tr>\n<td>Construcci\u00f3n de carcasa: pl\u00e1stico<\/td>\n<\/tr>\n<tr>\n<td>Color: negro<\/td>\n<\/tr>\n<tr>\n<td>Tama\u00f1o f\u00edsico &#8211; m\u00f3dulo de ups<\/td>\n<\/tr>\n<tr>\n<td>Dimensiones (anxalxp) (pulgadas) 12,2 x 3,1 x 7<\/td>\n<\/tr>\n<tr>\n<td>Dimensiones (anxalxp) (mm) 310x79x178<\/td>\n<\/tr>\n<tr>\n<td>Peso (libras) 7.7<\/td>\n<\/tr>\n<tr>\n<td>Peso (kg) 3.5<\/td>\n<\/tr>\n<tr>\n<td>Dimensiones para el env\u00edo<\/td>\n<\/tr>\n<tr>\n<td>Dimensiones (anxalxp) (pulgadas) 20,1&#215;15,7&#215;9,8<\/td>\n<\/tr>\n<tr>\n<td>Dimensiones (anxalxp) (mm) 510x400x250<\/td>\n<\/tr>\n<tr>\n<td>Peso (libras) 39.5<\/td>\n<\/tr>\n<tr>\n<td>Peso (kg) 17.9<\/td>\n<\/tr>\n<tr>\n<td>Medioambiental<\/td>\n<\/tr>\n<tr>\n<td>Temperatura de funcionamiento (\u00baf) 32 ~ 104<\/td>\n<\/tr>\n<tr>\n<td>Temperatura de funcionamiento (\u00bac) 0 ~ 40<\/td>\n<\/tr>\n<tr>\n<td>Humedad relativa de funcionamiento (sin condensaci\u00f3n) ( % ) 0 ~ 95<\/td>\n<\/tr>\n<tr>\n<td>Elevaci\u00f3n de funcionamiento ( pies\/metros ) 0-10.000 pies (0-3.000 metros)<\/td>\n<\/tr>\n<tr>\n<td>Temperatura de almacenamiento (\u00baf) 5 ~ 113<\/td>\n<\/tr>\n<tr>\n<td>Temperatura de almacenamiento (\u00bac) -15 ~ 45<\/td>\n<\/tr>\n<tr>\n<td>Humedad relativa de almacenamiento (sin condensaci\u00f3n) ( % ) 0 ~ 95<\/td>\n<\/tr>\n<tr>\n<td>Elevaci\u00f3n de almacenamiento ( pies\/metros ) 0-50.000 pies (0-15.000 metros)<\/td>\n<\/tr>\n<tr>\n<td>Certificaciones<\/td>\n<\/tr>\n<tr>\n<td>Certificaciones: fcc clase b, ul<\/td>\n<\/tr>\n<tr>\n<td>Rohs: s\u00ed.<\/td>\n<\/tr>\n<tr>\n<td>Garant\u00eda de 3 a\u00f1os, incluyendo bater\u00edas.<\/td>\n<\/tr>\n<\/table>\n","protected":false},"excerpt":{"rendered":"<p>Cyberpower ec750g garantiza protecci\u00f3n de respaldo de energ\u00eda para dispositivos multimedia, equipos de ti, computadoras, dispositivos nas \/ almacenamiento, dispositivos de telecomunicaciones, dispositivos de red, sistemas de seguridad \/ emergencia y sistemas de vigilancia. El producto adopta la topolog\u00eda standby. El producto tambi\u00e9n cuenta con calificaci\u00f3n energy star con tecnolog\u00eda de ahorro de energ\u00eda para ahorrar costos de electricidad. El ups cuenta con tomacorrientes protegidos contra sobretensiones para proteger sus dispositivos y tomacorrientes controlados eco que se pueden apagar para ahorrar energ\u00eda. Caracter\u00edsticas. Topolog\u00eda standby. Salida de onda senoidal simulada. Software de gesti\u00f3n powerpanel?.  Tecnolog\u00eda de ahorro de energ\u00eda. Protecci\u00f3n contra sobretensiones y picos. Instalaci\u00f3n de montaje en pared<\/p>\n","protected":false},"featured_media":218046,"comment_status":"open","ping_status":"open","template":"","meta":[],"product_cat":[1508,1691],"product_tag":[1692],"acf":[],"yoast_head":"<!-- This site is optimized with the Yoast SEO plugin v21.7 - https:\/\/yoast.com\/wordpress\/plugins\/seo\/ -->\n<title>[ Cyberpower ] &#129351; Ec750g No Break () 750va \/ 450w, Standby, Gabinete Compacto, 12 \u00d7 Nema 5-15r (, 3 Supresi\u00f3n Con Modo Eco, 6 Supresi\u00f3n Con Bater\u00eda De Respaldo) Garant\u00eda 3 A\u00f1os Incluye Bater\u00eda.<\/title>\n<meta name=\"description\" content=\"Compra Ec750g No Break () 750va \/ 450w, Standby, Gabinete Compacto, 12 \u00d7 Nema 5-15r (, 3 Supresi\u00f3n Con Modo Eco, 6 Supresi\u00f3n Con Bater\u00eda De Respaldo) Garant\u00eda 3 A\u00f1os Incluye Bater\u00eda. + Env\u00edo a domicilio + Pago seguro + Garant\u00eda\" \/>\n<meta name=\"robots\" content=\"index, follow, max-snippet:-1, max-image-preview:large, max-video-preview:-1\" \/>\n<link rel=\"canonical\" href=\"https:\/\/compuviper.mx\/tienda\/producto\/cyberpower-ec750g-no-break-750va-450w-standby-gabinete-compacto-12-nema-5-15r-3-supresin-con-modo-eco-6-supresin-con-batera-de-respaldo-garanta-3-aos-incluye-batera\/\" \/>\n<meta property=\"og:locale\" content=\"es_MX\" \/>\n<meta property=\"og:type\" content=\"article\" \/>\n<meta property=\"og:title\" content=\"[ Cyberpower ] &#129351; Ec750g No Break () 750va \/ 450w, Standby, Gabinete Compacto, 12 \u00d7 Nema 5-15r (, 3 Supresi\u00f3n Con Modo Eco, 6 Supresi\u00f3n Con Bater\u00eda De Respaldo) Garant\u00eda 3 A\u00f1os Incluye Bater\u00eda.\" \/>\n<meta property=\"og:description\" content=\"Compra Ec750g No Break () 750va \/ 450w, Standby, Gabinete Compacto, 12 \u00d7 Nema 5-15r (, 3 Supresi\u00f3n Con Modo Eco, 6 Supresi\u00f3n Con Bater\u00eda De Respaldo) Garant\u00eda 3 A\u00f1os Incluye Bater\u00eda. + Env\u00edo a domicilio + Pago seguro + Garant\u00eda\" \/>\n<meta property=\"og:url\" content=\"https:\/\/compuviper.mx\/tienda\/producto\/cyberpower-ec750g-no-break-750va-450w-standby-gabinete-compacto-12-nema-5-15r-3-supresin-con-modo-eco-6-supresin-con-batera-de-respaldo-garanta-3-aos-incluye-batera\/\" \/>\n<meta property=\"og:site_name\" content=\"Compuviper\" \/>\n<meta property=\"article:publisher\" content=\"https:\/\/www.facebook.com\/compuviper\" \/>\n<meta property=\"og:image\" content=\"https:\/\/compuviper.mx\/tienda\/wp-content\/uploads\/2023\/12\/No-break-cyberpower-ec750g-750va-450w-standby-gabinete-compacto-12-\u00d7-nema-5-15r-3-supresion-con-modo-eco-6-supresion-con-bateria-de-respaldo-garantia-3-anos-incluye-bateria.jpg\" \/>\n\t<meta property=\"og:image:width\" content=\"200\" \/>\n\t<meta property=\"og:image:height\" content=\"200\" \/>\n\t<meta property=\"og:image:type\" content=\"image\/jpeg\" \/>\n<meta name=\"twitter:card\" content=\"summary_large_image\" \/>\n<meta name=\"twitter:label1\" content=\"Precio\" \/>\n\t<meta name=\"twitter:data1\" content=\"&#36;2,312 con IVA\" \/>\n\t<meta name=\"twitter:label2\" content=\"Availability\" \/>\n\t<meta name=\"twitter:data2\" content=\"On backorder\" \/>\n<script type=\"application\/ld+json\" class=\"yoast-schema-graph\">{\"@context\":\"https:\/\/schema.org\",\"@graph\":[{\"@type\":\"WebPage\",\"@id\":\"https:\/\/compuviper.mx\/tienda\/producto\/cyberpower-ec750g-no-break-750va-450w-standby-gabinete-compacto-12-nema-5-15r-3-supresin-con-modo-eco-6-supresin-con-batera-de-respaldo-garanta-3-aos-incluye-batera\/\",\"url\":\"https:\/\/compuviper.mx\/tienda\/producto\/cyberpower-ec750g-no-break-750va-450w-standby-gabinete-compacto-12-nema-5-15r-3-supresin-con-modo-eco-6-supresin-con-batera-de-respaldo-garanta-3-aos-incluye-batera\/\",\"name\":\"[ Cyberpower ] &#129351; Ec750g No Break () 750va \/ 450w, Standby, Gabinete Compacto, 12 \u00d7 Nema 5-15r (, 3 Supresi\u00f3n Con Modo Eco, 6 Supresi\u00f3n Con Bater\u00eda De Respaldo) Garant\u00eda 3 A\u00f1os Incluye Bater\u00eda.\",\"isPartOf\":{\"@id\":\"https:\/\/compuviper.mx\/tienda\/#website\"},\"datePublished\":\"2026-04-07T06:32:38+00:00\",\"dateModified\":\"2026-04-07T06:32:38+00:00\",\"description\":\"Compra Ec750g No Break () 750va \/ 450w, Standby, Gabinete Compacto, 12 \u00d7 Nema 5-15r (, 3 Supresi\u00f3n Con Modo Eco, 6 Supresi\u00f3n Con Bater\u00eda De Respaldo) Garant\u00eda 3 A\u00f1os Incluye Bater\u00eda. + Env\u00edo a domicilio + Pago seguro + Garant\u00eda\",\"breadcrumb\":{\"@id\":\"https:\/\/compuviper.mx\/tienda\/producto\/cyberpower-ec750g-no-break-750va-450w-standby-gabinete-compacto-12-nema-5-15r-3-supresin-con-modo-eco-6-supresin-con-batera-de-respaldo-garanta-3-aos-incluye-batera\/#breadcrumb\"},\"inLanguage\":\"es-MX\",\"potentialAction\":[{\"@type\":\"ReadAction\",\"target\":[\"https:\/\/compuviper.mx\/tienda\/producto\/cyberpower-ec750g-no-break-750va-450w-standby-gabinete-compacto-12-nema-5-15r-3-supresin-con-modo-eco-6-supresin-con-batera-de-respaldo-garanta-3-aos-incluye-batera\/\"]}]},{\"@type\":\"BreadcrumbList\",\"@id\":\"https:\/\/compuviper.mx\/tienda\/producto\/cyberpower-ec750g-no-break-750va-450w-standby-gabinete-compacto-12-nema-5-15r-3-supresin-con-modo-eco-6-supresin-con-batera-de-respaldo-garanta-3-aos-incluye-batera\/#breadcrumb\",\"itemListElement\":[{\"@type\":\"ListItem\",\"position\":1,\"name\":\"Inicio\",\"item\":\"https:\/\/compuviper.mx\/tienda\/\"},{\"@type\":\"ListItem\",\"position\":2,\"name\":\"Productos\",\"item\":\"https:\/\/compuviper.mx\/tienda\/productos\/\"},{\"@type\":\"ListItem\",\"position\":3,\"name\":\"Energia\",\"item\":\"https:\/\/compuviper.mx\/tienda\/categoria-producto\/energia\/\"},{\"@type\":\"ListItem\",\"position\":4,\"name\":\"No Break\",\"item\":\"https:\/\/compuviper.mx\/tienda\/categoria-producto\/energia\/no-break\/\"},{\"@type\":\"ListItem\",\"position\":5,\"name\":\"Cyberpower Ec750g No Break () 750va \/ 450w, Standby, Gabinete Compacto, 12 ? Nema 5-15r (, 3 Supresi?n Con Modo Eco, 6 Supresi?n Con Bater?a De Respaldo) Garant?a 3 A?os Incluye Bater?a.\"}]},{\"@type\":\"WebSite\",\"@id\":\"https:\/\/compuviper.mx\/tienda\/#website\",\"url\":\"https:\/\/compuviper.mx\/tienda\/\",\"name\":\"Compuviper\",\"description\":\"Proveedor de Computadoras, Laptops, Servidores, Monitores, Puntos de Venta, Teclados,   Impresoras, T\u00f3ner, C\u00e1maras de Seguridad y m\u00e1s en tu tienda en l\u00ednea\",\"publisher\":{\"@id\":\"https:\/\/compuviper.mx\/tienda\/#organization\"},\"potentialAction\":[{\"@type\":\"SearchAction\",\"target\":{\"@type\":\"EntryPoint\",\"urlTemplate\":\"https:\/\/compuviper.mx\/tienda\/?s={search_term_string}\"},\"query-input\":\"required name=search_term_string\"}],\"inLanguage\":\"es-MX\"},{\"@type\":\"Organization\",\"@id\":\"https:\/\/compuviper.mx\/tienda\/#organization\",\"name\":\"Compuviper\",\"url\":\"https:\/\/compuviper.mx\/tienda\/\",\"logo\":{\"@type\":\"ImageObject\",\"inLanguage\":\"es-MX\",\"@id\":\"https:\/\/compuviper.mx\/tienda\/#\/schema\/logo\/image\/\",\"url\":\"https:\/\/compuviper.mx\/tienda\/wp-content\/uploads\/2021\/08\/Logo-Compuviper-10.png\",\"contentUrl\":\"https:\/\/compuviper.mx\/tienda\/wp-content\/uploads\/2021\/08\/Logo-Compuviper-10.png\",\"width\":1000,\"height\":500,\"caption\":\"Compuviper\"},\"image\":{\"@id\":\"https:\/\/compuviper.mx\/tienda\/#\/schema\/logo\/image\/\"},\"sameAs\":[\"https:\/\/www.facebook.com\/compuviper\",\"https:\/\/www.youtube.com\/channel\/UCf73dERp9Y3cfOq7q8BhLjA?view_as=subscriber\"]}]}<\/script>\n<meta property=\"product:brand\" content=\"CYBERPOWER\" \/>\n<meta property=\"product:price:amount\" content=\"2312\" \/>\n<meta property=\"product:price:currency\" content=\"MXN\" \/>\n<meta property=\"og:availability\" content=\"backorder\" \/>\n<meta property=\"product:availability\" content=\"available for order\" \/>\n<meta property=\"product:retailer_item_id\" content=\"EC750G\" \/>\n<meta property=\"product:condition\" content=\"new\" \/>\n<!-- \/ Yoast SEO plugin. -->","yoast_head_json":{"title":"[ Cyberpower ] &#129351; Ec750g No Break () 750va \/ 450w, Standby, Gabinete Compacto, 12 \u00d7 Nema 5-15r (, 3 Supresi\u00f3n Con Modo Eco, 6 Supresi\u00f3n Con Bater\u00eda De Respaldo) Garant\u00eda 3 A\u00f1os Incluye Bater\u00eda.","description":"Compra Ec750g No Break () 750va \/ 450w, Standby, Gabinete Compacto, 12 \u00d7 Nema 5-15r (, 3 Supresi\u00f3n Con Modo Eco, 6 Supresi\u00f3n Con Bater\u00eda De Respaldo) Garant\u00eda 3 A\u00f1os Incluye Bater\u00eda. + Env\u00edo a domicilio + Pago seguro + Garant\u00eda","robots":{"index":"index","follow":"follow","max-snippet":"max-snippet:-1","max-image-preview":"max-image-preview:large","max-video-preview":"max-video-preview:-1"},"canonical":"https:\/\/compuviper.mx\/tienda\/producto\/cyberpower-ec750g-no-break-750va-450w-standby-gabinete-compacto-12-nema-5-15r-3-supresin-con-modo-eco-6-supresin-con-batera-de-respaldo-garanta-3-aos-incluye-batera\/","og_locale":"es_MX","og_type":"article","og_title":"[ Cyberpower ] &#129351; Ec750g No Break () 750va \/ 450w, Standby, Gabinete Compacto, 12 \u00d7 Nema 5-15r (, 3 Supresi\u00f3n Con Modo Eco, 6 Supresi\u00f3n Con Bater\u00eda De Respaldo) Garant\u00eda 3 A\u00f1os Incluye Bater\u00eda.","og_description":"Compra Ec750g No Break () 750va \/ 450w, Standby, Gabinete Compacto, 12 \u00d7 Nema 5-15r (, 3 Supresi\u00f3n Con Modo Eco, 6 Supresi\u00f3n Con Bater\u00eda De Respaldo) Garant\u00eda 3 A\u00f1os Incluye Bater\u00eda. + Env\u00edo a domicilio + Pago seguro + Garant\u00eda","og_url":"https:\/\/compuviper.mx\/tienda\/producto\/cyberpower-ec750g-no-break-750va-450w-standby-gabinete-compacto-12-nema-5-15r-3-supresin-con-modo-eco-6-supresin-con-batera-de-respaldo-garanta-3-aos-incluye-batera\/","og_site_name":"Compuviper","article_publisher":"https:\/\/www.facebook.com\/compuviper","og_image":[{"width":200,"height":200,"url":"https:\/\/compuviper.mx\/tienda\/wp-content\/uploads\/2023\/12\/No-break-cyberpower-ec750g-750va-450w-standby-gabinete-compacto-12-\u00d7-nema-5-15r-3-supresion-con-modo-eco-6-supresion-con-bateria-de-respaldo-garantia-3-anos-incluye-bateria.jpg","type":"image\/jpeg"}],"twitter_card":"summary_large_image","twitter_misc":{"Precio":"&#36;2,312 con IVA","Availability":"On backorder"},"schema":{"@context":"https:\/\/schema.org","@graph":[{"@type":"WebPage","@id":"https:\/\/compuviper.mx\/tienda\/producto\/cyberpower-ec750g-no-break-750va-450w-standby-gabinete-compacto-12-nema-5-15r-3-supresin-con-modo-eco-6-supresin-con-batera-de-respaldo-garanta-3-aos-incluye-batera\/","url":"https:\/\/compuviper.mx\/tienda\/producto\/cyberpower-ec750g-no-break-750va-450w-standby-gabinete-compacto-12-nema-5-15r-3-supresin-con-modo-eco-6-supresin-con-batera-de-respaldo-garanta-3-aos-incluye-batera\/","name":"[ Cyberpower ] &#129351; Ec750g No Break () 750va \/ 450w, Standby, Gabinete Compacto, 12 \u00d7 Nema 5-15r (, 3 Supresi\u00f3n Con Modo Eco, 6 Supresi\u00f3n Con Bater\u00eda De Respaldo) Garant\u00eda 3 A\u00f1os Incluye Bater\u00eda.","isPartOf":{"@id":"https:\/\/compuviper.mx\/tienda\/#website"},"datePublished":"2026-04-07T06:32:38+00:00","dateModified":"2026-04-07T06:32:38+00:00","description":"Compra Ec750g No Break () 750va \/ 450w, Standby, Gabinete Compacto, 12 \u00d7 Nema 5-15r (, 3 Supresi\u00f3n Con Modo Eco, 6 Supresi\u00f3n Con Bater\u00eda De Respaldo) Garant\u00eda 3 A\u00f1os Incluye Bater\u00eda. + Env\u00edo a domicilio + Pago seguro + Garant\u00eda","breadcrumb":{"@id":"https:\/\/compuviper.mx\/tienda\/producto\/cyberpower-ec750g-no-break-750va-450w-standby-gabinete-compacto-12-nema-5-15r-3-supresin-con-modo-eco-6-supresin-con-batera-de-respaldo-garanta-3-aos-incluye-batera\/#breadcrumb"},"inLanguage":"es-MX","potentialAction":[{"@type":"ReadAction","target":["https:\/\/compuviper.mx\/tienda\/producto\/cyberpower-ec750g-no-break-750va-450w-standby-gabinete-compacto-12-nema-5-15r-3-supresin-con-modo-eco-6-supresin-con-batera-de-respaldo-garanta-3-aos-incluye-batera\/"]}]},{"@type":"BreadcrumbList","@id":"https:\/\/compuviper.mx\/tienda\/producto\/cyberpower-ec750g-no-break-750va-450w-standby-gabinete-compacto-12-nema-5-15r-3-supresin-con-modo-eco-6-supresin-con-batera-de-respaldo-garanta-3-aos-incluye-batera\/#breadcrumb","itemListElement":[{"@type":"ListItem","position":1,"name":"Inicio","item":"https:\/\/compuviper.mx\/tienda\/"},{"@type":"ListItem","position":2,"name":"Productos","item":"https:\/\/compuviper.mx\/tienda\/productos\/"},{"@type":"ListItem","position":3,"name":"Energia","item":"https:\/\/compuviper.mx\/tienda\/categoria-producto\/energia\/"},{"@type":"ListItem","position":4,"name":"No Break","item":"https:\/\/compuviper.mx\/tienda\/categoria-producto\/energia\/no-break\/"},{"@type":"ListItem","position":5,"name":"Cyberpower Ec750g No Break () 750va \/ 450w, Standby, Gabinete Compacto, 12 ? Nema 5-15r (, 3 Supresi?n Con Modo Eco, 6 Supresi?n Con Bater?a De Respaldo) Garant?a 3 A?os Incluye Bater?a."}]},{"@type":"WebSite","@id":"https:\/\/compuviper.mx\/tienda\/#website","url":"https:\/\/compuviper.mx\/tienda\/","name":"Compuviper","description":"Proveedor de Computadoras, Laptops, Servidores, Monitores, Puntos de Venta, Teclados,   Impresoras, T\u00f3ner, C\u00e1maras de Seguridad y m\u00e1s en tu tienda en l\u00ednea","publisher":{"@id":"https:\/\/compuviper.mx\/tienda\/#organization"},"potentialAction":[{"@type":"SearchAction","target":{"@type":"EntryPoint","urlTemplate":"https:\/\/compuviper.mx\/tienda\/?s={search_term_string}"},"query-input":"required name=search_term_string"}],"inLanguage":"es-MX"},{"@type":"Organization","@id":"https:\/\/compuviper.mx\/tienda\/#organization","name":"Compuviper","url":"https:\/\/compuviper.mx\/tienda\/","logo":{"@type":"ImageObject","inLanguage":"es-MX","@id":"https:\/\/compuviper.mx\/tienda\/#\/schema\/logo\/image\/","url":"https:\/\/compuviper.mx\/tienda\/wp-content\/uploads\/2021\/08\/Logo-Compuviper-10.png","contentUrl":"https:\/\/compuviper.mx\/tienda\/wp-content\/uploads\/2021\/08\/Logo-Compuviper-10.png","width":1000,"height":500,"caption":"Compuviper"},"image":{"@id":"https:\/\/compuviper.mx\/tienda\/#\/schema\/logo\/image\/"},"sameAs":["https:\/\/www.facebook.com\/compuviper","https:\/\/www.youtube.com\/channel\/UCf73dERp9Y3cfOq7q8BhLjA?view_as=subscriber"]}]},"product_brand":"CYBERPOWER","product_price_amount":"2312","product_price_currency":"MXN","og_availability":"backorder","product_availability":"available for order","product_retailer_item_id":"EC750G","product_condition":"new"},"_links":{"self":[{"href":"https:\/\/compuviper.mx\/tienda\/wp-json\/wp\/v2\/product\/218045"}],"collection":[{"href":"https:\/\/compuviper.mx\/tienda\/wp-json\/wp\/v2\/product"}],"about":[{"href":"https:\/\/compuviper.mx\/tienda\/wp-json\/wp\/v2\/types\/product"}],"replies":[{"embeddable":true,"href":"https:\/\/compuviper.mx\/tienda\/wp-json\/wp\/v2\/comments?post=218045"}],"wp:featuredmedia":[{"embeddable":true,"href":"https:\/\/compuviper.mx\/tienda\/wp-json\/wp\/v2\/media\/218046"}],"wp:attachment":[{"href":"https:\/\/compuviper.mx\/tienda\/wp-json\/wp\/v2\/media?parent=218045"}],"wp:term":[{"taxonomy":"product_cat","embeddable":true,"href":"https:\/\/compuviper.mx\/tienda\/wp-json\/wp\/v2\/product_cat?post=218045"},{"taxonomy":"product_tag","embeddable":true,"href":"https:\/\/compuviper.mx\/tienda\/wp-json\/wp\/v2\/product_tag?post=218045"}],"curies":[{"name":"wp","href":"https:\/\/api.w.org\/{rel}","templated":true}]}}