{"id":218043,"date":"2026-04-15T00:35:37","date_gmt":"2026-04-15T06:35:37","guid":{"rendered":"https:\/\/compuviper.mx\/tienda\/producto\/cyberpower-ec550g-no-break-550va-330w-standby-gabinete-compacto-8-nema-5-15r-1-supresin-solamente-3-supresin-con-modo-eco-4-supresin-con-batera-de-respaldo-garanta-3-aos\/"},"modified":"2026-04-15T00:35:37","modified_gmt":"2026-04-15T06:35:37","slug":"cyberpower-ec550g-no-break-550va-330w-standby-gabinete-compacto-8-nema-5-15r-1-supresin-solamente-3-supresin-con-modo-eco-4-supresin-con-batera-de-respaldo-garanta-3-aos","status":"publish","type":"product","link":"https:\/\/compuviper.mx\/tienda\/producto\/cyberpower-ec550g-no-break-550va-330w-standby-gabinete-compacto-8-nema-5-15r-1-supresin-solamente-3-supresin-con-modo-eco-4-supresin-con-batera-de-respaldo-garanta-3-aos\/","title":{"rendered":"Cyberpower Ec550g No Break  () 550va \/ 330w, Standby, Gabinete Compacto, 8 ? Nema 5-15r (1 Supresi?n Solamente, 3 Supresi?n Con Modo Eco, 4 Supresi?n Con Bater?a De Respaldo),  Garant?a 3 A?os."},"content":{"rendered":"<table class=\"descripcion\">\n<tr>\n<td>Especificaciones ec550g<\/td>\n<\/tr>\n<tr>\n<td>General<\/td>\n<\/tr>\n<tr>\n<td>Topologia ups standby (no cuenta con regulador)<\/td>\n<\/tr>\n<tr>\n<td>Ahorro de energia greenpower ups<\/td>\n<\/tr>\n<tr>\n<td>Certificacion energy star<\/td>\n<\/tr>\n<tr>\n<td>Entrada<\/td>\n<\/tr>\n<tr>\n<td>Voltaje 96vac &#8211; 140vac<\/td>\n<\/tr>\n<tr>\n<td>Frecuencia 47hz &#8211; 63hz<\/td>\n<\/tr>\n<tr>\n<td>Tipo de enchufe nema 5-15p \/ angulo recto<\/td>\n<\/tr>\n<tr>\n<td>Longitud del cable \u0096 1.52 cm<\/td>\n<\/tr>\n<tr>\n<td>Salida<\/td>\n<\/tr>\n<tr>\n<td>550 va<\/td>\n<\/tr>\n<tr>\n<td>330 watts<\/td>\n<\/tr>\n<tr>\n<td>Voltaje de salida en bateria 120vac +\/- 5%<\/td>\n<\/tr>\n<tr>\n<td>Frecuencia de salida en bateria 50\/60hz +\/- 1% (auto sensible)<\/td>\n<\/tr>\n<tr>\n<td>Forma de onda en bateria onda senoidal simulada<\/td>\n<\/tr>\n<tr>\n<td>Tipo de contactos nema 5-15r<\/td>\n<\/tr>\n<tr>\n<td>Numero de contactos \u0096 8<\/td>\n<\/tr>\n<tr>\n<td>Numero de contactos eco \u0096 3<\/td>\n<\/tr>\n<tr>\n<td>Contactos con bateria y supresor de picos \u0096 4<\/td>\n<\/tr>\n<tr>\n<td>Contactos con supresor de picos \u0096 4<\/td>\n<\/tr>\n<tr>\n<td>Contactos con espacio \u0096 2<\/td>\n<\/tr>\n<tr>\n<td>Proteccion contra sobrecarga disyuntor termico<\/td>\n<\/tr>\n<tr>\n<td>Tiempo de transferencia \u0096 4ms<\/td>\n<\/tr>\n<tr>\n<td>Bateria<\/td>\n<\/tr>\n<tr>\n<td>Tiempo de respaldo media carga \u0096 7 minutos \/ plena carga 2 minutos<\/td>\n<\/tr>\n<tr>\n<td>Tiempo de recarga tipico \u0096 8 horas<\/td>\n<\/tr>\n<tr>\n<td>Supresion de picos y filtrado<\/td>\n<\/tr>\n<tr>\n<td>Supresor de picos \u0096 526 joules<\/td>\n<\/tr>\n<tr>\n<td>Supresor en rj11 \u0096 una entrada, una salida<\/td>\n<\/tr>\n<tr>\n<td>Filtrado emi\/rfi \u0096 si<\/td>\n<\/tr>\n<tr>\n<td>Administracion y comunicacion<\/td>\n<\/tr>\n<tr>\n<td>Puerto de comunicacion \u0096 usb<\/td>\n<\/tr>\n<tr>\n<td>Leds indicadores \u0096 encendido, eco encendido\/apagado<\/td>\n<\/tr>\n<tr>\n<td>Alarmas audibles \u0096 en bateria, bateria baja, sobrecarga<\/td>\n<\/tr>\n<tr>\n<td>Software powerpanel personal edition<\/td>\n<\/tr>\n<tr>\n<td>Dimensiones fisicas<\/td>\n<\/tr>\n<tr>\n<td>Gabinete compacto<\/td>\n<\/tr>\n<tr>\n<td>Dimensiones (alto x ancho x fondo) \u0096 26.9 x 7.8 x 14.9 cm<\/td>\n<\/tr>\n<tr>\n<td>Peso \u0096 2.7 kg<\/td>\n<\/tr>\n<tr>\n<td>Seguridad y conformidad<\/td>\n<\/tr>\n<tr>\n<td>Temperatura de operacion \u0096 0 grados c a 40  grados c<\/td>\n<\/tr>\n<tr>\n<td>Humedad de operacion \u0096 0% &#8211; 95% sin condensacion<\/td>\n<\/tr>\n<tr>\n<td>Certificaciones<\/td>\n<\/tr>\n<tr>\n<td>Certificaciones \u0096 ul1778, cul 107.3, fcc doc class b, nom rohs<\/td>\n<\/tr>\n<tr>\n<td>Garantia<\/td>\n<\/tr>\n<tr>\n<td>Garantia del producto 3 anos en baterias y componentes<\/td>\n<\/tr>\n<\/table>\n","protected":false},"excerpt":{"rendered":"<p>Ups (no breaks) standby (no cuentan con regulador). Configuracion compacto. Disenados para nivel de entrada, rango medio y sistemas de pc. Tomas con modo eco. Proteccion linea telefonica (rj11) red (\/rj45). Software de administracion  powerpanel personal edition. 3 anos de garantia.<\/p>\n","protected":false},"featured_media":218044,"comment_status":"open","ping_status":"open","template":"","meta":[],"product_cat":[1508,1691],"product_tag":[1692],"acf":[],"yoast_head":"<!-- This site is optimized with the Yoast SEO plugin v21.7 - https:\/\/yoast.com\/wordpress\/plugins\/seo\/ -->\n<title>[ Cyberpower ] &#129351; Ec550g No Break () 550va \/ 330w, Standby, Gabinete Compacto, 8 \u00d7 Nema 5-15r (1 Supresi\u00f3n Solamente, 3 Supresi\u00f3n Con Modo Eco, 4 Supresi\u00f3n Con Bater\u00eda De Respaldo), Garant\u00eda 3 A\u00f1os.<\/title>\n<meta name=\"description\" content=\"Compra Ec550g No Break () 550va \/ 330w, Standby, Gabinete Compacto, 8 \u00d7 Nema 5-15r (1 Supresi\u00f3n Solamente, 3 Supresi\u00f3n Con Modo Eco, 4 Supresi\u00f3n Con Bater\u00eda De Respaldo), Garant\u00eda 3 A\u00f1os. + Env\u00edo a domicilio + Pago seguro + Garant\u00eda\" \/>\n<meta name=\"robots\" content=\"index, follow, max-snippet:-1, max-image-preview:large, max-video-preview:-1\" \/>\n<link rel=\"canonical\" href=\"https:\/\/compuviper.mx\/tienda\/producto\/cyberpower-ec550g-no-break-550va-330w-standby-gabinete-compacto-8-nema-5-15r-1-supresin-solamente-3-supresin-con-modo-eco-4-supresin-con-batera-de-respaldo-garanta-3-aos\/\" \/>\n<meta property=\"og:locale\" content=\"es_MX\" \/>\n<meta property=\"og:type\" content=\"article\" \/>\n<meta property=\"og:title\" content=\"[ Cyberpower ] &#129351; Ec550g No Break () 550va \/ 330w, Standby, Gabinete Compacto, 8 \u00d7 Nema 5-15r (1 Supresi\u00f3n Solamente, 3 Supresi\u00f3n Con Modo Eco, 4 Supresi\u00f3n Con Bater\u00eda De Respaldo), Garant\u00eda 3 A\u00f1os.\" \/>\n<meta property=\"og:description\" content=\"Compra Ec550g No Break () 550va \/ 330w, Standby, Gabinete Compacto, 8 \u00d7 Nema 5-15r (1 Supresi\u00f3n Solamente, 3 Supresi\u00f3n Con Modo Eco, 4 Supresi\u00f3n Con Bater\u00eda De Respaldo), Garant\u00eda 3 A\u00f1os. + Env\u00edo a domicilio + Pago seguro + Garant\u00eda\" \/>\n<meta property=\"og:url\" content=\"https:\/\/compuviper.mx\/tienda\/producto\/cyberpower-ec550g-no-break-550va-330w-standby-gabinete-compacto-8-nema-5-15r-1-supresin-solamente-3-supresin-con-modo-eco-4-supresin-con-batera-de-respaldo-garanta-3-aos\/\" \/>\n<meta property=\"og:site_name\" content=\"Compuviper\" \/>\n<meta property=\"article:publisher\" content=\"https:\/\/www.facebook.com\/compuviper\" \/>\n<meta property=\"og:image\" content=\"https:\/\/compuviper.mx\/tienda\/wp-content\/uploads\/2023\/12\/No-break-cyberpower-ec550g-550va-330w-standby-gabinete-compacto-8-\u00d7-nema-5-15r-1-supresion-solamente-3-supresion-con-modo-eco-4-supresion-con-bateria-de-respaldo-garantia-3-anos.jpg\" \/>\n\t<meta property=\"og:image:width\" content=\"200\" \/>\n\t<meta property=\"og:image:height\" content=\"200\" \/>\n\t<meta property=\"og:image:type\" content=\"image\/jpeg\" \/>\n<meta name=\"twitter:card\" content=\"summary_large_image\" \/>\n<meta name=\"twitter:label1\" content=\"Precio\" \/>\n\t<meta name=\"twitter:data1\" content=\"&#36;1,751 con IVA\" \/>\n\t<meta name=\"twitter:label2\" content=\"Availability\" \/>\n\t<meta name=\"twitter:data2\" content=\"On backorder\" \/>\n<script type=\"application\/ld+json\" class=\"yoast-schema-graph\">{\"@context\":\"https:\/\/schema.org\",\"@graph\":[{\"@type\":\"WebPage\",\"@id\":\"https:\/\/compuviper.mx\/tienda\/producto\/cyberpower-ec550g-no-break-550va-330w-standby-gabinete-compacto-8-nema-5-15r-1-supresin-solamente-3-supresin-con-modo-eco-4-supresin-con-batera-de-respaldo-garanta-3-aos\/\",\"url\":\"https:\/\/compuviper.mx\/tienda\/producto\/cyberpower-ec550g-no-break-550va-330w-standby-gabinete-compacto-8-nema-5-15r-1-supresin-solamente-3-supresin-con-modo-eco-4-supresin-con-batera-de-respaldo-garanta-3-aos\/\",\"name\":\"[ Cyberpower ] &#129351; Ec550g No Break () 550va \/ 330w, Standby, Gabinete Compacto, 8 \u00d7 Nema 5-15r (1 Supresi\u00f3n Solamente, 3 Supresi\u00f3n Con Modo Eco, 4 Supresi\u00f3n Con Bater\u00eda De Respaldo), Garant\u00eda 3 A\u00f1os.\",\"isPartOf\":{\"@id\":\"https:\/\/compuviper.mx\/tienda\/#website\"},\"datePublished\":\"2026-04-15T06:35:37+00:00\",\"dateModified\":\"2026-04-15T06:35:37+00:00\",\"description\":\"Compra Ec550g No Break () 550va \/ 330w, Standby, Gabinete Compacto, 8 \u00d7 Nema 5-15r (1 Supresi\u00f3n Solamente, 3 Supresi\u00f3n Con Modo Eco, 4 Supresi\u00f3n Con Bater\u00eda De Respaldo), Garant\u00eda 3 A\u00f1os. + Env\u00edo a domicilio + Pago seguro + Garant\u00eda\",\"breadcrumb\":{\"@id\":\"https:\/\/compuviper.mx\/tienda\/producto\/cyberpower-ec550g-no-break-550va-330w-standby-gabinete-compacto-8-nema-5-15r-1-supresin-solamente-3-supresin-con-modo-eco-4-supresin-con-batera-de-respaldo-garanta-3-aos\/#breadcrumb\"},\"inLanguage\":\"es-MX\",\"potentialAction\":[{\"@type\":\"ReadAction\",\"target\":[\"https:\/\/compuviper.mx\/tienda\/producto\/cyberpower-ec550g-no-break-550va-330w-standby-gabinete-compacto-8-nema-5-15r-1-supresin-solamente-3-supresin-con-modo-eco-4-supresin-con-batera-de-respaldo-garanta-3-aos\/\"]}]},{\"@type\":\"BreadcrumbList\",\"@id\":\"https:\/\/compuviper.mx\/tienda\/producto\/cyberpower-ec550g-no-break-550va-330w-standby-gabinete-compacto-8-nema-5-15r-1-supresin-solamente-3-supresin-con-modo-eco-4-supresin-con-batera-de-respaldo-garanta-3-aos\/#breadcrumb\",\"itemListElement\":[{\"@type\":\"ListItem\",\"position\":1,\"name\":\"Inicio\",\"item\":\"https:\/\/compuviper.mx\/tienda\/\"},{\"@type\":\"ListItem\",\"position\":2,\"name\":\"Productos\",\"item\":\"https:\/\/compuviper.mx\/tienda\/productos\/\"},{\"@type\":\"ListItem\",\"position\":3,\"name\":\"Energia\",\"item\":\"https:\/\/compuviper.mx\/tienda\/categoria-producto\/energia\/\"},{\"@type\":\"ListItem\",\"position\":4,\"name\":\"No Break\",\"item\":\"https:\/\/compuviper.mx\/tienda\/categoria-producto\/energia\/no-break\/\"},{\"@type\":\"ListItem\",\"position\":5,\"name\":\"Cyberpower Ec550g No Break () 550va \/ 330w, Standby, Gabinete Compacto, 8 ? Nema 5-15r (1 Supresi?n Solamente, 3 Supresi?n Con Modo Eco, 4 Supresi?n Con Bater?a De Respaldo), Garant?a 3 A?os.\"}]},{\"@type\":\"WebSite\",\"@id\":\"https:\/\/compuviper.mx\/tienda\/#website\",\"url\":\"https:\/\/compuviper.mx\/tienda\/\",\"name\":\"Compuviper\",\"description\":\"Proveedor de Computadoras, Laptops, Servidores, Monitores, Puntos de Venta, Teclados,   Impresoras, T\u00f3ner, C\u00e1maras de Seguridad y m\u00e1s en tu tienda en l\u00ednea\",\"publisher\":{\"@id\":\"https:\/\/compuviper.mx\/tienda\/#organization\"},\"potentialAction\":[{\"@type\":\"SearchAction\",\"target\":{\"@type\":\"EntryPoint\",\"urlTemplate\":\"https:\/\/compuviper.mx\/tienda\/?s={search_term_string}\"},\"query-input\":\"required name=search_term_string\"}],\"inLanguage\":\"es-MX\"},{\"@type\":\"Organization\",\"@id\":\"https:\/\/compuviper.mx\/tienda\/#organization\",\"name\":\"Compuviper\",\"url\":\"https:\/\/compuviper.mx\/tienda\/\",\"logo\":{\"@type\":\"ImageObject\",\"inLanguage\":\"es-MX\",\"@id\":\"https:\/\/compuviper.mx\/tienda\/#\/schema\/logo\/image\/\",\"url\":\"https:\/\/compuviper.mx\/tienda\/wp-content\/uploads\/2021\/08\/Logo-Compuviper-10.png\",\"contentUrl\":\"https:\/\/compuviper.mx\/tienda\/wp-content\/uploads\/2021\/08\/Logo-Compuviper-10.png\",\"width\":1000,\"height\":500,\"caption\":\"Compuviper\"},\"image\":{\"@id\":\"https:\/\/compuviper.mx\/tienda\/#\/schema\/logo\/image\/\"},\"sameAs\":[\"https:\/\/www.facebook.com\/compuviper\",\"https:\/\/www.youtube.com\/channel\/UCf73dERp9Y3cfOq7q8BhLjA?view_as=subscriber\"]}]}<\/script>\n<meta property=\"product:brand\" content=\"CYBERPOWER\" \/>\n<meta property=\"product:price:amount\" content=\"1751\" \/>\n<meta property=\"product:price:currency\" content=\"MXN\" \/>\n<meta property=\"og:availability\" content=\"backorder\" \/>\n<meta property=\"product:availability\" content=\"available for order\" \/>\n<meta property=\"product:retailer_item_id\" content=\"EC550G\" \/>\n<meta property=\"product:condition\" content=\"new\" \/>\n<!-- \/ Yoast SEO plugin. -->","yoast_head_json":{"title":"[ Cyberpower ] &#129351; Ec550g No Break () 550va \/ 330w, Standby, Gabinete Compacto, 8 \u00d7 Nema 5-15r (1 Supresi\u00f3n Solamente, 3 Supresi\u00f3n Con Modo Eco, 4 Supresi\u00f3n Con Bater\u00eda De Respaldo), Garant\u00eda 3 A\u00f1os.","description":"Compra Ec550g No Break () 550va \/ 330w, Standby, Gabinete Compacto, 8 \u00d7 Nema 5-15r (1 Supresi\u00f3n Solamente, 3 Supresi\u00f3n Con Modo Eco, 4 Supresi\u00f3n Con Bater\u00eda De Respaldo), Garant\u00eda 3 A\u00f1os. + Env\u00edo a domicilio + Pago seguro + Garant\u00eda","robots":{"index":"index","follow":"follow","max-snippet":"max-snippet:-1","max-image-preview":"max-image-preview:large","max-video-preview":"max-video-preview:-1"},"canonical":"https:\/\/compuviper.mx\/tienda\/producto\/cyberpower-ec550g-no-break-550va-330w-standby-gabinete-compacto-8-nema-5-15r-1-supresin-solamente-3-supresin-con-modo-eco-4-supresin-con-batera-de-respaldo-garanta-3-aos\/","og_locale":"es_MX","og_type":"article","og_title":"[ Cyberpower ] &#129351; Ec550g No Break () 550va \/ 330w, Standby, Gabinete Compacto, 8 \u00d7 Nema 5-15r (1 Supresi\u00f3n Solamente, 3 Supresi\u00f3n Con Modo Eco, 4 Supresi\u00f3n Con Bater\u00eda De Respaldo), Garant\u00eda 3 A\u00f1os.","og_description":"Compra Ec550g No Break () 550va \/ 330w, Standby, Gabinete Compacto, 8 \u00d7 Nema 5-15r (1 Supresi\u00f3n Solamente, 3 Supresi\u00f3n Con Modo Eco, 4 Supresi\u00f3n Con Bater\u00eda De Respaldo), Garant\u00eda 3 A\u00f1os. + Env\u00edo a domicilio + Pago seguro + Garant\u00eda","og_url":"https:\/\/compuviper.mx\/tienda\/producto\/cyberpower-ec550g-no-break-550va-330w-standby-gabinete-compacto-8-nema-5-15r-1-supresin-solamente-3-supresin-con-modo-eco-4-supresin-con-batera-de-respaldo-garanta-3-aos\/","og_site_name":"Compuviper","article_publisher":"https:\/\/www.facebook.com\/compuviper","og_image":[{"width":200,"height":200,"url":"https:\/\/compuviper.mx\/tienda\/wp-content\/uploads\/2023\/12\/No-break-cyberpower-ec550g-550va-330w-standby-gabinete-compacto-8-\u00d7-nema-5-15r-1-supresion-solamente-3-supresion-con-modo-eco-4-supresion-con-bateria-de-respaldo-garantia-3-anos.jpg","type":"image\/jpeg"}],"twitter_card":"summary_large_image","twitter_misc":{"Precio":"&#36;1,751 con IVA","Availability":"On backorder"},"schema":{"@context":"https:\/\/schema.org","@graph":[{"@type":"WebPage","@id":"https:\/\/compuviper.mx\/tienda\/producto\/cyberpower-ec550g-no-break-550va-330w-standby-gabinete-compacto-8-nema-5-15r-1-supresin-solamente-3-supresin-con-modo-eco-4-supresin-con-batera-de-respaldo-garanta-3-aos\/","url":"https:\/\/compuviper.mx\/tienda\/producto\/cyberpower-ec550g-no-break-550va-330w-standby-gabinete-compacto-8-nema-5-15r-1-supresin-solamente-3-supresin-con-modo-eco-4-supresin-con-batera-de-respaldo-garanta-3-aos\/","name":"[ Cyberpower ] &#129351; Ec550g No Break () 550va \/ 330w, Standby, Gabinete Compacto, 8 \u00d7 Nema 5-15r (1 Supresi\u00f3n Solamente, 3 Supresi\u00f3n Con Modo Eco, 4 Supresi\u00f3n Con Bater\u00eda De Respaldo), Garant\u00eda 3 A\u00f1os.","isPartOf":{"@id":"https:\/\/compuviper.mx\/tienda\/#website"},"datePublished":"2026-04-15T06:35:37+00:00","dateModified":"2026-04-15T06:35:37+00:00","description":"Compra Ec550g No Break () 550va \/ 330w, Standby, Gabinete Compacto, 8 \u00d7 Nema 5-15r (1 Supresi\u00f3n Solamente, 3 Supresi\u00f3n Con Modo Eco, 4 Supresi\u00f3n Con Bater\u00eda De Respaldo), Garant\u00eda 3 A\u00f1os. + Env\u00edo a domicilio + Pago seguro + Garant\u00eda","breadcrumb":{"@id":"https:\/\/compuviper.mx\/tienda\/producto\/cyberpower-ec550g-no-break-550va-330w-standby-gabinete-compacto-8-nema-5-15r-1-supresin-solamente-3-supresin-con-modo-eco-4-supresin-con-batera-de-respaldo-garanta-3-aos\/#breadcrumb"},"inLanguage":"es-MX","potentialAction":[{"@type":"ReadAction","target":["https:\/\/compuviper.mx\/tienda\/producto\/cyberpower-ec550g-no-break-550va-330w-standby-gabinete-compacto-8-nema-5-15r-1-supresin-solamente-3-supresin-con-modo-eco-4-supresin-con-batera-de-respaldo-garanta-3-aos\/"]}]},{"@type":"BreadcrumbList","@id":"https:\/\/compuviper.mx\/tienda\/producto\/cyberpower-ec550g-no-break-550va-330w-standby-gabinete-compacto-8-nema-5-15r-1-supresin-solamente-3-supresin-con-modo-eco-4-supresin-con-batera-de-respaldo-garanta-3-aos\/#breadcrumb","itemListElement":[{"@type":"ListItem","position":1,"name":"Inicio","item":"https:\/\/compuviper.mx\/tienda\/"},{"@type":"ListItem","position":2,"name":"Productos","item":"https:\/\/compuviper.mx\/tienda\/productos\/"},{"@type":"ListItem","position":3,"name":"Energia","item":"https:\/\/compuviper.mx\/tienda\/categoria-producto\/energia\/"},{"@type":"ListItem","position":4,"name":"No Break","item":"https:\/\/compuviper.mx\/tienda\/categoria-producto\/energia\/no-break\/"},{"@type":"ListItem","position":5,"name":"Cyberpower Ec550g No Break () 550va \/ 330w, Standby, Gabinete Compacto, 8 ? Nema 5-15r (1 Supresi?n Solamente, 3 Supresi?n Con Modo Eco, 4 Supresi?n Con Bater?a De Respaldo), Garant?a 3 A?os."}]},{"@type":"WebSite","@id":"https:\/\/compuviper.mx\/tienda\/#website","url":"https:\/\/compuviper.mx\/tienda\/","name":"Compuviper","description":"Proveedor de Computadoras, Laptops, Servidores, Monitores, Puntos de Venta, Teclados,   Impresoras, T\u00f3ner, C\u00e1maras de Seguridad y m\u00e1s en tu tienda en l\u00ednea","publisher":{"@id":"https:\/\/compuviper.mx\/tienda\/#organization"},"potentialAction":[{"@type":"SearchAction","target":{"@type":"EntryPoint","urlTemplate":"https:\/\/compuviper.mx\/tienda\/?s={search_term_string}"},"query-input":"required name=search_term_string"}],"inLanguage":"es-MX"},{"@type":"Organization","@id":"https:\/\/compuviper.mx\/tienda\/#organization","name":"Compuviper","url":"https:\/\/compuviper.mx\/tienda\/","logo":{"@type":"ImageObject","inLanguage":"es-MX","@id":"https:\/\/compuviper.mx\/tienda\/#\/schema\/logo\/image\/","url":"https:\/\/compuviper.mx\/tienda\/wp-content\/uploads\/2021\/08\/Logo-Compuviper-10.png","contentUrl":"https:\/\/compuviper.mx\/tienda\/wp-content\/uploads\/2021\/08\/Logo-Compuviper-10.png","width":1000,"height":500,"caption":"Compuviper"},"image":{"@id":"https:\/\/compuviper.mx\/tienda\/#\/schema\/logo\/image\/"},"sameAs":["https:\/\/www.facebook.com\/compuviper","https:\/\/www.youtube.com\/channel\/UCf73dERp9Y3cfOq7q8BhLjA?view_as=subscriber"]}]},"product_brand":"CYBERPOWER","product_price_amount":"1751","product_price_currency":"MXN","og_availability":"backorder","product_availability":"available for order","product_retailer_item_id":"EC550G","product_condition":"new"},"_links":{"self":[{"href":"https:\/\/compuviper.mx\/tienda\/wp-json\/wp\/v2\/product\/218043"}],"collection":[{"href":"https:\/\/compuviper.mx\/tienda\/wp-json\/wp\/v2\/product"}],"about":[{"href":"https:\/\/compuviper.mx\/tienda\/wp-json\/wp\/v2\/types\/product"}],"replies":[{"embeddable":true,"href":"https:\/\/compuviper.mx\/tienda\/wp-json\/wp\/v2\/comments?post=218043"}],"wp:featuredmedia":[{"embeddable":true,"href":"https:\/\/compuviper.mx\/tienda\/wp-json\/wp\/v2\/media\/218044"}],"wp:attachment":[{"href":"https:\/\/compuviper.mx\/tienda\/wp-json\/wp\/v2\/media?parent=218043"}],"wp:term":[{"taxonomy":"product_cat","embeddable":true,"href":"https:\/\/compuviper.mx\/tienda\/wp-json\/wp\/v2\/product_cat?post=218043"},{"taxonomy":"product_tag","embeddable":true,"href":"https:\/\/compuviper.mx\/tienda\/wp-json\/wp\/v2\/product_tag?post=218043"}],"curies":[{"name":"wp","href":"https:\/\/api.w.org\/{rel}","templated":true}]}}