{"id":218037,"date":"2026-04-02T00:34:11","date_gmt":"2026-04-02T06:34:11","guid":{"rendered":"https:\/\/compuviper.mx\/tienda\/producto\/eaton-5p1550g-no-break-ups-modelo-interactivo-mod-5p1550-cap-1550v-1100w-volt-ent-230-230sal-torre\/"},"modified":"2026-04-03T00:00:07","modified_gmt":"2026-04-03T06:00:07","slug":"eaton-5p1550g-no-break-ups-modelo-interactivo-mod-5p1550-cap-1550v-1100w-volt-ent-230-230sal-torre","status":"publish","type":"product","link":"https:\/\/compuviper.mx\/tienda\/producto\/eaton-5p1550g-no-break-ups-modelo-interactivo-mod-5p1550-cap-1550v-1100w-volt-ent-230-230sal-torre\/","title":{"rendered":"Eaton 5p1550g No Break \/ Ups \/ \/ Modelo  Interactivo Mod 5p1550 Cap\/1550v\/1100w Volt Ent 230\/230sal\/torre"},"content":{"rendered":"<table class=\"descripcion\">\n<tr>\n<td>Modelo 5p<\/td>\n<\/tr>\n<tr>\n<td>Capacidad 1550 vas\/ 11oo w<\/td>\n<\/tr>\n<tr>\n<td>Voltaje entrada y salida 230<\/td>\n<\/tr>\n<tr>\n<td>50\/60hz<\/td>\n<\/tr>\n<tr>\n<td>Formato tipo torre<\/td>\n<\/tr>\n<tr>\n<td>Conexion de entrada c14<\/td>\n<\/tr>\n<tr>\n<td>Conexi\u00f3n de salida c13 (8)<\/td>\n<\/tr>\n<tr>\n<td>Dimensiones en pulgadas 9.1 x 5.9 x 17.5<\/td>\n<\/tr>\n<tr>\n<td>Peso en libras 35.2.<\/td>\n<\/tr>\n<\/table>\n","protected":false},"excerpt":{"rendered":"<p>Ahorro de espacio : la torre 5p eaton proporciona protecci\u00f3n superior , conservando espacio de valor en m\u00faltiples dise\u00f1os de torres esbeltas . Eficiencia: la eficiencia 5p ofrece a la industria principal de hasta un 99 por ciento. Manejabilidad . \u0095 gesti\u00f3n de ups : al integrar gratis power \u00ae software suite inteligente de eaton , puede supervisar y administrar los dispositivos de alimentaci\u00f3n de la red. \u0095 medici\u00f3n de la energ\u00eda : la metros 5p consumo de energ\u00eda a nivel ups. Pantalla lcd: lcd de \u00faltima generaci\u00f3n de eaton ofrece una interfaz gr\u00e1fica que proporciona toda la informaci\u00f3n cr\u00edtica ups en una sola vista de la pantalla . M\u00e1s potencia : el 5p protege a m\u00e1s dispositivos , proporcionando. 20 por ciento m\u00e1s de potencia en comparaci\u00f3n con los ups tradicionales . Duraci\u00f3n de la bater\u00eda : la exclusiva tecnolog\u00eda abm \u00ae de eaton aumenta la vida \u00fatil de la bater\u00eda en un 50 por ciento. Energy star \u00ae : 5p 2200 y 3000 modelos de torre va son energy star. Ayuda a los consumidores a ahorrar energy star. Dinero y proteger el medio ambiente a trav\u00e9s de productos y pr\u00e1cticas energ\u00e9tica mente eficientes . Intelligent power software suite. Al integrar el software con el 5p eaton , puede. \u0095 integre perfectamente con la soluci\u00f3n de vmware vcenter server \u0099 virtualizaci\u00f3n de gesti\u00f3n , as\u00ed como plataformas de virtualizaci\u00f3n , como citrix \u00ae xenserver , microsoft scvmm \u0099 , red hat \u00ae y otras plataformas xen \u00ae de c\u00f3digo abierto. \u0095 iniciar la migraci\u00f3n en vivo de m\u00e1quinas virtuales ( vm ) de forma autom\u00e1tica y transparente migrar m\u00e1quinas virtuales durante interrupciones del suministro el\u00e9ctrico a los dispositivos afectados con sistemas tales como vmware vmotion \u0099 y microsoft live migraci\u00f3n. \u0095 ejecutar cierre correcto de las computadoras y las m\u00e1quinas \/ servidores virtuales durante un apag\u00f3n prolongado. Para obtener m\u00e1s informaci\u00f3n, por favor visite : eaton.Com \/ intelligentpower. Servicios y apoyo. Eaton ofrece soporte de productos las 24 horas del d\u00eda , los 7 d\u00edas de la semana . De reemplazo de la bater\u00eda para los planes de servicio de ups completos , eaton tiene una de las mejores modelos de servicio en la industria. Tres a\u00f1os de garant\u00eda. La garant\u00eda 5p abarca tanto la ups y las bater\u00edas de tres a\u00f1os. Ning\u00fan otro fabricante en la industria ofrece una amplia garant\u00eda<\/p>\n","protected":false},"featured_media":218038,"comment_status":"open","ping_status":"open","template":"","meta":[],"product_cat":[1508,1691],"product_tag":[1698],"acf":[],"yoast_head":"<!-- This site is optimized with the Yoast SEO plugin v21.7 - https:\/\/yoast.com\/wordpress\/plugins\/seo\/ -->\n<title>[ Eaton ] &#129351; 5p1550g No Break \/ Ups \/ \/ Modelo Interactivo Mod 5p1550 Cap\/1550v\/1100w Volt Ent 230\/230sal\/torre<\/title>\n<meta name=\"description\" content=\"Compra 5p1550g No Break \/ Ups \/ \/ Modelo Interactivo Mod 5p1550 Cap\/1550v\/1100w Volt Ent 230\/230sal\/torre + Env\u00edo a domicilio + Pago seguro + Garant\u00eda\" \/>\n<meta name=\"robots\" content=\"index, follow, max-snippet:-1, max-image-preview:large, max-video-preview:-1\" \/>\n<link rel=\"canonical\" href=\"https:\/\/compuviper.mx\/tienda\/producto\/eaton-5p1550g-no-break-ups-modelo-interactivo-mod-5p1550-cap-1550v-1100w-volt-ent-230-230sal-torre\/\" \/>\n<meta property=\"og:locale\" content=\"es_MX\" \/>\n<meta property=\"og:type\" content=\"article\" \/>\n<meta property=\"og:title\" content=\"[ Eaton ] &#129351; 5p1550g No Break \/ Ups \/ \/ Modelo Interactivo Mod 5p1550 Cap\/1550v\/1100w Volt Ent 230\/230sal\/torre\" \/>\n<meta property=\"og:description\" content=\"Compra 5p1550g No Break \/ Ups \/ \/ Modelo Interactivo Mod 5p1550 Cap\/1550v\/1100w Volt Ent 230\/230sal\/torre + Env\u00edo a domicilio + Pago seguro + Garant\u00eda\" \/>\n<meta property=\"og:url\" content=\"https:\/\/compuviper.mx\/tienda\/producto\/eaton-5p1550g-no-break-ups-modelo-interactivo-mod-5p1550-cap-1550v-1100w-volt-ent-230-230sal-torre\/\" \/>\n<meta property=\"og:site_name\" content=\"Compuviper\" \/>\n<meta property=\"article:publisher\" content=\"https:\/\/www.facebook.com\/compuviper\" \/>\n<meta property=\"article:modified_time\" content=\"2026-04-03T06:00:07+00:00\" \/>\n<meta property=\"og:image\" content=\"https:\/\/compuviper.mx\/tienda\/wp-content\/uploads\/2023\/12\/No-break-ups-eaton-modelo-5p1550g-interactivo-mod-5p1550-cap1550v1100w-volt-ent-230230saltorre.jpg\" \/>\n\t<meta property=\"og:image:width\" content=\"200\" \/>\n\t<meta property=\"og:image:height\" content=\"200\" \/>\n\t<meta property=\"og:image:type\" content=\"image\/jpeg\" \/>\n<meta name=\"twitter:card\" content=\"summary_large_image\" \/>\n<meta name=\"twitter:label1\" content=\"Precio\" \/>\n\t<meta name=\"twitter:data1\" content=\"&#36;10,612 con IVA\" \/>\n\t<meta name=\"twitter:label2\" content=\"Availability\" \/>\n\t<meta name=\"twitter:data2\" content=\"Out of stock\" \/>\n<script type=\"application\/ld+json\" class=\"yoast-schema-graph\">{\"@context\":\"https:\/\/schema.org\",\"@graph\":[{\"@type\":\"WebPage\",\"@id\":\"https:\/\/compuviper.mx\/tienda\/producto\/eaton-5p1550g-no-break-ups-modelo-interactivo-mod-5p1550-cap-1550v-1100w-volt-ent-230-230sal-torre\/\",\"url\":\"https:\/\/compuviper.mx\/tienda\/producto\/eaton-5p1550g-no-break-ups-modelo-interactivo-mod-5p1550-cap-1550v-1100w-volt-ent-230-230sal-torre\/\",\"name\":\"[ Eaton ] &#129351; 5p1550g No Break \/ Ups \/ \/ Modelo Interactivo Mod 5p1550 Cap\/1550v\/1100w Volt Ent 230\/230sal\/torre\",\"isPartOf\":{\"@id\":\"https:\/\/compuviper.mx\/tienda\/#website\"},\"datePublished\":\"2026-04-02T06:34:11+00:00\",\"dateModified\":\"2026-04-03T06:00:07+00:00\",\"description\":\"Compra 5p1550g No Break \/ Ups \/ \/ Modelo Interactivo Mod 5p1550 Cap\/1550v\/1100w Volt Ent 230\/230sal\/torre + Env\u00edo a domicilio + Pago seguro + Garant\u00eda\",\"breadcrumb\":{\"@id\":\"https:\/\/compuviper.mx\/tienda\/producto\/eaton-5p1550g-no-break-ups-modelo-interactivo-mod-5p1550-cap-1550v-1100w-volt-ent-230-230sal-torre\/#breadcrumb\"},\"inLanguage\":\"es-MX\",\"potentialAction\":[{\"@type\":\"ReadAction\",\"target\":[\"https:\/\/compuviper.mx\/tienda\/producto\/eaton-5p1550g-no-break-ups-modelo-interactivo-mod-5p1550-cap-1550v-1100w-volt-ent-230-230sal-torre\/\"]}]},{\"@type\":\"BreadcrumbList\",\"@id\":\"https:\/\/compuviper.mx\/tienda\/producto\/eaton-5p1550g-no-break-ups-modelo-interactivo-mod-5p1550-cap-1550v-1100w-volt-ent-230-230sal-torre\/#breadcrumb\",\"itemListElement\":[{\"@type\":\"ListItem\",\"position\":1,\"name\":\"Inicio\",\"item\":\"https:\/\/compuviper.mx\/tienda\/\"},{\"@type\":\"ListItem\",\"position\":2,\"name\":\"Productos\",\"item\":\"https:\/\/compuviper.mx\/tienda\/productos\/\"},{\"@type\":\"ListItem\",\"position\":3,\"name\":\"Energia\",\"item\":\"https:\/\/compuviper.mx\/tienda\/categoria-producto\/energia\/\"},{\"@type\":\"ListItem\",\"position\":4,\"name\":\"No Break\",\"item\":\"https:\/\/compuviper.mx\/tienda\/categoria-producto\/energia\/no-break\/\"},{\"@type\":\"ListItem\",\"position\":5,\"name\":\"Eaton 5p1550g No Break \/ Ups \/ \/ Modelo Interactivo Mod 5p1550 Cap\/1550v\/1100w Volt Ent 230\/230sal\/torre\"}]},{\"@type\":\"WebSite\",\"@id\":\"https:\/\/compuviper.mx\/tienda\/#website\",\"url\":\"https:\/\/compuviper.mx\/tienda\/\",\"name\":\"Compuviper\",\"description\":\"Proveedor de Computadoras, Laptops, Servidores, Monitores, Puntos de Venta, Teclados,   Impresoras, T\u00f3ner, C\u00e1maras de Seguridad y m\u00e1s en tu tienda en l\u00ednea\",\"publisher\":{\"@id\":\"https:\/\/compuviper.mx\/tienda\/#organization\"},\"potentialAction\":[{\"@type\":\"SearchAction\",\"target\":{\"@type\":\"EntryPoint\",\"urlTemplate\":\"https:\/\/compuviper.mx\/tienda\/?s={search_term_string}\"},\"query-input\":\"required name=search_term_string\"}],\"inLanguage\":\"es-MX\"},{\"@type\":\"Organization\",\"@id\":\"https:\/\/compuviper.mx\/tienda\/#organization\",\"name\":\"Compuviper\",\"url\":\"https:\/\/compuviper.mx\/tienda\/\",\"logo\":{\"@type\":\"ImageObject\",\"inLanguage\":\"es-MX\",\"@id\":\"https:\/\/compuviper.mx\/tienda\/#\/schema\/logo\/image\/\",\"url\":\"https:\/\/compuviper.mx\/tienda\/wp-content\/uploads\/2021\/08\/Logo-Compuviper-10.png\",\"contentUrl\":\"https:\/\/compuviper.mx\/tienda\/wp-content\/uploads\/2021\/08\/Logo-Compuviper-10.png\",\"width\":1000,\"height\":500,\"caption\":\"Compuviper\"},\"image\":{\"@id\":\"https:\/\/compuviper.mx\/tienda\/#\/schema\/logo\/image\/\"},\"sameAs\":[\"https:\/\/www.facebook.com\/compuviper\",\"https:\/\/www.youtube.com\/channel\/UCf73dERp9Y3cfOq7q8BhLjA?view_as=subscriber\"]}]}<\/script>\n<meta property=\"product:brand\" content=\"EATON\" \/>\n<meta property=\"product:price:amount\" content=\"10612\" \/>\n<meta property=\"product:price:currency\" content=\"MXN\" \/>\n<meta property=\"og:availability\" content=\"out of stock\" \/>\n<meta property=\"product:availability\" content=\"out of stock\" \/>\n<meta property=\"product:retailer_item_id\" content=\"5P1550G\" \/>\n<meta property=\"product:condition\" content=\"new\" \/>\n<!-- \/ Yoast SEO plugin. -->","yoast_head_json":{"title":"[ Eaton ] &#129351; 5p1550g No Break \/ Ups \/ \/ Modelo Interactivo Mod 5p1550 Cap\/1550v\/1100w Volt Ent 230\/230sal\/torre","description":"Compra 5p1550g No Break \/ Ups \/ \/ Modelo Interactivo Mod 5p1550 Cap\/1550v\/1100w Volt Ent 230\/230sal\/torre + Env\u00edo a domicilio + Pago seguro + Garant\u00eda","robots":{"index":"index","follow":"follow","max-snippet":"max-snippet:-1","max-image-preview":"max-image-preview:large","max-video-preview":"max-video-preview:-1"},"canonical":"https:\/\/compuviper.mx\/tienda\/producto\/eaton-5p1550g-no-break-ups-modelo-interactivo-mod-5p1550-cap-1550v-1100w-volt-ent-230-230sal-torre\/","og_locale":"es_MX","og_type":"article","og_title":"[ Eaton ] &#129351; 5p1550g No Break \/ Ups \/ \/ Modelo Interactivo Mod 5p1550 Cap\/1550v\/1100w Volt Ent 230\/230sal\/torre","og_description":"Compra 5p1550g No Break \/ Ups \/ \/ Modelo Interactivo Mod 5p1550 Cap\/1550v\/1100w Volt Ent 230\/230sal\/torre + Env\u00edo a domicilio + Pago seguro + Garant\u00eda","og_url":"https:\/\/compuviper.mx\/tienda\/producto\/eaton-5p1550g-no-break-ups-modelo-interactivo-mod-5p1550-cap-1550v-1100w-volt-ent-230-230sal-torre\/","og_site_name":"Compuviper","article_publisher":"https:\/\/www.facebook.com\/compuviper","article_modified_time":"2026-04-03T06:00:07+00:00","og_image":[{"width":200,"height":200,"url":"https:\/\/compuviper.mx\/tienda\/wp-content\/uploads\/2023\/12\/No-break-ups-eaton-modelo-5p1550g-interactivo-mod-5p1550-cap1550v1100w-volt-ent-230230saltorre.jpg","type":"image\/jpeg"}],"twitter_card":"summary_large_image","twitter_misc":{"Precio":"&#36;10,612 con IVA","Availability":"Out of stock"},"schema":{"@context":"https:\/\/schema.org","@graph":[{"@type":"WebPage","@id":"https:\/\/compuviper.mx\/tienda\/producto\/eaton-5p1550g-no-break-ups-modelo-interactivo-mod-5p1550-cap-1550v-1100w-volt-ent-230-230sal-torre\/","url":"https:\/\/compuviper.mx\/tienda\/producto\/eaton-5p1550g-no-break-ups-modelo-interactivo-mod-5p1550-cap-1550v-1100w-volt-ent-230-230sal-torre\/","name":"[ Eaton ] &#129351; 5p1550g No Break \/ Ups \/ \/ Modelo Interactivo Mod 5p1550 Cap\/1550v\/1100w Volt Ent 230\/230sal\/torre","isPartOf":{"@id":"https:\/\/compuviper.mx\/tienda\/#website"},"datePublished":"2026-04-02T06:34:11+00:00","dateModified":"2026-04-03T06:00:07+00:00","description":"Compra 5p1550g No Break \/ Ups \/ \/ Modelo Interactivo Mod 5p1550 Cap\/1550v\/1100w Volt Ent 230\/230sal\/torre + Env\u00edo a domicilio + Pago seguro + Garant\u00eda","breadcrumb":{"@id":"https:\/\/compuviper.mx\/tienda\/producto\/eaton-5p1550g-no-break-ups-modelo-interactivo-mod-5p1550-cap-1550v-1100w-volt-ent-230-230sal-torre\/#breadcrumb"},"inLanguage":"es-MX","potentialAction":[{"@type":"ReadAction","target":["https:\/\/compuviper.mx\/tienda\/producto\/eaton-5p1550g-no-break-ups-modelo-interactivo-mod-5p1550-cap-1550v-1100w-volt-ent-230-230sal-torre\/"]}]},{"@type":"BreadcrumbList","@id":"https:\/\/compuviper.mx\/tienda\/producto\/eaton-5p1550g-no-break-ups-modelo-interactivo-mod-5p1550-cap-1550v-1100w-volt-ent-230-230sal-torre\/#breadcrumb","itemListElement":[{"@type":"ListItem","position":1,"name":"Inicio","item":"https:\/\/compuviper.mx\/tienda\/"},{"@type":"ListItem","position":2,"name":"Productos","item":"https:\/\/compuviper.mx\/tienda\/productos\/"},{"@type":"ListItem","position":3,"name":"Energia","item":"https:\/\/compuviper.mx\/tienda\/categoria-producto\/energia\/"},{"@type":"ListItem","position":4,"name":"No Break","item":"https:\/\/compuviper.mx\/tienda\/categoria-producto\/energia\/no-break\/"},{"@type":"ListItem","position":5,"name":"Eaton 5p1550g No Break \/ Ups \/ \/ Modelo Interactivo Mod 5p1550 Cap\/1550v\/1100w Volt Ent 230\/230sal\/torre"}]},{"@type":"WebSite","@id":"https:\/\/compuviper.mx\/tienda\/#website","url":"https:\/\/compuviper.mx\/tienda\/","name":"Compuviper","description":"Proveedor de Computadoras, Laptops, Servidores, Monitores, Puntos de Venta, Teclados,   Impresoras, T\u00f3ner, C\u00e1maras de Seguridad y m\u00e1s en tu tienda en l\u00ednea","publisher":{"@id":"https:\/\/compuviper.mx\/tienda\/#organization"},"potentialAction":[{"@type":"SearchAction","target":{"@type":"EntryPoint","urlTemplate":"https:\/\/compuviper.mx\/tienda\/?s={search_term_string}"},"query-input":"required name=search_term_string"}],"inLanguage":"es-MX"},{"@type":"Organization","@id":"https:\/\/compuviper.mx\/tienda\/#organization","name":"Compuviper","url":"https:\/\/compuviper.mx\/tienda\/","logo":{"@type":"ImageObject","inLanguage":"es-MX","@id":"https:\/\/compuviper.mx\/tienda\/#\/schema\/logo\/image\/","url":"https:\/\/compuviper.mx\/tienda\/wp-content\/uploads\/2021\/08\/Logo-Compuviper-10.png","contentUrl":"https:\/\/compuviper.mx\/tienda\/wp-content\/uploads\/2021\/08\/Logo-Compuviper-10.png","width":1000,"height":500,"caption":"Compuviper"},"image":{"@id":"https:\/\/compuviper.mx\/tienda\/#\/schema\/logo\/image\/"},"sameAs":["https:\/\/www.facebook.com\/compuviper","https:\/\/www.youtube.com\/channel\/UCf73dERp9Y3cfOq7q8BhLjA?view_as=subscriber"]}]},"product_brand":"EATON","product_price_amount":"10612","product_price_currency":"MXN","og_availability":"out of stock","product_availability":"out of stock","product_retailer_item_id":"5P1550G","product_condition":"new"},"_links":{"self":[{"href":"https:\/\/compuviper.mx\/tienda\/wp-json\/wp\/v2\/product\/218037"}],"collection":[{"href":"https:\/\/compuviper.mx\/tienda\/wp-json\/wp\/v2\/product"}],"about":[{"href":"https:\/\/compuviper.mx\/tienda\/wp-json\/wp\/v2\/types\/product"}],"replies":[{"embeddable":true,"href":"https:\/\/compuviper.mx\/tienda\/wp-json\/wp\/v2\/comments?post=218037"}],"wp:featuredmedia":[{"embeddable":true,"href":"https:\/\/compuviper.mx\/tienda\/wp-json\/wp\/v2\/media\/218038"}],"wp:attachment":[{"href":"https:\/\/compuviper.mx\/tienda\/wp-json\/wp\/v2\/media?parent=218037"}],"wp:term":[{"taxonomy":"product_cat","embeddable":true,"href":"https:\/\/compuviper.mx\/tienda\/wp-json\/wp\/v2\/product_cat?post=218037"},{"taxonomy":"product_tag","embeddable":true,"href":"https:\/\/compuviper.mx\/tienda\/wp-json\/wp\/v2\/product_tag?post=218037"}],"curies":[{"name":"wp","href":"https:\/\/api.w.org\/{rel}","templated":true}]}}