{"id":218029,"date":"2026-04-02T00:34:09","date_gmt":"2026-04-02T06:34:09","guid":{"rendered":"https:\/\/compuviper.mx\/tienda\/producto\/sola-basic-isb-srs-21-162-no-break-1600va-6-contactos-c-regulador-c-cfp-senoidal\/"},"modified":"2026-04-02T00:34:10","modified_gmt":"2026-04-02T06:34:10","slug":"sola-basic-isb-srs-21-162-no-break-1600va-6-contactos-c-regulador-c-cfp-senoidal","status":"publish","type":"product","link":"https:\/\/compuviper.mx\/tienda\/producto\/sola-basic-isb-srs-21-162-no-break-1600va-6-contactos-c-regulador-c-cfp-senoidal\/","title":{"rendered":"Sola Basic Isb Srs-21-162 No Break  , 1600va, 6 Contactos, C\/ Regulador, C\/ Cfp Senoidal"},"content":{"rendered":"<table class=\"descripcion\">\n<tr>\n<td>No break sola basic isb  srs-21-162, 1600va \/ 1000 watts, 6 cont. para equipos con fuente de poder con factor  de potencia corregida (p.f.c. power factor corrected).<\/td>\n<\/tr>\n<tr>\n<td>Caracteristicas electricas:<\/td>\n<\/tr>\n<tr>\n<td>Cuenta con pantalla de informacion (iluminada)<\/td>\n<\/tr>\n<tr>\n<td>Voltaje de entrada<\/td>\n<\/tr>\n<tr>\n<td>Voltaje de salida acompaniada de la frecuencia<\/td>\n<\/tr>\n<tr>\n<td>Modo de operacion con linea o en modo de descarga<\/td>\n<\/tr>\n<tr>\n<td>Carga y descarga de bateria<\/td>\n<\/tr>\n<tr>\n<td>Entrada<\/td>\n<\/tr>\n<tr>\n<td>Tension                  regulador operando 95vac-140vac<\/td>\n<\/tr>\n<tr>\n<td>Sistema: una fase, neutro y conexion de tierra fisica<\/td>\n<\/tr>\n<tr>\n<td>Frecuencia: 60hz<\/td>\n<\/tr>\n<tr>\n<td>Equipado con cable tomacorriente con clavija de seguridad de nema 5-15p integrada<\/td>\n<\/tr>\n<tr>\n<td>Salida de tension: 120vac (+6%,-8% en linea, con inversor +-5%)<\/td>\n<\/tr>\n<tr>\n<td>Capacidad: 1600va \/ 1000w<\/td>\n<\/tr>\n<tr>\n<td>Regulacion: exclusivamente de fase a neutro<\/td>\n<\/tr>\n<tr>\n<td>Forma de onda: con linea senoidal, con inversor senoidal<\/td>\n<\/tr>\n<tr>\n<td>Sistema: una fase, neutro y conexion de tierra fisica<\/td>\n<\/tr>\n<tr>\n<td>Tiempo de respaldo<\/td>\n<\/tr>\n<tr>\n<td>Contando computadora personal con monitor plano hasta de 17 pulgadas ofrece 120 min de respaldo.  a  media carga  20 min. a validar el tiempo de respaldo conforme el consumo del equipo a respaldar.<\/td>\n<\/tr>\n<tr>\n<td>Tiempo de recarga: 6 horas al 90%<\/td>\n<\/tr>\n<tr>\n<td>Tiempo de transferencia:  4 mseg maximo<\/td>\n<\/tr>\n<tr>\n<td>Equipo con 6 contactos polarizados tipo nema 5 -15r<\/td>\n<\/tr>\n<tr>\n<td>Su montaje cuenta con gabinete metalico completamente auto-soportado.<\/td>\n<\/tr>\n<\/table>\n","protected":false},"excerpt":{"rendered":"<p>El soporte senoidal regulado inteligente fase 1600 (sistema electronico de energia ininterrumpida interactivo en espera) esta diseniado para suministrar energia de ca senoidal regulada en forma continua, es decir que en modo de regulador operando como de inversor operando entregara onda senoidal lo que lo hace ideal para alimentar equipos de ultima generacion que cuenten con una fuente (o fuentes redundantes) con arreglo de factor de potencia (p.F.C. Power factor corrected ). Hp proliant. Ibm. Sun de oracle. Dell, etc. Se han realizados pruebas que nos arrojan resultados satisfactorios entregando como minimo 90 minutos de tiempo de respaldo (considerando el servidor y un monitor plano de 17 pulgadas carga tipica basica, a validar el tiempo de respaldo conforme el consumo del equipo a respaldar.<\/p>\n","protected":false},"featured_media":218030,"comment_status":"open","ping_status":"open","template":"","meta":[],"product_cat":[1508,1691],"product_tag":[1696],"acf":[],"yoast_head":"<!-- This site is optimized with the Yoast SEO plugin v21.7 - https:\/\/yoast.com\/wordpress\/plugins\/seo\/ -->\n<title>[ Sola Basic Isb ] &#129351; Srs-21-162 No Break , 1600va, 6 Contactos, C\/ Regulador, C\/ Cfp Senoidal<\/title>\n<meta name=\"description\" content=\"Compra Srs-21-162 No Break , 1600va, 6 Contactos, C\/ Regulador, C\/ Cfp Senoidal + Env\u00edo a domicilio + Pago seguro + Garant\u00eda\" \/>\n<meta name=\"robots\" content=\"index, follow, max-snippet:-1, max-image-preview:large, max-video-preview:-1\" \/>\n<link rel=\"canonical\" href=\"https:\/\/compuviper.mx\/tienda\/producto\/sola-basic-isb-srs-21-162-no-break-1600va-6-contactos-c-regulador-c-cfp-senoidal\/\" \/>\n<meta property=\"og:locale\" content=\"es_MX\" \/>\n<meta property=\"og:type\" content=\"article\" \/>\n<meta property=\"og:title\" content=\"[ Sola Basic Isb ] &#129351; Srs-21-162 No Break , 1600va, 6 Contactos, C\/ Regulador, C\/ Cfp Senoidal\" \/>\n<meta property=\"og:description\" content=\"Compra Srs-21-162 No Break , 1600va, 6 Contactos, C\/ Regulador, C\/ Cfp Senoidal + Env\u00edo a domicilio + Pago seguro + Garant\u00eda\" \/>\n<meta property=\"og:url\" content=\"https:\/\/compuviper.mx\/tienda\/producto\/sola-basic-isb-srs-21-162-no-break-1600va-6-contactos-c-regulador-c-cfp-senoidal\/\" \/>\n<meta property=\"og:site_name\" content=\"Compuviper\" \/>\n<meta property=\"article:publisher\" content=\"https:\/\/www.facebook.com\/compuviper\" \/>\n<meta property=\"article:modified_time\" content=\"2026-04-02T06:34:10+00:00\" \/>\n<meta property=\"og:image\" content=\"https:\/\/compuviper.mx\/tienda\/wp-content\/uploads\/2023\/12\/No-break-sola-basic-isb-srs-21-162-1600va-6-contactos-c-regulador-c-cfp-senoidal.jpg\" \/>\n\t<meta property=\"og:image:width\" content=\"200\" \/>\n\t<meta property=\"og:image:height\" content=\"200\" \/>\n\t<meta property=\"og:image:type\" content=\"image\/jpeg\" \/>\n<meta name=\"twitter:card\" content=\"summary_large_image\" \/>\n<meta name=\"twitter:label1\" content=\"Precio\" \/>\n\t<meta name=\"twitter:data1\" content=\"&#36;5,796 con IVA\" \/>\n\t<meta name=\"twitter:label2\" content=\"Availability\" \/>\n\t<meta name=\"twitter:data2\" content=\"Out of stock\" \/>\n<script type=\"application\/ld+json\" class=\"yoast-schema-graph\">{\"@context\":\"https:\/\/schema.org\",\"@graph\":[{\"@type\":\"WebPage\",\"@id\":\"https:\/\/compuviper.mx\/tienda\/producto\/sola-basic-isb-srs-21-162-no-break-1600va-6-contactos-c-regulador-c-cfp-senoidal\/\",\"url\":\"https:\/\/compuviper.mx\/tienda\/producto\/sola-basic-isb-srs-21-162-no-break-1600va-6-contactos-c-regulador-c-cfp-senoidal\/\",\"name\":\"[ Sola Basic Isb ] &#129351; Srs-21-162 No Break , 1600va, 6 Contactos, C\/ Regulador, C\/ Cfp Senoidal\",\"isPartOf\":{\"@id\":\"https:\/\/compuviper.mx\/tienda\/#website\"},\"datePublished\":\"2026-04-02T06:34:09+00:00\",\"dateModified\":\"2026-04-02T06:34:10+00:00\",\"description\":\"Compra Srs-21-162 No Break , 1600va, 6 Contactos, C\/ Regulador, C\/ Cfp Senoidal + Env\u00edo a domicilio + Pago seguro + Garant\u00eda\",\"breadcrumb\":{\"@id\":\"https:\/\/compuviper.mx\/tienda\/producto\/sola-basic-isb-srs-21-162-no-break-1600va-6-contactos-c-regulador-c-cfp-senoidal\/#breadcrumb\"},\"inLanguage\":\"es-MX\",\"potentialAction\":[{\"@type\":\"ReadAction\",\"target\":[\"https:\/\/compuviper.mx\/tienda\/producto\/sola-basic-isb-srs-21-162-no-break-1600va-6-contactos-c-regulador-c-cfp-senoidal\/\"]}]},{\"@type\":\"BreadcrumbList\",\"@id\":\"https:\/\/compuviper.mx\/tienda\/producto\/sola-basic-isb-srs-21-162-no-break-1600va-6-contactos-c-regulador-c-cfp-senoidal\/#breadcrumb\",\"itemListElement\":[{\"@type\":\"ListItem\",\"position\":1,\"name\":\"Inicio\",\"item\":\"https:\/\/compuviper.mx\/tienda\/\"},{\"@type\":\"ListItem\",\"position\":2,\"name\":\"Productos\",\"item\":\"https:\/\/compuviper.mx\/tienda\/productos\/\"},{\"@type\":\"ListItem\",\"position\":3,\"name\":\"Energia\",\"item\":\"https:\/\/compuviper.mx\/tienda\/categoria-producto\/energia\/\"},{\"@type\":\"ListItem\",\"position\":4,\"name\":\"No Break\",\"item\":\"https:\/\/compuviper.mx\/tienda\/categoria-producto\/energia\/no-break\/\"},{\"@type\":\"ListItem\",\"position\":5,\"name\":\"Sola Basic Isb Srs-21-162 No Break , 1600va, 6 Contactos, C\/ Regulador, C\/ Cfp Senoidal\"}]},{\"@type\":\"WebSite\",\"@id\":\"https:\/\/compuviper.mx\/tienda\/#website\",\"url\":\"https:\/\/compuviper.mx\/tienda\/\",\"name\":\"Compuviper\",\"description\":\"Proveedor de Computadoras, Laptops, Servidores, Monitores, Puntos de Venta, Teclados,   Impresoras, T\u00f3ner, C\u00e1maras de Seguridad y m\u00e1s en tu tienda en l\u00ednea\",\"publisher\":{\"@id\":\"https:\/\/compuviper.mx\/tienda\/#organization\"},\"potentialAction\":[{\"@type\":\"SearchAction\",\"target\":{\"@type\":\"EntryPoint\",\"urlTemplate\":\"https:\/\/compuviper.mx\/tienda\/?s={search_term_string}\"},\"query-input\":\"required name=search_term_string\"}],\"inLanguage\":\"es-MX\"},{\"@type\":\"Organization\",\"@id\":\"https:\/\/compuviper.mx\/tienda\/#organization\",\"name\":\"Compuviper\",\"url\":\"https:\/\/compuviper.mx\/tienda\/\",\"logo\":{\"@type\":\"ImageObject\",\"inLanguage\":\"es-MX\",\"@id\":\"https:\/\/compuviper.mx\/tienda\/#\/schema\/logo\/image\/\",\"url\":\"https:\/\/compuviper.mx\/tienda\/wp-content\/uploads\/2021\/08\/Logo-Compuviper-10.png\",\"contentUrl\":\"https:\/\/compuviper.mx\/tienda\/wp-content\/uploads\/2021\/08\/Logo-Compuviper-10.png\",\"width\":1000,\"height\":500,\"caption\":\"Compuviper\"},\"image\":{\"@id\":\"https:\/\/compuviper.mx\/tienda\/#\/schema\/logo\/image\/\"},\"sameAs\":[\"https:\/\/www.facebook.com\/compuviper\",\"https:\/\/www.youtube.com\/channel\/UCf73dERp9Y3cfOq7q8BhLjA?view_as=subscriber\"]}]}<\/script>\n<meta property=\"product:brand\" content=\"SOLA BASIC ISB\" \/>\n<meta property=\"product:price:amount\" content=\"5796\" \/>\n<meta property=\"product:price:currency\" content=\"MXN\" \/>\n<meta property=\"og:availability\" content=\"out of stock\" \/>\n<meta property=\"product:availability\" content=\"out of stock\" \/>\n<meta property=\"product:retailer_item_id\" content=\"SRS-21-162\" \/>\n<meta property=\"product:condition\" content=\"new\" \/>\n<!-- \/ Yoast SEO plugin. -->","yoast_head_json":{"title":"[ Sola Basic Isb ] &#129351; Srs-21-162 No Break , 1600va, 6 Contactos, C\/ Regulador, C\/ Cfp Senoidal","description":"Compra Srs-21-162 No Break , 1600va, 6 Contactos, C\/ Regulador, C\/ Cfp Senoidal + Env\u00edo a domicilio + Pago seguro + Garant\u00eda","robots":{"index":"index","follow":"follow","max-snippet":"max-snippet:-1","max-image-preview":"max-image-preview:large","max-video-preview":"max-video-preview:-1"},"canonical":"https:\/\/compuviper.mx\/tienda\/producto\/sola-basic-isb-srs-21-162-no-break-1600va-6-contactos-c-regulador-c-cfp-senoidal\/","og_locale":"es_MX","og_type":"article","og_title":"[ Sola Basic Isb ] &#129351; Srs-21-162 No Break , 1600va, 6 Contactos, C\/ Regulador, C\/ Cfp Senoidal","og_description":"Compra Srs-21-162 No Break , 1600va, 6 Contactos, C\/ Regulador, C\/ Cfp Senoidal + Env\u00edo a domicilio + Pago seguro + Garant\u00eda","og_url":"https:\/\/compuviper.mx\/tienda\/producto\/sola-basic-isb-srs-21-162-no-break-1600va-6-contactos-c-regulador-c-cfp-senoidal\/","og_site_name":"Compuviper","article_publisher":"https:\/\/www.facebook.com\/compuviper","article_modified_time":"2026-04-02T06:34:10+00:00","og_image":[{"width":200,"height":200,"url":"https:\/\/compuviper.mx\/tienda\/wp-content\/uploads\/2023\/12\/No-break-sola-basic-isb-srs-21-162-1600va-6-contactos-c-regulador-c-cfp-senoidal.jpg","type":"image\/jpeg"}],"twitter_card":"summary_large_image","twitter_misc":{"Precio":"&#36;5,796 con IVA","Availability":"Out of stock"},"schema":{"@context":"https:\/\/schema.org","@graph":[{"@type":"WebPage","@id":"https:\/\/compuviper.mx\/tienda\/producto\/sola-basic-isb-srs-21-162-no-break-1600va-6-contactos-c-regulador-c-cfp-senoidal\/","url":"https:\/\/compuviper.mx\/tienda\/producto\/sola-basic-isb-srs-21-162-no-break-1600va-6-contactos-c-regulador-c-cfp-senoidal\/","name":"[ Sola Basic Isb ] &#129351; Srs-21-162 No Break , 1600va, 6 Contactos, C\/ Regulador, C\/ Cfp Senoidal","isPartOf":{"@id":"https:\/\/compuviper.mx\/tienda\/#website"},"datePublished":"2026-04-02T06:34:09+00:00","dateModified":"2026-04-02T06:34:10+00:00","description":"Compra Srs-21-162 No Break , 1600va, 6 Contactos, C\/ Regulador, C\/ Cfp Senoidal + Env\u00edo a domicilio + Pago seguro + Garant\u00eda","breadcrumb":{"@id":"https:\/\/compuviper.mx\/tienda\/producto\/sola-basic-isb-srs-21-162-no-break-1600va-6-contactos-c-regulador-c-cfp-senoidal\/#breadcrumb"},"inLanguage":"es-MX","potentialAction":[{"@type":"ReadAction","target":["https:\/\/compuviper.mx\/tienda\/producto\/sola-basic-isb-srs-21-162-no-break-1600va-6-contactos-c-regulador-c-cfp-senoidal\/"]}]},{"@type":"BreadcrumbList","@id":"https:\/\/compuviper.mx\/tienda\/producto\/sola-basic-isb-srs-21-162-no-break-1600va-6-contactos-c-regulador-c-cfp-senoidal\/#breadcrumb","itemListElement":[{"@type":"ListItem","position":1,"name":"Inicio","item":"https:\/\/compuviper.mx\/tienda\/"},{"@type":"ListItem","position":2,"name":"Productos","item":"https:\/\/compuviper.mx\/tienda\/productos\/"},{"@type":"ListItem","position":3,"name":"Energia","item":"https:\/\/compuviper.mx\/tienda\/categoria-producto\/energia\/"},{"@type":"ListItem","position":4,"name":"No Break","item":"https:\/\/compuviper.mx\/tienda\/categoria-producto\/energia\/no-break\/"},{"@type":"ListItem","position":5,"name":"Sola Basic Isb Srs-21-162 No Break , 1600va, 6 Contactos, C\/ Regulador, C\/ Cfp Senoidal"}]},{"@type":"WebSite","@id":"https:\/\/compuviper.mx\/tienda\/#website","url":"https:\/\/compuviper.mx\/tienda\/","name":"Compuviper","description":"Proveedor de Computadoras, Laptops, Servidores, Monitores, Puntos de Venta, Teclados,   Impresoras, T\u00f3ner, C\u00e1maras de Seguridad y m\u00e1s en tu tienda en l\u00ednea","publisher":{"@id":"https:\/\/compuviper.mx\/tienda\/#organization"},"potentialAction":[{"@type":"SearchAction","target":{"@type":"EntryPoint","urlTemplate":"https:\/\/compuviper.mx\/tienda\/?s={search_term_string}"},"query-input":"required name=search_term_string"}],"inLanguage":"es-MX"},{"@type":"Organization","@id":"https:\/\/compuviper.mx\/tienda\/#organization","name":"Compuviper","url":"https:\/\/compuviper.mx\/tienda\/","logo":{"@type":"ImageObject","inLanguage":"es-MX","@id":"https:\/\/compuviper.mx\/tienda\/#\/schema\/logo\/image\/","url":"https:\/\/compuviper.mx\/tienda\/wp-content\/uploads\/2021\/08\/Logo-Compuviper-10.png","contentUrl":"https:\/\/compuviper.mx\/tienda\/wp-content\/uploads\/2021\/08\/Logo-Compuviper-10.png","width":1000,"height":500,"caption":"Compuviper"},"image":{"@id":"https:\/\/compuviper.mx\/tienda\/#\/schema\/logo\/image\/"},"sameAs":["https:\/\/www.facebook.com\/compuviper","https:\/\/www.youtube.com\/channel\/UCf73dERp9Y3cfOq7q8BhLjA?view_as=subscriber"]}]},"product_brand":"SOLA BASIC ISB","product_price_amount":"5796","product_price_currency":"MXN","og_availability":"out of stock","product_availability":"out of stock","product_retailer_item_id":"SRS-21-162","product_condition":"new"},"_links":{"self":[{"href":"https:\/\/compuviper.mx\/tienda\/wp-json\/wp\/v2\/product\/218029"}],"collection":[{"href":"https:\/\/compuviper.mx\/tienda\/wp-json\/wp\/v2\/product"}],"about":[{"href":"https:\/\/compuviper.mx\/tienda\/wp-json\/wp\/v2\/types\/product"}],"replies":[{"embeddable":true,"href":"https:\/\/compuviper.mx\/tienda\/wp-json\/wp\/v2\/comments?post=218029"}],"wp:featuredmedia":[{"embeddable":true,"href":"https:\/\/compuviper.mx\/tienda\/wp-json\/wp\/v2\/media\/218030"}],"wp:attachment":[{"href":"https:\/\/compuviper.mx\/tienda\/wp-json\/wp\/v2\/media?parent=218029"}],"wp:term":[{"taxonomy":"product_cat","embeddable":true,"href":"https:\/\/compuviper.mx\/tienda\/wp-json\/wp\/v2\/product_cat?post=218029"},{"taxonomy":"product_tag","embeddable":true,"href":"https:\/\/compuviper.mx\/tienda\/wp-json\/wp\/v2\/product_tag?post=218029"}],"curies":[{"name":"wp","href":"https:\/\/api.w.org\/{rel}","templated":true}]}}