{"id":218027,"date":"2026-04-25T00:28:05","date_gmt":"2026-04-25T06:28:05","guid":{"rendered":"https:\/\/compuviper.mx\/tienda\/producto\/cyberpower-ol8krtf-no-break-8000va-8000wonline200-240vac-120-240-vac-pantalla-lcd-onda-senoidal-pura-convertible-torre-rack-8u-6-x-nema-5-20r-3-x-nema-l6-30r1-xhardwire-garantia-3-aos\/"},"modified":"2026-04-25T00:28:06","modified_gmt":"2026-04-25T06:28:06","slug":"cyberpower-ol8krtf-no-break-8000va-8000wonline200-240vac-120-240-vac-pantalla-lcd-onda-senoidal-pura-convertible-torre-rack-8u-6-x-nema-5-20r-3-x-nema-l6-30r1-xhardwire-garantia-3-aos","status":"publish","type":"product","link":"https:\/\/compuviper.mx\/tienda\/producto\/cyberpower-ol8krtf-no-break-8000va-8000wonline200-240vac-120-240-vac-pantalla-lcd-onda-senoidal-pura-convertible-torre-rack-8u-6-x-nema-5-20r-3-x-nema-l6-30r1-xhardwire-garantia-3-aos\/","title":{"rendered":"Cyberpower Ol8krtf No Break  () 8000va \/8000w,online,200-240vac \/ 120-240 Vac. Pantalla Lcd. Onda Senoidal Pura, Convertible Torre\/rack 8u, 6 X Nema 5-20r, 3 X Nema L6-30r,1 Xhardwire. Garantia 3 A?os."},"content":{"rendered":"<table class=\"descripcion\">\n<tr>\n<td>General<\/td>\n<\/tr>\n<tr>\n<td>Factor de forma: rack\/torre<\/td>\n<\/tr>\n<tr>\n<td>Topolog\u00eda de ups: doble conversi\u00f3n en linea<\/td>\n<\/tr>\n<tr>\n<td>Tecnolog\u00eda de ahorro de energ\u00eda: eficiencia de modo eco en l\u00ednea   96%<\/td>\n<\/tr>\n<tr>\n<td>Compatible con active pfc: s\u00ed<\/td>\n<\/tr>\n<tr>\n<td>Entrada<\/td>\n<\/tr>\n<tr>\n<td>Voltaje nominal de entrada ( vca ) 200,208,220,230 y 240<\/td>\n<\/tr>\n<tr>\n<td>Rango de voltaje de entrada ( vca )180 ~ 280<\/td>\n<\/tr>\n<tr>\n<td>Rango de voltaje ajustable ( vca )<\/td>\n<\/tr>\n<tr>\n<td>0~25% de carga para 120 ~ 280 vac<\/td>\n<\/tr>\n<tr>\n<td>0~50% de carga para 140 ~ 280 vac<\/td>\n<\/tr>\n<tr>\n<td>0~75% de carga para 160 ~ 280 vac<\/td>\n<\/tr>\n<tr>\n<td>0~10% de carga para 180 ~ 280 vac<\/td>\n<\/tr>\n<tr>\n<td>Frecuencia de entrada ( s.f. ): 50 \u00b1 10 y 60 \u00b1 10<\/td>\n<\/tr>\n<tr>\n<td>Detecci\u00f3n de frecuencia de entrada. sensor autom\u00e1tico<\/td>\n<\/tr>\n<tr>\n<td>Corriente de entrada nominal ( a ) 40<\/td>\n<\/tr>\n<tr>\n<td>Factor de entrada de potencia: 0.99<\/td>\n<\/tr>\n<tr>\n<td>Conector de protecci\u00f3n contra retroalimentaci\u00f3n: s\u00ed<\/td>\n<\/tr>\n<tr>\n<td>Tipo de conector de entrada: regleta de conexiones permanentes<\/td>\n<\/tr>\n<tr>\n<td>Salida<\/td>\n<\/tr>\n<tr>\n<td>Capacidad (va) 8000<\/td>\n<\/tr>\n<tr>\n<td>Capacidad (watts) 8000<\/td>\n<\/tr>\n<tr>\n<td>Forma de onda en bater\u00eda: onda senoidal pura<\/td>\n<\/tr>\n<tr>\n<td>Voltaje nominal (modo bater\u00eda): 120 v; 200, 208, 220, 230, 240 v \u00b1 2% (configurable)<\/td>\n<\/tr>\n<tr>\n<td>Ajustes de voltaje de salida: configurable<\/td>\n<\/tr>\n<tr>\n<td>Frecuencia en bater\u00eda ( s.f. ): 50 \u00b1 0.5% y 60 \u00b1 0.5%<\/td>\n<\/tr>\n<tr>\n<td>Ajustes de frecuencia de salida: configurable<\/td>\n<\/tr>\n<tr>\n<td>Factor de potencia: 0.99<\/td>\n<\/tr>\n<tr>\n<td>Tolerancia de voltaje en modo eco: \u00b1 10 % \u00b1 15 %<\/td>\n<\/tr>\n<tr>\n<td>Protecci\u00f3n contra sobrecargas: limitaci\u00f3n de voltaje interna, disyuntor<\/td>\n<\/tr>\n<tr>\n<td>Protecci\u00f3n contra sobrecargas (modo en l\u00ednea): carga de 105~125% durante 1 min, carga de 125~150% durante 10 seg<\/td>\n<\/tr>\n<tr>\n<td>Protecci\u00f3n contra sobrecargas (modo bater\u00eda): carga de 105~130% durante 10 seg, carga de 130~150% durante 2 seg<\/td>\n<\/tr>\n<tr>\n<td>Protecci\u00f3n contra sobrecargas (modo bypass): disyuntor<\/td>\n<\/tr>\n<tr>\n<td>Factor de cresta: 3 : 1<\/td>\n<\/tr>\n<tr>\n<td>Distorsi\u00f3n arm\u00f3nica (carga lineal): thd\u00bf3%<\/td>\n<\/tr>\n<tr>\n<td>Distorsi\u00f3n arm\u00f3nica (carga no lineal): thd\u00bf5%<\/td>\n<\/tr>\n<tr>\n<td>Bypass interno: bypass autom\u00e1tico, bypass manual<\/td>\n<\/tr>\n<tr>\n<td>Tipo de salida<\/td>\n<\/tr>\n<tr>\n<td>Nema l6-30r x 3<\/td>\n<\/tr>\n<tr>\n<td>Nema 5-20r 6 x \u00bf<\/td>\n<\/tr>\n<tr>\n<td>Regleta de conexiones permanentes x 1<\/td>\n<\/tr>\n<tr>\n<td>Tiempo de transferencia t\u00edpico ( ms ) : 0<\/td>\n<\/tr>\n<tr>\n<td>Bater\u00eda<\/td>\n<\/tr>\n<tr>\n<td>Tiempo de ejecuci\u00f3n a media carga ( min ) 12<\/td>\n<\/tr>\n<tr>\n<td>Tiempo de ejecuci\u00f3n a carga completa ( min ) 4.7<\/td>\n<\/tr>\n<tr>\n<td>Tiempo de recarga t\u00edpico ( horas ) 5<\/td>\n<\/tr>\n<tr>\n<td>Arranque en bater\u00eda: s\u00ed<\/td>\n<\/tr>\n<tr>\n<td>Gesti\u00f3n inteligente de bater\u00edas (sbm): s\u00ed<\/td>\n<\/tr>\n<tr>\n<td>Reemplazable por el usuario: s\u00ed<\/td>\n<\/tr>\n<tr>\n<td>Intercambiables en caliente: s\u00ed<\/td>\n<\/tr>\n<tr>\n<td>Tipo de bater\u00eda: plomo \u00e1cido sellada<\/td>\n<\/tr>\n<tr>\n<td>Paquete de sustituci\u00f3n de bater\u00eda: rbp0072<\/td>\n<\/tr>\n<tr>\n<td>Cantidad de rbp ( pzs ): 2<\/td>\n<\/tr>\n<tr>\n<td>Cantidad de bater\u00edas (cada rbp) ( pzs ): 10<\/td>\n<\/tr>\n<tr>\n<td>Voltaje de la bater\u00eda (cada rbp) ( v ): 120<\/td>\n<\/tr>\n<tr>\n<td>Capacidad de bater\u00eda individual ( ah ): 12 v 9 ah<\/td>\n<\/tr>\n<tr>\n<td>M\u00f3dulo de bater\u00eda extendida (ebm): bp240v50art3u<\/td>\n<\/tr>\n<tr>\n<td>Cantidad de ebm m\u00e1ximo ( pzs ): 10<\/td>\n<\/tr>\n<tr>\n<td>Protecci\u00f3n contra sobretensiones y filtrado<\/td>\n<\/tr>\n<tr>\n<td>Supresi\u00f3n de sobretensiones ( joules ): 2430<\/td>\n<\/tr>\n<tr>\n<td>Filtraci\u00f3n emi y rfi: s\u00ed<\/td>\n<\/tr>\n<tr>\n<td>Protecci\u00f3n de tel\u00e9fono y red rj11\/rj45 (combo): 1 entrada, 1 salida<\/td>\n<\/tr>\n<tr>\n<td>Gesti\u00f3n y comunicaciones<\/td>\n<\/tr>\n<tr>\n<td>Panel lcd: s\u00ed<\/td>\n<\/tr>\n<tr>\n<td>Panel lcd extra\u00edble: s\u00ed<\/td>\n<\/tr>\n<tr>\n<td>Orientaci\u00f3n lcd: panel lcd giratorio<\/td>\n<\/tr>\n<tr>\n<td>Pantalla de informaci\u00f3n lcd: tipo de funcionamiento, estado de la alimentaci\u00f3n, estado de la bater\u00eda, estado de la carga, fallo y advertencia, otra informaci\u00f3n, evento y registro<\/td>\n<\/tr>\n<tr>\n<td>Ajustes y control lcd: ajustes de modo, ajustes de alarma, entrada y salida, ajustes de la bater\u00eda, fallo y advertencia, comunicaci\u00f3n, evento y registro, ajustes de seguridad, idioma<\/td>\n<\/tr>\n<tr>\n<td>Indicadores led: encendido, modo de l\u00ednea, modo de bater\u00eda, modo bypass, capacidad de la bater\u00eda, bater\u00eda baja, sobrecarga, fallo de ups, fallo del cableado, sustituir bater\u00eda<\/td>\n<\/tr>\n<tr>\n<td>Hid compatible puerto (s) usb. 1<\/td>\n<\/tr>\n<tr>\n<td>Contacto seco (con rel\u00e9): s\u00ed<\/td>\n<\/tr>\n<tr>\n<td>Puerto (epo) de apagado de emergencia: s\u00ed<\/td>\n<\/tr>\n<tr>\n<td>Alarmas audibles: modo de bater\u00eda, bater\u00eda baja, sobrecarga, sobrecarga, sobrecalentamiento, fallo de ups, sustituir bater\u00eda<\/td>\n<\/tr>\n<tr>\n<td>Gesti\u00f3n de cables ( pzs ):<\/td>\n<\/tr>\n<tr>\n<td>Cable de alimentaci\u00f3n x1, cable usb x1, cable serie x 1, l\u00ednea de tel\u00e9fono x1<\/td>\n<\/tr>\n<tr>\n<td>Software de gesti\u00f3n de la potencia: powerpanel\u00ae business (recomendado)<\/td>\n<\/tr>\n<tr>\n<td>F\u00edsico<\/td>\n<\/tr>\n<tr>\n<td>Construcci\u00f3n de carcasa: metal<\/td>\n<\/tr>\n<tr>\n<td>Color: negro<\/td>\n<\/tr>\n<tr>\n<td>Riel de montaje en rack: s\u00ed<\/td>\n<\/tr>\n<tr>\n<td>Orejeras de montura de armario: s\u00ed<\/td>\n<\/tr>\n<tr>\n<td>Tama\u00f1o f\u00edsico &#8211; m\u00f3dulo de ups<\/td>\n<\/tr>\n<tr>\n<td>Dimensiones (anxalxp) (pulgadas): 17 x 14 x 26<\/td>\n<\/tr>\n<tr>\n<td>Dimensiones (anxalxp) (mm): 433 x 355.6 x 660<\/td>\n<\/tr>\n<tr>\n<td>Peso (libras): 346<\/td>\n<\/tr>\n<tr>\n<td>Peso (kg): 257<\/td>\n<\/tr>\n<tr>\n<td>Altura del rack instalado ( u ): 8<\/td>\n<\/tr>\n<tr>\n<td>Tama\u00f1o f\u00edsico &#8211; m\u00f3dulo de potencia<\/td>\n<\/tr>\n<tr>\n<td>Dimensiones (anxalxp) (pulgadas): 17 x 5.2 x 26<\/td>\n<\/tr>\n<tr>\n<td>Dimensiones (anxalxp) (mm): 433 x 132 x 660<\/td>\n<\/tr>\n<tr>\n<td>Peso (libras): 52.8<\/td>\n<\/tr>\n<tr>\n<td>Peso (kg): 24<\/td>\n<\/tr>\n<tr>\n<td>Altura del rack instalado ( u ): 3<\/td>\n<\/tr>\n<tr>\n<td>Tama\u00f1o f\u00edsico &#8211; modo de bater\u00eda<\/td>\n<\/tr>\n<tr>\n<td>Dimensiones (anxalxp) (pulgadas): 17 x 5.2 x 26<\/td>\n<\/tr>\n<tr>\n<td>Dimensiones (anxalxp) (mm): 433 x 132 x 660<\/td>\n<\/tr>\n<tr>\n<td>Peso (libras): 167.2<\/td>\n<\/tr>\n<tr>\n<td>Peso (kg): 76<\/td>\n<\/tr>\n<tr>\n<td>Altura del rack instalado ( u ) 3<\/td>\n<\/tr>\n<tr>\n<td>Tama\u00f1o f\u00edsico &#8211; transformador de bajada<\/td>\n<\/tr>\n<tr>\n<td>Dimensiones (anxalxp) (pulgadas): 17 x 3.5 x 23.6<\/td>\n<\/tr>\n<tr>\n<td>Dimensiones (anxalxp) (mm): 433 x 88 x 600<\/td>\n<\/tr>\n<tr>\n<td>Peso (libras): 119.5<\/td>\n<\/tr>\n<tr>\n<td>Peso (kg): 54.3<\/td>\n<\/tr>\n<tr>\n<td>Altura del rack instalado ( u ): 2<\/td>\n<\/tr>\n<tr>\n<td>Dimensiones para el env\u00edo<\/td>\n<\/tr>\n<tr>\n<td>Dimensiones (anxalxp) (pulgadas): 26 x 25.2 x 35.4<\/td>\n<\/tr>\n<tr>\n<td>Dimensiones (anxalxp) (mm): 600 x 640 x 900<\/td>\n<\/tr>\n<tr>\n<td>Peso (libras): 275<\/td>\n<\/tr>\n<tr>\n<td>Peso (kg): 125<\/td>\n<\/tr>\n<tr>\n<td>Medioambiental<\/td>\n<\/tr>\n<tr>\n<td>Temperatura de funcionamiento (\u00baf): 32 ~ 104<\/td>\n<\/tr>\n<tr>\n<td>Temperatura de funcionamiento (\u00bac): 0 ~ 40<\/td>\n<\/tr>\n<tr>\n<td>Humedad relativa de funcionamiento (sin condensaci\u00f3n) ( % ): 0 ~ 90<\/td>\n<\/tr>\n<tr>\n<td>Elevaci\u00f3n de funcionamiento ( pies\/metros ): 0-10.000 pies (0-3.000 metros)<\/td>\n<\/tr>\n<tr>\n<td>Temperatura de almacenamiento (\u00baf): 5 ~ 113<\/td>\n<\/tr>\n<tr>\n<td>Temperatura de almacenamiento (\u00bac): -5 ~ 45<\/td>\n<\/tr>\n<tr>\n<td>Humedad relativa de almacenamiento (sin condensaci\u00f3n) ( % ): 0 ~ 95<\/td>\n<\/tr>\n<tr>\n<td>Elevaci\u00f3n de almacenamiento ( pies\/metros ): 0-50.000 pies (0-15.000 metros)<\/td>\n<\/tr>\n<tr>\n<td>Disipaci\u00f3n t\u00e9rmica en l\u00ednea ( btu\/h ): 3211<\/td>\n<\/tr>\n<tr>\n<td>Ruido audible a 1,0m desde la superficie de la unidad: 38~55 dba (0~100 % load)<\/td>\n<\/tr>\n<tr>\n<td>Ruido audible a 1,5m desde la superficie de la unidad ( dba ):0<\/td>\n<\/tr>\n<tr>\n<td>Certificaciones<\/td>\n<\/tr>\n<tr>\n<td>Certificaciones<\/td>\n<\/tr>\n<tr>\n<td>Fcc clase a, ul, bsmi, nom<\/td>\n<\/tr>\n<tr>\n<td>Rohs: s\u00ed.<\/td>\n<\/tr>\n<tr>\n<td>3 a\u00f1os de garantia.<\/td>\n<\/tr>\n<\/table>\n","protected":false},"excerpt":{"rendered":"<p>Ups (no breaks) true online de doble conversion con cero tiempo de transferencia. Salida onda senoidal pura. Convertible torre\/rack. Disenados para aplicaciones de redes corporativas.  Paquetes de baterias adicionales disponibles. Capacidad de administracion remota http\/snmp. Software de administracion powerpanel business edition. Gabinete de metal solido.  3 anos de garantia en baterias y componentes.<\/p>\n","protected":false},"featured_media":218028,"comment_status":"open","ping_status":"open","template":"","meta":[],"product_cat":[1508,1691],"product_tag":[1692],"acf":[],"yoast_head":"<!-- This site is optimized with the Yoast SEO plugin v21.7 - https:\/\/yoast.com\/wordpress\/plugins\/seo\/ -->\n<title>[ Cyberpower ] &#129351; Ol8krtf No Break () 8000va \/8000w,online,200-240vac \/ 120-240 Vac. Pantalla Lcd. Onda Senoidal Pura, Convertible Torre\/rack 8u, 6 X Nema 5-20r, 3 X Nema L6-30r,1 Xhardwire. Garantia 3 A\u00f1os.<\/title>\n<meta name=\"description\" content=\"Compra Ol8krtf No Break () 8000va \/8000w,online,200-240vac \/ 120-240 Vac. Pantalla Lcd. Onda Senoidal Pura, Convertible Torre\/rack 8u, 6 X Nema 5-20r, 3 X Nema L6-30r,1 Xhardwire. Garantia 3 A\u00f1os. + Env\u00edo a domicilio + Pago seguro + Garant\u00eda\" \/>\n<meta name=\"robots\" content=\"index, follow, max-snippet:-1, max-image-preview:large, max-video-preview:-1\" \/>\n<link rel=\"canonical\" href=\"https:\/\/compuviper.mx\/tienda\/producto\/cyberpower-ol8krtf-no-break-8000va-8000wonline200-240vac-120-240-vac-pantalla-lcd-onda-senoidal-pura-convertible-torre-rack-8u-6-x-nema-5-20r-3-x-nema-l6-30r1-xhardwire-garantia-3-aos\/\" \/>\n<meta property=\"og:locale\" content=\"es_MX\" \/>\n<meta property=\"og:type\" content=\"article\" \/>\n<meta property=\"og:title\" content=\"[ Cyberpower ] &#129351; Ol8krtf No Break () 8000va \/8000w,online,200-240vac \/ 120-240 Vac. Pantalla Lcd. Onda Senoidal Pura, Convertible Torre\/rack 8u, 6 X Nema 5-20r, 3 X Nema L6-30r,1 Xhardwire. Garantia 3 A\u00f1os.\" \/>\n<meta property=\"og:description\" content=\"Compra Ol8krtf No Break () 8000va \/8000w,online,200-240vac \/ 120-240 Vac. Pantalla Lcd. Onda Senoidal Pura, Convertible Torre\/rack 8u, 6 X Nema 5-20r, 3 X Nema L6-30r,1 Xhardwire. Garantia 3 A\u00f1os. + Env\u00edo a domicilio + Pago seguro + Garant\u00eda\" \/>\n<meta property=\"og:url\" content=\"https:\/\/compuviper.mx\/tienda\/producto\/cyberpower-ol8krtf-no-break-8000va-8000wonline200-240vac-120-240-vac-pantalla-lcd-onda-senoidal-pura-convertible-torre-rack-8u-6-x-nema-5-20r-3-x-nema-l6-30r1-xhardwire-garantia-3-aos\/\" \/>\n<meta property=\"og:site_name\" content=\"Compuviper\" \/>\n<meta property=\"article:publisher\" content=\"https:\/\/www.facebook.com\/compuviper\" \/>\n<meta property=\"article:modified_time\" content=\"2026-04-25T06:28:06+00:00\" \/>\n<meta property=\"og:image\" content=\"https:\/\/compuviper.mx\/tienda\/wp-content\/uploads\/2023\/12\/No-break-cyberpower-ol8krtf-8000va-8000wonline200-240vac-120-240-vac.-pantalla-lcd.-onda-senoidal-pura-convertible-torrerack-8u-6-x-nema-5-20r-3-x-nema-l6-30r1-xhardwire.-garantia-3-anos.jpg\" \/>\n\t<meta property=\"og:image:width\" content=\"200\" \/>\n\t<meta property=\"og:image:height\" content=\"200\" \/>\n\t<meta property=\"og:image:type\" content=\"image\/jpeg\" \/>\n<meta name=\"twitter:card\" content=\"summary_large_image\" \/>\n<meta name=\"twitter:label1\" content=\"Precio\" \/>\n\t<meta name=\"twitter:data1\" content=\"&#36;128,054 con IVA\" \/>\n\t<meta name=\"twitter:label2\" content=\"Availability\" \/>\n\t<meta name=\"twitter:data2\" content=\"On backorder\" \/>\n<script type=\"application\/ld+json\" class=\"yoast-schema-graph\">{\"@context\":\"https:\/\/schema.org\",\"@graph\":[{\"@type\":\"WebPage\",\"@id\":\"https:\/\/compuviper.mx\/tienda\/producto\/cyberpower-ol8krtf-no-break-8000va-8000wonline200-240vac-120-240-vac-pantalla-lcd-onda-senoidal-pura-convertible-torre-rack-8u-6-x-nema-5-20r-3-x-nema-l6-30r1-xhardwire-garantia-3-aos\/\",\"url\":\"https:\/\/compuviper.mx\/tienda\/producto\/cyberpower-ol8krtf-no-break-8000va-8000wonline200-240vac-120-240-vac-pantalla-lcd-onda-senoidal-pura-convertible-torre-rack-8u-6-x-nema-5-20r-3-x-nema-l6-30r1-xhardwire-garantia-3-aos\/\",\"name\":\"[ Cyberpower ] &#129351; Ol8krtf No Break () 8000va \/8000w,online,200-240vac \/ 120-240 Vac. Pantalla Lcd. Onda Senoidal Pura, Convertible Torre\/rack 8u, 6 X Nema 5-20r, 3 X Nema L6-30r,1 Xhardwire. Garantia 3 A\u00f1os.\",\"isPartOf\":{\"@id\":\"https:\/\/compuviper.mx\/tienda\/#website\"},\"datePublished\":\"2026-04-25T06:28:05+00:00\",\"dateModified\":\"2026-04-25T06:28:06+00:00\",\"description\":\"Compra Ol8krtf No Break () 8000va \/8000w,online,200-240vac \/ 120-240 Vac. Pantalla Lcd. Onda Senoidal Pura, Convertible Torre\/rack 8u, 6 X Nema 5-20r, 3 X Nema L6-30r,1 Xhardwire. Garantia 3 A\u00f1os. + Env\u00edo a domicilio + Pago seguro + Garant\u00eda\",\"breadcrumb\":{\"@id\":\"https:\/\/compuviper.mx\/tienda\/producto\/cyberpower-ol8krtf-no-break-8000va-8000wonline200-240vac-120-240-vac-pantalla-lcd-onda-senoidal-pura-convertible-torre-rack-8u-6-x-nema-5-20r-3-x-nema-l6-30r1-xhardwire-garantia-3-aos\/#breadcrumb\"},\"inLanguage\":\"es-MX\",\"potentialAction\":[{\"@type\":\"ReadAction\",\"target\":[\"https:\/\/compuviper.mx\/tienda\/producto\/cyberpower-ol8krtf-no-break-8000va-8000wonline200-240vac-120-240-vac-pantalla-lcd-onda-senoidal-pura-convertible-torre-rack-8u-6-x-nema-5-20r-3-x-nema-l6-30r1-xhardwire-garantia-3-aos\/\"]}]},{\"@type\":\"BreadcrumbList\",\"@id\":\"https:\/\/compuviper.mx\/tienda\/producto\/cyberpower-ol8krtf-no-break-8000va-8000wonline200-240vac-120-240-vac-pantalla-lcd-onda-senoidal-pura-convertible-torre-rack-8u-6-x-nema-5-20r-3-x-nema-l6-30r1-xhardwire-garantia-3-aos\/#breadcrumb\",\"itemListElement\":[{\"@type\":\"ListItem\",\"position\":1,\"name\":\"Inicio\",\"item\":\"https:\/\/compuviper.mx\/tienda\/\"},{\"@type\":\"ListItem\",\"position\":2,\"name\":\"Productos\",\"item\":\"https:\/\/compuviper.mx\/tienda\/productos\/\"},{\"@type\":\"ListItem\",\"position\":3,\"name\":\"Energia\",\"item\":\"https:\/\/compuviper.mx\/tienda\/categoria-producto\/energia\/\"},{\"@type\":\"ListItem\",\"position\":4,\"name\":\"No Break\",\"item\":\"https:\/\/compuviper.mx\/tienda\/categoria-producto\/energia\/no-break\/\"},{\"@type\":\"ListItem\",\"position\":5,\"name\":\"Cyberpower Ol8krtf No Break () 8000va \/8000w,online,200-240vac \/ 120-240 Vac. Pantalla Lcd. Onda Senoidal Pura, Convertible Torre\/rack 8u, 6 X Nema 5-20r, 3 X Nema L6-30r,1 Xhardwire. Garantia 3 A?os.\"}]},{\"@type\":\"WebSite\",\"@id\":\"https:\/\/compuviper.mx\/tienda\/#website\",\"url\":\"https:\/\/compuviper.mx\/tienda\/\",\"name\":\"Compuviper\",\"description\":\"Proveedor de Computadoras, Laptops, Servidores, Monitores, Puntos de Venta, Teclados,   Impresoras, T\u00f3ner, C\u00e1maras de Seguridad y m\u00e1s en tu tienda en l\u00ednea\",\"publisher\":{\"@id\":\"https:\/\/compuviper.mx\/tienda\/#organization\"},\"potentialAction\":[{\"@type\":\"SearchAction\",\"target\":{\"@type\":\"EntryPoint\",\"urlTemplate\":\"https:\/\/compuviper.mx\/tienda\/?s={search_term_string}\"},\"query-input\":\"required name=search_term_string\"}],\"inLanguage\":\"es-MX\"},{\"@type\":\"Organization\",\"@id\":\"https:\/\/compuviper.mx\/tienda\/#organization\",\"name\":\"Compuviper\",\"url\":\"https:\/\/compuviper.mx\/tienda\/\",\"logo\":{\"@type\":\"ImageObject\",\"inLanguage\":\"es-MX\",\"@id\":\"https:\/\/compuviper.mx\/tienda\/#\/schema\/logo\/image\/\",\"url\":\"https:\/\/compuviper.mx\/tienda\/wp-content\/uploads\/2021\/08\/Logo-Compuviper-10.png\",\"contentUrl\":\"https:\/\/compuviper.mx\/tienda\/wp-content\/uploads\/2021\/08\/Logo-Compuviper-10.png\",\"width\":1000,\"height\":500,\"caption\":\"Compuviper\"},\"image\":{\"@id\":\"https:\/\/compuviper.mx\/tienda\/#\/schema\/logo\/image\/\"},\"sameAs\":[\"https:\/\/www.facebook.com\/compuviper\",\"https:\/\/www.youtube.com\/channel\/UCf73dERp9Y3cfOq7q8BhLjA?view_as=subscriber\"]}]}<\/script>\n<meta property=\"product:brand\" content=\"CYBERPOWER\" \/>\n<meta property=\"product:price:amount\" content=\"128054\" \/>\n<meta property=\"product:price:currency\" content=\"MXN\" \/>\n<meta property=\"og:availability\" content=\"backorder\" \/>\n<meta property=\"product:availability\" content=\"available for order\" \/>\n<meta property=\"product:retailer_item_id\" content=\"OL8KRTF\" \/>\n<meta property=\"product:condition\" content=\"new\" \/>\n<!-- \/ Yoast SEO plugin. -->","yoast_head_json":{"title":"[ Cyberpower ] &#129351; Ol8krtf No Break () 8000va \/8000w,online,200-240vac \/ 120-240 Vac. Pantalla Lcd. Onda Senoidal Pura, Convertible Torre\/rack 8u, 6 X Nema 5-20r, 3 X Nema L6-30r,1 Xhardwire. Garantia 3 A\u00f1os.","description":"Compra Ol8krtf No Break () 8000va \/8000w,online,200-240vac \/ 120-240 Vac. Pantalla Lcd. Onda Senoidal Pura, Convertible Torre\/rack 8u, 6 X Nema 5-20r, 3 X Nema L6-30r,1 Xhardwire. Garantia 3 A\u00f1os. + Env\u00edo a domicilio + Pago seguro + Garant\u00eda","robots":{"index":"index","follow":"follow","max-snippet":"max-snippet:-1","max-image-preview":"max-image-preview:large","max-video-preview":"max-video-preview:-1"},"canonical":"https:\/\/compuviper.mx\/tienda\/producto\/cyberpower-ol8krtf-no-break-8000va-8000wonline200-240vac-120-240-vac-pantalla-lcd-onda-senoidal-pura-convertible-torre-rack-8u-6-x-nema-5-20r-3-x-nema-l6-30r1-xhardwire-garantia-3-aos\/","og_locale":"es_MX","og_type":"article","og_title":"[ Cyberpower ] &#129351; Ol8krtf No Break () 8000va \/8000w,online,200-240vac \/ 120-240 Vac. Pantalla Lcd. Onda Senoidal Pura, Convertible Torre\/rack 8u, 6 X Nema 5-20r, 3 X Nema L6-30r,1 Xhardwire. Garantia 3 A\u00f1os.","og_description":"Compra Ol8krtf No Break () 8000va \/8000w,online,200-240vac \/ 120-240 Vac. Pantalla Lcd. Onda Senoidal Pura, Convertible Torre\/rack 8u, 6 X Nema 5-20r, 3 X Nema L6-30r,1 Xhardwire. Garantia 3 A\u00f1os. + Env\u00edo a domicilio + Pago seguro + Garant\u00eda","og_url":"https:\/\/compuviper.mx\/tienda\/producto\/cyberpower-ol8krtf-no-break-8000va-8000wonline200-240vac-120-240-vac-pantalla-lcd-onda-senoidal-pura-convertible-torre-rack-8u-6-x-nema-5-20r-3-x-nema-l6-30r1-xhardwire-garantia-3-aos\/","og_site_name":"Compuviper","article_publisher":"https:\/\/www.facebook.com\/compuviper","article_modified_time":"2026-04-25T06:28:06+00:00","og_image":[{"width":200,"height":200,"url":"https:\/\/compuviper.mx\/tienda\/wp-content\/uploads\/2023\/12\/No-break-cyberpower-ol8krtf-8000va-8000wonline200-240vac-120-240-vac.-pantalla-lcd.-onda-senoidal-pura-convertible-torrerack-8u-6-x-nema-5-20r-3-x-nema-l6-30r1-xhardwire.-garantia-3-anos.jpg","type":"image\/jpeg"}],"twitter_card":"summary_large_image","twitter_misc":{"Precio":"&#36;128,054 con IVA","Availability":"On backorder"},"schema":{"@context":"https:\/\/schema.org","@graph":[{"@type":"WebPage","@id":"https:\/\/compuviper.mx\/tienda\/producto\/cyberpower-ol8krtf-no-break-8000va-8000wonline200-240vac-120-240-vac-pantalla-lcd-onda-senoidal-pura-convertible-torre-rack-8u-6-x-nema-5-20r-3-x-nema-l6-30r1-xhardwire-garantia-3-aos\/","url":"https:\/\/compuviper.mx\/tienda\/producto\/cyberpower-ol8krtf-no-break-8000va-8000wonline200-240vac-120-240-vac-pantalla-lcd-onda-senoidal-pura-convertible-torre-rack-8u-6-x-nema-5-20r-3-x-nema-l6-30r1-xhardwire-garantia-3-aos\/","name":"[ Cyberpower ] &#129351; Ol8krtf No Break () 8000va \/8000w,online,200-240vac \/ 120-240 Vac. Pantalla Lcd. Onda Senoidal Pura, Convertible Torre\/rack 8u, 6 X Nema 5-20r, 3 X Nema L6-30r,1 Xhardwire. Garantia 3 A\u00f1os.","isPartOf":{"@id":"https:\/\/compuviper.mx\/tienda\/#website"},"datePublished":"2026-04-25T06:28:05+00:00","dateModified":"2026-04-25T06:28:06+00:00","description":"Compra Ol8krtf No Break () 8000va \/8000w,online,200-240vac \/ 120-240 Vac. Pantalla Lcd. Onda Senoidal Pura, Convertible Torre\/rack 8u, 6 X Nema 5-20r, 3 X Nema L6-30r,1 Xhardwire. Garantia 3 A\u00f1os. + Env\u00edo a domicilio + Pago seguro + Garant\u00eda","breadcrumb":{"@id":"https:\/\/compuviper.mx\/tienda\/producto\/cyberpower-ol8krtf-no-break-8000va-8000wonline200-240vac-120-240-vac-pantalla-lcd-onda-senoidal-pura-convertible-torre-rack-8u-6-x-nema-5-20r-3-x-nema-l6-30r1-xhardwire-garantia-3-aos\/#breadcrumb"},"inLanguage":"es-MX","potentialAction":[{"@type":"ReadAction","target":["https:\/\/compuviper.mx\/tienda\/producto\/cyberpower-ol8krtf-no-break-8000va-8000wonline200-240vac-120-240-vac-pantalla-lcd-onda-senoidal-pura-convertible-torre-rack-8u-6-x-nema-5-20r-3-x-nema-l6-30r1-xhardwire-garantia-3-aos\/"]}]},{"@type":"BreadcrumbList","@id":"https:\/\/compuviper.mx\/tienda\/producto\/cyberpower-ol8krtf-no-break-8000va-8000wonline200-240vac-120-240-vac-pantalla-lcd-onda-senoidal-pura-convertible-torre-rack-8u-6-x-nema-5-20r-3-x-nema-l6-30r1-xhardwire-garantia-3-aos\/#breadcrumb","itemListElement":[{"@type":"ListItem","position":1,"name":"Inicio","item":"https:\/\/compuviper.mx\/tienda\/"},{"@type":"ListItem","position":2,"name":"Productos","item":"https:\/\/compuviper.mx\/tienda\/productos\/"},{"@type":"ListItem","position":3,"name":"Energia","item":"https:\/\/compuviper.mx\/tienda\/categoria-producto\/energia\/"},{"@type":"ListItem","position":4,"name":"No Break","item":"https:\/\/compuviper.mx\/tienda\/categoria-producto\/energia\/no-break\/"},{"@type":"ListItem","position":5,"name":"Cyberpower Ol8krtf No Break () 8000va \/8000w,online,200-240vac \/ 120-240 Vac. Pantalla Lcd. Onda Senoidal Pura, Convertible Torre\/rack 8u, 6 X Nema 5-20r, 3 X Nema L6-30r,1 Xhardwire. Garantia 3 A?os."}]},{"@type":"WebSite","@id":"https:\/\/compuviper.mx\/tienda\/#website","url":"https:\/\/compuviper.mx\/tienda\/","name":"Compuviper","description":"Proveedor de Computadoras, Laptops, Servidores, Monitores, Puntos de Venta, Teclados,   Impresoras, T\u00f3ner, C\u00e1maras de Seguridad y m\u00e1s en tu tienda en l\u00ednea","publisher":{"@id":"https:\/\/compuviper.mx\/tienda\/#organization"},"potentialAction":[{"@type":"SearchAction","target":{"@type":"EntryPoint","urlTemplate":"https:\/\/compuviper.mx\/tienda\/?s={search_term_string}"},"query-input":"required name=search_term_string"}],"inLanguage":"es-MX"},{"@type":"Organization","@id":"https:\/\/compuviper.mx\/tienda\/#organization","name":"Compuviper","url":"https:\/\/compuviper.mx\/tienda\/","logo":{"@type":"ImageObject","inLanguage":"es-MX","@id":"https:\/\/compuviper.mx\/tienda\/#\/schema\/logo\/image\/","url":"https:\/\/compuviper.mx\/tienda\/wp-content\/uploads\/2021\/08\/Logo-Compuviper-10.png","contentUrl":"https:\/\/compuviper.mx\/tienda\/wp-content\/uploads\/2021\/08\/Logo-Compuviper-10.png","width":1000,"height":500,"caption":"Compuviper"},"image":{"@id":"https:\/\/compuviper.mx\/tienda\/#\/schema\/logo\/image\/"},"sameAs":["https:\/\/www.facebook.com\/compuviper","https:\/\/www.youtube.com\/channel\/UCf73dERp9Y3cfOq7q8BhLjA?view_as=subscriber"]}]},"product_brand":"CYBERPOWER","product_price_amount":"128054","product_price_currency":"MXN","og_availability":"backorder","product_availability":"available for order","product_retailer_item_id":"OL8KRTF","product_condition":"new"},"_links":{"self":[{"href":"https:\/\/compuviper.mx\/tienda\/wp-json\/wp\/v2\/product\/218027"}],"collection":[{"href":"https:\/\/compuviper.mx\/tienda\/wp-json\/wp\/v2\/product"}],"about":[{"href":"https:\/\/compuviper.mx\/tienda\/wp-json\/wp\/v2\/types\/product"}],"replies":[{"embeddable":true,"href":"https:\/\/compuviper.mx\/tienda\/wp-json\/wp\/v2\/comments?post=218027"}],"wp:featuredmedia":[{"embeddable":true,"href":"https:\/\/compuviper.mx\/tienda\/wp-json\/wp\/v2\/media\/218028"}],"wp:attachment":[{"href":"https:\/\/compuviper.mx\/tienda\/wp-json\/wp\/v2\/media?parent=218027"}],"wp:term":[{"taxonomy":"product_cat","embeddable":true,"href":"https:\/\/compuviper.mx\/tienda\/wp-json\/wp\/v2\/product_cat?post=218027"},{"taxonomy":"product_tag","embeddable":true,"href":"https:\/\/compuviper.mx\/tienda\/wp-json\/wp\/v2\/product_tag?post=218027"}],"curies":[{"name":"wp","href":"https:\/\/api.w.org\/{rel}","templated":true}]}}