{"id":218023,"date":"2026-04-25T00:28:04","date_gmt":"2026-04-25T06:28:04","guid":{"rendered":"https:\/\/compuviper.mx\/tienda\/producto\/cyberpower-ol6krtf-no-break-6000va-5400wonlineentrada-200-240-vac-salida-120-240-convertible-torre-rack-8u6-x-nema-5-20r2-x-nema-l6-20r1-x-nema-l6-30r1-hardwire-3-aos-incluye-batera\/"},"modified":"2026-04-25T00:28:05","modified_gmt":"2026-04-25T06:28:05","slug":"cyberpower-ol6krtf-no-break-6000va-5400wonlineentrada-200-240-vac-salida-120-240-convertible-torre-rack-8u6-x-nema-5-20r2-x-nema-l6-20r1-x-nema-l6-30r1-hardwire-3-aos-incluye-batera","status":"publish","type":"product","link":"https:\/\/compuviper.mx\/tienda\/producto\/cyberpower-ol6krtf-no-break-6000va-5400wonlineentrada-200-240-vac-salida-120-240-convertible-torre-rack-8u6-x-nema-5-20r2-x-nema-l6-20r1-x-nema-l6-30r1-hardwire-3-aos-incluye-batera\/","title":{"rendered":"Cyberpower Ol6krtf No Break   6000va\/5400w,online,entrada 200-240 Vac \/salida 120-240, Convertible Torre\/rack, 8u,6 X Nema 5-20r,2 X Nema L6-20r,1 X Nema L6-30r,1 Hardwire, 3 A?os Incluye Batera."},"content":{"rendered":"<table class=\"descripcion\">\n<tr>\n<td>General<\/td>\n<\/tr>\n<tr>\n<td>Topolog\u00eda de ups: online doble conversi\u00f3n<\/td>\n<\/tr>\n<tr>\n<td>El ahorro de energ\u00eda: s\u00ed, eficiencia del modo eco hasta 96%<\/td>\n<\/tr>\n<tr>\n<td>Entrada<\/td>\n<\/tr>\n<tr>\n<td>Voltaje nominal: 200 v a 240 v<\/td>\n<\/tr>\n<tr>\n<td>Rango de voltaje de entrada:<\/td>\n<\/tr>\n<tr>\n<td>120 &#8211; 139 vac para 0\u00bf25% de carga<\/td>\n<\/tr>\n<tr>\n<td>140 &#8211; 159 vac para 0\u00bf50% de carga<\/td>\n<\/tr>\n<tr>\n<td>160 &#8211; 179 vac para 0\u00bf75% de carga<\/td>\n<\/tr>\n<tr>\n<td>180-280 vca para 0\u00bf100% de carga<\/td>\n<\/tr>\n<tr>\n<td>Rango de frecuencia: 40 hz a 70 hz (detecci\u00f3n autom\u00e1tica)<\/td>\n<\/tr>\n<tr>\n<td>Factor de potencia de entrada: 0.9<\/td>\n<\/tr>\n<tr>\n<td>Inicio fresco: si<\/td>\n<\/tr>\n<tr>\n<td>Tipo de enchufe: nema l6-30p<\/td>\n<\/tr>\n<tr>\n<td>Longitud del cable: 10 pies<\/td>\n<\/tr>\n<tr>\n<td>Protecci\u00f3n de retroalimentaci\u00f3n: si<\/td>\n<\/tr>\n<tr>\n<td>Salida<\/td>\n<\/tr>\n<tr>\n<td>Va: 6,000 va<\/td>\n<\/tr>\n<tr>\n<td>Watts: 5.400 w<\/td>\n<\/tr>\n<tr>\n<td>En voltaje de la bater\u00eda 120 v; 200, 208, 220, 230, 240 v \u00b1 2% (configurable)<\/td>\n<\/tr>\n<tr>\n<td>En frecuencia de la bater\u00eda 50\/60 hz \u00b1 0.25 hz (detecci\u00f3n autom\u00e1tica \/ configurable)<\/td>\n<\/tr>\n<tr>\n<td>En forma de onda de bater\u00eda onda sinusoidal<\/td>\n<\/tr>\n<tr>\n<td>Tipo de salida: (6) nema 5-20r, (2) nema l6-20r, (1) nema l6-30r, (1) bloque de terminales de cableado.<\/td>\n<\/tr>\n<tr>\n<td>Recept\u00e1culos de salidas totales: 10<\/td>\n<\/tr>\n<tr>\n<td>Factor de potencia nominal: 0.9<\/td>\n<\/tr>\n<tr>\n<td>Factor de cresta: 3: 1<\/td>\n<\/tr>\n<tr>\n<td>Distorsi\u00f3n arm\u00f3nica  3% a carga lineal,  5% a carga no lineal<\/td>\n<\/tr>\n<tr>\n<td>Regulaci\u00f3n de voltaje en modo eco \u00b1 10%, \u00b1 15% (configurable)<\/td>\n<\/tr>\n<tr>\n<td>Derivaci\u00f3n bypass interno (autom\u00e1tico y manual)<\/td>\n<\/tr>\n<tr>\n<td>Protecci\u00f3n de sobrecarga modo de l\u00ednea: 105% a 125% de carga durante 1 min, 126% a 150% de carga durante 10 s<\/td>\n<\/tr>\n<tr>\n<td>Modo de bater\u00eda:<\/td>\n<\/tr>\n<tr>\n<td>105% a 130% de carga durante 10 s, 131% a 150% de carga durante 2 s<\/td>\n<\/tr>\n<tr>\n<td>Tiempo de transferencia: 0 ms<\/td>\n<\/tr>\n<tr>\n<td>Bater\u00eda<\/td>\n<\/tr>\n<tr>\n<td>Tiempo de ejecuci\u00f3n a media carga 15 minutos<\/td>\n<\/tr>\n<tr>\n<td>Tiempo de ejecuci\u00f3n a plena carga 5.4 min<\/td>\n<\/tr>\n<tr>\n<td>Tipo de bater\u00eda \u00e1cido de plomo sellado<\/td>\n<\/tr>\n<tr>\n<td>Tama\u00f1o de la bater\u00eda 12 v \/ 7 ah<\/td>\n<\/tr>\n<tr>\n<td>Cantidad de la bater\u00eda 20<\/td>\n<\/tr>\n<tr>\n<td>Intercambiables en caliente si<\/td>\n<\/tr>\n<tr>\n<td>Reemplazable si<\/td>\n<\/tr>\n<tr>\n<td>Cartucho de bater\u00eda de repuesto (2) rb1270x10<\/td>\n<\/tr>\n<tr>\n<td>Tiempo t\u00edpico de recarga 4 h (0% a 90%)<\/td>\n<\/tr>\n<tr>\n<td>Opci\u00f3n de bater\u00eda extendida opcional bp240v30art3u o bp240vl3u01<\/td>\n<\/tr>\n<tr>\n<td>Modo de gesti\u00f3n inteligente de la bater\u00eda (sbm) si<\/td>\n<\/tr>\n<tr>\n<td>Protecci\u00f3n contra sobretensiones y filtrado<\/td>\n<\/tr>\n<tr>\n<td>Supresi\u00f3n de sobretensiones 2430 julios, iec 61000-4-5 nivel 3<\/td>\n<\/tr>\n<tr>\n<td>Filtraci\u00f3n emi \/ rfi si<\/td>\n<\/tr>\n<tr>\n<td>Protecci\u00f3n del tel\u00e9fono \/ red rj11 \/ rj45 1 entrada \/ 1 salida<\/td>\n<\/tr>\n<tr>\n<td>Gerencia y comunicaciones<\/td>\n<\/tr>\n<tr>\n<td>Panel de control lcd: acceda a 50 configuraciones de estado de informaci\u00f3n y configuraci\u00f3n a trav\u00e9s de los men\u00fas de informaci\u00f3n y configuraci\u00f3n, adem\u00e1s de un men\u00fa de registro de eventos.<\/td>\n<\/tr>\n<tr>\n<td>Opci\u00f3n de panel de control lcd extra\u00edble s\u00ed, requiere cable db26 (no incluido)<\/td>\n<\/tr>\n<tr>\n<td>Puerto usb compatible con hid si<\/td>\n<\/tr>\n<tr>\n<td>Puerto serial: si<\/td>\n<\/tr>\n<tr>\n<td>Puerto epo: si<\/td>\n<\/tr>\n<tr>\n<td>Contactos secos: si<\/td>\n<\/tr>\n<tr>\n<td>Cables incluidos: cable usb, cable serie, cable de tel\u00e9fono<\/td>\n<\/tr>\n<tr>\n<td>Indicadores led: encendido (blanco)<\/td>\n<\/tr>\n<tr>\n<td>Modo de l\u00ednea: (verde)<\/td>\n<\/tr>\n<tr>\n<td>Modo de bater\u00eda: (amarillo)<\/td>\n<\/tr>\n<tr>\n<td>Modo de derivaci\u00f3n: (amarillo)<\/td>\n<\/tr>\n<tr>\n<td>Falla (rojo)<\/td>\n<\/tr>\n<tr>\n<td>Reemplace la bater\u00eda: (rojo)<\/td>\n<\/tr>\n<tr>\n<td>Alarmas audibles: modo de bater\u00eda, bater\u00eda baja, sobrecarga y falla del ups<\/td>\n<\/tr>\n<tr>\n<td>Software: powerpanel\u00ae business edition<\/td>\n<\/tr>\n<tr>\n<td>Ranura de expansi\u00f3n s\u00ed, rmcard205 preinstalado<\/td>\n<\/tr>\n<tr>\n<td>F\u00edsico<\/td>\n<\/tr>\n<tr>\n<td>Factor de forma bastidor \/ torre<\/td>\n<\/tr>\n<tr>\n<td>Construcci\u00f3n de cerramiento acero<\/td>\n<\/tr>\n<tr>\n<td>Hardware de montaje en bastidor incluido<\/td>\n<\/tr>\n<tr>\n<td>Dimensiones &#8211; w \u00d7 h \u00d7 d (in) 17 x 14 x 26<\/td>\n<\/tr>\n<tr>\n<td>Peso libras) 316,6<\/td>\n<\/tr>\n<tr>\n<td>Unidades de rack 8u<\/td>\n<\/tr>\n<tr>\n<td>Max. profundidad del riel de montaje (pulg.) 36,02<\/td>\n<\/tr>\n<tr>\n<td>Min. profundidad del riel de montaje (pulg.) 20,47<\/td>\n<\/tr>\n<tr>\n<td>Dimensiones de env\u00edo &#8211; wxhxd (in) 23,62 x 38,1 x 35,43<\/td>\n<\/tr>\n<tr>\n<td>Peso de env\u00edo (lb) 410 libras<\/td>\n<\/tr>\n<tr>\n<td>Ambiental<\/td>\n<\/tr>\n<tr>\n<td>Temperatura de funcionamiento 32 \u00b0 f a 104 \u00b0 f (0 \u00b0 c a 40 \u00b0 c)<\/td>\n<\/tr>\n<tr>\n<td>Humedad relativa de funcionamiento 0% a 90% sin condensaci\u00f3n<\/td>\n<\/tr>\n<tr>\n<td>Elevaci\u00f3n operativa 0 pies a 10,000 pies (0 a 3,000 m)<\/td>\n<\/tr>\n<tr>\n<td>Temperatura de almacenamiento -4 \u00b0 f a 113 \u00b0 f (-20 \u00b0 c a 45 \u00b0 c)<\/td>\n<\/tr>\n<tr>\n<td>Humedad relativa de almacenamiento 0% a 95% sin condensaci\u00f3n<\/td>\n<\/tr>\n<tr>\n<td>Elevaci\u00f3n de almacenamiento 0 pies a 50,000 pies (0 ma 15,000 m)<\/td>\n<\/tr>\n<tr>\n<td>Disipaci\u00f3n t\u00e9rmica stf (100% de carga) 1379 btu \/ hora<\/td>\n<\/tr>\n<tr>\n<td>Disipaci\u00f3n t\u00e9rmica en modo eco (100% de carga) 728 btu \/ h<\/td>\n<\/tr>\n<tr>\n<td>Disipaci\u00f3n t\u00e9rmica en l\u00ednea (100% de carga) 1912 btu \/ h<\/td>\n<\/tr>\n<tr>\n<td>Ruido audible a 1 m de la superficie de la unidad: 38 dba a 65 dba (0% a 100% de carga)<\/td>\n<\/tr>\n<tr>\n<td>Certificaciones<\/td>\n<\/tr>\n<tr>\n<td>La seguridad ul 1778 5ta ed.<\/td>\n<\/tr>\n<tr>\n<td>Csa c22.2 no.107.3-05<\/td>\n<\/tr>\n<tr>\n<td>Fcc parte 15 clase a<\/td>\n<\/tr>\n<tr>\n<td>Ambiental rohs<\/td>\n<\/tr>\n<tr>\n<td>Garant\u00eda<\/td>\n<\/tr>\n<tr>\n<td>La garant\u00eda del producto 3 a\u00f1os limitada.<\/td>\n<\/tr>\n<\/table>\n","protected":false},"excerpt":{"rendered":"<p>La aplicaci\u00f3n inteligente en l\u00ednea de cyberpower ol6krtf es un 8u combinado con un ups de doble conversi\u00f3n en rack \/ torre de 6u y un transformador reductor de 2u para admitir requisitos de salida de 120 v y 200-240 v. Proporciona salida de onda sinusoidal a m\u00faltiples tipos de infraestructura de ti cr\u00edtica que requieren protecci\u00f3n de energ\u00eda sin interrupciones. Compatible con el generador, el ol6krtf ofrece una potencia de salida constante con tiempo de transferencia cero. La derivaci\u00f3n autom\u00e1tica garantiza que el equipo conectado contin\u00fae funcionando sin problemas cuando se detecta una sobrecarga o falla interna. El ol6krtf cuenta con un panel de control lcd extra\u00edble para reposicionarlo en una ubicaci\u00f3n m\u00e1s conveniente (con cable db-26 opcional) y tiene una tarjeta de red rmcard205 preinstalada. La tecnolog\u00eda de carga smart battery management aumenta la vida \u00fatil de la bater\u00eda hasta en un 50%. La tecnolog\u00eda fast charge ayuda a recargar la carga de la bater\u00eda del 0-90% en cuatro horas, independientemente del n\u00famero de m\u00f3dulos de bater\u00eda extendida (ebm) conectados. El modo eco greenpower ups \u00bf de ahorro de energ\u00eda permite que el ups alcance hasta un 96% de eficiencia para reducir el consumo de energ\u00eda y la disipaci\u00f3n t\u00e9rmica<\/p>\n","protected":false},"featured_media":218024,"comment_status":"open","ping_status":"open","template":"","meta":[],"product_cat":[1508,1691],"product_tag":[1692],"acf":[],"yoast_head":"<!-- This site is optimized with the Yoast SEO plugin v21.7 - https:\/\/yoast.com\/wordpress\/plugins\/seo\/ -->\n<title>[ Cyberpower ] &#129351; Ol6krtf No Break 6000va\/5400w,online,entrada 200-240 Vac \/salida 120-240, Convertible Torre\/rack, 8u,6 X Nema 5-20r,2 X Nema L6-20r,1 X Nema L6-30r,1 Hardwire, 3 A\u00f1os Incluye Batera.<\/title>\n<meta name=\"description\" content=\"Compra Ol6krtf No Break 6000va\/5400w,online,entrada 200-240 Vac \/salida 120-240, Convertible Torre\/rack, 8u,6 X Nema 5-20r,2 X Nema L6-20r,1 X Nema L6-30r,1 Hardwire, 3 A\u00f1os Incluye Batera. + Env\u00edo a domicilio + Pago seguro + Garant\u00eda\" \/>\n<meta name=\"robots\" content=\"index, follow, max-snippet:-1, max-image-preview:large, max-video-preview:-1\" \/>\n<link rel=\"canonical\" href=\"https:\/\/compuviper.mx\/tienda\/producto\/cyberpower-ol6krtf-no-break-6000va-5400wonlineentrada-200-240-vac-salida-120-240-convertible-torre-rack-8u6-x-nema-5-20r2-x-nema-l6-20r1-x-nema-l6-30r1-hardwire-3-aos-incluye-batera\/\" \/>\n<meta property=\"og:locale\" content=\"es_MX\" \/>\n<meta property=\"og:type\" content=\"article\" \/>\n<meta property=\"og:title\" content=\"[ Cyberpower ] &#129351; Ol6krtf No Break 6000va\/5400w,online,entrada 200-240 Vac \/salida 120-240, Convertible Torre\/rack, 8u,6 X Nema 5-20r,2 X Nema L6-20r,1 X Nema L6-30r,1 Hardwire, 3 A\u00f1os Incluye Batera.\" \/>\n<meta property=\"og:description\" content=\"Compra Ol6krtf No Break 6000va\/5400w,online,entrada 200-240 Vac \/salida 120-240, Convertible Torre\/rack, 8u,6 X Nema 5-20r,2 X Nema L6-20r,1 X Nema L6-30r,1 Hardwire, 3 A\u00f1os Incluye Batera. + Env\u00edo a domicilio + Pago seguro + Garant\u00eda\" \/>\n<meta property=\"og:url\" content=\"https:\/\/compuviper.mx\/tienda\/producto\/cyberpower-ol6krtf-no-break-6000va-5400wonlineentrada-200-240-vac-salida-120-240-convertible-torre-rack-8u6-x-nema-5-20r2-x-nema-l6-20r1-x-nema-l6-30r1-hardwire-3-aos-incluye-batera\/\" \/>\n<meta property=\"og:site_name\" content=\"Compuviper\" \/>\n<meta property=\"article:publisher\" content=\"https:\/\/www.facebook.com\/compuviper\" \/>\n<meta property=\"article:modified_time\" content=\"2026-04-25T06:28:05+00:00\" \/>\n<meta property=\"og:image\" content=\"https:\/\/compuviper.mx\/tienda\/wp-content\/uploads\/2023\/12\/No-break-cyberpower-ol6krtf-6000va5400wonlineentrada-200-240-vac-salida-120-240-convertible-torrerack-8u6-x-nema-5-20r2-x-nema-l6-20r1-x-nema-l6-30r1-hardwire-3-anos-incluye-batera.jpg\" \/>\n\t<meta property=\"og:image:width\" content=\"200\" \/>\n\t<meta property=\"og:image:height\" content=\"200\" \/>\n\t<meta property=\"og:image:type\" content=\"image\/jpeg\" \/>\n<meta name=\"twitter:card\" content=\"summary_large_image\" \/>\n<meta name=\"twitter:label1\" content=\"Precio\" \/>\n\t<meta name=\"twitter:data1\" content=\"&#36;98,394 con IVA\" \/>\n\t<meta name=\"twitter:label2\" content=\"Availability\" \/>\n\t<meta name=\"twitter:data2\" content=\"On backorder\" \/>\n<script type=\"application\/ld+json\" class=\"yoast-schema-graph\">{\"@context\":\"https:\/\/schema.org\",\"@graph\":[{\"@type\":\"WebPage\",\"@id\":\"https:\/\/compuviper.mx\/tienda\/producto\/cyberpower-ol6krtf-no-break-6000va-5400wonlineentrada-200-240-vac-salida-120-240-convertible-torre-rack-8u6-x-nema-5-20r2-x-nema-l6-20r1-x-nema-l6-30r1-hardwire-3-aos-incluye-batera\/\",\"url\":\"https:\/\/compuviper.mx\/tienda\/producto\/cyberpower-ol6krtf-no-break-6000va-5400wonlineentrada-200-240-vac-salida-120-240-convertible-torre-rack-8u6-x-nema-5-20r2-x-nema-l6-20r1-x-nema-l6-30r1-hardwire-3-aos-incluye-batera\/\",\"name\":\"[ Cyberpower ] &#129351; Ol6krtf No Break 6000va\/5400w,online,entrada 200-240 Vac \/salida 120-240, Convertible Torre\/rack, 8u,6 X Nema 5-20r,2 X Nema L6-20r,1 X Nema L6-30r,1 Hardwire, 3 A\u00f1os Incluye Batera.\",\"isPartOf\":{\"@id\":\"https:\/\/compuviper.mx\/tienda\/#website\"},\"datePublished\":\"2026-04-25T06:28:04+00:00\",\"dateModified\":\"2026-04-25T06:28:05+00:00\",\"description\":\"Compra Ol6krtf No Break 6000va\/5400w,online,entrada 200-240 Vac \/salida 120-240, Convertible Torre\/rack, 8u,6 X Nema 5-20r,2 X Nema L6-20r,1 X Nema L6-30r,1 Hardwire, 3 A\u00f1os Incluye Batera. + Env\u00edo a domicilio + Pago seguro + Garant\u00eda\",\"breadcrumb\":{\"@id\":\"https:\/\/compuviper.mx\/tienda\/producto\/cyberpower-ol6krtf-no-break-6000va-5400wonlineentrada-200-240-vac-salida-120-240-convertible-torre-rack-8u6-x-nema-5-20r2-x-nema-l6-20r1-x-nema-l6-30r1-hardwire-3-aos-incluye-batera\/#breadcrumb\"},\"inLanguage\":\"es-MX\",\"potentialAction\":[{\"@type\":\"ReadAction\",\"target\":[\"https:\/\/compuviper.mx\/tienda\/producto\/cyberpower-ol6krtf-no-break-6000va-5400wonlineentrada-200-240-vac-salida-120-240-convertible-torre-rack-8u6-x-nema-5-20r2-x-nema-l6-20r1-x-nema-l6-30r1-hardwire-3-aos-incluye-batera\/\"]}]},{\"@type\":\"BreadcrumbList\",\"@id\":\"https:\/\/compuviper.mx\/tienda\/producto\/cyberpower-ol6krtf-no-break-6000va-5400wonlineentrada-200-240-vac-salida-120-240-convertible-torre-rack-8u6-x-nema-5-20r2-x-nema-l6-20r1-x-nema-l6-30r1-hardwire-3-aos-incluye-batera\/#breadcrumb\",\"itemListElement\":[{\"@type\":\"ListItem\",\"position\":1,\"name\":\"Inicio\",\"item\":\"https:\/\/compuviper.mx\/tienda\/\"},{\"@type\":\"ListItem\",\"position\":2,\"name\":\"Productos\",\"item\":\"https:\/\/compuviper.mx\/tienda\/productos\/\"},{\"@type\":\"ListItem\",\"position\":3,\"name\":\"Energia\",\"item\":\"https:\/\/compuviper.mx\/tienda\/categoria-producto\/energia\/\"},{\"@type\":\"ListItem\",\"position\":4,\"name\":\"No Break\",\"item\":\"https:\/\/compuviper.mx\/tienda\/categoria-producto\/energia\/no-break\/\"},{\"@type\":\"ListItem\",\"position\":5,\"name\":\"Cyberpower Ol6krtf No Break 6000va\/5400w,online,entrada 200-240 Vac \/salida 120-240, Convertible Torre\/rack, 8u,6 X Nema 5-20r,2 X Nema L6-20r,1 X Nema L6-30r,1 Hardwire, 3 A?os Incluye Batera.\"}]},{\"@type\":\"WebSite\",\"@id\":\"https:\/\/compuviper.mx\/tienda\/#website\",\"url\":\"https:\/\/compuviper.mx\/tienda\/\",\"name\":\"Compuviper\",\"description\":\"Proveedor de Computadoras, Laptops, Servidores, Monitores, Puntos de Venta, Teclados,   Impresoras, T\u00f3ner, C\u00e1maras de Seguridad y m\u00e1s en tu tienda en l\u00ednea\",\"publisher\":{\"@id\":\"https:\/\/compuviper.mx\/tienda\/#organization\"},\"potentialAction\":[{\"@type\":\"SearchAction\",\"target\":{\"@type\":\"EntryPoint\",\"urlTemplate\":\"https:\/\/compuviper.mx\/tienda\/?s={search_term_string}\"},\"query-input\":\"required name=search_term_string\"}],\"inLanguage\":\"es-MX\"},{\"@type\":\"Organization\",\"@id\":\"https:\/\/compuviper.mx\/tienda\/#organization\",\"name\":\"Compuviper\",\"url\":\"https:\/\/compuviper.mx\/tienda\/\",\"logo\":{\"@type\":\"ImageObject\",\"inLanguage\":\"es-MX\",\"@id\":\"https:\/\/compuviper.mx\/tienda\/#\/schema\/logo\/image\/\",\"url\":\"https:\/\/compuviper.mx\/tienda\/wp-content\/uploads\/2021\/08\/Logo-Compuviper-10.png\",\"contentUrl\":\"https:\/\/compuviper.mx\/tienda\/wp-content\/uploads\/2021\/08\/Logo-Compuviper-10.png\",\"width\":1000,\"height\":500,\"caption\":\"Compuviper\"},\"image\":{\"@id\":\"https:\/\/compuviper.mx\/tienda\/#\/schema\/logo\/image\/\"},\"sameAs\":[\"https:\/\/www.facebook.com\/compuviper\",\"https:\/\/www.youtube.com\/channel\/UCf73dERp9Y3cfOq7q8BhLjA?view_as=subscriber\"]}]}<\/script>\n<meta property=\"product:brand\" content=\"CYBERPOWER\" \/>\n<meta property=\"product:price:amount\" content=\"98394\" \/>\n<meta property=\"product:price:currency\" content=\"MXN\" \/>\n<meta property=\"og:availability\" content=\"backorder\" \/>\n<meta property=\"product:availability\" content=\"available for order\" \/>\n<meta property=\"product:retailer_item_id\" content=\"OL6KRTF\" \/>\n<meta property=\"product:condition\" content=\"new\" \/>\n<!-- \/ Yoast SEO plugin. -->","yoast_head_json":{"title":"[ Cyberpower ] &#129351; Ol6krtf No Break 6000va\/5400w,online,entrada 200-240 Vac \/salida 120-240, Convertible Torre\/rack, 8u,6 X Nema 5-20r,2 X Nema L6-20r,1 X Nema L6-30r,1 Hardwire, 3 A\u00f1os Incluye Batera.","description":"Compra Ol6krtf No Break 6000va\/5400w,online,entrada 200-240 Vac \/salida 120-240, Convertible Torre\/rack, 8u,6 X Nema 5-20r,2 X Nema L6-20r,1 X Nema L6-30r,1 Hardwire, 3 A\u00f1os Incluye Batera. + Env\u00edo a domicilio + Pago seguro + Garant\u00eda","robots":{"index":"index","follow":"follow","max-snippet":"max-snippet:-1","max-image-preview":"max-image-preview:large","max-video-preview":"max-video-preview:-1"},"canonical":"https:\/\/compuviper.mx\/tienda\/producto\/cyberpower-ol6krtf-no-break-6000va-5400wonlineentrada-200-240-vac-salida-120-240-convertible-torre-rack-8u6-x-nema-5-20r2-x-nema-l6-20r1-x-nema-l6-30r1-hardwire-3-aos-incluye-batera\/","og_locale":"es_MX","og_type":"article","og_title":"[ Cyberpower ] &#129351; Ol6krtf No Break 6000va\/5400w,online,entrada 200-240 Vac \/salida 120-240, Convertible Torre\/rack, 8u,6 X Nema 5-20r,2 X Nema L6-20r,1 X Nema L6-30r,1 Hardwire, 3 A\u00f1os Incluye Batera.","og_description":"Compra Ol6krtf No Break 6000va\/5400w,online,entrada 200-240 Vac \/salida 120-240, Convertible Torre\/rack, 8u,6 X Nema 5-20r,2 X Nema L6-20r,1 X Nema L6-30r,1 Hardwire, 3 A\u00f1os Incluye Batera. + Env\u00edo a domicilio + Pago seguro + Garant\u00eda","og_url":"https:\/\/compuviper.mx\/tienda\/producto\/cyberpower-ol6krtf-no-break-6000va-5400wonlineentrada-200-240-vac-salida-120-240-convertible-torre-rack-8u6-x-nema-5-20r2-x-nema-l6-20r1-x-nema-l6-30r1-hardwire-3-aos-incluye-batera\/","og_site_name":"Compuviper","article_publisher":"https:\/\/www.facebook.com\/compuviper","article_modified_time":"2026-04-25T06:28:05+00:00","og_image":[{"width":200,"height":200,"url":"https:\/\/compuviper.mx\/tienda\/wp-content\/uploads\/2023\/12\/No-break-cyberpower-ol6krtf-6000va5400wonlineentrada-200-240-vac-salida-120-240-convertible-torrerack-8u6-x-nema-5-20r2-x-nema-l6-20r1-x-nema-l6-30r1-hardwire-3-anos-incluye-batera.jpg","type":"image\/jpeg"}],"twitter_card":"summary_large_image","twitter_misc":{"Precio":"&#36;98,394 con IVA","Availability":"On backorder"},"schema":{"@context":"https:\/\/schema.org","@graph":[{"@type":"WebPage","@id":"https:\/\/compuviper.mx\/tienda\/producto\/cyberpower-ol6krtf-no-break-6000va-5400wonlineentrada-200-240-vac-salida-120-240-convertible-torre-rack-8u6-x-nema-5-20r2-x-nema-l6-20r1-x-nema-l6-30r1-hardwire-3-aos-incluye-batera\/","url":"https:\/\/compuviper.mx\/tienda\/producto\/cyberpower-ol6krtf-no-break-6000va-5400wonlineentrada-200-240-vac-salida-120-240-convertible-torre-rack-8u6-x-nema-5-20r2-x-nema-l6-20r1-x-nema-l6-30r1-hardwire-3-aos-incluye-batera\/","name":"[ Cyberpower ] &#129351; Ol6krtf No Break 6000va\/5400w,online,entrada 200-240 Vac \/salida 120-240, Convertible Torre\/rack, 8u,6 X Nema 5-20r,2 X Nema L6-20r,1 X Nema L6-30r,1 Hardwire, 3 A\u00f1os Incluye Batera.","isPartOf":{"@id":"https:\/\/compuviper.mx\/tienda\/#website"},"datePublished":"2026-04-25T06:28:04+00:00","dateModified":"2026-04-25T06:28:05+00:00","description":"Compra Ol6krtf No Break 6000va\/5400w,online,entrada 200-240 Vac \/salida 120-240, Convertible Torre\/rack, 8u,6 X Nema 5-20r,2 X Nema L6-20r,1 X Nema L6-30r,1 Hardwire, 3 A\u00f1os Incluye Batera. + Env\u00edo a domicilio + Pago seguro + Garant\u00eda","breadcrumb":{"@id":"https:\/\/compuviper.mx\/tienda\/producto\/cyberpower-ol6krtf-no-break-6000va-5400wonlineentrada-200-240-vac-salida-120-240-convertible-torre-rack-8u6-x-nema-5-20r2-x-nema-l6-20r1-x-nema-l6-30r1-hardwire-3-aos-incluye-batera\/#breadcrumb"},"inLanguage":"es-MX","potentialAction":[{"@type":"ReadAction","target":["https:\/\/compuviper.mx\/tienda\/producto\/cyberpower-ol6krtf-no-break-6000va-5400wonlineentrada-200-240-vac-salida-120-240-convertible-torre-rack-8u6-x-nema-5-20r2-x-nema-l6-20r1-x-nema-l6-30r1-hardwire-3-aos-incluye-batera\/"]}]},{"@type":"BreadcrumbList","@id":"https:\/\/compuviper.mx\/tienda\/producto\/cyberpower-ol6krtf-no-break-6000va-5400wonlineentrada-200-240-vac-salida-120-240-convertible-torre-rack-8u6-x-nema-5-20r2-x-nema-l6-20r1-x-nema-l6-30r1-hardwire-3-aos-incluye-batera\/#breadcrumb","itemListElement":[{"@type":"ListItem","position":1,"name":"Inicio","item":"https:\/\/compuviper.mx\/tienda\/"},{"@type":"ListItem","position":2,"name":"Productos","item":"https:\/\/compuviper.mx\/tienda\/productos\/"},{"@type":"ListItem","position":3,"name":"Energia","item":"https:\/\/compuviper.mx\/tienda\/categoria-producto\/energia\/"},{"@type":"ListItem","position":4,"name":"No Break","item":"https:\/\/compuviper.mx\/tienda\/categoria-producto\/energia\/no-break\/"},{"@type":"ListItem","position":5,"name":"Cyberpower Ol6krtf No Break 6000va\/5400w,online,entrada 200-240 Vac \/salida 120-240, Convertible Torre\/rack, 8u,6 X Nema 5-20r,2 X Nema L6-20r,1 X Nema L6-30r,1 Hardwire, 3 A?os Incluye Batera."}]},{"@type":"WebSite","@id":"https:\/\/compuviper.mx\/tienda\/#website","url":"https:\/\/compuviper.mx\/tienda\/","name":"Compuviper","description":"Proveedor de Computadoras, Laptops, Servidores, Monitores, Puntos de Venta, Teclados,   Impresoras, T\u00f3ner, C\u00e1maras de Seguridad y m\u00e1s en tu tienda en l\u00ednea","publisher":{"@id":"https:\/\/compuviper.mx\/tienda\/#organization"},"potentialAction":[{"@type":"SearchAction","target":{"@type":"EntryPoint","urlTemplate":"https:\/\/compuviper.mx\/tienda\/?s={search_term_string}"},"query-input":"required name=search_term_string"}],"inLanguage":"es-MX"},{"@type":"Organization","@id":"https:\/\/compuviper.mx\/tienda\/#organization","name":"Compuviper","url":"https:\/\/compuviper.mx\/tienda\/","logo":{"@type":"ImageObject","inLanguage":"es-MX","@id":"https:\/\/compuviper.mx\/tienda\/#\/schema\/logo\/image\/","url":"https:\/\/compuviper.mx\/tienda\/wp-content\/uploads\/2021\/08\/Logo-Compuviper-10.png","contentUrl":"https:\/\/compuviper.mx\/tienda\/wp-content\/uploads\/2021\/08\/Logo-Compuviper-10.png","width":1000,"height":500,"caption":"Compuviper"},"image":{"@id":"https:\/\/compuviper.mx\/tienda\/#\/schema\/logo\/image\/"},"sameAs":["https:\/\/www.facebook.com\/compuviper","https:\/\/www.youtube.com\/channel\/UCf73dERp9Y3cfOq7q8BhLjA?view_as=subscriber"]}]},"product_brand":"CYBERPOWER","product_price_amount":"98394","product_price_currency":"MXN","og_availability":"backorder","product_availability":"available for order","product_retailer_item_id":"OL6KRTF","product_condition":"new"},"_links":{"self":[{"href":"https:\/\/compuviper.mx\/tienda\/wp-json\/wp\/v2\/product\/218023"}],"collection":[{"href":"https:\/\/compuviper.mx\/tienda\/wp-json\/wp\/v2\/product"}],"about":[{"href":"https:\/\/compuviper.mx\/tienda\/wp-json\/wp\/v2\/types\/product"}],"replies":[{"embeddable":true,"href":"https:\/\/compuviper.mx\/tienda\/wp-json\/wp\/v2\/comments?post=218023"}],"wp:featuredmedia":[{"embeddable":true,"href":"https:\/\/compuviper.mx\/tienda\/wp-json\/wp\/v2\/media\/218024"}],"wp:attachment":[{"href":"https:\/\/compuviper.mx\/tienda\/wp-json\/wp\/v2\/media?parent=218023"}],"wp:term":[{"taxonomy":"product_cat","embeddable":true,"href":"https:\/\/compuviper.mx\/tienda\/wp-json\/wp\/v2\/product_cat?post=218023"},{"taxonomy":"product_tag","embeddable":true,"href":"https:\/\/compuviper.mx\/tienda\/wp-json\/wp\/v2\/product_tag?post=218023"}],"curies":[{"name":"wp","href":"https:\/\/api.w.org\/{rel}","templated":true}]}}