{"id":218017,"date":"2026-04-07T00:32:32","date_gmt":"2026-04-07T06:32:32","guid":{"rendered":"https:\/\/compuviper.mx\/tienda\/producto\/cyberpower-ol1500rtxl2u-no-break-ups-online-va1500-watts-1350-rack-o-torre-3-aos-de-garantia-en-pila-y-equipo\/"},"modified":"2026-04-07T00:32:32","modified_gmt":"2026-04-07T06:32:32","slug":"cyberpower-ol1500rtxl2u-no-break-ups-online-va1500-watts-1350-rack-o-torre-3-aos-de-garantia-en-pila-y-equipo","status":"publish","type":"product","link":"https:\/\/compuviper.mx\/tienda\/producto\/cyberpower-ol1500rtxl2u-no-break-ups-online-va1500-watts-1350-rack-o-torre-3-aos-de-garantia-en-pila-y-equipo\/","title":{"rendered":"Cyberpower Ol1500rtxl2u No Break \/ Ups  Online Va1500  Watts 1350  Rack O Torre 3 A?os De Garantia En Pila Y Equipo"},"content":{"rendered":"<table class=\"descripcion\">\n<tr>\n<td>Modelo: ol1500rtxl2u<\/td>\n<\/tr>\n<tr>\n<td>General<\/td>\n<\/tr>\n<tr>\n<td>Topologia ups doble-conversion<\/td>\n<\/tr>\n<tr>\n<td>Ahorro de energia si &#8211; modo eco eficiencia  93%<\/td>\n<\/tr>\n<tr>\n<td>Entrada<\/td>\n<\/tr>\n<tr>\n<td>Voltaje 100vac &#8211; 125vac<\/td>\n<\/tr>\n<tr>\n<td>Rango de voltaje de entrada<\/td>\n<\/tr>\n<tr>\n<td>60vac &#8211; 69vac para 0-60% carga, 70vac &#8211; 79vac para 0-70% carga, 80vac &#8211; 89vac para 0-80% carga, 90vac &#8211; 95vac para 0-90% carga, 96vac &#8211; 150vac para 0-100% carga<\/td>\n<\/tr>\n<tr>\n<td>Rango de frecuencia de entrada 40hz \u0096 70hz (auto-sensible)<\/td>\n<\/tr>\n<tr>\n<td>Factor de potencia de entrada 0.99<\/td>\n<\/tr>\n<tr>\n<td>Encendido en frio si<\/td>\n<\/tr>\n<tr>\n<td>Tipo de enchufe nema 5-15p<\/td>\n<\/tr>\n<tr>\n<td>Largo de cordon 10 pulgadas<\/td>\n<\/tr>\n<tr>\n<td>Salida<\/td>\n<\/tr>\n<tr>\n<td>Va 1,500<\/td>\n<\/tr>\n<tr>\n<td>Watts 1350<\/td>\n<\/tr>\n<tr>\n<td>Forma de onda senoidal<\/td>\n<\/tr>\n<tr>\n<td>Voltaje en bateria 100, 110, 115, 120, 125vac (configurable) \u00b1 2%<\/td>\n<\/tr>\n<tr>\n<td>Frecuencia en bateria 50\/60hz (auto-sensible o configurable) \u00b10.25hz<\/td>\n<\/tr>\n<tr>\n<td>Proteccion de sobrecarga modo linea: 105~125% carga para 1 min, 126~150% carga para 10 seg, modo bateria: 105~130% carga para 10 seg, 131~150% carga para 2 seg<\/td>\n<\/tr>\n<tr>\n<td>Total de tomas 8<\/td>\n<\/tr>\n<tr>\n<td>Tipo de tomas nema 5-15r (8)<\/td>\n<\/tr>\n<tr>\n<td>Factor de potencia calificado 0.9<\/td>\n<\/tr>\n<tr>\n<td>Factor de cresta 3:01<\/td>\n<\/tr>\n<tr>\n<td>Distorsion armonica thd   3% a carga lineal, thd   5% a carga no lineal<\/td>\n<\/tr>\n<tr>\n<td>Regulacion de voltaje modo eco \u00b110%, \u00b115% (configurable)<\/td>\n<\/tr>\n<tr>\n<td>Bypass (desvio) desvio interno (automatico y manual)<\/td>\n<\/tr>\n<tr>\n<td>Tiempo de transferencia 0ms<\/td>\n<\/tr>\n<tr>\n<td>Bateria<\/td>\n<\/tr>\n<tr>\n<td>Tiempo respaldo media carga (min) 9<\/td>\n<\/tr>\n<tr>\n<td>Tiempo respaldo carga completa (min) 3<\/td>\n<\/tr>\n<tr>\n<td>Tipo de bateria plomo acido selladas<\/td>\n<\/tr>\n<tr>\n<td>Tamano de bateria 12v\/9ah<\/td>\n<\/tr>\n<tr>\n<td>Reemplazable por usuario si<\/td>\n<\/tr>\n<tr>\n<td>Cambio en caliente si<\/td>\n<\/tr>\n<tr>\n<td>Tiempo de recarga tipico 5 horas<\/td>\n<\/tr>\n<tr>\n<td>Bateria de reemplazo rb1290x3<\/td>\n<\/tr>\n<tr>\n<td>Cantidad de baterias 3<\/td>\n<\/tr>\n<tr>\n<td>Modulo de baterias extendidas bp36v60art2u<\/td>\n<\/tr>\n<tr>\n<td>Modo de manejo de baterias inteligentes (smb) si<\/td>\n<\/tr>\n<tr>\n<td>Proteccion de picos y filtros<\/td>\n<\/tr>\n<tr>\n<td>Supresion de picos proteccion de picos grado de red<\/td>\n<\/tr>\n<tr>\n<td>Tel \/ ethernet rj11 \/ rj45 1-entrada, 1-salida (combo)<\/td>\n<\/tr>\n<tr>\n<td>Filtracion emi\/rfi si<\/td>\n<\/tr>\n<tr>\n<td>Administracion y comunicaciones<\/td>\n<\/tr>\n<tr>\n<td>Panel de control lcd 43 diferentes ajustes u opciones de estatus via menu estatus del ups, setup menu, y menus de pruebas.<\/td>\n<\/tr>\n<tr>\n<td>Opcion de panel lcd rotable si<\/td>\n<\/tr>\n<tr>\n<td>Opcion de panel lcd removible si &#8211; requiere un cable db26 por separado<\/td>\n<\/tr>\n<tr>\n<td>Puerto hid usb si<\/td>\n<\/tr>\n<tr>\n<td>Puerto serial si<\/td>\n<\/tr>\n<tr>\n<td>Puerto epo si<\/td>\n<\/tr>\n<tr>\n<td>Contactos en seco si<\/td>\n<\/tr>\n<tr>\n<td>Indicadores led<\/td>\n<\/tr>\n<tr>\n<td>Encendido (azul), modo en linea (verde), modo bateria (amarillo), modo desvio (amarillo), falla (rojo), reemplazar bateria (rojo)<\/td>\n<\/tr>\n<tr>\n<td>Alarmas audibles modo bateria, bateria baja, sobrecarga, falla ups, reemplazar bateria<\/td>\n<\/tr>\n<tr>\n<td>Software powerpanel business edition<\/td>\n<\/tr>\n<tr>\n<td>Administracion remota snmp \/ http si &#8211; opcional rmcard302<\/td>\n<\/tr>\n<tr>\n<td>Fisico<\/td>\n<\/tr>\n<tr>\n<td>Tamano de rack 2u<\/td>\n<\/tr>\n<tr>\n<td>Factor de forma rack\/torre<\/td>\n<\/tr>\n<tr>\n<td>Construccion de gabinete acero<\/td>\n<\/tr>\n<tr>\n<td>Montaje de hardware incluido<\/td>\n<\/tr>\n<tr>\n<td>Dimensiones (wxhxd) (pulgadas) 17 x 3.5 x 16.9<\/td>\n<\/tr>\n<tr>\n<td>Dimensiones (wxhxd) (mm.) 433 x 88 x 430<\/td>\n<\/tr>\n<tr>\n<td>Peso (lbs.) 39.6<\/td>\n<\/tr>\n<tr>\n<td>Peso (kg.) 18<\/td>\n<\/tr>\n<tr>\n<td>Dimensiones transporte (wxhxd) (in.) 21.65 x 9.45 x 23.23<\/td>\n<\/tr>\n<tr>\n<td>Dimensiones transporte (wxhxd) (mm.) 550 x 240 x 590<\/td>\n<\/tr>\n<tr>\n<td>Peso transporte (lbs.) 53.9<\/td>\n<\/tr>\n<tr>\n<td>Peso transporte (kg.) 24.4<\/td>\n<\/tr>\n<tr>\n<td>Ambiente<\/td>\n<\/tr>\n<tr>\n<td>Temperatura de operacion 32 grados f a 104 grados  f \/ 0 grados c a 40 grados c<\/td>\n<\/tr>\n<tr>\n<td>Humedad de operacion 0% &#8211; 90% sin condensacion<\/td>\n<\/tr>\n<tr>\n<td>Elevacion de operacion 0-10000 pies (0-3000 metros)<\/td>\n<\/tr>\n<tr>\n<td>Temperatura almacenaje 5 grados f a 113 grados f \/ -15 grados c a 45 grados c<\/td>\n<\/tr>\n<tr>\n<td>Humedad relativa de almacenaje 0% &#8211; 95% sin condensacion<\/td>\n<\/tr>\n<tr>\n<td>Elevacion de almacenaje 0-50000 pies (0-15000 metros)<\/td>\n<\/tr>\n<tr>\n<td>Disipacion termica en linea 750 btu\/hr<\/td>\n<\/tr>\n<tr>\n<td>Ruido audible a 1.5m de la superficie de la unidad  50 dba<\/td>\n<\/tr>\n<tr>\n<td>Certificaciones ul1778, csa c22.2 no.107.3-05, fcc doc clase a, nom<\/td>\n<\/tr>\n<tr>\n<td>Rohs si<\/td>\n<\/tr>\n<tr>\n<td>Garantia de producto 3 anos en equipo y bateria<\/td>\n<\/tr>\n<\/table>\n","protected":false},"excerpt":{"rendered":"<p>Ups (no breaks) true online de doble conversion con cero tiempo de transferencia. Salida onda senoidal pura. Convertible torre\/rack  2u. Disenados para aplicaciones de redes corporativas.  Paquetes de baterias adicionales disponibles. Capacidad de administracion remota http\/snmp. Software de administracion powerpanel business edition. Gabinete de metal solido.  3 anos de garantia en baterias y componentes.<\/p>\n","protected":false},"featured_media":218018,"comment_status":"open","ping_status":"open","template":"","meta":[],"product_cat":[1508,1691],"product_tag":[1692],"acf":[],"yoast_head":"<!-- This site is optimized with the Yoast SEO plugin v21.7 - https:\/\/yoast.com\/wordpress\/plugins\/seo\/ -->\n<title>[ Cyberpower ] &#129351; Ol1500rtxl2u No Break \/ Ups Online Va1500 Watts 1350 Rack O Torre 3 A\u00f1os De Garantia En Pila Y Equipo<\/title>\n<meta name=\"description\" content=\"Compra Ol1500rtxl2u No Break \/ Ups Online Va1500 Watts 1350 Rack O Torre 3 A\u00f1os De Garantia En Pila Y Equipo + Env\u00edo a domicilio + Pago seguro + Garant\u00eda\" \/>\n<meta name=\"robots\" content=\"index, follow, max-snippet:-1, max-image-preview:large, max-video-preview:-1\" \/>\n<link rel=\"canonical\" href=\"https:\/\/compuviper.mx\/tienda\/producto\/cyberpower-ol1500rtxl2u-no-break-ups-online-va1500-watts-1350-rack-o-torre-3-aos-de-garantia-en-pila-y-equipo\/\" \/>\n<meta property=\"og:locale\" content=\"es_MX\" \/>\n<meta property=\"og:type\" content=\"article\" \/>\n<meta property=\"og:title\" content=\"[ Cyberpower ] &#129351; Ol1500rtxl2u No Break \/ Ups Online Va1500 Watts 1350 Rack O Torre 3 A\u00f1os De Garantia En Pila Y Equipo\" \/>\n<meta property=\"og:description\" content=\"Compra Ol1500rtxl2u No Break \/ Ups Online Va1500 Watts 1350 Rack O Torre 3 A\u00f1os De Garantia En Pila Y Equipo + Env\u00edo a domicilio + Pago seguro + Garant\u00eda\" \/>\n<meta property=\"og:url\" content=\"https:\/\/compuviper.mx\/tienda\/producto\/cyberpower-ol1500rtxl2u-no-break-ups-online-va1500-watts-1350-rack-o-torre-3-aos-de-garantia-en-pila-y-equipo\/\" \/>\n<meta property=\"og:site_name\" content=\"Compuviper\" \/>\n<meta property=\"article:publisher\" content=\"https:\/\/www.facebook.com\/compuviper\" \/>\n<meta property=\"og:image\" content=\"https:\/\/compuviper.mx\/tienda\/wp-content\/uploads\/2023\/12\/No-break-ups-cyberpower-online-va1500-watts-1350-rack-o-torre-3-anos-de-garantia-en-pila-y-equipo.jpg\" \/>\n\t<meta property=\"og:image:width\" content=\"200\" \/>\n\t<meta property=\"og:image:height\" content=\"200\" \/>\n\t<meta property=\"og:image:type\" content=\"image\/jpeg\" \/>\n<meta name=\"twitter:card\" content=\"summary_large_image\" \/>\n<meta name=\"twitter:label1\" content=\"Precio\" \/>\n\t<meta name=\"twitter:data1\" content=\"&#36;19,183 con IVA\" \/>\n\t<meta name=\"twitter:label2\" content=\"Availability\" \/>\n\t<meta name=\"twitter:data2\" content=\"Out of stock\" \/>\n<script type=\"application\/ld+json\" class=\"yoast-schema-graph\">{\"@context\":\"https:\/\/schema.org\",\"@graph\":[{\"@type\":\"WebPage\",\"@id\":\"https:\/\/compuviper.mx\/tienda\/producto\/cyberpower-ol1500rtxl2u-no-break-ups-online-va1500-watts-1350-rack-o-torre-3-aos-de-garantia-en-pila-y-equipo\/\",\"url\":\"https:\/\/compuviper.mx\/tienda\/producto\/cyberpower-ol1500rtxl2u-no-break-ups-online-va1500-watts-1350-rack-o-torre-3-aos-de-garantia-en-pila-y-equipo\/\",\"name\":\"[ Cyberpower ] &#129351; Ol1500rtxl2u No Break \/ Ups Online Va1500 Watts 1350 Rack O Torre 3 A\u00f1os De Garantia En Pila Y Equipo\",\"isPartOf\":{\"@id\":\"https:\/\/compuviper.mx\/tienda\/#website\"},\"datePublished\":\"2026-04-07T06:32:32+00:00\",\"dateModified\":\"2026-04-07T06:32:32+00:00\",\"description\":\"Compra Ol1500rtxl2u No Break \/ Ups Online Va1500 Watts 1350 Rack O Torre 3 A\u00f1os De Garantia En Pila Y Equipo + Env\u00edo a domicilio + Pago seguro + Garant\u00eda\",\"breadcrumb\":{\"@id\":\"https:\/\/compuviper.mx\/tienda\/producto\/cyberpower-ol1500rtxl2u-no-break-ups-online-va1500-watts-1350-rack-o-torre-3-aos-de-garantia-en-pila-y-equipo\/#breadcrumb\"},\"inLanguage\":\"es-MX\",\"potentialAction\":[{\"@type\":\"ReadAction\",\"target\":[\"https:\/\/compuviper.mx\/tienda\/producto\/cyberpower-ol1500rtxl2u-no-break-ups-online-va1500-watts-1350-rack-o-torre-3-aos-de-garantia-en-pila-y-equipo\/\"]}]},{\"@type\":\"BreadcrumbList\",\"@id\":\"https:\/\/compuviper.mx\/tienda\/producto\/cyberpower-ol1500rtxl2u-no-break-ups-online-va1500-watts-1350-rack-o-torre-3-aos-de-garantia-en-pila-y-equipo\/#breadcrumb\",\"itemListElement\":[{\"@type\":\"ListItem\",\"position\":1,\"name\":\"Inicio\",\"item\":\"https:\/\/compuviper.mx\/tienda\/\"},{\"@type\":\"ListItem\",\"position\":2,\"name\":\"Productos\",\"item\":\"https:\/\/compuviper.mx\/tienda\/productos\/\"},{\"@type\":\"ListItem\",\"position\":3,\"name\":\"Energia\",\"item\":\"https:\/\/compuviper.mx\/tienda\/categoria-producto\/energia\/\"},{\"@type\":\"ListItem\",\"position\":4,\"name\":\"No Break\",\"item\":\"https:\/\/compuviper.mx\/tienda\/categoria-producto\/energia\/no-break\/\"},{\"@type\":\"ListItem\",\"position\":5,\"name\":\"Cyberpower Ol1500rtxl2u No Break \/ Ups Online Va1500 Watts 1350 Rack O Torre 3 A?os De Garantia En Pila Y Equipo\"}]},{\"@type\":\"WebSite\",\"@id\":\"https:\/\/compuviper.mx\/tienda\/#website\",\"url\":\"https:\/\/compuviper.mx\/tienda\/\",\"name\":\"Compuviper\",\"description\":\"Proveedor de Computadoras, Laptops, Servidores, Monitores, Puntos de Venta, Teclados,   Impresoras, T\u00f3ner, C\u00e1maras de Seguridad y m\u00e1s en tu tienda en l\u00ednea\",\"publisher\":{\"@id\":\"https:\/\/compuviper.mx\/tienda\/#organization\"},\"potentialAction\":[{\"@type\":\"SearchAction\",\"target\":{\"@type\":\"EntryPoint\",\"urlTemplate\":\"https:\/\/compuviper.mx\/tienda\/?s={search_term_string}\"},\"query-input\":\"required name=search_term_string\"}],\"inLanguage\":\"es-MX\"},{\"@type\":\"Organization\",\"@id\":\"https:\/\/compuviper.mx\/tienda\/#organization\",\"name\":\"Compuviper\",\"url\":\"https:\/\/compuviper.mx\/tienda\/\",\"logo\":{\"@type\":\"ImageObject\",\"inLanguage\":\"es-MX\",\"@id\":\"https:\/\/compuviper.mx\/tienda\/#\/schema\/logo\/image\/\",\"url\":\"https:\/\/compuviper.mx\/tienda\/wp-content\/uploads\/2021\/08\/Logo-Compuviper-10.png\",\"contentUrl\":\"https:\/\/compuviper.mx\/tienda\/wp-content\/uploads\/2021\/08\/Logo-Compuviper-10.png\",\"width\":1000,\"height\":500,\"caption\":\"Compuviper\"},\"image\":{\"@id\":\"https:\/\/compuviper.mx\/tienda\/#\/schema\/logo\/image\/\"},\"sameAs\":[\"https:\/\/www.facebook.com\/compuviper\",\"https:\/\/www.youtube.com\/channel\/UCf73dERp9Y3cfOq7q8BhLjA?view_as=subscriber\"]}]}<\/script>\n<meta property=\"product:brand\" content=\"CYBERPOWER\" \/>\n<meta property=\"product:price:amount\" content=\"19183\" \/>\n<meta property=\"product:price:currency\" content=\"MXN\" \/>\n<meta property=\"og:availability\" content=\"out of stock\" \/>\n<meta property=\"product:availability\" content=\"out of stock\" \/>\n<meta property=\"product:retailer_item_id\" content=\"OL1500RTXL2U\" \/>\n<meta property=\"product:condition\" content=\"new\" \/>\n<!-- \/ Yoast SEO plugin. -->","yoast_head_json":{"title":"[ Cyberpower ] &#129351; Ol1500rtxl2u No Break \/ Ups Online Va1500 Watts 1350 Rack O Torre 3 A\u00f1os De Garantia En Pila Y Equipo","description":"Compra Ol1500rtxl2u No Break \/ Ups Online Va1500 Watts 1350 Rack O Torre 3 A\u00f1os De Garantia En Pila Y Equipo + Env\u00edo a domicilio + Pago seguro + Garant\u00eda","robots":{"index":"index","follow":"follow","max-snippet":"max-snippet:-1","max-image-preview":"max-image-preview:large","max-video-preview":"max-video-preview:-1"},"canonical":"https:\/\/compuviper.mx\/tienda\/producto\/cyberpower-ol1500rtxl2u-no-break-ups-online-va1500-watts-1350-rack-o-torre-3-aos-de-garantia-en-pila-y-equipo\/","og_locale":"es_MX","og_type":"article","og_title":"[ Cyberpower ] &#129351; Ol1500rtxl2u No Break \/ Ups Online Va1500 Watts 1350 Rack O Torre 3 A\u00f1os De Garantia En Pila Y Equipo","og_description":"Compra Ol1500rtxl2u No Break \/ Ups Online Va1500 Watts 1350 Rack O Torre 3 A\u00f1os De Garantia En Pila Y Equipo + Env\u00edo a domicilio + Pago seguro + Garant\u00eda","og_url":"https:\/\/compuviper.mx\/tienda\/producto\/cyberpower-ol1500rtxl2u-no-break-ups-online-va1500-watts-1350-rack-o-torre-3-aos-de-garantia-en-pila-y-equipo\/","og_site_name":"Compuviper","article_publisher":"https:\/\/www.facebook.com\/compuviper","og_image":[{"width":200,"height":200,"url":"https:\/\/compuviper.mx\/tienda\/wp-content\/uploads\/2023\/12\/No-break-ups-cyberpower-online-va1500-watts-1350-rack-o-torre-3-anos-de-garantia-en-pila-y-equipo.jpg","type":"image\/jpeg"}],"twitter_card":"summary_large_image","twitter_misc":{"Precio":"&#36;19,183 con IVA","Availability":"Out of stock"},"schema":{"@context":"https:\/\/schema.org","@graph":[{"@type":"WebPage","@id":"https:\/\/compuviper.mx\/tienda\/producto\/cyberpower-ol1500rtxl2u-no-break-ups-online-va1500-watts-1350-rack-o-torre-3-aos-de-garantia-en-pila-y-equipo\/","url":"https:\/\/compuviper.mx\/tienda\/producto\/cyberpower-ol1500rtxl2u-no-break-ups-online-va1500-watts-1350-rack-o-torre-3-aos-de-garantia-en-pila-y-equipo\/","name":"[ Cyberpower ] &#129351; Ol1500rtxl2u No Break \/ Ups Online Va1500 Watts 1350 Rack O Torre 3 A\u00f1os De Garantia En Pila Y Equipo","isPartOf":{"@id":"https:\/\/compuviper.mx\/tienda\/#website"},"datePublished":"2026-04-07T06:32:32+00:00","dateModified":"2026-04-07T06:32:32+00:00","description":"Compra Ol1500rtxl2u No Break \/ Ups Online Va1500 Watts 1350 Rack O Torre 3 A\u00f1os De Garantia En Pila Y Equipo + Env\u00edo a domicilio + Pago seguro + Garant\u00eda","breadcrumb":{"@id":"https:\/\/compuviper.mx\/tienda\/producto\/cyberpower-ol1500rtxl2u-no-break-ups-online-va1500-watts-1350-rack-o-torre-3-aos-de-garantia-en-pila-y-equipo\/#breadcrumb"},"inLanguage":"es-MX","potentialAction":[{"@type":"ReadAction","target":["https:\/\/compuviper.mx\/tienda\/producto\/cyberpower-ol1500rtxl2u-no-break-ups-online-va1500-watts-1350-rack-o-torre-3-aos-de-garantia-en-pila-y-equipo\/"]}]},{"@type":"BreadcrumbList","@id":"https:\/\/compuviper.mx\/tienda\/producto\/cyberpower-ol1500rtxl2u-no-break-ups-online-va1500-watts-1350-rack-o-torre-3-aos-de-garantia-en-pila-y-equipo\/#breadcrumb","itemListElement":[{"@type":"ListItem","position":1,"name":"Inicio","item":"https:\/\/compuviper.mx\/tienda\/"},{"@type":"ListItem","position":2,"name":"Productos","item":"https:\/\/compuviper.mx\/tienda\/productos\/"},{"@type":"ListItem","position":3,"name":"Energia","item":"https:\/\/compuviper.mx\/tienda\/categoria-producto\/energia\/"},{"@type":"ListItem","position":4,"name":"No Break","item":"https:\/\/compuviper.mx\/tienda\/categoria-producto\/energia\/no-break\/"},{"@type":"ListItem","position":5,"name":"Cyberpower Ol1500rtxl2u No Break \/ Ups Online Va1500 Watts 1350 Rack O Torre 3 A?os De Garantia En Pila Y Equipo"}]},{"@type":"WebSite","@id":"https:\/\/compuviper.mx\/tienda\/#website","url":"https:\/\/compuviper.mx\/tienda\/","name":"Compuviper","description":"Proveedor de Computadoras, Laptops, Servidores, Monitores, Puntos de Venta, Teclados,   Impresoras, T\u00f3ner, C\u00e1maras de Seguridad y m\u00e1s en tu tienda en l\u00ednea","publisher":{"@id":"https:\/\/compuviper.mx\/tienda\/#organization"},"potentialAction":[{"@type":"SearchAction","target":{"@type":"EntryPoint","urlTemplate":"https:\/\/compuviper.mx\/tienda\/?s={search_term_string}"},"query-input":"required name=search_term_string"}],"inLanguage":"es-MX"},{"@type":"Organization","@id":"https:\/\/compuviper.mx\/tienda\/#organization","name":"Compuviper","url":"https:\/\/compuviper.mx\/tienda\/","logo":{"@type":"ImageObject","inLanguage":"es-MX","@id":"https:\/\/compuviper.mx\/tienda\/#\/schema\/logo\/image\/","url":"https:\/\/compuviper.mx\/tienda\/wp-content\/uploads\/2021\/08\/Logo-Compuviper-10.png","contentUrl":"https:\/\/compuviper.mx\/tienda\/wp-content\/uploads\/2021\/08\/Logo-Compuviper-10.png","width":1000,"height":500,"caption":"Compuviper"},"image":{"@id":"https:\/\/compuviper.mx\/tienda\/#\/schema\/logo\/image\/"},"sameAs":["https:\/\/www.facebook.com\/compuviper","https:\/\/www.youtube.com\/channel\/UCf73dERp9Y3cfOq7q8BhLjA?view_as=subscriber"]}]},"product_brand":"CYBERPOWER","product_price_amount":"19183","product_price_currency":"MXN","og_availability":"out of stock","product_availability":"out of stock","product_retailer_item_id":"OL1500RTXL2U","product_condition":"new"},"_links":{"self":[{"href":"https:\/\/compuviper.mx\/tienda\/wp-json\/wp\/v2\/product\/218017"}],"collection":[{"href":"https:\/\/compuviper.mx\/tienda\/wp-json\/wp\/v2\/product"}],"about":[{"href":"https:\/\/compuviper.mx\/tienda\/wp-json\/wp\/v2\/types\/product"}],"replies":[{"embeddable":true,"href":"https:\/\/compuviper.mx\/tienda\/wp-json\/wp\/v2\/comments?post=218017"}],"wp:featuredmedia":[{"embeddable":true,"href":"https:\/\/compuviper.mx\/tienda\/wp-json\/wp\/v2\/media\/218018"}],"wp:attachment":[{"href":"https:\/\/compuviper.mx\/tienda\/wp-json\/wp\/v2\/media?parent=218017"}],"wp:term":[{"taxonomy":"product_cat","embeddable":true,"href":"https:\/\/compuviper.mx\/tienda\/wp-json\/wp\/v2\/product_cat?post=218017"},{"taxonomy":"product_tag","embeddable":true,"href":"https:\/\/compuviper.mx\/tienda\/wp-json\/wp\/v2\/product_tag?post=218017"}],"curies":[{"name":"wp","href":"https:\/\/api.w.org\/{rel}","templated":true}]}}