{"id":218013,"date":"2026-04-02T00:34:05","date_gmt":"2026-04-02T06:34:05","guid":{"rendered":"https:\/\/compuviper.mx\/tienda\/producto\/tripp-lite-smart1000lcd-nobreak-500-watts-120v-8cont-5-15r-tel-dsl-coaxial\/"},"modified":"2026-04-02T00:34:05","modified_gmt":"2026-04-02T06:34:05","slug":"tripp-lite-smart1000lcd-nobreak-500-watts-120v-8cont-5-15r-tel-dsl-coaxial","status":"publish","type":"product","link":"https:\/\/compuviper.mx\/tienda\/producto\/tripp-lite-smart1000lcd-nobreak-500-watts-120v-8cont-5-15r-tel-dsl-coaxial\/","title":{"rendered":"Tripp-lite Smart1000lcd Nobreak  , 500 Watts \/\/ 120v \/\/ 8cont 5\/15r, Tel\/dsl\/coaxial,"},"content":{"rendered":"<table class=\"descripcion\">\n<tr>\n<td>Salida<\/td>\n<\/tr>\n<tr>\n<td>Capacidad de salida voltios amperios (va):1000<\/td>\n<\/tr>\n<tr>\n<td>Capacidad de salida vatios (watts): 500<\/td>\n<\/tr>\n<tr>\n<td>Tension(es) nominal de salida soportada: 115v; 120v<\/td>\n<\/tr>\n<tr>\n<td>Compatibilidad de frecuencia: 60 hz<\/td>\n<\/tr>\n<tr>\n<td>Regulacion del voltaje de salida (modo bateria): 115v (+\/- 5%)<\/td>\n<\/tr>\n<tr>\n<td>Receptaculos de salida integrados del ups: 8 tomacorriente(s) 5-15r<\/td>\n<\/tr>\n<tr>\n<td>Tomacorrientes con supresion de sobretensiones unicamente:<\/td>\n<\/tr>\n<tr>\n<td>4 tomacorrientes ups, 4 tomacorrientes de sobretensi\u00f3n \u00fanicamente<\/td>\n<\/tr>\n<tr>\n<td>Forma de onda a la salida (en modo l\u00ednea): onda sinusoidal<\/td>\n<\/tr>\n<tr>\n<td>Forma de onda de ca de salida (modo de bater\u00eda): onda sinusoidal pwm<\/td>\n<\/tr>\n<tr>\n<td>Entrada<\/td>\n<\/tr>\n<tr>\n<td>Corriente de entrada clasificada (a carga m\u00e1xima): 12a<\/td>\n<\/tr>\n<tr>\n<td>Voltaje(s) nominal(es) de entrada soportado(s): 120v ca<\/td>\n<\/tr>\n<tr>\n<td>Tipo de conexi\u00f3n de entrada del ups: 5-15p<\/td>\n<\/tr>\n<tr>\n<td>Longitud del cable de entrada del ups (pies): 6 pies \/ 1,8 m<\/td>\n<\/tr>\n<tr>\n<td>Longitud del cable de entrada del ups (m): 1.8<\/td>\n<\/tr>\n<tr>\n<td>Servicio el\u00e9ctrico recomendado: 120v 15a<\/td>\n<\/tr>\n<tr>\n<td>Bater\u00eda<\/td>\n<\/tr>\n<tr>\n<td>Autonom\u00eda con carga completa (minutos): 3 min. (500w)<\/td>\n<\/tr>\n<tr>\n<td>Autonom\u00eda con media carga (minutos): 10 min. (250w)<\/td>\n<\/tr>\n<tr>\n<td>Voltaje de sistema de cd (vcd): 12<\/td>\n<\/tr>\n<tr>\n<td>Velocidad de recarga de la bater\u00eda (bater\u00edas inclu\u00eddas): menos de 20 horas desde el 10% hasta el 90%.<\/td>\n<\/tr>\n<tr>\n<td>Cartucho de bater\u00eda de repuesto (bater\u00eda interna del ups): rbc51<\/td>\n<\/tr>\n<tr>\n<td>Acceso a la bater\u00eda: puerta de acceso a la bater\u00eda<\/td>\n<\/tr>\n<tr>\n<td>Descripci\u00f3n de reemplazo de bater\u00eda: bater\u00edas que se pueden cambiar en operaci\u00f3n y reemplazables por el usuario<\/td>\n<\/tr>\n<tr>\n<td>Regulaci\u00f3n de voltaje<\/td>\n<\/tr>\n<tr>\n<td>Descripci\u00f3n de la regulaci\u00f3n de tensi\u00f3n:<\/td>\n<\/tr>\n<tr>\n<td>La regulaci\u00f3n de tensi\u00f3n interactiva corrige las ca\u00eddas de tensi\u00f3n de hasta 89v y las vuelve valores utilizables.<\/td>\n<\/tr>\n<tr>\n<td>Correcci\u00f3n de baja tensi\u00f3n: las tensiones de entrada entre 89 y 104 se elevan en un 14%.<\/td>\n<\/tr>\n<tr>\n<td>Alarmas de led e interruptores<\/td>\n<\/tr>\n<tr>\n<td>Indicadores led: pantalla lcd del panel frontal<\/td>\n<\/tr>\n<tr>\n<td>Pantalla lcd del panel frontal:<\/td>\n<\/tr>\n<tr>\n<td>La pantalla lcd con luz de fondo indica el voltaje de entrada, el nivel de carga de la bater\u00eda de 5 barras, sobrecarga, avr, estado de operaci\u00f3n a bater\u00eda y reemplazar bater\u00eda; la pantalla lcd se puede rotar para visualizaci\u00f3n en rack\/torre<\/td>\n<\/tr>\n<tr>\n<td>Alarmas: alarma sonora con 15 segundos de retraso que indica la p\u00e9rdida de energ\u00eda de la red p\u00fablica. la alarma se puede silenciar pulsando el bot\u00f3n del panel frontal para cancelarla. una vez silenciada, volver\u00e1 a sonar cuando queden aproximadamente 2 minutos de funcionamiento.<\/td>\n<\/tr>\n<tr>\n<td>Operacion para cancelar (silenciar) la alarma audible:<\/td>\n<\/tr>\n<tr>\n<td>La alarma de falla del suministro el\u00e9ctrico se puede silenciar utilizando el interruptor de cancelaci\u00f3n de alarma; una vez silenciada, la alarma volver\u00e1 a emitir sonido para indicar el estado de bater\u00eda baja<\/td>\n<\/tr>\n<tr>\n<td>Interruptores (botones):<\/td>\n<\/tr>\n<tr>\n<td>2 interruptores controlan el estado de energ\u00eda apagado\/encendido y cancelaci\u00f3n de alarma\/operaci\u00f3n del autotest, el interruptor para graduaci\u00f3n de luz controla el brillo del lcd<\/td>\n<\/tr>\n<tr>\n<td>Supresi\u00f3n de sobrecarga \/ ruido<\/td>\n<\/tr>\n<tr>\n<td>Valor nominal de joules de supresi\u00f3n ca del ups: 1038<\/td>\n<\/tr>\n<tr>\n<td>Tiempo de respuesta de supresi\u00f3n de ca del ups: instant\u00e1neo<\/td>\n<\/tr>\n<tr>\n<td>Supresi\u00f3n de l\u00ednea de datos del ups: 1 l\u00ednea tel\/dsl (1 entrada \/ 1 salida); enchufes coaxiales (1 juego)<\/td>\n<\/tr>\n<tr>\n<td>Supresi\u00f3n de ruido ca emi \/ rfi: s\u00ed<\/td>\n<\/tr>\n<tr>\n<td>F\u00edsicas<\/td>\n<\/tr>\n<tr>\n<td>Factores de forma de instalaci\u00f3n compatible con: torre<\/td>\n<\/tr>\n<tr>\n<td>Factor de forma principal: torre<\/td>\n<\/tr>\n<tr>\n<td>Dimensiones de ups \/ m\u00f3dulo de energ\u00eda en factorde forma primaria: 12 x 3.7 x 7.2 30.5 x 9.4 x 18.3<\/td>\n<\/tr>\n<tr>\n<td>Factor de forma secundario: colocaci\u00f3n horizontal en el escritorio<\/td>\n<\/tr>\n<tr>\n<td>Installed whole system dimensions in secondary for: 3.7 x 12 x 7.2<\/td>\n<\/tr>\n<tr>\n<td>Dimensiones de ups en factor de forma secundaria: (altura x ancho x profundidad \/ cm)<\/td>\n<\/tr>\n<tr>\n<td>9.4 x 30.5 x 18.3<\/td>\n<\/tr>\n<tr>\n<td>Ups \/ peso del m\u00f3dulo el\u00e9ctrico (libras): 15.5<\/td>\n<\/tr>\n<tr>\n<td>Ups \/ peso del m\u00f3dulo el\u00e9ctrico (kilogramos): 7<\/td>\n<\/tr>\n<tr>\n<td>Dimensiones de envio del ups (al x an x pr \/ pulgadas):10.4 x 15.6 x 4.8<\/td>\n<\/tr>\n<tr>\n<td>Dimensiones de env\u00edo de ups (alto x ancho x profundidad): 26.5 x 39.5 x 12.3<\/td>\n<\/tr>\n<tr>\n<td>Peso de env\u00edo (lb): 15,8<\/td>\n<\/tr>\n<tr>\n<td>Peso de env\u00edo (kg): 7,1<\/td>\n<\/tr>\n<tr>\n<td>Material de la carcasa ups: abs<\/td>\n<\/tr>\n<tr>\n<td>M\u00e9todo de enfriamiento: convecci\u00f3n<\/td>\n<\/tr>\n<tr>\n<td>Dimensiones del sistema completo instalado installed en factor de forma secundario (alto x<\/td>\n<\/tr>\n<tr>\n<td>Ancho x profundidad \/ cm): 9.4 x 30.5 x 18.3<\/td>\n<\/tr>\n<tr>\n<td>Ambientales<\/td>\n<\/tr>\n<tr>\n<td>Rango de temperatura operativa: +32 \u00baf a +104 \u00baf \/ 0 \u00bac a +40 \u00bac.<\/td>\n<\/tr>\n<tr>\n<td>Rango de temperatura de almacenamiento: +5 \u00baf a +122 \u00baf \/ -15 \u00bac a +50 \u00bac.<\/td>\n<\/tr>\n<tr>\n<td>Humedad relativa 0 a 95%, sin condensaci\u00f3n.<\/td>\n<\/tr>\n<tr>\n<td>Ca modo btu \/ hr. (carga completa): 31<\/td>\n<\/tr>\n<tr>\n<td>Comunicaciones<\/td>\n<\/tr>\n<tr>\n<td>Interfaz de comunicaciones: usb (hid habilitado)<\/td>\n<\/tr>\n<tr>\n<td>Software poweralert de tripp lite: descarga gratuita desde www.tripplite.com<\/td>\n<\/tr>\n<tr>\n<td>Cable de comunicaci\u00f3n: cable usb inclu\u00eddo<\/td>\n<\/tr>\n<tr>\n<td>Compatibilidad con watchdog:<\/td>\n<\/tr>\n<tr>\n<td>S\u00ed, es compatible con el servicio del sistema watchdog de tripp lite para restablecer el funcionamiento de un equipo bloqueado mediante el reinicio por software de la aplicaci\u00f3n\/os o mediante el apagado y encendido del equipo conectado; ideal para las aplicaciones de puestos sin supervisi\u00f3n.<\/td>\n<\/tr>\n<tr>\n<td>Tiempo de transferencia l\u00ednea \/ bater\u00eda<\/td>\n<\/tr>\n<tr>\n<td>Tiempo de transferencia: 3 conmutaci\u00f3n<\/td>\n<\/tr>\n<tr>\n<td>Transferencia de baja tensi\u00f3n a la energ\u00eda de la bater\u00eda:89<\/td>\n<\/tr>\n<tr>\n<td>Transferencia de alta tension a la energia de la bateria (setpoint):139<\/td>\n<\/tr>\n<tr>\n<td>Funciones especiales<\/td>\n<\/tr>\n<tr>\n<td>Arranque en fr\u00edo (puesta en march en modo bater\u00eda): soporta el funcionamiento con arranque en fr\u00edo.<\/td>\n<\/tr>\n<tr>\n<td>Caracter\u00edsticas ecol\u00f3gicas y alta eficiencia: mayor a 95% de eficiencia &#8211; ups ecol\u00f3gico<\/td>\n<\/tr>\n<tr>\n<td>Certificaciones<\/td>\n<\/tr>\n<tr>\n<td>Certificaciones del ups:<\/td>\n<\/tr>\n<tr>\n<td>Probado conforme a ul1778 (ee. uu.); probado conforme a csa (canad\u00e1); probado conforme a nom (m\u00e9xico); cumple con fcc parte 15 clase b (emi)<\/td>\n<\/tr>\n<tr>\n<td>Garantia<\/td>\n<\/tr>\n<tr>\n<td>Periodo de garant\u00eda del producto (m\u00e9xico):<\/td>\n<\/tr>\n<tr>\n<td>Garant\u00eda limitada de 3 a\u00f1os<\/td>\n<\/tr>\n<\/table>\n","protected":false},"excerpt":{"rendered":"<p>Sistema ups smart1000lcd de tripp lite; digital interactivo ofrece regulaci\u00f3n de voltaje, supresi\u00f3n de sobretensiones y soporte de bater\u00eda duradero para computadoras personales, estaciones de trabajo de red, sistemas de entretenimiento en el hogar y centros multimedia. Los circuitos internos del ups admiten hasta 60 minutos de funcionamiento de computadoras personales de nivel b\u00e1sico \u00f3 3 horas de funcionamiento de componentes individuales de vcr\/dvr durante fallas del suministro el\u00e9ctrico. Evita la p\u00e9rdida de datos, las interrupciones mientras visualiza algo, la p\u00e9rdida de grabaciones y de programaci\u00f3n de componentes. Los circuitos de regulaci\u00f3n autom\u00e1tica de voltaje regulan las ca\u00eddas de voltaje de hasta 89 v a niveles utilizables sin consumir energ\u00eda de la bater\u00eda. Ofrece protecci\u00f3n de energ\u00eda completa en una atractiva configuraci\u00f3n en torre de color negro. Incluye 4 tomacorrientes soportados por la bater\u00eda y 4 tomacorrientes adicionales s\u00f3lo para supresi\u00f3n de sobretensiones para dispositivos que no requieren soporte de bater\u00eda. Clavija de entrada 5-15p en \u00e1ngulo recto para ahorrar espacio. El puerto usb permite el cierre sin supervisi\u00f3n del sistema en forma opcional, sin p\u00e9rdida de datos en el caso de fallas prolongadas del suministro el\u00e9ctrico; cable usb incluido.  El software poweralert se puede descargar en forma gratuita de www.Tripplite.Com. Interfaz usb compatible con hid permite la integraci\u00f3n total con las funciones incorporadas de administraci\u00f3n de energ\u00eda y de apagado autom\u00e1tico de windows y mac os x. La especificaci\u00f3n de eficiencia a plena carga del 98% ofrece ahorros de energ\u00eda y bajas temperaturas de operaci\u00f3n. Los enchufes rj11 hembra integrados para supresi\u00f3n de una sola l\u00ednea telef\u00f3nica protegen m\u00f3dem, receptor satelital u otro perif\u00e9rico conectado a una l\u00ednea telef\u00f3nica o dsl est\u00e1ndar. Juego de enchufes coaxiales de 2.2 ghz protegen contra sobretensiones entrantes en las conexiones de catv, satelitales o antenas de transmisi\u00f3n. Alarma ac\u00fastica integrada. Y gran pantalla lcd en el panel frontal indican el estado de la alimentaci\u00f3n de l\u00ednea, estado de la alimentaci\u00f3n de bater\u00eda y estado de bater\u00eda baja\/reemplazar y operaci\u00f3n de elevaci\u00f3n de voltaje. La pantalla lcd incluye un interruptor atenuador y rota f\u00e1cilmente para una mejor visualizaci\u00f3n en posici\u00f3n horizontal en anaquel o en torre vertical. La capacidad de manejo de potencia de 1000va\/500w soporta computadoras personales de nivel b\u00e1sico, sistemas de entretenimiento en el hogar, estaciones de trabajo en red y componentes de audio\/video.<\/p>\n","protected":false},"featured_media":218014,"comment_status":"open","ping_status":"open","template":"","meta":[],"product_cat":[1508,1691],"product_tag":[1510],"acf":[],"yoast_head":"<!-- This site is optimized with the Yoast SEO plugin v21.7 - https:\/\/yoast.com\/wordpress\/plugins\/seo\/ -->\n<title>[ Tripp-lite ] &#129351; Smart1000lcd Nobreak , 500 Watts \/\/ 120v \/\/ 8cont 5\/15r, Tel\/dsl\/coaxial,<\/title>\n<meta name=\"description\" content=\"Compra Smart1000lcd Nobreak , 500 Watts \/\/ 120v \/\/ 8cont 5\/15r, Tel\/dsl\/coaxial, + Env\u00edo a domicilio + Pago seguro + Garant\u00eda\" \/>\n<meta name=\"robots\" content=\"index, follow, max-snippet:-1, max-image-preview:large, max-video-preview:-1\" \/>\n<link rel=\"canonical\" href=\"https:\/\/compuviper.mx\/tienda\/producto\/tripp-lite-smart1000lcd-nobreak-500-watts-120v-8cont-5-15r-tel-dsl-coaxial\/\" \/>\n<meta property=\"og:locale\" content=\"es_MX\" \/>\n<meta property=\"og:type\" content=\"article\" \/>\n<meta property=\"og:title\" content=\"[ Tripp-lite ] &#129351; Smart1000lcd Nobreak , 500 Watts \/\/ 120v \/\/ 8cont 5\/15r, Tel\/dsl\/coaxial,\" \/>\n<meta property=\"og:description\" content=\"Compra Smart1000lcd Nobreak , 500 Watts \/\/ 120v \/\/ 8cont 5\/15r, Tel\/dsl\/coaxial, + Env\u00edo a domicilio + Pago seguro + Garant\u00eda\" \/>\n<meta property=\"og:url\" content=\"https:\/\/compuviper.mx\/tienda\/producto\/tripp-lite-smart1000lcd-nobreak-500-watts-120v-8cont-5-15r-tel-dsl-coaxial\/\" \/>\n<meta property=\"og:site_name\" content=\"Compuviper\" \/>\n<meta property=\"article:publisher\" content=\"https:\/\/www.facebook.com\/compuviper\" \/>\n<meta property=\"og:image\" content=\"https:\/\/compuviper.mx\/tienda\/wp-content\/uploads\/2023\/12\/Nobreak-tripp-lite-smart1000lcd-500-watts-120v-8cont-515r-teldslcoaxial.jpg\" \/>\n\t<meta property=\"og:image:width\" content=\"200\" \/>\n\t<meta property=\"og:image:height\" content=\"200\" \/>\n\t<meta property=\"og:image:type\" content=\"image\/jpeg\" \/>\n<meta name=\"twitter:card\" content=\"summary_large_image\" \/>\n<meta name=\"twitter:label1\" content=\"Precio\" \/>\n\t<meta name=\"twitter:data1\" content=\"&#36;3,531 con IVA\" \/>\n\t<meta name=\"twitter:label2\" content=\"Availability\" \/>\n\t<meta name=\"twitter:data2\" content=\"In stock\" \/>\n<script type=\"application\/ld+json\" class=\"yoast-schema-graph\">{\"@context\":\"https:\/\/schema.org\",\"@graph\":[{\"@type\":\"WebPage\",\"@id\":\"https:\/\/compuviper.mx\/tienda\/producto\/tripp-lite-smart1000lcd-nobreak-500-watts-120v-8cont-5-15r-tel-dsl-coaxial\/\",\"url\":\"https:\/\/compuviper.mx\/tienda\/producto\/tripp-lite-smart1000lcd-nobreak-500-watts-120v-8cont-5-15r-tel-dsl-coaxial\/\",\"name\":\"[ Tripp-lite ] &#129351; Smart1000lcd Nobreak , 500 Watts \/\/ 120v \/\/ 8cont 5\/15r, Tel\/dsl\/coaxial,\",\"isPartOf\":{\"@id\":\"https:\/\/compuviper.mx\/tienda\/#website\"},\"datePublished\":\"2026-04-02T06:34:05+00:00\",\"dateModified\":\"2026-04-02T06:34:05+00:00\",\"description\":\"Compra Smart1000lcd Nobreak , 500 Watts \/\/ 120v \/\/ 8cont 5\/15r, Tel\/dsl\/coaxial, + Env\u00edo a domicilio + Pago seguro + Garant\u00eda\",\"breadcrumb\":{\"@id\":\"https:\/\/compuviper.mx\/tienda\/producto\/tripp-lite-smart1000lcd-nobreak-500-watts-120v-8cont-5-15r-tel-dsl-coaxial\/#breadcrumb\"},\"inLanguage\":\"es-MX\",\"potentialAction\":[{\"@type\":\"ReadAction\",\"target\":[\"https:\/\/compuviper.mx\/tienda\/producto\/tripp-lite-smart1000lcd-nobreak-500-watts-120v-8cont-5-15r-tel-dsl-coaxial\/\"]}]},{\"@type\":\"BreadcrumbList\",\"@id\":\"https:\/\/compuviper.mx\/tienda\/producto\/tripp-lite-smart1000lcd-nobreak-500-watts-120v-8cont-5-15r-tel-dsl-coaxial\/#breadcrumb\",\"itemListElement\":[{\"@type\":\"ListItem\",\"position\":1,\"name\":\"Inicio\",\"item\":\"https:\/\/compuviper.mx\/tienda\/\"},{\"@type\":\"ListItem\",\"position\":2,\"name\":\"Productos\",\"item\":\"https:\/\/compuviper.mx\/tienda\/productos\/\"},{\"@type\":\"ListItem\",\"position\":3,\"name\":\"Energia\",\"item\":\"https:\/\/compuviper.mx\/tienda\/categoria-producto\/energia\/\"},{\"@type\":\"ListItem\",\"position\":4,\"name\":\"No Break\",\"item\":\"https:\/\/compuviper.mx\/tienda\/categoria-producto\/energia\/no-break\/\"},{\"@type\":\"ListItem\",\"position\":5,\"name\":\"Tripp-lite Smart1000lcd Nobreak , 500 Watts \/\/ 120v \/\/ 8cont 5\/15r, Tel\/dsl\/coaxial,\"}]},{\"@type\":\"WebSite\",\"@id\":\"https:\/\/compuviper.mx\/tienda\/#website\",\"url\":\"https:\/\/compuviper.mx\/tienda\/\",\"name\":\"Compuviper\",\"description\":\"Proveedor de Computadoras, Laptops, Servidores, Monitores, Puntos de Venta, Teclados,   Impresoras, T\u00f3ner, C\u00e1maras de Seguridad y m\u00e1s en tu tienda en l\u00ednea\",\"publisher\":{\"@id\":\"https:\/\/compuviper.mx\/tienda\/#organization\"},\"potentialAction\":[{\"@type\":\"SearchAction\",\"target\":{\"@type\":\"EntryPoint\",\"urlTemplate\":\"https:\/\/compuviper.mx\/tienda\/?s={search_term_string}\"},\"query-input\":\"required name=search_term_string\"}],\"inLanguage\":\"es-MX\"},{\"@type\":\"Organization\",\"@id\":\"https:\/\/compuviper.mx\/tienda\/#organization\",\"name\":\"Compuviper\",\"url\":\"https:\/\/compuviper.mx\/tienda\/\",\"logo\":{\"@type\":\"ImageObject\",\"inLanguage\":\"es-MX\",\"@id\":\"https:\/\/compuviper.mx\/tienda\/#\/schema\/logo\/image\/\",\"url\":\"https:\/\/compuviper.mx\/tienda\/wp-content\/uploads\/2021\/08\/Logo-Compuviper-10.png\",\"contentUrl\":\"https:\/\/compuviper.mx\/tienda\/wp-content\/uploads\/2021\/08\/Logo-Compuviper-10.png\",\"width\":1000,\"height\":500,\"caption\":\"Compuviper\"},\"image\":{\"@id\":\"https:\/\/compuviper.mx\/tienda\/#\/schema\/logo\/image\/\"},\"sameAs\":[\"https:\/\/www.facebook.com\/compuviper\",\"https:\/\/www.youtube.com\/channel\/UCf73dERp9Y3cfOq7q8BhLjA?view_as=subscriber\"]}]}<\/script>\n<meta property=\"product:brand\" content=\"TRIPP-LITE\" \/>\n<meta property=\"product:price:amount\" content=\"3531\" \/>\n<meta property=\"product:price:currency\" content=\"MXN\" \/>\n<meta property=\"og:availability\" content=\"instock\" \/>\n<meta property=\"product:availability\" content=\"instock\" \/>\n<meta property=\"product:retailer_item_id\" content=\"SMART1000LCD\" \/>\n<meta property=\"product:condition\" content=\"new\" \/>\n<!-- \/ Yoast SEO plugin. -->","yoast_head_json":{"title":"[ Tripp-lite ] &#129351; Smart1000lcd Nobreak , 500 Watts \/\/ 120v \/\/ 8cont 5\/15r, Tel\/dsl\/coaxial,","description":"Compra Smart1000lcd Nobreak , 500 Watts \/\/ 120v \/\/ 8cont 5\/15r, Tel\/dsl\/coaxial, + Env\u00edo a domicilio + Pago seguro + Garant\u00eda","robots":{"index":"index","follow":"follow","max-snippet":"max-snippet:-1","max-image-preview":"max-image-preview:large","max-video-preview":"max-video-preview:-1"},"canonical":"https:\/\/compuviper.mx\/tienda\/producto\/tripp-lite-smart1000lcd-nobreak-500-watts-120v-8cont-5-15r-tel-dsl-coaxial\/","og_locale":"es_MX","og_type":"article","og_title":"[ Tripp-lite ] &#129351; Smart1000lcd Nobreak , 500 Watts \/\/ 120v \/\/ 8cont 5\/15r, Tel\/dsl\/coaxial,","og_description":"Compra Smart1000lcd Nobreak , 500 Watts \/\/ 120v \/\/ 8cont 5\/15r, Tel\/dsl\/coaxial, + Env\u00edo a domicilio + Pago seguro + Garant\u00eda","og_url":"https:\/\/compuviper.mx\/tienda\/producto\/tripp-lite-smart1000lcd-nobreak-500-watts-120v-8cont-5-15r-tel-dsl-coaxial\/","og_site_name":"Compuviper","article_publisher":"https:\/\/www.facebook.com\/compuviper","og_image":[{"width":200,"height":200,"url":"https:\/\/compuviper.mx\/tienda\/wp-content\/uploads\/2023\/12\/Nobreak-tripp-lite-smart1000lcd-500-watts-120v-8cont-515r-teldslcoaxial.jpg","type":"image\/jpeg"}],"twitter_card":"summary_large_image","twitter_misc":{"Precio":"&#36;3,531 con IVA","Availability":"In stock"},"schema":{"@context":"https:\/\/schema.org","@graph":[{"@type":"WebPage","@id":"https:\/\/compuviper.mx\/tienda\/producto\/tripp-lite-smart1000lcd-nobreak-500-watts-120v-8cont-5-15r-tel-dsl-coaxial\/","url":"https:\/\/compuviper.mx\/tienda\/producto\/tripp-lite-smart1000lcd-nobreak-500-watts-120v-8cont-5-15r-tel-dsl-coaxial\/","name":"[ Tripp-lite ] &#129351; Smart1000lcd Nobreak , 500 Watts \/\/ 120v \/\/ 8cont 5\/15r, Tel\/dsl\/coaxial,","isPartOf":{"@id":"https:\/\/compuviper.mx\/tienda\/#website"},"datePublished":"2026-04-02T06:34:05+00:00","dateModified":"2026-04-02T06:34:05+00:00","description":"Compra Smart1000lcd Nobreak , 500 Watts \/\/ 120v \/\/ 8cont 5\/15r, Tel\/dsl\/coaxial, + Env\u00edo a domicilio + Pago seguro + Garant\u00eda","breadcrumb":{"@id":"https:\/\/compuviper.mx\/tienda\/producto\/tripp-lite-smart1000lcd-nobreak-500-watts-120v-8cont-5-15r-tel-dsl-coaxial\/#breadcrumb"},"inLanguage":"es-MX","potentialAction":[{"@type":"ReadAction","target":["https:\/\/compuviper.mx\/tienda\/producto\/tripp-lite-smart1000lcd-nobreak-500-watts-120v-8cont-5-15r-tel-dsl-coaxial\/"]}]},{"@type":"BreadcrumbList","@id":"https:\/\/compuviper.mx\/tienda\/producto\/tripp-lite-smart1000lcd-nobreak-500-watts-120v-8cont-5-15r-tel-dsl-coaxial\/#breadcrumb","itemListElement":[{"@type":"ListItem","position":1,"name":"Inicio","item":"https:\/\/compuviper.mx\/tienda\/"},{"@type":"ListItem","position":2,"name":"Productos","item":"https:\/\/compuviper.mx\/tienda\/productos\/"},{"@type":"ListItem","position":3,"name":"Energia","item":"https:\/\/compuviper.mx\/tienda\/categoria-producto\/energia\/"},{"@type":"ListItem","position":4,"name":"No Break","item":"https:\/\/compuviper.mx\/tienda\/categoria-producto\/energia\/no-break\/"},{"@type":"ListItem","position":5,"name":"Tripp-lite Smart1000lcd Nobreak , 500 Watts \/\/ 120v \/\/ 8cont 5\/15r, Tel\/dsl\/coaxial,"}]},{"@type":"WebSite","@id":"https:\/\/compuviper.mx\/tienda\/#website","url":"https:\/\/compuviper.mx\/tienda\/","name":"Compuviper","description":"Proveedor de Computadoras, Laptops, Servidores, Monitores, Puntos de Venta, Teclados,   Impresoras, T\u00f3ner, C\u00e1maras de Seguridad y m\u00e1s en tu tienda en l\u00ednea","publisher":{"@id":"https:\/\/compuviper.mx\/tienda\/#organization"},"potentialAction":[{"@type":"SearchAction","target":{"@type":"EntryPoint","urlTemplate":"https:\/\/compuviper.mx\/tienda\/?s={search_term_string}"},"query-input":"required name=search_term_string"}],"inLanguage":"es-MX"},{"@type":"Organization","@id":"https:\/\/compuviper.mx\/tienda\/#organization","name":"Compuviper","url":"https:\/\/compuviper.mx\/tienda\/","logo":{"@type":"ImageObject","inLanguage":"es-MX","@id":"https:\/\/compuviper.mx\/tienda\/#\/schema\/logo\/image\/","url":"https:\/\/compuviper.mx\/tienda\/wp-content\/uploads\/2021\/08\/Logo-Compuviper-10.png","contentUrl":"https:\/\/compuviper.mx\/tienda\/wp-content\/uploads\/2021\/08\/Logo-Compuviper-10.png","width":1000,"height":500,"caption":"Compuviper"},"image":{"@id":"https:\/\/compuviper.mx\/tienda\/#\/schema\/logo\/image\/"},"sameAs":["https:\/\/www.facebook.com\/compuviper","https:\/\/www.youtube.com\/channel\/UCf73dERp9Y3cfOq7q8BhLjA?view_as=subscriber"]}]},"product_brand":"TRIPP-LITE","product_price_amount":"3531","product_price_currency":"MXN","og_availability":"instock","product_availability":"instock","product_retailer_item_id":"SMART1000LCD","product_condition":"new"},"_links":{"self":[{"href":"https:\/\/compuviper.mx\/tienda\/wp-json\/wp\/v2\/product\/218013"}],"collection":[{"href":"https:\/\/compuviper.mx\/tienda\/wp-json\/wp\/v2\/product"}],"about":[{"href":"https:\/\/compuviper.mx\/tienda\/wp-json\/wp\/v2\/types\/product"}],"replies":[{"embeddable":true,"href":"https:\/\/compuviper.mx\/tienda\/wp-json\/wp\/v2\/comments?post=218013"}],"wp:featuredmedia":[{"embeddable":true,"href":"https:\/\/compuviper.mx\/tienda\/wp-json\/wp\/v2\/media\/218014"}],"wp:attachment":[{"href":"https:\/\/compuviper.mx\/tienda\/wp-json\/wp\/v2\/media?parent=218013"}],"wp:term":[{"taxonomy":"product_cat","embeddable":true,"href":"https:\/\/compuviper.mx\/tienda\/wp-json\/wp\/v2\/product_cat?post=218013"},{"taxonomy":"product_tag","embeddable":true,"href":"https:\/\/compuviper.mx\/tienda\/wp-json\/wp\/v2\/product_tag?post=218013"}],"curies":[{"name":"wp","href":"https:\/\/api.w.org\/{rel}","templated":true}]}}