{"id":218007,"date":"2026-04-07T00:32:29","date_gmt":"2026-04-07T06:32:29","guid":{"rendered":"https:\/\/compuviper.mx\/tienda\/producto\/cyberpower-ol6krt-no-break-6000va-5400w-online-entrada-200-240-vac-salida-200-240-vac-convertible-torre-rack-6u-2-nema-l6-20r-2-nema-l6-30r-3-aos-incluye-batera\/"},"modified":"2026-04-07T00:32:29","modified_gmt":"2026-04-07T06:32:29","slug":"cyberpower-ol6krt-no-break-6000va-5400w-online-entrada-200-240-vac-salida-200-240-vac-convertible-torre-rack-6u-2-nema-l6-20r-2-nema-l6-30r-3-aos-incluye-batera","status":"publish","type":"product","link":"https:\/\/compuviper.mx\/tienda\/producto\/cyberpower-ol6krt-no-break-6000va-5400w-online-entrada-200-240-vac-salida-200-240-vac-convertible-torre-rack-6u-2-nema-l6-20r-2-nema-l6-30r-3-aos-incluye-batera\/","title":{"rendered":"Cyberpower Ol6krt No Break   6000va \/ 5400w, Online, Entrada 200 &#8211; 240 Vac \/ Salida 200 &#8211; 240 Vac. Convertible Torre\/rack 6u, 2 Nema L6-20r, 2 Nema L6-30r 3 A?os Incluye Batera."},"content":{"rendered":"<table class=\"descripcion\">\n<tr>\n<td>General<\/td>\n<\/tr>\n<tr>\n<td>Topolog\u00eda de ups: online (doble conversi\u00f3n)<\/td>\n<\/tr>\n<tr>\n<td>El ahorro de energ\u00eda: s\u00ed, eficiencia del modo eco hasta 96%<\/td>\n<\/tr>\n<tr>\n<td>Entrada<\/td>\n<\/tr>\n<tr>\n<td>Voltaje nominal : 200 v a 240 v<\/td>\n<\/tr>\n<tr>\n<td>Rango de voltaje:<\/td>\n<\/tr>\n<tr>\n<td>120 v a 139 v, 0% a 25% de carga<\/td>\n<\/tr>\n<tr>\n<td>140 v a 159 v, 0% a 50% de carga<\/td>\n<\/tr>\n<tr>\n<td>160 v a 179 v, 0% a 75% de carga<\/td>\n<\/tr>\n<tr>\n<td>180 v a 280 v, 0% a 100% de carga<\/td>\n<\/tr>\n<tr>\n<td>40 hz a 70 hz (detecci\u00f3n autom\u00e1tica)<\/td>\n<\/tr>\n<tr>\n<td>Factor de potencia: 0.9<\/td>\n<\/tr>\n<tr>\n<td>Inicio en frio: si<\/td>\n<\/tr>\n<tr>\n<td>Protecci\u00f3n de retroalimentaci\u00f3n: si<\/td>\n<\/tr>\n<tr>\n<td>Tipo de enchufe: nema l6-30p<\/td>\n<\/tr>\n<tr>\n<td>Longitud del cable (pies): 10<\/td>\n<\/tr>\n<tr>\n<td>Longitud del cable (m): 3<\/td>\n<\/tr>\n<tr>\n<td>Salida<\/td>\n<\/tr>\n<tr>\n<td>Va: 6,000 (6 kva)<\/td>\n<\/tr>\n<tr>\n<td>Watts: 5.400 (5,4 kw)<\/td>\n<\/tr>\n<tr>\n<td>Factor de potencia nominal 0.9<\/td>\n<\/tr>\n<tr>\n<td>Forma de onda (modo de bater\u00eda): onda sinusoidal<\/td>\n<\/tr>\n<tr>\n<td>Voltaje nominal (modo bater\u00eda): 200, 208, 220, 230, 240 v \u00b1 2% (configurable)<\/td>\n<\/tr>\n<tr>\n<td>Frecuencia: 50\/60 hz \u00b1 0.25 hz (detecci\u00f3n autom\u00e1tica \/ configurable)<\/td>\n<\/tr>\n<tr>\n<td>Rango de voltaje de derivaci\u00f3n del modo eco \u00b1 10%, \u00b1 15% (configurable)<\/td>\n<\/tr>\n<tr>\n<td>Distorsi\u00f3n arm\u00f3nica:  3% a carga lineal,  5% a carga no lineal<\/td>\n<\/tr>\n<tr>\n<td>Factor de cresta: 3: 1<\/td>\n<\/tr>\n<tr>\n<td>Tipo de salida (2) nema l6-20r, (2) nema l6-30r<\/td>\n<\/tr>\n<tr>\n<td>Protecci\u00f3n de sobrecarga<\/td>\n<\/tr>\n<tr>\n<td>Modo de l\u00ednea:<\/td>\n<\/tr>\n<tr>\n<td>105% a 125% de carga durante 1 minuto<\/td>\n<\/tr>\n<tr>\n<td>126% a 150% de carga durante 10 s<\/td>\n<\/tr>\n<tr>\n<td>Modo de bater\u00eda:<\/td>\n<\/tr>\n<tr>\n<td>105% a 130% de carga durante 10 s<\/td>\n<\/tr>\n<tr>\n<td>131% a 150% de carga durante 2 s<\/td>\n<\/tr>\n<tr>\n<td>Salida del sai cortada inmediatamente o protecci\u00f3n de fusible de entrada \/ disyuntor<\/td>\n<\/tr>\n<tr>\n<td>Derivaci\u00f3n: bypass interno (autom\u00e1tico y manual)<\/td>\n<\/tr>\n<tr>\n<td>Tiempo de transferencia: 0 ms<\/td>\n<\/tr>\n<tr>\n<td>Bater\u00eda<\/td>\n<\/tr>\n<tr>\n<td>Tiempo de ejecuci\u00f3n a media carga: 15 minutos<\/td>\n<\/tr>\n<tr>\n<td>Tiempo de ejecuci\u00f3n a plena carga: 5.4 min<\/td>\n<\/tr>\n<tr>\n<td>Tipo de bater\u00eda \u00e1cido de plomo sellado<\/td>\n<\/tr>\n<tr>\n<td>Tama\u00f1o de la bater\u00eda 12 v \/ 7 ah<\/td>\n<\/tr>\n<tr>\n<td>Cantidad de la bater\u00eda 20<\/td>\n<\/tr>\n<tr>\n<td>Reemplazable si<\/td>\n<\/tr>\n<tr>\n<td>Bater\u00eda de repuesto (2) rb1270x10<\/td>\n<\/tr>\n<tr>\n<td>Intercambiables en caliente si<\/td>\n<\/tr>\n<tr>\n<td>Tiempo t\u00edpico de recarga 4 h (0% a 90%)<\/td>\n<\/tr>\n<tr>\n<td>Modo de gesti\u00f3n inteligente de la bater\u00eda (smb) si<\/td>\n<\/tr>\n<tr>\n<td>M\u00f3dulo de bater\u00eda extendida (ebm) opcional bp240v30art3u o bp240vl3u01<\/td>\n<\/tr>\n<tr>\n<td>Protecci\u00f3n contra sobretensiones y filtrado<\/td>\n<\/tr>\n<tr>\n<td>Protecci\u00f3n contra sobretensiones 2430 julios, seg\u00fan iec 61000-4-5 nivel 3<\/td>\n<\/tr>\n<tr>\n<td>Tel\u00e9fono rj-11 \/ protecci\u00f3n contra sobretensiones ethernet rj-45 1 entrada \/ 1 salida (combinado)<\/td>\n<\/tr>\n<tr>\n<td>Filtraci\u00f3n emi \/ rfi: si<\/td>\n<\/tr>\n<tr>\n<td>Gerencia y comunicaciones<\/td>\n<\/tr>\n<tr>\n<td>Panel de control lcd acceda a 50 configuraciones de estado de informaci\u00f3n y configuraci\u00f3n a trav\u00e9s de los men\u00fas de informaci\u00f3n y configuraci\u00f3n, adem\u00e1s de un men\u00fa de registro de eventos.<\/td>\n<\/tr>\n<tr>\n<td>Opci\u00f3n de panel de control lcd giratorio: si<\/td>\n<\/tr>\n<tr>\n<td>Opci\u00f3n de panel de control lcd extra\u00edble: s\u00ed, requiere cable db26 (no incluido)<\/td>\n<\/tr>\n<tr>\n<td>Puerto usb compatible con hid si<\/td>\n<\/tr>\n<tr>\n<td>Puerto serial: si<\/td>\n<\/tr>\n<tr>\n<td>Puerto de apagado de emergencia (epo): si<\/td>\n<\/tr>\n<tr>\n<td>Puerto de contacto seco: si<\/td>\n<\/tr>\n<tr>\n<td>Cables incluidos: cable usb, cable serie, cable de tel\u00e9fono<\/td>\n<\/tr>\n<tr>\n<td>Indicadores led: encendido (blanco)<\/td>\n<\/tr>\n<tr>\n<td>Modo de l\u00ednea (verde)<\/td>\n<\/tr>\n<tr>\n<td>Modo de bater\u00eda (amarillo)<\/td>\n<\/tr>\n<tr>\n<td>Modo de derivaci\u00f3n (amarillo)<\/td>\n<\/tr>\n<tr>\n<td>Falla (rojo)<\/td>\n<\/tr>\n<tr>\n<td>Reemplace la bater\u00eda (rojo)<\/td>\n<\/tr>\n<tr>\n<td>Alarmas audibles: modo de bater\u00eda, bater\u00eda baja, sobrecarga, falla del ups<\/td>\n<\/tr>\n<tr>\n<td>Software: powerpanel\u00ae business edition<\/td>\n<\/tr>\n<tr>\n<td>Firmware actualizable: si<\/td>\n<\/tr>\n<tr>\n<td>Ranura de expansi\u00f3n: s\u00ed, rmcard205 preinstalado<\/td>\n<\/tr>\n<tr>\n<td>F\u00edsico<\/td>\n<\/tr>\n<tr>\n<td>Factor de forma: bastidor \/ torre convertible (lcd giratorio)<\/td>\n<\/tr>\n<tr>\n<td>Construcci\u00f3n del recinto: acero<\/td>\n<\/tr>\n<tr>\n<td>Hardware de montaje en bastidor: incluido<\/td>\n<\/tr>\n<tr>\n<td>Dimensiones f\u00edsicas<\/td>\n<\/tr>\n<tr>\n<td>Dimensiones (wxhxd, in) 17 x 10,5 x 26<\/td>\n<\/tr>\n<tr>\n<td>Dimensiones (wxhxd, mm) 433 x 266 x 660<\/td>\n<\/tr>\n<tr>\n<td>Peso (lb) 222,2<\/td>\n<\/tr>\n<tr>\n<td>Peso (kg) 100<\/td>\n<\/tr>\n<tr>\n<td>Unidades de rack 6u<\/td>\n<\/tr>\n<tr>\n<td>Max. profundidad del riel de montaje (in) 36,02<\/td>\n<\/tr>\n<tr>\n<td>Max. profundidad del riel de montaje (mm) 915<\/td>\n<\/tr>\n<tr>\n<td>Min. profundidad del riel de montaje (in) 20,47<\/td>\n<\/tr>\n<tr>\n<td>Min. profundidad del riel de montaje (mm) 520<\/td>\n<\/tr>\n<tr>\n<td>Dimensiones f\u00edsicas &#8211; m\u00f3dulo de potencia<\/td>\n<\/tr>\n<tr>\n<td>Dimensiones (wxhxd, in): 17 x 5.25 x 26<\/td>\n<\/tr>\n<tr>\n<td>Dimensiones (wxhxd, mm): 433 x 132 x 660<\/td>\n<\/tr>\n<tr>\n<td>Peso (lb): 55<\/td>\n<\/tr>\n<tr>\n<td>Peso (kg): 24,95<\/td>\n<\/tr>\n<tr>\n<td>Unidades de rack: 3u<\/td>\n<\/tr>\n<tr>\n<td>Dimensiones f\u00edsicas: m\u00f3dulo de bater\u00eda<\/td>\n<\/tr>\n<tr>\n<td>Dimensiones (wxhxd, in) 17 x 5.25 x 26<\/td>\n<\/tr>\n<tr>\n<td>Dimensiones (wxhxd, mm) 433 x 132 x 660<\/td>\n<\/tr>\n<tr>\n<td>Peso (lb) 167,2<\/td>\n<\/tr>\n<tr>\n<td>Peso (kg) 76<\/td>\n<\/tr>\n<tr>\n<td>Unidades de rack: 3u<\/td>\n<\/tr>\n<tr>\n<td>Dimensiones de env\u00edo<\/td>\n<\/tr>\n<tr>\n<td>Dimensiones (wxhxd, in): 23,62 x 25,12 x 35,43<\/td>\n<\/tr>\n<tr>\n<td>Dimensiones (wxhxd, mm): 600 x 638 x 900<\/td>\n<\/tr>\n<tr>\n<td>Peso (lb): 275<\/td>\n<\/tr>\n<tr>\n<td>Peso (kg): 124,75<\/td>\n<\/tr>\n<tr>\n<td>Ambiental<\/td>\n<\/tr>\n<tr>\n<td>Temperatura de funcionamiento 32 \u00b0 f a 104 \u00b0 f (0 \u00b0 c a 40 \u00b0 c)<\/td>\n<\/tr>\n<tr>\n<td>Humedad relativa de funcionamiento 0% a 90% sin condensaci\u00f3n<\/td>\n<\/tr>\n<tr>\n<td>Elevaci\u00f3n operativa 0 pies a 10,000 pies (0 a 3,000 m)<\/td>\n<\/tr>\n<tr>\n<td>Temperatura de almacenamiento -4 \u00b0 f a 113 \u00b0 f (-20 \u00b0 c a 45 \u00b0 c)<\/td>\n<\/tr>\n<tr>\n<td>Humedad relativa de almacenamiento 0% a 95% sin condensaci\u00f3n<\/td>\n<\/tr>\n<tr>\n<td>Elevaci\u00f3n de almacenamiento 0 pies a 50,000 pies (0 ma 15,000 m)<\/td>\n<\/tr>\n<tr>\n<td>Disipaci\u00f3n t\u00e9rmica en l\u00ednea de ups (100% de carga) 1912 btu \/ h<\/td>\n<\/tr>\n<tr>\n<td>Disipaci\u00f3n t\u00e9rmica en modo eco (100% de carga) 728 btu \/ h<\/td>\n<\/tr>\n<tr>\n<td>Ruido audible a 1 m de la superficie de la unidad 38 dba a 65 dba (0% a 100% de carga)<\/td>\n<\/tr>\n<tr>\n<td>Certificaciones<\/td>\n<\/tr>\n<tr>\n<td>La seguridad ul 1778 5ta ed.<\/td>\n<\/tr>\n<tr>\n<td>Csa c22.2 no.107.3-05<\/td>\n<\/tr>\n<tr>\n<td>Fcc parte 15 clase a<\/td>\n<\/tr>\n<tr>\n<td>Ambiental: rohs<\/td>\n<\/tr>\n<tr>\n<td>Garant\u00eda<\/td>\n<\/tr>\n<tr>\n<td>La garant\u00eda del producto 3 a\u00f1os<\/td>\n<\/tr>\n<\/table>\n","protected":false},"excerpt":{"rendered":"<p>La aplicaci\u00f3n inteligente en l\u00ednea de cyberpower ol6krt es un ups de rack \/ torre de 6u con doble conversi\u00f3n. Proporciona salida de onda sinusoidal a m\u00faltiples tipos de infraestructura de ti cr\u00edtica que requieren protecci\u00f3n de energ\u00eda sin interrupciones. El ol6krt es compatible con el generador y ofrece una potencia constante de 200-240 v con tiempo de transferencia cero. La derivaci\u00f3n autom\u00e1tica garantiza que el equipo conectado contin\u00fae funcionando sin problemas cuando se detecta una sobrecarga o falla interna. El ol6krt cuenta con un panel de control lcd extra\u00edble para reposicionarlo en una ubicaci\u00f3n m\u00e1s conveniente (con cable db-26 opcional), y tiene una tarjeta de red rmcard205 preinstalada. La tecnolog\u00eda de carga de gesti\u00f3n inteligente de la bater\u00eda aumenta la vida \u00fatil de la bater\u00eda hasta en un 50%. La tecnolog\u00eda de carga r\u00e1pida ayuda a recargar la carga de la bater\u00eda del 0-90% en cuatro horas, independientemente de la cantidad de m\u00f3dulos de bater\u00eda extendida (ebm) conectados. El modo eco greenpower ups \u00bf de ahorro de energ\u00eda permite que el ups alcance hasta un 96% de eficiencia para reducir el consumo de energ\u00eda y la disipaci\u00f3n t\u00e9rmica.<\/p>\n","protected":false},"featured_media":218008,"comment_status":"open","ping_status":"open","template":"","meta":[],"product_cat":[1508,1691],"product_tag":[1692],"acf":[],"yoast_head":"<!-- This site is optimized with the Yoast SEO plugin v21.7 - https:\/\/yoast.com\/wordpress\/plugins\/seo\/ -->\n<title>[ Cyberpower ] &#129351; Ol6krt No Break 6000va \/ 5400w, Online, Entrada 200 - 240 Vac \/ Salida 200 - 240 Vac. Convertible Torre\/rack 6u, 2 Nema L6-20r, 2 Nema L6-30r 3 A\u00f1os Incluye Batera.<\/title>\n<meta name=\"description\" content=\"Compra Ol6krt No Break 6000va \/ 5400w, Online, Entrada 200 - 240 Vac \/ Salida 200 - 240 Vac. Convertible Torre\/rack 6u, 2 Nema L6-20r, 2 Nema L6-30r 3 A\u00f1os Incluye Batera. + Env\u00edo a domicilio + Pago seguro + Garant\u00eda\" \/>\n<meta name=\"robots\" content=\"index, follow, max-snippet:-1, max-image-preview:large, max-video-preview:-1\" \/>\n<link rel=\"canonical\" href=\"https:\/\/compuviper.mx\/tienda\/producto\/cyberpower-ol6krt-no-break-6000va-5400w-online-entrada-200-240-vac-salida-200-240-vac-convertible-torre-rack-6u-2-nema-l6-20r-2-nema-l6-30r-3-aos-incluye-batera\/\" \/>\n<meta property=\"og:locale\" content=\"es_MX\" \/>\n<meta property=\"og:type\" content=\"article\" \/>\n<meta property=\"og:title\" content=\"[ Cyberpower ] &#129351; Ol6krt No Break 6000va \/ 5400w, Online, Entrada 200 - 240 Vac \/ Salida 200 - 240 Vac. Convertible Torre\/rack 6u, 2 Nema L6-20r, 2 Nema L6-30r 3 A\u00f1os Incluye Batera.\" \/>\n<meta property=\"og:description\" content=\"Compra Ol6krt No Break 6000va \/ 5400w, Online, Entrada 200 - 240 Vac \/ Salida 200 - 240 Vac. Convertible Torre\/rack 6u, 2 Nema L6-20r, 2 Nema L6-30r 3 A\u00f1os Incluye Batera. + Env\u00edo a domicilio + Pago seguro + Garant\u00eda\" \/>\n<meta property=\"og:url\" content=\"https:\/\/compuviper.mx\/tienda\/producto\/cyberpower-ol6krt-no-break-6000va-5400w-online-entrada-200-240-vac-salida-200-240-vac-convertible-torre-rack-6u-2-nema-l6-20r-2-nema-l6-30r-3-aos-incluye-batera\/\" \/>\n<meta property=\"og:site_name\" content=\"Compuviper\" \/>\n<meta property=\"article:publisher\" content=\"https:\/\/www.facebook.com\/compuviper\" \/>\n<meta property=\"og:image\" content=\"https:\/\/compuviper.mx\/tienda\/wp-content\/uploads\/2023\/12\/No-break-cyberpower-ol6krt-6000va-5400w-online-entrada-200-240-vac-salida-200-240-vac.-convertible-torrerack-6u-2-nema-l6-20r-2-nema-l6-30r-3-anos-incluye-batera.jpg\" \/>\n\t<meta property=\"og:image:width\" content=\"200\" \/>\n\t<meta property=\"og:image:height\" content=\"200\" \/>\n\t<meta property=\"og:image:type\" content=\"image\/jpeg\" \/>\n<meta name=\"twitter:card\" content=\"summary_large_image\" \/>\n<meta name=\"twitter:label1\" content=\"Precio\" \/>\n\t<meta name=\"twitter:data1\" content=\"&#36;74,220 con IVA\" \/>\n\t<meta name=\"twitter:label2\" content=\"Availability\" \/>\n\t<meta name=\"twitter:data2\" content=\"Out of stock\" \/>\n<script type=\"application\/ld+json\" class=\"yoast-schema-graph\">{\"@context\":\"https:\/\/schema.org\",\"@graph\":[{\"@type\":\"WebPage\",\"@id\":\"https:\/\/compuviper.mx\/tienda\/producto\/cyberpower-ol6krt-no-break-6000va-5400w-online-entrada-200-240-vac-salida-200-240-vac-convertible-torre-rack-6u-2-nema-l6-20r-2-nema-l6-30r-3-aos-incluye-batera\/\",\"url\":\"https:\/\/compuviper.mx\/tienda\/producto\/cyberpower-ol6krt-no-break-6000va-5400w-online-entrada-200-240-vac-salida-200-240-vac-convertible-torre-rack-6u-2-nema-l6-20r-2-nema-l6-30r-3-aos-incluye-batera\/\",\"name\":\"[ Cyberpower ] &#129351; Ol6krt No Break 6000va \/ 5400w, Online, Entrada 200 - 240 Vac \/ Salida 200 - 240 Vac. Convertible Torre\/rack 6u, 2 Nema L6-20r, 2 Nema L6-30r 3 A\u00f1os Incluye Batera.\",\"isPartOf\":{\"@id\":\"https:\/\/compuviper.mx\/tienda\/#website\"},\"datePublished\":\"2026-04-07T06:32:29+00:00\",\"dateModified\":\"2026-04-07T06:32:29+00:00\",\"description\":\"Compra Ol6krt No Break 6000va \/ 5400w, Online, Entrada 200 - 240 Vac \/ Salida 200 - 240 Vac. Convertible Torre\/rack 6u, 2 Nema L6-20r, 2 Nema L6-30r 3 A\u00f1os Incluye Batera. + Env\u00edo a domicilio + Pago seguro + Garant\u00eda\",\"breadcrumb\":{\"@id\":\"https:\/\/compuviper.mx\/tienda\/producto\/cyberpower-ol6krt-no-break-6000va-5400w-online-entrada-200-240-vac-salida-200-240-vac-convertible-torre-rack-6u-2-nema-l6-20r-2-nema-l6-30r-3-aos-incluye-batera\/#breadcrumb\"},\"inLanguage\":\"es-MX\",\"potentialAction\":[{\"@type\":\"ReadAction\",\"target\":[\"https:\/\/compuviper.mx\/tienda\/producto\/cyberpower-ol6krt-no-break-6000va-5400w-online-entrada-200-240-vac-salida-200-240-vac-convertible-torre-rack-6u-2-nema-l6-20r-2-nema-l6-30r-3-aos-incluye-batera\/\"]}]},{\"@type\":\"BreadcrumbList\",\"@id\":\"https:\/\/compuviper.mx\/tienda\/producto\/cyberpower-ol6krt-no-break-6000va-5400w-online-entrada-200-240-vac-salida-200-240-vac-convertible-torre-rack-6u-2-nema-l6-20r-2-nema-l6-30r-3-aos-incluye-batera\/#breadcrumb\",\"itemListElement\":[{\"@type\":\"ListItem\",\"position\":1,\"name\":\"Inicio\",\"item\":\"https:\/\/compuviper.mx\/tienda\/\"},{\"@type\":\"ListItem\",\"position\":2,\"name\":\"Productos\",\"item\":\"https:\/\/compuviper.mx\/tienda\/productos\/\"},{\"@type\":\"ListItem\",\"position\":3,\"name\":\"Energia\",\"item\":\"https:\/\/compuviper.mx\/tienda\/categoria-producto\/energia\/\"},{\"@type\":\"ListItem\",\"position\":4,\"name\":\"No Break\",\"item\":\"https:\/\/compuviper.mx\/tienda\/categoria-producto\/energia\/no-break\/\"},{\"@type\":\"ListItem\",\"position\":5,\"name\":\"Cyberpower Ol6krt No Break 6000va \/ 5400w, Online, Entrada 200 &#8211; 240 Vac \/ Salida 200 &#8211; 240 Vac. Convertible Torre\/rack 6u, 2 Nema L6-20r, 2 Nema L6-30r 3 A?os Incluye Batera.\"}]},{\"@type\":\"WebSite\",\"@id\":\"https:\/\/compuviper.mx\/tienda\/#website\",\"url\":\"https:\/\/compuviper.mx\/tienda\/\",\"name\":\"Compuviper\",\"description\":\"Proveedor de Computadoras, Laptops, Servidores, Monitores, Puntos de Venta, Teclados,   Impresoras, T\u00f3ner, C\u00e1maras de Seguridad y m\u00e1s en tu tienda en l\u00ednea\",\"publisher\":{\"@id\":\"https:\/\/compuviper.mx\/tienda\/#organization\"},\"potentialAction\":[{\"@type\":\"SearchAction\",\"target\":{\"@type\":\"EntryPoint\",\"urlTemplate\":\"https:\/\/compuviper.mx\/tienda\/?s={search_term_string}\"},\"query-input\":\"required name=search_term_string\"}],\"inLanguage\":\"es-MX\"},{\"@type\":\"Organization\",\"@id\":\"https:\/\/compuviper.mx\/tienda\/#organization\",\"name\":\"Compuviper\",\"url\":\"https:\/\/compuviper.mx\/tienda\/\",\"logo\":{\"@type\":\"ImageObject\",\"inLanguage\":\"es-MX\",\"@id\":\"https:\/\/compuviper.mx\/tienda\/#\/schema\/logo\/image\/\",\"url\":\"https:\/\/compuviper.mx\/tienda\/wp-content\/uploads\/2021\/08\/Logo-Compuviper-10.png\",\"contentUrl\":\"https:\/\/compuviper.mx\/tienda\/wp-content\/uploads\/2021\/08\/Logo-Compuviper-10.png\",\"width\":1000,\"height\":500,\"caption\":\"Compuviper\"},\"image\":{\"@id\":\"https:\/\/compuviper.mx\/tienda\/#\/schema\/logo\/image\/\"},\"sameAs\":[\"https:\/\/www.facebook.com\/compuviper\",\"https:\/\/www.youtube.com\/channel\/UCf73dERp9Y3cfOq7q8BhLjA?view_as=subscriber\"]}]}<\/script>\n<meta property=\"product:brand\" content=\"CYBERPOWER\" \/>\n<meta property=\"product:price:amount\" content=\"74220\" \/>\n<meta property=\"product:price:currency\" content=\"MXN\" \/>\n<meta property=\"og:availability\" content=\"out of stock\" \/>\n<meta property=\"product:availability\" content=\"out of stock\" \/>\n<meta property=\"product:retailer_item_id\" content=\"OL6KRT\" \/>\n<meta property=\"product:condition\" content=\"new\" \/>\n<!-- \/ Yoast SEO plugin. -->","yoast_head_json":{"title":"[ Cyberpower ] &#129351; Ol6krt No Break 6000va \/ 5400w, Online, Entrada 200 - 240 Vac \/ Salida 200 - 240 Vac. Convertible Torre\/rack 6u, 2 Nema L6-20r, 2 Nema L6-30r 3 A\u00f1os Incluye Batera.","description":"Compra Ol6krt No Break 6000va \/ 5400w, Online, Entrada 200 - 240 Vac \/ Salida 200 - 240 Vac. Convertible Torre\/rack 6u, 2 Nema L6-20r, 2 Nema L6-30r 3 A\u00f1os Incluye Batera. + Env\u00edo a domicilio + Pago seguro + Garant\u00eda","robots":{"index":"index","follow":"follow","max-snippet":"max-snippet:-1","max-image-preview":"max-image-preview:large","max-video-preview":"max-video-preview:-1"},"canonical":"https:\/\/compuviper.mx\/tienda\/producto\/cyberpower-ol6krt-no-break-6000va-5400w-online-entrada-200-240-vac-salida-200-240-vac-convertible-torre-rack-6u-2-nema-l6-20r-2-nema-l6-30r-3-aos-incluye-batera\/","og_locale":"es_MX","og_type":"article","og_title":"[ Cyberpower ] &#129351; Ol6krt No Break 6000va \/ 5400w, Online, Entrada 200 - 240 Vac \/ Salida 200 - 240 Vac. Convertible Torre\/rack 6u, 2 Nema L6-20r, 2 Nema L6-30r 3 A\u00f1os Incluye Batera.","og_description":"Compra Ol6krt No Break 6000va \/ 5400w, Online, Entrada 200 - 240 Vac \/ Salida 200 - 240 Vac. Convertible Torre\/rack 6u, 2 Nema L6-20r, 2 Nema L6-30r 3 A\u00f1os Incluye Batera. + Env\u00edo a domicilio + Pago seguro + Garant\u00eda","og_url":"https:\/\/compuviper.mx\/tienda\/producto\/cyberpower-ol6krt-no-break-6000va-5400w-online-entrada-200-240-vac-salida-200-240-vac-convertible-torre-rack-6u-2-nema-l6-20r-2-nema-l6-30r-3-aos-incluye-batera\/","og_site_name":"Compuviper","article_publisher":"https:\/\/www.facebook.com\/compuviper","og_image":[{"width":200,"height":200,"url":"https:\/\/compuviper.mx\/tienda\/wp-content\/uploads\/2023\/12\/No-break-cyberpower-ol6krt-6000va-5400w-online-entrada-200-240-vac-salida-200-240-vac.-convertible-torrerack-6u-2-nema-l6-20r-2-nema-l6-30r-3-anos-incluye-batera.jpg","type":"image\/jpeg"}],"twitter_card":"summary_large_image","twitter_misc":{"Precio":"&#36;74,220 con IVA","Availability":"Out of stock"},"schema":{"@context":"https:\/\/schema.org","@graph":[{"@type":"WebPage","@id":"https:\/\/compuviper.mx\/tienda\/producto\/cyberpower-ol6krt-no-break-6000va-5400w-online-entrada-200-240-vac-salida-200-240-vac-convertible-torre-rack-6u-2-nema-l6-20r-2-nema-l6-30r-3-aos-incluye-batera\/","url":"https:\/\/compuviper.mx\/tienda\/producto\/cyberpower-ol6krt-no-break-6000va-5400w-online-entrada-200-240-vac-salida-200-240-vac-convertible-torre-rack-6u-2-nema-l6-20r-2-nema-l6-30r-3-aos-incluye-batera\/","name":"[ Cyberpower ] &#129351; Ol6krt No Break 6000va \/ 5400w, Online, Entrada 200 - 240 Vac \/ Salida 200 - 240 Vac. Convertible Torre\/rack 6u, 2 Nema L6-20r, 2 Nema L6-30r 3 A\u00f1os Incluye Batera.","isPartOf":{"@id":"https:\/\/compuviper.mx\/tienda\/#website"},"datePublished":"2026-04-07T06:32:29+00:00","dateModified":"2026-04-07T06:32:29+00:00","description":"Compra Ol6krt No Break 6000va \/ 5400w, Online, Entrada 200 - 240 Vac \/ Salida 200 - 240 Vac. Convertible Torre\/rack 6u, 2 Nema L6-20r, 2 Nema L6-30r 3 A\u00f1os Incluye Batera. + Env\u00edo a domicilio + Pago seguro + Garant\u00eda","breadcrumb":{"@id":"https:\/\/compuviper.mx\/tienda\/producto\/cyberpower-ol6krt-no-break-6000va-5400w-online-entrada-200-240-vac-salida-200-240-vac-convertible-torre-rack-6u-2-nema-l6-20r-2-nema-l6-30r-3-aos-incluye-batera\/#breadcrumb"},"inLanguage":"es-MX","potentialAction":[{"@type":"ReadAction","target":["https:\/\/compuviper.mx\/tienda\/producto\/cyberpower-ol6krt-no-break-6000va-5400w-online-entrada-200-240-vac-salida-200-240-vac-convertible-torre-rack-6u-2-nema-l6-20r-2-nema-l6-30r-3-aos-incluye-batera\/"]}]},{"@type":"BreadcrumbList","@id":"https:\/\/compuviper.mx\/tienda\/producto\/cyberpower-ol6krt-no-break-6000va-5400w-online-entrada-200-240-vac-salida-200-240-vac-convertible-torre-rack-6u-2-nema-l6-20r-2-nema-l6-30r-3-aos-incluye-batera\/#breadcrumb","itemListElement":[{"@type":"ListItem","position":1,"name":"Inicio","item":"https:\/\/compuviper.mx\/tienda\/"},{"@type":"ListItem","position":2,"name":"Productos","item":"https:\/\/compuviper.mx\/tienda\/productos\/"},{"@type":"ListItem","position":3,"name":"Energia","item":"https:\/\/compuviper.mx\/tienda\/categoria-producto\/energia\/"},{"@type":"ListItem","position":4,"name":"No Break","item":"https:\/\/compuviper.mx\/tienda\/categoria-producto\/energia\/no-break\/"},{"@type":"ListItem","position":5,"name":"Cyberpower Ol6krt No Break 6000va \/ 5400w, Online, Entrada 200 &#8211; 240 Vac \/ Salida 200 &#8211; 240 Vac. Convertible Torre\/rack 6u, 2 Nema L6-20r, 2 Nema L6-30r 3 A?os Incluye Batera."}]},{"@type":"WebSite","@id":"https:\/\/compuviper.mx\/tienda\/#website","url":"https:\/\/compuviper.mx\/tienda\/","name":"Compuviper","description":"Proveedor de Computadoras, Laptops, Servidores, Monitores, Puntos de Venta, Teclados,   Impresoras, T\u00f3ner, C\u00e1maras de Seguridad y m\u00e1s en tu tienda en l\u00ednea","publisher":{"@id":"https:\/\/compuviper.mx\/tienda\/#organization"},"potentialAction":[{"@type":"SearchAction","target":{"@type":"EntryPoint","urlTemplate":"https:\/\/compuviper.mx\/tienda\/?s={search_term_string}"},"query-input":"required name=search_term_string"}],"inLanguage":"es-MX"},{"@type":"Organization","@id":"https:\/\/compuviper.mx\/tienda\/#organization","name":"Compuviper","url":"https:\/\/compuviper.mx\/tienda\/","logo":{"@type":"ImageObject","inLanguage":"es-MX","@id":"https:\/\/compuviper.mx\/tienda\/#\/schema\/logo\/image\/","url":"https:\/\/compuviper.mx\/tienda\/wp-content\/uploads\/2021\/08\/Logo-Compuviper-10.png","contentUrl":"https:\/\/compuviper.mx\/tienda\/wp-content\/uploads\/2021\/08\/Logo-Compuviper-10.png","width":1000,"height":500,"caption":"Compuviper"},"image":{"@id":"https:\/\/compuviper.mx\/tienda\/#\/schema\/logo\/image\/"},"sameAs":["https:\/\/www.facebook.com\/compuviper","https:\/\/www.youtube.com\/channel\/UCf73dERp9Y3cfOq7q8BhLjA?view_as=subscriber"]}]},"product_brand":"CYBERPOWER","product_price_amount":"74220","product_price_currency":"MXN","og_availability":"out of stock","product_availability":"out of stock","product_retailer_item_id":"OL6KRT","product_condition":"new"},"_links":{"self":[{"href":"https:\/\/compuviper.mx\/tienda\/wp-json\/wp\/v2\/product\/218007"}],"collection":[{"href":"https:\/\/compuviper.mx\/tienda\/wp-json\/wp\/v2\/product"}],"about":[{"href":"https:\/\/compuviper.mx\/tienda\/wp-json\/wp\/v2\/types\/product"}],"replies":[{"embeddable":true,"href":"https:\/\/compuviper.mx\/tienda\/wp-json\/wp\/v2\/comments?post=218007"}],"wp:featuredmedia":[{"embeddable":true,"href":"https:\/\/compuviper.mx\/tienda\/wp-json\/wp\/v2\/media\/218008"}],"wp:attachment":[{"href":"https:\/\/compuviper.mx\/tienda\/wp-json\/wp\/v2\/media?parent=218007"}],"wp:term":[{"taxonomy":"product_cat","embeddable":true,"href":"https:\/\/compuviper.mx\/tienda\/wp-json\/wp\/v2\/product_cat?post=218007"},{"taxonomy":"product_tag","embeddable":true,"href":"https:\/\/compuviper.mx\/tienda\/wp-json\/wp\/v2\/product_tag?post=218007"}],"curies":[{"name":"wp","href":"https:\/\/api.w.org\/{rel}","templated":true}]}}