{"id":217985,"date":"2026-04-02T00:32:00","date_gmt":"2026-04-02T06:32:00","guid":{"rendered":"https:\/\/compuviper.mx\/tienda\/producto\/tripp-lite-omnivs800-nobreak-7-cont-6-c-rp-fm-n-garanta-limitada-de-3-aos\/"},"modified":"2026-04-02T00:32:00","modified_gmt":"2026-04-02T06:32:00","slug":"tripp-lite-omnivs800-nobreak-7-cont-6-c-rp-fm-n-garanta-limitada-de-3-aos","status":"publish","type":"product","link":"https:\/\/compuviper.mx\/tienda\/producto\/tripp-lite-omnivs800-nobreak-7-cont-6-c-rp-fm-n-garanta-limitada-de-3-aos\/","title":{"rendered":"Tripp-lite Omnivs800 Nobreak  ,7 Cont.6 C\/r,p\/fm N. Garant?a Limitada De 3 A?os."},"content":{"rendered":"<table class=\"descripcion\">\n<tr>\n<td>Contabilidad de voltaje: 120v ca.<\/td>\n<\/tr>\n<tr>\n<td>Compatibilidad de frecuencia: 60hz.<\/td>\n<\/tr>\n<tr>\n<td>Salida<\/td>\n<\/tr>\n<tr>\n<td>Capacidad de salida en volt amp (va): 800.<\/td>\n<\/tr>\n<tr>\n<td>Capacidad de salida en watts (watts): 475.<\/td>\n<\/tr>\n<tr>\n<td>Salida nominal de voltaje: 120v.<\/td>\n<\/tr>\n<tr>\n<td>Cantidad \/ tipo de salidas: modo de bateria: onda sinusoidal, modulada por amplitud de pulsos, (pwm) 115v +\/-5%.<\/td>\n<\/tr>\n<tr>\n<td>Entrada<\/td>\n<\/tr>\n<tr>\n<td>Entrada m\u00e1xima en amps \/ watts: 12\u00aa.<\/td>\n<\/tr>\n<tr>\n<td>Tipo de conexi\u00f3n de entrada: nema 5-15p.<\/td>\n<\/tr>\n<tr>\n<td>Largo del cable de entrada: 6 pies, calibre 14.<\/td>\n<\/tr>\n<tr>\n<td>Servicio el\u00e9ctrico recomendado: 15a 120v.<\/td>\n<\/tr>\n<tr>\n<td>Bateria<\/td>\n<\/tr>\n<tr>\n<td>Tiempo de operaci\u00f3n a carga completa: 6 minutos (800va).<\/td>\n<\/tr>\n<tr>\n<td>Tiempo de operaci\u00f3n a media carga: 19 minutos (400va).<\/td>\n<\/tr>\n<tr>\n<td>Promedio de vida de la bater\u00eda t\u00edpico: 12v cd.<\/td>\n<\/tr>\n<tr>\n<td>Velocidad de recarga de la bater\u00eda: de 3 a 6 a\u00f1os regularmente.<\/td>\n<\/tr>\n<tr>\n<td>Juego de bater\u00edas incluido: de 2 a 4 horas al 90%.<\/td>\n<\/tr>\n<\/table>\n","protected":false},"excerpt":{"rendered":"<p>El sistema ups de tripp lite omnivs800 interactivo ofrece regulaci\u00f3n de voltaje, supresi\u00f3n de picos y el respaldo de la bater\u00eda de larga duraci\u00f3n para computadoras personales, equipo para trabajo de internet y otros equipos electr\u00f3nicos sensitivos. Circuitos internos del ups respaldan sistemas de pcs b\u00e1sicas por hasta 60 minutos durante fallas de la energ\u00eda a fin de que el equipo pueda ser apagado sin p\u00e9rdida de datos.<\/p>\n","protected":false},"featured_media":217986,"comment_status":"open","ping_status":"open","template":"","meta":[],"product_cat":[1508,1691],"product_tag":[1510],"acf":[],"yoast_head":"<!-- This site is optimized with the Yoast SEO plugin v21.7 - https:\/\/yoast.com\/wordpress\/plugins\/seo\/ -->\n<title>[ Tripp-lite ] &#129351; Omnivs800 Nobreak ,7 Cont.6 C\/r,p\/fm N. Garant\u00eda Limitada De 3 A\u00f1os.<\/title>\n<meta name=\"description\" content=\"Compra Omnivs800 Nobreak ,7 Cont.6 C\/r,p\/fm N. Garant\u00eda Limitada De 3 A\u00f1os. + Env\u00edo a domicilio + Pago seguro + Garant\u00eda\" \/>\n<meta name=\"robots\" content=\"index, follow, max-snippet:-1, max-image-preview:large, max-video-preview:-1\" \/>\n<link rel=\"canonical\" href=\"https:\/\/compuviper.mx\/tienda\/producto\/tripp-lite-omnivs800-nobreak-7-cont-6-c-rp-fm-n-garanta-limitada-de-3-aos\/\" \/>\n<meta property=\"og:locale\" content=\"es_MX\" \/>\n<meta property=\"og:type\" content=\"article\" \/>\n<meta property=\"og:title\" content=\"[ Tripp-lite ] &#129351; Omnivs800 Nobreak ,7 Cont.6 C\/r,p\/fm N. Garant\u00eda Limitada De 3 A\u00f1os.\" \/>\n<meta property=\"og:description\" content=\"Compra Omnivs800 Nobreak ,7 Cont.6 C\/r,p\/fm N. Garant\u00eda Limitada De 3 A\u00f1os. + Env\u00edo a domicilio + Pago seguro + Garant\u00eda\" \/>\n<meta property=\"og:url\" content=\"https:\/\/compuviper.mx\/tienda\/producto\/tripp-lite-omnivs800-nobreak-7-cont-6-c-rp-fm-n-garanta-limitada-de-3-aos\/\" \/>\n<meta property=\"og:site_name\" content=\"Compuviper\" \/>\n<meta property=\"article:publisher\" content=\"https:\/\/www.facebook.com\/compuviper\" \/>\n<meta property=\"og:image\" content=\"https:\/\/compuviper.mx\/tienda\/wp-content\/uploads\/2023\/12\/Nobreak-tripp-lite-omnivs8007-cont.6-crpfm-n.-garantia-limitada-de-3-anos.jpg\" \/>\n\t<meta property=\"og:image:width\" content=\"200\" \/>\n\t<meta property=\"og:image:height\" content=\"200\" \/>\n\t<meta property=\"og:image:type\" content=\"image\/jpeg\" \/>\n<meta name=\"twitter:card\" content=\"summary_large_image\" \/>\n<meta name=\"twitter:label1\" content=\"Precio\" \/>\n\t<meta name=\"twitter:data1\" content=\"&#36;4,331 con IVA\" \/>\n\t<meta name=\"twitter:label2\" content=\"Availability\" \/>\n\t<meta name=\"twitter:data2\" content=\"Out of stock\" \/>\n<script type=\"application\/ld+json\" class=\"yoast-schema-graph\">{\"@context\":\"https:\/\/schema.org\",\"@graph\":[{\"@type\":\"WebPage\",\"@id\":\"https:\/\/compuviper.mx\/tienda\/producto\/tripp-lite-omnivs800-nobreak-7-cont-6-c-rp-fm-n-garanta-limitada-de-3-aos\/\",\"url\":\"https:\/\/compuviper.mx\/tienda\/producto\/tripp-lite-omnivs800-nobreak-7-cont-6-c-rp-fm-n-garanta-limitada-de-3-aos\/\",\"name\":\"[ Tripp-lite ] &#129351; Omnivs800 Nobreak ,7 Cont.6 C\/r,p\/fm N. Garant\u00eda Limitada De 3 A\u00f1os.\",\"isPartOf\":{\"@id\":\"https:\/\/compuviper.mx\/tienda\/#website\"},\"datePublished\":\"2026-04-02T06:32:00+00:00\",\"dateModified\":\"2026-04-02T06:32:00+00:00\",\"description\":\"Compra Omnivs800 Nobreak ,7 Cont.6 C\/r,p\/fm N. Garant\u00eda Limitada De 3 A\u00f1os. + Env\u00edo a domicilio + Pago seguro + Garant\u00eda\",\"breadcrumb\":{\"@id\":\"https:\/\/compuviper.mx\/tienda\/producto\/tripp-lite-omnivs800-nobreak-7-cont-6-c-rp-fm-n-garanta-limitada-de-3-aos\/#breadcrumb\"},\"inLanguage\":\"es-MX\",\"potentialAction\":[{\"@type\":\"ReadAction\",\"target\":[\"https:\/\/compuviper.mx\/tienda\/producto\/tripp-lite-omnivs800-nobreak-7-cont-6-c-rp-fm-n-garanta-limitada-de-3-aos\/\"]}]},{\"@type\":\"BreadcrumbList\",\"@id\":\"https:\/\/compuviper.mx\/tienda\/producto\/tripp-lite-omnivs800-nobreak-7-cont-6-c-rp-fm-n-garanta-limitada-de-3-aos\/#breadcrumb\",\"itemListElement\":[{\"@type\":\"ListItem\",\"position\":1,\"name\":\"Inicio\",\"item\":\"https:\/\/compuviper.mx\/tienda\/\"},{\"@type\":\"ListItem\",\"position\":2,\"name\":\"Productos\",\"item\":\"https:\/\/compuviper.mx\/tienda\/productos\/\"},{\"@type\":\"ListItem\",\"position\":3,\"name\":\"Energia\",\"item\":\"https:\/\/compuviper.mx\/tienda\/categoria-producto\/energia\/\"},{\"@type\":\"ListItem\",\"position\":4,\"name\":\"No Break\",\"item\":\"https:\/\/compuviper.mx\/tienda\/categoria-producto\/energia\/no-break\/\"},{\"@type\":\"ListItem\",\"position\":5,\"name\":\"Tripp-lite Omnivs800 Nobreak ,7 Cont.6 C\/r,p\/fm N. Garant?a Limitada De 3 A?os.\"}]},{\"@type\":\"WebSite\",\"@id\":\"https:\/\/compuviper.mx\/tienda\/#website\",\"url\":\"https:\/\/compuviper.mx\/tienda\/\",\"name\":\"Compuviper\",\"description\":\"Proveedor de Computadoras, Laptops, Servidores, Monitores, Puntos de Venta, Teclados,   Impresoras, T\u00f3ner, C\u00e1maras de Seguridad y m\u00e1s en tu tienda en l\u00ednea\",\"publisher\":{\"@id\":\"https:\/\/compuviper.mx\/tienda\/#organization\"},\"potentialAction\":[{\"@type\":\"SearchAction\",\"target\":{\"@type\":\"EntryPoint\",\"urlTemplate\":\"https:\/\/compuviper.mx\/tienda\/?s={search_term_string}\"},\"query-input\":\"required name=search_term_string\"}],\"inLanguage\":\"es-MX\"},{\"@type\":\"Organization\",\"@id\":\"https:\/\/compuviper.mx\/tienda\/#organization\",\"name\":\"Compuviper\",\"url\":\"https:\/\/compuviper.mx\/tienda\/\",\"logo\":{\"@type\":\"ImageObject\",\"inLanguage\":\"es-MX\",\"@id\":\"https:\/\/compuviper.mx\/tienda\/#\/schema\/logo\/image\/\",\"url\":\"https:\/\/compuviper.mx\/tienda\/wp-content\/uploads\/2021\/08\/Logo-Compuviper-10.png\",\"contentUrl\":\"https:\/\/compuviper.mx\/tienda\/wp-content\/uploads\/2021\/08\/Logo-Compuviper-10.png\",\"width\":1000,\"height\":500,\"caption\":\"Compuviper\"},\"image\":{\"@id\":\"https:\/\/compuviper.mx\/tienda\/#\/schema\/logo\/image\/\"},\"sameAs\":[\"https:\/\/www.facebook.com\/compuviper\",\"https:\/\/www.youtube.com\/channel\/UCf73dERp9Y3cfOq7q8BhLjA?view_as=subscriber\"]}]}<\/script>\n<meta property=\"product:brand\" content=\"TRIPP-LITE\" \/>\n<meta property=\"product:price:amount\" content=\"4331\" \/>\n<meta property=\"product:price:currency\" content=\"MXN\" \/>\n<meta property=\"og:availability\" content=\"out of stock\" \/>\n<meta property=\"product:availability\" content=\"out of stock\" \/>\n<meta property=\"product:retailer_item_id\" content=\"OMNIVS800\" \/>\n<meta property=\"product:condition\" content=\"new\" \/>\n<!-- \/ Yoast SEO plugin. -->","yoast_head_json":{"title":"[ Tripp-lite ] &#129351; Omnivs800 Nobreak ,7 Cont.6 C\/r,p\/fm N. Garant\u00eda Limitada De 3 A\u00f1os.","description":"Compra Omnivs800 Nobreak ,7 Cont.6 C\/r,p\/fm N. Garant\u00eda Limitada De 3 A\u00f1os. + Env\u00edo a domicilio + Pago seguro + Garant\u00eda","robots":{"index":"index","follow":"follow","max-snippet":"max-snippet:-1","max-image-preview":"max-image-preview:large","max-video-preview":"max-video-preview:-1"},"canonical":"https:\/\/compuviper.mx\/tienda\/producto\/tripp-lite-omnivs800-nobreak-7-cont-6-c-rp-fm-n-garanta-limitada-de-3-aos\/","og_locale":"es_MX","og_type":"article","og_title":"[ Tripp-lite ] &#129351; Omnivs800 Nobreak ,7 Cont.6 C\/r,p\/fm N. Garant\u00eda Limitada De 3 A\u00f1os.","og_description":"Compra Omnivs800 Nobreak ,7 Cont.6 C\/r,p\/fm N. Garant\u00eda Limitada De 3 A\u00f1os. + Env\u00edo a domicilio + Pago seguro + Garant\u00eda","og_url":"https:\/\/compuviper.mx\/tienda\/producto\/tripp-lite-omnivs800-nobreak-7-cont-6-c-rp-fm-n-garanta-limitada-de-3-aos\/","og_site_name":"Compuviper","article_publisher":"https:\/\/www.facebook.com\/compuviper","og_image":[{"width":200,"height":200,"url":"https:\/\/compuviper.mx\/tienda\/wp-content\/uploads\/2023\/12\/Nobreak-tripp-lite-omnivs8007-cont.6-crpfm-n.-garantia-limitada-de-3-anos.jpg","type":"image\/jpeg"}],"twitter_card":"summary_large_image","twitter_misc":{"Precio":"&#36;4,331 con IVA","Availability":"Out of stock"},"schema":{"@context":"https:\/\/schema.org","@graph":[{"@type":"WebPage","@id":"https:\/\/compuviper.mx\/tienda\/producto\/tripp-lite-omnivs800-nobreak-7-cont-6-c-rp-fm-n-garanta-limitada-de-3-aos\/","url":"https:\/\/compuviper.mx\/tienda\/producto\/tripp-lite-omnivs800-nobreak-7-cont-6-c-rp-fm-n-garanta-limitada-de-3-aos\/","name":"[ Tripp-lite ] &#129351; Omnivs800 Nobreak ,7 Cont.6 C\/r,p\/fm N. Garant\u00eda Limitada De 3 A\u00f1os.","isPartOf":{"@id":"https:\/\/compuviper.mx\/tienda\/#website"},"datePublished":"2026-04-02T06:32:00+00:00","dateModified":"2026-04-02T06:32:00+00:00","description":"Compra Omnivs800 Nobreak ,7 Cont.6 C\/r,p\/fm N. Garant\u00eda Limitada De 3 A\u00f1os. + Env\u00edo a domicilio + Pago seguro + Garant\u00eda","breadcrumb":{"@id":"https:\/\/compuviper.mx\/tienda\/producto\/tripp-lite-omnivs800-nobreak-7-cont-6-c-rp-fm-n-garanta-limitada-de-3-aos\/#breadcrumb"},"inLanguage":"es-MX","potentialAction":[{"@type":"ReadAction","target":["https:\/\/compuviper.mx\/tienda\/producto\/tripp-lite-omnivs800-nobreak-7-cont-6-c-rp-fm-n-garanta-limitada-de-3-aos\/"]}]},{"@type":"BreadcrumbList","@id":"https:\/\/compuviper.mx\/tienda\/producto\/tripp-lite-omnivs800-nobreak-7-cont-6-c-rp-fm-n-garanta-limitada-de-3-aos\/#breadcrumb","itemListElement":[{"@type":"ListItem","position":1,"name":"Inicio","item":"https:\/\/compuviper.mx\/tienda\/"},{"@type":"ListItem","position":2,"name":"Productos","item":"https:\/\/compuviper.mx\/tienda\/productos\/"},{"@type":"ListItem","position":3,"name":"Energia","item":"https:\/\/compuviper.mx\/tienda\/categoria-producto\/energia\/"},{"@type":"ListItem","position":4,"name":"No Break","item":"https:\/\/compuviper.mx\/tienda\/categoria-producto\/energia\/no-break\/"},{"@type":"ListItem","position":5,"name":"Tripp-lite Omnivs800 Nobreak ,7 Cont.6 C\/r,p\/fm N. Garant?a Limitada De 3 A?os."}]},{"@type":"WebSite","@id":"https:\/\/compuviper.mx\/tienda\/#website","url":"https:\/\/compuviper.mx\/tienda\/","name":"Compuviper","description":"Proveedor de Computadoras, Laptops, Servidores, Monitores, Puntos de Venta, Teclados,   Impresoras, T\u00f3ner, C\u00e1maras de Seguridad y m\u00e1s en tu tienda en l\u00ednea","publisher":{"@id":"https:\/\/compuviper.mx\/tienda\/#organization"},"potentialAction":[{"@type":"SearchAction","target":{"@type":"EntryPoint","urlTemplate":"https:\/\/compuviper.mx\/tienda\/?s={search_term_string}"},"query-input":"required name=search_term_string"}],"inLanguage":"es-MX"},{"@type":"Organization","@id":"https:\/\/compuviper.mx\/tienda\/#organization","name":"Compuviper","url":"https:\/\/compuviper.mx\/tienda\/","logo":{"@type":"ImageObject","inLanguage":"es-MX","@id":"https:\/\/compuviper.mx\/tienda\/#\/schema\/logo\/image\/","url":"https:\/\/compuviper.mx\/tienda\/wp-content\/uploads\/2021\/08\/Logo-Compuviper-10.png","contentUrl":"https:\/\/compuviper.mx\/tienda\/wp-content\/uploads\/2021\/08\/Logo-Compuviper-10.png","width":1000,"height":500,"caption":"Compuviper"},"image":{"@id":"https:\/\/compuviper.mx\/tienda\/#\/schema\/logo\/image\/"},"sameAs":["https:\/\/www.facebook.com\/compuviper","https:\/\/www.youtube.com\/channel\/UCf73dERp9Y3cfOq7q8BhLjA?view_as=subscriber"]}]},"product_brand":"TRIPP-LITE","product_price_amount":"4331","product_price_currency":"MXN","og_availability":"out of stock","product_availability":"out of stock","product_retailer_item_id":"OMNIVS800","product_condition":"new"},"_links":{"self":[{"href":"https:\/\/compuviper.mx\/tienda\/wp-json\/wp\/v2\/product\/217985"}],"collection":[{"href":"https:\/\/compuviper.mx\/tienda\/wp-json\/wp\/v2\/product"}],"about":[{"href":"https:\/\/compuviper.mx\/tienda\/wp-json\/wp\/v2\/types\/product"}],"replies":[{"embeddable":true,"href":"https:\/\/compuviper.mx\/tienda\/wp-json\/wp\/v2\/comments?post=217985"}],"wp:featuredmedia":[{"embeddable":true,"href":"https:\/\/compuviper.mx\/tienda\/wp-json\/wp\/v2\/media\/217986"}],"wp:attachment":[{"href":"https:\/\/compuviper.mx\/tienda\/wp-json\/wp\/v2\/media?parent=217985"}],"wp:term":[{"taxonomy":"product_cat","embeddable":true,"href":"https:\/\/compuviper.mx\/tienda\/wp-json\/wp\/v2\/product_cat?post=217985"},{"taxonomy":"product_tag","embeddable":true,"href":"https:\/\/compuviper.mx\/tienda\/wp-json\/wp\/v2\/product_tag?post=217985"}],"curies":[{"name":"wp","href":"https:\/\/api.w.org\/{rel}","templated":true}]}}