{"id":217983,"date":"2026-04-07T00:32:24","date_gmt":"2026-04-07T06:32:24","guid":{"rendered":"https:\/\/compuviper.mx\/tienda\/producto\/apc-smx3000rmlv2u-no-break-smart-ups-3000va-serie-x-rack-torre-lcd-100-127v\/"},"modified":"2026-04-07T00:32:24","modified_gmt":"2026-04-07T06:32:24","slug":"apc-smx3000rmlv2u-no-break-smart-ups-3000va-serie-x-rack-torre-lcd-100-127v","status":"publish","type":"product","link":"https:\/\/compuviper.mx\/tienda\/producto\/apc-smx3000rmlv2u-no-break-smart-ups-3000va-serie-x-rack-torre-lcd-100-127v\/","title":{"rendered":"Apc Smx3000rmlv2u No Break  Smart-ups 3000va Serie X Rack \/ Torre Lcd 100-127v"},"content":{"rendered":"<table class=\"descripcion\">\n<tr>\n<td>Salida<\/td>\n<\/tr>\n<tr>\n<td>Capacidad de potencia de salida: 2.7 kvatios \/ 2.88 kva<\/td>\n<\/tr>\n<tr>\n<td>M\u00e1xima potencia configurable:  2.7 kvatios \/ 2.88 kva<\/td>\n<\/tr>\n<tr>\n<td>Tensi\u00f3n de salida nominal: 120v<\/td>\n<\/tr>\n<tr>\n<td>Distorsi\u00f3n de tensi\u00f3n de salida: menos que 5%<\/td>\n<\/tr>\n<tr>\n<td>Frequencia de salida (sincronizada con la red): 50\/60hz +\/- 3 hz<\/td>\n<\/tr>\n<tr>\n<td>Topolog\u00eda: l\u00ednea interactiva<\/td>\n<\/tr>\n<tr>\n<td>Tipo de forma de onda: onda senoidal<\/td>\n<\/tr>\n<tr>\n<td>Conexiones de salida: (3) nema 5-15r (respaldo de bater\u00eda), (3) nema 5-20r (respaldo de bater\u00eda), (1) nema l5-30r (respaldo de bater\u00eda)<\/td>\n<\/tr>\n<tr>\n<td>Tiempo de transferencia: 2-4 ms<\/td>\n<\/tr>\n<tr>\n<td>Duraci\u00f3n de transferencia: 4ms typical : 8ms maximum<\/td>\n<\/tr>\n<tr>\n<td>Entrada<\/td>\n<\/tr>\n<tr>\n<td>Entrada de voltaje: 120v<\/td>\n<\/tr>\n<tr>\n<td>Frecuencia de entrada: 50\/60 hz +\/- 3 hz (autosensible)<\/td>\n<\/tr>\n<tr>\n<td>Tipo de enchufe: nema l5-30p<\/td>\n<\/tr>\n<tr>\n<td>Longitud del cable: 2.44 metros<\/td>\n<\/tr>\n<tr>\n<td>Variaci\u00f3n de tensi\u00f3n de entrada para operaciones principales: 70 &#8211; 153v<\/td>\n<\/tr>\n<tr>\n<td>Cantidad de cables de alimentaci\u00f3n: 1<\/td>\n<\/tr>\n<tr>\n<td>Tiempo de transferencia: 2-4 ms<\/td>\n<\/tr>\n<tr>\n<td>Bater\u00edas y autonom\u00eda<\/td>\n<\/tr>\n<tr>\n<td>Tipo de bater\u00eda: bater\u00eda sellada de plomo sin necesidad de mantenci\u00f3n con electrolito suspendido: a prueba de filtraci\u00f3n<\/td>\n<\/tr>\n<tr>\n<td>Tiempo de recarga t\u00edpico: 3 horas<\/td>\n<\/tr>\n<tr>\n<td>Bater\u00eda de recambio: apcrbc117<\/td>\n<\/tr>\n<tr>\n<td>Vida \u00fatil esperada de las bater\u00edas:  3-5 a\u00f1os<\/td>\n<\/tr>\n<tr>\n<td>Cantidad de cartuchos de bater\u00eda de recambio: 1<\/td>\n<\/tr>\n<tr>\n<td>Duraci\u00f3n prolongable: 1<\/td>\n<\/tr>\n<tr>\n<td>Capacidad va\/hora de la bater\u00eda: 738<\/td>\n<\/tr>\n<\/table>\n","protected":false},"excerpt":{"rendered":"<p>Reconocimiento autom\u00e1tico de bater\u00edas externas. La unidad ups detecta la conexi\u00f3n de paquetes de bater\u00edas externas y ajusta de manera autom\u00e1tica el tiempo de autonom\u00eda. Capacidad de arranque en fr\u00edo. Proporciona alimentaci\u00f3n temporaria a trav\u00e9s de la bater\u00eda cuando se interrumpe el suministro de la red. Medidor de energ\u00eda. Proporciona informaci\u00f3n sobre kilovatios por hora de uso en un momento dado para los usuarios que cuidan la energ\u00eda. Modo ecol\u00f3gico. Modo de funcionamiento que permite saltear los componentes el\u00e9ctricos en buenas condiciones energ\u00e9ticas que no se est\u00e1n utilizando para lograr un alt\u00edsimo nivel de eficiencia operativa sin sacrificar la protecci\u00f3n (patente en tr\u00e1mite) . Dise\u00f1o de alta frecuencia. Reduce o elimina la necesidad de transformadores de gran tama\u00f1o; de este modo, las unidades resultan m\u00e1s livianas y f\u00e1ciles de. Transportar. Gran eficiencia on line. Reduce los costos del servicio el\u00e9ctrico y la generaci\u00f3n de calor. Manejo inteligente de la bater\u00eda. Maximiza el rendimiento, la vida \u00fatil y la confiabilidad de las bater\u00edas a trav\u00e9s de la carga inteligente y de precisi\u00f3n. Interfaz lcd intuitiva. Ofrece informaci\u00f3n clara y precisa en diversos idiomas y brinda la posibilidad de configurar la unidad ups localmente mediante teclas de navegaci\u00f3n f\u00e1ciles de usar. Grupos m\u00faltiples de tomas de salida con conmutaci\u00f3n. Grupos m\u00faltiples de tomas de salida que pueden controlarse por separado desde la unidad ups para reiniciar espec\u00edficamente los dispositivos que no respondan, secuenciar el encendido y el apagado y desconectar cargas no cr\u00edticas. Fecha predictiva de reemplazo de bater\u00edas. Informa din\u00e1micamente el mes y el a\u00f1o recomendados para el reemplazo de bater\u00edas, lo que facilita la planificaci\u00f3n del mantenimiento en el largo plazo. Salida con onda senoidal pura en alimentaci\u00f3n a bater\u00edas. Se crea una simulaci\u00f3n del suministro de red a fin de proporcionar el mayor grado posible de compatibilidad para dispositivos electr\u00f3nicos sensibles y servidores con correcci\u00f3n del factor de potencia activa. Convertible para torre o rack. Protege la inversi\u00f3n inicial en sistemas ups cuando se migra de un entorno en torre a otro de montaje en rack. Autonom\u00eda escalable. Permite incrementar la autonom\u00eda r\u00e1pidamente cuando se lo necesita. Cierre y reinicio secuencial de red. Configure ciertos grupos de tomas de salida para que se apaguen y enciendan en un orden predeterminado (para unidades ups con grupos de tomas de salida con conmutaci\u00f3n). Smartslot. Personalice las funcionalidades de la ups mediante placas de gesti\u00f3n. Struxureware data center expert compatible. Permite la administraci\u00f3n centralizada a trav\u00e9s de infrastruxure\u00ae central de apc. Carga de bater\u00edas con compensaci\u00f3n de temperatura. Prolonga la vida \u00fatil de las bater\u00edas al regular la tensi\u00f3n de carga seg\u00fan la temperatura real de las bater\u00edas<\/p>\n","protected":false},"featured_media":217984,"comment_status":"open","ping_status":"open","template":"","meta":[],"product_cat":[1508,1691],"product_tag":[1694],"acf":[],"yoast_head":"<!-- This site is optimized with the Yoast SEO plugin v21.7 - https:\/\/yoast.com\/wordpress\/plugins\/seo\/ -->\n<title>[ Apc ] &#129351; Smx3000rmlv2u No Break Smart-ups 3000va Serie X Rack \/ Torre Lcd 100-127v<\/title>\n<meta name=\"description\" content=\"Compra Smx3000rmlv2u No Break Smart-ups 3000va Serie X Rack \/ Torre Lcd 100-127v + Env\u00edo a domicilio + Pago seguro + Garant\u00eda\" \/>\n<meta name=\"robots\" content=\"index, follow, max-snippet:-1, max-image-preview:large, max-video-preview:-1\" \/>\n<link rel=\"canonical\" href=\"https:\/\/compuviper.mx\/tienda\/producto\/apc-smx3000rmlv2u-no-break-smart-ups-3000va-serie-x-rack-torre-lcd-100-127v\/\" \/>\n<meta property=\"og:locale\" content=\"es_MX\" \/>\n<meta property=\"og:type\" content=\"article\" \/>\n<meta property=\"og:title\" content=\"[ Apc ] &#129351; Smx3000rmlv2u No Break Smart-ups 3000va Serie X Rack \/ Torre Lcd 100-127v\" \/>\n<meta property=\"og:description\" content=\"Compra Smx3000rmlv2u No Break Smart-ups 3000va Serie X Rack \/ Torre Lcd 100-127v + Env\u00edo a domicilio + Pago seguro + Garant\u00eda\" \/>\n<meta property=\"og:url\" content=\"https:\/\/compuviper.mx\/tienda\/producto\/apc-smx3000rmlv2u-no-break-smart-ups-3000va-serie-x-rack-torre-lcd-100-127v\/\" \/>\n<meta property=\"og:site_name\" content=\"Compuviper\" \/>\n<meta property=\"article:publisher\" content=\"https:\/\/www.facebook.com\/compuviper\" \/>\n<meta property=\"og:image\" content=\"https:\/\/compuviper.mx\/tienda\/wp-content\/uploads\/2023\/12\/No-break-apc-smart-ups-3000va-serie-x-rack-torre-lcd-100-127v.jpg\" \/>\n\t<meta property=\"og:image:width\" content=\"200\" \/>\n\t<meta property=\"og:image:height\" content=\"200\" \/>\n\t<meta property=\"og:image:type\" content=\"image\/jpeg\" \/>\n<meta name=\"twitter:card\" content=\"summary_large_image\" \/>\n<meta name=\"twitter:label1\" content=\"Precio\" \/>\n\t<meta name=\"twitter:data1\" content=\"&#36;31,278 con IVA\" \/>\n\t<meta name=\"twitter:label2\" content=\"Availability\" \/>\n\t<meta name=\"twitter:data2\" content=\"Out of stock\" \/>\n<script type=\"application\/ld+json\" class=\"yoast-schema-graph\">{\"@context\":\"https:\/\/schema.org\",\"@graph\":[{\"@type\":\"WebPage\",\"@id\":\"https:\/\/compuviper.mx\/tienda\/producto\/apc-smx3000rmlv2u-no-break-smart-ups-3000va-serie-x-rack-torre-lcd-100-127v\/\",\"url\":\"https:\/\/compuviper.mx\/tienda\/producto\/apc-smx3000rmlv2u-no-break-smart-ups-3000va-serie-x-rack-torre-lcd-100-127v\/\",\"name\":\"[ Apc ] &#129351; Smx3000rmlv2u No Break Smart-ups 3000va Serie X Rack \/ Torre Lcd 100-127v\",\"isPartOf\":{\"@id\":\"https:\/\/compuviper.mx\/tienda\/#website\"},\"datePublished\":\"2026-04-07T06:32:24+00:00\",\"dateModified\":\"2026-04-07T06:32:24+00:00\",\"description\":\"Compra Smx3000rmlv2u No Break Smart-ups 3000va Serie X Rack \/ Torre Lcd 100-127v + Env\u00edo a domicilio + Pago seguro + Garant\u00eda\",\"breadcrumb\":{\"@id\":\"https:\/\/compuviper.mx\/tienda\/producto\/apc-smx3000rmlv2u-no-break-smart-ups-3000va-serie-x-rack-torre-lcd-100-127v\/#breadcrumb\"},\"inLanguage\":\"es-MX\",\"potentialAction\":[{\"@type\":\"ReadAction\",\"target\":[\"https:\/\/compuviper.mx\/tienda\/producto\/apc-smx3000rmlv2u-no-break-smart-ups-3000va-serie-x-rack-torre-lcd-100-127v\/\"]}]},{\"@type\":\"BreadcrumbList\",\"@id\":\"https:\/\/compuviper.mx\/tienda\/producto\/apc-smx3000rmlv2u-no-break-smart-ups-3000va-serie-x-rack-torre-lcd-100-127v\/#breadcrumb\",\"itemListElement\":[{\"@type\":\"ListItem\",\"position\":1,\"name\":\"Inicio\",\"item\":\"https:\/\/compuviper.mx\/tienda\/\"},{\"@type\":\"ListItem\",\"position\":2,\"name\":\"Productos\",\"item\":\"https:\/\/compuviper.mx\/tienda\/productos\/\"},{\"@type\":\"ListItem\",\"position\":3,\"name\":\"Energia\",\"item\":\"https:\/\/compuviper.mx\/tienda\/categoria-producto\/energia\/\"},{\"@type\":\"ListItem\",\"position\":4,\"name\":\"No Break\",\"item\":\"https:\/\/compuviper.mx\/tienda\/categoria-producto\/energia\/no-break\/\"},{\"@type\":\"ListItem\",\"position\":5,\"name\":\"Apc Smx3000rmlv2u No Break Smart-ups 3000va Serie X Rack \/ Torre Lcd 100-127v\"}]},{\"@type\":\"WebSite\",\"@id\":\"https:\/\/compuviper.mx\/tienda\/#website\",\"url\":\"https:\/\/compuviper.mx\/tienda\/\",\"name\":\"Compuviper\",\"description\":\"Proveedor de Computadoras, Laptops, Servidores, Monitores, Puntos de Venta, Teclados,   Impresoras, T\u00f3ner, C\u00e1maras de Seguridad y m\u00e1s en tu tienda en l\u00ednea\",\"publisher\":{\"@id\":\"https:\/\/compuviper.mx\/tienda\/#organization\"},\"potentialAction\":[{\"@type\":\"SearchAction\",\"target\":{\"@type\":\"EntryPoint\",\"urlTemplate\":\"https:\/\/compuviper.mx\/tienda\/?s={search_term_string}\"},\"query-input\":\"required name=search_term_string\"}],\"inLanguage\":\"es-MX\"},{\"@type\":\"Organization\",\"@id\":\"https:\/\/compuviper.mx\/tienda\/#organization\",\"name\":\"Compuviper\",\"url\":\"https:\/\/compuviper.mx\/tienda\/\",\"logo\":{\"@type\":\"ImageObject\",\"inLanguage\":\"es-MX\",\"@id\":\"https:\/\/compuviper.mx\/tienda\/#\/schema\/logo\/image\/\",\"url\":\"https:\/\/compuviper.mx\/tienda\/wp-content\/uploads\/2021\/08\/Logo-Compuviper-10.png\",\"contentUrl\":\"https:\/\/compuviper.mx\/tienda\/wp-content\/uploads\/2021\/08\/Logo-Compuviper-10.png\",\"width\":1000,\"height\":500,\"caption\":\"Compuviper\"},\"image\":{\"@id\":\"https:\/\/compuviper.mx\/tienda\/#\/schema\/logo\/image\/\"},\"sameAs\":[\"https:\/\/www.facebook.com\/compuviper\",\"https:\/\/www.youtube.com\/channel\/UCf73dERp9Y3cfOq7q8BhLjA?view_as=subscriber\"]}]}<\/script>\n<meta property=\"product:brand\" content=\"APC\" \/>\n<meta property=\"product:price:amount\" content=\"31278\" \/>\n<meta property=\"product:price:currency\" content=\"MXN\" \/>\n<meta property=\"og:availability\" content=\"out of stock\" \/>\n<meta property=\"product:availability\" content=\"out of stock\" \/>\n<meta property=\"product:retailer_item_id\" content=\"SMX3000RMLV2U\" \/>\n<meta property=\"product:condition\" content=\"new\" \/>\n<!-- \/ Yoast SEO plugin. -->","yoast_head_json":{"title":"[ Apc ] &#129351; Smx3000rmlv2u No Break Smart-ups 3000va Serie X Rack \/ Torre Lcd 100-127v","description":"Compra Smx3000rmlv2u No Break Smart-ups 3000va Serie X Rack \/ Torre Lcd 100-127v + Env\u00edo a domicilio + Pago seguro + Garant\u00eda","robots":{"index":"index","follow":"follow","max-snippet":"max-snippet:-1","max-image-preview":"max-image-preview:large","max-video-preview":"max-video-preview:-1"},"canonical":"https:\/\/compuviper.mx\/tienda\/producto\/apc-smx3000rmlv2u-no-break-smart-ups-3000va-serie-x-rack-torre-lcd-100-127v\/","og_locale":"es_MX","og_type":"article","og_title":"[ Apc ] &#129351; Smx3000rmlv2u No Break Smart-ups 3000va Serie X Rack \/ Torre Lcd 100-127v","og_description":"Compra Smx3000rmlv2u No Break Smart-ups 3000va Serie X Rack \/ Torre Lcd 100-127v + Env\u00edo a domicilio + Pago seguro + Garant\u00eda","og_url":"https:\/\/compuviper.mx\/tienda\/producto\/apc-smx3000rmlv2u-no-break-smart-ups-3000va-serie-x-rack-torre-lcd-100-127v\/","og_site_name":"Compuviper","article_publisher":"https:\/\/www.facebook.com\/compuviper","og_image":[{"width":200,"height":200,"url":"https:\/\/compuviper.mx\/tienda\/wp-content\/uploads\/2023\/12\/No-break-apc-smart-ups-3000va-serie-x-rack-torre-lcd-100-127v.jpg","type":"image\/jpeg"}],"twitter_card":"summary_large_image","twitter_misc":{"Precio":"&#36;31,278 con IVA","Availability":"Out of stock"},"schema":{"@context":"https:\/\/schema.org","@graph":[{"@type":"WebPage","@id":"https:\/\/compuviper.mx\/tienda\/producto\/apc-smx3000rmlv2u-no-break-smart-ups-3000va-serie-x-rack-torre-lcd-100-127v\/","url":"https:\/\/compuviper.mx\/tienda\/producto\/apc-smx3000rmlv2u-no-break-smart-ups-3000va-serie-x-rack-torre-lcd-100-127v\/","name":"[ Apc ] &#129351; Smx3000rmlv2u No Break Smart-ups 3000va Serie X Rack \/ Torre Lcd 100-127v","isPartOf":{"@id":"https:\/\/compuviper.mx\/tienda\/#website"},"datePublished":"2026-04-07T06:32:24+00:00","dateModified":"2026-04-07T06:32:24+00:00","description":"Compra Smx3000rmlv2u No Break Smart-ups 3000va Serie X Rack \/ Torre Lcd 100-127v + Env\u00edo a domicilio + Pago seguro + Garant\u00eda","breadcrumb":{"@id":"https:\/\/compuviper.mx\/tienda\/producto\/apc-smx3000rmlv2u-no-break-smart-ups-3000va-serie-x-rack-torre-lcd-100-127v\/#breadcrumb"},"inLanguage":"es-MX","potentialAction":[{"@type":"ReadAction","target":["https:\/\/compuviper.mx\/tienda\/producto\/apc-smx3000rmlv2u-no-break-smart-ups-3000va-serie-x-rack-torre-lcd-100-127v\/"]}]},{"@type":"BreadcrumbList","@id":"https:\/\/compuviper.mx\/tienda\/producto\/apc-smx3000rmlv2u-no-break-smart-ups-3000va-serie-x-rack-torre-lcd-100-127v\/#breadcrumb","itemListElement":[{"@type":"ListItem","position":1,"name":"Inicio","item":"https:\/\/compuviper.mx\/tienda\/"},{"@type":"ListItem","position":2,"name":"Productos","item":"https:\/\/compuviper.mx\/tienda\/productos\/"},{"@type":"ListItem","position":3,"name":"Energia","item":"https:\/\/compuviper.mx\/tienda\/categoria-producto\/energia\/"},{"@type":"ListItem","position":4,"name":"No Break","item":"https:\/\/compuviper.mx\/tienda\/categoria-producto\/energia\/no-break\/"},{"@type":"ListItem","position":5,"name":"Apc Smx3000rmlv2u No Break Smart-ups 3000va Serie X Rack \/ Torre Lcd 100-127v"}]},{"@type":"WebSite","@id":"https:\/\/compuviper.mx\/tienda\/#website","url":"https:\/\/compuviper.mx\/tienda\/","name":"Compuviper","description":"Proveedor de Computadoras, Laptops, Servidores, Monitores, Puntos de Venta, Teclados,   Impresoras, T\u00f3ner, C\u00e1maras de Seguridad y m\u00e1s en tu tienda en l\u00ednea","publisher":{"@id":"https:\/\/compuviper.mx\/tienda\/#organization"},"potentialAction":[{"@type":"SearchAction","target":{"@type":"EntryPoint","urlTemplate":"https:\/\/compuviper.mx\/tienda\/?s={search_term_string}"},"query-input":"required name=search_term_string"}],"inLanguage":"es-MX"},{"@type":"Organization","@id":"https:\/\/compuviper.mx\/tienda\/#organization","name":"Compuviper","url":"https:\/\/compuviper.mx\/tienda\/","logo":{"@type":"ImageObject","inLanguage":"es-MX","@id":"https:\/\/compuviper.mx\/tienda\/#\/schema\/logo\/image\/","url":"https:\/\/compuviper.mx\/tienda\/wp-content\/uploads\/2021\/08\/Logo-Compuviper-10.png","contentUrl":"https:\/\/compuviper.mx\/tienda\/wp-content\/uploads\/2021\/08\/Logo-Compuviper-10.png","width":1000,"height":500,"caption":"Compuviper"},"image":{"@id":"https:\/\/compuviper.mx\/tienda\/#\/schema\/logo\/image\/"},"sameAs":["https:\/\/www.facebook.com\/compuviper","https:\/\/www.youtube.com\/channel\/UCf73dERp9Y3cfOq7q8BhLjA?view_as=subscriber"]}]},"product_brand":"APC","product_price_amount":"31278","product_price_currency":"MXN","og_availability":"out of stock","product_availability":"out of stock","product_retailer_item_id":"SMX3000RMLV2U","product_condition":"new"},"_links":{"self":[{"href":"https:\/\/compuviper.mx\/tienda\/wp-json\/wp\/v2\/product\/217983"}],"collection":[{"href":"https:\/\/compuviper.mx\/tienda\/wp-json\/wp\/v2\/product"}],"about":[{"href":"https:\/\/compuviper.mx\/tienda\/wp-json\/wp\/v2\/types\/product"}],"replies":[{"embeddable":true,"href":"https:\/\/compuviper.mx\/tienda\/wp-json\/wp\/v2\/comments?post=217983"}],"wp:featuredmedia":[{"embeddable":true,"href":"https:\/\/compuviper.mx\/tienda\/wp-json\/wp\/v2\/media\/217984"}],"wp:attachment":[{"href":"https:\/\/compuviper.mx\/tienda\/wp-json\/wp\/v2\/media?parent=217983"}],"wp:term":[{"taxonomy":"product_cat","embeddable":true,"href":"https:\/\/compuviper.mx\/tienda\/wp-json\/wp\/v2\/product_cat?post=217983"},{"taxonomy":"product_tag","embeddable":true,"href":"https:\/\/compuviper.mx\/tienda\/wp-json\/wp\/v2\/product_tag?post=217983"}],"curies":[{"name":"wp","href":"https:\/\/api.w.org\/{rel}","templated":true}]}}