{"id":217980,"date":"2026-04-07T00:32:22","date_gmt":"2026-04-07T06:32:22","guid":{"rendered":"https:\/\/compuviper.mx\/tienda\/producto\/eaton-k4151100s000000-no-break-ups-modelo-9155-15-208v-6-5m-7pf-2-h-w-mbpcon-bypass-de-mant-cotizar-con-pm-servicio-de-arranque-y-viaticos-por-garantia-de-ups\/"},"modified":"2026-04-07T00:32:22","modified_gmt":"2026-04-07T06:32:22","slug":"eaton-k4151100s000000-no-break-ups-modelo-9155-15-208v-6-5m-7pf-2-h-w-mbpcon-bypass-de-mant-cotizar-con-pm-servicio-de-arranque-y-viaticos-por-garantia-de-ups","status":"publish","type":"product","link":"https:\/\/compuviper.mx\/tienda\/producto\/eaton-k4151100s000000-no-break-ups-modelo-9155-15-208v-6-5m-7pf-2-h-w-mbpcon-bypass-de-mant-cotizar-con-pm-servicio-de-arranque-y-viaticos-por-garantia-de-ups\/","title":{"rendered":"Eaton K4151100s000000 No Break \/ Ups \/  \/ Modelo  \/ 9155-15 208v 6.5m@.7pf 2-h (w\/mbp)con Bypass De Mant. \/\/ Cotizar Con Pm Servicio De Arranque Y Viaticos Por Garantia De Ups"},"content":{"rendered":"<table class=\"descripcion\">\n<tr>\n<td>Eaton 9155 ups proporciona energa de respaldo de doble conversin premium y tiempos de ejecucin de batera modificables para it e infraestructura de ingeniera elctrica u otros sistemas crticos en aplicaciones corporativas, de atencin mdica, bancarias, e industriales. compacta el m\u00e1ximo tiempo de ejecucin de batera en muy poco espacio, convierte un 9155 ups en una solucin de proteccin de energa trif\u00e1sica realmente completa.<\/td>\n<\/tr>\n<\/table>\n","protected":false},"excerpt":{"rendered":"<p>Rango de energa 15 kva. Voltaje 200-240 vac. Frecuencia 50\/60 hz. Configuracin tower. Serie del producto powerware. Poder. Valoracin de 15 kva a factor de potencia 0,9. Verdadera topologa de doble conversin en lnea de ups. Entrada elctrica. Entrada de voltaje 200v &#8211; 240v con neutro o con el transformador de entrada opcional. El voltaje de entrada entre -15, 10 de la nominal al 100 de carga, sin agotar la batera. Frecuencia de operacin 50\/60 hz 45 a 65 hz. Factor de potencia de entrada pf  0,99 convertidor tpico,  0,96 frecuencia. Distorsin corriente de entrada del 5 thd. Salida elctrica. Tensin nominal de salida 100\/200, 110\/220, 120\/180 vac 240 \u00ba desplazamiento de fase, 120\/208, 127\/220 vac 120 \u00ba desplazamiento de fase. Salida de regulacin de voltaje de \u00b1 1 est\u00e1tica, din\u00e1mica \u00b1 5 en la variacin de la carga resistiva 100,  1 ms tiempo de respuesta. La eficiencia tpica del 90. Batera. Tipo de batera 9ah, sellado, de plomo-\u00e1cido, sin mantenimiento. Duracin de batera ver tabla de duracin de la batera. Reemplazo de la batera reemplazable en el campo. Cargador por defecto es 3.4a por cadena de bateras. Cargador de corriente se puede configurar de 0,5 a 25a por cadena con un m\u00e1ximo global de 34a limitado por la corriente de entrada. Inicio en batera permite el arranque del ups sin la aportacin de utilidad. General. Diagnstico del sistema completo de autocomprobacin en el arranque. Ups bypass autom\u00e1tico en caso de sobrecarga o de fallo del sai. En paralelo para redundancia y capacidad s, utilizando la tecnologa powerware hot sync. Dimensiones y peso vase la tabla de seleccin de modelos. Sobrecarga. Funcionamiento normal 150 durante 5 segundos \/ 125 durante 1 minuto en lnea. 110 durante 10 min. Comunicaciones. Pantalla lcd gr\u00e1fica lcd con retroiluminacin azul. Led 4 led de aviso y alarma. Alarmas sonoras s. Puertos de comunicacin 1 rs-232, 1 rel de contacto, 1 repo. 2 de entrada del medio ambiente. Comunicacin slot 2 x-slot para comunicaciones. El software power management software incluido suite cd. Ambiental. Temperatura de 10 \u00ba c a 40 \u00ba c, 45 \u00ba c con 7,5 de reduccin. Las bateras se recomienda m\u00e1x. 25 \u00ba c. Temperatura de almacenamiento -15 \u00b0 c a 25 \u00b0 c. Humedad relativa 0-95, sin condensacin. El ruido audible  53 dba a 1 metro habitacin menos ruido tpica. Altitud  1000m a 40 \u00b0 c,  3000m a 25 \u00b0 c. Certificaciones. Certificaciones de seguridad nom-0190scfi-1993, ul 1778, csa c22.2 n \u00ba 107.3, en 5502 clase a cispr22 clase a y iec 60950, iec 62040-1-1. Cumplimiento de emc iec 62040-2, fcc part 15, ices-003, vcci. Calidad iso 9001: 2000 e iso 14001:1996. Las marcas ul, cul, csa, ce y la nom-nyce<\/p>\n","protected":false},"featured_media":242598,"comment_status":"open","ping_status":"open","template":"","meta":[],"product_cat":[1508,1691],"product_tag":[1698],"acf":[],"yoast_head":"<!-- This site is optimized with the Yoast SEO plugin v21.7 - https:\/\/yoast.com\/wordpress\/plugins\/seo\/ -->\n<title>[ Eaton ] &#129351; K4151100s000000 No Break \/ Ups \/ \/ Modelo \/ 9155-15 208v 6.5m@.7pf 2-h (w\/mbp)con Bypass De Mant. \/\/ Cotizar Con Pm Servicio De Arranque Y Viaticos Por Garantia De Ups<\/title>\n<meta name=\"description\" content=\"Compra K4151100s000000 No Break \/ Ups \/ \/ Modelo \/ 9155-15 208v 6.5m@.7pf 2-h (w\/mbp)con Bypass De Mant. \/\/ Cotizar Con Pm Servicio De Arranque Y Viaticos Por Garantia De Ups + Env\u00edo a domicilio + Pago seguro + Garant\u00eda\" \/>\n<meta name=\"robots\" content=\"index, follow, max-snippet:-1, max-image-preview:large, max-video-preview:-1\" \/>\n<link rel=\"canonical\" href=\"https:\/\/compuviper.mx\/tienda\/producto\/eaton-k4151100s000000-no-break-ups-modelo-9155-15-208v-6-5m-7pf-2-h-w-mbpcon-bypass-de-mant-cotizar-con-pm-servicio-de-arranque-y-viaticos-por-garantia-de-ups\/\" \/>\n<meta property=\"og:locale\" content=\"es_MX\" \/>\n<meta property=\"og:type\" content=\"article\" \/>\n<meta property=\"og:title\" content=\"[ Eaton ] &#129351; K4151100s000000 No Break \/ Ups \/ \/ Modelo \/ 9155-15 208v 6.5m@.7pf 2-h (w\/mbp)con Bypass De Mant. \/\/ Cotizar Con Pm Servicio De Arranque Y Viaticos Por Garantia De Ups\" \/>\n<meta property=\"og:description\" content=\"Compra K4151100s000000 No Break \/ Ups \/ \/ Modelo \/ 9155-15 208v 6.5m@.7pf 2-h (w\/mbp)con Bypass De Mant. \/\/ Cotizar Con Pm Servicio De Arranque Y Viaticos Por Garantia De Ups + Env\u00edo a domicilio + Pago seguro + Garant\u00eda\" \/>\n<meta property=\"og:url\" content=\"https:\/\/compuviper.mx\/tienda\/producto\/eaton-k4151100s000000-no-break-ups-modelo-9155-15-208v-6-5m-7pf-2-h-w-mbpcon-bypass-de-mant-cotizar-con-pm-servicio-de-arranque-y-viaticos-por-garantia-de-ups\/\" \/>\n<meta property=\"og:site_name\" content=\"Compuviper\" \/>\n<meta property=\"article:publisher\" content=\"https:\/\/www.facebook.com\/compuviper\" \/>\n<meta property=\"og:image\" content=\"https:\/\/compuviper.mx\/tienda\/wp-content\/uploads\/2024\/09\/No-break-ups-eaton-modelo-k4151100s000000-9155-15-208v-6.5m@.7pf-2-h-wmbpcon-bypass-de-mant.-cotizar-con-pm-servicio-de-arranque-y-viaticos-por-garantia-de-ups.jpg\" \/>\n\t<meta property=\"og:image:width\" content=\"200\" \/>\n\t<meta property=\"og:image:height\" content=\"200\" \/>\n\t<meta property=\"og:image:type\" content=\"image\/jpeg\" \/>\n<meta name=\"twitter:card\" content=\"summary_large_image\" \/>\n<meta name=\"twitter:label1\" content=\"Precio\" \/>\n\t<meta name=\"twitter:data1\" content=\"&#36;176,120 con IVA\" \/>\n\t<meta name=\"twitter:label2\" content=\"Availability\" \/>\n\t<meta name=\"twitter:data2\" content=\"On backorder\" \/>\n<script type=\"application\/ld+json\" class=\"yoast-schema-graph\">{\"@context\":\"https:\/\/schema.org\",\"@graph\":[{\"@type\":\"WebPage\",\"@id\":\"https:\/\/compuviper.mx\/tienda\/producto\/eaton-k4151100s000000-no-break-ups-modelo-9155-15-208v-6-5m-7pf-2-h-w-mbpcon-bypass-de-mant-cotizar-con-pm-servicio-de-arranque-y-viaticos-por-garantia-de-ups\/\",\"url\":\"https:\/\/compuviper.mx\/tienda\/producto\/eaton-k4151100s000000-no-break-ups-modelo-9155-15-208v-6-5m-7pf-2-h-w-mbpcon-bypass-de-mant-cotizar-con-pm-servicio-de-arranque-y-viaticos-por-garantia-de-ups\/\",\"name\":\"[ Eaton ] &#129351; K4151100s000000 No Break \/ Ups \/ \/ Modelo \/ 9155-15 208v 6.5m@.7pf 2-h (w\/mbp)con Bypass De Mant. \/\/ Cotizar Con Pm Servicio De Arranque Y Viaticos Por Garantia De Ups\",\"isPartOf\":{\"@id\":\"https:\/\/compuviper.mx\/tienda\/#website\"},\"datePublished\":\"2026-04-07T06:32:22+00:00\",\"dateModified\":\"2026-04-07T06:32:22+00:00\",\"description\":\"Compra K4151100s000000 No Break \/ Ups \/ \/ Modelo \/ 9155-15 208v 6.5m@.7pf 2-h (w\/mbp)con Bypass De Mant. \/\/ Cotizar Con Pm Servicio De Arranque Y Viaticos Por Garantia De Ups + Env\u00edo a domicilio + Pago seguro + Garant\u00eda\",\"breadcrumb\":{\"@id\":\"https:\/\/compuviper.mx\/tienda\/producto\/eaton-k4151100s000000-no-break-ups-modelo-9155-15-208v-6-5m-7pf-2-h-w-mbpcon-bypass-de-mant-cotizar-con-pm-servicio-de-arranque-y-viaticos-por-garantia-de-ups\/#breadcrumb\"},\"inLanguage\":\"es-MX\",\"potentialAction\":[{\"@type\":\"ReadAction\",\"target\":[\"https:\/\/compuviper.mx\/tienda\/producto\/eaton-k4151100s000000-no-break-ups-modelo-9155-15-208v-6-5m-7pf-2-h-w-mbpcon-bypass-de-mant-cotizar-con-pm-servicio-de-arranque-y-viaticos-por-garantia-de-ups\/\"]}]},{\"@type\":\"BreadcrumbList\",\"@id\":\"https:\/\/compuviper.mx\/tienda\/producto\/eaton-k4151100s000000-no-break-ups-modelo-9155-15-208v-6-5m-7pf-2-h-w-mbpcon-bypass-de-mant-cotizar-con-pm-servicio-de-arranque-y-viaticos-por-garantia-de-ups\/#breadcrumb\",\"itemListElement\":[{\"@type\":\"ListItem\",\"position\":1,\"name\":\"Inicio\",\"item\":\"https:\/\/compuviper.mx\/tienda\/\"},{\"@type\":\"ListItem\",\"position\":2,\"name\":\"Productos\",\"item\":\"https:\/\/compuviper.mx\/tienda\/productos\/\"},{\"@type\":\"ListItem\",\"position\":3,\"name\":\"Energia\",\"item\":\"https:\/\/compuviper.mx\/tienda\/categoria-producto\/energia\/\"},{\"@type\":\"ListItem\",\"position\":4,\"name\":\"No Break\",\"item\":\"https:\/\/compuviper.mx\/tienda\/categoria-producto\/energia\/no-break\/\"},{\"@type\":\"ListItem\",\"position\":5,\"name\":\"Eaton K4151100s000000 No Break \/ Ups \/ \/ Modelo \/ 9155-15 208v 6.5m@.7pf 2-h (w\/mbp)con Bypass De Mant. \/\/ Cotizar Con Pm Servicio De Arranque Y Viaticos Por Garantia De Ups\"}]},{\"@type\":\"WebSite\",\"@id\":\"https:\/\/compuviper.mx\/tienda\/#website\",\"url\":\"https:\/\/compuviper.mx\/tienda\/\",\"name\":\"Compuviper\",\"description\":\"Proveedor de Computadoras, Laptops, Servidores, Monitores, Puntos de Venta, Teclados,   Impresoras, T\u00f3ner, C\u00e1maras de Seguridad y m\u00e1s en tu tienda en l\u00ednea\",\"publisher\":{\"@id\":\"https:\/\/compuviper.mx\/tienda\/#organization\"},\"potentialAction\":[{\"@type\":\"SearchAction\",\"target\":{\"@type\":\"EntryPoint\",\"urlTemplate\":\"https:\/\/compuviper.mx\/tienda\/?s={search_term_string}\"},\"query-input\":\"required name=search_term_string\"}],\"inLanguage\":\"es-MX\"},{\"@type\":\"Organization\",\"@id\":\"https:\/\/compuviper.mx\/tienda\/#organization\",\"name\":\"Compuviper\",\"url\":\"https:\/\/compuviper.mx\/tienda\/\",\"logo\":{\"@type\":\"ImageObject\",\"inLanguage\":\"es-MX\",\"@id\":\"https:\/\/compuviper.mx\/tienda\/#\/schema\/logo\/image\/\",\"url\":\"https:\/\/compuviper.mx\/tienda\/wp-content\/uploads\/2021\/08\/Logo-Compuviper-10.png\",\"contentUrl\":\"https:\/\/compuviper.mx\/tienda\/wp-content\/uploads\/2021\/08\/Logo-Compuviper-10.png\",\"width\":1000,\"height\":500,\"caption\":\"Compuviper\"},\"image\":{\"@id\":\"https:\/\/compuviper.mx\/tienda\/#\/schema\/logo\/image\/\"},\"sameAs\":[\"https:\/\/www.facebook.com\/compuviper\",\"https:\/\/www.youtube.com\/channel\/UCf73dERp9Y3cfOq7q8BhLjA?view_as=subscriber\"]}]}<\/script>\n<meta property=\"product:brand\" content=\"EATON\" \/>\n<meta property=\"product:price:amount\" content=\"176120\" \/>\n<meta property=\"product:price:currency\" content=\"MXN\" \/>\n<meta property=\"og:availability\" content=\"backorder\" \/>\n<meta property=\"product:availability\" content=\"available for order\" \/>\n<meta property=\"product:retailer_item_id\" content=\"K4151100S000000\" \/>\n<meta property=\"product:condition\" content=\"new\" \/>\n<!-- \/ Yoast SEO plugin. -->","yoast_head_json":{"title":"[ Eaton ] &#129351; K4151100s000000 No Break \/ Ups \/ \/ Modelo \/ 9155-15 208v 6.5m@.7pf 2-h (w\/mbp)con Bypass De Mant. \/\/ Cotizar Con Pm Servicio De Arranque Y Viaticos Por Garantia De Ups","description":"Compra K4151100s000000 No Break \/ Ups \/ \/ Modelo \/ 9155-15 208v 6.5m@.7pf 2-h (w\/mbp)con Bypass De Mant. \/\/ Cotizar Con Pm Servicio De Arranque Y Viaticos Por Garantia De Ups + Env\u00edo a domicilio + Pago seguro + Garant\u00eda","robots":{"index":"index","follow":"follow","max-snippet":"max-snippet:-1","max-image-preview":"max-image-preview:large","max-video-preview":"max-video-preview:-1"},"canonical":"https:\/\/compuviper.mx\/tienda\/producto\/eaton-k4151100s000000-no-break-ups-modelo-9155-15-208v-6-5m-7pf-2-h-w-mbpcon-bypass-de-mant-cotizar-con-pm-servicio-de-arranque-y-viaticos-por-garantia-de-ups\/","og_locale":"es_MX","og_type":"article","og_title":"[ Eaton ] &#129351; K4151100s000000 No Break \/ Ups \/ \/ Modelo \/ 9155-15 208v 6.5m@.7pf 2-h (w\/mbp)con Bypass De Mant. \/\/ Cotizar Con Pm Servicio De Arranque Y Viaticos Por Garantia De Ups","og_description":"Compra K4151100s000000 No Break \/ Ups \/ \/ Modelo \/ 9155-15 208v 6.5m@.7pf 2-h (w\/mbp)con Bypass De Mant. \/\/ Cotizar Con Pm Servicio De Arranque Y Viaticos Por Garantia De Ups + Env\u00edo a domicilio + Pago seguro + Garant\u00eda","og_url":"https:\/\/compuviper.mx\/tienda\/producto\/eaton-k4151100s000000-no-break-ups-modelo-9155-15-208v-6-5m-7pf-2-h-w-mbpcon-bypass-de-mant-cotizar-con-pm-servicio-de-arranque-y-viaticos-por-garantia-de-ups\/","og_site_name":"Compuviper","article_publisher":"https:\/\/www.facebook.com\/compuviper","og_image":[{"width":200,"height":200,"url":"https:\/\/compuviper.mx\/tienda\/wp-content\/uploads\/2024\/09\/No-break-ups-eaton-modelo-k4151100s000000-9155-15-208v-6.5m@.7pf-2-h-wmbpcon-bypass-de-mant.-cotizar-con-pm-servicio-de-arranque-y-viaticos-por-garantia-de-ups.jpg","type":"image\/jpeg"}],"twitter_card":"summary_large_image","twitter_misc":{"Precio":"&#36;176,120 con IVA","Availability":"On backorder"},"schema":{"@context":"https:\/\/schema.org","@graph":[{"@type":"WebPage","@id":"https:\/\/compuviper.mx\/tienda\/producto\/eaton-k4151100s000000-no-break-ups-modelo-9155-15-208v-6-5m-7pf-2-h-w-mbpcon-bypass-de-mant-cotizar-con-pm-servicio-de-arranque-y-viaticos-por-garantia-de-ups\/","url":"https:\/\/compuviper.mx\/tienda\/producto\/eaton-k4151100s000000-no-break-ups-modelo-9155-15-208v-6-5m-7pf-2-h-w-mbpcon-bypass-de-mant-cotizar-con-pm-servicio-de-arranque-y-viaticos-por-garantia-de-ups\/","name":"[ Eaton ] &#129351; K4151100s000000 No Break \/ Ups \/ \/ Modelo \/ 9155-15 208v 6.5m@.7pf 2-h (w\/mbp)con Bypass De Mant. \/\/ Cotizar Con Pm Servicio De Arranque Y Viaticos Por Garantia De Ups","isPartOf":{"@id":"https:\/\/compuviper.mx\/tienda\/#website"},"datePublished":"2026-04-07T06:32:22+00:00","dateModified":"2026-04-07T06:32:22+00:00","description":"Compra K4151100s000000 No Break \/ Ups \/ \/ Modelo \/ 9155-15 208v 6.5m@.7pf 2-h (w\/mbp)con Bypass De Mant. \/\/ Cotizar Con Pm Servicio De Arranque Y Viaticos Por Garantia De Ups + Env\u00edo a domicilio + Pago seguro + Garant\u00eda","breadcrumb":{"@id":"https:\/\/compuviper.mx\/tienda\/producto\/eaton-k4151100s000000-no-break-ups-modelo-9155-15-208v-6-5m-7pf-2-h-w-mbpcon-bypass-de-mant-cotizar-con-pm-servicio-de-arranque-y-viaticos-por-garantia-de-ups\/#breadcrumb"},"inLanguage":"es-MX","potentialAction":[{"@type":"ReadAction","target":["https:\/\/compuviper.mx\/tienda\/producto\/eaton-k4151100s000000-no-break-ups-modelo-9155-15-208v-6-5m-7pf-2-h-w-mbpcon-bypass-de-mant-cotizar-con-pm-servicio-de-arranque-y-viaticos-por-garantia-de-ups\/"]}]},{"@type":"BreadcrumbList","@id":"https:\/\/compuviper.mx\/tienda\/producto\/eaton-k4151100s000000-no-break-ups-modelo-9155-15-208v-6-5m-7pf-2-h-w-mbpcon-bypass-de-mant-cotizar-con-pm-servicio-de-arranque-y-viaticos-por-garantia-de-ups\/#breadcrumb","itemListElement":[{"@type":"ListItem","position":1,"name":"Inicio","item":"https:\/\/compuviper.mx\/tienda\/"},{"@type":"ListItem","position":2,"name":"Productos","item":"https:\/\/compuviper.mx\/tienda\/productos\/"},{"@type":"ListItem","position":3,"name":"Energia","item":"https:\/\/compuviper.mx\/tienda\/categoria-producto\/energia\/"},{"@type":"ListItem","position":4,"name":"No Break","item":"https:\/\/compuviper.mx\/tienda\/categoria-producto\/energia\/no-break\/"},{"@type":"ListItem","position":5,"name":"Eaton K4151100s000000 No Break \/ Ups \/ \/ Modelo \/ 9155-15 208v 6.5m@.7pf 2-h (w\/mbp)con Bypass De Mant. \/\/ Cotizar Con Pm Servicio De Arranque Y Viaticos Por Garantia De Ups"}]},{"@type":"WebSite","@id":"https:\/\/compuviper.mx\/tienda\/#website","url":"https:\/\/compuviper.mx\/tienda\/","name":"Compuviper","description":"Proveedor de Computadoras, Laptops, Servidores, Monitores, Puntos de Venta, Teclados,   Impresoras, T\u00f3ner, C\u00e1maras de Seguridad y m\u00e1s en tu tienda en l\u00ednea","publisher":{"@id":"https:\/\/compuviper.mx\/tienda\/#organization"},"potentialAction":[{"@type":"SearchAction","target":{"@type":"EntryPoint","urlTemplate":"https:\/\/compuviper.mx\/tienda\/?s={search_term_string}"},"query-input":"required name=search_term_string"}],"inLanguage":"es-MX"},{"@type":"Organization","@id":"https:\/\/compuviper.mx\/tienda\/#organization","name":"Compuviper","url":"https:\/\/compuviper.mx\/tienda\/","logo":{"@type":"ImageObject","inLanguage":"es-MX","@id":"https:\/\/compuviper.mx\/tienda\/#\/schema\/logo\/image\/","url":"https:\/\/compuviper.mx\/tienda\/wp-content\/uploads\/2021\/08\/Logo-Compuviper-10.png","contentUrl":"https:\/\/compuviper.mx\/tienda\/wp-content\/uploads\/2021\/08\/Logo-Compuviper-10.png","width":1000,"height":500,"caption":"Compuviper"},"image":{"@id":"https:\/\/compuviper.mx\/tienda\/#\/schema\/logo\/image\/"},"sameAs":["https:\/\/www.facebook.com\/compuviper","https:\/\/www.youtube.com\/channel\/UCf73dERp9Y3cfOq7q8BhLjA?view_as=subscriber"]}]},"product_brand":"EATON","product_price_amount":"176120","product_price_currency":"MXN","og_availability":"backorder","product_availability":"available for order","product_retailer_item_id":"K4151100S000000","product_condition":"new"},"_links":{"self":[{"href":"https:\/\/compuviper.mx\/tienda\/wp-json\/wp\/v2\/product\/217980"}],"collection":[{"href":"https:\/\/compuviper.mx\/tienda\/wp-json\/wp\/v2\/product"}],"about":[{"href":"https:\/\/compuviper.mx\/tienda\/wp-json\/wp\/v2\/types\/product"}],"replies":[{"embeddable":true,"href":"https:\/\/compuviper.mx\/tienda\/wp-json\/wp\/v2\/comments?post=217980"}],"wp:featuredmedia":[{"embeddable":true,"href":"https:\/\/compuviper.mx\/tienda\/wp-json\/wp\/v2\/media\/242598"}],"wp:attachment":[{"href":"https:\/\/compuviper.mx\/tienda\/wp-json\/wp\/v2\/media?parent=217980"}],"wp:term":[{"taxonomy":"product_cat","embeddable":true,"href":"https:\/\/compuviper.mx\/tienda\/wp-json\/wp\/v2\/product_cat?post=217980"},{"taxonomy":"product_tag","embeddable":true,"href":"https:\/\/compuviper.mx\/tienda\/wp-json\/wp\/v2\/product_tag?post=217980"}],"curies":[{"name":"wp","href":"https:\/\/api.w.org\/{rel}","templated":true}]}}