{"id":217966,"date":"2026-04-08T00:33:52","date_gmt":"2026-04-08T06:33:52","guid":{"rendered":"https:\/\/compuviper.mx\/tienda\/producto\/vica-b-flow-revolution-700-no-break-rev-700va-400w-6-contactos-con-respaldo-y-regulador\/"},"modified":"2026-04-08T00:33:52","modified_gmt":"2026-04-08T06:33:52","slug":"vica-b-flow-revolution-700-no-break-ups-rev-700-700va-400w-6-tomas-reguladas-y-respaldadas-nema-5-15r-1-usb-3-aos-de-garantia","status":"publish","type":"product","link":"https:\/\/compuviper.mx\/tienda\/producto\/vica-b-flow-revolution-700-no-break-ups-rev-700-700va-400w-6-tomas-reguladas-y-respaldadas-nema-5-15r-1-usb-3-aos-de-garantia\/","title":{"rendered":"Vica B-flow Revolution 700 No Break Ups  Rev 700 700va\/400w 6 Tomas Reguladas Y Respaldadas Nema 5-15r, 1 Usb, 3 A?os De Garantia"},"content":{"rendered":"<table class=\"descripcion\">\n<tr>\n<td>Capacidad va: 700va \/400 w voltaje nominal in: 127v~ +\/-10 % frecuencia in\/out: 60 hz tiempo de respuesta: 2 a 4 mseg intervalo voltaje entrada: 81 a 145 v  consumo de energia: 7a (maximo) onda cuasenoidal, tiempo de carga de baterias 8 hrs al 90%<\/td>\n<\/tr>\n<\/table>\n","protected":false},"excerpt":{"rendered":"<p>Proteccion y respaldo contra la ausencia de energia, altos y\/o bajos voltajes de la linea ca, con deteccion instantanea. Display digital dinamico para monitorear los cambios de voltaje.  Alarma acustica no reporogramable. Proteccion de la linea de internet de los peligrosos picos de voltaje. Dispositivo electronico que evita la sobrecarga, cortos circuitos internos y externos. Proteccion de la linea de internet de los peligrosos picos de voltaje. Filtro rf superiores a 1 mhz aprox. Equipo disenado para trabajar continuamente conectado a la toma de ca, no necesita desconectarlo. Mide la temperatura a la cual trabajan los equipos conectados a este.<\/p>\n","protected":false},"featured_media":217967,"comment_status":"open","ping_status":"open","template":"","meta":[],"product_cat":[1508,1691],"product_tag":[1695],"acf":[],"yoast_head":"<!-- This site is optimized with the Yoast SEO plugin v21.7 - https:\/\/yoast.com\/wordpress\/plugins\/seo\/ -->\n<title>[ Vica ] &#129351; B-flow Revolution 700 No Break Ups Rev 700 700va\/400w 6 Tomas Reguladas Y Respaldadas Nema 5-15r, 1 Usb, 3 A\u00f1os De Garantia<\/title>\n<meta name=\"description\" content=\"Compra B-flow Revolution 700 No Break Ups Rev 700 700va\/400w 6 Tomas Reguladas Y Respaldadas Nema 5-15r, 1 Usb, 3 A\u00f1os De Garantia + Env\u00edo a domicilio + Pago seguro + Garant\u00eda\" \/>\n<meta name=\"robots\" content=\"index, follow, max-snippet:-1, max-image-preview:large, max-video-preview:-1\" \/>\n<link rel=\"canonical\" href=\"https:\/\/compuviper.mx\/tienda\/producto\/vica-b-flow-revolution-700-no-break-ups-rev-700-700va-400w-6-tomas-reguladas-y-respaldadas-nema-5-15r-1-usb-3-aos-de-garantia\/\" \/>\n<meta property=\"og:locale\" content=\"es_MX\" \/>\n<meta property=\"og:type\" content=\"article\" \/>\n<meta property=\"og:title\" content=\"[ Vica ] &#129351; B-flow Revolution 700 No Break Ups Rev 700 700va\/400w 6 Tomas Reguladas Y Respaldadas Nema 5-15r, 1 Usb, 3 A\u00f1os De Garantia\" \/>\n<meta property=\"og:description\" content=\"Compra B-flow Revolution 700 No Break Ups Rev 700 700va\/400w 6 Tomas Reguladas Y Respaldadas Nema 5-15r, 1 Usb, 3 A\u00f1os De Garantia + Env\u00edo a domicilio + Pago seguro + Garant\u00eda\" \/>\n<meta property=\"og:url\" content=\"https:\/\/compuviper.mx\/tienda\/producto\/vica-b-flow-revolution-700-no-break-ups-rev-700-700va-400w-6-tomas-reguladas-y-respaldadas-nema-5-15r-1-usb-3-aos-de-garantia\/\" \/>\n<meta property=\"og:site_name\" content=\"Compuviper\" \/>\n<meta property=\"article:publisher\" content=\"https:\/\/www.facebook.com\/compuviper\" \/>\n<meta property=\"og:image\" content=\"https:\/\/compuviper.mx\/tienda\/wp-content\/uploads\/2023\/12\/No-break-vica-rev-700va400w-6-contactos-con-respaldo-y-regulador.jpg\" \/>\n\t<meta property=\"og:image:width\" content=\"200\" \/>\n\t<meta property=\"og:image:height\" content=\"200\" \/>\n\t<meta property=\"og:image:type\" content=\"image\/jpeg\" \/>\n<meta name=\"twitter:card\" content=\"summary_large_image\" \/>\n<meta name=\"twitter:label1\" content=\"Precio\" \/>\n\t<meta name=\"twitter:data1\" content=\"&#36;1,798 con IVA\" \/>\n\t<meta name=\"twitter:label2\" content=\"Availability\" \/>\n\t<meta name=\"twitter:data2\" content=\"In stock\" \/>\n<script type=\"application\/ld+json\" class=\"yoast-schema-graph\">{\"@context\":\"https:\/\/schema.org\",\"@graph\":[{\"@type\":\"WebPage\",\"@id\":\"https:\/\/compuviper.mx\/tienda\/producto\/vica-b-flow-revolution-700-no-break-ups-rev-700-700va-400w-6-tomas-reguladas-y-respaldadas-nema-5-15r-1-usb-3-aos-de-garantia\/\",\"url\":\"https:\/\/compuviper.mx\/tienda\/producto\/vica-b-flow-revolution-700-no-break-ups-rev-700-700va-400w-6-tomas-reguladas-y-respaldadas-nema-5-15r-1-usb-3-aos-de-garantia\/\",\"name\":\"[ Vica ] &#129351; B-flow Revolution 700 No Break Ups Rev 700 700va\/400w 6 Tomas Reguladas Y Respaldadas Nema 5-15r, 1 Usb, 3 A\u00f1os De Garantia\",\"isPartOf\":{\"@id\":\"https:\/\/compuviper.mx\/tienda\/#website\"},\"datePublished\":\"2026-04-08T06:33:52+00:00\",\"dateModified\":\"2026-04-08T06:33:52+00:00\",\"description\":\"Compra B-flow Revolution 700 No Break Ups Rev 700 700va\/400w 6 Tomas Reguladas Y Respaldadas Nema 5-15r, 1 Usb, 3 A\u00f1os De Garantia + Env\u00edo a domicilio + Pago seguro + Garant\u00eda\",\"breadcrumb\":{\"@id\":\"https:\/\/compuviper.mx\/tienda\/producto\/vica-b-flow-revolution-700-no-break-ups-rev-700-700va-400w-6-tomas-reguladas-y-respaldadas-nema-5-15r-1-usb-3-aos-de-garantia\/#breadcrumb\"},\"inLanguage\":\"es-MX\",\"potentialAction\":[{\"@type\":\"ReadAction\",\"target\":[\"https:\/\/compuviper.mx\/tienda\/producto\/vica-b-flow-revolution-700-no-break-ups-rev-700-700va-400w-6-tomas-reguladas-y-respaldadas-nema-5-15r-1-usb-3-aos-de-garantia\/\"]}]},{\"@type\":\"BreadcrumbList\",\"@id\":\"https:\/\/compuviper.mx\/tienda\/producto\/vica-b-flow-revolution-700-no-break-ups-rev-700-700va-400w-6-tomas-reguladas-y-respaldadas-nema-5-15r-1-usb-3-aos-de-garantia\/#breadcrumb\",\"itemListElement\":[{\"@type\":\"ListItem\",\"position\":1,\"name\":\"Inicio\",\"item\":\"https:\/\/compuviper.mx\/tienda\/\"},{\"@type\":\"ListItem\",\"position\":2,\"name\":\"Productos\",\"item\":\"https:\/\/compuviper.mx\/tienda\/productos\/\"},{\"@type\":\"ListItem\",\"position\":3,\"name\":\"Energia\",\"item\":\"https:\/\/compuviper.mx\/tienda\/categoria-producto\/energia\/\"},{\"@type\":\"ListItem\",\"position\":4,\"name\":\"No Break\",\"item\":\"https:\/\/compuviper.mx\/tienda\/categoria-producto\/energia\/no-break\/\"},{\"@type\":\"ListItem\",\"position\":5,\"name\":\"Vica B-flow Revolution 700 No Break Ups Rev 700 700va\/400w 6 Tomas Reguladas Y Respaldadas Nema 5-15r, 1 Usb, 3 A?os De Garantia\"}]},{\"@type\":\"WebSite\",\"@id\":\"https:\/\/compuviper.mx\/tienda\/#website\",\"url\":\"https:\/\/compuviper.mx\/tienda\/\",\"name\":\"Compuviper\",\"description\":\"Proveedor de Computadoras, Laptops, Servidores, Monitores, Puntos de Venta, Teclados,   Impresoras, T\u00f3ner, C\u00e1maras de Seguridad y m\u00e1s en tu tienda en l\u00ednea\",\"publisher\":{\"@id\":\"https:\/\/compuviper.mx\/tienda\/#organization\"},\"potentialAction\":[{\"@type\":\"SearchAction\",\"target\":{\"@type\":\"EntryPoint\",\"urlTemplate\":\"https:\/\/compuviper.mx\/tienda\/?s={search_term_string}\"},\"query-input\":\"required name=search_term_string\"}],\"inLanguage\":\"es-MX\"},{\"@type\":\"Organization\",\"@id\":\"https:\/\/compuviper.mx\/tienda\/#organization\",\"name\":\"Compuviper\",\"url\":\"https:\/\/compuviper.mx\/tienda\/\",\"logo\":{\"@type\":\"ImageObject\",\"inLanguage\":\"es-MX\",\"@id\":\"https:\/\/compuviper.mx\/tienda\/#\/schema\/logo\/image\/\",\"url\":\"https:\/\/compuviper.mx\/tienda\/wp-content\/uploads\/2021\/08\/Logo-Compuviper-10.png\",\"contentUrl\":\"https:\/\/compuviper.mx\/tienda\/wp-content\/uploads\/2021\/08\/Logo-Compuviper-10.png\",\"width\":1000,\"height\":500,\"caption\":\"Compuviper\"},\"image\":{\"@id\":\"https:\/\/compuviper.mx\/tienda\/#\/schema\/logo\/image\/\"},\"sameAs\":[\"https:\/\/www.facebook.com\/compuviper\",\"https:\/\/www.youtube.com\/channel\/UCf73dERp9Y3cfOq7q8BhLjA?view_as=subscriber\"]}]}<\/script>\n<meta property=\"product:brand\" content=\"VICA\" \/>\n<meta property=\"product:price:amount\" content=\"1798\" \/>\n<meta property=\"product:price:currency\" content=\"MXN\" \/>\n<meta property=\"og:availability\" content=\"instock\" \/>\n<meta property=\"product:availability\" content=\"instock\" \/>\n<meta property=\"product:retailer_item_id\" content=\"B-FLOW REVOLUTION 700\" \/>\n<meta property=\"product:condition\" content=\"new\" \/>\n<!-- \/ Yoast SEO plugin. -->","yoast_head_json":{"title":"[ Vica ] &#129351; B-flow Revolution 700 No Break Ups Rev 700 700va\/400w 6 Tomas Reguladas Y Respaldadas Nema 5-15r, 1 Usb, 3 A\u00f1os De Garantia","description":"Compra B-flow Revolution 700 No Break Ups Rev 700 700va\/400w 6 Tomas Reguladas Y Respaldadas Nema 5-15r, 1 Usb, 3 A\u00f1os De Garantia + Env\u00edo a domicilio + Pago seguro + Garant\u00eda","robots":{"index":"index","follow":"follow","max-snippet":"max-snippet:-1","max-image-preview":"max-image-preview:large","max-video-preview":"max-video-preview:-1"},"canonical":"https:\/\/compuviper.mx\/tienda\/producto\/vica-b-flow-revolution-700-no-break-ups-rev-700-700va-400w-6-tomas-reguladas-y-respaldadas-nema-5-15r-1-usb-3-aos-de-garantia\/","og_locale":"es_MX","og_type":"article","og_title":"[ Vica ] &#129351; B-flow Revolution 700 No Break Ups Rev 700 700va\/400w 6 Tomas Reguladas Y Respaldadas Nema 5-15r, 1 Usb, 3 A\u00f1os De Garantia","og_description":"Compra B-flow Revolution 700 No Break Ups Rev 700 700va\/400w 6 Tomas Reguladas Y Respaldadas Nema 5-15r, 1 Usb, 3 A\u00f1os De Garantia + Env\u00edo a domicilio + Pago seguro + Garant\u00eda","og_url":"https:\/\/compuviper.mx\/tienda\/producto\/vica-b-flow-revolution-700-no-break-ups-rev-700-700va-400w-6-tomas-reguladas-y-respaldadas-nema-5-15r-1-usb-3-aos-de-garantia\/","og_site_name":"Compuviper","article_publisher":"https:\/\/www.facebook.com\/compuviper","og_image":[{"width":200,"height":200,"url":"https:\/\/compuviper.mx\/tienda\/wp-content\/uploads\/2023\/12\/No-break-vica-rev-700va400w-6-contactos-con-respaldo-y-regulador.jpg","type":"image\/jpeg"}],"twitter_card":"summary_large_image","twitter_misc":{"Precio":"&#36;1,798 con IVA","Availability":"In stock"},"schema":{"@context":"https:\/\/schema.org","@graph":[{"@type":"WebPage","@id":"https:\/\/compuviper.mx\/tienda\/producto\/vica-b-flow-revolution-700-no-break-ups-rev-700-700va-400w-6-tomas-reguladas-y-respaldadas-nema-5-15r-1-usb-3-aos-de-garantia\/","url":"https:\/\/compuviper.mx\/tienda\/producto\/vica-b-flow-revolution-700-no-break-ups-rev-700-700va-400w-6-tomas-reguladas-y-respaldadas-nema-5-15r-1-usb-3-aos-de-garantia\/","name":"[ Vica ] &#129351; B-flow Revolution 700 No Break Ups Rev 700 700va\/400w 6 Tomas Reguladas Y Respaldadas Nema 5-15r, 1 Usb, 3 A\u00f1os De Garantia","isPartOf":{"@id":"https:\/\/compuviper.mx\/tienda\/#website"},"datePublished":"2026-04-08T06:33:52+00:00","dateModified":"2026-04-08T06:33:52+00:00","description":"Compra B-flow Revolution 700 No Break Ups Rev 700 700va\/400w 6 Tomas Reguladas Y Respaldadas Nema 5-15r, 1 Usb, 3 A\u00f1os De Garantia + Env\u00edo a domicilio + Pago seguro + Garant\u00eda","breadcrumb":{"@id":"https:\/\/compuviper.mx\/tienda\/producto\/vica-b-flow-revolution-700-no-break-ups-rev-700-700va-400w-6-tomas-reguladas-y-respaldadas-nema-5-15r-1-usb-3-aos-de-garantia\/#breadcrumb"},"inLanguage":"es-MX","potentialAction":[{"@type":"ReadAction","target":["https:\/\/compuviper.mx\/tienda\/producto\/vica-b-flow-revolution-700-no-break-ups-rev-700-700va-400w-6-tomas-reguladas-y-respaldadas-nema-5-15r-1-usb-3-aos-de-garantia\/"]}]},{"@type":"BreadcrumbList","@id":"https:\/\/compuviper.mx\/tienda\/producto\/vica-b-flow-revolution-700-no-break-ups-rev-700-700va-400w-6-tomas-reguladas-y-respaldadas-nema-5-15r-1-usb-3-aos-de-garantia\/#breadcrumb","itemListElement":[{"@type":"ListItem","position":1,"name":"Inicio","item":"https:\/\/compuviper.mx\/tienda\/"},{"@type":"ListItem","position":2,"name":"Productos","item":"https:\/\/compuviper.mx\/tienda\/productos\/"},{"@type":"ListItem","position":3,"name":"Energia","item":"https:\/\/compuviper.mx\/tienda\/categoria-producto\/energia\/"},{"@type":"ListItem","position":4,"name":"No Break","item":"https:\/\/compuviper.mx\/tienda\/categoria-producto\/energia\/no-break\/"},{"@type":"ListItem","position":5,"name":"Vica B-flow Revolution 700 No Break Ups Rev 700 700va\/400w 6 Tomas Reguladas Y Respaldadas Nema 5-15r, 1 Usb, 3 A?os De Garantia"}]},{"@type":"WebSite","@id":"https:\/\/compuviper.mx\/tienda\/#website","url":"https:\/\/compuviper.mx\/tienda\/","name":"Compuviper","description":"Proveedor de Computadoras, Laptops, Servidores, Monitores, Puntos de Venta, Teclados,   Impresoras, T\u00f3ner, C\u00e1maras de Seguridad y m\u00e1s en tu tienda en l\u00ednea","publisher":{"@id":"https:\/\/compuviper.mx\/tienda\/#organization"},"potentialAction":[{"@type":"SearchAction","target":{"@type":"EntryPoint","urlTemplate":"https:\/\/compuviper.mx\/tienda\/?s={search_term_string}"},"query-input":"required name=search_term_string"}],"inLanguage":"es-MX"},{"@type":"Organization","@id":"https:\/\/compuviper.mx\/tienda\/#organization","name":"Compuviper","url":"https:\/\/compuviper.mx\/tienda\/","logo":{"@type":"ImageObject","inLanguage":"es-MX","@id":"https:\/\/compuviper.mx\/tienda\/#\/schema\/logo\/image\/","url":"https:\/\/compuviper.mx\/tienda\/wp-content\/uploads\/2021\/08\/Logo-Compuviper-10.png","contentUrl":"https:\/\/compuviper.mx\/tienda\/wp-content\/uploads\/2021\/08\/Logo-Compuviper-10.png","width":1000,"height":500,"caption":"Compuviper"},"image":{"@id":"https:\/\/compuviper.mx\/tienda\/#\/schema\/logo\/image\/"},"sameAs":["https:\/\/www.facebook.com\/compuviper","https:\/\/www.youtube.com\/channel\/UCf73dERp9Y3cfOq7q8BhLjA?view_as=subscriber"]}]},"product_brand":"VICA","product_price_amount":"1798","product_price_currency":"MXN","og_availability":"instock","product_availability":"instock","product_retailer_item_id":"B-FLOW REVOLUTION 700","product_condition":"new"},"_links":{"self":[{"href":"https:\/\/compuviper.mx\/tienda\/wp-json\/wp\/v2\/product\/217966"}],"collection":[{"href":"https:\/\/compuviper.mx\/tienda\/wp-json\/wp\/v2\/product"}],"about":[{"href":"https:\/\/compuviper.mx\/tienda\/wp-json\/wp\/v2\/types\/product"}],"replies":[{"embeddable":true,"href":"https:\/\/compuviper.mx\/tienda\/wp-json\/wp\/v2\/comments?post=217966"}],"wp:featuredmedia":[{"embeddable":true,"href":"https:\/\/compuviper.mx\/tienda\/wp-json\/wp\/v2\/media\/217967"}],"wp:attachment":[{"href":"https:\/\/compuviper.mx\/tienda\/wp-json\/wp\/v2\/media?parent=217966"}],"wp:term":[{"taxonomy":"product_cat","embeddable":true,"href":"https:\/\/compuviper.mx\/tienda\/wp-json\/wp\/v2\/product_cat?post=217966"},{"taxonomy":"product_tag","embeddable":true,"href":"https:\/\/compuviper.mx\/tienda\/wp-json\/wp\/v2\/product_tag?post=217966"}],"curies":[{"name":"wp","href":"https:\/\/api.w.org\/{rel}","templated":true}]}}