{"id":217964,"date":"2026-04-22T00:28:09","date_gmt":"2026-04-22T06:28:09","guid":{"rendered":"https:\/\/compuviper.mx\/tienda\/producto\/tripp-lite-internet350u-ups-standby-350va-210w-ultra-compacto-usb-6-contactos-nema-5-15r-120v-50hz-60hz-usb3-aos-de-garantia\/"},"modified":"2026-04-22T00:28:09","modified_gmt":"2026-04-22T06:28:09","slug":"tripp-lite-internet350u10037332210972internet350u-internet350u-ups-standby-350va-210w-ultra-compacto-usb-6-contactos-nema-5-15r-120v-50hz-60hz-usb3-aos-de-garantia","status":"publish","type":"product","link":"https:\/\/compuviper.mx\/tienda\/producto\/tripp-lite-internet350u10037332210972internet350u-internet350u-ups-standby-350va-210w-ultra-compacto-usb-6-contactos-nema-5-15r-120v-50hz-60hz-usb3-aos-de-garantia\/","title":{"rendered":"Tripp-lite Internet350u,10037332210972,internet350u Internet350u Ups  Standby 350va\/210w, Ultra Compacto, Usb, 6 Contactos &#8211; Nema 5-15r, 120v, 50hz \/ 60hz, Usb,3 A?os De Garantia."},"content":{"rendered":"<table class=\"descripcion\">\n<tr>\n<td>Importante:  transici\u00f3n del producto internet350u updated model<\/td>\n<\/tr>\n<tr>\n<td>Caracter\u00edsticas<\/td>\n<\/tr>\n<tr>\n<td>Internet350u &#8211; ups standby; ofrece completa protecci\u00f3n contra apagones, ca\u00eddas de voltaje y sobretensiones en conexiones de l\u00ednea de ca y de l\u00ednea telef\u00f3nica \/ dsl.<\/td>\n<\/tr>\n<tr>\n<td>6 tomacorrientes ampliamente espaciados alojan conectores de transformadores sin bloquear a los dem\u00e1s tomacorrientes.<\/td>\n<\/tr>\n<tr>\n<td>3 tomacorrientes soportados por bater\u00eda protegen la computadora, el monitor y los perif\u00e9ricos vitales del sistema y 3 tomacorrientes adicionales cuentan s\u00f3lo con supresi\u00f3n de sobretensiones para impresoras y otros accesorios del sistema que no requieren bater\u00eda.<\/td>\n<\/tr>\n<tr>\n<td>Proporciona salida de ca derivada de la bater\u00eda durante apagones y ca\u00eddas de de voltaje.<\/td>\n<\/tr>\n<tr>\n<td>La capacidad de administraci\u00f3n de 350va\/180 watts de potencia soporta una gran variedad de computadoras personales, estaciones de trabajo y otros dispositivos electr\u00f3nicos delicados<\/td>\n<\/tr>\n<tr>\n<td>Respalda sistemas de pc de nivel b\u00e1sico por hasta 12 minutos durante apagones<\/td>\n<\/tr>\n<tr>\n<td>Una supresi\u00f3n de sobretensiones en una sola l\u00ednea de tel \/ dsl protege m\u00f3dems, faxes o tel\u00e9fonos inal\u00e1mbricos de una l\u00ednea telef\u00f3nica<\/td>\n<\/tr>\n<tr>\n<td>El puerto usb incorporado permite apagar y guardar la informaci\u00f3n sin supervisi\u00f3n cuando se usa con el software poweralert de tripp lite, disponible para descarga gratuita via www.tripplite.com\/poweralert<\/td>\n<\/tr>\n<tr>\n<td>El usb compatible con hid permite adem\u00e1s la integraci\u00f3n con las funciones incorporadas de administraci\u00f3n de energ\u00eda y apagado autom\u00e1tico de windows y mac os x<\/td>\n<\/tr>\n<tr>\n<td>Soporta el sistema de servicio watchdog de tripp lite para restablecer la operaci\u00f3n del equipo bloqueado a trav\u00e9s de la reinicializaci\u00f3n por software de la aplicaci\u00f3n o del os, o de la reinicializaci\u00f3n mediante apagado\/encendido del equipo conectado; ideal para las aplicaciones de puestos sin supervisi\u00f3n.<\/td>\n<\/tr>\n<tr>\n<td>Pdu opcional pdub15 con derivaci\u00f3n permite el reemplazo hot-swap del ups sin interrupci\u00f3n al equipo conectado<\/td>\n<\/tr>\n<tr>\n<td>Gabinete ultracompacto, para ahorro de espacio, se adapta a cualquier lugar.<\/td>\n<\/tr>\n<tr>\n<td>El paquete incluye<\/td>\n<\/tr>\n<tr>\n<td>Internet350u sistema de ups<\/td>\n<\/tr>\n<tr>\n<td>Cable usb<\/td>\n<\/tr>\n<tr>\n<td>Especificaciones<\/td>\n<\/tr>\n<tr>\n<td>Generalidades<\/td>\n<\/tr>\n<tr>\n<td>C\u00f3digo upc 037332123411<\/td>\n<\/tr>\n<tr>\n<td>Salida<\/td>\n<\/tr>\n<tr>\n<td>Capacidad de salida en volts amperes (va) 350<\/td>\n<\/tr>\n<tr>\n<td>Capacidad de salida (watts) 180<\/td>\n<\/tr>\n<tr>\n<td>Voltaje(s) nominal(es) de salida soportado(s) 110v; 115v; 120v<\/td>\n<\/tr>\n<tr>\n<td>Detalles del voltaje nominal salida nominal de 115 v en modo de respaldo por bater\u00eda<\/td>\n<\/tr>\n<tr>\n<td>Compatibilidad de frecuencia 60 hz<\/td>\n<\/tr>\n<tr>\n<td>Regulaci\u00f3n del voltaje de salida (modo de bater\u00eda) +\/- 5%<\/td>\n<\/tr>\n<tr>\n<td>Tomacorrientes (6) 5-15r<\/td>\n<\/tr>\n<tr>\n<td>Recept\u00e1culos de salida del ups (solo supresi\u00f3n de sobretensiones) 3 tomacorrientes ups, 3 tomacorrientes solo anti-sobretensi\u00f3n<\/td>\n<\/tr>\n<tr>\n<td>Opciones de pdu hot-swap pdub15 (2u \/ 8 tomacorrientes 5-15r)<\/td>\n<\/tr>\n<tr>\n<td>Forma de onda de ca de salida (modo de ca) onda sinusoidal<\/td>\n<\/tr>\n<tr>\n<td>Forma de onda de ca de salida (modo en bater\u00eda) onda sinusoidal pwm<\/td>\n<\/tr>\n<tr>\n<td>Entrada<\/td>\n<\/tr>\n<tr>\n<td>Corriente especificada de entrada (carga m\u00e1xima) 10a<\/td>\n<\/tr>\n<tr>\n<td>Voltaje(s) nominal(es) de entrada soportado(s) 120v ca<\/td>\n<\/tr>\n<tr>\n<td>Tipo de conexi\u00f3n de entrada del ups 5-15p; en \u00e1ngulo recto<\/td>\n<\/tr>\n<tr>\n<td>Longitud del cable de alimentaci\u00f3n del ups (pies) 6<\/td>\n<\/tr>\n<tr>\n<td>Longitud del cable de alimentaci\u00f3n del ups (m) 1.8<\/td>\n<\/tr>\n<tr>\n<td>Servicio el\u00e9ctrico recomendado 15a 120v<\/td>\n<\/tr>\n<tr>\n<td>Fase de entrada monof\u00e1sico<\/td>\n<\/tr>\n<tr>\n<td>Bater\u00eda<\/td>\n<\/tr>\n<tr>\n<td>Autonom\u00eda a media carga (min.) 11.3 minutos (90w)<\/td>\n<\/tr>\n<tr>\n<td>Voltaje cd del sistema (vcd) 12<\/td>\n<\/tr>\n<tr>\n<td>Tasa de recarga de bater\u00edas (bater\u00edas incluidas) menos de 5.4 horas desde el 10% hasta el 90%.<\/td>\n<\/tr>\n<tr>\n<td>Autonom\u00eda ampliable no<\/td>\n<\/tr>\n<tr>\n<td>Interfaz de usuario, alertas y controles<\/td>\n<\/tr>\n<tr>\n<td>Interruptores combinaci\u00f3n de estado de energ\u00eda de controles de interruptor de encendido\/apagado y autotest<\/td>\n<\/tr>\n<tr>\n<td>Alarma ac\u00fastica la alarma sonora indica fallas del suministro el\u00e9ctrico y estado de sobrecarga<\/td>\n<\/tr>\n<tr>\n<td>Indicadores led 2 leds indican el estado de alimentaci\u00f3n y el estado de sobrecarga\/verificaci\u00f3n de bater\u00eda.<\/td>\n<\/tr>\n<tr>\n<td>Supresi\u00f3n de sobrecarga \/ ruido<\/td>\n<\/tr>\n<tr>\n<td>Valor nominal en joules de supresi\u00f3n ca del ups 380<\/td>\n<\/tr>\n<tr>\n<td>Supresi\u00f3n en la l\u00ednea de datos del ups 1 l\u00ednea tel\/dsl (1 entrada \/ 1 salida)<\/td>\n<\/tr>\n<tr>\n<td>Supresi\u00f3n de ruido emi \/ rfi en ca s\u00ed<\/td>\n<\/tr>\n<tr>\n<td>F\u00edsicas<\/td>\n<\/tr>\n<tr>\n<td>Los factores de forma de instalaci\u00f3n son soportados con los accesorios opcionales torre; ultra-compacto para escritorio<\/td>\n<\/tr>\n<tr>\n<td>Factor de forma primario escritorio<\/td>\n<\/tr>\n<tr>\n<td>Dimensiones del m\u00f3dulo de potencia del ups (al x an x pr \/ cm) 7.62 x 20.32 x 16.26<\/td>\n<\/tr>\n<tr>\n<td>Peso del m\u00f3dulo de potencia del ups (kg) 2.27<\/td>\n<\/tr>\n<tr>\n<td>Dimensiones de envi\u00f3 (al x an x pr \/ cm) 19.05 x 9.40 x 29.21<\/td>\n<\/tr>\n<tr>\n<td>Peso de env\u00edo (kg) 2.6<\/td>\n<\/tr>\n<tr>\n<td>Material del gabinete del ups abs<\/td>\n<\/tr>\n<tr>\n<td>Altura del ups primario (mm) 762<\/td>\n<\/tr>\n<tr>\n<td>Ancho del ups primario (mm) 2,032<\/td>\n<\/tr>\n<tr>\n<td>Profundidad del ups primario (mm) 1,626<\/td>\n<\/tr>\n<tr>\n<td>Ambientales<\/td>\n<\/tr>\n<tr>\n<td>Rango de temperatura de operaci\u00f3n +32 a +105 grados fahrenheit \/ 0 a +40 grados celsius<\/td>\n<\/tr>\n<tr>\n<td>Rango de temperatura de almacenamiento +5 a +122 grados fahrenheit \/ -15 a +50 grados celsius<\/td>\n<\/tr>\n<tr>\n<td>Humedad relativa 0 a 95%, sin condensaci\u00f3n.<\/td>\n<\/tr>\n<tr>\n<td>Modo de ca btu \/ hr. (plena carga) 6<\/td>\n<\/tr>\n<tr>\n<td>Modo de bater\u00eda btu \/ hr. (plena carga) 92<\/td>\n<\/tr>\n<tr>\n<td>Clasificaci\u00f3n de eficiencia del modo de ca (100% de carga) 99 %<\/td>\n<\/tr>\n<tr>\n<td>Comunicaciones<\/td>\n<\/tr>\n<tr>\n<td>Interfaz de comunicaciones usb (compatible con hid)<\/td>\n<\/tr>\n<tr>\n<td>Software poweralert para monitoreo local mediante el puerto usb del ups incorporado, descargue el programa poweralert local en http:\/\/www.tripplite.com\/poweralert<\/td>\n<\/tr>\n<tr>\n<td>Cable de comunicaciones cable de interfaz rj a usb incluido<\/td>\n<\/tr>\n<tr>\n<td>Compatibilidad con watchdog soporta la aplicaci\u00f3n watchdog, las opciones de reinicio mediante os o apagado y encendido para aplicaciones remotas<\/td>\n<\/tr>\n<tr>\n<td>Compatibilidad con herramientas de ups de red compatible con nut [network ups tools]. vea la lista completa de sistemas ups compatibles con nut de tripp lite en http:\/\/www.networkupstools.org\/stable-hcl.html?manufacturer=tripp lite<\/td>\n<\/tr>\n<tr>\n<td>Tiempo de transferencia l\u00ednea \/ bater\u00eda<\/td>\n<\/tr>\n<tr>\n<td>Tiempo de transferencia 4 milisegundos (modo ca a bater\u00eda)\/2 milisegundos (modo bater\u00eda a ca)<\/td>\n<\/tr>\n<tr>\n<td>Transferencia de bajo voltaje a energ\u00eda de bater\u00eda (calibraci\u00f3n) 99<\/td>\n<\/tr>\n<tr>\n<td>Transferencia de alto voltaje a energ\u00eda de bater\u00eda (calibraci\u00f3n) 139<\/td>\n<\/tr>\n<tr>\n<td>Funciones especiales<\/td>\n<\/tr>\n<tr>\n<td>Arranque en fr\u00edo (arranque en modo de bater\u00eda durante una falla del suministro el\u00e9ctrico) soporta la operaci\u00f3n con arranque en fr\u00edo<\/td>\n<\/tr>\n<tr>\n<td>Caracter\u00edsticas de ahorro de energ\u00eda ecol\u00f3gico eficiencia mayor a 95% &#8211; ups ecol\u00f3gico<\/td>\n<\/tr>\n<tr>\n<td>Certificaciones<\/td>\n<\/tr>\n<tr>\n<td>Certificaciones del ups probado para ul1778 (ee. uu.); probado para csa (canad\u00e1); probado para nom (m\u00e9xico); cumple con fcc parte 15 categor\u00eda b (emi)<\/td>\n<\/tr>\n<tr>\n<td>Garantia<\/td>\n<\/tr>\n<tr>\n<td>Periodo de garant\u00eda del producto (usa y canad\u00e1) garant\u00eda limitada de 3 a\u00f1os<\/td>\n<\/tr>\n<tr>\n<td>Per\u00edodo de garant\u00eda del producto (am\u00e9rica latina) garant\u00eda limitada de 3 a\u00f1os<\/td>\n<\/tr>\n<tr>\n<td>Periodo de garant\u00eda del producto (internacional) garant\u00eda limitada de 2 a\u00f1os<\/td>\n<\/tr>\n<tr>\n<td>Periodo de garant\u00eda del producto (m\u00e9xico) garant\u00eda limitada de 3 a\u00f1os.<\/td>\n<\/tr>\n<\/table>\n","protected":false},"excerpt":{"rendered":"<p>Internet350u &#8211; sistema ups standby de tripp lite; ofrece protecci\u00f3n contra apagones, ca\u00eddas de voltaje y sobretensiones transitorias en las l\u00edneas ca y m\u00f3dem telef\u00f3nico. Proporciona soporte de bater\u00eda ininterrumpido durante ca\u00eddas de voltaje y fallas del suministro el\u00e9ctrico con suficiente tiempo de autonom\u00eda como para que pueda guardar y cerrar los equipos conectados sin perder datos. Ofrece protecci\u00f3n de energ\u00eda completa en un gabinete ultra compacto y plano que se asemeja m\u00e1s a una barra de contactos que a otros dise\u00f1os de ups m\u00e1s voluminosos. Incluye 3 tomacorrientes soportados por bater\u00eda para la computadora, el monitor y un perif\u00e9rico vital del sistema, m\u00e1s 3 tomacorrientes adicionales para supresi\u00f3n de sobretensiones \u00fanicamente, para impresoras y otros accesorios que no requieren soporte de bater\u00eda. El usb permite el cierre sin supervisi\u00f3n del sistema en forma opcional, sin p\u00e9rdida de datos en caso de fallas prolongadas en el suministro el\u00e9ctrico. El software poweralert se puede descargar en forma gratuita, conjunto de cables usb incluidos. Enchufes rj11 incorporados, para supresi\u00f3n de sobretensiones en una l\u00ednea telef\u00f3nica con divisor de l\u00ednea protegen hasta dos m\u00f3dems, faxes, tel\u00e9fonos inal\u00e1mbricos u otros perif\u00e9ricos conectados directamente con una conexi\u00f3n de l\u00ednea telef\u00f3nica est\u00e1ndar. La alarma ac\u00fastica incorporada y los leds del panel frontal ofrecen informaci\u00f3n continua sobre la operaci\u00f3n de la energ\u00eda en la l\u00ednea y la bater\u00eda. La capacidad de 350va \/ 180 watts de potencia soporta hasta por 12 minutos a sistemas pc b\u00e1sicos durante fallas del suministro el\u00e9ctrico.<\/p>\n","protected":false},"featured_media":217965,"comment_status":"open","ping_status":"open","template":"","meta":[],"product_cat":[1508,1691],"product_tag":[1510],"acf":[],"yoast_head":"<!-- This site is optimized with the Yoast SEO plugin v21.7 - https:\/\/yoast.com\/wordpress\/plugins\/seo\/ -->\n<title>[ Tripp-lite ] &#129351; Internet350u,10037332210972,internet350u Internet350u Ups Standby 350va\/210w, Ultra Compacto, Usb, 6 Contactos - Nema 5-15r, 120v, 50hz \/ 60hz, Usb,3 A\u00f1os De Garantia.<\/title>\n<meta name=\"description\" content=\"Compra Internet350u,10037332210972,internet350u Internet350u Ups Standby 350va\/210w, Ultra Compacto, Usb, 6 Contactos - Nema 5-15r, 120v, 50hz \/ 60hz, Usb,3 A\u00f1os De Garantia. + Env\u00edo a domicilio + Pago seguro + Garant\u00eda\" \/>\n<meta name=\"robots\" content=\"index, follow, max-snippet:-1, max-image-preview:large, max-video-preview:-1\" \/>\n<link rel=\"canonical\" href=\"https:\/\/compuviper.mx\/tienda\/producto\/tripp-lite-internet350u10037332210972internet350u-internet350u-ups-standby-350va-210w-ultra-compacto-usb-6-contactos-nema-5-15r-120v-50hz-60hz-usb3-aos-de-garantia\/\" \/>\n<meta property=\"og:locale\" content=\"es_MX\" \/>\n<meta property=\"og:type\" content=\"article\" \/>\n<meta property=\"og:title\" content=\"[ Tripp-lite ] &#129351; Internet350u,10037332210972,internet350u Internet350u Ups Standby 350va\/210w, Ultra Compacto, Usb, 6 Contactos - Nema 5-15r, 120v, 50hz \/ 60hz, Usb,3 A\u00f1os De Garantia.\" \/>\n<meta property=\"og:description\" content=\"Compra Internet350u,10037332210972,internet350u Internet350u Ups Standby 350va\/210w, Ultra Compacto, Usb, 6 Contactos - Nema 5-15r, 120v, 50hz \/ 60hz, Usb,3 A\u00f1os De Garantia. + Env\u00edo a domicilio + Pago seguro + Garant\u00eda\" \/>\n<meta property=\"og:url\" content=\"https:\/\/compuviper.mx\/tienda\/producto\/tripp-lite-internet350u10037332210972internet350u-internet350u-ups-standby-350va-210w-ultra-compacto-usb-6-contactos-nema-5-15r-120v-50hz-60hz-usb3-aos-de-garantia\/\" \/>\n<meta property=\"og:site_name\" content=\"Compuviper\" \/>\n<meta property=\"article:publisher\" content=\"https:\/\/www.facebook.com\/compuviper\" \/>\n<meta property=\"og:image\" content=\"https:\/\/compuviper.mx\/tienda\/wp-content\/uploads\/2023\/12\/Internet350u-ups-tripp-lite-standby-350va210w-ultra-compacto-usb-6-contactos-nema-5-15r-120v-50hz-60hz-usb3-anos-de-garantia.jpg\" \/>\n\t<meta property=\"og:image:width\" content=\"200\" \/>\n\t<meta property=\"og:image:height\" content=\"200\" \/>\n\t<meta property=\"og:image:type\" content=\"image\/jpeg\" \/>\n<meta name=\"twitter:card\" content=\"summary_large_image\" \/>\n<meta name=\"twitter:label1\" content=\"Precio\" \/>\n\t<meta name=\"twitter:data1\" content=\"&#36;1,822 con IVA\" \/>\n\t<meta name=\"twitter:label2\" content=\"Availability\" \/>\n\t<meta name=\"twitter:data2\" content=\"In stock\" \/>\n<script type=\"application\/ld+json\" class=\"yoast-schema-graph\">{\"@context\":\"https:\/\/schema.org\",\"@graph\":[{\"@type\":\"WebPage\",\"@id\":\"https:\/\/compuviper.mx\/tienda\/producto\/tripp-lite-internet350u10037332210972internet350u-internet350u-ups-standby-350va-210w-ultra-compacto-usb-6-contactos-nema-5-15r-120v-50hz-60hz-usb3-aos-de-garantia\/\",\"url\":\"https:\/\/compuviper.mx\/tienda\/producto\/tripp-lite-internet350u10037332210972internet350u-internet350u-ups-standby-350va-210w-ultra-compacto-usb-6-contactos-nema-5-15r-120v-50hz-60hz-usb3-aos-de-garantia\/\",\"name\":\"[ Tripp-lite ] &#129351; Internet350u,10037332210972,internet350u Internet350u Ups Standby 350va\/210w, Ultra Compacto, Usb, 6 Contactos - Nema 5-15r, 120v, 50hz \/ 60hz, Usb,3 A\u00f1os De Garantia.\",\"isPartOf\":{\"@id\":\"https:\/\/compuviper.mx\/tienda\/#website\"},\"datePublished\":\"2026-04-22T06:28:09+00:00\",\"dateModified\":\"2026-04-22T06:28:09+00:00\",\"description\":\"Compra Internet350u,10037332210972,internet350u Internet350u Ups Standby 350va\/210w, Ultra Compacto, Usb, 6 Contactos - Nema 5-15r, 120v, 50hz \/ 60hz, Usb,3 A\u00f1os De Garantia. + Env\u00edo a domicilio + Pago seguro + Garant\u00eda\",\"breadcrumb\":{\"@id\":\"https:\/\/compuviper.mx\/tienda\/producto\/tripp-lite-internet350u10037332210972internet350u-internet350u-ups-standby-350va-210w-ultra-compacto-usb-6-contactos-nema-5-15r-120v-50hz-60hz-usb3-aos-de-garantia\/#breadcrumb\"},\"inLanguage\":\"es-MX\",\"potentialAction\":[{\"@type\":\"ReadAction\",\"target\":[\"https:\/\/compuviper.mx\/tienda\/producto\/tripp-lite-internet350u10037332210972internet350u-internet350u-ups-standby-350va-210w-ultra-compacto-usb-6-contactos-nema-5-15r-120v-50hz-60hz-usb3-aos-de-garantia\/\"]}]},{\"@type\":\"BreadcrumbList\",\"@id\":\"https:\/\/compuviper.mx\/tienda\/producto\/tripp-lite-internet350u10037332210972internet350u-internet350u-ups-standby-350va-210w-ultra-compacto-usb-6-contactos-nema-5-15r-120v-50hz-60hz-usb3-aos-de-garantia\/#breadcrumb\",\"itemListElement\":[{\"@type\":\"ListItem\",\"position\":1,\"name\":\"Inicio\",\"item\":\"https:\/\/compuviper.mx\/tienda\/\"},{\"@type\":\"ListItem\",\"position\":2,\"name\":\"Productos\",\"item\":\"https:\/\/compuviper.mx\/tienda\/productos\/\"},{\"@type\":\"ListItem\",\"position\":3,\"name\":\"Energia\",\"item\":\"https:\/\/compuviper.mx\/tienda\/categoria-producto\/energia\/\"},{\"@type\":\"ListItem\",\"position\":4,\"name\":\"No Break\",\"item\":\"https:\/\/compuviper.mx\/tienda\/categoria-producto\/energia\/no-break\/\"},{\"@type\":\"ListItem\",\"position\":5,\"name\":\"Tripp-lite Internet350u,10037332210972,internet350u Internet350u Ups Standby 350va\/210w, Ultra Compacto, Usb, 6 Contactos &#8211; Nema 5-15r, 120v, 50hz \/ 60hz, Usb,3 A?os De Garantia.\"}]},{\"@type\":\"WebSite\",\"@id\":\"https:\/\/compuviper.mx\/tienda\/#website\",\"url\":\"https:\/\/compuviper.mx\/tienda\/\",\"name\":\"Compuviper\",\"description\":\"Proveedor de Computadoras, Laptops, Servidores, Monitores, Puntos de Venta, Teclados,   Impresoras, T\u00f3ner, C\u00e1maras de Seguridad y m\u00e1s en tu tienda en l\u00ednea\",\"publisher\":{\"@id\":\"https:\/\/compuviper.mx\/tienda\/#organization\"},\"potentialAction\":[{\"@type\":\"SearchAction\",\"target\":{\"@type\":\"EntryPoint\",\"urlTemplate\":\"https:\/\/compuviper.mx\/tienda\/?s={search_term_string}\"},\"query-input\":\"required name=search_term_string\"}],\"inLanguage\":\"es-MX\"},{\"@type\":\"Organization\",\"@id\":\"https:\/\/compuviper.mx\/tienda\/#organization\",\"name\":\"Compuviper\",\"url\":\"https:\/\/compuviper.mx\/tienda\/\",\"logo\":{\"@type\":\"ImageObject\",\"inLanguage\":\"es-MX\",\"@id\":\"https:\/\/compuviper.mx\/tienda\/#\/schema\/logo\/image\/\",\"url\":\"https:\/\/compuviper.mx\/tienda\/wp-content\/uploads\/2021\/08\/Logo-Compuviper-10.png\",\"contentUrl\":\"https:\/\/compuviper.mx\/tienda\/wp-content\/uploads\/2021\/08\/Logo-Compuviper-10.png\",\"width\":1000,\"height\":500,\"caption\":\"Compuviper\"},\"image\":{\"@id\":\"https:\/\/compuviper.mx\/tienda\/#\/schema\/logo\/image\/\"},\"sameAs\":[\"https:\/\/www.facebook.com\/compuviper\",\"https:\/\/www.youtube.com\/channel\/UCf73dERp9Y3cfOq7q8BhLjA?view_as=subscriber\"]}]}<\/script>\n<meta property=\"product:brand\" content=\"TRIPP-LITE\" \/>\n<meta property=\"product:price:amount\" content=\"1822\" \/>\n<meta property=\"product:price:currency\" content=\"MXN\" \/>\n<meta property=\"og:availability\" content=\"instock\" \/>\n<meta property=\"product:availability\" content=\"instock\" \/>\n<meta property=\"product:retailer_item_id\" content=\"INTERNET350U,10037332210972,internet350u\" \/>\n<meta property=\"product:condition\" content=\"new\" \/>\n<!-- \/ Yoast SEO plugin. -->","yoast_head_json":{"title":"[ Tripp-lite ] &#129351; Internet350u,10037332210972,internet350u Internet350u Ups Standby 350va\/210w, Ultra Compacto, Usb, 6 Contactos - Nema 5-15r, 120v, 50hz \/ 60hz, Usb,3 A\u00f1os De Garantia.","description":"Compra Internet350u,10037332210972,internet350u Internet350u Ups Standby 350va\/210w, Ultra Compacto, Usb, 6 Contactos - Nema 5-15r, 120v, 50hz \/ 60hz, Usb,3 A\u00f1os De Garantia. + Env\u00edo a domicilio + Pago seguro + Garant\u00eda","robots":{"index":"index","follow":"follow","max-snippet":"max-snippet:-1","max-image-preview":"max-image-preview:large","max-video-preview":"max-video-preview:-1"},"canonical":"https:\/\/compuviper.mx\/tienda\/producto\/tripp-lite-internet350u10037332210972internet350u-internet350u-ups-standby-350va-210w-ultra-compacto-usb-6-contactos-nema-5-15r-120v-50hz-60hz-usb3-aos-de-garantia\/","og_locale":"es_MX","og_type":"article","og_title":"[ Tripp-lite ] &#129351; Internet350u,10037332210972,internet350u Internet350u Ups Standby 350va\/210w, Ultra Compacto, Usb, 6 Contactos - Nema 5-15r, 120v, 50hz \/ 60hz, Usb,3 A\u00f1os De Garantia.","og_description":"Compra Internet350u,10037332210972,internet350u Internet350u Ups Standby 350va\/210w, Ultra Compacto, Usb, 6 Contactos - Nema 5-15r, 120v, 50hz \/ 60hz, Usb,3 A\u00f1os De Garantia. + Env\u00edo a domicilio + Pago seguro + Garant\u00eda","og_url":"https:\/\/compuviper.mx\/tienda\/producto\/tripp-lite-internet350u10037332210972internet350u-internet350u-ups-standby-350va-210w-ultra-compacto-usb-6-contactos-nema-5-15r-120v-50hz-60hz-usb3-aos-de-garantia\/","og_site_name":"Compuviper","article_publisher":"https:\/\/www.facebook.com\/compuviper","og_image":[{"width":200,"height":200,"url":"https:\/\/compuviper.mx\/tienda\/wp-content\/uploads\/2023\/12\/Internet350u-ups-tripp-lite-standby-350va210w-ultra-compacto-usb-6-contactos-nema-5-15r-120v-50hz-60hz-usb3-anos-de-garantia.jpg","type":"image\/jpeg"}],"twitter_card":"summary_large_image","twitter_misc":{"Precio":"&#36;1,822 con IVA","Availability":"In stock"},"schema":{"@context":"https:\/\/schema.org","@graph":[{"@type":"WebPage","@id":"https:\/\/compuviper.mx\/tienda\/producto\/tripp-lite-internet350u10037332210972internet350u-internet350u-ups-standby-350va-210w-ultra-compacto-usb-6-contactos-nema-5-15r-120v-50hz-60hz-usb3-aos-de-garantia\/","url":"https:\/\/compuviper.mx\/tienda\/producto\/tripp-lite-internet350u10037332210972internet350u-internet350u-ups-standby-350va-210w-ultra-compacto-usb-6-contactos-nema-5-15r-120v-50hz-60hz-usb3-aos-de-garantia\/","name":"[ Tripp-lite ] &#129351; Internet350u,10037332210972,internet350u Internet350u Ups Standby 350va\/210w, Ultra Compacto, Usb, 6 Contactos - Nema 5-15r, 120v, 50hz \/ 60hz, Usb,3 A\u00f1os De Garantia.","isPartOf":{"@id":"https:\/\/compuviper.mx\/tienda\/#website"},"datePublished":"2026-04-22T06:28:09+00:00","dateModified":"2026-04-22T06:28:09+00:00","description":"Compra Internet350u,10037332210972,internet350u Internet350u Ups Standby 350va\/210w, Ultra Compacto, Usb, 6 Contactos - Nema 5-15r, 120v, 50hz \/ 60hz, Usb,3 A\u00f1os De Garantia. + Env\u00edo a domicilio + Pago seguro + Garant\u00eda","breadcrumb":{"@id":"https:\/\/compuviper.mx\/tienda\/producto\/tripp-lite-internet350u10037332210972internet350u-internet350u-ups-standby-350va-210w-ultra-compacto-usb-6-contactos-nema-5-15r-120v-50hz-60hz-usb3-aos-de-garantia\/#breadcrumb"},"inLanguage":"es-MX","potentialAction":[{"@type":"ReadAction","target":["https:\/\/compuviper.mx\/tienda\/producto\/tripp-lite-internet350u10037332210972internet350u-internet350u-ups-standby-350va-210w-ultra-compacto-usb-6-contactos-nema-5-15r-120v-50hz-60hz-usb3-aos-de-garantia\/"]}]},{"@type":"BreadcrumbList","@id":"https:\/\/compuviper.mx\/tienda\/producto\/tripp-lite-internet350u10037332210972internet350u-internet350u-ups-standby-350va-210w-ultra-compacto-usb-6-contactos-nema-5-15r-120v-50hz-60hz-usb3-aos-de-garantia\/#breadcrumb","itemListElement":[{"@type":"ListItem","position":1,"name":"Inicio","item":"https:\/\/compuviper.mx\/tienda\/"},{"@type":"ListItem","position":2,"name":"Productos","item":"https:\/\/compuviper.mx\/tienda\/productos\/"},{"@type":"ListItem","position":3,"name":"Energia","item":"https:\/\/compuviper.mx\/tienda\/categoria-producto\/energia\/"},{"@type":"ListItem","position":4,"name":"No Break","item":"https:\/\/compuviper.mx\/tienda\/categoria-producto\/energia\/no-break\/"},{"@type":"ListItem","position":5,"name":"Tripp-lite Internet350u,10037332210972,internet350u Internet350u Ups Standby 350va\/210w, Ultra Compacto, Usb, 6 Contactos &#8211; Nema 5-15r, 120v, 50hz \/ 60hz, Usb,3 A?os De Garantia."}]},{"@type":"WebSite","@id":"https:\/\/compuviper.mx\/tienda\/#website","url":"https:\/\/compuviper.mx\/tienda\/","name":"Compuviper","description":"Proveedor de Computadoras, Laptops, Servidores, Monitores, Puntos de Venta, Teclados,   Impresoras, T\u00f3ner, C\u00e1maras de Seguridad y m\u00e1s en tu tienda en l\u00ednea","publisher":{"@id":"https:\/\/compuviper.mx\/tienda\/#organization"},"potentialAction":[{"@type":"SearchAction","target":{"@type":"EntryPoint","urlTemplate":"https:\/\/compuviper.mx\/tienda\/?s={search_term_string}"},"query-input":"required name=search_term_string"}],"inLanguage":"es-MX"},{"@type":"Organization","@id":"https:\/\/compuviper.mx\/tienda\/#organization","name":"Compuviper","url":"https:\/\/compuviper.mx\/tienda\/","logo":{"@type":"ImageObject","inLanguage":"es-MX","@id":"https:\/\/compuviper.mx\/tienda\/#\/schema\/logo\/image\/","url":"https:\/\/compuviper.mx\/tienda\/wp-content\/uploads\/2021\/08\/Logo-Compuviper-10.png","contentUrl":"https:\/\/compuviper.mx\/tienda\/wp-content\/uploads\/2021\/08\/Logo-Compuviper-10.png","width":1000,"height":500,"caption":"Compuviper"},"image":{"@id":"https:\/\/compuviper.mx\/tienda\/#\/schema\/logo\/image\/"},"sameAs":["https:\/\/www.facebook.com\/compuviper","https:\/\/www.youtube.com\/channel\/UCf73dERp9Y3cfOq7q8BhLjA?view_as=subscriber"]}]},"product_brand":"TRIPP-LITE","product_price_amount":"1822","product_price_currency":"MXN","og_availability":"instock","product_availability":"instock","product_retailer_item_id":"INTERNET350U,10037332210972,internet350u","product_condition":"new"},"_links":{"self":[{"href":"https:\/\/compuviper.mx\/tienda\/wp-json\/wp\/v2\/product\/217964"}],"collection":[{"href":"https:\/\/compuviper.mx\/tienda\/wp-json\/wp\/v2\/product"}],"about":[{"href":"https:\/\/compuviper.mx\/tienda\/wp-json\/wp\/v2\/types\/product"}],"replies":[{"embeddable":true,"href":"https:\/\/compuviper.mx\/tienda\/wp-json\/wp\/v2\/comments?post=217964"}],"wp:featuredmedia":[{"embeddable":true,"href":"https:\/\/compuviper.mx\/tienda\/wp-json\/wp\/v2\/media\/217965"}],"wp:attachment":[{"href":"https:\/\/compuviper.mx\/tienda\/wp-json\/wp\/v2\/media?parent=217964"}],"wp:term":[{"taxonomy":"product_cat","embeddable":true,"href":"https:\/\/compuviper.mx\/tienda\/wp-json\/wp\/v2\/product_cat?post=217964"},{"taxonomy":"product_tag","embeddable":true,"href":"https:\/\/compuviper.mx\/tienda\/wp-json\/wp\/v2\/product_tag?post=217964"}],"curies":[{"name":"wp","href":"https:\/\/api.w.org\/{rel}","templated":true}]}}